{"id":1092,"date":"2022-09-29T09:22:17","date_gmt":"2022-09-29T09:22:17","guid":{"rendered":"https:\/\/swforming.com\/?post_type=product&#038;p=1092"},"modified":"2023-06-21T06:52:35","modified_gmt":"2023-06-21T06:52:35","slug":"ridge-cap-roll-forming-machine-2","status":"publish","type":"product","link":"https:\/\/swforming.com\/fr\/product\/ridge-cap-roll-forming-machine-2\/","title":{"rendered":"Machine de formage de rouleaux Ridge Cap"},"content":{"rendered":"<h3>Profil du groupe<\/h3>\n<p><img fetchpriority=\"high\" decoding=\"async\" class=\"alignnone wp-image-901 size-full\" src=\"https:\/\/swforming.com\/wp-content\/uploads\/2022\/09\/Panel-profile.jpg\" alt=\"Machine de formage de rouleaux Ridge Cap\" width=\"800\" height=\"600\" title=\"\" srcset=\"https:\/\/swforming.com\/wp-content\/uploads\/2022\/09\/Panel-profile.jpg 800w, https:\/\/swforming.com\/wp-content\/uploads\/2022\/09\/Panel-profile-600x450.jpg 600w, https:\/\/swforming.com\/wp-content\/uploads\/2022\/09\/Panel-profile-300x225.jpg 300w, https:\/\/swforming.com\/wp-content\/uploads\/2022\/09\/Panel-profile-768x576.jpg 768w\" sizes=\"(max-width: 800px) 100vw, 800px\" \/><\/p>\n<h3>Profileuse pour fa\u00eeti\u00e8res Param\u00e8tres techniques<\/h3>\n<ol>\n<li>Metaldecoiler\uff1amanual expanding\uff0cpassive uncoil, inner Dia. 508mm<\/li>\n<li>Capacit\u00e9 de poids de la d\u00e9rouleuse : 3T<\/li>\n<li>support de machine : acier soud\u00e9 de forme \"\u5de5\".<\/li>\n<li>type de machine de formage\uff1atype de panneau avec transmission par cha\u00eene<\/li>\n<li>diam\u00e8tre de l'arbre : \uffe075\u339c<\/li>\n<li>cha\u00eene:16A<\/li>\n<li>Puissance du moteur de la machine \u00e0 former\uff1a5 KW<\/li>\n<li>moteur de la station hydraulique\uff1a3KW<\/li>\n<li>vitesse de formage\uff1a10-15 m\/min<\/li>\n<li>station de roulage\uff1a13stations<\/li>\n<li>mat\u00e9riau du rouleau\uff1a acier de haute qualit\u00e9 45\uff03.<\/li>\n<li>surface du rouleau rev\u00eatue de chrome d'une \u00e9paisseur de 0,05 mm<\/li>\n<li>type de coupe\uff1ahydraulique<\/li>\n<li>mat\u00e9riau de la lame de coupe\uff1aCr12mould steel<\/li>\n<li>Traitement thermique de la lame de coupe : HRC58\u00b0-60\u00b0.<\/li>\n<li>\u00e9paisseur de la bobine d'acier\uff1a3-0.8mm<\/li>\n<li>tol\u00e9rance de longueur\uff1a10\u00b12mm<\/li>\n<li>transducteur : Japon YASKAWA<\/li>\n<li>l'ordinateur adopte l'automate Panasonic<\/li>\n<li>le tableau de commande de l'ordinateur adopte un \u00e9cran tactile<\/li>\n<li>Tension : 380V triphas\u00e9 50HZ ou \u00e0 la demande de l'acheteur<\/li>\n<\/ol>\n<h3>Machine \u00e0 former les coiffes Processus technique<\/h3>\n<p>D\u00e9rouleur manuel\u2192 alimentation avec guide\u2192 profilage\u2192 coupe \u00e0 longueur fixe\u2192 sortie avec table<\/p>\n<p><strong>Organigramme<\/strong><\/p>\n<p><img decoding=\"async\" class=\"alignnone size-full wp-image-903\" src=\"https:\/\/swforming.com\/wp-content\/uploads\/2022\/09\/0b402198-b876-4f86-a6b6-a24aeff4f3c4.jpg\" alt=\"\" width=\"800\" height=\"173\" title=\"\" srcset=\"https:\/\/swforming.com\/wp-content\/uploads\/2022\/09\/0b402198-b876-4f86-a6b6-a24aeff4f3c4.jpg 800w, https:\/\/swforming.com\/wp-content\/uploads\/2022\/09\/0b402198-b876-4f86-a6b6-a24aeff4f3c4-600x130.jpg 600w, https:\/\/swforming.com\/wp-content\/uploads\/2022\/09\/0b402198-b876-4f86-a6b6-a24aeff4f3c4-300x65.jpg 300w, https:\/\/swforming.com\/wp-content\/uploads\/2022\/09\/0b402198-b876-4f86-a6b6-a24aeff4f3c4-768x166.jpg 768w\" sizes=\"(max-width: 800px) 100vw, 800px\" \/><\/p>\n<p><img decoding=\"async\" class=\"alignnone wp-image-904 size-full\" src=\"https:\/\/swforming.com\/wp-content\/uploads\/2022\/09\/f5da1f78-3154-47aa-a4bc-bb1aa01602ab.jpg\" alt=\"Machine de formage de rouleaux Ridge Cap\" width=\"800\" height=\"450\" title=\"\" srcset=\"https:\/\/swforming.com\/wp-content\/uploads\/2022\/09\/f5da1f78-3154-47aa-a4bc-bb1aa01602ab.jpg 800w, https:\/\/swforming.com\/wp-content\/uploads\/2022\/09\/f5da1f78-3154-47aa-a4bc-bb1aa01602ab-600x338.jpg 600w, https:\/\/swforming.com\/wp-content\/uploads\/2022\/09\/f5da1f78-3154-47aa-a4bc-bb1aa01602ab-300x169.jpg 300w, https:\/\/swforming.com\/wp-content\/uploads\/2022\/09\/f5da1f78-3154-47aa-a4bc-bb1aa01602ab-768x432.jpg 768w\" sizes=\"(max-width: 800px) 100vw, 800px\" \/><\/p>\n<h3>\u00c9quipement<\/h3>\n<p>D\u00e9rouleur manuel\u3001main machine de formage\u3001dispositif de coupe hydraulique\u3001station hydraulique\u3001contr\u00f4le par ordinateurPLC\u3001table de sortie<\/p>\n<p><strong>Le moment de la production :\u00a0<\/strong>30-35 jours apr\u00e8s le d\u00e9p\u00f4t<\/p>\n<h3>Qu'est-ce qu'une profileuse pour tuiles fa\u00eeti\u00e8res ?<\/h3>\n<p>Une profileuse de tuiles fa\u00eeti\u00e8res est un \u00e9quipement sp\u00e9cialis\u00e9 utilis\u00e9 dans l'industrie de la construction pour fabriquer des tuiles fa\u00eeti\u00e8res. Les tuiles fa\u00eeti\u00e8res sont couramment utilis\u00e9es dans les syst\u00e8mes de couverture pour couvrir le fa\u00eetage ou le sommet d'un toit, \u00e0 la jonction de deux versants inclin\u00e9s.<\/p>\n<p>La profileuse est con\u00e7ue pour produire des tuiles fa\u00eeti\u00e8res en continu. Elle se compose g\u00e9n\u00e9ralement d'une s\u00e9rie de rouleaux et d'outils qui fa\u00e7onnent le m\u00e9tal ou un autre mat\u00e9riau selon le profil souhait\u00e9. La machine prend des feuilles plates ou des bobines de mat\u00e9riau et les fait passer par une s\u00e9rie de stations de laminage, o\u00f9 le mat\u00e9riau est progressivement form\u00e9 pour obtenir la forme de la tuile fa\u00eeti\u00e8re.<\/p>\n<p>Le processus de profilage consiste \u00e0 plier le mat\u00e9riau le long d'une s\u00e9rie de rouleaux de forme progressive, qui transforment graduellement le mat\u00e9riau plat en profil final de tuile fa\u00eeti\u00e8re. La machine peut \u00e9galement incorporer des op\u00e9rations suppl\u00e9mentaires, telles que le d\u00e9coupage, le poin\u00e7onnage et le gaufrage, afin de cr\u00e9er des caract\u00e9ristiques ou des dessins sp\u00e9cifiques sur les tuiles fa\u00eeti\u00e8res.<\/p>\n<p>La profileuse pour tuiles fa\u00eeti\u00e8res est tr\u00e8s efficace et permet la production rapide et pr\u00e9cise de tuiles fa\u00eeti\u00e8res en grandes quantit\u00e9s. Elle est souvent utilis\u00e9e par les fabricants de mat\u00e9riaux de couverture ou les entrepreneurs pour produire des tuiles fa\u00eeti\u00e8res pour divers projets de construction.<\/p>\n<h3>application de la profileuse pour fa\u00eetage de toiture<\/h3>\n<p>La profileuse pour fa\u00eeti\u00e8res est principalement utilis\u00e9e pour la fabrication de fa\u00eeti\u00e8res, qui remplissent une fonction essentielle dans les syst\u00e8mes de couverture. Les tuiles fa\u00eeti\u00e8res sont install\u00e9es le long des cr\u00eates ou des sommets d'un toit afin de fournir une couverture protectrice et de rehausser l'attrait esth\u00e9tique de la structure. Voici quelques applications de la profileuse pour fa\u00eeti\u00e8res de toit :<\/p>\n<ol>\n<li>Toiture r\u00e9sidentielle : La machine est largement utilis\u00e9e dans la production de tuiles fa\u00eeti\u00e8res pour les b\u00e2timents r\u00e9sidentiels, y compris les maisons, les appartements et les condominiums. Elle permet de fabriquer des fa\u00eeti\u00e8res qui s'harmonisent avec le style et la conception du syst\u00e8me de couverture, ce qui donne un aspect fini \u00e0 la toiture.<\/li>\n<li>Toitures commerciales et industrielles : La profileuse est \u00e9galement utilis\u00e9e dans la production de tuiles fa\u00eeti\u00e8res pour les b\u00e2timents commerciaux et industriels, tels que les bureaux, les usines, les entrep\u00f4ts et les centres commerciaux. Ces structures n\u00e9cessitent souvent des tuiles fa\u00eeti\u00e8res personnalis\u00e9es pour r\u00e9pondre \u00e0 des exigences de conception sp\u00e9cifiques.<\/li>\n<li>Fabrication de mat\u00e9riaux de couverture : Les fabricants de mat\u00e9riaux de couverture utilisent la profileuse pour fa\u00eeti\u00e8res pour produire des tuiles fa\u00eeti\u00e8res dans le cadre de leur gamme de produits. Ils peuvent proposer une large gamme de profils de fa\u00eetage, de mat\u00e9riaux et de finitions pour r\u00e9pondre aux divers besoins du march\u00e9.<\/li>\n<li>Les entreprises de couverture : Les entreprises de couverture utilisent la machine pour fabriquer des tuiles de fa\u00eetage dans le cadre de leurs projets d'installation. Elle leur permet de produire des fa\u00eeti\u00e8res sur place ou de les acheter \u00e0 des fabricants, ce qui garantit un ajustement pr\u00e9cis et une qualit\u00e9 constante pour le syst\u00e8me de couverture.<\/li>\n<li>R\u00e9novations et r\u00e9parations de toitures : Lors de la r\u00e9novation ou de la r\u00e9paration d'une toiture, la profileuse de fa\u00eetage peut \u00eatre utilis\u00e9e pour fabriquer des tuiles de fa\u00eetage de remplacement assorties aux tuiles existantes. Cela permet de pr\u00e9server l'harmonie visuelle de la toiture tout en assurant une protection ad\u00e9quate contre les intemp\u00e9ries.<\/li>\n<\/ol>\n<p>Dans l'ensemble, la profileuse pour fa\u00eeti\u00e8res de toits trouve une application \u00e0 la fois dans les \u00e9tapes de fabrication et d'installation des projets de toiture, permettant une production, une personnalisation et un entretien efficaces des tuiles de fa\u00eetage pour divers types de b\u00e2timents.<\/p>\n<p>&nbsp;<\/p>","protected":false},"excerpt":{"rendered":"<p>Panel Profile Ridge Cap roll forming machine Technical Parameter Metaldecoiler\uff1amanual\u00a0expanding\uff0cpassive\u00a0uncoil, inner Dia. 508mm weight capacity of decoiler:3T machine stand: welded \u201c\u5de5\u201d shape steel type of forming machine\uff1awallboard type with chain transmission diameter of shaft: \uffe075\u339c chain:16A motor power of forming machine\uff1a5 KW motor of hydraulic station\uff1a3KW forming speed\uff1a10-15 m\/min roll station\uff1a13stations material of roller\uff1a high-grade [&hellip;]<\/p>\n","protected":false},"featured_media":1095,"comment_status":"open","ping_status":"closed","template":"","meta":{"_acf_changed":false},"product_brand":[],"product_cat":[45,83],"product_tag":[],"class_list":{"0":"post-1092","1":"product","2":"type-product","3":"status-publish","4":"has-post-thumbnail","6":"product_cat-metal-wall-roofing","7":"product_cat-ridge-cap-roll-forming-machine","9":"first","10":"instock","11":"shipping-taxable","12":"product-type-simple"},"acf":[],"_links":{"self":[{"href":"https:\/\/swforming.com\/fr\/wp-json\/wp\/v2\/product\/1092","targetHints":{"allow":["GET"]}}],"collection":[{"href":"https:\/\/swforming.com\/fr\/wp-json\/wp\/v2\/product"}],"about":[{"href":"https:\/\/swforming.com\/fr\/wp-json\/wp\/v2\/types\/product"}],"replies":[{"embeddable":true,"href":"https:\/\/swforming.com\/fr\/wp-json\/wp\/v2\/comments?post=1092"}],"version-history":[{"count":3,"href":"https:\/\/swforming.com\/fr\/wp-json\/wp\/v2\/product\/1092\/revisions"}],"predecessor-version":[{"id":3296,"href":"https:\/\/swforming.com\/fr\/wp-json\/wp\/v2\/product\/1092\/revisions\/3296"}],"wp:featuredmedia":[{"embeddable":true,"href":"https:\/\/swforming.com\/fr\/wp-json\/wp\/v2\/media\/1095"}],"wp:attachment":[{"href":"https:\/\/swforming.com\/fr\/wp-json\/wp\/v2\/media?parent=1092"}],"wp:term":[{"taxonomy":"product_brand","embeddable":true,"href":"https:\/\/swforming.com\/fr\/wp-json\/wp\/v2\/product_brand?post=1092"},{"taxonomy":"product_cat","embeddable":true,"href":"https:\/\/swforming.com\/fr\/wp-json\/wp\/v2\/product_cat?post=1092"},{"taxonomy":"product_tag","embeddable":true,"href":"https:\/\/swforming.com\/fr\/wp-json\/wp\/v2\/product_tag?post=1092"}],"curies":[{"name":"wp","href":"https:\/\/api.w.org\/{rel}","templated":true}]}}