{"id":1086,"date":"2022-09-29T09:17:36","date_gmt":"2022-09-29T09:17:36","guid":{"rendered":"https:\/\/swforming.com\/?post_type=product&#038;p=1086"},"modified":"2023-06-20T06:59:45","modified_gmt":"2023-06-20T06:59:45","slug":"omega-purlin-roll-forming-machine","status":"publish","type":"product","link":"https:\/\/swforming.com\/fr\/product\/omega-purlin-roll-forming-machine\/","title":{"rendered":"Rouleau de panne Omega formant la machine"},"content":{"rendered":"<h3>Caract\u00e9ristiques de la machine<\/h3>\n<p>Nous pouvons \u00e9galement fournir des profileuses pour profil\u00e9s de section M (\u00e9galement appel\u00e9s Omega) et d'autres profil\u00e9s comme le profil\u00e9 E.<\/p>\n<h3>Applications de la profileuse de pannes Omega<\/h3>\n<p>Les produits finis sont largement utilis\u00e9s comme support de toit et de mur dans la construction \u00e0 grande et moyenne \u00e9chelle, telle que l&#039;usine, l&#039;entrep\u00f4t, le garage, le centre d&#039;exposition, le cin\u00e9ma, le th\u00e9\u00e2tre, le jardin, etc.<\/p>\n<h3>Flux de processus<\/h3>\n<p>D\u00e9rouleur - Alimentation - Redressage - Pr\u00e9-poin\u00e7onnage - Formage de rouleaux - D\u00e9coupe - Rack de sortie<\/p>\n<h3>Configurations des machines<\/h3>\n<div>\n<table>\n<tbody>\n<tr>\n<td data-sheets-value=\"{&quot;1&quot;:2,&quot;2&quot;:&quot;1. 3T \u00d7 500mm Hydraulic Uncoiler&quot;}\">1. D\u00e9rouleur hydraulique 3T \u00d7 500mm<\/td>\n<td data-sheets-value=\"{&quot;1&quot;:2,&quot;2&quot;:&quot;2. Feeding Device&quot;}\">\n<div>\n<div>2. Dispositif d&#039;alimentation<\/div>\n<\/div>\n<\/td>\n<\/tr>\n<tr>\n<td data-sheets-value=\"{&quot;1&quot;:2,&quot;2&quot;:&quot;3. Straightening&quot;}\">3. Lissage<\/td>\n<td data-sheets-value=\"{&quot;1&quot;:2,&quot;2&quot;:&quot;4. Pre-punching Device&quot;}\">\n<div>\n<div>4. Dispositif de pr\u00e9-poin\u00e7onnage<\/div>\n<\/div>\n<\/td>\n<\/tr>\n<tr>\n<td data-sheets-value=\"{&quot;1&quot;:2,&quot;2&quot;:&quot;5. Roll Forming Machine&quot;}\">5. Machine \u00e0 former des rouleaux<\/td>\n<td data-sheets-value=\"{&quot;1&quot;:2,&quot;2&quot;:&quot;6. Hydraulic Cutting Machine&quot;}\">6. Machine de coupe hydraulique<\/td>\n<\/tr>\n<tr>\n<td data-sheets-value=\"{&quot;1&quot;:2,&quot;2&quot;:&quot;7. PLC Control System&quot;}\">7. Syst\u00e8me de contr\u00f4le par API<\/td>\n<td data-sheets-value=\"{&quot;1&quot;:2,&quot;2&quot;:&quot;8. Exit Rack&quot;}\">8. Rack de sortie<\/td>\n<\/tr>\n<\/tbody>\n<\/table>\n<h3>Qu'est-ce qu'une profileuse \u00e0 profil om\u00e9ga ?<\/h3>\n<p>Une profileuse pour profil\u00e9s om\u00e9ga est un \u00e9quipement industriel sp\u00e9cialis\u00e9 utilis\u00e9 pour la production de profil\u00e9s om\u00e9ga par le biais d'un processus appel\u00e9 profilage. Les profil\u00e9s om\u00e9ga, \u00e9galement connus sous le nom de canaux om\u00e9ga ou de sections om\u00e9ga, sont couramment utilis\u00e9s dans diverses industries, telles que la construction, l'automobile et les syst\u00e8mes d'\u00e9tag\u00e8res.<\/p>\n<p>Le processus de profilage consiste \u00e0 faire passer une bande continue de m\u00e9tal (g\u00e9n\u00e9ralement de l'acier ou de l'aluminium) \u00e0 travers une s\u00e9rie de rouleaux qui fa\u00e7onnent progressivement le mat\u00e9riau pour obtenir le profil om\u00e9ga souhait\u00e9. La machine se compose g\u00e9n\u00e9ralement d'une s\u00e9rie de galets r\u00e9glables, de m\u00e9canismes de coupe et de syst\u00e8mes de contr\u00f4le.<\/p>\n<p>La profileuse pour profil\u00e9s om\u00e9ga peut \u00eatre personnalis\u00e9e pour produire des profil\u00e9s om\u00e9ga de diff\u00e9rentes tailles, dimensions et configurations en fonction des exigences sp\u00e9cifiques de l'application. La machine permet une production efficace et en grande quantit\u00e9 de profil\u00e9s om\u00e9ga avec une qualit\u00e9 et une pr\u00e9cision constantes.<\/p>\n<p>Les profil\u00e9s om\u00e9ga sont souvent utilis\u00e9s pour des applications structurelles o\u00f9 la r\u00e9sistance, la rigidit\u00e9 et les capacit\u00e9s de charge sont cruciales. Ils sont con\u00e7us avec une forme caract\u00e9ristique en \"om\u00e9ga\" ou en \"U\", avec des brides des deux c\u00f4t\u00e9s et une \u00e2me centrale reliant les brides. Ces profil\u00e9s offrent un excellent support, une grande stabilit\u00e9 et une r\u00e9sistance \u00e0 la flexion ou \u00e0 la d\u00e9formation.<\/p>\n<p>En r\u00e9sum\u00e9, une profileuse pour profil\u00e9s om\u00e9ga est un \u00e9quipement de fabrication sp\u00e9cialis\u00e9 utilis\u00e9 pour la production efficace et pr\u00e9cise de profil\u00e9s om\u00e9ga, qui sont largement utilis\u00e9s dans diverses industries pour leurs propri\u00e9t\u00e9s structurelles et leur polyvalence.<\/p>\n<h3>5 meilleurs fabricants de profileuses pour pannes en Chine<\/h3>\n<ol>\n<li>Hangzhou Roll Forming Technology Co. Ltd.<\/li>\n<li>Cangzhou Zhongde Machinery Co, Ltd.<\/li>\n<li>Liming Stamping Form Machine Co.<\/li>\n<li>Xiamen Bogong Machinery Manufacturing Co. Ltd.<\/li>\n<li>Shanghai Zhanzhi Industrial Group Co, Ltd.<\/li>\n<\/ol>\n<h3>prix de la machine \u00e0 former les pannes pour la vente<\/h3>\n<p>En tant que mod\u00e8le linguistique d'IA, je ne dispose pas d'informations en temps r\u00e9el sur les prix de produits sp\u00e9cifiques, car ils peuvent varier en fonction de divers facteurs tels que le lieu, le fabricant, les sp\u00e9cifications et les conditions du march\u00e9. Toutefois, je peux vous fournir des informations g\u00e9n\u00e9rales sur les profileuses pour pannes.<\/p>\n<p>Les profileuses pour pannes sont utilis\u00e9es pour produire des pannes, qui sont des \u00e9l\u00e9ments structurels g\u00e9n\u00e9ralement utilis\u00e9s dans la construction de toits et de murs. Le prix d'une profileuse pour pannes peut d\u00e9pendre de facteurs tels que sa taille, sa capacit\u00e9, ses caract\u00e9ristiques et le fabricant ou le fournisseur.<\/p>\n<p>Pour obtenir un prix pr\u00e9cis pour une profileuse de pannes, je vous recommande de contacter les fabricants, fournisseurs ou distributeurs locaux sp\u00e9cialis\u00e9s dans les machines de profilage. Ils pourront vous fournir les informations les plus r\u00e9centes sur les prix en fonction de vos besoins sp\u00e9cifiques.<\/p>\n<p>Vous pouvez \u00e9galement effectuer des recherches sur les march\u00e9s de machines industrielles en ligne ou consulter des professionnels de l'industrie pour vous faire une id\u00e9e de la fourchette de prix des profileuses de pannes. En outre, tenez compte de facteurs tels que la garantie, le service apr\u00e8s-vente et les commentaires des clients avant de prendre votre d\u00e9cision d'achat.<\/p>\n<p>N'oubliez pas que les prix peuvent varier de mani\u00e8re significative. Il est donc pr\u00e9f\u00e9rable d'obtenir des devis directement aupr\u00e8s des fournisseurs pour obtenir les informations les plus pr\u00e9cises et les plus r\u00e9centes.<\/p>\n<\/div>","protected":false},"excerpt":{"rendered":"<p>Profileuse pour pannes om\u00e9ga Nom:Profileuse pour pannes om\u00e9ga Mod\u00e8le:S\u00e9rie YX Nous pouvons fournir la profileuse pour profil\u00e9s de section M (\u00e9galement appel\u00e9e om\u00e9ga) et d'autres profils comme le profil\u00e9 E pour le travail des pannes. Nous pouvons \u00e9galement fournir des machines personnalis\u00e9es.<\/p>","protected":false},"featured_media":1088,"comment_status":"open","ping_status":"closed","template":"","meta":{"_acf_changed":false},"product_brand":[],"product_cat":[114,73,52],"product_tag":[],"class_list":{"0":"post-1086","1":"product","2":"type-product","3":"status-publish","4":"has-post-thumbnail","6":"product_cat-roll-former","7":"product_cat-sigma-purlin-roll-forming-machine","8":"product_cat-steel-structure","10":"first","11":"instock","12":"shipping-taxable","13":"product-type-simple"},"acf":[],"_links":{"self":[{"href":"https:\/\/swforming.com\/fr\/wp-json\/wp\/v2\/product\/1086","targetHints":{"allow":["GET"]}}],"collection":[{"href":"https:\/\/swforming.com\/fr\/wp-json\/wp\/v2\/product"}],"about":[{"href":"https:\/\/swforming.com\/fr\/wp-json\/wp\/v2\/types\/product"}],"replies":[{"embeddable":true,"href":"https:\/\/swforming.com\/fr\/wp-json\/wp\/v2\/comments?post=1086"}],"version-history":[{"count":3,"href":"https:\/\/swforming.com\/fr\/wp-json\/wp\/v2\/product\/1086\/revisions"}],"predecessor-version":[{"id":3274,"href":"https:\/\/swforming.com\/fr\/wp-json\/wp\/v2\/product\/1086\/revisions\/3274"}],"wp:featuredmedia":[{"embeddable":true,"href":"https:\/\/swforming.com\/fr\/wp-json\/wp\/v2\/media\/1088"}],"wp:attachment":[{"href":"https:\/\/swforming.com\/fr\/wp-json\/wp\/v2\/media?parent=1086"}],"wp:term":[{"taxonomy":"product_brand","embeddable":true,"href":"https:\/\/swforming.com\/fr\/wp-json\/wp\/v2\/product_brand?post=1086"},{"taxonomy":"product_cat","embeddable":true,"href":"https:\/\/swforming.com\/fr\/wp-json\/wp\/v2\/product_cat?post=1086"},{"taxonomy":"product_tag","embeddable":true,"href":"https:\/\/swforming.com\/fr\/wp-json\/wp\/v2\/product_tag?post=1086"}],"curies":[{"name":"wp","href":"https:\/\/api.w.org\/{rel}","templated":true}]}}