{"id":1082,"date":"2022-09-29T09:10:15","date_gmt":"2022-09-29T09:10:15","guid":{"rendered":"https:\/\/swforming.com\/?post_type=product&#038;p=1082"},"modified":"2023-06-16T06:21:23","modified_gmt":"2023-06-16T06:21:23","slug":"keel-steel-roll-forming-machine","status":"publish","type":"product","link":"https:\/\/swforming.com\/fr\/product\/keel-steel-roll-forming-machine\/","title":{"rendered":"Rouleau d&#039;acier de quille formant la machine"},"content":{"rendered":"<h3>Rouleau d&#039;acier de quille formant la machine<\/h3>\n<p>Profileuse pour poutrelles en acier Nom:Profileuse pour poutrelles en acier Mod\u00e8le:S\u00e9rie YX La profileuse pour poutrelles en acier est de petite taille et facile \u00e0 transporter. La vitesse de transmission peut atteindre 60m\/min, ce qui rend le travail plus stable. Nous pouvons \u00e9galement fournir des machines personnalis\u00e9es.<\/p>\n<p>Nous pouvons \u00e9galement fournir des machines personnalis\u00e9es.<\/p>\n<h3>Caract\u00e9ristiques de la profileuse pour quilles en acier<\/h3>\n<p>La profileuse pour quilles et poutrelles en acier est de petite taille et facile \u00e0 transporter. La vitesse peut atteindre 60 m\/min.<\/p>\n<h3>Applications<\/h3>\n<p>Les produits finis sont largement utilis\u00e9s dans la d\u00e9coration, la d\u00e9coration int\u00e9rieure, etc.<\/p>\n<h3>Flux de processus<\/h3>\n<p>D\u00e9rouleur -- Alimentation - Nivellement - Poin\u00e7onnage - Formage de rouleaux - Coupe de rails - Table de sortie de piste<\/p>\n<h3>Configurations des machines<\/h3>\n<div>\n<table>\n<tbody>\n<tr>\n<td data-sheets-value=\"{&quot;1&quot;:2,&quot;2&quot;:&quot;1. 3T Hydraulic Decoiler&quot;}\">1. D\u00e9vidoir hydraulique 3T<\/td>\n<td data-sheets-value=\"{&quot;1&quot;:2,&quot;2&quot;:&quot;2. Feeding Device&quot;}\">\n<div>\n<div>2. Dispositif d&#039;alimentation<\/div>\n<\/div>\n<\/td>\n<\/tr>\n<tr>\n<td data-sheets-value=\"{&quot;1&quot;:2,&quot;2&quot;:&quot;3. Servo Feeding and Punching Machine&quot;}\">3. Machine d'alimentation et de poin\u00e7onnage servo<\/td>\n<td data-sheets-value=\"{&quot;1&quot;:2,&quot;2&quot;:&quot;4. Roll Forming Machine&quot;}\">\n<div>\n<div>4. Rouleau formant la machine<\/div>\n<\/div>\n<\/td>\n<\/tr>\n<tr>\n<td data-sheets-value=\"{&quot;1&quot;:2,&quot;2&quot;:&quot;5. Track Cutting System&quot;}\">5. Syst\u00e8me de coupe des chenilles<\/td>\n<td data-sheets-value=\"{&quot;1&quot;:2,&quot;2&quot;:&quot;6. Control Panel&quot;}\">6. Panneau de contr\u00f4le<\/td>\n<\/tr>\n<tr>\n<td data-sheets-value=\"{&quot;1&quot;:2,&quot;2&quot;:&quot;7. Hydraulic Station&quot;}\">7. Station hydraulique<\/td>\n<td data-sheets-value=\"{&quot;1&quot;:2,&quot;2&quot;:&quot;8. Run Out Table&quot;}\">8. Tableau des sorties de route<\/td>\n<\/tr>\n<\/tbody>\n<\/table>\n<h3>Qu'est-ce qu'une profileuse pour quilles en acier l\u00e9ger ?<\/h3>\n<p>Une profileuse pour quilles en acier l\u00e9ger est un \u00e9quipement sp\u00e9cialis\u00e9 utilis\u00e9 dans l'industrie de la construction pour fabriquer des quilles ou des montants en acier l\u00e9ger. Les quilles en acier l\u00e9ger, \u00e9galement connues sous le nom d'ossatures en acier l\u00e9ger ou de montants m\u00e9talliques, sont des \u00e9l\u00e9ments structurels l\u00e9gers fabriqu\u00e9s \u00e0 partir de t\u00f4les d'acier galvanis\u00e9. Elles sont couramment utilis\u00e9es dans les cloisons int\u00e9rieures non porteuses, les plafonds suspendus et d'autres applications dans la construction r\u00e9sidentielle et commerciale.<\/p>\n<p>La profileuse est con\u00e7ue pour produire des quilles en acier l\u00e9ger de mani\u00e8re continue et efficace. Elle se compose g\u00e9n\u00e9ralement d'une s\u00e9rie de stations de laminage \u00e0 travers lesquelles passe la bande d'acier. Chaque poste de laminage effectue une op\u00e9ration de fa\u00e7onnage ou de formage sp\u00e9cifique sur la bande d'acier, la transformant progressivement en la forme souhait\u00e9e du profil de la quille. La machine utilise une combinaison de rouleaux, de poin\u00e7ons et de m\u00e9canismes de coupe pour obtenir les dimensions et les caract\u00e9ristiques requises de la quille.<\/p>\n<p>La bande d'acier est introduite dans la profileuse et, en passant par chaque station, elle subit diverses actions de pliage, de cintrage et de coupe. Les rouleaux de la machine sont configur\u00e9s avec pr\u00e9cision pour fa\u00e7onner progressivement la bande d'acier selon le profil souhait\u00e9, ce qui garantit des dimensions pr\u00e9cises et une qualit\u00e9 constante. Le produit final est une longueur continue de quille en acier l\u00e9ger, qui peut \u00eatre coup\u00e9e \u00e0 la longueur souhait\u00e9e pour le transport et l'installation sur site.<\/p>\n<p>Les profileuses pour quilles en acier l\u00e9ger sont hautement automatis\u00e9es et peuvent \u00eatre contr\u00f4l\u00e9es par des syst\u00e8mes informatis\u00e9s. Elles offrent une capacit\u00e9 de production, une pr\u00e9cision et une r\u00e9p\u00e9tabilit\u00e9 \u00e9lev\u00e9es, ce qui les rend adapt\u00e9es \u00e0 la fabrication \u00e0 grande \u00e9chelle. Ces machines peuvent produire diff\u00e9rents types de profil\u00e9s de quille, tels que des montants en forme de C, des rails en forme de U et d'autres formes personnalis\u00e9es, en fonction des exigences de la construction.<\/p>\n<p>Dans l'ensemble, les profileuses pour quilles en acier l\u00e9ger jouent un r\u00f4le crucial dans la production efficace d'\u00e9l\u00e9ments de charpente en acier l\u00e9ger, permettant des processus de construction plus rapides et plus rentables.<\/p>\n<h3>Avantages de la profileuse pour quilles l\u00e9g\u00e8res de Chine<\/h3>\n<p>L'utilisation de profileuses pour quilles en acier l\u00e9ger de Chine pr\u00e9sente plusieurs avantages. En voici quelques-uns :<\/p>\n<ol>\n<li>Rentabilit\u00e9 : La Chine est connue pour la comp\u00e9titivit\u00e9 de son industrie manufacturi\u00e8re, et les profileuses pour quilles en acier l\u00e9ger provenant de Chine sont souvent plus abordables que les machines provenant d'autres pays. Cet avantage en termes de co\u00fbts peut r\u00e9duire consid\u00e9rablement l'investissement initial des entreprises qui souhaitent mettre en place leurs lignes de production.<\/li>\n<li>Qualit\u00e9 et fiabilit\u00e9 : Les fabricants chinois ont acquis la r\u00e9putation de produire des machines de haute qualit\u00e9. De nombreux fabricants chinois de profileuses pour quilles en acier l\u00e9ger utilisent des techniques de production et des processus de contr\u00f4le de la qualit\u00e9 avanc\u00e9s pour garantir la fiabilit\u00e9 et la durabilit\u00e9 de leurs machines. En outre, les fabricants chinois respectent souvent les normes et certifications internationales, ce qui garantit les performances de la machine.<\/li>\n<li>Options de personnalisation : La Chine propose une large gamme de profileuses pour quilles en acier l\u00e9ger, avec des sp\u00e9cifications et des capacit\u00e9s vari\u00e9es. Les fabricants peuvent souvent personnaliser les machines en fonction d'exigences sp\u00e9cifiques, telles que les dimensions du profil de la quille, l'\u00e9paisseur du mat\u00e9riau et la vitesse de production. Cette flexibilit\u00e9 permet aux entreprises d'adapter la machine \u00e0 leurs besoins de production sp\u00e9cifiques.<\/li>\n<li>Avanc\u00e9es technologiques : Au fil des ans, les fabricants chinois ont r\u00e9alis\u00e9 d'importantes avanc\u00e9es technologiques dans le domaine du profilage. De nombreuses profileuses de quilles en acier l\u00e9ger fabriqu\u00e9es en Chine int\u00e8grent des fonctions avanc\u00e9es, telles que des syst\u00e8mes de commande informatis\u00e9s, des interfaces \u00e0 \u00e9cran tactile et des m\u00e9canismes de r\u00e9glage automatique. Ces avanc\u00e9es technologiques am\u00e9liorent l'efficacit\u00e9, la productivit\u00e9 et la facilit\u00e9 d'utilisation de la machine.<\/li>\n<li>Assistance et service apr\u00e8s-vente : Les fabricants chinois proposent g\u00e9n\u00e9ralement un service d'assistance et d'apr\u00e8s-vente complet pour leurs machines. Ils proposent une assistance technique, la disponibilit\u00e9 de pi\u00e8ces de rechange et des conseils de d\u00e9pannage. En outre, de nombreux fabricants chinois sont pr\u00e9sents dans le monde entier et fournissent une assistance \u00e0 leurs clients dans le monde entier.<\/li>\n<li>Une pr\u00e9sence mondiale : La Chine est tr\u00e8s pr\u00e9sente sur le march\u00e9 international des profileuses. De nombreux fabricants chinois ont \u00e9tabli des partenariats et des r\u00e9seaux de distribution dans diff\u00e9rents pays, ce qui facilite l'acc\u00e8s et l'achat de leurs machines pour les entreprises du monde entier. Cette pr\u00e9sence mondiale garantit la disponibilit\u00e9 et l'assistance aux clients, quelle que soit leur situation g\u00e9ographique.<\/li>\n<\/ol>\n<p>Il est important de noter que si les fabricants chinois offrent de nombreux avantages, il est essentiel de mener des recherches approfondies, d'\u00e9valuer diff\u00e9rents fournisseurs et de prendre en compte des facteurs tels que la r\u00e9putation, les commentaires des clients et les certifications de qualit\u00e9 avant de prendre une d\u00e9cision d'achat.<\/p>\n<h3>5 premiers fournisseurs de profileuses pour quilles l\u00e9g\u00e8res en Chine<\/h3>\n<ol>\n<li>WUXI SUNWAY MACHINERY CO., LTD est un fabricant et exportateur professionnel qui s&#039;occupe de la conception, du d\u00e9veloppement et de la production de machines de profilage \u00e0 froid. Tous les produits sont conformes aux normes de qualit\u00e9 internationales et sont grandement appr\u00e9ci\u00e9s sur une vari\u00e9t\u00e9 de march\u00e9s diff\u00e9rents \u00e0 travers le monde, tels que l&#039;Asie, l&#039;Afrique, l&#039;Europe, l&#039;Am\u00e9rique du Sud, l&#039;Australie, etc. Il a acquis un r\u00e9seau de vente mondial.<\/li>\n<li>Hangzhou Zhongyuan Machinery Factory : Hangzhou Zhongyuan Machinery Factory fabrique des profileuses depuis plus de 20 ans. Elle est sp\u00e9cialis\u00e9e dans divers types de profileuses, notamment les profileuses pour quilles l\u00e9g\u00e8res. Ses machines sont r\u00e9put\u00e9es pour leur pr\u00e9cision, leur durabilit\u00e9 et leurs caract\u00e9ristiques avanc\u00e9es.<\/li>\n<li>Tianjin Haixing Imp &amp; Exp Co. Ltd : Tianjin Haixing Imp &amp; Exp Co. Ltd est un fournisseur de premier plan de profileuses, notamment de profileuses pour quilles l\u00e9g\u00e8res. Il dispose d'une large gamme de machines et est r\u00e9put\u00e9 pour sa fabrication de haute qualit\u00e9 et son excellent service \u00e0 la client\u00e8le.<\/li>\n<li>Shanghai Sihua Precision Machinery Co., Ltd : Shanghai Sihua Precision Machinery Co., Ltd est un fabricant r\u00e9put\u00e9 de profileuses, notamment de profileuses pour quilles l\u00e9g\u00e8res. L'entreprise se concentre sur la fourniture de solutions personnalis\u00e9es et met l'accent sur les avanc\u00e9es technologiques et la qualit\u00e9 des produits.<\/li>\n<li>Cangzhou Zhongtuo International Trade Co., Ltd : Cangzhou Zhongtuo International Trade Co., Ltd est un fournisseur bien \u00e9tabli de profileuses destin\u00e9es \u00e0 diverses industries. Il propose une large gamme de machines, notamment des profileuses pour quilles l\u00e9g\u00e8res, et est r\u00e9put\u00e9 pour ses prix comp\u00e9titifs et son service apr\u00e8s-vente fiable.<\/li>\n<\/ol>\n<blockquote class=\"wp-embedded-content\" data-secret=\"RJFzEIeXHQ\"><p><a href=\"https:\/\/swforming.com\/fr\/machine-de-profilage-des-rouleaux-d-acier-un-outil-important-pour-les-projets-de-construction\/\">Machine de formage de rouleaux d&#039;acier : un outil important pour les projets de construction<\/a><\/p><\/blockquote>\n<p><iframe class=\"wp-embedded-content\" sandbox=\"allow-scripts\" security=\"restricted\" style=\"position: absolute; clip: rect(1px, 1px, 1px, 1px);\" title=\"&quot;Machine de formage de rouleaux d&#039;acier : Un outil important pour les projets de construction&quot; - SUNWAY Machine\" src=\"https:\/\/swforming.com\/steel-roll-forming-machine-an-important-tool-for-construction-projects\/embed\/#?secret=DwfUiDlYBS#?secret=RJFzEIeXHQ\" data-secret=\"RJFzEIeXHQ\" width=\"600\" height=\"338\" frameborder=\"0\" marginwidth=\"0\" marginheight=\"0\" scrolling=\"no\"><\/iframe><\/p>\n<\/div>","protected":false},"excerpt":{"rendered":"<p>Profileuse pour poutrelles en acier Nom:Profileuse pour poutrelles en acier Mod\u00e8le:S\u00e9rie YX La profileuse pour poutrelles en acier est de petite taille et facile \u00e0 transporter. La vitesse de transmission peut atteindre 60m\/min, ce qui rend le travail plus stable. Nous pouvons \u00e9galement fournir des machines personnalis\u00e9es.<\/p>\n<p>Nous pouvons \u00e9galement fournir des machines personnalis\u00e9es.<\/p>","protected":false},"featured_media":1083,"comment_status":"open","ping_status":"closed","template":"","meta":{"_acf_changed":false},"product_brand":[],"product_cat":[71,52],"product_tag":[],"class_list":{"0":"post-1082","1":"product","2":"type-product","3":"status-publish","4":"has-post-thumbnail","6":"product_cat-light-gauge-steel-roll-forming-machine","7":"product_cat-steel-structure","9":"first","10":"instock","11":"shipping-taxable","12":"product-type-simple"},"acf":[],"_links":{"self":[{"href":"https:\/\/swforming.com\/fr\/wp-json\/wp\/v2\/product\/1082","targetHints":{"allow":["GET"]}}],"collection":[{"href":"https:\/\/swforming.com\/fr\/wp-json\/wp\/v2\/product"}],"about":[{"href":"https:\/\/swforming.com\/fr\/wp-json\/wp\/v2\/types\/product"}],"replies":[{"embeddable":true,"href":"https:\/\/swforming.com\/fr\/wp-json\/wp\/v2\/comments?post=1082"}],"version-history":[{"count":3,"href":"https:\/\/swforming.com\/fr\/wp-json\/wp\/v2\/product\/1082\/revisions"}],"predecessor-version":[{"id":3257,"href":"https:\/\/swforming.com\/fr\/wp-json\/wp\/v2\/product\/1082\/revisions\/3257"}],"wp:featuredmedia":[{"embeddable":true,"href":"https:\/\/swforming.com\/fr\/wp-json\/wp\/v2\/media\/1083"}],"wp:attachment":[{"href":"https:\/\/swforming.com\/fr\/wp-json\/wp\/v2\/media?parent=1082"}],"wp:term":[{"taxonomy":"product_brand","embeddable":true,"href":"https:\/\/swforming.com\/fr\/wp-json\/wp\/v2\/product_brand?post=1082"},{"taxonomy":"product_cat","embeddable":true,"href":"https:\/\/swforming.com\/fr\/wp-json\/wp\/v2\/product_cat?post=1082"},{"taxonomy":"product_tag","embeddable":true,"href":"https:\/\/swforming.com\/fr\/wp-json\/wp\/v2\/product_tag?post=1082"}],"curies":[{"name":"wp","href":"https:\/\/api.w.org\/{rel}","templated":true}]}}