{"id":1069,"date":"2022-09-29T09:03:23","date_gmt":"2022-09-29T09:03:23","guid":{"rendered":"https:\/\/swforming.com\/?post_type=product&#038;p=1069"},"modified":"2023-06-15T03:43:15","modified_gmt":"2023-06-15T03:43:15","slug":"floor-decking-roll-forming-machine","status":"publish","type":"product","link":"https:\/\/swforming.com\/fr\/product\/floor-decking-roll-forming-machine\/","title":{"rendered":"Machine de formage de rouleaux de rev\u00eatement de sol"},"content":{"rendered":"<h3>Machine \u00e0 former les rouleaux de plancher Applications<\/h3>\n<p>Les produits finis sont largement utilis\u00e9s dans les planchers plats. Apr\u00e8s le gaufrage de la feuille, la r\u00e9sistance entre l'acier et le b\u00e9ton est accrue, ce qui augmente la solidit\u00e9 du plancher.<strong><b>\u00a0<\/b><\/strong><\/p>\n<h3>Flux de processus<\/h3>\n<p>D\u00e9rouleur - Alimentation - Formage de rouleaux - D\u00e9coupe - Table de sortie<\/p>\n<p><img fetchpriority=\"high\" decoding=\"async\" class=\"alignnone size-full wp-image-1070\" src=\"https:\/\/swforming.com\/wp-content\/uploads\/2022\/09\/tge.png\" alt=\"\" width=\"800\" height=\"92\" title=\"\" srcset=\"https:\/\/swforming.com\/wp-content\/uploads\/2022\/09\/tge.png 800w, https:\/\/swforming.com\/wp-content\/uploads\/2022\/09\/tge-600x69.png 600w, https:\/\/swforming.com\/wp-content\/uploads\/2022\/09\/tge-300x35.png 300w, https:\/\/swforming.com\/wp-content\/uploads\/2022\/09\/tge-768x88.png 768w\" sizes=\"(max-width: 800px) 100vw, 800px\" \/><\/p>\n<h3>Configurations des machines<\/h3>\n<div>\n<table>\n<tbody>\n<tr>\n<td data-sheets-value=\"{&quot;1&quot;:2,&quot;2&quot;:&quot;1. Uncoiler&quot;}\">1. D\u00e9rouleur<\/td>\n<td data-sheets-value=\"{&quot;1&quot;:2,&quot;2&quot;:&quot;2. Guide feeder&quot;}\">\n<div>\n<div>2. Guide d&#039;alimentation<\/div>\n<\/div>\n<\/td>\n<\/tr>\n<tr>\n<td data-sheets-value=\"{&quot;1&quot;:2,&quot;2&quot;:&quot;3. roll forming&quot;}\">3. le formage par laminage<\/td>\n<td data-sheets-value=\"{&quot;1&quot;:2,&quot;2&quot;:&quot;4. Hydraulic cutting unit&quot;}\">\n<div>\n<div>4. Unit\u00e9 de coupe hydraulique<\/div>\n<\/div>\n<\/td>\n<\/tr>\n<tr>\n<td data-sheets-value=\"{&quot;1&quot;:2,&quot;2&quot;:&quot;5. PLC Control System&quot;}\">5. Syst\u00e8me de contr\u00f4le par API<\/td>\n<td data-sheets-value=\"{&quot;1&quot;:2,&quot;2&quot;:&quot;6. Hydraulic station&quot;}\">6. Station hydraulique<\/td>\n<\/tr>\n<tr>\n<td data-sheets-value=\"{&quot;1&quot;:2,&quot;2&quot;:&quot;7. Output conveyor&quot;}\">7. Convoyeur de sortie<\/td>\n<td><\/td>\n<\/tr>\n<\/tbody>\n<\/table>\n<h3>Dessins de profil pour r\u00e9f\u00e9rence<\/h3>\n<p><img decoding=\"async\" class=\"alignnone size-full wp-image-1071\" src=\"https:\/\/swforming.com\/wp-content\/uploads\/2022\/09\/27ad08f0-5c65-46e6-b8b3-1a4f00174a89.jpg\" alt=\"\" width=\"800\" height=\"833\" title=\"\" srcset=\"https:\/\/swforming.com\/wp-content\/uploads\/2022\/09\/27ad08f0-5c65-46e6-b8b3-1a4f00174a89.jpg 800w, https:\/\/swforming.com\/wp-content\/uploads\/2022\/09\/27ad08f0-5c65-46e6-b8b3-1a4f00174a89-600x625.jpg 600w, https:\/\/swforming.com\/wp-content\/uploads\/2022\/09\/27ad08f0-5c65-46e6-b8b3-1a4f00174a89-288x300.jpg 288w, https:\/\/swforming.com\/wp-content\/uploads\/2022\/09\/27ad08f0-5c65-46e6-b8b3-1a4f00174a89-768x800.jpg 768w\" sizes=\"(max-width: 800px) 100vw, 800px\" \/><\/p>\n<p><img decoding=\"async\" class=\"alignnone size-full wp-image-1072\" src=\"https:\/\/swforming.com\/wp-content\/uploads\/2022\/09\/Sample-1.png\" alt=\"\" width=\"400\" height=\"324\" title=\"\" srcset=\"https:\/\/swforming.com\/wp-content\/uploads\/2022\/09\/Sample-1.png 400w, https:\/\/swforming.com\/wp-content\/uploads\/2022\/09\/Sample-1-300x243.png 300w\" sizes=\"(max-width: 400px) 100vw, 400px\" \/> <img loading=\"lazy\" decoding=\"async\" class=\"alignnone size-full wp-image-1073\" src=\"https:\/\/swforming.com\/wp-content\/uploads\/2022\/09\/Sample-2.png\" alt=\"\" width=\"400\" height=\"358\" title=\"\" srcset=\"https:\/\/swforming.com\/wp-content\/uploads\/2022\/09\/Sample-2.png 400w, https:\/\/swforming.com\/wp-content\/uploads\/2022\/09\/Sample-2-300x269.png 300w\" sizes=\"(max-width: 400px) 100vw, 400px\" \/><\/p>\n<h3>Qu'est-ce qu'une machine \u00e0 former les rouleaux de plancher ?<\/h3>\n<p>Une profileuse pour rev\u00eatements de sol est un type de machine industrielle utilis\u00e9e dans le secteur de la construction pour produire des panneaux ou des feuilles de rev\u00eatements de sol. Elle est con\u00e7ue pour prendre des bobines de m\u00e9tal, g\u00e9n\u00e9ralement de l'acier ou de l'aluminium, et les fa\u00e7onner en un profil ou un motif sp\u00e9cifique appel\u00e9 plancher.<\/p>\n<p>La machine fonctionne en alimentant la bobine de m\u00e9tal dans une s\u00e9rie de rouleaux et de stations d'outillage, o\u00f9 elle subit un processus de formage continu. Les rouleaux et l'outillage sont configur\u00e9s pour fa\u00e7onner progressivement la bobine de m\u00e9tal dans le profil de plancher d\u00e9sir\u00e9. Ce profil consiste g\u00e9n\u00e9ralement en une s\u00e9rie de nervures, d'ondulations ou de motifs en relief qui renforcent la r\u00e9sistance structurelle et la capacit\u00e9 de charge des panneaux de plancher.<\/p>\n<p>La profileuse pour lames de terrasse est g\u00e9n\u00e9ralement \u00e9quip\u00e9e de divers composants, notamment des d\u00e9rouleurs, des syst\u00e8mes d'alimentation, des dispositifs de mise \u00e0 niveau, des profileuses, des m\u00e9canismes de coupe et des syst\u00e8mes de contr\u00f4le. Ces composants fonctionnent ensemble pour assurer une production pr\u00e9cise et efficace de panneaux de rev\u00eatement de sol de dimensions et de qualit\u00e9 constantes.<\/p>\n<p>Les panneaux de plancher produits par la machine sont couramment utilis\u00e9s dans la construction de b\u00e2timents commerciaux et industriels en tant qu'\u00e9l\u00e9ment structurel des planchers. Ils constituent une surface stable et durable pour supporter des charges telles que des \u00e9quipements, des machines ou des mat\u00e9riaux de stockage. Les panneaux peuvent \u00eatre install\u00e9s rapidement et facilement, ce qui permet d'acc\u00e9l\u00e9rer les d\u00e9lais de construction et de r\u00e9aliser des \u00e9conomies sur l'ensemble du processus de construction.<\/p>\n<h3>fonction de la machine de formage de rouleaux \u00e0 deux \u00e9tages<\/h3>\n<ol>\n<li>Productivit\u00e9 accrue : En formant deux profils simultan\u00e9ment, la profileuse \u00e0 deux \u00e9tages peut augmenter consid\u00e9rablement la production par rapport \u00e0 une machine \u00e0 un seul \u00e9tage. Cette caract\u00e9ristique permet d'am\u00e9liorer l'efficacit\u00e9 de la fabrication et d'acc\u00e9l\u00e9rer les temps de traitement.<\/li>\n<li>\u00c9conomie d'espace : Au lieu d'utiliser deux profileuses s\u00e9par\u00e9es, une machine \u00e0 double \u00e9tage combine les fonctions en une seule unit\u00e9. Cela permet d'\u00e9conomiser de l'espace pr\u00e9cieux sur le sol de l'usine, car elle n\u00e9cessite moins de surface d'installation et r\u00e9duit le besoin d'\u00e9quipements suppl\u00e9mentaires.<\/li>\n<li>Polyvalence : La machine est polyvalente car elle permet la production simultan\u00e9e de deux profils ou mod\u00e8les diff\u00e9rents. Elle permet aux fabricants de diversifier leur offre de produits et de r\u00e9pondre aux diff\u00e9rentes demandes des clients sans avoir \u00e0 changer de machine ou d'outillage.<\/li>\n<li>Rentabilit\u00e9 : La profileuse \u00e0 deux \u00e9tages permet de r\u00e9aliser des \u00e9conomies en r\u00e9duisant l'investissement en mat\u00e9riel et les co\u00fbts de maintenance li\u00e9s \u00e0 l'exploitation de deux machines distinctes. Elle permet \u00e9galement de r\u00e9duire les co\u00fbts de main-d'\u0153uvre, car moins d'op\u00e9rateurs sont n\u00e9cessaires pour superviser le processus de production.<\/li>\n<li>Pr\u00e9cision et coh\u00e9rence : La machine est con\u00e7ue pour assurer un formage pr\u00e9cis et coh\u00e9rent des deux profils. Gr\u00e2ce \u00e0 des syst\u00e8mes de contr\u00f4le et \u00e0 un outillage perfectionn\u00e9s, elle maintient des tol\u00e9rances serr\u00e9es, ce qui permet d'obtenir des produits finis de grande qualit\u00e9.<\/li>\n<li>Une configuration qui permet de gagner du temps : Les profileuses \u00e0 double \u00e9tage sont souvent \u00e9quip\u00e9es de syst\u00e8mes de changement rapide, ce qui permet de passer efficacement et rapidement d'une configuration de profil \u00e0 l'autre. Cette caract\u00e9ristique minimise les temps d'arr\u00eat lors des changements de production et am\u00e9liore l'efficacit\u00e9 op\u00e9rationnelle globale.<\/li>\n<\/ol>\n<h3>domaine d'application de la profileuse pour tabliers m\u00e9talliques<\/h3>\n<ol>\n<li>B\u00e2timents commerciaux et industriels : Les panneaux de tablier m\u00e9tallique produits par des profileuses sont couramment utilis\u00e9s comme \u00e9l\u00e9ment structurel dans la construction de b\u00e2timents commerciaux et industriels. Ils servent de base aux planchers en b\u00e9ton, offrant une surface stable et durable pour supporter des charges telles que des \u00e9quipements, des machines, des mat\u00e9riaux de stockage et des personnes.<\/li>\n<li>Immeubles de grande hauteur : Les panneaux de tablier m\u00e9tallique sont fr\u00e9quemment utilis\u00e9s dans la construction de b\u00e2timents de grande hauteur. Ils offrent une excellente capacit\u00e9 portante, une r\u00e9sistance au feu et une stabilit\u00e9 structurelle, ce qui les rend id\u00e9aux pour les structures \u00e0 plusieurs \u00e9tages.<\/li>\n<li>Planchers mezzanine : Les planchers mezzanines sont des planchers interm\u00e9diaires construits \u00e0 l'int\u00e9rieur d'un b\u00e2timent pour cr\u00e9er un espace utilisable suppl\u00e9mentaire. Les panneaux en acier sont couramment utilis\u00e9s pour les planchers mezzanines en raison de leur solidit\u00e9, de leur durabilit\u00e9 et de leur facilit\u00e9 d'installation. Ces panneaux constituent une plate-forme solide et s\u00fbre pour le stockage, les espaces de bureau ou d'autres zones fonctionnelles.<\/li>\n<li>Syst\u00e8mes de toiture : Les panneaux de platelage en acier peuvent \u00eatre utilis\u00e9s comme composants des syst\u00e8mes de toiture dans divers types de b\u00e2timents. Ils fournissent un support structurel aux mat\u00e9riaux de couverture, tels que l'isolation et les membranes d'\u00e9tanch\u00e9it\u00e9. Les panneaux de plancher en acier offrent une excellente capacit\u00e9 de charge, une grande durabilit\u00e9 et une bonne r\u00e9sistance aux conditions m\u00e9t\u00e9orologiques.<\/li>\n<li>Projets d'infrastructure : Les panneaux de tablier m\u00e9tallique produits par les profileuses sont utilis\u00e9s dans les projets d'infrastructure tels que les ponts, les plates-formes, les passerelles et les gares ferroviaires. Ils fournissent une surface stable et s\u00fbre pour la circulation des pi\u00e9tons et des v\u00e9hicules.<\/li>\n<li>Structures temporaires : Les panneaux de platelage en acier sont \u00e9galement utilis\u00e9s dans la construction de structures temporaires telles que les halls d'exposition, les entrep\u00f4ts et les lieux d'\u00e9v\u00e9nements. Ils offrent une solution rapide et efficace pour cr\u00e9er des espaces fonctionnels qui peuvent \u00eatre facilement d\u00e9mont\u00e9s et d\u00e9plac\u00e9s selon les besoins.<\/li>\n<\/ol>\n<\/div>","protected":false},"excerpt":{"rendered":"<p>La ligne de formage de rouleaux de rev\u00eatements de sol pr\u00e9sente une r\u00e9sistance \u00e9lev\u00e9e et une grande longueur d'onde. Elle adh\u00e8re bien au b\u00e9ton. Utilis\u00e9e dans les immeubles de grande hauteur, elle permet non seulement d'\u00e9conomiser la plaque de moulage en acier, mais aussi de r\u00e9duire le poids de l'\u00e9tage. A capacit\u00e9 portante \u00e9gale, elle permet d'\u00e9conomiser l'acier et de r\u00e9duire l'investissement en cons\u00e9quence.<strong><b>\u00a0<\/b><\/strong><\/p>","protected":false},"featured_media":1075,"comment_status":"open","ping_status":"closed","template":"","meta":{"_acf_changed":false},"product_brand":[],"product_cat":[77,52],"product_tag":[],"class_list":{"0":"post-1069","1":"product","2":"type-product","3":"status-publish","4":"has-post-thumbnail","6":"product_cat-floor-deck-roll-forming-machine","7":"product_cat-steel-structure","9":"first","10":"instock","11":"shipping-taxable","12":"product-type-simple"},"acf":[],"_links":{"self":[{"href":"https:\/\/swforming.com\/fr\/wp-json\/wp\/v2\/product\/1069","targetHints":{"allow":["GET"]}}],"collection":[{"href":"https:\/\/swforming.com\/fr\/wp-json\/wp\/v2\/product"}],"about":[{"href":"https:\/\/swforming.com\/fr\/wp-json\/wp\/v2\/types\/product"}],"replies":[{"embeddable":true,"href":"https:\/\/swforming.com\/fr\/wp-json\/wp\/v2\/comments?post=1069"}],"version-history":[{"count":3,"href":"https:\/\/swforming.com\/fr\/wp-json\/wp\/v2\/product\/1069\/revisions"}],"predecessor-version":[{"id":3238,"href":"https:\/\/swforming.com\/fr\/wp-json\/wp\/v2\/product\/1069\/revisions\/3238"}],"wp:featuredmedia":[{"embeddable":true,"href":"https:\/\/swforming.com\/fr\/wp-json\/wp\/v2\/media\/1075"}],"wp:attachment":[{"href":"https:\/\/swforming.com\/fr\/wp-json\/wp\/v2\/media?parent=1069"}],"wp:term":[{"taxonomy":"product_brand","embeddable":true,"href":"https:\/\/swforming.com\/fr\/wp-json\/wp\/v2\/product_brand?post=1069"},{"taxonomy":"product_cat","embeddable":true,"href":"https:\/\/swforming.com\/fr\/wp-json\/wp\/v2\/product_cat?post=1069"},{"taxonomy":"product_tag","embeddable":true,"href":"https:\/\/swforming.com\/fr\/wp-json\/wp\/v2\/product_tag?post=1069"}],"curies":[{"name":"wp","href":"https:\/\/api.w.org\/{rel}","templated":true}]}}