{"id":214,"date":"2022-09-01T05:42:29","date_gmt":"2022-09-01T05:42:29","guid":{"rendered":"https:\/\/swforming.com\/?page_id=214"},"modified":"2022-09-02T08:18:24","modified_gmt":"2022-09-02T08:18:24","slug":"factory","status":"publish","type":"page","link":"https:\/\/swforming.com\/fr\/factory\/","title":{"rendered":"Usine"},"content":{"rendered":"<div data-elementor-type=\"wp-page\" data-elementor-id=\"214\" class=\"elementor elementor-214\" data-elementor-post-type=\"page\">\n\t\t\t\t\t\t<section data-particle_enable=\"false\" data-particle-mobile-disabled=\"false\" class=\"elementor-section elementor-top-section elementor-element elementor-element-37db29b ct-section-stretched elementor-section-height-min-height elementor-section-boxed elementor-section-height-default elementor-section-items-middle\" data-id=\"37db29b\" data-element_type=\"section\" data-e-type=\"section\" data-settings=\"{&quot;background_background&quot;:&quot;classic&quot;}\">\n\t\t\t\t\t\t\t<div class=\"elementor-background-overlay\"><\/div>\n\t\t\t\t\t\t\t<div class=\"elementor-container elementor-column-gap-default\">\n\t\t\t\t\t<div class=\"elementor-column elementor-col-100 elementor-top-column elementor-element elementor-element-ed51630\" data-id=\"ed51630\" data-element_type=\"column\" data-e-type=\"column\">\n\t\t\t<div class=\"elementor-widget-wrap elementor-element-populated\">\n\t\t\t\t\t\t<div class=\"elementor-element elementor-element-e6dd4a7 elementor-widget elementor-widget-heading\" data-id=\"e6dd4a7\" data-element_type=\"widget\" data-e-type=\"widget\" data-widget_type=\"heading.default\">\n\t\t\t\t<div class=\"elementor-widget-container\">\n\t\t\t\t\t<h1 class=\"elementor-heading-title elementor-size-default\">Notre usine<\/h1>\t\t\t\t<\/div>\n\t\t\t\t<\/div>\n\t\t\t\t\t<\/div>\n\t\t<\/div>\n\t\t\t\t\t<\/div>\n\t\t<\/section>\n\t\t\t\t<section data-particle_enable=\"false\" data-particle-mobile-disabled=\"false\" class=\"elementor-section elementor-top-section elementor-element elementor-element-8ad7d98 elementor-section-boxed elementor-section-height-default elementor-section-height-default\" data-id=\"8ad7d98\" data-element_type=\"section\" data-e-type=\"section\">\n\t\t\t\t\t\t<div class=\"elementor-container elementor-column-gap-custom\">\n\t\t\t\t\t<div class=\"elementor-column elementor-col-50 elementor-top-column elementor-element elementor-element-ea58ef3\" data-id=\"ea58ef3\" data-element_type=\"column\" data-e-type=\"column\">\n\t\t\t<div class=\"elementor-widget-wrap elementor-element-populated\">\n\t\t\t\t\t\t<div class=\"elementor-element elementor-element-6b57d6f elementor-widget elementor-widget-heading\" data-id=\"6b57d6f\" data-element_type=\"widget\" data-e-type=\"widget\" data-widget_type=\"heading.default\">\n\t\t\t\t<div class=\"elementor-widget-container\">\n\t\t\t\t\t<h5 class=\"elementor-heading-title elementor-size-default\">fabrication de qualit\u00e9<\/h5>\t\t\t\t<\/div>\n\t\t\t\t<\/div>\n\t\t\t\t<div class=\"elementor-element elementor-element-6799cfc elementor-widget elementor-widget-heading\" data-id=\"6799cfc\" data-element_type=\"widget\" data-e-type=\"widget\" data-widget_type=\"heading.default\">\n\t\t\t\t<div class=\"elementor-widget-container\">\n\t\t\t\t\t<h2 class=\"elementor-heading-title elementor-size-default\">La principale usine de machines de formage de rouleaux en Chine<\/h2>\t\t\t\t<\/div>\n\t\t\t\t<\/div>\n\t\t\t\t<div class=\"elementor-element elementor-element-b435b37 elementor-widget elementor-widget-text-editor\" data-id=\"b435b37\" data-element_type=\"widget\" data-e-type=\"widget\" data-widget_type=\"text-editor.default\">\n\t\t\t\t<div class=\"elementor-widget-container\">\n\t\t\t\t\t\t\t\t\t<p>Notre usine de machines de formage de rouleaux est \u00e9tablie depuis plus de 20 ans, qui est l&#039;entreprise qui fabrique professionnellement la machine de formage \u00e0 froid. Sunway dispose d&#039;un ensemble complet de syst\u00e8mes de production allant de la recherche et du d\u00e9veloppement, \u00e0 l&#039;achat de mat\u00e9riaux, \u00e0 la production, \u00e0 l&#039;inspection, \u00e0 l&#039;emballage et \u00e0 l&#039;exportation.<\/p><p>Tous nos travailleurs qualifi\u00e9s et exp\u00e9riment\u00e9s, un syst\u00e8me de contr\u00f4le de qualit\u00e9 strict, une \u00e9quipe de direction et une main-d&#039;\u0153uvre excellentes et une connaissance approfondie de cette industrie sont con\u00e7us pour garantir que nos produits r\u00e9pondent aux normes et aux besoins internationaux.<\/p>\t\t\t\t\t\t\t\t<\/div>\n\t\t\t\t<\/div>\n\t\t\t\t<div class=\"elementor-element elementor-element-cfe889e elementor-mobile-align-center elementor-align-left elementor-widget elementor-widget-button\" data-id=\"cfe889e\" data-element_type=\"widget\" data-e-type=\"widget\" data-widget_type=\"button.default\">\n\t\t\t\t<div class=\"elementor-widget-container\">\n\t\t\t\t\t\t\t\t\t<div class=\"elementor-button-wrapper\">\n\t\t\t\t\t<a class=\"elementor-button elementor-button-link elementor-size-md\" href=\"#elementor-action%3Aaction%3Dpopup%3Aopen%26settings%3DeyJpZCI6IjMwNiIsInRvZ2dsZSI6ZmFsc2V9\">\n\t\t\t\t\t\t<span class=\"elementor-button-content-wrapper\">\n\t\t\t\t\t\t\t\t\t<span class=\"elementor-button-text\">NOUS CONTACTER<\/span>\n\t\t\t\t\t<\/span>\n\t\t\t\t\t<\/a>\n\t\t\t\t<\/div>\n\t\t\t\t\t\t\t\t<\/div>\n\t\t\t\t<\/div>\n\t\t\t\t\t<\/div>\n\t\t<\/div>\n\t\t\t\t<div class=\"elementor-column elementor-col-50 elementor-top-column elementor-element elementor-element-8e18fd6\" data-id=\"8e18fd6\" data-element_type=\"column\" data-e-type=\"column\">\n\t\t\t<div class=\"elementor-widget-wrap elementor-element-populated\">\n\t\t\t\t\t\t<div class=\"elementor-element elementor-element-4747ead elementor-widget elementor-widget-image\" data-id=\"4747ead\" data-element_type=\"widget\" data-e-type=\"widget\" data-widget_type=\"image.default\">\n\t\t\t\t<div class=\"elementor-widget-container\">\n\t\t\t\t\t\t\t\t\t\t\t\t\t\t\t<img fetchpriority=\"high\" decoding=\"async\" width=\"612\" height=\"408\" src=\"https:\/\/swforming.com\/wp-content\/uploads\/2022\/09\/362523446.jpg\" class=\"attachment-large size-large wp-image-223\" alt=\"\" srcset=\"https:\/\/swforming.com\/wp-content\/uploads\/2022\/09\/362523446.jpg 612w, https:\/\/swforming.com\/wp-content\/uploads\/2022\/09\/362523446-600x400.jpg 600w, https:\/\/swforming.com\/wp-content\/uploads\/2022\/09\/362523446-300x200.jpg 300w\" sizes=\"(max-width: 612px) 100vw, 612px\" title=\"\">\t\t\t\t\t\t\t\t\t\t\t\t\t\t\t<\/div>\n\t\t\t\t<\/div>\n\t\t\t\t\t<\/div>\n\t\t<\/div>\n\t\t\t\t\t<\/div>\n\t\t<\/section>\n\t\t\t\t<section data-particle_enable=\"false\" data-particle-mobile-disabled=\"false\" class=\"elementor-section elementor-top-section elementor-element elementor-element-3f7bc04 elementor-section-boxed elementor-section-height-default elementor-section-height-default\" data-id=\"3f7bc04\" data-element_type=\"section\" data-e-type=\"section\">\n\t\t\t\t\t\t<div class=\"elementor-container elementor-column-gap-default\">\n\t\t\t\t\t<div class=\"elementor-column elementor-col-100 elementor-top-column elementor-element elementor-element-49f3627\" data-id=\"49f3627\" data-element_type=\"column\" data-e-type=\"column\">\n\t\t\t<div class=\"elementor-widget-wrap elementor-element-populated\">\n\t\t\t\t\t\t<div class=\"elementor-element elementor-element-39f1cfe elementor-widget elementor-widget-heading\" data-id=\"39f1cfe\" data-element_type=\"widget\" data-e-type=\"widget\" data-widget_type=\"heading.default\">\n\t\t\t\t<div class=\"elementor-widget-container\">\n\t\t\t\t\t<h5 class=\"elementor-heading-title elementor-size-default\">GALERIE<\/h5>\t\t\t\t<\/div>\n\t\t\t\t<\/div>\n\t\t\t\t<div class=\"elementor-element elementor-element-ed5af52 elementor-widget elementor-widget-heading\" data-id=\"ed5af52\" data-element_type=\"widget\" data-e-type=\"widget\" data-widget_type=\"heading.default\">\n\t\t\t\t<div class=\"elementor-widget-container\">\n\t\t\t\t\t<h2 class=\"elementor-heading-title elementor-size-default\">Jetez un oeil \u00e0 notre usine<\/h2>\t\t\t\t<\/div>\n\t\t\t\t<\/div>\n\t\t\t\t<div class=\"elementor-element elementor-element-571a853 gallery-spacing-custom elementor-widget elementor-widget-image-gallery\" data-id=\"571a853\" data-element_type=\"widget\" data-e-type=\"widget\" data-widget_type=\"image-gallery.default\">\n\t\t\t\t<div class=\"elementor-widget-container\">\n\t\t\t\t\t\t\t<div class=\"elementor-image-gallery\">\n\t\t\t<div id='gallery-1' class='gallery galleryid-214 gallery-columns-4 gallery-size-full'><figure class='gallery-item'>\n\t\t\t<div class='gallery-icon landscape'>\n\t\t\t\t<a data-elementor-open-lightbox=\"no\" href='https:\/\/swforming.com\/wp-content\/uploads\/2022\/09\/IMG_2147.jpg'><img decoding=\"async\" width=\"500\" height=\"375\" src=\"https:\/\/swforming.com\/wp-content\/uploads\/2022\/09\/IMG_2147.jpg\" class=\"attachment-full size-full\" alt=\"Machines de formage de rouleaux pour aires de jeux\" srcset=\"https:\/\/swforming.com\/wp-content\/uploads\/2022\/09\/IMG_2147.jpg 500w, https:\/\/swforming.com\/wp-content\/uploads\/2022\/09\/IMG_2147-300x225.jpg 300w\" sizes=\"(max-width: 500px) 100vw, 500px\" title=\"\"><\/a>\n\t\t\t<\/div><\/figure><figure class='gallery-item'>\n\t\t\t<div class='gallery-icon landscape'>\n\t\t\t\t<a data-elementor-open-lightbox=\"no\" href='https:\/\/swforming.com\/wp-content\/uploads\/2022\/09\/IMG_2186.jpg'><img decoding=\"async\" width=\"500\" height=\"375\" src=\"https:\/\/swforming.com\/wp-content\/uploads\/2022\/09\/IMG_2186.jpg\" class=\"attachment-full size-full\" alt=\"Machines de formage de rouleaux pour aires de jeux\" srcset=\"https:\/\/swforming.com\/wp-content\/uploads\/2022\/09\/IMG_2186.jpg 500w, https:\/\/swforming.com\/wp-content\/uploads\/2022\/09\/IMG_2186-300x225.jpg 300w\" sizes=\"(max-width: 500px) 100vw, 500px\" title=\"\"><\/a>\n\t\t\t<\/div><\/figure><figure class='gallery-item'>\n\t\t\t<div class='gallery-icon landscape'>\n\t\t\t\t<a data-elementor-open-lightbox=\"no\" href='https:\/\/swforming.com\/wp-content\/uploads\/2022\/09\/IMG_2172.jpg'><img loading=\"lazy\" decoding=\"async\" width=\"500\" height=\"375\" src=\"https:\/\/swforming.com\/wp-content\/uploads\/2022\/09\/IMG_2172.jpg\" class=\"attachment-full size-full\" alt=\"Machines de formage de rouleaux pour \u00e9tag\u00e8res \u00e0 m\u00e9dicaments\" srcset=\"https:\/\/swforming.com\/wp-content\/uploads\/2022\/09\/IMG_2172.jpg 500w, https:\/\/swforming.com\/wp-content\/uploads\/2022\/09\/IMG_2172-300x225.jpg 300w\" sizes=\"(max-width: 500px) 100vw, 500px\" title=\"\"><\/a>\n\t\t\t<\/div><\/figure><figure class='gallery-item'>\n\t\t\t<div class='gallery-icon landscape'>\n\t\t\t\t<a data-elementor-open-lightbox=\"no\" href='https:\/\/swforming.com\/wp-content\/uploads\/2022\/09\/IMG_2149.jpg'><img loading=\"lazy\" decoding=\"async\" width=\"500\" height=\"375\" src=\"https:\/\/swforming.com\/wp-content\/uploads\/2022\/09\/IMG_2149.jpg\" class=\"attachment-full size-full\" alt=\"Machines de formage de rouleaux pour \u00e9tag\u00e8res \u00e0 m\u00e9dicaments\" srcset=\"https:\/\/swforming.com\/wp-content\/uploads\/2022\/09\/IMG_2149.jpg 500w, https:\/\/swforming.com\/wp-content\/uploads\/2022\/09\/IMG_2149-300x225.jpg 300w\" sizes=\"(max-width: 500px) 100vw, 500px\" title=\"\"><\/a>\n\t\t\t<\/div><\/figure>\n\t\t<\/div>\n\t\t<\/div>\n\t\t\t\t\t\t<\/div>\n\t\t\t\t<\/div>\n\t\t\t\t\t<\/div>\n\t\t<\/div>\n\t\t\t\t\t<\/div>\n\t\t<\/section>\n\t\t\t\t<section data-particle_enable=\"false\" data-particle-mobile-disabled=\"false\" class=\"elementor-section elementor-top-section elementor-element elementor-element-dfe3648 ct-section-stretched elementor-section-height-min-height elementor-section-boxed elementor-section-height-default elementor-section-items-middle\" data-id=\"dfe3648\" data-element_type=\"section\" data-e-type=\"section\" data-settings=\"{&quot;background_background&quot;:&quot;classic&quot;}\">\n\t\t\t\t\t\t\t<div class=\"elementor-background-overlay\"><\/div>\n\t\t\t\t\t\t\t<div class=\"elementor-container elementor-column-gap-default\">\n\t\t\t\t\t<div class=\"elementor-column elementor-col-100 elementor-top-column elementor-element elementor-element-d86d2a4\" data-id=\"d86d2a4\" data-element_type=\"column\" data-e-type=\"column\">\n\t\t\t<div class=\"elementor-widget-wrap elementor-element-populated\">\n\t\t\t\t\t\t<div class=\"elementor-element elementor-element-6a1e50a elementor-widget elementor-widget-heading\" data-id=\"6a1e50a\" data-element_type=\"widget\" data-e-type=\"widget\" data-widget_type=\"heading.default\">\n\t\t\t\t<div class=\"elementor-widget-container\">\n\t\t\t\t\t<h5 class=\"elementor-heading-title elementor-size-default\">QUELQUES D\u00c9TAILS DE NOTRE USINE<\/h5>\t\t\t\t<\/div>\n\t\t\t\t<\/div>\n\t\t\t\t<div class=\"elementor-element elementor-element-6edaa29 elementor-widget elementor-widget-heading\" data-id=\"6edaa29\" data-element_type=\"widget\" data-e-type=\"widget\" data-widget_type=\"heading.default\">\n\t\t\t\t<div class=\"elementor-widget-container\">\n\t\t\t\t\t<h2 class=\"elementor-heading-title elementor-size-default\">Vous \u00eates invit\u00e9s \u00e0 nous rendre visite en Chine<\/h2>\t\t\t\t<\/div>\n\t\t\t\t<\/div>\n\t\t\t\t\t<\/div>\n\t\t<\/div>\n\t\t\t\t\t<\/div>\n\t\t<\/section>\n\t\t\t\t<section data-particle_enable=\"false\" data-particle-mobile-disabled=\"false\" class=\"elementor-section elementor-top-section elementor-element elementor-element-ab2c0d6 elementor-section-boxed elementor-section-height-default elementor-section-height-default\" data-id=\"ab2c0d6\" data-element_type=\"section\" data-e-type=\"section\" data-settings=\"{&quot;background_background&quot;:&quot;classic&quot;}\">\n\t\t\t\t\t\t<div class=\"elementor-container elementor-column-gap-default\">\n\t\t\t\t\t<div class=\"elementor-column elementor-col-33 elementor-top-column elementor-element elementor-element-6db54dd\" data-id=\"6db54dd\" data-element_type=\"column\" data-e-type=\"column\">\n\t\t\t<div class=\"elementor-widget-wrap elementor-element-populated\">\n\t\t\t\t\t\t<div class=\"elementor-element elementor-element-04335d8 elementor-position-top elementor-widget elementor-widget-image-box\" data-id=\"04335d8\" data-element_type=\"widget\" data-e-type=\"widget\" data-widget_type=\"image-box.default\">\n\t\t\t\t<div class=\"elementor-widget-container\">\n\t\t\t\t\t<div class=\"elementor-image-box-wrapper\"><figure class=\"elementor-image-box-img\"><img loading=\"lazy\" decoding=\"async\" width=\"500\" height=\"375\" src=\"https:\/\/swforming.com\/wp-content\/uploads\/2022\/09\/7bbd6c5075aa79723439c6119610f8d.jpg\" class=\"attachment-full size-full wp-image-236\" alt=\"Machines de formage de rouleaux pour plates-formes offshore\" title=\"\" srcset=\"https:\/\/swforming.com\/wp-content\/uploads\/2022\/09\/7bbd6c5075aa79723439c6119610f8d.jpg 500w, https:\/\/swforming.com\/wp-content\/uploads\/2022\/09\/7bbd6c5075aa79723439c6119610f8d-300x225.jpg 300w\" sizes=\"(max-width: 500px) 100vw, 500px\" \/><\/figure><div class=\"elementor-image-box-content\"><h3 class=\"elementor-image-box-title\">Ligne de production all\u00e9g\u00e9e<\/h3><p class=\"elementor-image-box-description\">Notre usine de fabrication compte un certain nombre d&#039;employ\u00e9s qualifi\u00e9s et une gamme d&#039;\u00e9quipements de pointe qui peuvent \u00eatre utilis\u00e9s pour fabriquer et modifier une large gamme de machines de profilage \u00e0 froid. Notre usine a mis en place un certain nombre de zones d\u00e9di\u00e9es telles que la zone de tri des pi\u00e8ces, la zone d&#039;assemblage, la zone d&#039;emballage, etc.<\/p><\/div><\/div>\t\t\t\t<\/div>\n\t\t\t\t<\/div>\n\t\t\t\t\t<\/div>\n\t\t<\/div>\n\t\t\t\t<div class=\"elementor-column elementor-col-33 elementor-top-column elementor-element elementor-element-05da81a\" data-id=\"05da81a\" data-element_type=\"column\" data-e-type=\"column\">\n\t\t\t<div class=\"elementor-widget-wrap elementor-element-populated\">\n\t\t\t\t\t\t<div class=\"elementor-element elementor-element-8a9f8b9 elementor-position-top elementor-widget elementor-widget-image-box\" data-id=\"8a9f8b9\" data-element_type=\"widget\" data-e-type=\"widget\" data-widget_type=\"image-box.default\">\n\t\t\t\t<div class=\"elementor-widget-container\">\n\t\t\t\t\t<div class=\"elementor-image-box-wrapper\"><figure class=\"elementor-image-box-img\"><img loading=\"lazy\" decoding=\"async\" width=\"500\" height=\"375\" src=\"https:\/\/swforming.com\/wp-content\/uploads\/2022\/09\/IMG_1799.jpg\" class=\"attachment-full size-full wp-image-238\" alt=\"\" title=\"\" srcset=\"https:\/\/swforming.com\/wp-content\/uploads\/2022\/09\/IMG_1799.jpg 500w, https:\/\/swforming.com\/wp-content\/uploads\/2022\/09\/IMG_1799-300x225.jpg 300w\" sizes=\"(max-width: 500px) 100vw, 500px\" \/><\/figure><div class=\"elementor-image-box-content\"><h3 class=\"elementor-image-box-title\">Orient\u00e9 qualit\u00e9<\/h3><p class=\"elementor-image-box-description\">Chez Sunway, nous prenons au s\u00e9rieux l&#039;assurance qualit\u00e9 et le contr\u00f4le qualit\u00e9. En tant que fabricant de longue date de machines de profilage \u00e0 froid, soumis \u00e0 des processus d&#039;assurance qualit\u00e9 et de contr\u00f4le qualit\u00e9 stricts, nous avons fait nos preuves depuis des ann\u00e9es en aidant les entreprises \u00e0 concevoir, d\u00e9velopper, fabriquer et lancer leurs excellentes machines de profilage sur les march\u00e9s nationaux et internationaux.<\/p><\/div><\/div>\t\t\t\t<\/div>\n\t\t\t\t<\/div>\n\t\t\t\t\t<\/div>\n\t\t<\/div>\n\t\t\t\t<div class=\"elementor-column elementor-col-33 elementor-top-column elementor-element elementor-element-f6a38e0\" data-id=\"f6a38e0\" data-element_type=\"column\" data-e-type=\"column\">\n\t\t\t<div class=\"elementor-widget-wrap elementor-element-populated\">\n\t\t\t\t\t\t<div class=\"elementor-element elementor-element-77c1ae8 elementor-position-top elementor-widget elementor-widget-image-box\" data-id=\"77c1ae8\" data-element_type=\"widget\" data-e-type=\"widget\" data-widget_type=\"image-box.default\">\n\t\t\t\t<div class=\"elementor-widget-container\">\n\t\t\t\t\t<div class=\"elementor-image-box-wrapper\"><figure class=\"elementor-image-box-img\"><img loading=\"lazy\" decoding=\"async\" width=\"500\" height=\"375\" src=\"https:\/\/swforming.com\/wp-content\/uploads\/2022\/09\/e9310fbd41f64ec6183033f84d8c4a3.jpg\" class=\"attachment-full size-full wp-image-237\" alt=\"\" title=\"\" srcset=\"https:\/\/swforming.com\/wp-content\/uploads\/2022\/09\/e9310fbd41f64ec6183033f84d8c4a3.jpg 500w, https:\/\/swforming.com\/wp-content\/uploads\/2022\/09\/e9310fbd41f64ec6183033f84d8c4a3-300x225.jpg 300w\" sizes=\"(max-width: 500px) 100vw, 500px\" \/><\/figure><div class=\"elementor-image-box-content\"><h3 class=\"elementor-image-box-title\">Bonheur des employ\u00e9s<\/h3><p class=\"elementor-image-box-description\">En tant qu&#039;usine responsable de machines de profilage \u00e0 froid, nos produits sont de qualit\u00e9 sup\u00e9rieure, tout comme la vie de nos employ\u00e9s. Nous avons une excellente occasion de faire une diff\u00e9rence dans la vie de nos employ\u00e9s. Sunway offre aux employ\u00e9s suffisamment d&#039;espace, des mat\u00e9riaux corrects et un environnement de travail confortable et agr\u00e9able. Nos gens travaillent heureux en usine.<\/p><\/div><\/div>\t\t\t\t<\/div>\n\t\t\t\t<\/div>\n\t\t\t\t\t<\/div>\n\t\t<\/div>\n\t\t\t\t\t<\/div>\n\t\t<\/section>\n\t\t\t\t<\/div>","protected":false},"excerpt":{"rendered":"<p>Our Factory quality manufacturing The Leading Roll forming machine Factory In China Our roll forming machine factory has been established for more than 20 years, which is the enterprise professionally manufacturing cold forming machine. Sunway has a full set of production system from researching &amp; developing, materials purchasing, producing, inspection, packaging and exporting. All our [&hellip;]<\/p>\n","protected":false},"author":1,"featured_media":0,"parent":0,"menu_order":0,"comment_status":"closed","ping_status":"closed","template":"","meta":{"_acf_changed":false,"footnotes":""},"class_list":["post-214","page","type-page","status-publish","hentry"],"blocksy_meta":{"styles_descriptor":{"styles":{"desktop":"","tablet":"","mobile":""},"google_fonts":[],"version":6}},"acf":[],"_links":{"self":[{"href":"https:\/\/swforming.com\/fr\/wp-json\/wp\/v2\/pages\/214","targetHints":{"allow":["GET"]}}],"collection":[{"href":"https:\/\/swforming.com\/fr\/wp-json\/wp\/v2\/pages"}],"about":[{"href":"https:\/\/swforming.com\/fr\/wp-json\/wp\/v2\/types\/page"}],"author":[{"embeddable":true,"href":"https:\/\/swforming.com\/fr\/wp-json\/wp\/v2\/users\/1"}],"replies":[{"embeddable":true,"href":"https:\/\/swforming.com\/fr\/wp-json\/wp\/v2\/comments?post=214"}],"version-history":[{"count":25,"href":"https:\/\/swforming.com\/fr\/wp-json\/wp\/v2\/pages\/214\/revisions"}],"predecessor-version":[{"id":580,"href":"https:\/\/swforming.com\/fr\/wp-json\/wp\/v2\/pages\/214\/revisions\/580"}],"wp:attachment":[{"href":"https:\/\/swforming.com\/fr\/wp-json\/wp\/v2\/media?parent=214"}],"curies":[{"name":"wp","href":"https:\/\/api.w.org\/{rel}","templated":true}]}}