{"id":942,"date":"2022-09-29T06:06:07","date_gmt":"2022-09-29T06:06:07","guid":{"rendered":"https:\/\/swforming.com\/?post_type=product&#038;p=942"},"modified":"2023-03-10T11:56:51","modified_gmt":"2023-03-10T11:56:51","slug":"roof-tile-roll-forming-machine","status":"publish","type":"product","link":"https:\/\/swforming.com\/es\/product\/roof-tile-roll-forming-machine\/","title":{"rendered":"M\u00e1quina formadora de rollos de tejas"},"content":{"rendered":"<h3>Caracter\u00edsticas de la m\u00e1quina formadora de rollos de tejas:<\/h3>\n<p>La m\u00e1quina perfiladora de tejas se utiliza para formar tejas met\u00e1licas escalonadas que se utilizan ampliamente en la construcci\u00f3n civil, como plantas, hangares, gimnasios, salas de exposiciones y teatros. El producto de esta m\u00e1quina perfiladora presenta una apariencia novedosa, superficie nivelada, ondulaci\u00f3n uniforme, alto uso y autoinmunizaci\u00f3n, bajo costo y durabilidad.<\/p>\n<h3>Aplicaciones<\/h3>\n<p>Los productos terminados son ampliamente utilizados en la construcci\u00f3n civil, como plantas, hangares, gimnasios, salas de exposiciones y teatros.<\/p>\n<h3>Flujo del proceso<\/h3>\n<p>Desbobinador -&gt; Alimentaci\u00f3n de gu\u00eda -&gt; Formaci\u00f3n de rodillos -&gt; Pasos de estampado hidr\u00e1ulico-&gt; Corte hidr\u00e1ulico -&gt; Salida<\/p>\n<p><img fetchpriority=\"high\" decoding=\"async\" class=\"alignnone wp-image-944 size-full\" src=\"https:\/\/swforming.com\/wp-content\/uploads\/2022\/09\/9f01cb72-4d3d-486e-a0cd-d1b273791845.png\" alt=\"M\u00e1quina formadora de rollos de tejas\" width=\"800\" height=\"140\" title=\"\" srcset=\"https:\/\/swforming.com\/wp-content\/uploads\/2022\/09\/9f01cb72-4d3d-486e-a0cd-d1b273791845.png 800w, https:\/\/swforming.com\/wp-content\/uploads\/2022\/09\/9f01cb72-4d3d-486e-a0cd-d1b273791845-600x105.png 600w, https:\/\/swforming.com\/wp-content\/uploads\/2022\/09\/9f01cb72-4d3d-486e-a0cd-d1b273791845-300x53.png 300w, https:\/\/swforming.com\/wp-content\/uploads\/2022\/09\/9f01cb72-4d3d-486e-a0cd-d1b273791845-768x134.png 768w\" sizes=\"(max-width: 800px) 100vw, 800px\" \/><\/p>\n<h3>Configuraciones de la m\u00e1quina<\/h3>\n<div>\n<p>&nbsp;<\/p>\n<table>\n<tbody>\n<tr>\n<td data-sheets-value=\"{&quot;1&quot;:2,&quot;2&quot;:&quot;1. Uncoiler&quot;}\">1. Desenrollador<\/td>\n<td data-sheets-value=\"{&quot;1&quot;:2,&quot;2&quot;:&quot;2. Guide feeder&quot;}\">\n<div>\n<div>2. Alimentador de gu\u00eda<\/div>\n<\/div>\n<\/td>\n<\/tr>\n<tr>\n<td data-sheets-value=\"{&quot;1&quot;:2,&quot;2&quot;:&quot;3. roll former&quot;}\">3. rodillo anterior<\/td>\n<td data-sheets-value=\"{&quot;1&quot;:2,&quot;2&quot;:&quot;4. Hydraulic pressing unit&quot;}\">\n<div>\n<div>4. Unidad de prensado hidr\u00e1ulico<\/div>\n<\/div>\n<\/td>\n<\/tr>\n<tr>\n<td data-sheets-value=\"{&quot;1&quot;:2,&quot;2&quot;:&quot;5. Hydraulic cutting unit&quot;}\">5. Unidad de corte hidr\u00e1ulica<\/td>\n<td data-sheets-value=\"{&quot;1&quot;:2,&quot;2&quot;:&quot;6. PLC control system&quot;}\">\n<div>\n<div>6. Sistema de control PLC<\/div>\n<\/div>\n<\/td>\n<\/tr>\n<tr>\n<td data-sheets-value=\"{&quot;1&quot;:2,&quot;2&quot;:&quot;7. Hydraulic station&quot;}\">7. Estaci\u00f3n hidr\u00e1ulica<\/td>\n<td><\/td>\n<\/tr>\n<\/tbody>\n<\/table>\n<\/div>\n<h3>Dibujos de perfil<\/h3>\n<p><img decoding=\"async\" class=\"alignnone size-full wp-image-945\" src=\"https:\/\/swforming.com\/wp-content\/uploads\/2022\/09\/76218cd9-4081-44ba-8ab3-14365763b7fb.jpg\" alt=\"\" width=\"800\" height=\"779\" title=\"\" srcset=\"https:\/\/swforming.com\/wp-content\/uploads\/2022\/09\/76218cd9-4081-44ba-8ab3-14365763b7fb.jpg 800w, https:\/\/swforming.com\/wp-content\/uploads\/2022\/09\/76218cd9-4081-44ba-8ab3-14365763b7fb-600x584.jpg 600w, https:\/\/swforming.com\/wp-content\/uploads\/2022\/09\/76218cd9-4081-44ba-8ab3-14365763b7fb-300x292.jpg 300w, https:\/\/swforming.com\/wp-content\/uploads\/2022\/09\/76218cd9-4081-44ba-8ab3-14365763b7fb-768x748.jpg 768w\" sizes=\"(max-width: 800px) 100vw, 800px\" \/><\/p>\n<h3>Fotos de referencia<\/h3>\n<p><img decoding=\"async\" class=\"alignnone size-full wp-image-946\" src=\"https:\/\/swforming.com\/wp-content\/uploads\/2022\/09\/f23a6943-3b90-444d-8925-20ab2fa2c338.jpg\" alt=\"\" width=\"800\" height=\"913\" title=\"\" srcset=\"https:\/\/swforming.com\/wp-content\/uploads\/2022\/09\/f23a6943-3b90-444d-8925-20ab2fa2c338.jpg 800w, https:\/\/swforming.com\/wp-content\/uploads\/2022\/09\/f23a6943-3b90-444d-8925-20ab2fa2c338-600x685.jpg 600w, https:\/\/swforming.com\/wp-content\/uploads\/2022\/09\/f23a6943-3b90-444d-8925-20ab2fa2c338-263x300.jpg 263w, https:\/\/swforming.com\/wp-content\/uploads\/2022\/09\/f23a6943-3b90-444d-8925-20ab2fa2c338-768x876.jpg 768w\" sizes=\"(max-width: 800px) 100vw, 800px\" \/><\/p>\n<blockquote class=\"wp-embedded-content\" data-secret=\"Hq3JomClAP\"><p><a href=\"https:\/\/swforming.com\/es\/como-elegir-una-maquina-formadora-de-techos\/\">\u00bfC\u00f3mo elegir una m\u00e1quina perfiladora de techos?<\/a><\/p><\/blockquote>\n<p><iframe class=\"wp-embedded-content\" sandbox=\"allow-scripts\" security=\"restricted\" style=\"position: absolute; clip: rect(1px, 1px, 1px, 1px);\" title=\"&quot;\u00bfC\u00f3mo elegir una m\u00e1quina perfiladora de techos?&quot; \u2014 M\u00e1quina SUNWAY\" src=\"https:\/\/swforming.com\/how-to-choose-a-roofing-roll-forming-machine\/embed\/#?secret=EBQCwol6i9#?secret=Hq3JomClAP\" data-secret=\"Hq3JomClAP\" width=\"600\" height=\"338\" frameborder=\"0\" marginwidth=\"0\" marginheight=\"0\" scrolling=\"no\"><\/iframe><\/p>","protected":false},"excerpt":{"rendered":"<p>Roof Tile Roll Forming Machine Features\uff1a Roof tile roll forming machine is used to roll form metal roofing step tiles which are widely used in civilian construction, such as plants, hangar, gymnasium, exhibition hall and theaters. The product of this roll forming machine features novel appearance, level surface, uniform ripple, high usage and autoimmunization, low [&hellip;]<\/p>\n","protected":false},"featured_media":950,"comment_status":"open","ping_status":"closed","template":"","meta":{"_acf_changed":false},"product_brand":[],"product_cat":[45,114,85],"product_tag":[],"class_list":{"0":"post-942","1":"product","2":"type-product","3":"status-publish","4":"has-post-thumbnail","6":"product_cat-metal-wall-roofing","7":"product_cat-roll-former","8":"product_cat-roof-tile-panel-roll-forming-machine","10":"first","11":"instock","12":"shipping-taxable","13":"product-type-simple"},"acf":[],"_links":{"self":[{"href":"https:\/\/swforming.com\/es\/wp-json\/wp\/v2\/product\/942","targetHints":{"allow":["GET"]}}],"collection":[{"href":"https:\/\/swforming.com\/es\/wp-json\/wp\/v2\/product"}],"about":[{"href":"https:\/\/swforming.com\/es\/wp-json\/wp\/v2\/types\/product"}],"replies":[{"embeddable":true,"href":"https:\/\/swforming.com\/es\/wp-json\/wp\/v2\/comments?post=942"}],"version-history":[{"count":2,"href":"https:\/\/swforming.com\/es\/wp-json\/wp\/v2\/product\/942\/revisions"}],"predecessor-version":[{"id":1768,"href":"https:\/\/swforming.com\/es\/wp-json\/wp\/v2\/product\/942\/revisions\/1768"}],"wp:featuredmedia":[{"embeddable":true,"href":"https:\/\/swforming.com\/es\/wp-json\/wp\/v2\/media\/950"}],"wp:attachment":[{"href":"https:\/\/swforming.com\/es\/wp-json\/wp\/v2\/media?parent=942"}],"wp:term":[{"taxonomy":"product_brand","embeddable":true,"href":"https:\/\/swforming.com\/es\/wp-json\/wp\/v2\/product_brand?post=942"},{"taxonomy":"product_cat","embeddable":true,"href":"https:\/\/swforming.com\/es\/wp-json\/wp\/v2\/product_cat?post=942"},{"taxonomy":"product_tag","embeddable":true,"href":"https:\/\/swforming.com\/es\/wp-json\/wp\/v2\/product_tag?post=942"}],"curies":[{"name":"wp","href":"https:\/\/api.w.org\/{rel}","templated":true}]}}