{"id":885,"date":"2022-09-29T03:40:50","date_gmt":"2022-09-29T03:40:50","guid":{"rendered":"https:\/\/swforming.com\/?post_type=product&#038;p=885"},"modified":"2023-06-16T03:57:24","modified_gmt":"2023-06-16T03:57:24","slug":"gutter-roll-forming-machine","status":"publish","type":"product","link":"https:\/\/swforming.com\/es\/product\/gutter-roll-forming-machine\/","title":{"rendered":"M\u00e1quina perfiladora de canalones"},"content":{"rendered":"<h3>M\u00e1quina Perfiladora de Canal\u00f3n Caracter\u00edsticas:<\/h3>\n<p>No s\u00f3lo estamos ofrecer a los clientes una maravillosa m\u00e1quina perfiladora de canal\u00f3n para hacer, sino tambi\u00e9n la abundante experiencia, fabricaci\u00f3n de precisi\u00f3n, fabricaci\u00f3n autom\u00e1tica estable por energ\u00eda hidr\u00e1ulica, sistema de control de alta tecnolog\u00eda, y nuestro entusiasmo.<\/p>\n<h3>Aplicaciones<\/h3>\n<p>Los productos producidos por la m\u00e1quina perfiladora de canal\u00f3n son ampliamente utilizados en f\u00e1brica, taller, garaje, almac\u00e9n, cobertizo de locomotora, percha, edificio de exposiciones, cine, teatro, estadio, jard\u00edn, etc.<\/p>\n<h3>Flujo del proceso<\/h3>\n<p>Desenrollador - Alimentaci\u00f3n - Perfilado - Corte - Estante de salida<\/p>\n<h3>Configuraciones de la m\u00e1quina<\/h3>\n<table dir=\"ltr\" border=\"1\" cellspacing=\"0\" cellpadding=\"0\">\n<colgroup>\n<col width=\"100\" \/>\n<col width=\"100\" \/><\/colgroup>\n<tbody>\n<tr>\n<td data-sheets-value=\"{&quot;1&quot;:2,&quot;2&quot;:&quot;1. Uncoiler&quot;}\">1. Desenrollador<\/td>\n<td data-sheets-value=\"{&quot;1&quot;:2,&quot;2&quot;:&quot;2. Feeding Device&quot;}\">\n<div>\n<div>2. Dispositivo de alimentaci\u00f3n<\/div>\n<\/div>\n<\/td>\n<\/tr>\n<tr>\n<td data-sheets-value=\"{&quot;1&quot;:2,&quot;2&quot;:&quot;3. Roll Forming Machine&quot;}\">3. M\u00e1quina formadora de rollos<\/td>\n<td data-sheets-value=\"{&quot;1&quot;:2,&quot;2&quot;:&quot;4. Hydraulic Cutting&quot;}\">\n<div>\n<div>4. Corte hidr\u00e1ulico<\/div>\n<\/div>\n<\/td>\n<\/tr>\n<tr>\n<td data-sheets-value=\"{&quot;1&quot;:2,&quot;2&quot;:&quot;5. PLC Control System&quot;}\">5. Sistema de Control PLC<\/td>\n<td data-sheets-value=\"{&quot;1&quot;:2,&quot;2&quot;:&quot;6. Exit Rack&quot;}\">6. Estante de salida<\/td>\n<\/tr>\n<\/tbody>\n<\/table>\n<h3>Dibujos de perfil para referencia<\/h3>\n<h3><img fetchpriority=\"high\" decoding=\"async\" class=\"alignnone size-full wp-image-887\" src=\"https:\/\/swforming.com\/wp-content\/uploads\/2022\/09\/Profile-Drawings-for-Reference-2.jpg\" alt=\"\" width=\"800\" height=\"461\" title=\"\" srcset=\"https:\/\/swforming.com\/wp-content\/uploads\/2022\/09\/Profile-Drawings-for-Reference-2.jpg 800w, https:\/\/swforming.com\/wp-content\/uploads\/2022\/09\/Profile-Drawings-for-Reference-2-600x346.jpg 600w, https:\/\/swforming.com\/wp-content\/uploads\/2022\/09\/Profile-Drawings-for-Reference-2-300x173.jpg 300w, https:\/\/swforming.com\/wp-content\/uploads\/2022\/09\/Profile-Drawings-for-Reference-2-768x443.jpg 768w\" sizes=\"(max-width: 800px) 100vw, 800px\" \/><\/h3>\n<figure id=\"attachment_888\" aria-describedby=\"caption-attachment-888\" style=\"width: 400px\" class=\"wp-caption alignleft\"><img decoding=\"async\" class=\"size-full wp-image-888\" src=\"https:\/\/swforming.com\/wp-content\/uploads\/2022\/09\/Roll-Forming-Machine.jpg\" alt=\"\" width=\"400\" height=\"300\" title=\"\" srcset=\"https:\/\/swforming.com\/wp-content\/uploads\/2022\/09\/Roll-Forming-Machine.jpg 400w, https:\/\/swforming.com\/wp-content\/uploads\/2022\/09\/Roll-Forming-Machine-300x225.jpg 300w\" sizes=\"(max-width: 400px) 100vw, 400px\" \/><figcaption id=\"caption-attachment-888\" class=\"wp-caption-text\">M\u00e1quina formadora de rollos<\/figcaption><\/figure>\n<figure id=\"attachment_891\" aria-describedby=\"caption-attachment-891\" style=\"width: 400px\" class=\"wp-caption alignright\"><img decoding=\"async\" class=\"size-full wp-image-891\" src=\"https:\/\/swforming.com\/wp-content\/uploads\/2022\/09\/Sample.jpg\" alt=\"\" width=\"400\" height=\"300\" title=\"\" srcset=\"https:\/\/swforming.com\/wp-content\/uploads\/2022\/09\/Sample.jpg 400w, https:\/\/swforming.com\/wp-content\/uploads\/2022\/09\/Sample-300x225.jpg 300w\" sizes=\"(max-width: 400px) 100vw, 400px\" \/><figcaption id=\"caption-attachment-891\" class=\"wp-caption-text\">Muestra 1<\/figcaption><\/figure>\n<figure id=\"attachment_890\" aria-describedby=\"caption-attachment-890\" style=\"width: 400px\" class=\"wp-caption alignleft\"><img loading=\"lazy\" decoding=\"async\" class=\"size-full wp-image-890\" src=\"https:\/\/swforming.com\/wp-content\/uploads\/2022\/09\/Sample-2.jpg\" alt=\"\" width=\"400\" height=\"300\" title=\"\" srcset=\"https:\/\/swforming.com\/wp-content\/uploads\/2022\/09\/Sample-2.jpg 400w, https:\/\/swforming.com\/wp-content\/uploads\/2022\/09\/Sample-2-300x225.jpg 300w\" sizes=\"(max-width: 400px) 100vw, 400px\" \/><figcaption id=\"caption-attachment-890\" class=\"wp-caption-text\">Muestra 2<\/figcaption><\/figure>\n<p>&nbsp;<\/p>\n<p>&nbsp;<\/p>\n<p>&nbsp;<\/p>\n<p>&nbsp;<\/p>\n<p>&nbsp;<\/p>\n<p>&nbsp;<\/p>\n<p>&nbsp;<\/p>\n<p>&nbsp;<\/p>\n<figure id=\"attachment_889\" aria-describedby=\"caption-attachment-889\" style=\"width: 400px\" class=\"wp-caption alignright\"><img loading=\"lazy\" decoding=\"async\" class=\"size-full wp-image-889\" src=\"https:\/\/swforming.com\/wp-content\/uploads\/2022\/09\/Sample-3.jpg\" alt=\"\" width=\"400\" height=\"299\" title=\"\" srcset=\"https:\/\/swforming.com\/wp-content\/uploads\/2022\/09\/Sample-3.jpg 400w, https:\/\/swforming.com\/wp-content\/uploads\/2022\/09\/Sample-3-300x224.jpg 300w\" sizes=\"(max-width: 400px) 100vw, 400px\" \/><figcaption id=\"caption-attachment-889\" class=\"wp-caption-text\">Muestra 3<\/figcaption><\/figure>\n<p>&nbsp;<\/p>\n<p>&nbsp;<\/p>\n<p>&nbsp;<\/p>\n<p>&nbsp;<\/p>\n<p>&nbsp;<\/p>\n<p>&nbsp;<\/p>\n<p>&nbsp;<\/p>\n<p>&nbsp;<\/p>\n<p>&nbsp;<\/p>\n<p>&nbsp;<\/p>\n<h3>tipo de perfiladora de canalones<\/h3>\n<p>Existen varios tipos de perfiladoras de canalones que se utilizan en la industria manufacturera. El tipo espec\u00edfico de m\u00e1quina utilizada puede depender de la forma y el tama\u00f1o deseados del canal\u00f3n, as\u00ed como de los requisitos de producci\u00f3n. A continuaci\u00f3n se indican algunos tipos comunes de perfiladoras de canalones:<\/p>\n<ol>\n<li>M\u00e1quina perfiladora de canalones estilo K: Este tipo de m\u00e1quina se utiliza para producir canalones estilo K, que se utilizan com\u00fanmente en edificios residenciales y comerciales. Los canalones estilo K tienen un fondo plano y una forma decorativa en la parte delantera.<\/li>\n<li>M\u00e1quina Perfiladora de Canal\u00f3n Semicircular: Esta m\u00e1quina est\u00e1 dise\u00f1ada para producir canalones de media ca\u00f1a, que tienen una secci\u00f3n transversal semicircular. Los canalones semicirculares suelen utilizarse en aplicaciones hist\u00f3ricas o arquitect\u00f3nicas.<\/li>\n<li>M\u00e1quina Perfiladora de Canal\u00f3n de Caja: Los canalones rectangulares se utilizan normalmente en edificios industriales o comerciales con grandes superficies de tejado. La perfiladora de canalones rectangulares se utiliza para producir canalones con forma rectangular o cuadrada, lo que permite una mayor capacidad de agua.<\/li>\n<li>M\u00e1quina Perfiladora de Canal\u00f3n de Fascia: Los canalones de la imposta se integran en la l\u00ednea del tejado, normalmente ocultos tras el tablero de la imposta. Este tipo de m\u00e1quina se utiliza para producir canalones que se integran perfectamente en el exterior del edificio.<\/li>\n<li>M\u00e1quinas perfiladoras de canalones a medida: En funci\u00f3n de los requisitos espec\u00edficos, se pueden dise\u00f1ar y fabricar perfiladoras personalizadas para producir canalones con formas o perfiles \u00fanicos.<\/li>\n<\/ol>\n<p>Estos son s\u00f3lo algunos ejemplos de m\u00e1quinas perfiladoras de canalones. El tipo real de m\u00e1quina utilizada puede variar en funci\u00f3n del fabricante, la regi\u00f3n y las necesidades espec\u00edficas de la industria.<\/p>\n<h3>\u00bfCu\u00e1les son las principales aplicaciones de la perfiladora de vierteaguas?<\/h3>\n<p>La principal aplicaci\u00f3n de una perfiladora de vierteaguas se encuentra en el campo de la construcci\u00f3n y los materiales de construcci\u00f3n. Est\u00e1 dise\u00f1ada espec\u00edficamente para fabricar vierteaguas, que son componentes esenciales de los edificios residenciales y comerciales para un drenaje eficaz del agua.<\/p>\n<p>Estos son los principales campos en los que se suelen utilizar las perfiladoras de vierteaguas:<\/p>\n<ol>\n<li>Industria de la construcci\u00f3n: Los canalones son cruciales para gestionar el agua de lluvia y evitar da\u00f1os en los edificios. El sector de la construcci\u00f3n utiliza ampliamente m\u00e1quinas de perfilado de vierteaguas para producir canalones de distintos tama\u00f1os, formas y materiales, como aluminio, acero o PVC.<\/li>\n<li>Contratistas de techado: Los contratistas de tejados a menudo necesitan m\u00e1quinas perfiladoras de vierteaguas para complementar sus servicios. Pueden fabricar vierteaguas personalizados in situ para adaptarse a los requisitos espec\u00edficos de cada proyecto de techado, garantizando una gesti\u00f3n y un drenaje adecuados del agua.<\/li>\n<li>Fabricantes de materiales de construcci\u00f3n: Los fabricantes especializados en materiales de construcci\u00f3n, como las empresas de fabricaci\u00f3n de metal, utilizan m\u00e1quinas de perfilado de vierteaguas para producir vierteaguas a gran escala. Estos canalones pueden suministrarse a empresas de construcci\u00f3n, contratistas o venderse directamente en el mercado como productos listos para usar.<\/li>\n<li>Mejora y renovaci\u00f3n del hogar: Las m\u00e1quinas perfiladoras de canalones de lluvia tambi\u00e9n est\u00e1n destinadas al sector de la mejora y renovaci\u00f3n del hogar. Los contratistas o propietarios de viviendas que deseen sustituir o instalar canalones nuevos pueden beneficiarse de la personalizaci\u00f3n y eficiencia que ofrecen estas m\u00e1quinas.<\/li>\n<li>Fabricaci\u00f3n de chapa met\u00e1lica: Las perfiladoras de canalones se utilizan a menudo en procesos de fabricaci\u00f3n de chapas met\u00e1licas. Estas m\u00e1quinas pueden producir canalones con dimensiones, formas y perfiles precisos, cumpliendo los requisitos espec\u00edficos de arquitectos, ingenieros y contratistas.<\/li>\n<\/ol>\n<p>En general, la principal aplicaci\u00f3n de las m\u00e1quinas perfiladoras de vierteaguas se encuentra en la industria de la construcci\u00f3n y sectores afines, donde la producci\u00f3n de vierteaguas es esencial para la gesti\u00f3n eficaz del agua y la protecci\u00f3n de los edificios.<\/p>\n<h3>\u00bfC\u00f3mo elegir la m\u00e1quina perfiladora de canalones de agua?<\/h3>\n<p>A la hora de elegir una perfiladora de canalones de agua, hay varios factores a tener en cuenta para asegurarse de que selecciona la m\u00e1quina adecuada para sus necesidades. A continuaci\u00f3n se indican algunos puntos clave a tener en cuenta:<\/p>\n<ol>\n<li>Perfil del canal\u00f3n: Determine el perfil de canal\u00f3n espec\u00edfico que necesita, como estilo K, media ca\u00f1a, canal\u00f3n de caja o perfiles personalizados. Aseg\u00farese de que la m\u00e1quina que elija pueda producir el perfil de canal\u00f3n deseado con precisi\u00f3n y uniformidad.<\/li>\n<li>Compatibilidad de materiales: Tenga en cuenta los tipos de materiales con los que va a trabajar, como aluminio, acero o cobre. Aseg\u00farese de que la m\u00e1quina es compatible con los materiales que tiene previsto utilizar y de que puede trabajar con el grosor y la anchura requeridos.<\/li>\n<li>Capacidad de producci\u00f3n: Eval\u00fae sus necesidades de producci\u00f3n en t\u00e9rminos del volumen de canalones que necesita fabricar en un plazo determinado. Elija una m\u00e1quina con la velocidad y capacidad adecuadas para satisfacer sus necesidades de producci\u00f3n.<\/li>\n<li>Flexibilidad de la m\u00e1quina: Determine si va a producir canalones de varios tama\u00f1os y perfiles. Busque una m\u00e1quina que ofrezca flexibilidad a la hora de ajustar f\u00e1cilmente las dimensiones de los canalones para adaptarse a los distintos requisitos de los clientes.<\/li>\n<li>Calidad y precisi\u00f3n: Aseg\u00farese de que la m\u00e1quina es capaz de producir canalones con gran precisi\u00f3n y calidad constante. Busque caracter\u00edsticas como una construcci\u00f3n robusta, componentes de precisi\u00f3n y sistemas de control avanzados que contribuyan a una producci\u00f3n precisa y fiable.<\/li>\n<li>Opciones de personalizaci\u00f3n: Si tiene requisitos espec\u00edficos o perfiles de canal\u00f3n \u00fanicos, considere si la m\u00e1quina se puede personalizar o adaptar para satisfacer sus necesidades espec\u00edficas. Algunos fabricantes pueden ofrecer opciones de personalizaci\u00f3n u opciones de herramientas adicionales para diferentes perfiles de canal\u00f3n.<\/li>\n<li>Asistencia y servicio posventa: Investigue la reputaci\u00f3n del fabricante y sus servicios de atenci\u00f3n al cliente. Busque un proveedor fiable que ofrezca asistencia t\u00e9cnica, formaci\u00f3n, disponibilidad de piezas de repuesto y cobertura de garant\u00eda para la m\u00e1quina.<\/li>\n<li>Coste y retorno de la inversi\u00f3n: Compare los precios de las distintas m\u00e1quinas teniendo en cuenta las caracter\u00edsticas, la calidad y la asistencia que ofrecen. Eval\u00fae el posible retorno de la inversi\u00f3n en funci\u00f3n de la producci\u00f3n prevista y la demanda del mercado de los canalones que vaya a fabricar.<\/li>\n<\/ol>\n<p>Si tiene en cuenta estos factores y realiza una investigaci\u00f3n exhaustiva, podr\u00e1 tomar una decisi\u00f3n informada y elegir una perfiladora de canalones de agua que se adapte a sus requisitos espec\u00edficos y ofrezca valor a largo plazo para su negocio.<\/p>\n<blockquote class=\"wp-embedded-content\" data-secret=\"IDCDEdoexk\"><p><a href=\"https:\/\/swforming.com\/es\/how-does-gutter-roll-forming-machine-work-and-what-are-its-benefits\/\">\u00bfC\u00f3mo funciona la m\u00e1quina perfiladora de canalones y cu\u00e1les son sus beneficios?<\/a><\/p><\/blockquote>\n<p><iframe class=\"wp-embedded-content\" sandbox=\"allow-scripts\" security=\"restricted\" style=\"position: absolute; clip: rect(1px, 1px, 1px, 1px);\" title=\"&quot;\u00bfC\u00f3mo funciona la m\u00e1quina perfiladora de canalones y cu\u00e1les son sus ventajas?&quot; - M\u00e1quina SUNWAY\" src=\"https:\/\/swforming.com\/how-does-gutter-roll-forming-machine-work-and-what-are-its-benefits\/embed\/#?secret=9IQrTTWN0t#?secret=IDCDEdoexk\" data-secret=\"IDCDEdoexk\" width=\"600\" height=\"338\" frameborder=\"0\" marginwidth=\"0\" marginheight=\"0\" scrolling=\"no\"><\/iframe><\/p>\n<p>&nbsp;<\/p>\n<p>&nbsp;<\/p>","protected":false},"excerpt":{"rendered":"<p>Gutter Roll Forming Machine Features: We are not only offer customers a wonderful gutter roll forming machine for making, but also the abundant experience, precision making, stable automatic manufacture by hydraulic power, hi-tech control system, and our enthusiasm. Applications The products produced by the gutter roll forming machine is widely used in factory, workshop, garage, [&hellip;]<\/p>\n","protected":false},"featured_media":892,"comment_status":"open","ping_status":"closed","template":"","meta":{"_acf_changed":false},"product_brand":[],"product_cat":[82,45],"product_tag":[],"class_list":{"0":"post-885","1":"product","2":"type-product","3":"status-publish","4":"has-post-thumbnail","6":"product_cat-gutter-roll-forming-machine","7":"product_cat-metal-wall-roofing","9":"first","10":"instock","11":"shipping-taxable","12":"product-type-simple"},"acf":[],"_links":{"self":[{"href":"https:\/\/swforming.com\/es\/wp-json\/wp\/v2\/product\/885","targetHints":{"allow":["GET"]}}],"collection":[{"href":"https:\/\/swforming.com\/es\/wp-json\/wp\/v2\/product"}],"about":[{"href":"https:\/\/swforming.com\/es\/wp-json\/wp\/v2\/types\/product"}],"replies":[{"embeddable":true,"href":"https:\/\/swforming.com\/es\/wp-json\/wp\/v2\/comments?post=885"}],"version-history":[{"count":4,"href":"https:\/\/swforming.com\/es\/wp-json\/wp\/v2\/product\/885\/revisions"}],"predecessor-version":[{"id":3251,"href":"https:\/\/swforming.com\/es\/wp-json\/wp\/v2\/product\/885\/revisions\/3251"}],"wp:featuredmedia":[{"embeddable":true,"href":"https:\/\/swforming.com\/es\/wp-json\/wp\/v2\/media\/892"}],"wp:attachment":[{"href":"https:\/\/swforming.com\/es\/wp-json\/wp\/v2\/media?parent=885"}],"wp:term":[{"taxonomy":"product_brand","embeddable":true,"href":"https:\/\/swforming.com\/es\/wp-json\/wp\/v2\/product_brand?post=885"},{"taxonomy":"product_cat","embeddable":true,"href":"https:\/\/swforming.com\/es\/wp-json\/wp\/v2\/product_cat?post=885"},{"taxonomy":"product_tag","embeddable":true,"href":"https:\/\/swforming.com\/es\/wp-json\/wp\/v2\/product_tag?post=885"}],"curies":[{"name":"wp","href":"https:\/\/api.w.org\/{rel}","templated":true}]}}