{"id":815,"date":"2022-09-23T03:39:27","date_gmt":"2022-09-23T03:39:27","guid":{"rendered":"https:\/\/swforming.com\/?post_type=product&#038;p=815"},"modified":"2023-06-30T07:06:07","modified_gmt":"2023-06-30T07:06:07","slug":"two-waves-highway-guardrail-machine","status":"publish","type":"product","link":"https:\/\/swforming.com\/es\/product\/two-waves-highway-guardrail-machine\/","title":{"rendered":"M\u00e1quina de barandas de carretera de dos ondas"},"content":{"rendered":"<h3>M\u00e1quina de barandilla de carretera de dos ondas Caracter\u00edsticas:<\/h3>\n<p>La m\u00e1quina de barandilla de carretera de dos ondas puede producir diferentes tama\u00f1os de barandilla de 2 ondas que se utilizan para carreteras u otras explotaciones ganaderas.<\/p>\n<h3>Aplicaciones<\/h3>\n<p>Los productos acabados se utilizan como una variedad de barandilla, barandilla de la carretera, cerca y otras explotaciones ganaderas.<\/p>\n<h3>Flujo del proceso<\/h3>\n<p>Desenrollador - alimentaci\u00f3n - nivelaci\u00f3n - punzonado - perfilado - corte - salida<\/p>\n<p><img fetchpriority=\"high\" decoding=\"async\" class=\"alignnone wp-image-797 size-full\" src=\"https:\/\/swforming.com\/wp-content\/uploads\/2022\/09\/Process-Flow.jpg\" alt=\"M\u00e1quina de barandas de carretera de dos ondas\" width=\"1000\" height=\"317\" title=\"\" srcset=\"https:\/\/swforming.com\/wp-content\/uploads\/2022\/09\/Process-Flow.jpg 1000w, https:\/\/swforming.com\/wp-content\/uploads\/2022\/09\/Process-Flow-600x190.jpg 600w, https:\/\/swforming.com\/wp-content\/uploads\/2022\/09\/Process-Flow-300x95.jpg 300w, https:\/\/swforming.com\/wp-content\/uploads\/2022\/09\/Process-Flow-768x243.jpg 768w\" sizes=\"(max-width: 1000px) 100vw, 1000px\" \/><\/p>\n<h3>Configuraciones de la m\u00e1quina<\/h3>\n<div>\n<table>\n<tbody>\n<tr>\n<td data-sheets-value=\"{&quot;1&quot;:3,&quot;3&quot;:1}\">1<\/td>\n<td data-sheets-value=\"{&quot;1&quot;:2,&quot;2&quot;:&quot;Uncoiler&quot;}\">desenrollador<\/td>\n<\/tr>\n<tr>\n<td data-sheets-value=\"{&quot;1&quot;:3,&quot;3&quot;:2}\">2<\/td>\n<td data-sheets-value=\"{&quot;1&quot;:2,&quot;2&quot;:&quot;Guide feeder&quot;}\">Alimentador gu\u00eda<\/td>\n<\/tr>\n<tr>\n<td data-sheets-value=\"{&quot;1&quot;:3,&quot;3&quot;:3}\">3<\/td>\n<td data-sheets-value=\"{&quot;1&quot;:2,&quot;2&quot;:&quot;Leveling unit&quot;}\">Unidad de nivelaci\u00f3n<\/td>\n<\/tr>\n<tr>\n<td data-sheets-value=\"{&quot;1&quot;:3,&quot;3&quot;:4}\">4<\/td>\n<td data-sheets-value=\"{&quot;1&quot;:2,&quot;2&quot;:&quot;Punching unit&quot;}\">Unidad de punzonado<\/td>\n<\/tr>\n<tr>\n<td data-sheets-value=\"{&quot;1&quot;:3,&quot;3&quot;:5}\">5<\/td>\n<td data-sheets-value=\"{&quot;1&quot;:2,&quot;2&quot;:&quot;Roll former&quot;}\">Rodillo anterior<\/td>\n<\/tr>\n<tr>\n<td data-sheets-value=\"{&quot;1&quot;:3,&quot;3&quot;:6}\">6<\/td>\n<td data-sheets-value=\"{&quot;1&quot;:2,&quot;2&quot;:&quot;Hydraulic cutting unit&quot;}\">\n<div>\n<div>Unidad de corte hidr\u00e1ulica<\/div>\n<\/div>\n<\/td>\n<\/tr>\n<tr>\n<td data-sheets-value=\"{&quot;1&quot;:3,&quot;3&quot;:7}\">7<\/td>\n<td data-sheets-value=\"{&quot;1&quot;:2,&quot;2&quot;:&quot;PLC Control System&quot;}\">\n<div>\n<div>Sistema de control PLC<\/div>\n<\/div>\n<\/td>\n<\/tr>\n<tr>\n<td data-sheets-value=\"{&quot;1&quot;:3,&quot;3&quot;:8}\">8<\/td>\n<td data-sheets-value=\"{&quot;1&quot;:2,&quot;2&quot;:&quot;Hydraulic station&quot;}\">\n<div>\n<div>Estaci\u00f3n hidr\u00e1ulica<\/div>\n<\/div>\n<\/td>\n<\/tr>\n<tr>\n<td data-sheets-value=\"{&quot;1&quot;:3,&quot;3&quot;:9}\">9<\/td>\n<td data-sheets-value=\"{&quot;1&quot;:2,&quot;2&quot;:&quot;Output table&quot;}\">Tabla de salida<\/td>\n<\/tr>\n<\/tbody>\n<\/table>\n<\/div>\n<h3>Dibujos de perfil para referencia<\/h3>\n<p><img decoding=\"async\" class=\"alignnone size-full wp-image-817\" src=\"https:\/\/swforming.com\/wp-content\/uploads\/2022\/09\/829275ad-0330-4541-9baf-ba84947c6b4d.jpg\" alt=\"\" width=\"1000\" height=\"609\" title=\"\" srcset=\"https:\/\/swforming.com\/wp-content\/uploads\/2022\/09\/829275ad-0330-4541-9baf-ba84947c6b4d.jpg 1000w, https:\/\/swforming.com\/wp-content\/uploads\/2022\/09\/829275ad-0330-4541-9baf-ba84947c6b4d-600x365.jpg 600w, https:\/\/swforming.com\/wp-content\/uploads\/2022\/09\/829275ad-0330-4541-9baf-ba84947c6b4d-300x183.jpg 300w, https:\/\/swforming.com\/wp-content\/uploads\/2022\/09\/829275ad-0330-4541-9baf-ba84947c6b4d-768x468.jpg 768w\" sizes=\"(max-width: 1000px) 100vw, 1000px\" \/><\/p>\n<p>&nbsp;<\/p>\n<p>&nbsp;<\/p>\n<p><img decoding=\"async\" class=\"alignnone size-full wp-image-818\" src=\"https:\/\/swforming.com\/wp-content\/uploads\/2022\/09\/3465bf02-8bfa-4650-8f47-b1dcda89854b.jpg\" alt=\"\" width=\"750\" height=\"499\" title=\"\" srcset=\"https:\/\/swforming.com\/wp-content\/uploads\/2022\/09\/3465bf02-8bfa-4650-8f47-b1dcda89854b.jpg 750w, https:\/\/swforming.com\/wp-content\/uploads\/2022\/09\/3465bf02-8bfa-4650-8f47-b1dcda89854b-600x399.jpg 600w, https:\/\/swforming.com\/wp-content\/uploads\/2022\/09\/3465bf02-8bfa-4650-8f47-b1dcda89854b-300x200.jpg 300w\" sizes=\"(max-width: 750px) 100vw, 750px\" \/><\/p>\n<h3>Fotos de referencia<\/h3>\n<p><img loading=\"lazy\" decoding=\"async\" class=\"alignnone wp-image-806 size-full\" src=\"https:\/\/swforming.com\/wp-content\/uploads\/2022\/09\/3T-Hydraulic-decoiler-1.jpg\" alt=\"perfiladora de barandillas de carretera\" width=\"1000\" height=\"750\" title=\"\" srcset=\"https:\/\/swforming.com\/wp-content\/uploads\/2022\/09\/3T-Hydraulic-decoiler-1.jpg 1000w, https:\/\/swforming.com\/wp-content\/uploads\/2022\/09\/3T-Hydraulic-decoiler-1-600x450.jpg 600w, https:\/\/swforming.com\/wp-content\/uploads\/2022\/09\/3T-Hydraulic-decoiler-1-300x225.jpg 300w, https:\/\/swforming.com\/wp-content\/uploads\/2022\/09\/3T-Hydraulic-decoiler-1-768x576.jpg 768w\" sizes=\"(max-width: 1000px) 100vw, 1000px\" \/><\/p>\n<h3>\u00bfQu\u00e9 es la perfiladora de barandillas de carretera?<\/h3>\n<p>Una m\u00e1quina perfiladora de barandillas de seguridad es un equipo especializado utilizado en el proceso de fabricaci\u00f3n de barandillas de seguridad. Los guardarra\u00edles son barreras de seguridad que se instalan a los lados de las carreteras y autopistas para evitar que los veh\u00edculos se salgan de la carretera o se crucen con el tr\u00e1fico que circula en sentido contrario.<\/p>\n<p>La m\u00e1quina perfiladora est\u00e1 dise\u00f1ada para dar forma y transformar las chapas met\u00e1licas en el perfil y las dimensiones espec\u00edficas requeridas para las barreras de seguridad de las autopistas. Normalmente consta de una serie de rodillos y conjuntos de herramientas que doblan y dan forma progresivamente a la chapa met\u00e1lica a medida que pasa por la m\u00e1quina. La m\u00e1quina aplica una presi\u00f3n continua y acciones de conformado a la chapa, lo que da como resultado un perfil consistente y preciso.<\/p>\n<p>El proceso comienza con la carga de una bobina de metal en la m\u00e1quina, que se hace pasar por los rodillos. Los rodillos doblan gradualmente la chapa met\u00e1lica hasta darle la forma deseada, creando los perfiles caracter\u00edsticos de viga en W o viga en T que se utilizan habitualmente en los guardarra\u00edles de las autopistas. En el proceso de perfilado pueden integrarse operaciones adicionales, como la perforaci\u00f3n de agujeros para la fijaci\u00f3n y el gofrado para aumentar la resistencia.<\/p>\n<p>Las m\u00e1quinas perfiladoras de barandillas de carretera suelen estar automatizadas y pueden controlarse mediante sistemas inform\u00e1ticos. Esto permite una producci\u00f3n eficaz y uniforme, reduciendo el trabajo manual y garantizando la uniformidad de los productos finales. Las m\u00e1quinas perfiladoras son utilizadas por fabricantes o fabricantes especializados en la producci\u00f3n de barandillas de carretera para cumplir las normas de seguridad y las especificaciones exigidas por las autoridades viales y los departamentos de transporte.<\/p>\n<h3>top 5 barandilla de carretera rollo formando equipo fabricantes en China<\/h3>\n<ol>\n<li>WUXI SUNWAY MACHINERY CO., LTD es un fabricante y exportador profesional que se ocupa del dise\u00f1o, desarrollo y producci\u00f3n de m\u00e1quinas perfiladoras en fr\u00edo. Todos los productos cumplen con los est\u00e1ndares internacionales de calidad y son muy apreciados en una variedad de mercados diferentes en todo el mundo, como Asia, \u00c1frica, Europa, Am\u00e9rica del Sur y Australia, entre otros. Ha ganado una red de ventas global.<\/li>\n<li>Hangzhou Roll Forming Technology Co. LTD. (HFT): HFT es un fabricante l\u00edder de maquinas perfiladoras, incluyendo maquinas perfiladoras de barandilla de carretera. Tienen una fuerte reputaci\u00f3n para la producci\u00f3n de equipos de alta calidad y proporcionar un servicio post-venta confiable.<\/li>\n<li>Jiangsu Huazhong Roll Forming Machine Co., Ltd.: Huazhong es una empresa bien establecida especializada en maquinaria de perfilado. Ofrecen una gama de maquinas perfiladoras de baranda de carretera que son conocidas por su precisi\u00f3n y durabilidad.<\/li>\n<li>Shenzhen Superda Machine Co., Ltd.: Superda Machine es un fabricante de confianza de m\u00e1quinas perfiladoras para diversas aplicaciones, incluida la producci\u00f3n de barandillas para autopistas. Ofrecen soluciones personalizadas adaptadas para satisfacer requisitos espec\u00edficos.<\/li>\n<li>Tianjin Haixing Imp &amp; Exp Co., Ltd.: Haixing es un fabricante de renombre y exportador de maquinas perfiladoras. Ofrecen una amplia gama de equipos de perfilado, incluyendo maquinas perfiladoras de barandilla de carretera, conocidas por su eficiencia y rentabilidad.<\/li>\n<\/ol>\n<h3>aplicaci\u00f3n de la m\u00e1quina para fabricar barandillas de carretera<\/h3>\n<ol>\n<li>Construcci\u00f3n de carreteras: La principal aplicaci\u00f3n de las barreras de seguridad es la construcci\u00f3n de carreteras y autopistas. Las barandillas se instalan a lo largo de los laterales de la carretera para mejorar la seguridad evitando que los veh\u00edculos se salgan de la calzada o se crucen con el tr\u00e1fico que circula en sentido contrario. La m\u00e1quina de fabricaci\u00f3n de barandillas se utiliza para producir los componentes necesarios para estas barreras de seguridad.<\/li>\n<li>Proyectos de infraestructuras: La m\u00e1quina para fabricar barandillas se utiliza en diversos proyectos de infraestructuras que requieren barreras de seguridad. Esto incluye puentes, pasos elevados, t\u00faneles y otros proyectos de infraestructuras de transporte en los que se necesitan barandillas para proteger a veh\u00edculos y peatones.<\/li>\n<li>Mantenimiento y mejoras de las carreteras: Puede ser necesario reparar o sustituir las barandillas debido al desgaste, accidentes o cambios en el dise\u00f1o de la carretera. La m\u00e1quina de fabricaci\u00f3n de quitamiedos se utiliza para fabricar nuevos componentes para estos proyectos de mantenimiento y mejora, garantizando perfiles de quitamiedos coherentes y compatibles.<\/li>\n<li>Proyectos internacionales: Muchos pa\u00edses de todo el mundo utilizan barandillas de carretera para mejorar la seguridad vial. La m\u00e1quina de fabricaci\u00f3n de barandillas se utiliza en proyectos internacionales para cumplir las normas y requisitos de seguridad espec\u00edficos de las distintas regiones.<\/li>\n<li>Exportaci\u00f3n: Los fabricantes chinos de m\u00e1quinas para fabricar quitamiedos suelen exportar sus equipos a pa\u00edses de todo el mundo. La m\u00e1quina permite a los fabricantes locales de distintas regiones producir sus propios guardarra\u00edles, lo que reduce la dependencia de los productos importados y garantiza el cumplimiento de la normativa local.<\/li>\n<\/ol>","protected":false},"excerpt":{"rendered":"<p><strong>Caracter\u00edsticas<\/strong><\/p>\n<p>La m\u00e1quina de barandilla de carretera de dos ondas puede producir diferentes tama\u00f1os de barandilla de 2 ondas que se utilizan para carreteras u otras explotaciones ganaderas.<\/p>\n<p><strong><b>Aplicaciones<\/b><\/strong><\/p>\n<p>Los productos acabados se utilizan como una variedad de barandilla, barandilla de la carretera, cerca y otras explotaciones ganaderas.<\/p>\n<p><strong><b>Flujo del proceso<\/b><\/strong><\/p>\n<p>Desenrollador - alimentaci\u00f3n - nivelaci\u00f3n - punzonado - perfilado - corte - salida<\/p>","protected":false},"featured_media":819,"comment_status":"open","ping_status":"closed","template":"","meta":{"_acf_changed":false},"product_brand":[],"product_cat":[37,94],"product_tag":[],"class_list":{"0":"post-815","1":"product","2":"type-product","3":"status-publish","4":"has-post-thumbnail","6":"product_cat-highway-engineering-vehicle","7":"product_cat-highway-guardrail-roll-forming-machine","9":"first","10":"instock","11":"shipping-taxable","12":"product-type-simple"},"acf":[],"_links":{"self":[{"href":"https:\/\/swforming.com\/es\/wp-json\/wp\/v2\/product\/815","targetHints":{"allow":["GET"]}}],"collection":[{"href":"https:\/\/swforming.com\/es\/wp-json\/wp\/v2\/product"}],"about":[{"href":"https:\/\/swforming.com\/es\/wp-json\/wp\/v2\/types\/product"}],"replies":[{"embeddable":true,"href":"https:\/\/swforming.com\/es\/wp-json\/wp\/v2\/comments?post=815"}],"version-history":[{"count":3,"href":"https:\/\/swforming.com\/es\/wp-json\/wp\/v2\/product\/815\/revisions"}],"predecessor-version":[{"id":3351,"href":"https:\/\/swforming.com\/es\/wp-json\/wp\/v2\/product\/815\/revisions\/3351"}],"wp:featuredmedia":[{"embeddable":true,"href":"https:\/\/swforming.com\/es\/wp-json\/wp\/v2\/media\/819"}],"wp:attachment":[{"href":"https:\/\/swforming.com\/es\/wp-json\/wp\/v2\/media?parent=815"}],"wp:term":[{"taxonomy":"product_brand","embeddable":true,"href":"https:\/\/swforming.com\/es\/wp-json\/wp\/v2\/product_brand?post=815"},{"taxonomy":"product_cat","embeddable":true,"href":"https:\/\/swforming.com\/es\/wp-json\/wp\/v2\/product_cat?post=815"},{"taxonomy":"product_tag","embeddable":true,"href":"https:\/\/swforming.com\/es\/wp-json\/wp\/v2\/product_tag?post=815"}],"curies":[{"name":"wp","href":"https:\/\/api.w.org\/{rel}","templated":true}]}}