{"id":794,"date":"2022-09-23T02:59:25","date_gmt":"2022-09-23T02:59:25","guid":{"rendered":"https:\/\/swforming.com\/?post_type=product&#038;p=794"},"modified":"2023-06-28T03:40:16","modified_gmt":"2023-06-28T03:40:16","slug":"three-waves-highway-guardrail-machine","status":"publish","type":"product","link":"https:\/\/swforming.com\/es\/product\/three-waves-highway-guardrail-machine\/","title":{"rendered":"M\u00e1quina de barandas de carretera de tres ondas"},"content":{"rendered":"<h3>M\u00e1quina de barandilla de carretera de tres ondas Caracter\u00edsticas:<\/h3>\n<p>Las m\u00e1quinas de barandillas de carretera de 3 ondas pueden producir diferentes tama\u00f1os de barandillas de 3 ondas que se utilizan para carreteras u otras explotaciones ganaderas.<\/p>\n<h3>Aplicaciones<\/h3>\n<p>Los productos acabados se utilizan como una variedad de barandilla, barandilla de la carretera, cerca y otras explotaciones ganaderas.<\/p>\n<h3>Flujo del proceso<\/h3>\n<p>Desenrollador - alimentaci\u00f3n - nivelaci\u00f3n - punzonado - perfilado - corte - salida<\/p>\n<p><img fetchpriority=\"high\" decoding=\"async\" class=\"alignnone wp-image-797 size-full\" src=\"https:\/\/swforming.com\/wp-content\/uploads\/2022\/09\/Process-Flow.jpg\" alt=\"M\u00e1quina de barandas de carretera de tres ondas\" width=\"1000\" height=\"317\" title=\"\" srcset=\"https:\/\/swforming.com\/wp-content\/uploads\/2022\/09\/Process-Flow.jpg 1000w, https:\/\/swforming.com\/wp-content\/uploads\/2022\/09\/Process-Flow-600x190.jpg 600w, https:\/\/swforming.com\/wp-content\/uploads\/2022\/09\/Process-Flow-300x95.jpg 300w, https:\/\/swforming.com\/wp-content\/uploads\/2022\/09\/Process-Flow-768x243.jpg 768w\" sizes=\"(max-width: 1000px) 100vw, 1000px\" \/><\/p>\n<h3>Configuraciones de la m\u00e1quina<\/h3>\n<div>\n<table>\n<tbody>\n<tr>\n<td data-sheets-value=\"{&quot;1&quot;:3,&quot;3&quot;:1}\">1<\/td>\n<td data-sheets-value=\"{&quot;1&quot;:2,&quot;2&quot;:&quot;Uncoiler&quot;}\">desenrollador<\/td>\n<\/tr>\n<tr>\n<td data-sheets-value=\"{&quot;1&quot;:3,&quot;3&quot;:2}\">2<\/td>\n<td data-sheets-value=\"{&quot;1&quot;:2,&quot;2&quot;:&quot;Guide feeder&quot;}\">Alimentador gu\u00eda<\/td>\n<\/tr>\n<tr>\n<td data-sheets-value=\"{&quot;1&quot;:3,&quot;3&quot;:3}\">3<\/td>\n<td data-sheets-value=\"{&quot;1&quot;:2,&quot;2&quot;:&quot;Leveling unit&quot;}\">Unidad de nivelaci\u00f3n<\/td>\n<\/tr>\n<tr>\n<td data-sheets-value=\"{&quot;1&quot;:3,&quot;3&quot;:4}\">4<\/td>\n<td data-sheets-value=\"{&quot;1&quot;:2,&quot;2&quot;:&quot;Punching unit&quot;}\">Unidad de punzonado<\/td>\n<\/tr>\n<tr>\n<td data-sheets-value=\"{&quot;1&quot;:3,&quot;3&quot;:5}\">5<\/td>\n<td data-sheets-value=\"{&quot;1&quot;:2,&quot;2&quot;:&quot;Roll former&quot;}\">Rodillo anterior<\/td>\n<\/tr>\n<tr>\n<td data-sheets-value=\"{&quot;1&quot;:3,&quot;3&quot;:6}\">6<\/td>\n<td data-sheets-value=\"{&quot;1&quot;:2,&quot;2&quot;:&quot;Hydraulic cutting unit&quot;}\">\n<div>\n<div>Unidad de corte hidr\u00e1ulica<\/div>\n<\/div>\n<\/td>\n<\/tr>\n<tr>\n<td data-sheets-value=\"{&quot;1&quot;:3,&quot;3&quot;:7}\">7<\/td>\n<td data-sheets-value=\"{&quot;1&quot;:2,&quot;2&quot;:&quot;PLC Control System&quot;}\">\n<div>\n<div>Sistema de control PLC<\/div>\n<\/div>\n<\/td>\n<\/tr>\n<tr>\n<td data-sheets-value=\"{&quot;1&quot;:3,&quot;3&quot;:8}\">8<\/td>\n<td data-sheets-value=\"{&quot;1&quot;:2,&quot;2&quot;:&quot;Hydraulic station&quot;}\">\n<div>\n<div>Estaci\u00f3n hidr\u00e1ulica<\/div>\n<\/div>\n<\/td>\n<\/tr>\n<tr>\n<td data-sheets-value=\"{&quot;1&quot;:3,&quot;3&quot;:9}\">9<\/td>\n<td data-sheets-value=\"{&quot;1&quot;:2,&quot;2&quot;:&quot;Output table&quot;}\">Tabla de salida<\/td>\n<\/tr>\n<\/tbody>\n<\/table>\n<div>\n<p>&nbsp;<\/p>\n<h3>Dibujos de perfil<\/h3>\n<p><img decoding=\"async\" class=\"alignnone size-full wp-image-798\" src=\"https:\/\/swforming.com\/wp-content\/uploads\/2022\/09\/Profile-Drawing.jpg\" alt=\"\" width=\"1000\" height=\"310\" title=\"\" srcset=\"https:\/\/swforming.com\/wp-content\/uploads\/2022\/09\/Profile-Drawing.jpg 1000w, https:\/\/swforming.com\/wp-content\/uploads\/2022\/09\/Profile-Drawing-600x186.jpg 600w, https:\/\/swforming.com\/wp-content\/uploads\/2022\/09\/Profile-Drawing-300x93.jpg 300w, https:\/\/swforming.com\/wp-content\/uploads\/2022\/09\/Profile-Drawing-768x238.jpg 768w\" sizes=\"(max-width: 1000px) 100vw, 1000px\" \/><\/p>\n<h3>Fotos de referencia<\/h3>\n<figure id=\"attachment_805\" aria-describedby=\"caption-attachment-805\" style=\"width: 1000px\" class=\"wp-caption alignnone\"><img decoding=\"async\" class=\"wp-image-805 size-full\" src=\"https:\/\/swforming.com\/wp-content\/uploads\/2022\/09\/Three-waves-highway-guardrail-machine-1.jpg\" alt=\"M\u00e1quina de barandas de carretera de tres ondas \" width=\"1000\" height=\"561\" title=\"\" srcset=\"https:\/\/swforming.com\/wp-content\/uploads\/2022\/09\/Three-waves-highway-guardrail-machine-1.jpg 1000w, https:\/\/swforming.com\/wp-content\/uploads\/2022\/09\/Three-waves-highway-guardrail-machine-1-600x337.jpg 600w, https:\/\/swforming.com\/wp-content\/uploads\/2022\/09\/Three-waves-highway-guardrail-machine-1-300x168.jpg 300w, https:\/\/swforming.com\/wp-content\/uploads\/2022\/09\/Three-waves-highway-guardrail-machine-1-768x431.jpg 768w\" sizes=\"(max-width: 1000px) 100vw, 1000px\" \/><figcaption id=\"caption-attachment-805\" class=\"wp-caption-text\">M\u00e1quina de barandas de carretera de tres ondas<\/figcaption><\/figure>\n<figure id=\"attachment_806\" aria-describedby=\"caption-attachment-806\" style=\"width: 1000px\" class=\"wp-caption alignnone\"><img loading=\"lazy\" decoding=\"async\" class=\"wp-image-806 size-full\" src=\"https:\/\/swforming.com\/wp-content\/uploads\/2022\/09\/3T-Hydraulic-decoiler-1.jpg\" alt=\"3T Desenrollador hidr\u00e1ulico\" width=\"1000\" height=\"750\" title=\"\" srcset=\"https:\/\/swforming.com\/wp-content\/uploads\/2022\/09\/3T-Hydraulic-decoiler-1.jpg 1000w, https:\/\/swforming.com\/wp-content\/uploads\/2022\/09\/3T-Hydraulic-decoiler-1-600x450.jpg 600w, https:\/\/swforming.com\/wp-content\/uploads\/2022\/09\/3T-Hydraulic-decoiler-1-300x225.jpg 300w, https:\/\/swforming.com\/wp-content\/uploads\/2022\/09\/3T-Hydraulic-decoiler-1-768x576.jpg 768w\" sizes=\"(max-width: 1000px) 100vw, 1000px\" \/><figcaption id=\"caption-attachment-806\" class=\"wp-caption-text\">3T Desenrollador hidr\u00e1ulico<\/figcaption><\/figure>\n<h3>\u00bfQu\u00e9 es la perfiladora de barandillas de carretera?<\/h3>\n<p>Una m\u00e1quina perfiladora de barandillas de carretera es un equipo especializado utilizado en el proceso de fabricaci\u00f3n de barandillas de carretera. Las barandillas de carretera se instalan a lo largo de los lados de las carreteras y autopistas para proporcionar una barrera y evitar que los veh\u00edculos se salgan de la calzada, reduciendo el riesgo de accidentes y mejorando la seguridad vial.<\/p>\n<p>La m\u00e1quina perfiladora est\u00e1 dise\u00f1ada para transformar chapas met\u00e1licas planas en la forma y el perfil deseados de las barreras de seguridad para carreteras. Suele constar de una serie de rodillos y herramientas que doblan y moldean gradualmente la chapa met\u00e1lica para darle la configuraci\u00f3n deseada. La m\u00e1quina puede manipular varios tipos de metal, como acero galvanizado o acero inoxidable, que se utilizan habitualmente para la producci\u00f3n de guardarra\u00edles de carretera.<\/p>\n<p>El proceso comienza con la introducci\u00f3n de una bobina de metal plano en la perfiladora. A medida que el metal pasa por los rodillos, se somete a una serie de operaciones de doblado y conformado. Los rodillos tienen contornos y dise\u00f1os espec\u00edficos que moldean gradualmente el metal hasta darle el perfil deseado, que suele incluir ondulaciones, pesta\u00f1as y otras caracter\u00edsticas estructurales.<\/p>\n<p>La perfiladora de guardarra\u00edles suele estar automatizada y controlada por ordenador, lo que garantiza una producci\u00f3n precisa y uniforme. Tambi\u00e9n puede estar equipada con mecanismos de corte para recortar las secciones de barandilla formadas a la longitud requerida.<\/p>\n<p>En general, la m\u00e1quina perfiladora de barandillas de carretera juega un papel crucial en la producci\u00f3n eficiente y rentable de barandillas de carretera, permitiendo a los fabricantes satisfacer la demanda de infraestructura de seguridad vial.<\/p>\n<h3>funcionamiento de una m\u00e1quina formadora de barandillas de carretera<\/h3>\n<p>La funci\u00f3n de una m\u00e1quina formadora de barandillas de carretera es producir de manera eficiente y precisa barandillas de carretera con la forma y las especificaciones deseadas. Estas son algunas de las funciones y caracter\u00edsticas clave de una m\u00e1quina formadora de barandillas de carretera:<\/p>\n<ol>\n<li>Perfilado: La m\u00e1quina utiliza una serie de rodillos y herramientas para doblar y dar forma gradualmente a chapas met\u00e1licas planas en el perfil deseado de las barandillas de carretera. Puede crear ondulaciones, rebordes y otras caracter\u00edsticas estructurales necesarias para el dise\u00f1o del quitamiedos.<\/li>\n<li>Alimentaci\u00f3n de material: La m\u00e1quina est\u00e1 equipada con un sistema de alimentaci\u00f3n de material que acepta bobinas o chapas met\u00e1licas y las introduce en el proceso de perfilado. Esto garantiza un flujo de producci\u00f3n continuo e ininterrumpido.<\/li>\n<li>Precisi\u00f3n y consistencia: Las m\u00e1quinas formadoras de barandillas para carreteras est\u00e1n dise\u00f1adas para proporcionar resultados precisos y uniformes. La automatizaci\u00f3n controlada por ordenador garantiza mediciones, \u00e1ngulos y dimensiones precisos, lo que da como resultado secciones de barandilla uniformes.<\/li>\n<li>Velocidad y eficacia: Estas m\u00e1quinas est\u00e1n dise\u00f1adas para funcionar a altas velocidades, lo que permite unos \u00edndices de producci\u00f3n eficientes. Pueden procesar un gran volumen de chapas met\u00e1licas en un tiempo relativamente corto, lo que aumenta la productividad.<\/li>\n<li>Mecanismos de corte: Algunas m\u00e1quinas formadoras de barandillas de carretera est\u00e1n equipadas con mecanismos de corte que pueden recortar las secciones de barandilla formadas a la longitud requerida. Esta caracter\u00edstica elimina la necesidad del corte manual y mejora la eficiencia general de la producci\u00f3n.<\/li>\n<li>Flexibilidad y personalizaci\u00f3n: Las m\u00e1quinas pueden ajustarse y configurarse para producir barandillas de diferentes perfiles, tama\u00f1os y especificaciones. Esta flexibilidad permite a los fabricantes satisfacer los distintos requisitos de los proyectos y las demandas de los clientes.<\/li>\n<li>Control de calidad: Las barandillas de carretera deben cumplir normas de calidad y requisitos normativos espec\u00edficos. Las m\u00e1quinas de conformado de barandillas incorporan mecanismos de control de calidad para garantizar que las barandillas producidas cumplen estas normas, incluida la precisi\u00f3n dimensional, la integridad estructural y el acabado superficial.<\/li>\n<\/ol>\n<p>En general, la funci\u00f3n principal de una m\u00e1quina formadora de barandillas de carretera es agilizar el proceso de fabricaci\u00f3n, producir barandillas de alta calidad y satisfacer la demanda de infraestructura de seguridad vial con eficacia.<\/p>\n<\/div>\n<\/div>\n<h3>TOP 5 barandilla de carretera rollo formando equipo fabricantes en China<\/h3>\n<ol>\n<li>WUXI SUNWAY MACHINERY CO., LTD es un fabricante y exportador profesional que se ocupa del dise\u00f1o, desarrollo y producci\u00f3n de m\u00e1quinas perfiladoras en fr\u00edo. Todos los productos cumplen con los est\u00e1ndares internacionales de calidad y son muy apreciados en una variedad de mercados diferentes en todo el mundo, como Asia, \u00c1frica, Europa, Am\u00e9rica del Sur y Australia, entre otros. Ha ganado una red de ventas global.<\/li>\n<li>Shanghai Metal Forming Machine Co., Ltd: Shanghai Metal Forming Machine es un fabricante l\u00edder especializado en el dise\u00f1o y producci\u00f3n de m\u00e1quinas perfiladoras. Ofrecen una amplia gama de maquinaria, incluyendo m\u00e1quinas perfiladoras de barandilla de carretera, con un enfoque en la calidad y la satisfacci\u00f3n del cliente.<\/li>\n<li>Jiangsu Guoqiang Zinc-Plating Industrial Co., Ltd: Guoqiang es un fabricante prominente de sistemas de barandilla de carretera, y tambi\u00e9n producen m\u00e1quinas perfiladoras de barandilla de carretera. Con a\u00f1os de experiencia en la industria, proporcionan soluciones de perfilado fiables y eficientes.<\/li>\n<li>Cangzhou Zhongtuo International Trade Co., Ltd: Zhongtuo International Trade es un conocido proveedor de maquinaria de perfilado, incluyendo m\u00e1quinas perfiladoras de barandillas de carretera. Ofrecen una amplia gama de equipos y tienen una fuerte presencia en el mercado chino.<\/li>\n<li>Tianjin Haixing Imp &amp; Exp Co., Ltd: Haixing es un fabricante y exportador de renombre de maquinas perfiladoras, incluyendo maquinas perfiladoras de barandas de carretera. Tienen una amplia experiencia en la industria y se centran en la entrega de productos de alta calidad para satisfacer las necesidades del cliente.<\/li>\n<\/ol>\n<div>\n<div>\n<h3>Qui\u00e9nes somos<\/h3>\n<p>WUXI SUNWAY MACHINERY CO., LTD es un fabricante y exportador profesional que se ocupa del dise\u00f1o, desarrollo y producci\u00f3n de m\u00e1quinas perfiladoras en fr\u00edo. Todos los productos cumplen con los est\u00e1ndares internacionales de calidad y son muy apreciados en una variedad de mercados diferentes en todo el mundo, como Asia, \u00c1frica, Europa, Am\u00e9rica del Sur y Australia, entre otros. Ha ganado una red de ventas global.<\/p>\n<p>Nuestras m\u00e1quinas se caracterizan por su bonito aspecto, larga vida \u00fatil, buen rendimiento, funcionamiento sencillo, precio razonable, buena calidad, etc. Fuertes recursos t\u00e9cnicos son la garant\u00eda m\u00e1s estable para la calidad de nuestros productos. Nuestra empresa est\u00e1 especializada en la fabricaci\u00f3n de diferentes tipos de m\u00e1quinas de perfilado en fr\u00edo, tales como m\u00e1quinas de perfilado de chapa de acero de color para techo y pared, m\u00e1quinas de purling C y Z para estructura de acero, m\u00e1quinas de perfilado de acero para aplicaciones profesionales, m\u00e1quinas de corte longitudinal para el procesamiento de materias primas, especialmente en la fabricaci\u00f3n de m\u00e1quinas de soporte de montaje solar que son ampliamente utilizados en el campo fotovoltaico.<\/p>\n<p>&nbsp;<\/p>\n<\/div>\n<\/div>","protected":false},"excerpt":{"rendered":"<p>Las m\u00e1quinas de barandillas de tres ondas para autopistas pueden producir barandillas de tres ondas de diferentes tama\u00f1os que se utilizan para autopistas u otras explotaciones ganaderas. Los productos terminados se utilizan como una variedad de barandilla, barandilla de la carretera, cerca y otras explotaciones ganaderas.<\/p>","protected":false},"featured_media":801,"comment_status":"open","ping_status":"closed","template":"","meta":{"_acf_changed":false},"product_brand":[],"product_cat":[37,94],"product_tag":[],"class_list":{"0":"post-794","1":"product","2":"type-product","3":"status-publish","4":"has-post-thumbnail","6":"product_cat-highway-engineering-vehicle","7":"product_cat-highway-guardrail-roll-forming-machine","9":"first","10":"instock","11":"shipping-taxable","12":"product-type-simple"},"acf":[],"_links":{"self":[{"href":"https:\/\/swforming.com\/es\/wp-json\/wp\/v2\/product\/794","targetHints":{"allow":["GET"]}}],"collection":[{"href":"https:\/\/swforming.com\/es\/wp-json\/wp\/v2\/product"}],"about":[{"href":"https:\/\/swforming.com\/es\/wp-json\/wp\/v2\/types\/product"}],"replies":[{"embeddable":true,"href":"https:\/\/swforming.com\/es\/wp-json\/wp\/v2\/comments?post=794"}],"version-history":[{"count":3,"href":"https:\/\/swforming.com\/es\/wp-json\/wp\/v2\/product\/794\/revisions"}],"predecessor-version":[{"id":3347,"href":"https:\/\/swforming.com\/es\/wp-json\/wp\/v2\/product\/794\/revisions\/3347"}],"wp:featuredmedia":[{"embeddable":true,"href":"https:\/\/swforming.com\/es\/wp-json\/wp\/v2\/media\/801"}],"wp:attachment":[{"href":"https:\/\/swforming.com\/es\/wp-json\/wp\/v2\/media?parent=794"}],"wp:term":[{"taxonomy":"product_brand","embeddable":true,"href":"https:\/\/swforming.com\/es\/wp-json\/wp\/v2\/product_brand?post=794"},{"taxonomy":"product_cat","embeddable":true,"href":"https:\/\/swforming.com\/es\/wp-json\/wp\/v2\/product_cat?post=794"},{"taxonomy":"product_tag","embeddable":true,"href":"https:\/\/swforming.com\/es\/wp-json\/wp\/v2\/product_tag?post=794"}],"curies":[{"name":"wp","href":"https:\/\/api.w.org\/{rel}","templated":true}]}}