{"id":751,"date":"2022-09-15T01:56:31","date_gmt":"2022-09-15T01:56:31","guid":{"rendered":"https:\/\/swforming.com\/?post_type=product&#038;p=751"},"modified":"2025-04-18T01:24:08","modified_gmt":"2025-04-18T01:24:08","slug":"maquina-perfiladora-de-bandeja-portacables","status":"publish","type":"product","link":"https:\/\/swforming.com\/es\/product\/cable-tray-roll-forming-machine\/","title":{"rendered":"M\u00e1quina perfiladora de bandeja portacables"},"content":{"rendered":"<p><img fetchpriority=\"high\" decoding=\"async\" class=\"alignnone wp-image-758 size-full\" src=\"https:\/\/swforming.com\/wp-content\/uploads\/2022\/09\/H29a8c7e6c4664986bc5435c8931c9f88x.webp\" alt=\"M\u00e1quina perfiladora de bandeja portacables\" width=\"750\" height=\"900\" title=\"\" srcset=\"https:\/\/swforming.com\/wp-content\/uploads\/2022\/09\/H29a8c7e6c4664986bc5435c8931c9f88x.webp 750w, https:\/\/swforming.com\/wp-content\/uploads\/2022\/09\/H29a8c7e6c4664986bc5435c8931c9f88x-600x720.webp 600w, https:\/\/swforming.com\/wp-content\/uploads\/2022\/09\/H29a8c7e6c4664986bc5435c8931c9f88x-250x300.webp 250w\" sizes=\"(max-width: 750px) 100vw, 750px\" \/><\/p>\n<div class=\"J_module\">\n<div class=\"detail-decorate-json-renderer-container\">\n<div class=\"magic-4\">\n<div class=\"magic-5\">\n<div class=\"magic-6\">\n<div class=\"magic-7\">\n<div class=\"magic-8\"><span class=\"magic-9\"><span class=\"magic-10\" data-spm-anchor-id=\"a2700.details.0.i24.1da25591nu26He\">La m\u00e1quina perfiladora de bandejas de cables se usa com\u00fanmente para hacer diferentes tipos de bandejas de cables, que se usa ampliamente en campos el\u00e9ctricos, decoraciones, construcciones industriales, etc. De acuerdo con los productos de cable finales, se puede dividir convenientemente en tres tipos: Canal sin orificio bandeja de cables, escalera de cables y bandeja de cables de canal perforado. Esta m\u00e1quina perfiladora de bandeja portacables podr\u00eda producir todos estos tipos diferentes de bandejas portacables con diferentes materias primas como: acero galvanizado en caliente, acero pregalvanizado, acero laminado en fr\u00edo y en caliente, acero inoxidable y aluminio. El rango de espesor del material es de 0,6 mm a 1,2 mm o de 1 a 2 mm incluso m\u00e1s. En las industrias el\u00e9ctricas y de energ\u00eda, podemos fabricar m\u00e1s m\u00e1quinas relacionadas, como la m\u00e1quina perfiladora de canal de puntal solar, la m\u00e1quina perfiladora de riel DIN y la m\u00e1quina perfiladora de caja de caja el\u00e9ctrica, etc. Hacemos diferentes soluciones de acuerdo con el dibujo, la tolerancia y el presupuesto de los clientes. ofreciendo un servicio profesional uno a uno, adaptable a todos sus requisitos. Sea cual sea la l\u00ednea que elija, la calidad de la Maquinaria SUNWAY le garantizar\u00e1 la obtenci\u00f3n de perfiles perfectamente funcionales.<\/span><span class=\"magic-10\"><br \/>\n<\/span><\/span><\/div>\n<\/div>\n<\/div>\n<\/div>\n<\/div>\n<\/div>\n<\/div>\n<div class=\"J_module\">\n<h3 id=\"ali-anchor-AliMagic-hzv6df\" class=\"magic-0\" data-section=\"AliMagic-hzv6df\" data-section-title=\"Profile Drawings\">Planos de perfiles de la m\u00e1quina formadora de rollos de bandejas portacables<\/h3>\n<p><img decoding=\"async\" class=\"alignnone size-full wp-image-759\" src=\"https:\/\/swforming.com\/wp-content\/uploads\/2022\/09\/H00450dc534314ace8dc5682bb59d61c7H.webp\" alt=\"\" width=\"1748\" height=\"1890\" title=\"\" srcset=\"https:\/\/swforming.com\/wp-content\/uploads\/2022\/09\/H00450dc534314ace8dc5682bb59d61c7H.webp 1748w, https:\/\/swforming.com\/wp-content\/uploads\/2022\/09\/H00450dc534314ace8dc5682bb59d61c7H-600x649.webp 600w, https:\/\/swforming.com\/wp-content\/uploads\/2022\/09\/H00450dc534314ace8dc5682bb59d61c7H-277x300.webp 277w, https:\/\/swforming.com\/wp-content\/uploads\/2022\/09\/H00450dc534314ace8dc5682bb59d61c7H-947x1024.webp 947w, https:\/\/swforming.com\/wp-content\/uploads\/2022\/09\/H00450dc534314ace8dc5682bb59d61c7H-768x830.webp 768w, https:\/\/swforming.com\/wp-content\/uploads\/2022\/09\/H00450dc534314ace8dc5682bb59d61c7H-1421x1536.webp 1421w\" sizes=\"(max-width: 1748px) 100vw, 1748px\" \/><\/p>\n<p><img decoding=\"async\" class=\"alignnone size-full wp-image-760\" src=\"https:\/\/swforming.com\/wp-content\/uploads\/2022\/09\/e839ce980b9d68f5e68c3b02d55647e.jpg\" alt=\"\" width=\"1125\" height=\"560\" title=\"\" srcset=\"https:\/\/swforming.com\/wp-content\/uploads\/2022\/09\/e839ce980b9d68f5e68c3b02d55647e.jpg 1125w, https:\/\/swforming.com\/wp-content\/uploads\/2022\/09\/e839ce980b9d68f5e68c3b02d55647e-600x299.jpg 600w, https:\/\/swforming.com\/wp-content\/uploads\/2022\/09\/e839ce980b9d68f5e68c3b02d55647e-300x149.jpg 300w, https:\/\/swforming.com\/wp-content\/uploads\/2022\/09\/e839ce980b9d68f5e68c3b02d55647e-1024x510.jpg 1024w, https:\/\/swforming.com\/wp-content\/uploads\/2022\/09\/e839ce980b9d68f5e68c3b02d55647e-768x382.jpg 768w\" sizes=\"(max-width: 1125px) 100vw, 1125px\" \/><\/p>\n<h3>L\u00ednea de producci\u00f3n de m\u00e1quina formadora de rollos de bandeja portacables<img loading=\"lazy\" decoding=\"async\" class=\"alignnone size-full wp-image-761\" src=\"https:\/\/swforming.com\/wp-content\/uploads\/2022\/09\/H4f7152219d7c41e88d3e328526b62a8eU.webp\" alt=\"\" width=\"1748\" height=\"1001\" title=\"\" srcset=\"https:\/\/swforming.com\/wp-content\/uploads\/2022\/09\/H4f7152219d7c41e88d3e328526b62a8eU.webp 1748w, https:\/\/swforming.com\/wp-content\/uploads\/2022\/09\/H4f7152219d7c41e88d3e328526b62a8eU-600x344.webp 600w, https:\/\/swforming.com\/wp-content\/uploads\/2022\/09\/H4f7152219d7c41e88d3e328526b62a8eU-300x172.webp 300w, https:\/\/swforming.com\/wp-content\/uploads\/2022\/09\/H4f7152219d7c41e88d3e328526b62a8eU-1024x586.webp 1024w, https:\/\/swforming.com\/wp-content\/uploads\/2022\/09\/H4f7152219d7c41e88d3e328526b62a8eU-768x440.webp 768w, https:\/\/swforming.com\/wp-content\/uploads\/2022\/09\/H4f7152219d7c41e88d3e328526b62a8eU-1536x880.webp 1536w\" sizes=\"(max-width: 1748px) 100vw, 1748px\" \/><\/h3>\n<h3>Detalles de producto<\/h3>\n<p><img loading=\"lazy\" decoding=\"async\" class=\"alignnone size-full wp-image-762\" src=\"https:\/\/swforming.com\/wp-content\/uploads\/2022\/09\/094202.png\" alt=\"\" width=\"1118\" height=\"2156\" title=\"\" srcset=\"https:\/\/swforming.com\/wp-content\/uploads\/2022\/09\/094202.png 1118w, https:\/\/swforming.com\/wp-content\/uploads\/2022\/09\/094202-600x1157.png 600w, https:\/\/swforming.com\/wp-content\/uploads\/2022\/09\/094202-156x300.png 156w, https:\/\/swforming.com\/wp-content\/uploads\/2022\/09\/094202-531x1024.png 531w, https:\/\/swforming.com\/wp-content\/uploads\/2022\/09\/094202-768x1481.png 768w, https:\/\/swforming.com\/wp-content\/uploads\/2022\/09\/094202-796x1536.png 796w, https:\/\/swforming.com\/wp-content\/uploads\/2022\/09\/094202-1062x2048.png 1062w\" sizes=\"(max-width: 1118px) 100vw, 1118px\" \/><\/p>\n<h3>Par\u00e1metros de la m\u00e1quina perfiladora de bandeja portacables<\/h3>\n<div>\n<table>\n<tbody>\n<tr>\n<td style=\"text-align: center;\" colspan=\"3\" rowspan=\"1\" data-sheets-value=\"{&quot;1&quot;:2,&quot;2&quot;:&quot;Cable Tray Roll Forming Machine&quot;}\">M\u00e1quina perfiladora de bandeja portacables<\/td>\n<\/tr>\n<tr>\n<td colspan=\"1\" rowspan=\"3\" data-sheets-value=\"{&quot;1&quot;:2,&quot;2&quot;:&quot;Machinable Material&quot;}\">\n<div>Material mecanizable<\/div>\n<\/td>\n<td data-sheets-value=\"{&quot;1&quot;:2,&quot;2&quot;:&quot;A) Galvanized Steel&quot;}\">A) Acero Galvanizado<\/td>\n<td colspan=\"1\" rowspan=\"3\" data-sheets-value=\"{&quot;1&quot;:2,&quot;2&quot;:&quot;Thickness(MM): 0.6-1.2 or 1-2 even more&quot;}\">\n<div style=\"text-align: left;\">Grosor (MM): 0,6-1,2 o 1-2 incluso m\u00e1s<\/div>\n<\/td>\n<\/tr>\n<tr>\n<td data-sheets-value=\"{&quot;1&quot;:2,&quot;2&quot;:&quot;B) PPGI&quot;}\">B) PPGI<\/td>\n<\/tr>\n<tr>\n<td data-sheets-value=\"{&quot;1&quot;:2,&quot;2&quot;:&quot;C) Carbon Steel&quot;}\">c) acero al carbono<\/td>\n<\/tr>\n<tr>\n<td data-sheets-value=\"{&quot;1&quot;:2,&quot;2&quot;:&quot;Yield Strength&quot;}\">L\u00edmite el\u00e1stico<\/td>\n<td colspan=\"2\" rowspan=\"1\" data-sheets-value=\"{&quot;1&quot;:2,&quot;2&quot;:&quot;250 - 550 Mpa&quot;}\">250 \u2013 550 MPa<\/td>\n<\/tr>\n<tr>\n<td data-sheets-value=\"{&quot;1&quot;:2,&quot;2&quot;:&quot;Tensil Stress&quot;}\">Estr\u00e9s de tracci\u00f3n<\/td>\n<td colspan=\"2\" rowspan=\"1\" data-sheets-value=\"{&quot;1&quot;:2,&quot;2&quot;:&quot;G250 Mpa-G550 Mpa&quot;}\">G250 MPa-G550 MPa<\/td>\n<\/tr>\n<tr>\n<td data-sheets-value=\"{&quot;1&quot;:2,&quot;2&quot;:&quot;Cable Tray Size&quot;}\">Tama\u00f1o de la bandeja de cables<\/td>\n<td colspan=\"2\" rowspan=\"1\" data-sheets-value=\"{&quot;1&quot;:2,&quot;2&quot;:&quot;50\/100-600mm Or According To Profile Drawings&quot;}\">50\/100-600 mm o seg\u00fan dibujos de perfil<\/td>\n<\/tr>\n<tr>\n<td data-sheets-value=\"{&quot;1&quot;:2,&quot;2&quot;:&quot;Decoiler&quot;}\">desbobinador<\/td>\n<td data-sheets-value=\"{&quot;1&quot;:2,&quot;2&quot;:&quot;Manual Decoiler&quot;}\">Desenrollador Manual<\/td>\n<td data-sheets-value=\"{&quot;1&quot;:2,&quot;2&quot;:&quot;* Hydraulic Decoiler (Optional)&quot;}\">* Desenrollador Hidr\u00e1ulico (Opcional)<\/td>\n<\/tr>\n<tr>\n<td data-sheets-value=\"{&quot;1&quot;:2,&quot;2&quot;:&quot;Punching System&quot;}\">Sistema de punzonado<\/td>\n<td data-sheets-value=\"{&quot;1&quot;:2,&quot;2&quot;:&quot;Hydraulic Punching Station (Individual)&quot;}\">Estaci\u00f3n Hidr\u00e1ulica de Punzonado (Individual)<\/td>\n<td data-sheets-value=\"{&quot;1&quot;:2,&quot;2&quot;:&quot;* Punching Press (Optional)&quot;}\">* Punzonadora (Opcional)<\/td>\n<\/tr>\n<tr>\n<td data-sheets-value=\"{&quot;1&quot;:2,&quot;2&quot;:&quot;Forming Station&quot;}\">Estaci\u00f3n de formaci\u00f3n<\/td>\n<td data-sheets-value=\"{&quot;1&quot;:3,&quot;3&quot;:20}\">20<\/td>\n<td data-sheets-value=\"{&quot;1&quot;:2,&quot;2&quot;:&quot;* According To Your Profile Drawings&quot;}\">* Seg\u00fan sus dibujos de perfil<\/td>\n<\/tr>\n<tr>\n<td data-sheets-value=\"{&quot;1&quot;:2,&quot;2&quot;:&quot;Driving System&quot;}\">Sistema de conducci\u00f3n<\/td>\n<td data-sheets-value=\"{&quot;1&quot;:2,&quot;2&quot;:&quot;Chain Drive&quot;}\">Transmisi\u00f3n por cadena<\/td>\n<td data-sheets-value=\"{&quot;1&quot;:2,&quot;2&quot;:&quot;* Gearbox drive (Optional)&quot;}\">* Transmisi\u00f3n de caja de cambios (Opcional)<\/td>\n<\/tr>\n<tr>\n<td data-sheets-value=\"{&quot;1&quot;:2,&quot;2&quot;:&quot;Machine Structure&quot;}\">Estructura de la m\u00e1quina<\/td>\n<td data-sheets-value=\"{&quot;1&quot;:2,&quot;2&quot;:&quot;Cantilever Type Adjust The Width And Height Freely&quot;}\">Tipo de voladizo Ajuste el ancho y la altura libremente<\/td>\n<td data-sheets-value=\"{&quot;1&quot;:2,&quot;2&quot;:&quot;* Forged Iron station (Optional)&quot;}\">* Estaci\u00f3n de Hierro Forjado (Opcional)<\/td>\n<\/tr>\n<tr>\n<td data-sheets-value=\"{&quot;1&quot;:2,&quot;2&quot;:&quot;Forming Speed&quot;}\">Velocidad de formaci\u00f3n<\/td>\n<td data-sheets-value=\"{&quot;1&quot;:2,&quot;2&quot;:&quot;10-20 (M\/MIN)&quot;}\">10-20 (M\/MIN)<\/td>\n<td data-sheets-value=\"{&quot;1&quot;:2,&quot;2&quot;:&quot;* Or According To Your Profile Drawings&quot;}\">* O seg\u00fan sus dibujos de perfil<\/td>\n<\/tr>\n<tr>\n<td data-sheets-value=\"{&quot;1&quot;:2,&quot;2&quot;:&quot;Rollers\u2019 Material&quot;}\">Material de los rodillos<\/td>\n<td data-sheets-value=\"{&quot;1&quot;:2,&quot;2&quot;:&quot;GCr 15&quot;}\">GCr 15<\/td>\n<td data-sheets-value=\"{&quot;1&quot;:2,&quot;2&quot;:&quot;* Cr12Mov(Optional)&quot;}\">* Cr12Mov (Opcional)<\/td>\n<\/tr>\n<tr>\n<td data-sheets-value=\"{&quot;1&quot;:2,&quot;2&quot;:&quot;Cutting System&quot;}\">Sistema de Corte<\/td>\n<td data-sheets-value=\"{&quot;1&quot;:2,&quot;2&quot;:&quot;Post-cutting&quot;}\">Post-corte<\/td>\n<td data-sheets-value=\"{&quot;1&quot;:2,&quot;2&quot;:&quot;* Pre-cutting (Optional)&quot;}\">* Precorte (Opcional)<\/td>\n<\/tr>\n<tr>\n<td data-sheets-value=\"{&quot;1&quot;:2,&quot;2&quot;:&quot;Frequency Changer Brand&quot;}\">Marca de cambiador de frecuencia<\/td>\n<td data-sheets-value=\"{&quot;1&quot;:2,&quot;2&quot;:&quot;Yaskawa&quot;}\">Yaskawa<\/td>\n<td data-sheets-value=\"{&quot;1&quot;:2,&quot;2&quot;:&quot;* Siemens (Optional)&quot;}\">* Siemens (Opcional)<\/td>\n<\/tr>\n<tr>\n<td data-sheets-value=\"{&quot;1&quot;:2,&quot;2&quot;:&quot;PLC Brand&quot;}\">Marca PLC<\/td>\n<td data-sheets-value=\"{&quot;1&quot;:2,&quot;2&quot;:&quot;Panasonic&quot;}\">panasonic<\/td>\n<td data-sheets-value=\"{&quot;1&quot;:2,&quot;2&quot;:&quot;* Siemens (Optional)&quot;}\">* Siemens (Opcional)<\/td>\n<\/tr>\n<tr>\n<td data-sheets-value=\"{&quot;1&quot;:2,&quot;2&quot;:&quot;Power Supply&quot;}\">Fuente de alimentaci\u00f3n<\/td>\n<td data-sheets-value=\"{&quot;1&quot;:2,&quot;2&quot;:&quot;380V 50Hz 3ph&quot;}\">380V 50Hz trif\u00e1sico<\/td>\n<td data-sheets-value=\"{&quot;1&quot;:2,&quot;2&quot;:&quot;* Or According To Your Requirment&quot;}\">* O seg\u00fan su requisito<\/td>\n<\/tr>\n<tr>\n<td data-sheets-value=\"{&quot;1&quot;:2,&quot;2&quot;:&quot;Machine Color&quot;}\">Color de la m\u00e1quina<\/td>\n<td data-sheets-value=\"{&quot;1&quot;:2,&quot;2&quot;:&quot;Industrial Blue&quot;}\">azul industrial<\/td>\n<td data-sheets-value=\"{&quot;1&quot;:2,&quot;2&quot;:&quot;* Or According To Your Requirment&quot;}\">* O seg\u00fan su requisito<\/td>\n<\/tr>\n<\/tbody>\n<\/table>\n<\/div>\n<h3>Solicitud<\/h3>\n<p><span class=\"magic-49\"><span class=\"magic-10\">Con las caracter\u00edsticas de verde, s\u00f3lido, econ\u00f3mico, duradero, r\u00e1pido, f\u00e1cil de instalar y atractivo, doble en rollo <\/span><\/span><span class=\"magic-59\">El soporte fotovoltaico de acero en forma de C y otros materiales de construcci\u00f3n de acero se utilizan cada vez m\u00e1s. Es adecuado para varias construcciones de estructuras de acero ligero, estantes, marcos de techo, etc.<\/span><\/p>\n<p><img loading=\"lazy\" decoding=\"async\" class=\"alignnone size-full wp-image-764\" src=\"https:\/\/swforming.com\/wp-content\/uploads\/2022\/09\/0220915095443.png\" alt=\"\" width=\"1000\" height=\"1101\" title=\"\" srcset=\"https:\/\/swforming.com\/wp-content\/uploads\/2022\/09\/0220915095443.png 1000w, https:\/\/swforming.com\/wp-content\/uploads\/2022\/09\/0220915095443-600x661.png 600w, https:\/\/swforming.com\/wp-content\/uploads\/2022\/09\/0220915095443-272x300.png 272w, https:\/\/swforming.com\/wp-content\/uploads\/2022\/09\/0220915095443-930x1024.png 930w, https:\/\/swforming.com\/wp-content\/uploads\/2022\/09\/0220915095443-768x846.png 768w\" sizes=\"(max-width: 1000px) 100vw, 1000px\" \/><\/p>\n<h3>qu\u00e9 es la perfiladora de bandejas portacables<\/h3>\n<p>Una m\u00e1quina formadora de rollos de bandeja de cables es una m\u00e1quina industrial especializada dise\u00f1ada para fabricar bandejas de cables. La m\u00e1quina formadora de rollos de bandejas portacables tambi\u00e9n se denomina m\u00e1quina de fabricaci\u00f3n de bandejas portacables. Las bandejas portacables son componentes estructurales utilizados en instalaciones el\u00e9ctricas para soportar y organizar cables, alambres y otros equipos el\u00e9ctricos. Las bandejas de cables proporcionan una manera segura y eficiente de enrutar y proteger el cableado el\u00e9ctrico en edificios, instalaciones industriales y proyectos de infraestructura.<\/p>\n<p>A continuaci\u00f3n le mostramos c\u00f3mo funciona normalmente una m\u00e1quina de fabricaci\u00f3n de bandejas portacables:<\/p>\n<ol>\n<li>Alimentaci\u00f3n del material: La m\u00e1quina comienza alimentando una tira de metal, normalmente de acero galvanizado o aluminio, a la l\u00ednea de perfilado. La banda suele suministrarse en forma de bobina, que se desenrolla y se introduce en la m\u00e1quina para su posterior procesamiento.<\/li>\n<li>Perfilado: La banda met\u00e1lica pasa por una serie de rodillos y estaciones de perfilado. Cada conjunto de rodillos da forma gradualmente a la banda hasta conseguir el perfil deseado de la bandeja portacables. Los rodillos se dise\u00f1an espec\u00edficamente para crear las caracter\u00edsticas y dimensiones espec\u00edficas requeridas, como las paredes laterales, los pelda\u00f1os y los orificios de montaje de la bandeja portacables.<\/li>\n<li>Corte: Una vez que la banda met\u00e1lica se ha formado completamente en secciones de bandeja portacables, se emplea un mecanismo de corte para separar las<\/li>\n<li>Perforadora<\/li>\n<li>Medici\u00f3n de la longitud y apilado: Tras los procesos de corte y perforaci\u00f3n, las secciones de bandejas portacables suelen medirse en longitud mediante sensores o dispositivos de medici\u00f3n. A continuaci\u00f3n, las secciones se apilan o recogen para su embalaje o procesamiento posterior.<\/li>\n<\/ol>\n<p>Las m\u00e1quinas de perfilado de bandejas portacables suelen contar con sistemas controlados por ordenador para garantizar una conformaci\u00f3n precisa y uniforme de la banda met\u00e1lica. Estas m\u00e1quinas tambi\u00e9n pueden tener caracter\u00edsticas tales como alimentaci\u00f3n autom\u00e1tica de material, juegos de rodillos ajustables y paneles de control para facilitar el funcionamiento y la supervisi\u00f3n.<\/p>\n<p>Utilizando una m\u00e1quina de fabricaci\u00f3n de bandejas portacables, los fabricantes pueden producir eficazmente bandejas portacables de alta calidad en grandes cantidades. Estas bandejas de cables proporcionan una soluci\u00f3n fiable y organizada para la gesti\u00f3n de cables en instalaciones el\u00e9ctricas, garantizando la seguridad y la facilidad de mantenimiento.<\/p>\n<h3>\u00bfpertenece la m\u00e1quina de fabricaci\u00f3n de bandejas portacables galvanizadas a la m\u00e1quina perfiladora de bandejas portacables?<\/h3>\n<p>S\u00ed, una m\u00e1quina para fabricar bandejas portacables galvanizadas pertenece a la categor\u00eda de m\u00e1quinas perfiladoras de bandejas portacables. El t\u00e9rmino \"galvanizado\" se refiere al proceso de recubrimiento del metal, t\u00edpicamente acero, con una capa de zinc para proporcionar resistencia a la corrosi\u00f3n y durabilidad. Las bandejas portacables galvanizadas se utilizan ampliamente en instalaciones el\u00e9ctricas y aplicaciones industriales debido a su protecci\u00f3n superior contra el \u00f3xido y las condiciones ambientales.<\/p>\n<p>Una m\u00e1quina de fabricaci\u00f3n de bandejas portacables galvanizadas est\u00e1 dise\u00f1ada espec\u00edficamente para fabricar bandejas portacables utilizando tiras de acero galvanizado. La m\u00e1quina sigue los mismos principios b\u00e1sicos que una m\u00e1quina perfiladora de bandejas portacables, lo que incluye la alimentaci\u00f3n de la banda met\u00e1lica, el perfilado de la bandeja portacables, el corte y la perforaci\u00f3n de orificios o ranuras, y la medici\u00f3n de la longitud y el apilado.<\/p>\n<p>La distinci\u00f3n clave de una m\u00e1quina de fabricaci\u00f3n de bandejas de cables galvanizadas es que est\u00e1 equipada para manipular tiras de acero galvanizado y garantizar el recubrimiento adecuado de zinc durante el proceso de fabricaci\u00f3n. Esto puede implicar pasos adicionales como la limpieza de la superficie o la aplicaci\u00f3n del revestimiento de zinc para conseguir el acabado galvanizado deseado.<\/p>\n<h3>top 5 bandeja de cable rollo formando equipo f\u00e1brica en China<\/h3>\n<ol>\n<li>WUXI SUNWAY MACHINERY CO., LTD es un fabricante y exportador profesional que se ocupa del dise\u00f1o, desarrollo y producci\u00f3n de m\u00e1quinas perfiladoras en fr\u00edo. Todos los productos cumplen con los est\u00e1ndares internacionales de calidad y son muy apreciados en una variedad de mercados diferentes en todo el mundo, como Asia, \u00c1frica, Europa, Am\u00e9rica del Sur y Australia, entre otros. Ha ganado una red de ventas global.<\/li>\n<li>Shanghai Wright Bros Technology Co., Ltd: Se especializan en el dise\u00f1o y la producci\u00f3n de m\u00e1quinas perfiladoras para diversas aplicaciones, incluidas las m\u00e1quinas perfiladoras de bandejas de cables. Ofrecen una gama de soluciones personalizadas para distintos tipos y tama\u00f1os de bandejas portacables.<\/li>\n<li>Wuxi Suhang Machinery Manufacturing Co., Ltd: Con a\u00f1os de experiencia, Suhang Machinery es un reputado fabricante de m\u00e1quinas perfiladoras, incluidas las de bandejas portacables. Proporcionan m\u00e1quinas fiables y eficientes adaptadas a las especificaciones del cliente.<\/li>\n<li>Jiangsu Lebron Machinery Technology Co., Ltd: Lebron Machinery es conocida por su experiencia en m\u00e1quinas formadoras de rollos, incluyendo m\u00e1quinas formadoras de rollos de bandeja de cables. Ofrecen tecnolog\u00edas avanzadas y soluciones para la producci\u00f3n de bandeja de cable, con un enfoque en la calidad y la satisfacci\u00f3n del cliente.<\/li>\n<li>Hangzhou Roll Forming Machinery Co., Ltd: Llevan m\u00e1s de 15 a\u00f1os fabricando m\u00e1quinas perfiladoras y ofrecen una amplia gama de soluciones para la producci\u00f3n de bandejas portacables. Sus m\u00e1quinas son conocidas por su precisi\u00f3n, durabilidad y opciones de personalizaci\u00f3n.<\/li>\n<\/ol>\n<\/div>\n<blockquote class=\"wp-embedded-content\" data-secret=\"Qhk5pcRrob\"><p><a href=\"https:\/\/swforming.com\/es\/the-definitive-guide-to-cable-tray-roll-forming-machines\/\">La gu\u00eda definitiva para las m\u00e1quinas perfiladoras de bandejas portacables<\/a><\/p><\/blockquote>\n<p><iframe class=\"wp-embedded-content\" sandbox=\"allow-scripts\" security=\"restricted\" style=\"position: absolute; visibility: hidden;\" title=\"\u201cLa gu\u00eda definitiva para las m\u00e1quinas perfiladoras de bandejas portacables\u201d \u2014 SUNWAY Machine\" src=\"https:\/\/swforming.com\/the-definitive-guide-to-cable-tray-roll-forming-machines\/embed\/#?secret=eSJBVMGIIM#?secret=Qhk5pcRrob\" data-secret=\"Qhk5pcRrob\" width=\"600\" height=\"338\" frameborder=\"0\" marginwidth=\"0\" marginheight=\"0\" scrolling=\"no\"><\/iframe><\/p>","protected":false},"excerpt":{"rendered":"<p><span class=\"magic-9\"><span class=\"magic-10\" data-spm-anchor-id=\"a2700.details.0.i24.1da25591nu26He\">La m\u00e1quina perfiladora de bandejas de cables se usa com\u00fanmente para hacer diferentes tipos de bandejas de cables, que se usa ampliamente en campos el\u00e9ctricos, decoraciones, construcciones industriales, etc. De acuerdo con los productos de cable finales, se puede dividir convenientemente en tres tipos: Canal sin orificio bandeja de cables, escalera de cables y bandeja de cables de canal perforado. <\/span><\/span><\/p>","protected":false},"featured_media":752,"comment_status":"open","ping_status":"closed","template":"","meta":{"_acf_changed":false},"product_brand":[],"product_cat":[60,18,114],"product_tag":[],"class_list":{"0":"post-751","1":"product","2":"type-product","3":"status-publish","4":"has-post-thumbnail","6":"product_cat-cable-tray-roll-forming-machine","7":"product_cat-electric-energy","8":"product_cat-roll-former","10":"first","11":"instock","12":"featured","13":"shipping-taxable","14":"product-type-simple"},"acf":[],"_links":{"self":[{"href":"https:\/\/swforming.com\/es\/wp-json\/wp\/v2\/product\/751","targetHints":{"allow":["GET"]}}],"collection":[{"href":"https:\/\/swforming.com\/es\/wp-json\/wp\/v2\/product"}],"about":[{"href":"https:\/\/swforming.com\/es\/wp-json\/wp\/v2\/types\/product"}],"replies":[{"embeddable":true,"href":"https:\/\/swforming.com\/es\/wp-json\/wp\/v2\/comments?post=751"}],"version-history":[{"count":3,"href":"https:\/\/swforming.com\/es\/wp-json\/wp\/v2\/product\/751\/revisions"}],"predecessor-version":[{"id":3183,"href":"https:\/\/swforming.com\/es\/wp-json\/wp\/v2\/product\/751\/revisions\/3183"}],"wp:featuredmedia":[{"embeddable":true,"href":"https:\/\/swforming.com\/es\/wp-json\/wp\/v2\/media\/752"}],"wp:attachment":[{"href":"https:\/\/swforming.com\/es\/wp-json\/wp\/v2\/media?parent=751"}],"wp:term":[{"taxonomy":"product_brand","embeddable":true,"href":"https:\/\/swforming.com\/es\/wp-json\/wp\/v2\/product_brand?post=751"},{"taxonomy":"product_cat","embeddable":true,"href":"https:\/\/swforming.com\/es\/wp-json\/wp\/v2\/product_cat?post=751"},{"taxonomy":"product_tag","embeddable":true,"href":"https:\/\/swforming.com\/es\/wp-json\/wp\/v2\/product_tag?post=751"}],"curies":[{"name":"wp","href":"https:\/\/api.w.org\/{rel}","templated":true}]}}