{"id":729,"date":"2022-09-15T01:20:22","date_gmt":"2022-09-15T01:20:22","guid":{"rendered":"https:\/\/swforming.com\/?post_type=product&#038;p=729"},"modified":"2023-06-26T03:37:36","modified_gmt":"2023-06-26T03:37:36","slug":"corrugated-sheet-roll-forming-machine","status":"publish","type":"product","link":"https:\/\/swforming.com\/es\/product\/corrugated-sheet-roll-forming-machine\/","title":{"rendered":"M\u00e1quina formadora de l\u00e1minas para techos M\u00e1quina formadora de tejas para techos de l\u00e1minas de hierro corrugado de acero de color"},"content":{"rendered":"<div id=\"module_detail_video\">\n<div class=\"widget-detail-video\" data-role=\"widget-detail-overview-video\">\n<div class=\"widget-detail-video__title\" data-spm-anchor-id=\"a2700.details.0.i28.55306564CO7cHj\"><img fetchpriority=\"high\" decoding=\"async\" class=\"alignnone wp-image-721 size-full\" src=\"https:\/\/swforming.com\/wp-content\/uploads\/2022\/09\/Hccbaebf418ec4902a9a070e330dcf587l.webp\" alt=\"M\u00e1quina Perfiladora de L\u00e1minas para Techos\" width=\"750\" height=\"684\" title=\"\" srcset=\"https:\/\/swforming.com\/wp-content\/uploads\/2022\/09\/Hccbaebf418ec4902a9a070e330dcf587l.webp 750w, https:\/\/swforming.com\/wp-content\/uploads\/2022\/09\/Hccbaebf418ec4902a9a070e330dcf587l-600x547.webp 600w, https:\/\/swforming.com\/wp-content\/uploads\/2022\/09\/Hccbaebf418ec4902a9a070e330dcf587l-300x274.webp 300w\" sizes=\"(max-width: 750px) 100vw, 750px\" \/><\/div>\n<div data-spm-anchor-id=\"a2700.details.0.i28.55306564CO7cHj\">\n<div class=\"J_module\">\n<div class=\"detail-decorate-json-renderer-container\">\n<div class=\"magic-4\">\n<div class=\"magic-5\">\n<div class=\"magic-6\">\n<div class=\"magic-7\">\n<div class=\"magic-8\" data-spm-anchor-id=\"a2700.details.0.i26.55306564CO7cHj\"><span class=\"magic-9\" data-spm-anchor-id=\"a2700.details.0.i29.55306564CO7cHj\">La m\u00e1quina perfiladora de l\u00e1minas para techos adopta bobinas de acero como material y obtiene l\u00e1minas para techos despu\u00e9s del proceso de desenrollado, alimentaci\u00f3n, perfilado, corte en longitud y salida con mesa. Toda la m\u00e1quina adopta el control PLC, regulaci\u00f3n de velocidad de frecuencia de CA para cumplir con la producci\u00f3n autom\u00e1tica, que es muy adecuado para la industria de procesamiento de laminado en fr\u00edo de metal.<\/span><\/div>\n<h3>Detalles de producto<\/h3>\n<p><strong>base del soporte<\/strong><br \/>\nSeleccione acero de alta calidad como materia prima con alta resistencia y servicio pesado, que tiene una fuerte resistencia a la deformaci\u00f3n.<\/p>\n<p><img decoding=\"async\" class=\"alignnone size-full wp-image-723\" src=\"https:\/\/swforming.com\/wp-content\/uploads\/2022\/09\/stand-base-2.webp\" alt=\"\" width=\"450\" height=\"300\" title=\"\" srcset=\"https:\/\/swforming.com\/wp-content\/uploads\/2022\/09\/stand-base-2.webp 450w, https:\/\/swforming.com\/wp-content\/uploads\/2022\/09\/stand-base-2-300x200.webp 300w\" sizes=\"(max-width: 450px) 100vw, 450px\" \/><\/p>\n<p><strong>Motor<\/strong><br \/>\nAdopte el motor de la mejor marca para el sistema de accionamiento, m\u00e1s estable y efectivo.<\/p>\n<p><img decoding=\"async\" class=\"alignnone size-full wp-image-724\" src=\"https:\/\/swforming.com\/wp-content\/uploads\/2022\/09\/motor-1.webp\" alt=\"\" width=\"450\" height=\"300\" title=\"\" srcset=\"https:\/\/swforming.com\/wp-content\/uploads\/2022\/09\/motor-1.webp 450w, https:\/\/swforming.com\/wp-content\/uploads\/2022\/09\/motor-1-300x200.webp 300w\" sizes=\"(max-width: 450px) 100vw, 450px\" \/><\/p>\n<p><strong>Rodillos y Ejes<\/strong><br \/>\nCon muchos a\u00f1os de experiencia en producci\u00f3n, m\u00e1s profesional y m\u00e1s precisi\u00f3n.<\/p>\n<p><img loading=\"lazy\" decoding=\"async\" class=\"alignnone size-full wp-image-725\" src=\"https:\/\/swforming.com\/wp-content\/uploads\/2022\/09\/RollersShafts.webp\" alt=\"\" width=\"450\" height=\"300\" title=\"\" srcset=\"https:\/\/swforming.com\/wp-content\/uploads\/2022\/09\/RollersShafts.webp 450w, https:\/\/swforming.com\/wp-content\/uploads\/2022\/09\/RollersShafts-300x200.webp 300w\" sizes=\"(max-width: 450px) 100vw, 450px\" \/><\/p>\n<p><strong>personalizaci\u00f3n<\/strong><br \/>\nUn ingeniero senior y experimentado controla todo el proceso para personalizarlo.<\/p>\n<p><img loading=\"lazy\" decoding=\"async\" class=\"alignnone size-full wp-image-636\" src=\"https:\/\/swforming.com\/wp-content\/uploads\/2022\/09\/Customization.webp\" alt=\"\" width=\"450\" height=\"300\" title=\"\" srcset=\"https:\/\/swforming.com\/wp-content\/uploads\/2022\/09\/Customization.webp 450w, https:\/\/swforming.com\/wp-content\/uploads\/2022\/09\/Customization-300x200.webp 300w\" sizes=\"(max-width: 450px) 100vw, 450px\" \/><\/p>\n<p><img loading=\"lazy\" decoding=\"async\" class=\"alignnone size-full wp-image-726\" src=\"https:\/\/swforming.com\/wp-content\/uploads\/2022\/09\/H6d7164243ca1449280935744f5d1faa5E.webp\" alt=\"\" width=\"750\" height=\"446\" title=\"\" srcset=\"https:\/\/swforming.com\/wp-content\/uploads\/2022\/09\/H6d7164243ca1449280935744f5d1faa5E.webp 750w, https:\/\/swforming.com\/wp-content\/uploads\/2022\/09\/H6d7164243ca1449280935744f5d1faa5E-600x357.webp 600w, https:\/\/swforming.com\/wp-content\/uploads\/2022\/09\/H6d7164243ca1449280935744f5d1faa5E-300x178.webp 300w\" sizes=\"(max-width: 750px) 100vw, 750px\" \/><\/p>\n<h3>Par\u00e1metros de la m\u00e1quina perfiladora de l\u00e1minas para techos<\/h3>\n<div>\n<table>\n<tbody>\n<tr>\n<td data-sheets-value=\"{&quot;1&quot;:2,&quot;2&quot;:&quot;Product&quot;}\">Producto<\/td>\n<td data-sheets-value=\"{&quot;1&quot;:2,&quot;2&quot;:&quot;Roof sheet roll forming machine&quot;}\">M\u00e1quina perfiladora de l\u00e1minas de techo<\/td>\n<\/tr>\n<tr>\n<td data-sheets-value=\"{&quot;1&quot;:2,&quot;2&quot;:&quot;Model&quot;}\">Modelo<\/td>\n<td data-sheets-value=\"{&quot;1&quot;:2,&quot;2&quot;:&quot;Corrugated Trapezoidal (Customizable )&quot;}\">Corrugado Trapezoidal (Personalizable)<\/td>\n<\/tr>\n<tr>\n<td data-sheets-value=\"{&quot;1&quot;:2,&quot;2&quot;:&quot;Base Material&quot;}\">Material de base<\/td>\n<td data-sheets-value=\"{&quot;1&quot;:2,&quot;2&quot;:&quot;GI\/GL, PPGI\/PPGL, Aluminum Coil&quot;}\">GI\/GL, PPGI\/PPGL, bobina de aluminio<\/td>\n<\/tr>\n<tr>\n<td data-sheets-value=\"{&quot;1&quot;:2,&quot;2&quot;:&quot;Thickness&quot;}\">Espesor<\/td>\n<td data-sheets-value=\"{&quot;1&quot;:2,&quot;2&quot;:&quot;0.3mm-0.8mm&quot;}\">0,3 mm-0,8 mm<\/td>\n<\/tr>\n<tr>\n<td data-sheets-value=\"{&quot;1&quot;:2,&quot;2&quot;:&quot;Effective Width&quot;}\">Ancho efectivo<\/td>\n<td data-sheets-value=\"{&quot;1&quot;:2,&quot;2&quot;:&quot;600-1250mm (According To Customer Requirements \/Customizable)&quot;}\">\n<div>\n<div>600-1250 mm (seg\u00fan los requisitos del cliente\/personalizable)<\/div>\n<\/div>\n<\/td>\n<\/tr>\n<tr>\n<td data-sheets-value=\"{&quot;1&quot;:2,&quot;2&quot;:&quot;Roller Station&quot;}\">Estaci\u00f3n de rodillos<\/td>\n<td data-sheets-value=\"{&quot;1&quot;:2,&quot;2&quot;:&quot;14-18 Stations&quot;}\">14-18 estaciones<\/td>\n<\/tr>\n<tr>\n<td data-sheets-value=\"{&quot;1&quot;:2,&quot;2&quot;:&quot;Roller Material&quot;}\">Material del rodillo<\/td>\n<td data-sheets-value=\"{&quot;1&quot;:2,&quot;2&quot;:&quot;45# Steel \/ Bearing Steel\/ Cr12Mov&quot;}\">Acero 45# \/ Acero para cojinetes \/ Cr12Mov<\/td>\n<\/tr>\n<tr>\n<td data-sheets-value=\"{&quot;1&quot;:2,&quot;2&quot;:&quot;Roller Driven Type&quot;}\">Tipo accionado por rodillos<\/td>\n<td data-sheets-value=\"{&quot;1&quot;:2,&quot;2&quot;:&quot;By Chain\/ Gearbox&quot;}\">Por Cadena\/ Caja de Cambios<\/td>\n<\/tr>\n<tr>\n<td data-sheets-value=\"{&quot;1&quot;:2,&quot;2&quot;:&quot;Color&quot;}\">Color<\/td>\n<td data-sheets-value=\"{&quot;1&quot;:2,&quot;2&quot;:&quot;According To Customer Requirements \/ Customizable&quot;}\">\n<div>\n<div>Seg\u00fan los requisitos del cliente\/personalizable<\/div>\n<\/div>\n<\/td>\n<\/tr>\n<tr>\n<td data-sheets-value=\"{&quot;1&quot;:2,&quot;2&quot;:&quot;Brand&quot;}\">Marca<\/td>\n<td data-sheets-value=\"{&quot;1&quot;:2,&quot;2&quot;:&quot;SUNWAY&quot;}\">SUNWAY<\/td>\n<\/tr>\n<tr>\n<td data-sheets-value=\"{&quot;1&quot;:2,&quot;2&quot;:&quot;Control System&quot;}\">Sistema de control<\/td>\n<td data-sheets-value=\"{&quot;1&quot;:2,&quot;2&quot;:&quot;Worldwide Famous Brand PLC (Panasonic, Siemens, Delta, etc)&quot;}\">\n<div>\n<div>PLC de marca mundialmente famosa (Panasonic, Siemens, Delta, etc.)<\/div>\n<\/div>\n<\/td>\n<\/tr>\n<tr>\n<td data-sheets-value=\"{&quot;1&quot;:2,&quot;2&quot;:&quot;Power&quot;}\">Fuerza<\/td>\n<td data-sheets-value=\"{&quot;1&quot;:2,&quot;2&quot;:&quot;4KW-5.5KW-7.5KW&quot;}\">4KW-5.5KW-7.5KW<\/td>\n<\/tr>\n<tr>\n<td data-sheets-value=\"{&quot;1&quot;:2,&quot;2&quot;:&quot;Frame&quot;}\">Marco<\/td>\n<td data-sheets-value=\"{&quot;1&quot;:2,&quot;2&quot;:&quot;350 H Steel \/ 400 H Steel&quot;}\">350 H Acero \/ 400 H Acero<\/td>\n<\/tr>\n<tr>\n<td data-sheets-value=\"{&quot;1&quot;:2,&quot;2&quot;:&quot;Cutting Drive&quot;}\">Unidad de corte<\/td>\n<td data-sheets-value=\"{&quot;1&quot;:2,&quot;2&quot;:&quot;Hydraulic Drive&quot;}\">Accionamiento hidr\u00e1ulico<\/td>\n<\/tr>\n<tr>\n<td data-sheets-value=\"{&quot;1&quot;:2,&quot;2&quot;:&quot;Cutting&amp;Hydraulic Type&quot;}\">Corte y tipo hidr\u00e1ulico<\/td>\n<td data-sheets-value=\"{&quot;1&quot;:2,&quot;2&quot;:&quot;Type:Double Guide Pillar Hydraulic Cutting.\\nHydraulic Pump Station :4kw Blade:Cr12mov HRC:58-62&quot;}\">\n<div>\n<div>Tipo:Corte Hidr\u00e1ulico de Doble Pilar Gu\u00eda.<br \/>\nEstaci\u00f3n de bomba hidr\u00e1ulica: hoja 4kw: Cr12mov HRC: 58-62<\/div>\n<\/div>\n<\/td>\n<\/tr>\n<tr>\n<td data-sheets-value=\"{&quot;1&quot;:2,&quot;2&quot;:&quot;Way Of Drive&quot;}\">Manera de conducir<\/td>\n<td data-sheets-value=\"{&quot;1&quot;:2,&quot;2&quot;:&quot;1.2 inch single chain&quot;}\">cadena simple de 1,2 pulgadas<\/td>\n<\/tr>\n<\/tbody>\n<\/table>\n<\/div>\n<h3>\u00bfQu\u00e9 es la perfiladora de l\u00e1minas onduladas?<\/h3>\n<p>Una perfiladora de chapas onduladas es una m\u00e1quina industrial especializada que se utiliza para producir chapas o paneles de metal ondulado. Las chapas onduladas se utilizan ampliamente en diversos sectores, como la construcci\u00f3n, los tejados y el embalaje.<\/p>\n<p>El proceso de perfilado consiste en alimentar una tira continua de metal, normalmente acero, a trav\u00e9s de una serie de rodillos y matrices. Estos rodillos y matrices dan forma progresivamente a la tira met\u00e1lica hasta conseguir el perfil ondulado deseado. La m\u00e1quina utiliza una combinaci\u00f3n de acciones de doblado, plegado y conformado para crear el caracter\u00edstico patr\u00f3n ondulado u ondulado.<\/p>\n<p>La m\u00e1quina perfiladora de l\u00e1minas onduladas suele constar de varios componentes:<\/p>\n<ol>\n<li>Desbobinador: Este componente sujeta la bobina de metal y la introduce en la m\u00e1quina para su procesamiento.<\/li>\n<li>Sistema de alimentaci\u00f3n: Transporta la banda met\u00e1lica desde el desenrollador hasta la secci\u00f3n de conformado.<\/li>\n<li>Secci\u00f3n de conformado: Es el coraz\u00f3n de la m\u00e1quina, donde la banda met\u00e1lica pasa por una serie de rodillos y matrices que le van dando forma hasta obtener el perfil ondulado.<\/li>\n<li>Sistema de corte: Una vez formada la longitud deseada de la l\u00e1mina ondulada, el sistema de corte recorta la l\u00e1mina al tama\u00f1o requerido.<\/li>\n<li>Sistema de control: Gestiona el funcionamiento de la m\u00e1quina, controlando la velocidad, la longitud y otros par\u00e1metros del proceso de producci\u00f3n.<\/li>\n<li>Transportador de apilado o apilador: Este componente recoge las planchas de cart\u00f3n ondulado acabadas para su posterior manipulaci\u00f3n o embalaje.<\/li>\n<\/ol>\n<p>Las m\u00e1quinas perfiladoras de l\u00e1minas onduladas est\u00e1n altamente automatizadas y pueden producir l\u00e1minas onduladas de forma continua y eficiente. Ofrecen un control preciso de las dimensiones y especificaciones del producto final, lo que garantiza una calidad uniforme y reduce las necesidades de mano de obra.<\/p>\n<p>Estas m\u00e1quinas son esenciales para los fabricantes que necesitan producir grandes cantidades de l\u00e1minas onduladas para diversas aplicaciones. Permiten una producci\u00f3n eficiente, reducen el desperdicio de material y contribuyen a la productividad general del proceso de fabricaci\u00f3n.<\/p>\n<h3>aplicaci\u00f3n de la perfiladora de acero de color<\/h3>\n<p>Una maquina perfiladora de acero de color, tambi\u00e9n conocida como maquina perfiladora de l\u00e1minas de acero de color para techos, se utiliza para producir l\u00e1minas o paneles de acero recubiertos de color. Estos paneles son ampliamente utilizados en la industria de la construcci\u00f3n para techos y aplicaciones de revestimiento debido a su durabilidad, atractivo est\u00e9tico y resistencia a la intemperie. Estas son algunas aplicaciones comunes de las maquinas perfiladoras de acero de color:<\/p>\n<ol>\n<li>L\u00e1minas para techos: Las m\u00e1quinas perfiladoras de acero de color se utilizan principalmente para producir l\u00e1minas para techos. Estas chapas se fabrican a partir de bobinas de acero galvanizado o aluminio y se recubren con una capa de pintura de color o revestimiento protector. La perfiladora crea el perfil deseado, como ondulado o trapezoidal, y aplica el revestimiento de color. Estas l\u00e1minas para tejados proporcionan protecci\u00f3n contra la intemperie, aislamiento t\u00e9rmico y soporte estructural a los edificios.<\/li>\n<li>Revestimiento de paredes: Los paneles de acero de color tambi\u00e9n se utilizan como materiales de revestimiento de paredes en edificios comerciales, industriales y residenciales. La perfiladora puede producir diversos perfiles y dise\u00f1os que realzan el atractivo visual del exterior del edificio. Los paneles de acero con revestimiento de color ofrecen durabilidad, f\u00e1cil mantenimiento y resistencia a la decoloraci\u00f3n, la corrosi\u00f3n y las condiciones clim\u00e1ticas adversas.<\/li>\n<li>Puertas de garaje: Las m\u00e1quinas perfiladoras de acero de color se utilizan para fabricar puertas de garaje. Estas puertas se fabrican con chapas de acero revestidas de color, que proporcionan resistencia, seguridad y est\u00e9tica. La perfiladora produce la forma y el dise\u00f1o de panel requeridos, y el revestimiento de color confiere a las puertas un acabado atractivo y duradero.<\/li>\n<li>Vallas y cerramientos: Los paneles de acero de color producidos por m\u00e1quinas perfiladoras se utilizan para sistemas de vallado y cerramientos. Estos paneles proporcionan privacidad, seguridad y un elemento decorativo a propiedades residenciales, comerciales e industriales. Los paneles pueden personalizarse en cuanto a tama\u00f1o, perfil y color para adaptarse a requisitos de vallado espec\u00edficos.<\/li>\n<li>Edificios agr\u00edcolas: Las chapas y paneles de acero de color para cubiertas se utilizan habitualmente en edificios agr\u00edcolas como graneros, establos y almacenes. Estas estructuras requieren materiales de cubierta y revestimiento duraderos y resistentes a la intemperie. Las perfiladoras de acero de color permiten la producci\u00f3n de paneles personalizados que pueden resistir los duros entornos agr\u00edcolas y proteger el contenido de los edificios.<\/li>\n<li>Caba\u00f1as port\u00e1tiles y estructuras prefabricadas: Los paneles de acero de color se utilizan en la construcci\u00f3n de cabinas port\u00e1tiles, edificios modulares y estructuras prefabricadas. Estos paneles ofrecen una instalaci\u00f3n r\u00e1pida y sencilla, alta resistencia y flexibilidad de dise\u00f1o. La perfiladora puede producir paneles con varios perfiles y tama\u00f1os para satisfacer los requisitos espec\u00edficos de estas estructuras.<\/li>\n<\/ol>\n<p>En general, la aplicaci\u00f3n de las perfiladoras de acero de color es diversa y crucial en la industria de la construcci\u00f3n, proporcionando una amplia gama de soluciones para techos, revestimientos y otras aplicaciones de construcci\u00f3n.<\/p>\n<h3>\u00bfCu\u00e1nto cuesta una perfiladora de cart\u00f3n ondulado?<\/h3>\n<p>El coste de una perfiladora de cart\u00f3n ondulado puede variar en funci\u00f3n de varios factores, como el tama\u00f1o de la m\u00e1quina, su complejidad, sus caracter\u00edsticas, su marca y la regi\u00f3n en la que se adquiera. Adem\u00e1s, los precios pueden cambiar con el tiempo debido a las fluctuaciones del mercado y los avances tecnol\u00f3gicos. Siempre es recomendable obtener informaci\u00f3n espec\u00edfica de precios de los fabricantes, proveedores o distribuidores para obtener estimaciones de costes precisas y actualizadas.<\/p>\n<p>Dicho esto, el precio de las perfiladoras de cart\u00f3n ondulado suele oscilar entre varios miles y varios cientos de miles de d\u00f3lares. Las m\u00e1quinas m\u00e1s peque\u00f1as y menos complejas pueden estar en el extremo inferior del espectro de precios, mientras que las m\u00e1quinas m\u00e1s grandes y avanzadas con caracter\u00edsticas adicionales y capacidades de automatizaci\u00f3n pueden ser m\u00e1s caras.<\/p>\n<p>Es importante tener en cuenta que el coste de la m\u00e1quina es s\u00f3lo un aspecto de la inversi\u00f3n global. Otros factores a tener en cuenta son los costes de env\u00edo o transporte, los gastos de instalaci\u00f3n y puesta en marcha, la formaci\u00f3n, el mantenimiento y los costes operativos continuos.<\/p>\n<p>Para obtener un precio exacto para una m\u00e1quina perfiladora de cart\u00f3n ondulado, es aconsejable ponerse en contacto con los fabricantes o proveedores directamente, proporcion\u00e1ndoles detalles espec\u00edficos acerca de sus necesidades, tales como las especificaciones deseadas, la capacidad de producci\u00f3n, y cualquier caracter\u00edstica adicional que pueda necesitar. Ellos ser\u00e1n capaces de proporcionarle la informaci\u00f3n de precios m\u00e1s precisa en funci\u00f3n de sus necesidades espec\u00edficas y ubicaci\u00f3n.<\/p>\n<\/div>\n<blockquote class=\"wp-embedded-content\" data-secret=\"u2vdsrKWsr\"><p><a href=\"https:\/\/swforming.com\/es\/maquinas-laminadoras-para-la-venta-de-techos-metalicos-una-guia-para-conseguir-la-adecuada\/\">Venta de m\u00e1quinas formadoras de rollos para techos de metal: una gu\u00eda para obtener la correcta<\/a><\/p><\/blockquote>\n<p><iframe class=\"wp-embedded-content\" sandbox=\"allow-scripts\" security=\"restricted\" style=\"position: absolute; clip: rect(1px, 1px, 1px, 1px);\" title=\"&quot;Metal Roofing Roll Forming M\u00e1quinas para la venta: Una gu\u00eda para conseguir la correcta&quot; - SUNWAY Machine\" src=\"https:\/\/swforming.com\/metal-roofing-roll-forming-machines-for-sale-a-guide-to-get-the-right-one\/embed\/#?secret=Wc9aHkEcm9#?secret=u2vdsrKWsr\" data-secret=\"u2vdsrKWsr\" width=\"600\" height=\"338\" frameborder=\"0\" marginwidth=\"0\" marginheight=\"0\" scrolling=\"no\"><\/iframe><\/p>\n<blockquote class=\"wp-embedded-content\" data-secret=\"K8BN3gOUUS\"><p><a href=\"https:\/\/swforming.com\/es\/the-6-ways-a-roofing-sheet-roll-forming-machine-can-save-your-business\/\">Las 6 formas en que una m\u00e1quina perfiladora de l\u00e1minas para techos puede salvar su negocio<\/a><\/p><\/blockquote>\n<p><iframe class=\"wp-embedded-content\" sandbox=\"allow-scripts\" security=\"restricted\" style=\"position: absolute; clip: rect(1px, 1px, 1px, 1px);\" title=\"&quot;Las 6 maneras en que una m\u00e1quina perfiladora de l\u00e1minas para techos puede salvar su negocio&quot; - SUNWAY Machine\" src=\"https:\/\/swforming.com\/the-6-ways-a-roofing-sheet-roll-forming-machine-can-save-your-business\/embed\/#?secret=AJErN5NeTW#?secret=K8BN3gOUUS\" data-secret=\"K8BN3gOUUS\" width=\"600\" height=\"338\" frameborder=\"0\" marginwidth=\"0\" marginheight=\"0\" scrolling=\"no\"><\/iframe><\/p>\n<\/div>\n<\/div>\n<\/div>\n<\/div>\n<\/div>\n<\/div>\n<\/div>\n<\/div>\n<div id=\"module_detail_video\">\n<div class=\"widget-detail-video\" data-role=\"widget-detail-overview-video\">\n<div class=\"widget-detail-video__video-wrap\" data-spm-anchor-id=\"a2700.details.0.i27.55306564CO7cHj\">\n<div><\/div>\n<\/div>\n<\/div>\n<\/div>\n<div id=\"module_product_specification\">\n<div id=\"J-rich-text-description\" class=\"richtext richtext-detail rich-text-description is-magic\">\n<div id=\"detail_decorate_root\" data-magic-global=\"%7B%22bizId%22%3A1750407063%2C%22pageId%22%3A21034945161%2C%22siteId%22%3A10002326055%7D\">\n<div class=\"J_module\">\n<div id=\"ali-anchor-AliMagic-zsaccc\" class=\"magic-0\" data-section=\"AliMagic-zsaccc\" data-section-title=\"Product Description\"><\/div>\n<\/div>\n<\/div>\n<\/div>\n<\/div>\n<div id=\"gtx-trans\">\n<div class=\"gtx-trans-icon\"><\/div>\n<\/div>","protected":false},"excerpt":{"rendered":"<p>Esta m\u00e1quina adopta bobinas de acero como material y obtiene l\u00e1minas para techos despu\u00e9s del proceso de desenrollado, alimentaci\u00f3n, perfilado, corte longitudinal y salida con mesa. Toda la m\u00e1quina adopta control PLC, regulaci\u00f3n de velocidad de frecuencia de CA para cumplir con la producci\u00f3n autom\u00e1tica, que es muy adecuada para la industria de procesamiento de metal laminado en fr\u00edo.<\/p>","protected":false},"featured_media":730,"comment_status":"open","ping_status":"closed","template":"","meta":{"_acf_changed":false},"product_brand":[],"product_cat":[87,45],"product_tag":[],"class_list":{"0":"post-729","1":"product","2":"type-product","3":"status-publish","4":"has-post-thumbnail","6":"product_cat-corrugated-roof-panel-roll-forming-machine","7":"product_cat-metal-wall-roofing","9":"first","10":"instock","11":"shipping-taxable","12":"product-type-simple"},"acf":[],"_links":{"self":[{"href":"https:\/\/swforming.com\/es\/wp-json\/wp\/v2\/product\/729","targetHints":{"allow":["GET"]}}],"collection":[{"href":"https:\/\/swforming.com\/es\/wp-json\/wp\/v2\/product"}],"about":[{"href":"https:\/\/swforming.com\/es\/wp-json\/wp\/v2\/types\/product"}],"replies":[{"embeddable":true,"href":"https:\/\/swforming.com\/es\/wp-json\/wp\/v2\/comments?post=729"}],"version-history":[{"count":5,"href":"https:\/\/swforming.com\/es\/wp-json\/wp\/v2\/product\/729\/revisions"}],"predecessor-version":[{"id":3309,"href":"https:\/\/swforming.com\/es\/wp-json\/wp\/v2\/product\/729\/revisions\/3309"}],"wp:featuredmedia":[{"embeddable":true,"href":"https:\/\/swforming.com\/es\/wp-json\/wp\/v2\/media\/730"}],"wp:attachment":[{"href":"https:\/\/swforming.com\/es\/wp-json\/wp\/v2\/media?parent=729"}],"wp:term":[{"taxonomy":"product_brand","embeddable":true,"href":"https:\/\/swforming.com\/es\/wp-json\/wp\/v2\/product_brand?post=729"},{"taxonomy":"product_cat","embeddable":true,"href":"https:\/\/swforming.com\/es\/wp-json\/wp\/v2\/product_cat?post=729"},{"taxonomy":"product_tag","embeddable":true,"href":"https:\/\/swforming.com\/es\/wp-json\/wp\/v2\/product_tag?post=729"}],"curies":[{"name":"wp","href":"https:\/\/api.w.org\/{rel}","templated":true}]}}