{"id":659,"date":"2022-09-13T08:08:03","date_gmt":"2022-09-13T08:08:03","guid":{"rendered":"https:\/\/swforming.com\/?post_type=product&#038;p=659"},"modified":"2023-06-13T07:24:42","modified_gmt":"2023-06-13T07:24:42","slug":"full-auto-galvanized-steel-profile-c-z-purlin-channel-cold-roll-forming-machine","status":"publish","type":"product","link":"https:\/\/swforming.com\/es\/product\/full-auto-galvanized-steel-profile-c-z-purlin-channel-cold-roll-forming-machine\/","title":{"rendered":"Laminaci\u00f3n en fr\u00edo del canal de la correa de la CZ que forma el perfil de acero galvanizado auto completo de la m\u00e1quina"},"content":{"rendered":"<p><img fetchpriority=\"high\" decoding=\"async\" class=\"alignnone wp-image-666\" src=\"https:\/\/swforming.com\/wp-content\/uploads\/2022\/09\/H2968b66cc62e46638cb640399456df37A.webp\" alt=\"M\u00e1quina perfiladora en fr\u00edo de canal de correa C Z\" width=\"800\" height=\"731\" title=\"\" srcset=\"https:\/\/swforming.com\/wp-content\/uploads\/2022\/09\/H2968b66cc62e46638cb640399456df37A.webp 750w, https:\/\/swforming.com\/wp-content\/uploads\/2022\/09\/H2968b66cc62e46638cb640399456df37A-600x548.webp 600w, https:\/\/swforming.com\/wp-content\/uploads\/2022\/09\/H2968b66cc62e46638cb640399456df37A-300x274.webp 300w\" sizes=\"(max-width: 800px) 100vw, 800px\" \/><\/p>\n<p>M\u00e1quina perfiladora de correas C&amp;Z de intercambio r\u00e1pido totalmente autom\u00e1tica, adopta una estructura especial para la fabricaci\u00f3n de correas C y Z. Los rodillos para C &amp; Z se cambian muy r\u00e1pidamente sin desmontar ninguna pieza. El cortador adopta el dispositivo hidr\u00e1ulico universal del corte, ninguna necesidad de cambiar la cuchilla del cortador mientras que produce diversos perfiles con diversos tama\u00f1os que ahorran costes laborales y mejoran eficacia de la producci\u00f3n.<\/p>\n<h3>C Z Purlin canal fr\u00edo rollo formando equipo Detalles<\/h3>\n<p><strong>base del soporte<\/strong><br \/>\nLos soportes de rodillos adoptan la estaci\u00f3n \u00fanica de hierro fundido, que es la m\u00e1s pesada y resistente.<\/p>\n<p><img decoding=\"async\" class=\"alignnone size-full wp-image-667\" src=\"https:\/\/swforming.com\/wp-content\/uploads\/2022\/09\/stand-base-1.webp\" alt=\"\" width=\"450\" height=\"300\" title=\"\" srcset=\"https:\/\/swforming.com\/wp-content\/uploads\/2022\/09\/stand-base-1.webp 450w, https:\/\/swforming.com\/wp-content\/uploads\/2022\/09\/stand-base-1-300x200.webp 300w\" sizes=\"(max-width: 450px) 100vw, 450px\" \/><\/p>\n<p><strong>Intercambiable<\/strong><br \/>\nProduce correas de diferentes tama\u00f1os sin cambiar los rodillos ni los separadores.<br \/>\nS\u00f3lo es necesario volcar los rodillos 180 grados, Ahorre costes y tiempo.<\/p>\n<p><img decoding=\"async\" class=\"alignnone size-full wp-image-668\" src=\"https:\/\/swforming.com\/wp-content\/uploads\/2022\/09\/Interchangeable.webp\" alt=\"\" width=\"450\" height=\"300\" title=\"\" srcset=\"https:\/\/swforming.com\/wp-content\/uploads\/2022\/09\/Interchangeable.webp 450w, https:\/\/swforming.com\/wp-content\/uploads\/2022\/09\/Interchangeable-300x200.webp 300w\" sizes=\"(max-width: 450px) 100vw, 450px\" \/><\/p>\n<p><strong>Corte universal<\/strong><br \/>\nCortadora de postes universal. No es necesario cambiar las cuchillas de corte para diferentes tama\u00f1os.<\/p>\n<p><img loading=\"lazy\" decoding=\"async\" class=\"alignnone size-full wp-image-669\" src=\"https:\/\/swforming.com\/wp-content\/uploads\/2022\/09\/Universal-Cut.webp\" alt=\"\" width=\"450\" height=\"300\" title=\"\" srcset=\"https:\/\/swforming.com\/wp-content\/uploads\/2022\/09\/Universal-Cut.webp 450w, https:\/\/swforming.com\/wp-content\/uploads\/2022\/09\/Universal-Cut-300x200.webp 300w\" sizes=\"(max-width: 450px) 100vw, 450px\" \/><\/p>\n<p><strong>personalizaci\u00f3n<\/strong><br \/>\nUn ingeniero senior y experimentado controla todo el proceso para personalizarlo.<\/p>\n<p><img loading=\"lazy\" decoding=\"async\" class=\"alignnone size-full wp-image-636\" src=\"https:\/\/swforming.com\/wp-content\/uploads\/2022\/09\/Customization.webp\" alt=\"\" width=\"450\" height=\"300\" title=\"\" srcset=\"https:\/\/swforming.com\/wp-content\/uploads\/2022\/09\/Customization.webp 450w, https:\/\/swforming.com\/wp-content\/uploads\/2022\/09\/Customization-300x200.webp 300w\" sizes=\"(max-width: 450px) 100vw, 450px\" \/><\/p>\n<p><img loading=\"lazy\" decoding=\"async\" class=\"alignnone size-full wp-image-670\" src=\"https:\/\/swforming.com\/wp-content\/uploads\/2022\/09\/H326e70e798394cd89e95b480233aef34j.webp\" alt=\"\" width=\"750\" height=\"445\" title=\"\" srcset=\"https:\/\/swforming.com\/wp-content\/uploads\/2022\/09\/H326e70e798394cd89e95b480233aef34j.webp 750w, https:\/\/swforming.com\/wp-content\/uploads\/2022\/09\/H326e70e798394cd89e95b480233aef34j-600x356.webp 600w, https:\/\/swforming.com\/wp-content\/uploads\/2022\/09\/H326e70e798394cd89e95b480233aef34j-300x178.webp 300w\" sizes=\"(max-width: 750px) 100vw, 750px\" \/> <img loading=\"lazy\" decoding=\"async\" class=\"alignnone size-full wp-image-671\" src=\"https:\/\/swforming.com\/wp-content\/uploads\/2022\/09\/H7fb8fba7fe3e49c182d4c0fb88573a3dt.webp\" alt=\"\" width=\"750\" height=\"422\" title=\"\" srcset=\"https:\/\/swforming.com\/wp-content\/uploads\/2022\/09\/H7fb8fba7fe3e49c182d4c0fb88573a3dt.webp 750w, https:\/\/swforming.com\/wp-content\/uploads\/2022\/09\/H7fb8fba7fe3e49c182d4c0fb88573a3dt-600x338.webp 600w, https:\/\/swforming.com\/wp-content\/uploads\/2022\/09\/H7fb8fba7fe3e49c182d4c0fb88573a3dt-300x169.webp 300w\" sizes=\"(max-width: 750px) 100vw, 750px\" \/><\/p>\n<h3>Par\u00e1metros de la m\u00e1quina perfiladora en fr\u00edo de canal de correa C Z<\/h3>\n<div>\n<table>\n<tbody>\n<tr>\n<td data-sheets-value=\"{&quot;1&quot;:2,&quot;2&quot;:&quot;Product&quot;}\">Producto<\/td>\n<td data-sheets-value=\"{&quot;1&quot;:2,&quot;2&quot;:&quot;C&amp;Z purlin Quick Interchangeable Roll Forming Machine&quot;}\">\n<div>\n<div>M\u00e1quina perfiladora de correas de intercambio r\u00e1pido C&amp;Z<\/div>\n<\/div>\n<\/td>\n<\/tr>\n<tr>\n<td data-sheets-value=\"{&quot;1&quot;:2,&quot;2&quot;:&quot;Model&quot;}\">Modelo<\/td>\n<td data-sheets-value=\"{&quot;1&quot;:2,&quot;2&quot;:&quot;C Channel Profile \/ Z Shape Profile (Customizable )&quot;}\">\n<div>\n<div>Perfil de canal en C \/ Perfil en forma de Z (personalizable )<\/div>\n<\/div>\n<\/td>\n<\/tr>\n<tr>\n<td data-sheets-value=\"{&quot;1&quot;:2,&quot;2&quot;:&quot;Base Material&quot;}\">Material de base<\/td>\n<td data-sheets-value=\"{&quot;1&quot;:2,&quot;2&quot;:&quot;Galvanized Steel Hot And Cold Rolled Steel&quot;}\">\n<div>\n<div>Acero galvanizado Acero laminado en caliente y en fr\u00edo<\/div>\n<\/div>\n<\/td>\n<\/tr>\n<tr>\n<td data-sheets-value=\"{&quot;1&quot;:2,&quot;2&quot;:&quot;Thickness&quot;}\">Espesor<\/td>\n<td data-sheets-value=\"{&quot;1&quot;:2,&quot;2&quot;:&quot;1.5-3.0mm (Customizable)&quot;}\">\n<div>\n<div>1,5-3,0 mm (personalizable)<\/div>\n<\/div>\n<\/td>\n<\/tr>\n<tr>\n<td data-sheets-value=\"{&quot;1&quot;:2,&quot;2&quot;:&quot;Effective Width&quot;}\">Ancho efectivo<\/td>\n<td data-sheets-value=\"{&quot;1&quot;:2,&quot;2&quot;:&quot;According To Profile Size&quot;}\">\n<div>\n<div>Seg\u00fan el tama\u00f1o del perfil<\/div>\n<\/div>\n<\/td>\n<\/tr>\n<tr>\n<td data-sheets-value=\"{&quot;1&quot;:2,&quot;2&quot;:&quot;Roller Station&quot;}\">Estaci\u00f3n de rodillos<\/td>\n<td data-sheets-value=\"{&quot;1&quot;:2,&quot;2&quot;:&quot;About 16 Stations&quot;}\">\n<div>\n<div>Cerca de 16 estaciones<\/div>\n<\/div>\n<\/td>\n<\/tr>\n<tr>\n<td data-sheets-value=\"{&quot;1&quot;:2,&quot;2&quot;:&quot;Roller Material&quot;}\">Material del rodillo<\/td>\n<td data-sheets-value=\"{&quot;1&quot;:2,&quot;2&quot;:&quot;Bearing Steel \/ Cr12Mov&quot;}\">\n<div>\n<div>Acero para rodamientos \/ Cr12Mov<\/div>\n<\/div>\n<\/td>\n<\/tr>\n<tr>\n<td data-sheets-value=\"{&quot;1&quot;:2,&quot;2&quot;:&quot;Roller Driven Type&quot;}\">Tipo accionado por rodillos<\/td>\n<td data-sheets-value=\"{&quot;1&quot;:2,&quot;2&quot;:&quot;By Chain\/ Gearbox&quot;}\">\n<div>\n<div>Por Cadena\/ Caja de Cambios<\/div>\n<\/div>\n<\/td>\n<\/tr>\n<tr>\n<td data-sheets-value=\"{&quot;1&quot;:2,&quot;2&quot;:&quot;Color&quot;}\">Color<\/td>\n<td data-sheets-value=\"{&quot;1&quot;:2,&quot;2&quot;:&quot;According To Customer Requirements \/ Customizable&quot;}\">\n<div>\n<div>Seg\u00fan los requisitos del cliente\/personalizable<\/div>\n<\/div>\n<\/td>\n<\/tr>\n<tr>\n<td data-sheets-value=\"{&quot;1&quot;:2,&quot;2&quot;:&quot;Brand&quot;}\">Marca<\/td>\n<td data-sheets-value=\"{&quot;1&quot;:2,&quot;2&quot;:&quot;SUNWAY&quot;}\">SUNWAY<\/td>\n<\/tr>\n<tr>\n<td data-sheets-value=\"{&quot;1&quot;:2,&quot;2&quot;:&quot;Control System&quot;}\">Sistema de control<\/td>\n<td data-sheets-value=\"{&quot;1&quot;:2,&quot;2&quot;:&quot;Worldwide Famous Brand PLC (Panasonic, Siemens, Delta, etc)&quot;}\">\n<div>\n<div>PLC de marcas famosas en todo el mundo (Panasonic, Siemens, Delta, etc.)<\/div>\n<\/div>\n<\/td>\n<\/tr>\n<tr>\n<td data-sheets-value=\"{&quot;1&quot;:2,&quot;2&quot;:&quot;Power&quot;}\">Fuerza<\/td>\n<td data-sheets-value=\"{&quot;1&quot;:2,&quot;2&quot;:&quot;15KW-18KW&quot;}\">15KW-18KW<\/td>\n<\/tr>\n<tr>\n<td data-sheets-value=\"{&quot;1&quot;:2,&quot;2&quot;:&quot;Frame&quot;}\">Marco<\/td>\n<td data-sheets-value=\"{&quot;1&quot;:2,&quot;2&quot;:&quot;350 H Steel \/ 400 H Steel&quot;}\">\n<div>\n<div>350 H Acero \/ 400 H Acero<\/div>\n<\/div>\n<\/td>\n<\/tr>\n<tr>\n<td data-sheets-value=\"{&quot;1&quot;:2,&quot;2&quot;:&quot;Cutting Drive&quot;}\">Unidad de corte<\/td>\n<td data-sheets-value=\"{&quot;1&quot;:2,&quot;2&quot;:&quot;Hydraulic Drive&quot;}\">Accionamiento hidr\u00e1ulico<\/td>\n<\/tr>\n<tr>\n<td data-sheets-value=\"{&quot;1&quot;:2,&quot;2&quot;:&quot;Cutting&amp;Hydraulic Type&quot;}\">Corte y tipo hidr\u00e1ulico<\/td>\n<td data-sheets-value=\"{&quot;1&quot;:2,&quot;2&quot;:&quot;Type:Post Universal Cutter\\nHydraulic Pump Station :11kw Blade: Cr12mov HRC: 58-62&quot;}\">\n<div>\n<div>Tipo:Cortadora universal de postes<br \/>\nBomba hidr\u00e1ulica :11kw Cuchilla: Cr12mov HRC: 58-62<\/div>\n<\/div>\n<\/td>\n<\/tr>\n<\/tbody>\n<\/table>\n<h3>\u00bfQu\u00e9 es la perfiladora en fr\u00edo?<\/h3>\n<p>Una perfiladora en fr\u00edo es un tipo de equipo de fabricaci\u00f3n utilizado para dar forma a chapas o tiras de metal en los perfiles o formas deseados. Se denomina perfilado \"en fr\u00edo\" porque el proceso tiene lugar a temperatura ambiente, sin utilizar calor.<\/p>\n<p>La m\u00e1quina consta de una serie de rodillos dispuestos en una secuencia espec\u00edfica, a trav\u00e9s de los cuales se alimenta el material met\u00e1lico. A medida que el material pasa por los rodillos, va adoptando la forma del perfil dise\u00f1ado para el producto final. Los rodillos suelen ser ajustables, lo que permite un control preciso de las dimensiones y la forma del producto formado.<\/p>\n<p>Las m\u00e1quinas de perfilado en fr\u00edo se utilizan habitualmente en diversos sectores, como la construcci\u00f3n, la automoci\u00f3n y la fabricaci\u00f3n. A menudo se emplean para producir componentes con secciones transversales consistentes, como canales, \u00e1ngulos, tubos y otras formas complejas. El proceso es conocido por su gran eficacia, precisi\u00f3n y capacidad para producir perfiles continuos de gran longitud.<\/p>\n<p>Comparado con otros procesos de conformado de metales, el laminado en fr\u00edo ofrece varias ventajas. Elimina la necesidad de operaciones adicionales de mecanizado o soldadura, reduce el desperdicio de material y proporciona un mejor control dimensional. Adem\u00e1s, puede trabajar con una amplia gama de metales, como acero, aluminio, cobre y acero inoxidable, lo que lo convierte en una soluci\u00f3n vers\u00e1til para diferentes aplicaciones.<\/p>\n<h3>\u00bfQu\u00e9 le parece el precio de la perfiladora en fr\u00edo?<\/h3>\n<p>El precio de una m\u00e1quina de perfilado en fr\u00edo puede variar significativamente en funci\u00f3n de varios factores, como las especificaciones de la m\u00e1quina, la complejidad, el tama\u00f1o y el fabricante o proveedor. Adem\u00e1s, los precios tambi\u00e9n pueden variar en funci\u00f3n de la ubicaci\u00f3n geogr\u00e1fica y las condiciones del mercado.<\/p>\n<p>Por lo general, el precio de las m\u00e1quinas de perfilado en fr\u00edo puede oscilar entre varios miles de d\u00f3lares para las m\u00e1quinas m\u00e1s sencillas y b\u00e1sicas, hasta cientos de miles de d\u00f3lares para las m\u00e1quinas m\u00e1s avanzadas, de gran capacidad y con caracter\u00edsticas complejas.<\/p>\n<p>Es importante tener en cuenta que el precio de la m\u00e1quina no es la \u00fanica consideraci\u00f3n a la hora de comprar una perfiladora en fr\u00edo. Otros factores a tener en cuenta son la calidad de la m\u00e1quina, la fiabilidad, el servicio posventa y la reputaci\u00f3n del fabricante.<\/p>\n<p>Para obtener un precio exacto y actualizado de una m\u00e1quina de perfilado en fr\u00edo espec\u00edfica, se recomienda ponerse en contacto directamente con los fabricantes, proveedores o distribuidores. Ellos pueden proporcionarle informaci\u00f3n detallada sobre las especificaciones de la m\u00e1quina y ofrecerle un presupuesto personalizado basado en sus requisitos espec\u00edficos.<\/p>\n<h3>top 5 fabricantes de perfiladoras en fr\u00edo<\/h3>\n<ol>\n<li>WUXI SUNWAY MACHINERY CO., LTD es un fabricante y exportador profesional que se ocupa del dise\u00f1o, desarrollo y producci\u00f3n de m\u00e1quinas perfiladoras en fr\u00edo. Todos los productos cumplen con los est\u00e1ndares internacionales de calidad y son muy apreciados en una variedad de mercados diferentes en todo el mundo, como Asia, \u00c1frica, Europa, Am\u00e9rica del Sur y Australia, entre otros. Ha ganado una red de ventas global.<\/li>\n<li>Grupo Bradbury: Bradbury Group es un fabricante l\u00edder de equipos de perfilado, con una amplia gama de m\u00e1quinas de perfilado en fr\u00edo para diversas industrias. Son conocidos por sus dise\u00f1os innovadores, tecnolog\u00eda avanzada y equipos fiables.<\/li>\n<li>Formtek, Inc: Formtek es un grupo de empresas especializadas en equipos de conformado y fabricaci\u00f3n de metales, incluidas las m\u00e1quinas de perfilado en fr\u00edo. Ofrecen una amplia gama de soluciones de perfilado y gozan de una gran reputaci\u00f3n por su experiencia en ingenier\u00eda y su atenci\u00f3n al cliente.<\/li>\n<li>Samco Machinery Ltd: Maquinaria Samco es un l\u00edder mundial en tecnolog\u00eda de perfilado, proporcionando m\u00e1quinas de perfilado en fr\u00edo de alta calidad para diversas aplicaciones. Tienen una amplia cartera de productos y son conocidos por su compromiso con la innovaci\u00f3n, precisi\u00f3n y fiabilidad.<\/li>\n<li>Yoder Manufacturing: Yoder Manufacturing ha sido un destacado fabricante de m\u00e1quinas perfiladoras durante m\u00e1s de 100 a\u00f1os. Ofrecen una gama de equipos de perfilado en fr\u00edo para diversas industrias y son reconocidos por sus m\u00e1quinas duraderas y excelente servicio al cliente.<\/li>\n<\/ol>\n<h3>ventajas de la perfiladora china<\/h3>\n<p>China se ha convertido en un fabricante y exportador l\u00edder de m\u00e1quinas perfiladoras en fr\u00edo, y hay varias ventajas asociadas con la elecci\u00f3n de m\u00e1quinas perfiladoras en fr\u00edo chinas:<\/p>\n<ol>\n<li>Rentable: Las m\u00e1quinas de perfilado en fr\u00edo chinas son conocidas por sus precios competitivos. Las capacidades de fabricaci\u00f3n, las econom\u00edas de escala y la mano de obra rentable de China contribuyen a reducir los costes de producci\u00f3n, lo que hace que las m\u00e1quinas chinas sean m\u00e1s asequibles en comparaci\u00f3n con las de otros pa\u00edses.<\/li>\n<li>Amplia gama de opciones: China ofrece una amplia gama de m\u00e1quinas de perfilado en fr\u00edo para atender a diversas industrias y aplicaciones. Si usted necesita una m\u00e1quina para techos, construcci\u00f3n, automoci\u00f3n, o cualquier otro sector, se puede encontrar una opci\u00f3n adecuada de los fabricantes chinos que a menudo ofrecen una amplia gama de modelos.<\/li>\n<li>Normas de calidad: Con los a\u00f1os, China ha hecho mejoras significativas en t\u00e9rminos de control de calidad y normas de fabricaci\u00f3n. Muchos fabricantes chinos de m\u00e1quinas de perfilado en fr\u00edo se adhieren a sistemas de gesti\u00f3n de calidad reconocidos internacionalmente, lo que garantiza que sus m\u00e1quinas cumplen o superan las normas del sector.<\/li>\n<li>Personalizaci\u00f3n y Flexibilidad: Los fabricantes chinos a menudo ofrecen opciones de personalizaci\u00f3n para adaptar las m\u00e1quinas de perfilado en fr\u00edo seg\u00fan los requisitos espec\u00edficos del cliente. Ya sea ajustando las dimensiones de la m\u00e1quina, a\u00f1adiendo funciones adicionales o incorporando software espec\u00edfico, los fabricantes chinos suelen estar dispuestos a atender las solicitudes de personalizaci\u00f3n.<\/li>\n<li>Entrega puntual: Con redes log\u00edsticas eficientes y procesos de exportaci\u00f3n racionalizados, los fabricantes chinos son generalmente capaces de entregar m\u00e1quinas de perfilado en fr\u00edo dentro de plazos razonables. Esto es crucial para las empresas que tienen programas de producci\u00f3n ajustados y necesitan m\u00e1quinas entregadas con prontitud.<\/li>\n<li>Asistencia posventa: Los fabricantes chinos han reconocido la importancia de la asistencia posventa y se han esforzado por mejorar su servicio al cliente. Muchas empresas ofrecen asistencia t\u00e9cnica, formaci\u00f3n y apoyo en piezas de repuesto para garantizar el buen funcionamiento y mantenimiento de sus m\u00e1quinas.<\/li>\n<li>Cluster industrial establecido: China ha desarrollado varios clusters industriales dedicados a la fabricaci\u00f3n de maquinaria, incluidas las m\u00e1quinas de perfilado en fr\u00edo. Estas agrupaciones re\u00fanen a proveedores, fabricantes e instituciones de investigaci\u00f3n, fomentando la innovaci\u00f3n, la colaboraci\u00f3n y el intercambio de conocimientos. Formar parte de estas agrupaciones permite a los fabricantes chinos mantenerse al d\u00eda de los \u00faltimos avances tecnol\u00f3gicos.<\/li>\n<\/ol>\n<p>Vale la pena se\u00f1alar que, si bien las m\u00e1quinas de perfilado en fr\u00edo chinas tienen estas ventajas, es esencial llevar a cabo una investigaci\u00f3n exhaustiva, evaluar diferentes fabricantes y considerar los comentarios de los clientes y las certificaciones para asegurarse de elegir un proveedor confiable y de buena reputaci\u00f3n.<\/p>\n<\/div>\n<blockquote class=\"wp-embedded-content\" data-secret=\"gZ9wovHQvT\"><p><a href=\"https:\/\/swforming.com\/es\/the-5-best-purlin-roll-forming-machine-brands-on-the-market\/\">Las 5 mejores marcas de perfiladoras de correas del mercado<\/a><\/p><\/blockquote>\n<p><iframe class=\"wp-embedded-content\" sandbox=\"allow-scripts\" security=\"restricted\" style=\"position: absolute; clip: rect(1px, 1px, 1px, 1px);\" title=\"&quot;Las 5 mejores marcas de perfiladoras de correas del mercado&quot; - SUNWAY Machine\" src=\"https:\/\/swforming.com\/the-5-best-purlin-roll-forming-machine-brands-on-the-market\/embed\/#?secret=DsfKmlqS4G#?secret=gZ9wovHQvT\" data-secret=\"gZ9wovHQvT\" width=\"600\" height=\"338\" frameborder=\"0\" marginwidth=\"0\" marginheight=\"0\" scrolling=\"no\"><\/iframe><\/p>","protected":false},"excerpt":{"rendered":"<p>La M\u00e1quina Perfiladora en Fr\u00edo de Canal de Correa C y Z adopta una estructura especial para la fabricaci\u00f3n de correas C y Z. Los rodillos para C y Z se cambian muy r\u00e1pidamente sin desmontar ninguna pieza. El cortador adopta un dispositivo de corte hidr\u00e1ulico universal, no hay necesidad de cambiar la cuchilla del cortador mientras se producen diferentes perfiles con diferentes tama\u00f1os que ahorran costos de mano de obra y mejoran la eficiencia de producci\u00f3n.<\/p>","protected":false},"featured_media":660,"comment_status":"open","ping_status":"closed","template":"","meta":{"_acf_changed":false},"product_brand":[],"product_cat":[74,112,114,52],"product_tag":[],"class_list":{"0":"post-659","1":"product","2":"type-product","3":"status-publish","4":"has-post-thumbnail","6":"product_cat-cz-purlin-roll-forming-machine","7":"product_cat-profile-roll-forming-machine","8":"product_cat-roll-former","9":"product_cat-steel-structure","11":"first","12":"instock","13":"shipping-taxable","14":"product-type-simple"},"acf":[],"_links":{"self":[{"href":"https:\/\/swforming.com\/es\/wp-json\/wp\/v2\/product\/659","targetHints":{"allow":["GET"]}}],"collection":[{"href":"https:\/\/swforming.com\/es\/wp-json\/wp\/v2\/product"}],"about":[{"href":"https:\/\/swforming.com\/es\/wp-json\/wp\/v2\/types\/product"}],"replies":[{"embeddable":true,"href":"https:\/\/swforming.com\/es\/wp-json\/wp\/v2\/comments?post=659"}],"version-history":[{"count":4,"href":"https:\/\/swforming.com\/es\/wp-json\/wp\/v2\/product\/659\/revisions"}],"predecessor-version":[{"id":3220,"href":"https:\/\/swforming.com\/es\/wp-json\/wp\/v2\/product\/659\/revisions\/3220"}],"wp:featuredmedia":[{"embeddable":true,"href":"https:\/\/swforming.com\/es\/wp-json\/wp\/v2\/media\/660"}],"wp:attachment":[{"href":"https:\/\/swforming.com\/es\/wp-json\/wp\/v2\/media?parent=659"}],"wp:term":[{"taxonomy":"product_brand","embeddable":true,"href":"https:\/\/swforming.com\/es\/wp-json\/wp\/v2\/product_brand?post=659"},{"taxonomy":"product_cat","embeddable":true,"href":"https:\/\/swforming.com\/es\/wp-json\/wp\/v2\/product_cat?post=659"},{"taxonomy":"product_tag","embeddable":true,"href":"https:\/\/swforming.com\/es\/wp-json\/wp\/v2\/product_tag?post=659"}],"curies":[{"name":"wp","href":"https:\/\/api.w.org\/{rel}","templated":true}]}}