{"id":643,"date":"2022-09-13T01:59:49","date_gmt":"2022-09-13T01:59:49","guid":{"rendered":"https:\/\/swforming.com\/?post_type=product&#038;p=643"},"modified":"2026-04-14T05:45:34","modified_gmt":"2026-04-14T05:45:34","slug":"cut-to-length-line-machine","status":"publish","type":"product","link":"https:\/\/swforming.com\/es\/product\/cut-to-length-line-machine\/","title":{"rendered":"M\u00e1quina de l\u00ednea de corte longitudinal de bobinas de acero"},"content":{"rendered":"<p><img fetchpriority=\"high\" decoding=\"async\" class=\"alignnone wp-image-631\" src=\"https:\/\/swforming.com\/wp-content\/uploads\/2022\/09\/Hc24ea353f4c3459b8ccef01847a49415v.webp\" alt=\"M\u00e1quina de corte longitudinal\" width=\"800\" height=\"747\" title=\"\" srcset=\"https:\/\/swforming.com\/wp-content\/uploads\/2022\/09\/Hc24ea353f4c3459b8ccef01847a49415v.webp 750w, https:\/\/swforming.com\/wp-content\/uploads\/2022\/09\/Hc24ea353f4c3459b8ccef01847a49415v-600x560.webp 600w, https:\/\/swforming.com\/wp-content\/uploads\/2022\/09\/Hc24ea353f4c3459b8ccef01847a49415v-300x280.webp 300w\" sizes=\"(max-width: 800px) 100vw, 800px\" \/><\/p>\n<p>La l\u00ednea autom\u00e1tica de corte a medida Sunway se utiliza para desenrollar, nivelar, y medir y cortar autom\u00e1ticamente la longitud. Control el\u00e9ctrico por frecuencia variable AC y servo control, que tiene mejor precisi\u00f3n de longitud y eficiencia.<\/p>\n<h3>Detalles de la m\u00e1quina de corte longitudinal<\/h3>\n<p><img decoding=\"async\" class=\"alignnone wp-image-632\" src=\"https:\/\/swforming.com\/wp-content\/uploads\/2022\/09\/H017df6c287ce4905a8a4da76e889cc038.webp\" sizes=\"(max-width: 750px) 100vw, 750px\" srcset=\"https:\/\/swforming.com\/wp-content\/uploads\/2022\/09\/H017df6c287ce4905a8a4da76e889cc038.webp 750w, https:\/\/swforming.com\/wp-content\/uploads\/2022\/09\/H017df6c287ce4905a8a4da76e889cc038-600x156.webp 600w, https:\/\/swforming.com\/wp-content\/uploads\/2022\/09\/H017df6c287ce4905a8a4da76e889cc038-300x78.webp 300w\" alt=\"\" width=\"800\" height=\"208\" title=\"\"><\/p>\n<p><b><\/b><b><strong>base del soporte<\/strong><\/b><\/p>\n<p data-spm-anchor-id=\"a2700.details.0.i34.7c696a38KBrVB4\">Seleccione acero de alta calidad como materia prima con alta resistencia y servicio pesado, que tiene una fuerte resistencia a la deformaci\u00f3n.<\/p>\n<p data-spm-anchor-id=\"a2700.details.0.i34.7c696a38KBrVB4\"><img decoding=\"async\" class=\"alignnone wp-image-633\" src=\"https:\/\/swforming.com\/wp-content\/uploads\/2022\/09\/stand-base.webp\" sizes=\"(max-width: 2048px) 100vw, 2048px\" srcset=\"https:\/\/swforming.com\/wp-content\/uploads\/2022\/09\/stand-base.webp 2048w, https:\/\/swforming.com\/wp-content\/uploads\/2022\/09\/stand-base-600x450.webp 600w, https:\/\/swforming.com\/wp-content\/uploads\/2022\/09\/stand-base-300x225.webp 300w, https:\/\/swforming.com\/wp-content\/uploads\/2022\/09\/stand-base-1024x768.webp 1024w, https:\/\/swforming.com\/wp-content\/uploads\/2022\/09\/stand-base-768x576.webp 768w, https:\/\/swforming.com\/wp-content\/uploads\/2022\/09\/stand-base-1536x1152.webp 1536w\" alt=\"\" width=\"800\" height=\"600\" title=\"\"><\/p>\n<p><b><strong>Motor<\/strong><\/b><\/p>\n<p>Adopte el motor de la mejor marca para el sistema de accionamiento, m\u00e1s estable y efectivo.<\/p>\n<p><img loading=\"lazy\" decoding=\"async\" class=\"alignnone wp-image-634\" src=\"https:\/\/swforming.com\/wp-content\/uploads\/2022\/09\/motor.webp\" sizes=\"(max-width: 1600px) 100vw, 1600px\" srcset=\"https:\/\/swforming.com\/wp-content\/uploads\/2022\/09\/motor.webp 1600w, https:\/\/swforming.com\/wp-content\/uploads\/2022\/09\/motor-600x450.webp 600w, https:\/\/swforming.com\/wp-content\/uploads\/2022\/09\/motor-300x225.webp 300w, https:\/\/swforming.com\/wp-content\/uploads\/2022\/09\/motor-1024x768.webp 1024w, https:\/\/swforming.com\/wp-content\/uploads\/2022\/09\/motor-768x576.webp 768w, https:\/\/swforming.com\/wp-content\/uploads\/2022\/09\/motor-1536x1152.webp 1536w\" alt=\"\" width=\"800\" height=\"600\" title=\"\"><\/p>\n<p><b><strong>Alto Autom\u00e1tico<\/strong><\/b><\/p>\n<p>La m\u00e1quina de corte a medida adopta el sistema PLC. El cliente puede establecer la cantidad de producci\u00f3n, la velocidad de producci\u00f3n en el armario de control.<\/p>\n<p><img loading=\"lazy\" decoding=\"async\" class=\"alignnone wp-image-635\" src=\"https:\/\/swforming.com\/wp-content\/uploads\/2022\/09\/High-Automatic.webp\" sizes=\"(max-width: 1500px) 100vw, 1500px\" srcset=\"https:\/\/swforming.com\/wp-content\/uploads\/2022\/09\/High-Automatic.webp 1500w, https:\/\/swforming.com\/wp-content\/uploads\/2022\/09\/High-Automatic-600x450.webp 600w, https:\/\/swforming.com\/wp-content\/uploads\/2022\/09\/High-Automatic-300x225.webp 300w, https:\/\/swforming.com\/wp-content\/uploads\/2022\/09\/High-Automatic-1024x768.webp 1024w, https:\/\/swforming.com\/wp-content\/uploads\/2022\/09\/High-Automatic-768x576.webp 768w\" alt=\"\" width=\"800\" height=\"600\" title=\"\"><\/p>\n<p><b><strong>personalizaci\u00f3n<\/strong><\/b><\/p>\n<p>Un ingeniero senior y experimentado controla todo el proceso para personalizarlo.<\/p>\n<p><img loading=\"lazy\" decoding=\"async\" class=\"alignnone wp-image-636\" src=\"https:\/\/swforming.com\/wp-content\/uploads\/2022\/09\/Customization.webp\" sizes=\"(max-width: 450px) 100vw, 450px\" srcset=\"https:\/\/swforming.com\/wp-content\/uploads\/2022\/09\/Customization.webp 450w, https:\/\/swforming.com\/wp-content\/uploads\/2022\/09\/Customization-300x200.webp 300w\" alt=\"\" width=\"800\" height=\"533\" title=\"\"><\/p>\n<h3>\u00bfCu\u00e1l es el principio de funcionamiento de la m\u00e1quina de corte longitudinal?<\/h3>\n<p>Una m\u00e1quina de corte longitudinal es un equipo industrial utilizado en el procesamiento de metales para cortar bobinas de metal en longitudes o chapas espec\u00edficas. El principio de funcionamiento de una m\u00e1quina de corte longitudinal t\u00edpica consta de varios pasos:<\/p>\n<ol>\n<li>Carga de bobinas: El proceso comienza cargando una bobina de metal, como acero o aluminio, en un desenrollador. El desenrollador introduce la bobina en la m\u00e1quina para su posterior procesamiento.<\/li>\n<li>Enderezado: La bobina pasa por una unidad de enderezado que elimina cualquier deformaci\u00f3n o curvatura residual de la bobina. De este modo, el metal queda plano y listo para el corte.<\/li>\n<li>Alimentaci\u00f3n: La bobina enderezada se introduce en un sistema de alimentaci\u00f3n que hace avanzar el metal con precisi\u00f3n hasta la estaci\u00f3n de corte. El sistema de alimentaci\u00f3n suele constar de rodillos o pinzas que agarran y hacen avanzar el material.<\/li>\n<li>Medici\u00f3n: En la estaci\u00f3n de corte, la m\u00e1quina de corte a medida mide la longitud deseada del metal. Para ello se pueden utilizar varios m\u00e9todos, como sensores \u00f3pticos, sistemas de medici\u00f3n l\u00e1ser o ruedas codificadoras.<\/li>\n<li>Corte: Una vez obtenida la medida, la m\u00e1quina inicia el proceso de corte. El mecanismo de corte puede variar en funci\u00f3n del dise\u00f1o de la m\u00e1quina, pero entre los m\u00e9todos habituales se incluyen el cizallado hidr\u00e1ulico, el corte con disco giratorio o el corte con guillotina. El metal se corta con precisi\u00f3n en funci\u00f3n de la longitud medida.<\/li>\n<li>Apilado\/descarga: Una vez cortado el metal, la m\u00e1quina de la l\u00ednea de corte a medida suele apilar o descargar las piezas cortadas. Esto puede implicar apilarlas en pilas o transferirlas a una cinta transportadora para su posterior procesamiento o embalaje.<\/li>\n<li>Automatizaci\u00f3n y controles: Las m\u00e1quinas de l\u00ednea de corte a medida suelen estar equipadas con sistemas de automatizaci\u00f3n y control. Estos sistemas garantizan mediciones precisas, cortes exactos y un funcionamiento eficaz. Tambi\u00e9n pueden incluir funciones como ajustes de longitud programables, procesamiento por lotes y control de calidad.<\/li>\n<\/ol>\n<p>Todo el proceso suele estar automatizado y controlado a trav\u00e9s de un panel de control central, lo que permite a los operarios establecer par\u00e1metros, supervisar la producci\u00f3n y realizar los ajustes necesarios.<\/p>\n<p>En general, el principio de funcionamiento de una m\u00e1quina de l\u00ednea de corte a medida implica la carga de bobinas, el enderezado, la alimentaci\u00f3n, la medici\u00f3n, el corte y el apilado\/descarga. Estas m\u00e1quinas se utilizan ampliamente en diversas industrias que requieren un corte de metal y una producci\u00f3n de chapas precisos.<\/p>\n<h3>aplicaci\u00f3n de la m\u00e1quina de corte longitudinal simple<\/h3>\n<p>Una simple m\u00e1quina de l\u00ednea de corte a medida tiene una amplia gama de aplicaciones en todos los sectores que requieren un corte y procesamiento precisos de bobinas met\u00e1licas. Algunas aplicaciones comunes incluyen:<\/p>\n<ol>\n<li>Centros de servicio sider\u00fargicos: Las m\u00e1quinas de l\u00ednea de corte a medida se utilizan ampliamente en los centros de servicio del acero para procesar bobinas de acero en longitudes precisas. Estos centros suministran chapas cortadas a medida a diversos sectores, como la construcci\u00f3n, la automoci\u00f3n y la fabricaci\u00f3n.<\/li>\n<li>Fabricaci\u00f3n de metales: Los talleres de fabricaci\u00f3n de metal suelen utilizar m\u00e1quinas de corte a medida para cortar bobinas de metal, como acero, aluminio o cobre, en longitudes espec\u00edficas para procesos de fabricaci\u00f3n posteriores. Estas piezas cortadas pueden utilizarse en la producci\u00f3n de componentes, estructuras o ensamblajes met\u00e1licos.<\/li>\n<li>Industria del autom\u00f3vil: Las m\u00e1quinas de l\u00ednea de corte a medida desempe\u00f1an un papel vital en la industria del autom\u00f3vil para producir chapas o tiras de metal de longitudes precisas. Estas chapas pueden utilizarse para fabricar paneles de carrocer\u00eda, bastidores, componentes de chasis y otras piezas met\u00e1licas.<\/li>\n<li>Fabricaci\u00f3n de electrodom\u00e9sticos: La industria de fabricaci\u00f3n de electrodom\u00e9sticos emplea m\u00e1quinas de l\u00ednea de corte a medida para cortar bobinas de metal en las longitudes necesarias para producir diversos electrodom\u00e9sticos como frigor\u00edficos, lavadoras y aparatos de aire acondicionado. Las piezas cortadas pueden servir como paneles, puertas u otros componentes estructurales.<\/li>\n<li>Industria de la construcci\u00f3n: En la construcci\u00f3n, las m\u00e1quinas de l\u00ednea de corte a medida se utilizan para cortar bobinas de metal en longitudes personalizadas para tejados, revestimientos y otras aplicaciones de construcci\u00f3n. Esto permite una utilizaci\u00f3n eficaz del material y un ajuste preciso de las chapas met\u00e1licas.<\/li>\n<li>Industria el\u00e9ctrica: Las m\u00e1quinas de l\u00ednea de corte a medida se utilizan en la industria el\u00e9ctrica para cortar bobinas de cobre o aluminio en longitudes espec\u00edficas necesarias para la fabricaci\u00f3n de alambres, cables y conductores el\u00e9ctricos.<\/li>\n<li>Industria del embalaje: Las m\u00e1quinas de l\u00ednea de corte a medida se emplean en la industria del envasado para cortar bobinas de metal en longitudes precisas para producir materiales de envasado, como l\u00e1minas de metal utilizadas para envases, latas o tapas.<\/li>\n<\/ol>\n<p>Estos son s\u00f3lo algunos ejemplos de c\u00f3mo una simple m\u00e1quina de l\u00ednea de corte a medida puede encontrar aplicaciones en diversas industrias. La capacidad de la m\u00e1quina para cortar con precisi\u00f3n bobinas de metal en longitudes espec\u00edficas proporciona eficiencia, precisi\u00f3n y opciones de personalizaci\u00f3n para diferentes procesos de fabricaci\u00f3n.<\/p>","protected":false},"excerpt":{"rendered":"<p>La m\u00e1quina de corte longitudinal se utiliza para desenrollar, nivelar y medir y cortar longitudes autom\u00e1ticamente. Control el\u00e9ctrico por frecuencia variable AC y servo control, que tiene mejor precisi\u00f3n de longitud y eficiencia.<\/p>","protected":false},"featured_media":644,"comment_status":"open","ping_status":"closed","template":"","meta":{"_acf_changed":false},"product_brand":[],"product_cat":[25],"product_tag":[],"class_list":{"0":"post-643","1":"product","2":"type-product","3":"status-publish","4":"has-post-thumbnail","6":"product_cat-cut-to-length-line","8":"first","9":"instock","10":"shipping-taxable","11":"product-type-simple"},"acf":[],"_links":{"self":[{"href":"https:\/\/swforming.com\/es\/wp-json\/wp\/v2\/product\/643","targetHints":{"allow":["GET"]}}],"collection":[{"href":"https:\/\/swforming.com\/es\/wp-json\/wp\/v2\/product"}],"about":[{"href":"https:\/\/swforming.com\/es\/wp-json\/wp\/v2\/types\/product"}],"replies":[{"embeddable":true,"href":"https:\/\/swforming.com\/es\/wp-json\/wp\/v2\/comments?post=643"}],"version-history":[{"count":3,"href":"https:\/\/swforming.com\/es\/wp-json\/wp\/v2\/product\/643\/revisions"}],"predecessor-version":[{"id":3341,"href":"https:\/\/swforming.com\/es\/wp-json\/wp\/v2\/product\/643\/revisions\/3341"}],"wp:featuredmedia":[{"embeddable":true,"href":"https:\/\/swforming.com\/es\/wp-json\/wp\/v2\/media\/644"}],"wp:attachment":[{"href":"https:\/\/swforming.com\/es\/wp-json\/wp\/v2\/media?parent=643"}],"wp:term":[{"taxonomy":"product_brand","embeddable":true,"href":"https:\/\/swforming.com\/es\/wp-json\/wp\/v2\/product_brand?post=643"},{"taxonomy":"product_cat","embeddable":true,"href":"https:\/\/swforming.com\/es\/wp-json\/wp\/v2\/product_cat?post=643"},{"taxonomy":"product_tag","embeddable":true,"href":"https:\/\/swforming.com\/es\/wp-json\/wp\/v2\/product_tag?post=643"}],"curies":[{"name":"wp","href":"https:\/\/api.w.org\/{rel}","templated":true}]}}