{"id":630,"date":"2022-09-13T01:54:21","date_gmt":"2022-09-13T01:54:21","guid":{"rendered":"https:\/\/swforming.com\/?post_type=product&#038;p=630"},"modified":"2023-06-28T03:10:54","modified_gmt":"2023-06-28T03:10:54","slug":"steel-coil-cut-to-length-line-machine","status":"publish","type":"product","link":"https:\/\/swforming.com\/es\/product\/steel-coil-cut-to-length-line-machine\/","title":{"rendered":"M\u00e1quina de l\u00ednea de corte longitudinal de bobinas de acero"},"content":{"rendered":"<p><img fetchpriority=\"high\" decoding=\"async\" class=\"alignnone wp-image-631\" src=\"https:\/\/swforming.com\/wp-content\/uploads\/2022\/09\/Hc24ea353f4c3459b8ccef01847a49415v.webp\" alt=\"M\u00e1quina de l\u00ednea de corte longitudinal de bobinas de acero\" width=\"800\" height=\"747\" title=\"\" srcset=\"https:\/\/swforming.com\/wp-content\/uploads\/2022\/09\/Hc24ea353f4c3459b8ccef01847a49415v.webp 750w, https:\/\/swforming.com\/wp-content\/uploads\/2022\/09\/Hc24ea353f4c3459b8ccef01847a49415v-600x560.webp 600w, https:\/\/swforming.com\/wp-content\/uploads\/2022\/09\/Hc24ea353f4c3459b8ccef01847a49415v-300x280.webp 300w\" sizes=\"(max-width: 800px) 100vw, 800px\" \/><\/p>\n<p>La l\u00ednea autom\u00e1tica de corte a medida Sunway se utiliza para desenrollar, nivelar, y medir y cortar autom\u00e1ticamente la longitud. Control el\u00e9ctrico por frecuencia variable AC y servo control, que tiene mejor precisi\u00f3n de longitud y eficiencia.<\/p>\n<h3>Detalles de producto<\/h3>\n<p><img decoding=\"async\" class=\"alignnone wp-image-632\" src=\"https:\/\/swforming.com\/wp-content\/uploads\/2022\/09\/H017df6c287ce4905a8a4da76e889cc038.webp\" alt=\"\" width=\"800\" height=\"208\" title=\"\" srcset=\"https:\/\/swforming.com\/wp-content\/uploads\/2022\/09\/H017df6c287ce4905a8a4da76e889cc038.webp 750w, https:\/\/swforming.com\/wp-content\/uploads\/2022\/09\/H017df6c287ce4905a8a4da76e889cc038-600x156.webp 600w, https:\/\/swforming.com\/wp-content\/uploads\/2022\/09\/H017df6c287ce4905a8a4da76e889cc038-300x78.webp 300w\" sizes=\"(max-width: 800px) 100vw, 800px\" \/><\/p>\n<p><strong>base del soporte<\/strong><br \/>\nSeleccione acero de alta calidad como materia prima con alta resistencia y servicio pesado, que tiene una fuerte resistencia a la deformaci\u00f3n.<\/p>\n<p data-spm-anchor-id=\"a2700.details.0.i34.7c696a38KBrVB4\"><img decoding=\"async\" class=\"alignnone wp-image-633\" src=\"https:\/\/swforming.com\/wp-content\/uploads\/2022\/09\/stand-base.webp\" alt=\"\" width=\"800\" height=\"600\" title=\"\" srcset=\"https:\/\/swforming.com\/wp-content\/uploads\/2022\/09\/stand-base.webp 2048w, https:\/\/swforming.com\/wp-content\/uploads\/2022\/09\/stand-base-600x450.webp 600w, https:\/\/swforming.com\/wp-content\/uploads\/2022\/09\/stand-base-300x225.webp 300w, https:\/\/swforming.com\/wp-content\/uploads\/2022\/09\/stand-base-1024x768.webp 1024w, https:\/\/swforming.com\/wp-content\/uploads\/2022\/09\/stand-base-768x576.webp 768w, https:\/\/swforming.com\/wp-content\/uploads\/2022\/09\/stand-base-1536x1152.webp 1536w\" sizes=\"(max-width: 800px) 100vw, 800px\" \/><\/p>\n<p><strong>Motor<\/strong><br \/>\nAdopte el motor de la mejor marca para el sistema de accionamiento, m\u00e1s estable y efectivo.<\/p>\n<p><img loading=\"lazy\" decoding=\"async\" class=\"alignnone wp-image-634\" src=\"https:\/\/swforming.com\/wp-content\/uploads\/2022\/09\/motor.webp\" alt=\"\" width=\"800\" height=\"600\" title=\"\" srcset=\"https:\/\/swforming.com\/wp-content\/uploads\/2022\/09\/motor.webp 1600w, https:\/\/swforming.com\/wp-content\/uploads\/2022\/09\/motor-600x450.webp 600w, https:\/\/swforming.com\/wp-content\/uploads\/2022\/09\/motor-300x225.webp 300w, https:\/\/swforming.com\/wp-content\/uploads\/2022\/09\/motor-1024x768.webp 1024w, https:\/\/swforming.com\/wp-content\/uploads\/2022\/09\/motor-768x576.webp 768w, https:\/\/swforming.com\/wp-content\/uploads\/2022\/09\/motor-1536x1152.webp 1536w\" sizes=\"(max-width: 800px) 100vw, 800px\" \/><\/p>\n<p style=\"font-style: inherit; font-weight: inherit;\"><strong>Alto Autom\u00e1tico<\/strong><br \/>\nLa m\u00e1quina de corte a medida adopta el sistema PLC. El cliente puede establecer la cantidad de producci\u00f3n, la velocidad de producci\u00f3n en el armario de control.<\/p>\n<p><img loading=\"lazy\" decoding=\"async\" class=\"alignnone wp-image-635\" src=\"https:\/\/swforming.com\/wp-content\/uploads\/2022\/09\/High-Automatic.webp\" alt=\"\" width=\"800\" height=\"600\" title=\"\" srcset=\"https:\/\/swforming.com\/wp-content\/uploads\/2022\/09\/High-Automatic.webp 1500w, https:\/\/swforming.com\/wp-content\/uploads\/2022\/09\/High-Automatic-600x450.webp 600w, https:\/\/swforming.com\/wp-content\/uploads\/2022\/09\/High-Automatic-300x225.webp 300w, https:\/\/swforming.com\/wp-content\/uploads\/2022\/09\/High-Automatic-1024x768.webp 1024w, https:\/\/swforming.com\/wp-content\/uploads\/2022\/09\/High-Automatic-768x576.webp 768w\" sizes=\"(max-width: 800px) 100vw, 800px\" \/><\/p>\n<p><strong>personalizaci\u00f3n<\/strong><br \/>\nUn ingeniero senior y experimentado controla todo el proceso para personalizarlo.<\/p>\n<p><img loading=\"lazy\" decoding=\"async\" class=\"alignnone wp-image-636\" src=\"https:\/\/swforming.com\/wp-content\/uploads\/2022\/09\/Customization.webp\" alt=\"\" width=\"800\" height=\"533\" title=\"\" srcset=\"https:\/\/swforming.com\/wp-content\/uploads\/2022\/09\/Customization.webp 450w, https:\/\/swforming.com\/wp-content\/uploads\/2022\/09\/Customization-300x200.webp 300w\" sizes=\"(max-width: 800px) 100vw, 800px\" \/><\/p>\n<h3>Parametros del producto<\/h3>\n<div>\n<table>\n<tbody>\n<tr>\n<td data-sheets-value=\"{&quot;1&quot;:2,&quot;2&quot;:&quot;Processing Thickness&quot;}\">Espesor de procesamiento<\/td>\n<td data-sheets-value=\"{&quot;1&quot;:2,&quot;2&quot;:&quot;0.1~3mm&quot;}\">0,1~3 mm<\/td>\n<\/tr>\n<tr>\n<td data-sheets-value=\"{&quot;1&quot;:2,&quot;2&quot;:&quot;Processing Width&quot;}\">Anchura de procesamiento<\/td>\n<td data-sheets-value=\"{&quot;1&quot;:2,&quot;2&quot;:&quot;100-2000mm&quot;}\">100-2000mm<\/td>\n<\/tr>\n<tr>\n<td data-sheets-value=\"{&quot;1&quot;:2,&quot;2&quot;:&quot;Cut To Length Accuracy&quot;}\">Precisi\u00f3n de corte<\/td>\n<td data-sheets-value=\"{&quot;1&quot;:2,&quot;2&quot;:&quot;\u00b11.5 mm&quot;}\">\u00b11,5 mm<\/td>\n<\/tr>\n<tr>\n<td data-sheets-value=\"{&quot;1&quot;:2,&quot;2&quot;:&quot;Cutting Speed&quot;}\">Velocidad de corte<\/td>\n<td data-sheets-value=\"{&quot;1&quot;:2,&quot;2&quot;:&quot;1-200m\/min&quot;}\">1-200 m\/min<\/td>\n<\/tr>\n<tr>\n<td data-sheets-value=\"{&quot;1&quot;:2,&quot;2&quot;:&quot;Coil Inner Diameter&quot;}\">Di\u00e1metro interior de la bobina<\/td>\n<td data-sheets-value=\"{&quot;1&quot;:2,&quot;2&quot;:&quot;500\/610 mm&quot;}\">500\/610 mm<\/td>\n<\/tr>\n<tr>\n<td data-sheets-value=\"{&quot;1&quot;:2,&quot;2&quot;:&quot;Coil Outer Diameter&quot;}\">Di\u00e1metro exterior de la bobina<\/td>\n<td data-sheets-value=\"{&quot;1&quot;:2,&quot;2&quot;:&quot;\u22642000 mm&quot;}\">\u22642000 mm<\/td>\n<\/tr>\n<tr>\n<td data-sheets-value=\"{&quot;1&quot;:2,&quot;2&quot;:&quot;Cut To Length Range&quot;}\">Longitud de corte<\/td>\n<td data-sheets-value=\"{&quot;1&quot;:2,&quot;2&quot;:&quot;500~4000mm&quot;}\">500~4000mm<\/td>\n<\/tr>\n<tr>\n<td data-sheets-value=\"{&quot;1&quot;:2,&quot;2&quot;:&quot;Sheet Leveling Flatness&quot;}\">Nivelaci\u00f3n de chapas Planitud<\/td>\n<td data-sheets-value=\"{&quot;1&quot;:2,&quot;2&quot;:&quot;\u2264\u00b11.5mm\/m\u00b2&quot;}\">\u2264\u00b11,5mm\/m\u00b2<\/td>\n<\/tr>\n<tr>\n<td data-sheets-value=\"{&quot;1&quot;:2,&quot;2&quot;:&quot;Length Tolerance&quot;}\">Tolerancia de longitud<\/td>\n<td data-sheets-value=\"{&quot;1&quot;:2,&quot;2&quot;:&quot;\u2264\u00b11.5mm \/m\u00b2&quot;}\">\u2264\u00b11,5mm \/m\u00b2<\/td>\n<\/tr>\n<tr>\n<td data-sheets-value=\"{&quot;1&quot;:2,&quot;2&quot;:&quot;Diagonal Tolerance&quot;}\">Tolerancia diagonal<\/td>\n<td data-sheets-value=\"{&quot;1&quot;:2,&quot;2&quot;:&quot;\u2264\u00b11.2mm\/m\u00b2&quot;}\">\u2264\u00b11,2mm\/m\u00b2<\/td>\n<\/tr>\n<tr>\n<td data-sheets-value=\"{&quot;1&quot;:2,&quot;2&quot;:&quot;Levelling Precision&quot;}\">Precisi\u00f3n de nivelaci\u00f3n<\/td>\n<td data-sheets-value=\"{&quot;1&quot;:2,&quot;2&quot;:&quot;\u22642mm\/m\u00b2&quot;}\">\u22642mm\/m\u00b2<\/td>\n<\/tr>\n<tr>\n<td data-sheets-value=\"{&quot;1&quot;:2,&quot;2&quot;:&quot;Cut Length&quot;}\">Longitud de corte<\/td>\n<td data-sheets-value=\"{&quot;1&quot;:2,&quot;2&quot;:&quot;500~3000mm&quot;}\">500~3000mm<\/td>\n<\/tr>\n<\/tbody>\n<\/table>\n<\/div>\n<p><b>Los par\u00e1metros mencionados son orientativos, la m\u00e1quina puede personalizarse.<\/b><\/p>\n<h3>ventaja de la m\u00e1quina de corte longitudinal de China<\/h3>\n<p>China se ha convertido en un destacado fabricante de m\u00e1quinas de l\u00ednea de corte longitudinal y ofrece varias ventajas en t\u00e9rminos de calidad, rentabilidad y avances tecnol\u00f3gicos. Estas son algunas de las ventajas de las m\u00e1quinas de l\u00ednea de corte a medida fabricadas en China:<\/p>\n<ol>\n<li>Fabricaci\u00f3n rentable: China es conocida por sus competitivos costes de fabricaci\u00f3n, lo que se traduce en precios relativamente m\u00e1s bajos para las m\u00e1quinas de l\u00ednea de corte a medida. Los fabricantes chinos suelen ofrecer soluciones rentables sin comprometer la calidad.<\/li>\n<li>Amplia gama de opciones: China tiene un vasto n\u00famero de fabricantes que producen m\u00e1quinas de l\u00ednea de corte a medida, proporcionando a los clientes una amplia gama de opciones para elegir. Esto permite a los compradores encontrar m\u00e1quinas que cumplan sus requisitos espec\u00edficos en cuanto a capacidad, posibilidades de corte y funciones de automatizaci\u00f3n.<\/li>\n<li>Avances tecnol\u00f3gicos: Los fabricantes chinos han realizado importantes avances en el dise\u00f1o y la tecnolog\u00eda de las m\u00e1quinas de l\u00ednea de corte a medida. Incorporan sistemas de control avanzados, funciones de automatizaci\u00f3n y mecanismos de corte de precisi\u00f3n para mejorar la eficiencia y la precisi\u00f3n.<\/li>\n<li>Personalizaci\u00f3n y flexibilidad: Los fabricantes chinos suelen estar abiertos a personalizar las m\u00e1quinas de l\u00ednea de corte seg\u00fan las necesidades espec\u00edficas del cliente. Pueden modificar las especificaciones de la m\u00e1quina, las capacidades de corte y otras caracter\u00edsticas para satisfacer requisitos \u00fanicos.<\/li>\n<li>Normas de calidad: A lo largo de los a\u00f1os, China ha mejorado sus procesos de fabricaci\u00f3n y sus sistemas de control de calidad. Muchos fabricantes chinos se adhieren a las normas y certificaciones internacionales de calidad, lo que garantiza que sus m\u00e1quinas de l\u00ednea de corte transversal cumplen los requisitos del sector.<\/li>\n<li>S\u00f3lida red de proveedores: China cuenta con una s\u00f3lida red de proveedores que respalda la fabricaci\u00f3n de m\u00e1quinas de l\u00ednea de corte transversal. Esto garantiza un suministro constante de componentes, piezas de repuesto y asistencia t\u00e9cnica, lo que contribuye a la fiabilidad general y el mantenimiento de las m\u00e1quinas.<\/li>\n<li>Experiencia en exportaci\u00f3n: Los fabricantes chinos tienen una amplia experiencia en la exportaci\u00f3n de m\u00e1quinas de l\u00ednea de corte a varios pa\u00edses de todo el mundo. Conocen los requisitos log\u00edsticos y pueden ofrecer un env\u00edo eficaz y asistencia posventa a clientes de todo el mundo.<\/li>\n<\/ol>\n<p>Es importante tener en cuenta que, aunque China ofrece muchas ventajas en t\u00e9rminos de fabricaci\u00f3n de l\u00edneas de corte longitudinal, es esencial llevar a cabo una investigaci\u00f3n exhaustiva, evaluar la reputaci\u00f3n de los fabricantes y tener en cuenta los comentarios de los clientes antes de tomar una decisi\u00f3n de compra.<\/p>\n<h3>\u00bfcu\u00e1nto cuesta la m\u00e1quina de corte a medida?<\/h3>\n<p>El coste de una l\u00ednea de corte longitudinal puede variar significativamente en funci\u00f3n de varios factores, como las especificaciones de la m\u00e1quina, su capacidad, sus caracter\u00edsticas y el fabricante o proveedor. Adem\u00e1s, las condiciones del mercado, la ubicaci\u00f3n y los tipos de cambio tambi\u00e9n pueden influir en el precio. Por ello, es dif\u00edcil ofrecer un precio exacto sin detalles concretos.<\/p>\n<p>Por lo general, el precio de las m\u00e1quinas de l\u00ednea de corte a medida puede oscilar entre decenas de miles y varios cientos de miles de d\u00f3lares. Los modelos b\u00e1sicos con menor capacidad de corte y menos funciones de automatizaci\u00f3n suelen ser m\u00e1s asequibles, mientras que las m\u00e1quinas m\u00e1s grandes y de mayor capacidad con automatizaci\u00f3n avanzada y mecanismos de corte de precisi\u00f3n pueden ser m\u00e1s caras.<\/p>\n<p>Es importante tener en cuenta que la informaci\u00f3n sobre precios puede obtenerse poni\u00e9ndose en contacto directamente con fabricantes, proveedores o distribuidores. Ellos pueden facilitarle presupuestos detallados en funci\u00f3n de sus necesidades espec\u00edficas y proporcionarle informaci\u00f3n adicional sobre la instalaci\u00f3n, el mantenimiento y la asistencia posventa.<\/p>\n<p>A la hora de considerar el coste de una l\u00ednea de corte transversal, es fundamental evaluar factores como la calidad de la m\u00e1quina, su fiabilidad, la garant\u00eda y la reputaci\u00f3n del fabricante o proveedor. Adem\u00e1s, factores como el mantenimiento continuo, la disponibilidad de piezas de repuesto y la atenci\u00f3n al cliente tambi\u00e9n deben tenerse en cuenta para garantizar el \u00e9xito de la inversi\u00f3n.<\/p>","protected":false},"excerpt":{"rendered":"<p>La l\u00ednea autom\u00e1tica de corte a medida Sunway se utiliza para desenrollar, nivelar, y medir y cortar autom\u00e1ticamente la longitud. Control el\u00e9ctrico por frecuencia variable AC y servo control, que tiene mejor precisi\u00f3n de longitud y eficiencia.<\/p>","protected":false},"featured_media":637,"comment_status":"open","ping_status":"closed","template":"","meta":{"_acf_changed":false},"product_brand":[],"product_cat":[25],"product_tag":[],"class_list":{"0":"post-630","1":"product","2":"type-product","3":"status-publish","4":"has-post-thumbnail","6":"product_cat-cut-to-length-line","8":"first","9":"instock","10":"shipping-taxable","11":"product-type-simple"},"acf":[],"_links":{"self":[{"href":"https:\/\/swforming.com\/es\/wp-json\/wp\/v2\/product\/630","targetHints":{"allow":["GET"]}}],"collection":[{"href":"https:\/\/swforming.com\/es\/wp-json\/wp\/v2\/product"}],"about":[{"href":"https:\/\/swforming.com\/es\/wp-json\/wp\/v2\/types\/product"}],"replies":[{"embeddable":true,"href":"https:\/\/swforming.com\/es\/wp-json\/wp\/v2\/comments?post=630"}],"version-history":[{"count":3,"href":"https:\/\/swforming.com\/es\/wp-json\/wp\/v2\/product\/630\/revisions"}],"predecessor-version":[{"id":3343,"href":"https:\/\/swforming.com\/es\/wp-json\/wp\/v2\/product\/630\/revisions\/3343"}],"wp:featuredmedia":[{"embeddable":true,"href":"https:\/\/swforming.com\/es\/wp-json\/wp\/v2\/media\/637"}],"wp:attachment":[{"href":"https:\/\/swforming.com\/es\/wp-json\/wp\/v2\/media?parent=630"}],"wp:term":[{"taxonomy":"product_brand","embeddable":true,"href":"https:\/\/swforming.com\/es\/wp-json\/wp\/v2\/product_brand?post=630"},{"taxonomy":"product_cat","embeddable":true,"href":"https:\/\/swforming.com\/es\/wp-json\/wp\/v2\/product_cat?post=630"},{"taxonomy":"product_tag","embeddable":true,"href":"https:\/\/swforming.com\/es\/wp-json\/wp\/v2\/product_tag?post=630"}],"curies":[{"name":"wp","href":"https:\/\/api.w.org\/{rel}","templated":true}]}}