{"id":6204,"date":"2025-12-26T06:37:36","date_gmt":"2025-12-26T06:37:36","guid":{"rendered":"https:\/\/swforming.com\/?post_type=product&#038;p=6204"},"modified":"2025-12-29T05:43:30","modified_gmt":"2025-12-29T05:43:30","slug":"storage-rack-shelf-box-panel-making-machine-steel-storage-rack-system-box-beam-roll-forming-line","status":"publish","type":"product","link":"https:\/\/swforming.com\/es\/product\/storage-rack-shelf-box-panel-making-machine-steel-storage-rack-system-box-beam-roll-forming-line\/","title":{"rendered":"M\u00e1quina fabricadora de paneles de caja de estanter\u00edas para bastidores de almacenamiento L\u00ednea de formaci\u00f3n de rodillos de viga de caja para sistema de bastidores de acero"},"content":{"rendered":"<p><img fetchpriority=\"high\" decoding=\"async\" class=\"alignnone wp-image-6224 size-full\" src=\"https:\/\/swforming.com\/wp-content\/uploads\/2025\/12\/Hc43734b112c14118ace14dec1671bd6bL.jpg\" alt=\"\" width=\"750\" height=\"900\" title=\"\" srcset=\"https:\/\/swforming.com\/wp-content\/uploads\/2025\/12\/Hc43734b112c14118ace14dec1671bd6bL.jpg 750w, https:\/\/swforming.com\/wp-content\/uploads\/2025\/12\/Hc43734b112c14118ace14dec1671bd6bL-250x300.jpg 250w, https:\/\/swforming.com\/wp-content\/uploads\/2025\/12\/Hc43734b112c14118ace14dec1671bd6bL-10x12.jpg 10w, https:\/\/swforming.com\/wp-content\/uploads\/2025\/12\/Hc43734b112c14118ace14dec1671bd6bL-600x720.jpg 600w\" sizes=\"(max-width: 750px) 100vw, 750px\" \/><\/p>\n<div data-spm-anchor-id=\"a2700.details-description.0.i1.16f8CWJyCWJylJ\">\n<p>La m\u00e1quina formadora de rodillos de viga de caja se ha desarrollado para producir la viga que se fija entre los bastidores verticales. Normalmente tiene dos tipos: 1) ambas vigas en C se forman mediante rodillos en una m\u00e1quina formadora y luego se ensamblan en un formador combinado para obtener una viga de caja; 2) una viga se forma directamente en una m\u00e1quina formadora para obtener una viga de caja.<\/p>\n<p>Esta l\u00ednea de formaci\u00f3n de rodillos de viga de caja completamente autom\u00e1tica est\u00e1 dise\u00f1ada especialmente y equipada con soldadura autom\u00e1tica y apilado, lo que puede reducir la mano de obra y aumentar la eficiencia de producci\u00f3n. El diagrama de flujo completo de la l\u00ednea es<br \/>\nDesenrollado el\u00e9ctrico \u2013 Gu\u00eda de alimentaci\u00f3n y nivelado \u2013 M\u00e1quina formadora de rodillos (sistema de accionamiento por caja de engranajes) \u2013 Corte volador \u2013 Mesa de transporte y giro autom\u00e1tica \u2013 M\u00e1quina de ensamblado (sistema de accionamiento por caja de engranajes) \u2013 Mesa de salida \u2013 Soldadura y apilado autom\u00e1ticos.<\/p>\n<p>Nuestra m\u00e1quina formadora de rodillos inteligente puede fabricar vigas de varios tama\u00f1os con espesores de 1,5-3,0 mm. Procesos como desenrollado, alimentaci\u00f3n, formaci\u00f3n de rodillos, soldadura, corte, etc., se pueden realizar autom\u00e1ticamente en una sola l\u00ednea. Adem\u00e1s, contamos con m\u00e1quinas formadoras de rodillos para fabricar vigas escalonadas, bastidores verticales y tableros de estanter\u00edas. Todos estos son componentes del sistema de bastidores para pal\u00e9s.<br \/>\nEn el sistema de estanter\u00edas de paletas de almac\u00e9n, podemos fabricar m\u00e1s m\u00e1quinas como la m\u00e1quina perfiladora de vigas escalonadas, la m\u00e1quina perfiladora de estantes verticales y la m\u00e1quina perfiladora de paneles de estanter\u00eda (placa de caja), etc.<\/p>\n<p>Realizamos diferentes soluciones seg\u00fan el dibujo, la tolerancia y el presupuesto del cliente, ofreciendo un servicio profesional personalizado, adaptable a todas sus necesidades. Sea cual sea la l\u00ednea que elija, la calidad de SUNWAY Machinery le garantizar\u00e1 la obtenci\u00f3n de perfiles perfectamente funcionales.<\/p>\n<h3>Dibujos de perfil<\/h3>\n<p><img decoding=\"async\" class=\"alignnone wp-image-6226 size-full\" src=\"https:\/\/swforming.com\/wp-content\/uploads\/2025\/12\/Hafc232e9831a4950aa50e.jpg\" alt=\"\" width=\"1748\" height=\"1996\" title=\"\" srcset=\"https:\/\/swforming.com\/wp-content\/uploads\/2025\/12\/Hafc232e9831a4950aa50e.jpg 1748w, https:\/\/swforming.com\/wp-content\/uploads\/2025\/12\/Hafc232e9831a4950aa50e-263x300.jpg 263w, https:\/\/swforming.com\/wp-content\/uploads\/2025\/12\/Hafc232e9831a4950aa50e-897x1024.jpg 897w, https:\/\/swforming.com\/wp-content\/uploads\/2025\/12\/Hafc232e9831a4950aa50e-768x877.jpg 768w, https:\/\/swforming.com\/wp-content\/uploads\/2025\/12\/Hafc232e9831a4950aa50e-1345x1536.jpg 1345w, https:\/\/swforming.com\/wp-content\/uploads\/2025\/12\/Hafc232e9831a4950aa50e-11x12.jpg 11w, https:\/\/swforming.com\/wp-content\/uploads\/2025\/12\/Hafc232e9831a4950aa50e-600x685.jpg 600w\" sizes=\"(max-width: 1748px) 100vw, 1748px\" \/><img decoding=\"async\" class=\"alignnone wp-image-6227 size-full\" src=\"https:\/\/swforming.com\/wp-content\/uploads\/2025\/12\/QQ20251229-134154.jpg\" alt=\"\" width=\"750\" height=\"182\" title=\"\" srcset=\"https:\/\/swforming.com\/wp-content\/uploads\/2025\/12\/QQ20251229-134154.jpg 750w, https:\/\/swforming.com\/wp-content\/uploads\/2025\/12\/QQ20251229-134154-300x73.jpg 300w, https:\/\/swforming.com\/wp-content\/uploads\/2025\/12\/QQ20251229-134154-18x4.jpg 18w, https:\/\/swforming.com\/wp-content\/uploads\/2025\/12\/QQ20251229-134154-600x146.jpg 600w\" sizes=\"(max-width: 750px) 100vw, 750px\" \/><\/p>\n<h3>L\u00ednea de producci\u00f3n<\/h3>\n<p><img loading=\"lazy\" decoding=\"async\" class=\"alignnone wp-image-6228 size-full\" src=\"https:\/\/swforming.com\/wp-content\/uploads\/2025\/12\/H53307b5ef7e7494088.jpg\" alt=\"\" width=\"1748\" height=\"819\" title=\"\" srcset=\"https:\/\/swforming.com\/wp-content\/uploads\/2025\/12\/H53307b5ef7e7494088.jpg 1748w, https:\/\/swforming.com\/wp-content\/uploads\/2025\/12\/H53307b5ef7e7494088-300x141.jpg 300w, https:\/\/swforming.com\/wp-content\/uploads\/2025\/12\/H53307b5ef7e7494088-1024x480.jpg 1024w, https:\/\/swforming.com\/wp-content\/uploads\/2025\/12\/H53307b5ef7e7494088-768x360.jpg 768w, https:\/\/swforming.com\/wp-content\/uploads\/2025\/12\/H53307b5ef7e7494088-1536x720.jpg 1536w, https:\/\/swforming.com\/wp-content\/uploads\/2025\/12\/H53307b5ef7e7494088-18x8.jpg 18w, https:\/\/swforming.com\/wp-content\/uploads\/2025\/12\/H53307b5ef7e7494088-600x281.jpg 600w\" sizes=\"(max-width: 1748px) 100vw, 1748px\" \/><\/p>\n<h3>Detalles de producto<\/h3>\n<p><img loading=\"lazy\" decoding=\"async\" class=\"alignnone wp-image-6215 size-full\" src=\"https:\/\/swforming.com\/wp-content\/uploads\/2025\/12\/20251226142928.jpg\" alt=\"\" width=\"750\" height=\"1257\" title=\"\" srcset=\"https:\/\/swforming.com\/wp-content\/uploads\/2025\/12\/20251226142928.jpg 750w, https:\/\/swforming.com\/wp-content\/uploads\/2025\/12\/20251226142928-179x300.jpg 179w, https:\/\/swforming.com\/wp-content\/uploads\/2025\/12\/20251226142928-611x1024.jpg 611w, https:\/\/swforming.com\/wp-content\/uploads\/2025\/12\/20251226142928-7x12.jpg 7w, https:\/\/swforming.com\/wp-content\/uploads\/2025\/12\/20251226142928-600x1006.jpg 600w\" sizes=\"(max-width: 750px) 100vw, 750px\" \/><\/p>\n<h3>Parametros del producto<\/h3>\n<div style=\"overflow-x: auto;\">\n<table>\n<tbody>\n<tr>\n<td style=\"text-align: center;\" colspan=\"3\" rowspan=\"1\"><strong>L\u00ednea de formaci\u00f3n de rodillos de viga de caja autom\u00e1tica<\/strong><\/td>\n<\/tr>\n<tr>\n<td colspan=\"1\" rowspan=\"3\">\n<div>Material mecanizable<\/div>\n<\/td>\n<td>A) Bobina Galvanizada<\/td>\n<td colspan=\"1\" rowspan=\"3\">\n<div>Espesor (MM): 1.5-3.0 seg\u00fan el cliente<\/div>\n<\/td>\n<\/tr>\n<tr>\n<td>B) Acero laminado en fr\u00edo\/caliente<\/td>\n<\/tr>\n<tr>\n<td>c) acero al carbono<\/td>\n<\/tr>\n<tr>\n<td>L\u00edmite el\u00e1stico<\/td>\n<td colspan=\"2\" rowspan=\"1\">250 \u2013 350 MPa<\/td>\n<\/tr>\n<tr>\n<td>Estr\u00e9s de tracci\u00f3n<\/td>\n<td colspan=\"2\" rowspan=\"1\">350 MPa-500 MPa<\/td>\n<\/tr>\n<tr>\n<td>Velocidad de formaci\u00f3n nominal (M\/Min)<\/td>\n<td>10-20<\/td>\n<td>* O seg\u00fan sus necesidades<\/td>\n<\/tr>\n<tr>\n<td>Estaci\u00f3n de formaci\u00f3n<\/td>\n<td>18-20<\/td>\n<td>* Seg\u00fan sus dibujos de perfil<\/td>\n<\/tr>\n<tr>\n<td>desbobinador<\/td>\n<td>Desenrollador Manual<\/td>\n<td>* Desenrollador Hidr\u00e1ulico (Opcional)<\/td>\n<\/tr>\n<tr>\n<td>Sistema de conducci\u00f3n<\/td>\n<td>Transmisi\u00f3n por cadena<\/td>\n<td>* Transmisi\u00f3n de caja de cambios (opcional)<\/td>\n<\/tr>\n<tr>\n<td>Estructura de la m\u00e1quina<\/td>\n<td>Placas de acero soldadas<\/td>\n<td>* Soportes de hierro fundido (opcional)<\/td>\n<\/tr>\n<tr>\n<td>Material de los rodillos<\/td>\n<td>GCr 15<\/td>\n<td>* Cr12Mov (Opcional)<\/td>\n<\/tr>\n<tr>\n<td>Sistema de Corte<\/td>\n<td>Corte Hidr\u00e1ulico<\/td>\n<td>* Corte de Sierra (Opcional)<\/td>\n<\/tr>\n<tr>\n<td>Unidad de ensamblado<\/td>\n<td>Por cadena<\/td>\n<td>* Por caja de engranajes (opcional)<\/td>\n<\/tr>\n<tr>\n<td>Eficiencia de soldadura<\/td>\n<td colspan=\"2\" rowspan=\"1\">Especificaci\u00f3n 50*100 \u226525 segundos\/pieza, especificaci\u00f3n 50*120-140 \u226530 segundos\/pieza,<br \/>\nEspecificaci\u00f3n 50*160 \u226535 segundos\/pieza (excepto vigas con error unilateral &gt;1,5 mm)<\/td>\n<\/tr>\n<tr>\n<td>Proceso de soldadura y apilado<\/td>\n<td colspan=\"2\" rowspan=\"1\">Apilar las piezas colgantes en orden sobre la plataforma de alimentaci\u00f3n autom\u00e1tica de piezas colgantes, luego enviar la se\u00f1al, la m\u00e1quina comienza a cargar autom\u00e1ticamente las piezas colgantes y, al mismo tiempo, el robot agarra autom\u00e1ticamente la viga transversal hasta la posici\u00f3n especificada de la plataforma de la m\u00e1quina, inicia la soldadura, primero suelda los dos lados, gira 90 grados y luego suelda los otros dos lados para completar<br \/>\nla soldadura, gira a otra estaci\u00f3n y el robot transfiere el material al apilado de productos terminados, y el robot toma el material nuevamente, repitiendo las acciones anteriores. Todas las acciones anteriores se controlan y operan mediante el sistema dedicado para la l\u00ednea autom\u00e1tica de vigas transversales.<\/td>\n<\/tr>\n<tr>\n<td>Color de la m\u00e1quina<\/td>\n<td>azul industrial<\/td>\n<td>* O seg\u00fan sus necesidades<\/td>\n<\/tr>\n<\/tbody>\n<\/table>\n<\/div>\n<h3>Solicitud<\/h3>\n<p><img loading=\"lazy\" decoding=\"async\" class=\"alignnone wp-image-6216 size-full\" src=\"https:\/\/swforming.com\/wp-content\/uploads\/2025\/12\/QQ20251226-143237.jpg\" alt=\"\" width=\"750\" height=\"453\" title=\"\" srcset=\"https:\/\/swforming.com\/wp-content\/uploads\/2025\/12\/QQ20251226-143237.jpg 750w, https:\/\/swforming.com\/wp-content\/uploads\/2025\/12\/QQ20251226-143237-300x181.jpg 300w, https:\/\/swforming.com\/wp-content\/uploads\/2025\/12\/QQ20251226-143237-18x12.jpg 18w, https:\/\/swforming.com\/wp-content\/uploads\/2025\/12\/QQ20251226-143237-600x362.jpg 600w\" sizes=\"(max-width: 750px) 100vw, 750px\" \/><\/p>\n<\/div>","protected":false},"excerpt":{"rendered":"<p>La m\u00e1quina formadora de rodillos de viga de caja se ha desarrollado para producir la viga que se fija entre los bastidores verticales. Normalmente tiene dos tipos: 1) ambas vigas en C se forman mediante rodillos en una m\u00e1quina formadora y luego se ensamblan en un formador combinado para obtener una viga de caja; 2) una viga se forma directamente en una m\u00e1quina formadora para obtener una viga de caja.<\/p>","protected":false},"featured_media":6205,"comment_status":"closed","ping_status":"closed","template":"","meta":{"_acf_changed":false},"product_brand":[],"product_cat":[65,46],"product_tag":[],"class_list":{"0":"post-6204","1":"product","2":"type-product","3":"status-publish","4":"has-post-thumbnail","6":"product_cat-box-beam-roll-forming-machine","7":"product_cat-racking-shelving","9":"first","10":"instock","11":"shipping-taxable","12":"product-type-simple"},"acf":[],"_links":{"self":[{"href":"https:\/\/swforming.com\/es\/wp-json\/wp\/v2\/product\/6204","targetHints":{"allow":["GET"]}}],"collection":[{"href":"https:\/\/swforming.com\/es\/wp-json\/wp\/v2\/product"}],"about":[{"href":"https:\/\/swforming.com\/es\/wp-json\/wp\/v2\/types\/product"}],"replies":[{"embeddable":true,"href":"https:\/\/swforming.com\/es\/wp-json\/wp\/v2\/comments?post=6204"}],"version-history":[{"count":5,"href":"https:\/\/swforming.com\/es\/wp-json\/wp\/v2\/product\/6204\/revisions"}],"predecessor-version":[{"id":6229,"href":"https:\/\/swforming.com\/es\/wp-json\/wp\/v2\/product\/6204\/revisions\/6229"}],"wp:featuredmedia":[{"embeddable":true,"href":"https:\/\/swforming.com\/es\/wp-json\/wp\/v2\/media\/6205"}],"wp:attachment":[{"href":"https:\/\/swforming.com\/es\/wp-json\/wp\/v2\/media?parent=6204"}],"wp:term":[{"taxonomy":"product_brand","embeddable":true,"href":"https:\/\/swforming.com\/es\/wp-json\/wp\/v2\/product_brand?post=6204"},{"taxonomy":"product_cat","embeddable":true,"href":"https:\/\/swforming.com\/es\/wp-json\/wp\/v2\/product_cat?post=6204"},{"taxonomy":"product_tag","embeddable":true,"href":"https:\/\/swforming.com\/es\/wp-json\/wp\/v2\/product_tag?post=6204"}],"curies":[{"name":"wp","href":"https:\/\/api.w.org\/{rel}","templated":true}]}}