{"id":5092,"date":"2024-10-10T06:06:04","date_gmt":"2024-10-10T06:06:04","guid":{"rendered":"https:\/\/swforming.com\/?post_type=product&#038;p=5092"},"modified":"2024-10-10T06:11:05","modified_gmt":"2024-10-10T06:11:05","slug":"multi-profiles-roll-forming-machine","status":"publish","type":"product","link":"https:\/\/swforming.com\/es\/product\/multi-profiles-roll-forming-machine\/","title":{"rendered":"M\u00e1quina Perfiladora Multiperfiles"},"content":{"rendered":"<p><img fetchpriority=\"high\" decoding=\"async\" class=\"alignnone size-full wp-image-5099\" src=\"https:\/\/swforming.com\/wp-content\/uploads\/2024\/10\/ff2dd663-41e4-45cb-acb8-69400cf03c41.jpg\" alt=\"\" width=\"750\" height=\"900\" title=\"\" srcset=\"https:\/\/swforming.com\/wp-content\/uploads\/2024\/10\/ff2dd663-41e4-45cb-acb8-69400cf03c41.jpg 750w, https:\/\/swforming.com\/wp-content\/uploads\/2024\/10\/ff2dd663-41e4-45cb-acb8-69400cf03c41-250x300.jpg 250w, https:\/\/swforming.com\/wp-content\/uploads\/2024\/10\/ff2dd663-41e4-45cb-acb8-69400cf03c41-10x12.jpg 10w, https:\/\/swforming.com\/wp-content\/uploads\/2024\/10\/ff2dd663-41e4-45cb-acb8-69400cf03c41-600x720.jpg 600w\" sizes=\"(max-width: 750px) 100vw, 750px\" \/><\/p>\n<p>La maquina perfiladora de multi perfiles tambi\u00e9n llamada 2 en 1 o 3 en 1 o 4 en 1 etc. La maquina perfiladora de purl\u00edn est\u00e1 dise\u00f1ada para hacer diferentes perfiles en una sola m\u00e1quina que puede ahorrar espacio y costo.<\/p>\n<p>Con el desarrollo de diversos requisitos de producci\u00f3n de perfiles, los clientes prefieren comprar una m\u00e1quina, pero puede producir 2 purinas o m\u00e1s. Entonces esta m\u00e1quina es la mejor opci\u00f3n. No hay necesidad de cambiar los rodillos o cortadores una vez que la producci\u00f3n de perfiles diferentes. Mientras tanto, la unidad de perforaci\u00f3n tambi\u00e9n est\u00e1 disponible para cada perfil.<\/p>\n<p>SUNWAY realiza diferentes soluciones seg\u00fan el dibujo, la tolerancia y el presupuesto del cliente, ofreciendo un servicio profesional personalizado, adaptable a todas sus necesidades. Sea cual sea la l\u00ednea que elija, la calidad de la maquinaria SUNWAY le garantizar\u00e1 la obtenci\u00f3n de perfiles perfectamente funcionales.<\/p>\n<h3>L\u00ednea de producci\u00f3n<\/h3>\n<p><img decoding=\"async\" class=\"alignnone size-full wp-image-5100\" src=\"https:\/\/swforming.com\/wp-content\/uploads\/2024\/10\/65f01ae4-ae6b-46e4-a144-f25070f7b43e.jpg\" alt=\"\" width=\"1748\" height=\"951\" title=\"\" srcset=\"https:\/\/swforming.com\/wp-content\/uploads\/2024\/10\/65f01ae4-ae6b-46e4-a144-f25070f7b43e.jpg 1748w, https:\/\/swforming.com\/wp-content\/uploads\/2024\/10\/65f01ae4-ae6b-46e4-a144-f25070f7b43e-300x163.jpg 300w, https:\/\/swforming.com\/wp-content\/uploads\/2024\/10\/65f01ae4-ae6b-46e4-a144-f25070f7b43e-1024x557.jpg 1024w, https:\/\/swforming.com\/wp-content\/uploads\/2024\/10\/65f01ae4-ae6b-46e4-a144-f25070f7b43e-768x418.jpg 768w, https:\/\/swforming.com\/wp-content\/uploads\/2024\/10\/65f01ae4-ae6b-46e4-a144-f25070f7b43e-1536x836.jpg 1536w, https:\/\/swforming.com\/wp-content\/uploads\/2024\/10\/65f01ae4-ae6b-46e4-a144-f25070f7b43e-18x10.jpg 18w, https:\/\/swforming.com\/wp-content\/uploads\/2024\/10\/65f01ae4-ae6b-46e4-a144-f25070f7b43e-600x326.jpg 600w\" sizes=\"(max-width: 1748px) 100vw, 1748px\" \/><\/p>\n<h3>Detalles de producto<\/h3>\n<p><img decoding=\"async\" class=\"alignnone size-full wp-image-5101\" src=\"https:\/\/swforming.com\/wp-content\/uploads\/2024\/10\/20241010135945.jpg\" alt=\"\" width=\"935\" height=\"887\" title=\"\" srcset=\"https:\/\/swforming.com\/wp-content\/uploads\/2024\/10\/20241010135945.jpg 935w, https:\/\/swforming.com\/wp-content\/uploads\/2024\/10\/20241010135945-300x285.jpg 300w, https:\/\/swforming.com\/wp-content\/uploads\/2024\/10\/20241010135945-768x729.jpg 768w, https:\/\/swforming.com\/wp-content\/uploads\/2024\/10\/20241010135945-13x12.jpg 13w, https:\/\/swforming.com\/wp-content\/uploads\/2024\/10\/20241010135945-600x569.jpg 600w\" sizes=\"(max-width: 935px) 100vw, 935px\" \/><\/p>\n<h3>Parametros del producto<\/h3>\n<div style=\"overflow-x: auto;\">\n<table>\n<tbody>\n<tr>\n<td style=\"text-align: center;\" colspan=\"3\" rowspan=\"1\"><strong>M\u00e1quina Perfiladora de Purl\u00edn CZ con Cambio Autom\u00e1tico de Tama\u00f1o<\/strong><\/td>\n<\/tr>\n<tr>\n<td colspan=\"1\" rowspan=\"2\">\n<div>Material mecanizable<\/div>\n<\/td>\n<td>A) Bobina Galvanizada<\/td>\n<td colspan=\"1\" rowspan=\"2\">\n<div>Espesor (MM): 1.5-3 o seg\u00fan el cliente<\/div>\n<\/td>\n<\/tr>\n<tr>\n<td>B) Bobina de acero al carbono<\/td>\n<\/tr>\n<tr>\n<td>L\u00edmite el\u00e1stico<\/td>\n<td colspan=\"2\" rowspan=\"1\">250 \u2013 550 MPa<\/td>\n<\/tr>\n<tr>\n<td>Estr\u00e9s de tracci\u00f3n<\/td>\n<td colspan=\"2\" rowspan=\"1\">G350 MPa-G550 MPa<\/td>\n<\/tr>\n<tr>\n<td>desbobinador<\/td>\n<td>Desenrollador Manual<\/td>\n<td>* Desenrollador Hidr\u00e1ulico (Opcional)<\/td>\n<\/tr>\n<tr>\n<td>Sistema de punzonado<\/td>\n<td>Estaci\u00f3n de punzonado hidr\u00e1ulico<\/td>\n<td>* Perforaci\u00f3n previa \/ Perforaci\u00f3n posterior (Opcional)<\/td>\n<\/tr>\n<tr>\n<td>Estaci\u00f3n de formaci\u00f3n<\/td>\n<td colspan=\"2\" rowspan=\"1\">Seg\u00fan perfiles<\/td>\n<\/tr>\n<tr>\n<td>Sistema de conducci\u00f3n<\/td>\n<td>Transmisi\u00f3n por cadena<\/td>\n<td>* Transmisi\u00f3n de caja de cambios (opcional)<\/td>\n<\/tr>\n<tr>\n<td>Estructura de la m\u00e1quina<\/td>\n<td>Estaci\u00f3n de paneles de pared<\/td>\n<td>* Estaci\u00f3n de Hierro Forjado (Opcional)<\/td>\n<\/tr>\n<tr>\n<td>Velocidad de formaci\u00f3n<\/td>\n<td>10-20 (M\/MIN)<\/td>\n<td>* O seg\u00fan su requisito<\/td>\n<\/tr>\n<tr>\n<td>Material de los rodillos<\/td>\n<td>GCr 15<\/td>\n<td>* Cr12Mov (Opcional)<\/td>\n<\/tr>\n<tr>\n<td>Sistema de Corte<\/td>\n<td>precorte<\/td>\n<td>* Post-corte universal (Opcional)<\/td>\n<\/tr>\n<tr>\n<td>Perfiles<\/td>\n<td>2 en 1<\/td>\n<td>* 3 en 1 , 4 en 1<\/td>\n<\/tr>\n<tr>\n<td>Marca de cambiador de frecuencia<\/td>\n<td>Yaskawa<\/td>\n<td>* Siemens (Opcional)<\/td>\n<\/tr>\n<tr>\n<td>Marca PLC<\/td>\n<td>panasonic<\/td>\n<td>* Siemens (Opcional)<\/td>\n<\/tr>\n<tr>\n<td>Fuente de alimentaci\u00f3n<\/td>\n<td>380V 50Hz<\/td>\n<td>* O seg\u00fan su requisito<\/td>\n<\/tr>\n<tr>\n<td>Color de la m\u00e1quina<\/td>\n<td>azul industrial<\/td>\n<td>* O seg\u00fan su requisito<\/td>\n<\/tr>\n<\/tbody>\n<\/table>\n<\/div>","protected":false},"excerpt":{"rendered":"<p>La maquina perfiladora de perfiles multiples tambien llamada 2 en 1 o 3 en 1 o 4 en 1 etc. La maquina perfiladora de purlinas esta dise\u00f1ada para hacer diferentes perfiles en una maquina que puede ahorrar espacio y costo. Con el desarrollo de varios requisitos de producci\u00f3n de perfiles, los clientes prefieren comprar una m\u00e1quina pero pueden producir 2 purines o m\u00e1s. Entonces esta m\u00e1quina es la mejor opci\u00f3n. No hay necesidad de cambiar los rodillos o cortadores una vez que la producci\u00f3n de perfiles diferentes. Mientras tanto, la unidad de perforaci\u00f3n tambi\u00e9n est\u00e1 disponible para cada perfil.<\/p>","protected":false},"featured_media":5094,"comment_status":"closed","ping_status":"closed","template":"","meta":{"_acf_changed":false},"product_brand":[],"product_cat":[52,116],"product_tag":[],"class_list":{"0":"post-5092","1":"product","2":"type-product","3":"status-publish","4":"has-post-thumbnail","6":"product_cat-steel-structure","7":"product_cat-multi-profiles-roll-forming-machine","9":"first","10":"instock","11":"shipping-taxable","12":"product-type-simple"},"acf":[],"_links":{"self":[{"href":"https:\/\/swforming.com\/es\/wp-json\/wp\/v2\/product\/5092","targetHints":{"allow":["GET"]}}],"collection":[{"href":"https:\/\/swforming.com\/es\/wp-json\/wp\/v2\/product"}],"about":[{"href":"https:\/\/swforming.com\/es\/wp-json\/wp\/v2\/types\/product"}],"replies":[{"embeddable":true,"href":"https:\/\/swforming.com\/es\/wp-json\/wp\/v2\/comments?post=5092"}],"version-history":[{"count":1,"href":"https:\/\/swforming.com\/es\/wp-json\/wp\/v2\/product\/5092\/revisions"}],"predecessor-version":[{"id":5102,"href":"https:\/\/swforming.com\/es\/wp-json\/wp\/v2\/product\/5092\/revisions\/5102"}],"wp:featuredmedia":[{"embeddable":true,"href":"https:\/\/swforming.com\/es\/wp-json\/wp\/v2\/media\/5094"}],"wp:attachment":[{"href":"https:\/\/swforming.com\/es\/wp-json\/wp\/v2\/media?parent=5092"}],"wp:term":[{"taxonomy":"product_brand","embeddable":true,"href":"https:\/\/swforming.com\/es\/wp-json\/wp\/v2\/product_brand?post=5092"},{"taxonomy":"product_cat","embeddable":true,"href":"https:\/\/swforming.com\/es\/wp-json\/wp\/v2\/product_cat?post=5092"},{"taxonomy":"product_tag","embeddable":true,"href":"https:\/\/swforming.com\/es\/wp-json\/wp\/v2\/product_tag?post=5092"}],"curies":[{"name":"wp","href":"https:\/\/api.w.org\/{rel}","templated":true}]}}