{"id":5035,"date":"2024-09-18T07:08:35","date_gmt":"2024-09-18T07:08:35","guid":{"rendered":"https:\/\/swforming.com\/?post_type=product&#038;p=5035"},"modified":"2024-09-18T07:08:35","modified_gmt":"2024-09-18T07:08:35","slug":"carriage-board-roll-forming-machine","status":"publish","type":"product","link":"https:\/\/swforming.com\/es\/product\/carriage-board-roll-forming-machine\/","title":{"rendered":"M\u00e1quina formadora de rollos de tablero de carro"},"content":{"rendered":"<p><img fetchpriority=\"high\" decoding=\"async\" class=\"alignnone size-full wp-image-5042\" src=\"https:\/\/swforming.com\/wp-content\/uploads\/2024\/09\/H5ccfa91b6db24b22adda71f9368707e4V.jpg\" alt=\"\" width=\"750\" height=\"900\" title=\"\" srcset=\"https:\/\/swforming.com\/wp-content\/uploads\/2024\/09\/H5ccfa91b6db24b22adda71f9368707e4V.jpg 750w, https:\/\/swforming.com\/wp-content\/uploads\/2024\/09\/H5ccfa91b6db24b22adda71f9368707e4V-250x300.jpg 250w, https:\/\/swforming.com\/wp-content\/uploads\/2024\/09\/H5ccfa91b6db24b22adda71f9368707e4V-10x12.jpg 10w, https:\/\/swforming.com\/wp-content\/uploads\/2024\/09\/H5ccfa91b6db24b22adda71f9368707e4V-600x720.jpg 600w\" sizes=\"(max-width: 750px) 100vw, 750px\" \/><\/p>\n<p>La maquina perfiladora de panel de carro met\u00e1lico esta dise\u00f1ada para producir tableros laterales de cami\u00f3n con diferentes dise\u00f1os. normalmente el espesor es de 1-3mm en rangos.<\/p>\n<p>La maquina perfiladora de placa de carro de camion es una maquina automatica, usada para hacer la placa superior, inferior y lateral de la placa de carro de camion. Incluye desbobinador, nivelador, perfiladora, soldadora, cortadora, sistema de control, sistema hidr\u00e1ulico, etc.<\/p>\n<p>Realizamos diferentes soluciones seg\u00fan el dibujo, la tolerancia y el presupuesto del cliente, ofreciendo un servicio profesional personalizado, adaptable a todas sus necesidades. Sea cual sea la l\u00ednea que elija, la calidad de SUNWAY Machinery le garantizar\u00e1 la obtenci\u00f3n de perfiles perfectamente funcionales.<\/p>\n<h3>Dibujos de perfil<\/h3>\n<p><img decoding=\"async\" class=\"alignnone size-full wp-image-5043\" src=\"https:\/\/swforming.com\/wp-content\/uploads\/2024\/09\/He8ee2057b3aa44a18438fbd0ed6f9374U.jpg\" alt=\"\" width=\"1300\" height=\"758\" title=\"\" srcset=\"https:\/\/swforming.com\/wp-content\/uploads\/2024\/09\/He8ee2057b3aa44a18438fbd0ed6f9374U.jpg 1300w, https:\/\/swforming.com\/wp-content\/uploads\/2024\/09\/He8ee2057b3aa44a18438fbd0ed6f9374U-300x175.jpg 300w, https:\/\/swforming.com\/wp-content\/uploads\/2024\/09\/He8ee2057b3aa44a18438fbd0ed6f9374U-1024x597.jpg 1024w, https:\/\/swforming.com\/wp-content\/uploads\/2024\/09\/He8ee2057b3aa44a18438fbd0ed6f9374U-768x448.jpg 768w, https:\/\/swforming.com\/wp-content\/uploads\/2024\/09\/He8ee2057b3aa44a18438fbd0ed6f9374U-18x10.jpg 18w, https:\/\/swforming.com\/wp-content\/uploads\/2024\/09\/He8ee2057b3aa44a18438fbd0ed6f9374U-600x350.jpg 600w\" sizes=\"(max-width: 1300px) 100vw, 1300px\" \/><\/p>\n<p><img decoding=\"async\" class=\"alignnone size-full wp-image-5044\" src=\"https:\/\/swforming.com\/wp-content\/uploads\/2024\/09\/18145629.jpg\" alt=\"\" width=\"1054\" height=\"273\" title=\"\" srcset=\"https:\/\/swforming.com\/wp-content\/uploads\/2024\/09\/18145629.jpg 1054w, https:\/\/swforming.com\/wp-content\/uploads\/2024\/09\/18145629-300x78.jpg 300w, https:\/\/swforming.com\/wp-content\/uploads\/2024\/09\/18145629-1024x265.jpg 1024w, https:\/\/swforming.com\/wp-content\/uploads\/2024\/09\/18145629-768x199.jpg 768w, https:\/\/swforming.com\/wp-content\/uploads\/2024\/09\/18145629-18x5.jpg 18w, https:\/\/swforming.com\/wp-content\/uploads\/2024\/09\/18145629-600x155.jpg 600w\" sizes=\"(max-width: 1054px) 100vw, 1054px\" \/><\/p>\n<h3>L\u00ednea de producci\u00f3n<\/h3>\n<p><img loading=\"lazy\" decoding=\"async\" class=\"alignnone size-full wp-image-5045\" src=\"https:\/\/swforming.com\/wp-content\/uploads\/2024\/09\/Hccdb0a8ce94c430e9ad6165f42e836d0V.jpg\" alt=\"\" width=\"1748\" height=\"488\" title=\"\" srcset=\"https:\/\/swforming.com\/wp-content\/uploads\/2024\/09\/Hccdb0a8ce94c430e9ad6165f42e836d0V.jpg 1748w, https:\/\/swforming.com\/wp-content\/uploads\/2024\/09\/Hccdb0a8ce94c430e9ad6165f42e836d0V-300x84.jpg 300w, https:\/\/swforming.com\/wp-content\/uploads\/2024\/09\/Hccdb0a8ce94c430e9ad6165f42e836d0V-1024x286.jpg 1024w, https:\/\/swforming.com\/wp-content\/uploads\/2024\/09\/Hccdb0a8ce94c430e9ad6165f42e836d0V-768x214.jpg 768w, https:\/\/swforming.com\/wp-content\/uploads\/2024\/09\/Hccdb0a8ce94c430e9ad6165f42e836d0V-1536x429.jpg 1536w, https:\/\/swforming.com\/wp-content\/uploads\/2024\/09\/Hccdb0a8ce94c430e9ad6165f42e836d0V-18x5.jpg 18w, https:\/\/swforming.com\/wp-content\/uploads\/2024\/09\/Hccdb0a8ce94c430e9ad6165f42e836d0V-600x168.jpg 600w\" sizes=\"(max-width: 1748px) 100vw, 1748px\" \/><\/p>\n<h3>Detalles de producto<\/h3>\n<h3><img loading=\"lazy\" decoding=\"async\" class=\"alignnone size-full wp-image-5046\" src=\"https:\/\/swforming.com\/wp-content\/uploads\/2024\/09\/918145.jpg\" alt=\"\" width=\"1044\" height=\"1432\" title=\"\" srcset=\"https:\/\/swforming.com\/wp-content\/uploads\/2024\/09\/918145.jpg 1044w, https:\/\/swforming.com\/wp-content\/uploads\/2024\/09\/918145-219x300.jpg 219w, https:\/\/swforming.com\/wp-content\/uploads\/2024\/09\/918145-747x1024.jpg 747w, https:\/\/swforming.com\/wp-content\/uploads\/2024\/09\/918145-768x1053.jpg 768w, https:\/\/swforming.com\/wp-content\/uploads\/2024\/09\/918145-9x12.jpg 9w, https:\/\/swforming.com\/wp-content\/uploads\/2024\/09\/918145-600x823.jpg 600w\" sizes=\"(max-width: 1044px) 100vw, 1044px\" \/><\/h3>\n<h3>Parametros del producto<\/h3>\n<div style=\"overflow-x: auto;\">\n<table>\n<tbody>\n<tr>\n<td style=\"text-align: center;\" colspan=\"3\" rowspan=\"1\"><strong>M\u00e1quina formadora de rollos de tablero de carro<\/strong><\/td>\n<\/tr>\n<tr>\n<td colspan=\"1\" rowspan=\"3\">\n<div>Material mecanizable<\/div>\n<\/td>\n<td>A) Acero Galvanizado<\/td>\n<td colspan=\"1\" rowspan=\"3\">\n<div>Espesor(MM): 1.0-3.0 O Seg\u00fan Cliente<\/div>\n<\/td>\n<\/tr>\n<tr>\n<td>B) Laminado en fr\u00edo o en caliente<\/td>\n<\/tr>\n<tr>\n<td>c) acero al carbono<\/td>\n<\/tr>\n<tr>\n<td>L\u00edmite el\u00e1stico<\/td>\n<td colspan=\"2\" rowspan=\"1\">250 \u2013 550 MPa<\/td>\n<\/tr>\n<tr>\n<td>Estr\u00e9s de tracci\u00f3n<\/td>\n<td colspan=\"2\" rowspan=\"1\">G250 MPa-G550 MPa<\/td>\n<\/tr>\n<tr>\n<td>Perfiles<\/td>\n<td colspan=\"2\" rowspan=\"1\">Seg\u00fan cliente<\/td>\n<\/tr>\n<tr>\n<td>desbobinador<\/td>\n<td colspan=\"2\" rowspan=\"1\">Desenrollador hidr\u00e1ulico<\/td>\n<\/tr>\n<tr>\n<td>Estaci\u00f3n de formaci\u00f3n<\/td>\n<td colspan=\"2\" rowspan=\"1\">Unas 24 estaciones o seg\u00fan planos de perfil<\/td>\n<\/tr>\n<tr>\n<td>Sistema de conducci\u00f3n<\/td>\n<td>Unidad de caja de cambios<\/td>\n<td>* Transmisi\u00f3n por cadena (opcional)<\/td>\n<\/tr>\n<tr>\n<td>Estructura de la m\u00e1quina<\/td>\n<td colspan=\"2\" rowspan=\"1\">Estaci\u00f3n de hierro forjado<\/td>\n<\/tr>\n<tr>\n<td>Velocidad de formaci\u00f3n<\/td>\n<td>0-10 (M\/MIN)<\/td>\n<td>* Sin incluir el corte<\/td>\n<\/tr>\n<tr>\n<td>Material de los rodillos<\/td>\n<td>GCr 15<\/td>\n<td>* Cr12Mov (Opcional)<\/td>\n<\/tr>\n<tr>\n<td>Sistema de Corte<\/td>\n<td>Post-corte<\/td>\n<td>* Precorte (Opcional)<\/td>\n<\/tr>\n<tr>\n<td>Marca de cambiador de frecuencia<\/td>\n<td>Yaskawa<\/td>\n<td>* Siemens (Opcional)<\/td>\n<\/tr>\n<tr>\n<td>Marca PLC<\/td>\n<td>panasonic<\/td>\n<td>* Siemens (Opcional)<\/td>\n<\/tr>\n<tr>\n<td>Fuente de alimentaci\u00f3n<\/td>\n<td>380V 50Hz<\/td>\n<td>* O seg\u00fan su requisito<\/td>\n<\/tr>\n<tr>\n<td>Color de la m\u00e1quina<\/td>\n<td>azul industrial<\/td>\n<td>* O seg\u00fan su requisito<\/td>\n<\/tr>\n<\/tbody>\n<\/table>\n<\/div>\n<h3>Solicitud<\/h3>\n<p><img loading=\"lazy\" decoding=\"async\" class=\"alignnone size-full wp-image-5047\" src=\"https:\/\/swforming.com\/wp-content\/uploads\/2024\/09\/0918150432.jpg\" alt=\"\" width=\"1054\" height=\"681\" title=\"\" srcset=\"https:\/\/swforming.com\/wp-content\/uploads\/2024\/09\/0918150432.jpg 1054w, https:\/\/swforming.com\/wp-content\/uploads\/2024\/09\/0918150432-300x194.jpg 300w, https:\/\/swforming.com\/wp-content\/uploads\/2024\/09\/0918150432-1024x662.jpg 1024w, https:\/\/swforming.com\/wp-content\/uploads\/2024\/09\/0918150432-768x496.jpg 768w, https:\/\/swforming.com\/wp-content\/uploads\/2024\/09\/0918150432-18x12.jpg 18w, https:\/\/swforming.com\/wp-content\/uploads\/2024\/09\/0918150432-600x388.jpg 600w\" sizes=\"(max-width: 1054px) 100vw, 1054px\" \/><\/p>","protected":false},"excerpt":{"rendered":"<p>La maquina perfiladora de tablero de carro de metal esta dise\u00f1ada para producir tableros laterales de cami\u00f3n con diferentes dise\u00f1os. normalmente el espesor es de 1-3mm en rangos. La maquina perfiladora de tablero de carro de camion es una maquina automatica, usada para hacer tablero superior, inferior y lateral de tablero de carro de camion. Incluye desenrollador, nivelador, laminador, soldador, cortador, sistema de control, sistema hidr\u00e1ulico, etc.<\/p>","protected":false},"featured_media":5036,"comment_status":"closed","ping_status":"closed","template":"","meta":{"_acf_changed":false},"product_brand":[],"product_cat":[37,88],"product_tag":[],"class_list":{"0":"post-5035","1":"product","2":"type-product","3":"status-publish","4":"has-post-thumbnail","6":"product_cat-highway-engineering-vehicle","7":"product_cat-carriage-board-roll-forming-machine","9":"first","10":"instock","11":"shipping-taxable","12":"product-type-simple"},"acf":[],"_links":{"self":[{"href":"https:\/\/swforming.com\/es\/wp-json\/wp\/v2\/product\/5035","targetHints":{"allow":["GET"]}}],"collection":[{"href":"https:\/\/swforming.com\/es\/wp-json\/wp\/v2\/product"}],"about":[{"href":"https:\/\/swforming.com\/es\/wp-json\/wp\/v2\/types\/product"}],"replies":[{"embeddable":true,"href":"https:\/\/swforming.com\/es\/wp-json\/wp\/v2\/comments?post=5035"}],"version-history":[{"count":1,"href":"https:\/\/swforming.com\/es\/wp-json\/wp\/v2\/product\/5035\/revisions"}],"predecessor-version":[{"id":5048,"href":"https:\/\/swforming.com\/es\/wp-json\/wp\/v2\/product\/5035\/revisions\/5048"}],"wp:featuredmedia":[{"embeddable":true,"href":"https:\/\/swforming.com\/es\/wp-json\/wp\/v2\/media\/5036"}],"wp:attachment":[{"href":"https:\/\/swforming.com\/es\/wp-json\/wp\/v2\/media?parent=5035"}],"wp:term":[{"taxonomy":"product_brand","embeddable":true,"href":"https:\/\/swforming.com\/es\/wp-json\/wp\/v2\/product_brand?post=5035"},{"taxonomy":"product_cat","embeddable":true,"href":"https:\/\/swforming.com\/es\/wp-json\/wp\/v2\/product_cat?post=5035"},{"taxonomy":"product_tag","embeddable":true,"href":"https:\/\/swforming.com\/es\/wp-json\/wp\/v2\/product_tag?post=5035"}],"curies":[{"name":"wp","href":"https:\/\/api.w.org\/{rel}","templated":true}]}}