{"id":4995,"date":"2024-09-09T06:05:24","date_gmt":"2024-09-09T06:05:24","guid":{"rendered":"https:\/\/swforming.com\/?post_type=product&#038;p=4995"},"modified":"2024-09-09T06:05:25","modified_gmt":"2024-09-09T06:05:25","slug":"auto-changeable-c-z-purline-machine","status":"publish","type":"product","link":"https:\/\/swforming.com\/es\/product\/auto-changeable-c-z-purline-machine\/","title":{"rendered":"M\u00e1quina de purline C Z autocambiable"},"content":{"rendered":"<p><img fetchpriority=\"high\" decoding=\"async\" class=\"alignnone size-full wp-image-5002\" src=\"https:\/\/swforming.com\/wp-content\/uploads\/2024\/09\/Hf8413c10180b49e989c13b48be5c54242.jpg\" alt=\"\" width=\"750\" height=\"900\" title=\"\" srcset=\"https:\/\/swforming.com\/wp-content\/uploads\/2024\/09\/Hf8413c10180b49e989c13b48be5c54242.jpg 750w, https:\/\/swforming.com\/wp-content\/uploads\/2024\/09\/Hf8413c10180b49e989c13b48be5c54242-250x300.jpg 250w, https:\/\/swforming.com\/wp-content\/uploads\/2024\/09\/Hf8413c10180b49e989c13b48be5c54242-10x12.jpg 10w, https:\/\/swforming.com\/wp-content\/uploads\/2024\/09\/Hf8413c10180b49e989c13b48be5c54242-600x720.jpg 600w\" sizes=\"(max-width: 750px) 100vw, 750px\" \/><\/p>\n<p>Esta maquina perfiladora de correas CZ con cambio de tama\u00f1o autom\u00e1tico (caja de engranajes) se utiliza para producir correas de forma C&amp;Z de 100-300mm de ancho, normalmente su espesor de material es de 1.5-3mm.<\/p>\n<p>SUNWAY dise\u00f1a esta m\u00e1quina perfiladora de correas CZ de cambio r\u00e1pido para trabajar con cualquier tama\u00f1o de la correa, tama\u00f1os ajustables autom\u00e1ticamente en PLC. Lo que es m\u00e1s, el tiempo de cambio de C a Z s\u00f3lo necesita 5-10 minutos. En cuanto a la unidad de punzonado, podemos dise\u00f1ar pre punzonado, post punzonado de acuerdo a su requerimiento. Para la unidad de corte, se puede elegir el pre-corte o post-corte que es de corte universal. El sistema de accionamiento se adopta la cadena y en su mayor\u00eda con card\u00e1n \/ caja de cambios para la transmisi\u00f3n si la materia prima es m\u00e1s gruesa de 2,5 mm, esto es mucho m\u00e1s fuerte potencia de accionamiento y m\u00e1s estable cuando la formaci\u00f3n de las correas.<\/p>\n<p>La maquina perfiladora de correas es la mas popular y tiene un uso extensivo en Sistemas de Construcci\u00f3n de Metal, Soluciones de Techos Enormes, Proyectos de Construcci\u00f3n y Renovaci\u00f3n, etc. Nuestra maquina perfiladora de correas puede producir correas C, correas U, correas Z, el rango de tama\u00f1o maquinable es el siguiente: Ancho:100-300mm, Altura: 50-100mm, Espesor:1.5-3mm. De acuerdo a su perfil de secci\u00f3n, rango de tama\u00f1o, rango de espesor podr\u00edamos proporcionarle diferentes soluciones de la m\u00e1quina perfiladora de correas para fabricar una gama completa de correas estructurales (cambio de altura y anchura utilizando el sistema autom\u00e1tico por motores):<\/p>\n<p>Si s\u00f3lo necesita producir unos pocos tama\u00f1os, tambi\u00e9n sugerimos cambiar manualmente los manguitos, es m\u00e1s asequible. Realizamos diferentes soluciones seg\u00fan el dibujo, la tolerancia y el presupuesto del cliente, ofreciendo un servicio profesional personalizado, adaptable a todas sus necesidades. Sea cual sea la l\u00ednea que elija, la calidad de SUNWAY Machinery le garantizar\u00e1 la obtenci\u00f3n de perfiles perfectamente funcionales.<\/p>\n<h3>Dibujos de perfil<\/h3>\n<p><img decoding=\"async\" class=\"alignnone size-full wp-image-5003\" src=\"https:\/\/swforming.com\/wp-content\/uploads\/2024\/09\/Hd050c85e1823464cb463c184a431cd6cv.jpg\" alt=\"\" width=\"1748\" height=\"1847\" title=\"\" srcset=\"https:\/\/swforming.com\/wp-content\/uploads\/2024\/09\/Hd050c85e1823464cb463c184a431cd6cv.jpg 1748w, https:\/\/swforming.com\/wp-content\/uploads\/2024\/09\/Hd050c85e1823464cb463c184a431cd6cv-284x300.jpg 284w, https:\/\/swforming.com\/wp-content\/uploads\/2024\/09\/Hd050c85e1823464cb463c184a431cd6cv-969x1024.jpg 969w, https:\/\/swforming.com\/wp-content\/uploads\/2024\/09\/Hd050c85e1823464cb463c184a431cd6cv-768x811.jpg 768w, https:\/\/swforming.com\/wp-content\/uploads\/2024\/09\/Hd050c85e1823464cb463c184a431cd6cv-1454x1536.jpg 1454w, https:\/\/swforming.com\/wp-content\/uploads\/2024\/09\/Hd050c85e1823464cb463c184a431cd6cv-11x12.jpg 11w, https:\/\/swforming.com\/wp-content\/uploads\/2024\/09\/Hd050c85e1823464cb463c184a431cd6cv-600x634.jpg 600w\" sizes=\"(max-width: 1748px) 100vw, 1748px\" \/><\/p>\n<p><img decoding=\"async\" class=\"alignnone size-full wp-image-5004\" src=\"https:\/\/swforming.com\/wp-content\/uploads\/2024\/09\/9135730.jpg\" alt=\"\" width=\"1052\" height=\"561\" title=\"\" srcset=\"https:\/\/swforming.com\/wp-content\/uploads\/2024\/09\/9135730.jpg 1052w, https:\/\/swforming.com\/wp-content\/uploads\/2024\/09\/9135730-300x160.jpg 300w, https:\/\/swforming.com\/wp-content\/uploads\/2024\/09\/9135730-1024x546.jpg 1024w, https:\/\/swforming.com\/wp-content\/uploads\/2024\/09\/9135730-768x410.jpg 768w, https:\/\/swforming.com\/wp-content\/uploads\/2024\/09\/9135730-18x10.jpg 18w, https:\/\/swforming.com\/wp-content\/uploads\/2024\/09\/9135730-600x320.jpg 600w\" sizes=\"(max-width: 1052px) 100vw, 1052px\" \/><\/p>\n<h3>L\u00ednea de producci\u00f3n<\/h3>\n<p><img loading=\"lazy\" decoding=\"async\" class=\"alignnone size-full wp-image-5005\" src=\"https:\/\/swforming.com\/wp-content\/uploads\/2024\/09\/H896d84522a834fb893a761318a943ca6l.jpg\" alt=\"\" width=\"1748\" height=\"925\" title=\"\" srcset=\"https:\/\/swforming.com\/wp-content\/uploads\/2024\/09\/H896d84522a834fb893a761318a943ca6l.jpg 1748w, https:\/\/swforming.com\/wp-content\/uploads\/2024\/09\/H896d84522a834fb893a761318a943ca6l-300x159.jpg 300w, https:\/\/swforming.com\/wp-content\/uploads\/2024\/09\/H896d84522a834fb893a761318a943ca6l-1024x542.jpg 1024w, https:\/\/swforming.com\/wp-content\/uploads\/2024\/09\/H896d84522a834fb893a761318a943ca6l-768x406.jpg 768w, https:\/\/swforming.com\/wp-content\/uploads\/2024\/09\/H896d84522a834fb893a761318a943ca6l-1536x813.jpg 1536w, https:\/\/swforming.com\/wp-content\/uploads\/2024\/09\/H896d84522a834fb893a761318a943ca6l-18x10.jpg 18w, https:\/\/swforming.com\/wp-content\/uploads\/2024\/09\/H896d84522a834fb893a761318a943ca6l-600x318.jpg 600w\" sizes=\"(max-width: 1748px) 100vw, 1748px\" \/><\/p>\n<h3>Detalles de producto<\/h3>\n<p>&nbsp;<\/p>\n<p><img loading=\"lazy\" decoding=\"async\" class=\"alignnone size-full wp-image-5006\" src=\"https:\/\/swforming.com\/wp-content\/uploads\/2024\/09\/Product-Details-of-Auto-Changeable-C-Z-Purline-Machine.jpg\" alt=\"\" width=\"1045\" height=\"1902\" title=\"\" srcset=\"https:\/\/swforming.com\/wp-content\/uploads\/2024\/09\/Product-Details-of-Auto-Changeable-C-Z-Purline-Machine.jpg 1045w, https:\/\/swforming.com\/wp-content\/uploads\/2024\/09\/Product-Details-of-Auto-Changeable-C-Z-Purline-Machine-165x300.jpg 165w, https:\/\/swforming.com\/wp-content\/uploads\/2024\/09\/Product-Details-of-Auto-Changeable-C-Z-Purline-Machine-563x1024.jpg 563w, https:\/\/swforming.com\/wp-content\/uploads\/2024\/09\/Product-Details-of-Auto-Changeable-C-Z-Purline-Machine-768x1398.jpg 768w, https:\/\/swforming.com\/wp-content\/uploads\/2024\/09\/Product-Details-of-Auto-Changeable-C-Z-Purline-Machine-844x1536.jpg 844w, https:\/\/swforming.com\/wp-content\/uploads\/2024\/09\/Product-Details-of-Auto-Changeable-C-Z-Purline-Machine-7x12.jpg 7w, https:\/\/swforming.com\/wp-content\/uploads\/2024\/09\/Product-Details-of-Auto-Changeable-C-Z-Purline-Machine-600x1092.jpg 600w\" sizes=\"(max-width: 1045px) 100vw, 1045px\" \/><\/p>\n<h3>Parametros del producto<\/h3>\n<div style=\"overflow-x: auto;\">\n<table>\n<tbody>\n<tr>\n<td colspan=\"3\" rowspan=\"1\">M\u00e1quina Perfiladora de Purl\u00edn CZ con Cambio Autom\u00e1tico de Tama\u00f1o<\/td>\n<\/tr>\n<tr>\n<td colspan=\"1\" rowspan=\"2\">\n<div>Material mecanizable<\/div>\n<\/td>\n<td>A) Bobina Galvanizada<\/td>\n<td colspan=\"1\" rowspan=\"2\">\n<div>Espesor (MM): 1.5-3 o seg\u00fan el cliente<\/div>\n<\/td>\n<\/tr>\n<tr>\n<td>B) Bobina de acero al carbono<\/td>\n<\/tr>\n<tr>\n<td>L\u00edmite el\u00e1stico<\/td>\n<td colspan=\"2\" rowspan=\"1\">250 \u2013 550 MPa<\/td>\n<\/tr>\n<tr>\n<td>Estr\u00e9s de tracci\u00f3n<\/td>\n<td colspan=\"2\" rowspan=\"1\">G350 MPa-G550 MPa<\/td>\n<\/tr>\n<tr>\n<td>desbobinador<\/td>\n<td>Desenrollador Manual<\/td>\n<td>* Desenrollador Hidr\u00e1ulico (Opcional)<\/td>\n<\/tr>\n<tr>\n<td>Sistema de punzonado<\/td>\n<td>Pre-perforaci\u00f3n<\/td>\n<td>* Post Punch (Opcional)<\/td>\n<\/tr>\n<tr>\n<td>Estaci\u00f3n de formaci\u00f3n<\/td>\n<td colspan=\"2\" rowspan=\"1\">16-18 estaciones<\/td>\n<\/tr>\n<tr>\n<td>Sistema de conducci\u00f3n<\/td>\n<td>Transmisi\u00f3n por cadena<\/td>\n<td>* Transmisi\u00f3n de caja de cambios (opcional)<\/td>\n<\/tr>\n<tr>\n<td>Estructura de la m\u00e1quina<\/td>\n<td>Estaci\u00f3n de paneles de pared<\/td>\n<td>* Estaci\u00f3n de Hierro Forjado (Opcional)<\/td>\n<\/tr>\n<tr>\n<td>Velocidad de formaci\u00f3n<\/td>\n<td>10-20 (M\/MIN)<\/td>\n<td>* O seg\u00fan sus necesidades<\/td>\n<\/tr>\n<tr>\n<td>Material de los rodillos<\/td>\n<td>GCr 15<\/td>\n<td>* Cr12Mov (Opcional)<\/td>\n<\/tr>\n<tr>\n<td>Sistema de Corte<\/td>\n<td>precorte<\/td>\n<td>* Post-corte universal (Opcional)<\/td>\n<\/tr>\n<tr>\n<td>Marca de cambiador de frecuencia<\/td>\n<td>Yaskawa<\/td>\n<td>* Siemens (Opcional)<\/td>\n<\/tr>\n<tr>\n<td>Marca PLC<\/td>\n<td>panasonic<\/td>\n<td>* Siemens (Opcional)<\/td>\n<\/tr>\n<tr>\n<td>Fuente de alimentaci\u00f3n<\/td>\n<td>380V 50Hz<\/td>\n<td>* O seg\u00fan sus necesidades<\/td>\n<\/tr>\n<tr>\n<td>Color de la m\u00e1quina<\/td>\n<td>azul industrial<\/td>\n<td>* O seg\u00fan sus necesidades<\/td>\n<\/tr>\n<\/tbody>\n<\/table>\n<\/div>\n<h3>Solicitud<\/h3>\n<p><img loading=\"lazy\" decoding=\"async\" class=\"alignnone size-full wp-image-5007\" src=\"https:\/\/swforming.com\/wp-content\/uploads\/2024\/09\/9140347.jpg\" alt=\"\" width=\"1054\" height=\"681\" title=\"\" srcset=\"https:\/\/swforming.com\/wp-content\/uploads\/2024\/09\/9140347.jpg 1054w, https:\/\/swforming.com\/wp-content\/uploads\/2024\/09\/9140347-300x194.jpg 300w, https:\/\/swforming.com\/wp-content\/uploads\/2024\/09\/9140347-1024x662.jpg 1024w, https:\/\/swforming.com\/wp-content\/uploads\/2024\/09\/9140347-768x496.jpg 768w, https:\/\/swforming.com\/wp-content\/uploads\/2024\/09\/9140347-18x12.jpg 18w, https:\/\/swforming.com\/wp-content\/uploads\/2024\/09\/9140347-600x388.jpg 600w\" sizes=\"(max-width: 1054px) 100vw, 1054px\" \/><\/p>","protected":false},"excerpt":{"rendered":"<p>SUNWAY dise\u00f1a esta m\u00e1quina de purline C Z auto cambiable para trabajar con cualquier tama\u00f1o del purlin, tama\u00f1os autom\u00e1ticamente ajustables en PLC. Adem\u00e1s, el tiempo de cambio de C a Z s\u00f3lo necesita 5-10 minutos. En cuanto a la unidad de punzonado, podemos dise\u00f1ar pre-punzonado, post-punzonado de acuerdo a sus necesidades. Para la unidad de corte, se puede elegir el pre-corte o post-corte que es de corte universal. El sistema de accionamiento se adopta la cadena y en su mayor\u00eda con card\u00e1n \/ caja de cambios para la transmisi\u00f3n si la materia prima es m\u00e1s gruesa de 2,5 mm, esto es mucho m\u00e1s fuerte potencia de accionamiento y m\u00e1s estable cuando la formaci\u00f3n de las correas.<\/p>","protected":false},"featured_media":4999,"comment_status":"closed","ping_status":"closed","template":"","meta":{"_acf_changed":false},"product_brand":[],"product_cat":[52,74],"product_tag":[],"class_list":{"0":"post-4995","1":"product","2":"type-product","3":"status-publish","4":"has-post-thumbnail","6":"product_cat-steel-structure","7":"product_cat-cz-purlin-roll-forming-machine","9":"first","10":"instock","11":"shipping-taxable","12":"product-type-simple"},"acf":[],"_links":{"self":[{"href":"https:\/\/swforming.com\/es\/wp-json\/wp\/v2\/product\/4995","targetHints":{"allow":["GET"]}}],"collection":[{"href":"https:\/\/swforming.com\/es\/wp-json\/wp\/v2\/product"}],"about":[{"href":"https:\/\/swforming.com\/es\/wp-json\/wp\/v2\/types\/product"}],"replies":[{"embeddable":true,"href":"https:\/\/swforming.com\/es\/wp-json\/wp\/v2\/comments?post=4995"}],"version-history":[{"count":1,"href":"https:\/\/swforming.com\/es\/wp-json\/wp\/v2\/product\/4995\/revisions"}],"predecessor-version":[{"id":5008,"href":"https:\/\/swforming.com\/es\/wp-json\/wp\/v2\/product\/4995\/revisions\/5008"}],"wp:featuredmedia":[{"embeddable":true,"href":"https:\/\/swforming.com\/es\/wp-json\/wp\/v2\/media\/4999"}],"wp:attachment":[{"href":"https:\/\/swforming.com\/es\/wp-json\/wp\/v2\/media?parent=4995"}],"wp:term":[{"taxonomy":"product_brand","embeddable":true,"href":"https:\/\/swforming.com\/es\/wp-json\/wp\/v2\/product_brand?post=4995"},{"taxonomy":"product_cat","embeddable":true,"href":"https:\/\/swforming.com\/es\/wp-json\/wp\/v2\/product_cat?post=4995"},{"taxonomy":"product_tag","embeddable":true,"href":"https:\/\/swforming.com\/es\/wp-json\/wp\/v2\/product_tag?post=4995"}],"curies":[{"name":"wp","href":"https:\/\/api.w.org\/{rel}","templated":true}]}}