{"id":4116,"date":"2023-10-09T07:14:44","date_gmt":"2023-10-09T07:14:44","guid":{"rendered":"https:\/\/swforming.com\/?post_type=product&#038;p=4116"},"modified":"2023-10-09T07:14:45","modified_gmt":"2023-10-09T07:14:45","slug":"standing-seam-roof-panel-curving-machine","status":"publish","type":"product","link":"https:\/\/swforming.com\/es\/product\/standing-seam-roof-panel-curving-machine\/","title":{"rendered":"M\u00e1quina curvadora de paneles para tejados de junta alzada"},"content":{"rendered":"<p><img fetchpriority=\"high\" decoding=\"async\" class=\"alignnone size-full wp-image-4123\" src=\"https:\/\/swforming.com\/wp-content\/uploads\/2023\/10\/Hdb6b3551486545a99263491c925ab718A.jpg\" alt=\"\" width=\"750\" height=\"1239\" title=\"\" srcset=\"https:\/\/swforming.com\/wp-content\/uploads\/2023\/10\/Hdb6b3551486545a99263491c925ab718A.jpg 750w, https:\/\/swforming.com\/wp-content\/uploads\/2023\/10\/Hdb6b3551486545a99263491c925ab718A-600x991.jpg 600w, https:\/\/swforming.com\/wp-content\/uploads\/2023\/10\/Hdb6b3551486545a99263491c925ab718A-182x300.jpg 182w, https:\/\/swforming.com\/wp-content\/uploads\/2023\/10\/Hdb6b3551486545a99263491c925ab718A-620x1024.jpg 620w, https:\/\/swforming.com\/wp-content\/uploads\/2023\/10\/Hdb6b3551486545a99263491c925ab718A-7x12.jpg 7w\" sizes=\"(max-width: 750px) 100vw, 750px\" \/><\/p>\n<p>La m\u00e1quina curvadora de paneles de tejado de junta alzada tambi\u00e9n llamada m\u00e1quina curvadora de paneles de tejado es un dispositivo auxiliar para una m\u00e1quina formadora de rollos de paneles de tejado de junta alzada. Se utiliza para curvar la hoja de techo de junta alzada a una forma requerida con diferentes radios. Generalmente, un cliente comprara una maquina perfiladora de panel de techo de junta alzada con esta maquina de curvado. La maquina curvadora se utiliza para curvar la hoja producida por la maquina formadora de rollos. Normalmente el espesor del panel es de 0.3-0.8mm con acero galvanizado normal o bobina de color.<\/p>\n<p>En Industrias de la Construcci\u00f3n, somos capaces de fabricar m\u00e1s m\u00e1quinas como la m\u00e1quina perfiladora de canal principal, m\u00e1quina perfiladora de correa, m\u00e1quina perfiladora de paneles de yeso, m\u00e1quina perfiladora de perno, m\u00e1quina perfiladora de pista, m\u00e1quina perfiladora de sombrero de copa, m\u00e1quina perfiladora de clip, m\u00e1quina perfiladora de cubierta de metal (cubierta de piso), m\u00e1quina perfiladora de panel de techo \/ pared, m\u00e1quina perfiladora de teja de techo, m\u00e1quina perfiladora de corrugado, m\u00e1quina perfiladora de cumbrera, m\u00e1quina perfiladora de bajante, etc.<\/p>\n<p>Realizamos diferentes soluciones seg\u00fan el dibujo, la tolerancia y el presupuesto de los clientes, ofreciendo un servicio profesional personalizado, adaptable a todos sus requisitos. Sea cual sea la l\u00ednea que elija, la calidad de la Maquinaria SUNWAY le garantizar\u00e1 la obtenci\u00f3n de perfiles perfectamente funcionales.<\/p>\n<h3>Dibujos de perfil<\/h3>\n<p><img decoding=\"async\" class=\"alignnone size-full wp-image-4124\" src=\"https:\/\/swforming.com\/wp-content\/uploads\/2023\/10\/H0194a052e2964576a5da2f9991c9c9d9h.jpg\" alt=\"\" width=\"1748\" height=\"2101\" title=\"\" srcset=\"https:\/\/swforming.com\/wp-content\/uploads\/2023\/10\/H0194a052e2964576a5da2f9991c9c9d9h.jpg 1748w, https:\/\/swforming.com\/wp-content\/uploads\/2023\/10\/H0194a052e2964576a5da2f9991c9c9d9h-600x721.jpg 600w, https:\/\/swforming.com\/wp-content\/uploads\/2023\/10\/H0194a052e2964576a5da2f9991c9c9d9h-250x300.jpg 250w, https:\/\/swforming.com\/wp-content\/uploads\/2023\/10\/H0194a052e2964576a5da2f9991c9c9d9h-852x1024.jpg 852w, https:\/\/swforming.com\/wp-content\/uploads\/2023\/10\/H0194a052e2964576a5da2f9991c9c9d9h-768x923.jpg 768w, https:\/\/swforming.com\/wp-content\/uploads\/2023\/10\/H0194a052e2964576a5da2f9991c9c9d9h-1278x1536.jpg 1278w, https:\/\/swforming.com\/wp-content\/uploads\/2023\/10\/H0194a052e2964576a5da2f9991c9c9d9h-1704x2048.jpg 1704w, https:\/\/swforming.com\/wp-content\/uploads\/2023\/10\/H0194a052e2964576a5da2f9991c9c9d9h-10x12.jpg 10w\" sizes=\"(max-width: 1748px) 100vw, 1748px\" \/> <img decoding=\"async\" class=\"alignnone size-full wp-image-4125\" src=\"https:\/\/swforming.com\/wp-content\/uploads\/2023\/10\/009151118.png\" alt=\"\" width=\"750\" height=\"184\" title=\"\" srcset=\"https:\/\/swforming.com\/wp-content\/uploads\/2023\/10\/009151118.png 750w, https:\/\/swforming.com\/wp-content\/uploads\/2023\/10\/009151118-600x147.png 600w, https:\/\/swforming.com\/wp-content\/uploads\/2023\/10\/009151118-300x74.png 300w, https:\/\/swforming.com\/wp-content\/uploads\/2023\/10\/009151118-18x4.png 18w\" sizes=\"(max-width: 750px) 100vw, 750px\" \/><\/p>\n<h3>Parametros del producto<\/h3>\n<div style=\"overflow-x: auto;\">\n<table>\n<tbody>\n<tr>\n<td style=\"text-align: center;\" colspan=\"3\" rowspan=\"1\" data-sheets-value=\"{&quot;1&quot;:2,&quot;2&quot;:&quot;Standing Seam Roof Panel Curving Machine&quot;}\"><strong>M\u00e1quina curvadora de paneles para tejados de junta alzada<\/strong><\/td>\n<\/tr>\n<tr>\n<td colspan=\"1\" rowspan=\"2\" data-sheets-value=\"{&quot;1&quot;:2,&quot;2&quot;:&quot;Raw Material&quot;}\">\n<div>Materia prima<\/div>\n<\/td>\n<td data-sheets-value=\"{&quot;1&quot;:2,&quot;2&quot;:&quot;A) Galvanized Coil&quot;}\">A) Bobina Galvanizada<\/td>\n<td colspan=\"1\" rowspan=\"2\" data-sheets-value=\"{&quot;1&quot;:2,&quot;2&quot;:&quot;Thickness(MM): 0.3-0.8 or as per customer&quot;}\">\n<div>Espesor (MM): 0,3-0,8 o seg\u00fan cliente<\/div>\n<\/td>\n<\/tr>\n<tr>\n<td data-sheets-value=\"{&quot;1&quot;:2,&quot;2&quot;:&quot;B) Aluminium coil, s.s coil&quot;}\">B) Bobina de aluminio, bobina de acero inoxidable<\/td>\n<\/tr>\n<tr>\n<td data-sheets-value=\"{&quot;1&quot;:2,&quot;2&quot;:&quot;Yield Strength&quot;}\">L\u00edmite el\u00e1stico<\/td>\n<td colspan=\"2\" rowspan=\"1\" data-sheets-value=\"{&quot;1&quot;:2,&quot;2&quot;:&quot;250 - 350 Mpa \/ 350-550 Mpa Or More&quot;}\">250 - 350 Mpa \/ 350-550 Mpa o m\u00e1s<\/td>\n<\/tr>\n<tr>\n<td data-sheets-value=\"{&quot;1&quot;:2,&quot;2&quot;:&quot;Tensil Stress&quot;}\">Estr\u00e9s de tracci\u00f3n<\/td>\n<td colspan=\"2\" rowspan=\"1\" data-sheets-value=\"{&quot;1&quot;:2,&quot;2&quot;:&quot;350 Mpa - 550 Mpa Or More&quot;}\">350 Mpa - 550 Mpa o m\u00e1s<\/td>\n<\/tr>\n<tr>\n<td data-sheets-value=\"{&quot;1&quot;:2,&quot;2&quot;:&quot;Panel Width&quot;}\">Anchura del panel<\/td>\n<td colspan=\"2\" rowspan=\"1\" data-sheets-value=\"{&quot;1&quot;:2,&quot;2&quot;:&quot;As Per The Panel With Comes From Roll Forming Machine&quot;}\">Seg\u00fan el panel con viene del rollo que forma la m\u00e1quina<\/td>\n<\/tr>\n<tr>\n<td data-sheets-value=\"{&quot;1&quot;:2,&quot;2&quot;:&quot;Feeding Way&quot;}\">Manera de alimentarse<\/td>\n<td colspan=\"2\" rowspan=\"1\" data-sheets-value=\"{&quot;1&quot;:2,&quot;2&quot;:&quot;Manual Feeding&quot;}\">Alimentaci\u00f3n manual<\/td>\n<\/tr>\n<tr>\n<td data-sheets-value=\"{&quot;1&quot;:2,&quot;2&quot;:&quot;Curving System&quot;}\">Sistema de curvas<\/td>\n<td colspan=\"2\" rowspan=\"1\" data-sheets-value=\"{&quot;1&quot;:2,&quot;2&quot;:&quot;Hydraulic&quot;}\">Hidr\u00e1ulico<\/td>\n<\/tr>\n<tr>\n<td data-sheets-value=\"{&quot;1&quot;:2,&quot;2&quot;:&quot;Material Of Punching Mould&quot;}\">Material del molde de punzonado<\/td>\n<td colspan=\"2\" rowspan=\"1\" data-sheets-value=\"{&quot;1&quot;:2,&quot;2&quot;:&quot;Cr12Mov, Heat Treatment&quot;}\">Cr12Mov, Tratamiento t\u00e9rmico<\/td>\n<\/tr>\n<tr>\n<td data-sheets-value=\"{&quot;1&quot;:2,&quot;2&quot;:&quot;Automatic&quot;}\">Autom\u00e1tico<\/td>\n<td colspan=\"2\" rowspan=\"1\" data-sheets-value=\"{&quot;1&quot;:2,&quot;2&quot;:&quot;Automatic Set-up Radius, 20 Different Radius Can Be Inputted In Control System At The Same Time (Both Positive Arc And Reversed Arc)&quot;}\">Configuraci\u00f3n autom\u00e1tica del radio, se pueden introducir 20 radios diferentes en el sistema de control al mismo tiempo (tanto arco positivo como arco invertido).<\/td>\n<\/tr>\n<tr>\n<td data-sheets-value=\"{&quot;1&quot;:2,&quot;2&quot;:&quot;Curving Speed&quot;}\">Velocidad de curva<\/td>\n<td colspan=\"2\" rowspan=\"1\" data-sheets-value=\"{&quot;1&quot;:2,&quot;2&quot;:&quot;About 15m\/min&quot;}\">Unos 15 m\/min<\/td>\n<\/tr>\n<tr>\n<td data-sheets-value=\"{&quot;1&quot;:2,&quot;2&quot;:&quot;Power Supply&quot;}\">Fuente de alimentaci\u00f3n<\/td>\n<td data-sheets-value=\"{&quot;1&quot;:2,&quot;2&quot;:&quot;380V 50Hz&quot;}\">380V 50Hz<\/td>\n<td data-sheets-value=\"{&quot;1&quot;:2,&quot;2&quot;:&quot;* Or According To Your Requirment&quot;}\">* O seg\u00fan su requisito<\/td>\n<\/tr>\n<tr>\n<td data-sheets-value=\"{&quot;1&quot;:2,&quot;2&quot;:&quot;Machine Color&quot;}\">Color de la m\u00e1quina<\/td>\n<td data-sheets-value=\"{&quot;1&quot;:2,&quot;2&quot;:&quot;Industrial Blue&quot;}\">azul industrial<\/td>\n<td data-sheets-value=\"{&quot;1&quot;:2,&quot;2&quot;:&quot;* Or According To Your Requirment&quot;}\">* O seg\u00fan su requisito<\/td>\n<\/tr>\n<\/tbody>\n<\/table>\n<\/div>","protected":false},"excerpt":{"rendered":"<p>La m\u00e1quina curvadora de paneles de tejado de junta alzada tambi\u00e9n llamada m\u00e1quina curvadora de paneles de tejado es un dispositivo auxiliar para una m\u00e1quina formadora de rollos de paneles de tejado de junta alzada. Se utiliza para curvar la hoja de techo de junta alzada a una forma requerida con diferentes radios. Generalmente, un cliente comprara una maquina perfiladora de panel de techo de junta alzada con esta maquina de curvado. La maquina curvadora se utiliza para curvar la hoja producida por la maquina formadora de rollos. Normalmente el espesor del panel es de 0.3-0.8mm con acero galvanizado normal o bobina de color.<\/p>","protected":false},"featured_media":4117,"comment_status":"closed","ping_status":"closed","template":"","meta":{"_acf_changed":false},"product_brand":[],"product_cat":[45,115],"product_tag":[],"class_list":{"0":"post-4116","1":"product","2":"type-product","3":"status-publish","4":"has-post-thumbnail","6":"product_cat-metal-wall-roofing","7":"product_cat-stand-seaming-roof-panel-roll-forming-machine","9":"first","10":"instock","11":"shipping-taxable","12":"product-type-simple"},"acf":[],"_links":{"self":[{"href":"https:\/\/swforming.com\/es\/wp-json\/wp\/v2\/product\/4116","targetHints":{"allow":["GET"]}}],"collection":[{"href":"https:\/\/swforming.com\/es\/wp-json\/wp\/v2\/product"}],"about":[{"href":"https:\/\/swforming.com\/es\/wp-json\/wp\/v2\/types\/product"}],"replies":[{"embeddable":true,"href":"https:\/\/swforming.com\/es\/wp-json\/wp\/v2\/comments?post=4116"}],"version-history":[{"count":1,"href":"https:\/\/swforming.com\/es\/wp-json\/wp\/v2\/product\/4116\/revisions"}],"predecessor-version":[{"id":4126,"href":"https:\/\/swforming.com\/es\/wp-json\/wp\/v2\/product\/4116\/revisions\/4126"}],"wp:featuredmedia":[{"embeddable":true,"href":"https:\/\/swforming.com\/es\/wp-json\/wp\/v2\/media\/4117"}],"wp:attachment":[{"href":"https:\/\/swforming.com\/es\/wp-json\/wp\/v2\/media?parent=4116"}],"wp:term":[{"taxonomy":"product_brand","embeddable":true,"href":"https:\/\/swforming.com\/es\/wp-json\/wp\/v2\/product_brand?post=4116"},{"taxonomy":"product_cat","embeddable":true,"href":"https:\/\/swforming.com\/es\/wp-json\/wp\/v2\/product_cat?post=4116"},{"taxonomy":"product_tag","embeddable":true,"href":"https:\/\/swforming.com\/es\/wp-json\/wp\/v2\/product_tag?post=4116"}],"curies":[{"name":"wp","href":"https:\/\/api.w.org\/{rel}","templated":true}]}}