{"id":4074,"date":"2023-09-25T09:04:56","date_gmt":"2023-09-25T09:04:56","guid":{"rendered":"https:\/\/swforming.com\/?post_type=product&#038;p=4074"},"modified":"2023-09-25T09:04:57","modified_gmt":"2023-09-25T09:04:57","slug":"semi-auto-size-changeable-cz-purlin-roll-forming-machine","status":"publish","type":"product","link":"https:\/\/swforming.com\/es\/product\/semi-auto-size-changeable-cz-purlin-roll-forming-machine\/","title":{"rendered":"M\u00e1quina perfiladora de correas CZ semiautom\u00e1tica de tama\u00f1o variable"},"content":{"rendered":"<p><img fetchpriority=\"high\" decoding=\"async\" class=\"alignnone size-full wp-image-4081\" src=\"https:\/\/swforming.com\/wp-content\/uploads\/2023\/09\/Hc309666d13e54f459f65259dc37eed0as.jpg\" alt=\"\" width=\"750\" height=\"1030\" title=\"\" srcset=\"https:\/\/swforming.com\/wp-content\/uploads\/2023\/09\/Hc309666d13e54f459f65259dc37eed0as.jpg 750w, https:\/\/swforming.com\/wp-content\/uploads\/2023\/09\/Hc309666d13e54f459f65259dc37eed0as-600x824.jpg 600w, https:\/\/swforming.com\/wp-content\/uploads\/2023\/09\/Hc309666d13e54f459f65259dc37eed0as-218x300.jpg 218w, https:\/\/swforming.com\/wp-content\/uploads\/2023\/09\/Hc309666d13e54f459f65259dc37eed0as-746x1024.jpg 746w, https:\/\/swforming.com\/wp-content\/uploads\/2023\/09\/Hc309666d13e54f459f65259dc37eed0as-9x12.jpg 9w\" sizes=\"(max-width: 750px) 100vw, 750px\" \/><\/p>\n<p>Esta maquina perfiladora de correas CZ semiautom\u00e1tica de tama\u00f1o cambiante se utiliza para producir correas de forma C&amp;Z de 100-300mm de ancho, normalmente su espesor de material es de 1.5-3mm.<\/p>\n<p>SUNWAY dise\u00f1a esta m\u00e1quina formadora de rollos de correas CZ de cambio r\u00e1pido para trabajar con cualquier tama\u00f1o de la correa, tama\u00f1os ajustables autom\u00e1ticamente por bot\u00f3n (con regla de calibre fijo) que es diferente de la m\u00e1quina de cambio de tama\u00f1o autom\u00e1tico completo (ajustado en PLC). Adem\u00e1s, el tiempo de cambio de C a Z s\u00f3lo necesita 10 minutos. En cuanto a la unidad de punzonado, podemos dise\u00f1ar pre punzonado, post punzonado de acuerdo a sus necesidades. Para la unidad de corte, se puede elegir el pre-corte o post-corte que es de corte universal. El sistema de accionamiento se adopta la cadena y en su mayor\u00eda con card\u00e1n \/ caja de cambios para la transmisi\u00f3n si la materia prima es m\u00e1s gruesa de 2,5 mm, esto es mucho m\u00e1s fuerte potencia de accionamiento y m\u00e1s estable en la formaci\u00f3n de las correas.<\/p>\n<p>La maquina perfiladora de correas es la mas popular y tiene un uso extensivo en Sistemas de Construcci\u00f3n de Metal, Soluciones de Techos Enormes, Proyectos de Construcci\u00f3n y Renovaci\u00f3n, etc. Nuestra maquina perfiladora de correas puede producir correas C, correas U, correas Z, el rango de tama\u00f1o maquinable es el siguiente: Ancho:100-300mm, Altura: 50-100mm, Espesor:1.5-3mm. De acuerdo a su perfil de secci\u00f3n, rango de tama\u00f1o, rango de espesor podr\u00edamos proporcionarle diferentes soluciones de la m\u00e1quina perfiladora de correas para fabricar una gama completa de correas estructurales (cambio de altura y anchura utilizando el sistema autom\u00e1tico por motores):<\/p>\n<p>Si s\u00f3lo necesita producir pocas tallas, tambi\u00e9n le sugerimos cambiar manualmente las mangas, es m\u00e1s econ\u00f3mico.<\/p>\n<p>Realizamos diferentes soluciones seg\u00fan el dibujo, la tolerancia y el presupuesto del cliente, ofreciendo un servicio profesional personalizado, adaptable a todas sus necesidades. Sea cual sea la l\u00ednea que elija, la calidad de SUNWAY Machinery le garantizar\u00e1 la obtenci\u00f3n de perfiles perfectamente funcionales.<\/p>\n<h3>Dibujos de perfil<\/h3>\n<p><img decoding=\"async\" class=\"alignnone size-full wp-image-4082\" src=\"https:\/\/swforming.com\/wp-content\/uploads\/2023\/09\/He01e5dc90f274a47a11a34bbb3a7fb16l-scaled.jpg\" alt=\"\" width=\"1534\" height=\"2560\" title=\"\" srcset=\"https:\/\/swforming.com\/wp-content\/uploads\/2023\/09\/He01e5dc90f274a47a11a34bbb3a7fb16l-scaled.jpg 1534w, https:\/\/swforming.com\/wp-content\/uploads\/2023\/09\/He01e5dc90f274a47a11a34bbb3a7fb16l-scaled-600x1001.jpg 600w, https:\/\/swforming.com\/wp-content\/uploads\/2023\/09\/He01e5dc90f274a47a11a34bbb3a7fb16l-180x300.jpg 180w, https:\/\/swforming.com\/wp-content\/uploads\/2023\/09\/He01e5dc90f274a47a11a34bbb3a7fb16l-613x1024.jpg 613w, https:\/\/swforming.com\/wp-content\/uploads\/2023\/09\/He01e5dc90f274a47a11a34bbb3a7fb16l-768x1282.jpg 768w, https:\/\/swforming.com\/wp-content\/uploads\/2023\/09\/He01e5dc90f274a47a11a34bbb3a7fb16l-920x1536.jpg 920w, https:\/\/swforming.com\/wp-content\/uploads\/2023\/09\/He01e5dc90f274a47a11a34bbb3a7fb16l-1227x2048.jpg 1227w, https:\/\/swforming.com\/wp-content\/uploads\/2023\/09\/He01e5dc90f274a47a11a34bbb3a7fb16l-7x12.jpg 7w\" sizes=\"(max-width: 1534px) 100vw, 1534px\" \/><\/p>\n<p><img decoding=\"async\" class=\"alignnone size-full wp-image-4083\" src=\"https:\/\/swforming.com\/wp-content\/uploads\/2023\/09\/20230925165457.png\" alt=\"\" width=\"749\" height=\"372\" title=\"\" srcset=\"https:\/\/swforming.com\/wp-content\/uploads\/2023\/09\/20230925165457.png 749w, https:\/\/swforming.com\/wp-content\/uploads\/2023\/09\/20230925165457-600x298.png 600w, https:\/\/swforming.com\/wp-content\/uploads\/2023\/09\/20230925165457-300x149.png 300w, https:\/\/swforming.com\/wp-content\/uploads\/2023\/09\/20230925165457-18x9.png 18w\" sizes=\"(max-width: 749px) 100vw, 749px\" \/><\/p>\n<h3>L\u00ednea de producci\u00f3n<\/h3>\n<p><img loading=\"lazy\" decoding=\"async\" class=\"alignnone size-full wp-image-4084\" src=\"https:\/\/swforming.com\/wp-content\/uploads\/2023\/09\/Hbd166d235f894200b15a169e13566b653.jpg\" alt=\"\" width=\"1748\" height=\"1314\" title=\"\" srcset=\"https:\/\/swforming.com\/wp-content\/uploads\/2023\/09\/Hbd166d235f894200b15a169e13566b653.jpg 1748w, https:\/\/swforming.com\/wp-content\/uploads\/2023\/09\/Hbd166d235f894200b15a169e13566b653-600x451.jpg 600w, https:\/\/swforming.com\/wp-content\/uploads\/2023\/09\/Hbd166d235f894200b15a169e13566b653-300x226.jpg 300w, https:\/\/swforming.com\/wp-content\/uploads\/2023\/09\/Hbd166d235f894200b15a169e13566b653-1024x770.jpg 1024w, https:\/\/swforming.com\/wp-content\/uploads\/2023\/09\/Hbd166d235f894200b15a169e13566b653-768x577.jpg 768w, https:\/\/swforming.com\/wp-content\/uploads\/2023\/09\/Hbd166d235f894200b15a169e13566b653-1536x1155.jpg 1536w, https:\/\/swforming.com\/wp-content\/uploads\/2023\/09\/Hbd166d235f894200b15a169e13566b653-16x12.jpg 16w\" sizes=\"(max-width: 1748px) 100vw, 1748px\" \/><\/p>\n<h3>Detalles de producto<\/h3>\n<p><img loading=\"lazy\" decoding=\"async\" class=\"alignnone wp-image-4086 size-full\" src=\"https:\/\/swforming.com\/wp-content\/uploads\/2023\/09\/20230925165756-1.png\" alt=\"\" width=\"747\" height=\"1285\" title=\"\" srcset=\"https:\/\/swforming.com\/wp-content\/uploads\/2023\/09\/20230925165756-1.png 747w, https:\/\/swforming.com\/wp-content\/uploads\/2023\/09\/20230925165756-1-600x1032.png 600w, https:\/\/swforming.com\/wp-content\/uploads\/2023\/09\/20230925165756-1-174x300.png 174w, https:\/\/swforming.com\/wp-content\/uploads\/2023\/09\/20230925165756-1-595x1024.png 595w, https:\/\/swforming.com\/wp-content\/uploads\/2023\/09\/20230925165756-1-7x12.png 7w\" sizes=\"(max-width: 747px) 100vw, 747px\" \/><\/p>\n<div class=\"magic-52\">\n<div class=\"J_module\">\n<h3 id=\"ali-anchor-AliMagic-labfgx\" class=\"magic-0\" data-section=\"AliMagic-labfgx\" data-section-title=\"Product Paramenters\" data-spm-anchor-id=\"a2700.details.0.i84.15ac27375hFknf\">Par\u00e1metros del producto<\/h3>\n<\/div>\n<div class=\"J_module\">\n<div class=\"ife-detail-decorate-table\">\n<table class=\"all magic-30\">\n<tbody>\n<tr>\n<td colspan=\"3\" rowspan=\"1\">\n<div class=\"magic-31\">\n<div class=\"magic-22\" style=\"text-align: center;\" data-spm-anchor-id=\"a2700.custom-template.0.i23.43973333TZKcM3\"><span class=\"magic-24\"><b data-spm-anchor-id=\"a2700.custom-template.0.i11.33513333YQUFFP\">M\u00e1quina perfiladora de correas CZ semiautom\u00e1tica de tama\u00f1o variable<\/b><\/span><\/div>\n<\/div>\n<\/td>\n<\/tr>\n<tr>\n<td colspan=\"1\" rowspan=\"2\">\n<div class=\"magic-35\">\n<div data-spm-anchor-id=\"a2700.custom-template.0.i53.43973333TZKcM3\"><span class=\"magic-36\">Materia prima<\/span><\/div>\n<\/div>\n<\/td>\n<td colspan=\"1\" rowspan=\"1\">\n<div class=\"magic-37\"><span class=\"magic-36\">A) Bobina Galvanizada<\/span><\/div>\n<\/td>\n<td class=\"magic-38\" colspan=\"1\" rowspan=\"2\">\n<div class=\"magic-39\">\n<div data-spm-anchor-id=\"a2700.custom-template.0.i22.530a3333coidec\">Espesor (MM): 1.5-3 o seg\u00fan el cliente<\/div>\n<\/div>\n<\/td>\n<\/tr>\n<tr>\n<td colspan=\"1\" rowspan=\"1\">\n<div class=\"magic-41\"><span class=\"magic-36\">B) Bobina de acero al carbono<\/span><\/div>\n<\/td>\n<\/tr>\n<tr>\n<td colspan=\"1\" rowspan=\"1\">\n<div class=\"magic-42\">L\u00edmite el\u00e1stico<\/div>\n<\/td>\n<td colspan=\"2\" rowspan=\"1\">\n<div class=\"magic-43\">250 \u2013 550 MPa<\/div>\n<\/td>\n<\/tr>\n<tr>\n<td colspan=\"1\" rowspan=\"1\">\n<div class=\"magic-45\">Estr\u00e9s de tracci\u00f3n<\/div>\n<\/td>\n<td colspan=\"2\" rowspan=\"1\">\n<div class=\"magic-43\">\n<div class=\"magic-46\" data-spm-anchor-id=\"a2700.custom-template.0.i221.43973333TZKcM3\">G350 MPa-G550 MPa<\/div>\n<\/div>\n<\/td>\n<\/tr>\n<tr>\n<td colspan=\"1\" rowspan=\"1\">\n<div class=\"magic-42\">desbobinador<\/div>\n<\/td>\n<td colspan=\"1\" rowspan=\"1\">\n<div class=\"magic-48\">Desenrollador Manual<\/div>\n<\/td>\n<td colspan=\"1\" rowspan=\"1\">\n<div class=\"magic-49\">* Desenrollador Hidr\u00e1ulico (Opcional)<\/div>\n<\/td>\n<\/tr>\n<tr>\n<td colspan=\"1\" rowspan=\"1\">\n<div class=\"magic-42\">Sistema de punzonado<\/div>\n<\/td>\n<td colspan=\"1\" rowspan=\"1\">\n<div class=\"magic-48\">Estaci\u00f3n de punzonado hidr\u00e1ulico<\/div>\n<\/td>\n<td colspan=\"1\" rowspan=\"1\">\n<div class=\"magic-49\">* Perforaci\u00f3n previa \/ Perforaci\u00f3n posterior (Opcional)<\/div>\n<\/td>\n<\/tr>\n<tr>\n<td colspan=\"1\" rowspan=\"1\">\n<div class=\"magic-42\">Estaci\u00f3n de formaci\u00f3n<\/div>\n<\/td>\n<td colspan=\"2\" rowspan=\"1\">\n<div class=\"magic-43\">16-18 estaciones<\/div>\n<\/td>\n<\/tr>\n<tr>\n<td colspan=\"1\" rowspan=\"1\">\n<div class=\"magic-42\">Sistema de conducci\u00f3n<\/div>\n<\/td>\n<td colspan=\"1\" rowspan=\"1\">\n<div class=\"magic-48\">Transmisi\u00f3n por cadena<\/div>\n<\/td>\n<td colspan=\"1\" rowspan=\"1\">\n<div class=\"magic-49\">* Transmisi\u00f3n de caja de cambios (opcional)<\/div>\n<\/td>\n<\/tr>\n<tr>\n<td colspan=\"1\" rowspan=\"1\">\n<div class=\"magic-50\">Estructura de la m\u00e1quina<\/div>\n<\/td>\n<td colspan=\"1\" rowspan=\"1\">\n<div class=\"magic-51\">Estaci\u00f3n de paneles de pared<\/div>\n<\/td>\n<td colspan=\"1\" rowspan=\"1\">\n<div class=\"magic-52\">* Estaci\u00f3n de Hierro Forjado (Opcional)<\/div>\n<\/td>\n<\/tr>\n<tr>\n<td colspan=\"1\" rowspan=\"1\">\n<div class=\"magic-42\">Velocidad de formaci\u00f3n<\/div>\n<\/td>\n<td colspan=\"1\" rowspan=\"1\">\n<div class=\"magic-48\">10-20 (M\/MIN)<\/div>\n<\/td>\n<td colspan=\"1\" rowspan=\"1\">\n<div class=\"magic-49\">* O seg\u00fan su requisito<\/div>\n<\/td>\n<\/tr>\n<tr>\n<td colspan=\"1\" rowspan=\"1\">\n<div class=\"magic-42\">Material de los rodillos<\/div>\n<\/td>\n<td colspan=\"1\" rowspan=\"1\">\n<div class=\"magic-48\">GCr 15<\/div>\n<\/td>\n<td colspan=\"1\" rowspan=\"1\">\n<div class=\"magic-49\">* Cr12Mov (Opcional)<\/div>\n<\/td>\n<\/tr>\n<tr>\n<td colspan=\"1\" rowspan=\"1\">\n<div class=\"magic-50\">Sistema de Corte<\/div>\n<\/td>\n<td colspan=\"1\" rowspan=\"1\">\n<div class=\"magic-53\">precorte<\/div>\n<\/td>\n<td colspan=\"1\" rowspan=\"1\">\n<div class=\"magic-52\">* Post-corte universal (Opcional)<\/div>\n<\/td>\n<\/tr>\n<tr>\n<td colspan=\"1\" rowspan=\"1\">\n<div class=\"magic-50\">Marca de cambiador de frecuencia<\/div>\n<\/td>\n<td colspan=\"1\" rowspan=\"1\">\n<div class=\"magic-54\">Yaskawa<\/div>\n<\/td>\n<td colspan=\"1\" rowspan=\"1\">\n<div class=\"magic-52\">* Siemens (Opcional)<\/div>\n<\/td>\n<\/tr>\n<tr>\n<td colspan=\"1\" rowspan=\"1\">\n<div class=\"magic-42\">Marca PLC<\/div>\n<\/td>\n<td colspan=\"1\" rowspan=\"1\">\n<div class=\"magic-48\">panasonic<\/div>\n<\/td>\n<td colspan=\"1\" rowspan=\"1\">\n<div class=\"magic-49\">* Siemens (Opcional)<\/div>\n<\/td>\n<\/tr>\n<tr>\n<td colspan=\"1\" rowspan=\"1\">\n<div class=\"magic-50\">Fuente de alimentaci\u00f3n<\/div>\n<\/td>\n<td colspan=\"1\" rowspan=\"1\">\n<div class=\"magic-51\">380V 50Hz<\/div>\n<\/td>\n<td colspan=\"1\" rowspan=\"1\">\n<div class=\"magic-52\">* O seg\u00fan su requisito<\/div>\n<\/td>\n<\/tr>\n<tr>\n<td colspan=\"1\" rowspan=\"1\">\n<div class=\"magic-50\">Color de la m\u00e1quina<\/div>\n<\/td>\n<td colspan=\"1\" rowspan=\"1\">\n<div class=\"magic-51\">azul industrial<\/div>\n<\/td>\n<td colspan=\"1\" rowspan=\"1\">\n<div class=\"magic-52\">* O seg\u00fan su requisito<\/div>\n<\/td>\n<\/tr>\n<\/tbody>\n<\/table>\n<\/div>\n<\/div>\n<div class=\"J_module\">\n<h3 id=\"ali-anchor-AliMagic-s62u7y\" class=\"magic-0\" data-section=\"AliMagic-s62u7y\" data-section-title=\"Application\">Solicitud<\/h3>\n<p><img loading=\"lazy\" decoding=\"async\" class=\"alignnone size-full wp-image-4087\" src=\"https:\/\/swforming.com\/wp-content\/uploads\/2023\/09\/20230925170240.png\" alt=\"\" width=\"750\" height=\"452\" title=\"\" srcset=\"https:\/\/swforming.com\/wp-content\/uploads\/2023\/09\/20230925170240.png 750w, https:\/\/swforming.com\/wp-content\/uploads\/2023\/09\/20230925170240-600x362.png 600w, https:\/\/swforming.com\/wp-content\/uploads\/2023\/09\/20230925170240-300x181.png 300w, https:\/\/swforming.com\/wp-content\/uploads\/2023\/09\/20230925170240-18x12.png 18w\" sizes=\"(max-width: 750px) 100vw, 750px\" \/><\/p>\n<\/div>\n<\/div>","protected":false},"excerpt":{"rendered":"<p>Esta maquina formadora de rollos de correas CZ semiautom\u00e1tica de tama\u00f1o cambiable se utiliza para producir correas de forma C&amp;Z de 100-300mm de ancho, normalmente su espesor de material es de 1.5-3mm. SUNWAY dise\u00f1a esta m\u00e1quina formadora de rollos de correas CZ de cambio r\u00e1pido para trabajar con cualquier tama\u00f1o de la correa, tama\u00f1os ajustables autom\u00e1ticamente por bot\u00f3n (con regla de calibre fijo) que es diferente de la m\u00e1quina de cambio de tama\u00f1o autom\u00e1tico completo (ajustado en PLC). Adem\u00e1s, el tiempo de cambio de C a Z s\u00f3lo necesita 10 minutos. En cuanto a la unidad de punzonado, podemos dise\u00f1ar pre-punzonado, post-punzonado de acuerdo a su requerimiento.<\/p>","protected":false},"featured_media":4075,"comment_status":"closed","ping_status":"closed","template":"","meta":{"_acf_changed":false},"product_brand":[],"product_cat":[52],"product_tag":[],"class_list":{"0":"post-4074","1":"product","2":"type-product","3":"status-publish","4":"has-post-thumbnail","6":"product_cat-steel-structure","8":"first","9":"instock","10":"shipping-taxable","11":"product-type-simple"},"acf":[],"_links":{"self":[{"href":"https:\/\/swforming.com\/es\/wp-json\/wp\/v2\/product\/4074","targetHints":{"allow":["GET"]}}],"collection":[{"href":"https:\/\/swforming.com\/es\/wp-json\/wp\/v2\/product"}],"about":[{"href":"https:\/\/swforming.com\/es\/wp-json\/wp\/v2\/types\/product"}],"replies":[{"embeddable":true,"href":"https:\/\/swforming.com\/es\/wp-json\/wp\/v2\/comments?post=4074"}],"version-history":[{"count":2,"href":"https:\/\/swforming.com\/es\/wp-json\/wp\/v2\/product\/4074\/revisions"}],"predecessor-version":[{"id":4089,"href":"https:\/\/swforming.com\/es\/wp-json\/wp\/v2\/product\/4074\/revisions\/4089"}],"wp:featuredmedia":[{"embeddable":true,"href":"https:\/\/swforming.com\/es\/wp-json\/wp\/v2\/media\/4075"}],"wp:attachment":[{"href":"https:\/\/swforming.com\/es\/wp-json\/wp\/v2\/media?parent=4074"}],"wp:term":[{"taxonomy":"product_brand","embeddable":true,"href":"https:\/\/swforming.com\/es\/wp-json\/wp\/v2\/product_brand?post=4074"},{"taxonomy":"product_cat","embeddable":true,"href":"https:\/\/swforming.com\/es\/wp-json\/wp\/v2\/product_cat?post=4074"},{"taxonomy":"product_tag","embeddable":true,"href":"https:\/\/swforming.com\/es\/wp-json\/wp\/v2\/product_tag?post=4074"}],"curies":[{"name":"wp","href":"https:\/\/api.w.org\/{rel}","templated":true}]}}