{"id":4007,"date":"2023-09-12T01:03:02","date_gmt":"2023-09-12T01:03:02","guid":{"rendered":"https:\/\/swforming.com\/?post_type=product&#038;p=4007"},"modified":"2023-09-12T01:04:06","modified_gmt":"2023-09-12T01:04:06","slug":"laser-welding-square-pipe-roll-forming-machine","status":"publish","type":"product","link":"https:\/\/swforming.com\/es\/product\/laser-welding-square-pipe-roll-forming-machine\/","title":{"rendered":"M\u00e1quina Perfiladora de Tubos Cuadrados de Soldadura L\u00e1ser"},"content":{"rendered":"<p><img fetchpriority=\"high\" decoding=\"async\" class=\"alignnone size-full wp-image-4014\" src=\"https:\/\/swforming.com\/wp-content\/uploads\/2023\/09\/Ha217113a4ec94b14954157d31d72a063N.jpg\" alt=\"\" width=\"750\" height=\"979\" title=\"\" srcset=\"https:\/\/swforming.com\/wp-content\/uploads\/2023\/09\/Ha217113a4ec94b14954157d31d72a063N.jpg 750w, https:\/\/swforming.com\/wp-content\/uploads\/2023\/09\/Ha217113a4ec94b14954157d31d72a063N-600x783.jpg 600w, https:\/\/swforming.com\/wp-content\/uploads\/2023\/09\/Ha217113a4ec94b14954157d31d72a063N-230x300.jpg 230w, https:\/\/swforming.com\/wp-content\/uploads\/2023\/09\/Ha217113a4ec94b14954157d31d72a063N-9x12.jpg 9w\" sizes=\"(max-width: 750px) 100vw, 750px\" \/><\/p>\n<p>La maquina perfiladora de tubo cuadrado de soldadura l\u00e1ser es para producir diferentes tama\u00f1os de tubos cuadrados que pueden ser utilizados como correas en el sistema de construcci\u00f3n de metal. En comparaci\u00f3n con la l\u00ednea de soldadura de tubos de alta frecuencia, esta m\u00e1quina es barata, ocupa menos espacio y es m\u00e1s f\u00e1cil de operar. Es muy adecuado para el inicio de negocios.<\/p>\n<p>En Industrias de la Construcci\u00f3n, somos capaces de fabricar m\u00e1s m\u00e1quinas como la m\u00e1quina perfiladora de canal principal, m\u00e1quina perfiladora de correa, m\u00e1quina perfiladora de paneles de yeso, m\u00e1quina perfiladora de perno, m\u00e1quina perfiladora de pista, m\u00e1quina perfiladora de sombrero de copa, m\u00e1quina perfiladora de clip, m\u00e1quina perfiladora de cubierta de metal (cubierta de piso), m\u00e1quina perfiladora de panel de techo \/ pared, m\u00e1quina perfiladora de teja de techo, m\u00e1quina perfiladora de corrugado, m\u00e1quina perfiladora de cumbrera, m\u00e1quina perfiladora de bajante, etc.<\/p>\n<p>Realizamos diferentes soluciones seg\u00fan el dibujo, la tolerancia y el presupuesto del cliente, ofreciendo un servicio profesional personalizado, adaptable a todas sus necesidades. Sea cual sea la l\u00ednea que elija, la calidad de SUNWAY Machinery le garantizar\u00e1 la obtenci\u00f3n de perfiles perfectamente funcionales.<\/p>\n<h3>Dibujos de perfil<\/h3>\n<p><img decoding=\"async\" class=\"alignnone size-full wp-image-4015\" src=\"https:\/\/swforming.com\/wp-content\/uploads\/2023\/09\/Hecd5c17c223d49bfb8ddcb0e7edf30132.jpg\" alt=\"\" width=\"1748\" height=\"1001\" title=\"\" srcset=\"https:\/\/swforming.com\/wp-content\/uploads\/2023\/09\/Hecd5c17c223d49bfb8ddcb0e7edf30132.jpg 1748w, https:\/\/swforming.com\/wp-content\/uploads\/2023\/09\/Hecd5c17c223d49bfb8ddcb0e7edf30132-600x344.jpg 600w, https:\/\/swforming.com\/wp-content\/uploads\/2023\/09\/Hecd5c17c223d49bfb8ddcb0e7edf30132-300x172.jpg 300w, https:\/\/swforming.com\/wp-content\/uploads\/2023\/09\/Hecd5c17c223d49bfb8ddcb0e7edf30132-1024x586.jpg 1024w, https:\/\/swforming.com\/wp-content\/uploads\/2023\/09\/Hecd5c17c223d49bfb8ddcb0e7edf30132-768x440.jpg 768w, https:\/\/swforming.com\/wp-content\/uploads\/2023\/09\/Hecd5c17c223d49bfb8ddcb0e7edf30132-1536x880.jpg 1536w, https:\/\/swforming.com\/wp-content\/uploads\/2023\/09\/Hecd5c17c223d49bfb8ddcb0e7edf30132-18x10.jpg 18w\" sizes=\"(max-width: 1748px) 100vw, 1748px\" \/><\/p>\n<p><img decoding=\"async\" class=\"alignnone size-full wp-image-4016\" src=\"https:\/\/swforming.com\/wp-content\/uploads\/2023\/09\/20230912085359.png\" alt=\"\" width=\"750\" height=\"182\" title=\"\" srcset=\"https:\/\/swforming.com\/wp-content\/uploads\/2023\/09\/20230912085359.png 750w, https:\/\/swforming.com\/wp-content\/uploads\/2023\/09\/20230912085359-600x146.png 600w, https:\/\/swforming.com\/wp-content\/uploads\/2023\/09\/20230912085359-300x73.png 300w, https:\/\/swforming.com\/wp-content\/uploads\/2023\/09\/20230912085359-18x4.png 18w\" sizes=\"(max-width: 750px) 100vw, 750px\" \/><\/p>\n<h3>L\u00ednea de producci\u00f3n<\/h3>\n<p><img loading=\"lazy\" decoding=\"async\" class=\"alignnone size-full wp-image-4017\" src=\"https:\/\/swforming.com\/wp-content\/uploads\/2023\/09\/H29cee465a63940f19b41951e8f1b497aZ.jpg\" alt=\"\" width=\"1748\" height=\"791\" title=\"\" srcset=\"https:\/\/swforming.com\/wp-content\/uploads\/2023\/09\/H29cee465a63940f19b41951e8f1b497aZ.jpg 1748w, https:\/\/swforming.com\/wp-content\/uploads\/2023\/09\/H29cee465a63940f19b41951e8f1b497aZ-600x272.jpg 600w, https:\/\/swforming.com\/wp-content\/uploads\/2023\/09\/H29cee465a63940f19b41951e8f1b497aZ-300x136.jpg 300w, https:\/\/swforming.com\/wp-content\/uploads\/2023\/09\/H29cee465a63940f19b41951e8f1b497aZ-1024x463.jpg 1024w, https:\/\/swforming.com\/wp-content\/uploads\/2023\/09\/H29cee465a63940f19b41951e8f1b497aZ-768x348.jpg 768w, https:\/\/swforming.com\/wp-content\/uploads\/2023\/09\/H29cee465a63940f19b41951e8f1b497aZ-1536x695.jpg 1536w, https:\/\/swforming.com\/wp-content\/uploads\/2023\/09\/H29cee465a63940f19b41951e8f1b497aZ-18x8.jpg 18w\" sizes=\"(max-width: 1748px) 100vw, 1748px\" \/><\/p>\n<h3>Detalles de producto<\/h3>\n<p><img loading=\"lazy\" decoding=\"async\" class=\"alignnone size-full wp-image-4018\" src=\"https:\/\/swforming.com\/wp-content\/uploads\/2023\/09\/20230912085558.png\" alt=\"\" width=\"744\" height=\"1254\" title=\"\" srcset=\"https:\/\/swforming.com\/wp-content\/uploads\/2023\/09\/20230912085558.png 744w, https:\/\/swforming.com\/wp-content\/uploads\/2023\/09\/20230912085558-600x1011.png 600w, https:\/\/swforming.com\/wp-content\/uploads\/2023\/09\/20230912085558-178x300.png 178w, https:\/\/swforming.com\/wp-content\/uploads\/2023\/09\/20230912085558-608x1024.png 608w, https:\/\/swforming.com\/wp-content\/uploads\/2023\/09\/20230912085558-7x12.png 7w\" sizes=\"(max-width: 744px) 100vw, 744px\" \/><\/p>\n<h3>Parametros del producto<\/h3>\n<div style=\"overflow-x: auto;\">\n<table>\n<tbody>\n<tr>\n<td style=\"text-align: center;\" colspan=\"3\" rowspan=\"1\" data-sheets-value=\"{&quot;1&quot;:2,&quot;2&quot;:&quot;Laser Welding Square Pipe Roll Forming Machine&quot;}\"><strong>M\u00e1quina Perfiladora de Tubos Cuadrados de Soldadura L\u00e1ser<\/strong><\/td>\n<\/tr>\n<tr>\n<td colspan=\"1\" rowspan=\"2\" data-sheets-value=\"{&quot;1&quot;:2,&quot;2&quot;:&quot;Raw Material&quot;}\">\n<div>Materia prima<\/div>\n<\/td>\n<td data-sheets-value=\"{&quot;1&quot;:2,&quot;2&quot;:&quot;A) Galvanized Coil&quot;}\">A) Bobina Galvanizada<\/td>\n<td colspan=\"1\" rowspan=\"2\" data-sheets-value=\"{&quot;1&quot;:2,&quot;2&quot;:&quot;Thickness(MM): 1.5-3.0 mm Or According To Customer&quot;}\">\n<div>Grosor (MM): 1,5-3,0 mm o seg\u00fan el cliente<\/div>\n<\/td>\n<\/tr>\n<tr>\n<td data-sheets-value=\"{&quot;1&quot;:2,&quot;2&quot;:&quot;B) Carbon Steel Coil&quot;}\">B) Bobina de acero al carbono<\/td>\n<\/tr>\n<tr>\n<td data-sheets-value=\"{&quot;1&quot;:2,&quot;2&quot;:&quot;Yield Strength&quot;}\">L\u00edmite el\u00e1stico<\/td>\n<td colspan=\"2\" rowspan=\"1\" data-sheets-value=\"{&quot;1&quot;:2,&quot;2&quot;:&quot;250 - 550 Mpa&quot;}\">250 \u2013 550 MPa<\/td>\n<\/tr>\n<tr>\n<td data-sheets-value=\"{&quot;1&quot;:2,&quot;2&quot;:&quot;Tensil Stress&quot;}\">Estr\u00e9s de tracci\u00f3n<\/td>\n<td colspan=\"2\" rowspan=\"1\" data-sheets-value=\"{&quot;1&quot;:2,&quot;2&quot;:&quot;G250 Mpa-G550 Mpa&quot;}\">G250 MPa-G550 MPa<\/td>\n<\/tr>\n<tr>\n<td data-sheets-value=\"{&quot;1&quot;:2,&quot;2&quot;:&quot;Decoiler&quot;}\">desbobinador<\/td>\n<td data-sheets-value=\"{&quot;1&quot;:2,&quot;2&quot;:&quot;Manual Decoiler&quot;}\">Desenrollador Manual<\/td>\n<td data-sheets-value=\"{&quot;1&quot;:2,&quot;2&quot;:&quot;* Hydraulic Decoiler (Optional)&quot;}\">* Desenrollador Hidr\u00e1ulico (Opcional)<\/td>\n<\/tr>\n<tr>\n<td data-sheets-value=\"{&quot;1&quot;:2,&quot;2&quot;:&quot;Forming Station&quot;}\">Estaci\u00f3n de formaci\u00f3n<\/td>\n<td colspan=\"2\" rowspan=\"1\" data-sheets-value=\"{&quot;1&quot;:2,&quot;2&quot;:&quot;16-24 Stations&quot;}\">16-24 estaciones<\/td>\n<\/tr>\n<tr>\n<td data-sheets-value=\"{&quot;1&quot;:2,&quot;2&quot;:&quot;Driving System&quot;}\">Sistema de conducci\u00f3n<\/td>\n<td data-sheets-value=\"{&quot;1&quot;:2,&quot;2&quot;:&quot;Chain Drive&quot;}\">Transmisi\u00f3n por cadena<\/td>\n<td data-sheets-value=\"{&quot;1&quot;:2,&quot;2&quot;:&quot;* Gearbox Drive (Optional)&quot;}\">* Transmisi\u00f3n de caja de cambios (opcional)<\/td>\n<\/tr>\n<tr>\n<td data-sheets-value=\"{&quot;1&quot;:2,&quot;2&quot;:&quot;Machine Structure&quot;}\">Estructura de la m\u00e1quina<\/td>\n<td data-sheets-value=\"{&quot;1&quot;:2,&quot;2&quot;:&quot;Wall Panel Station&quot;}\">Estaci\u00f3n de paneles de pared<\/td>\n<td data-sheets-value=\"{&quot;1&quot;:2,&quot;2&quot;:&quot;* Forged Iron Station (Optional)&quot;}\">* Estaci\u00f3n de Hierro Forjado (Opcional)<\/td>\n<\/tr>\n<tr>\n<td data-sheets-value=\"{&quot;1&quot;:2,&quot;2&quot;:&quot;Forming Speed&quot;}\">Velocidad de formaci\u00f3n<\/td>\n<td data-sheets-value=\"{&quot;1&quot;:2,&quot;2&quot;:&quot;10-25 (M\/MIN)&quot;}\">10-25 (M\/MIN)<\/td>\n<td data-sheets-value=\"{&quot;1&quot;:2,&quot;2&quot;:&quot;* According To Your Profile Drawings&quot;}\">* Seg\u00fan sus dibujos de perfil<\/td>\n<\/tr>\n<tr>\n<td data-sheets-value=\"{&quot;1&quot;:2,&quot;2&quot;:&quot;Rollers\u2019 Material&quot;}\">Material de los rodillos<\/td>\n<td data-sheets-value=\"{&quot;1&quot;:2,&quot;2&quot;:&quot;45# Steel&quot;}\">45# Acero<\/td>\n<td data-sheets-value=\"{&quot;1&quot;:2,&quot;2&quot;:&quot;* Cr12Mov (Optional)&quot;}\">* Cr12Mov (Opcional)<\/td>\n<\/tr>\n<tr>\n<td data-sheets-value=\"{&quot;1&quot;:2,&quot;2&quot;:&quot;Laser Welding&quot;}\">Soldadura l\u00e1ser<\/td>\n<td colspan=\"2\" rowspan=\"1\" data-sheets-value=\"{&quot;1&quot;:2,&quot;2&quot;:&quot;3KW, 4KW&quot;}\">3KW, 4KW<\/td>\n<\/tr>\n<tr>\n<td data-sheets-value=\"{&quot;1&quot;:2,&quot;2&quot;:&quot;Cutting System&quot;}\">Sistema de Corte<\/td>\n<td colspan=\"2\" rowspan=\"1\" data-sheets-value=\"{&quot;1&quot;:2,&quot;2&quot;:&quot;Saw-cutting&quot;}\">Corte de sierra<\/td>\n<\/tr>\n<tr>\n<td data-sheets-value=\"{&quot;1&quot;:2,&quot;2&quot;:&quot;Frequency Changer Brand&quot;}\">Marca de cambiador de frecuencia<\/td>\n<td data-sheets-value=\"{&quot;1&quot;:2,&quot;2&quot;:&quot;Yaskawa&quot;}\">Yaskawa<\/td>\n<td data-sheets-value=\"{&quot;1&quot;:2,&quot;2&quot;:&quot;* Siemens (Optional)&quot;}\">* Siemens (Opcional)<\/td>\n<\/tr>\n<tr>\n<td data-sheets-value=\"{&quot;1&quot;:2,&quot;2&quot;:&quot;PLC Brand&quot;}\">Marca PLC<\/td>\n<td data-sheets-value=\"{&quot;1&quot;:2,&quot;2&quot;:&quot;Panasonic&quot;}\">panasonic<\/td>\n<td data-sheets-value=\"{&quot;1&quot;:2,&quot;2&quot;:&quot;* Siemens (Optional)&quot;}\">* Siemens (Opcional)<\/td>\n<\/tr>\n<tr>\n<td data-sheets-value=\"{&quot;1&quot;:2,&quot;2&quot;:&quot;Power Supply&quot;}\">Fuente de alimentaci\u00f3n<\/td>\n<td data-sheets-value=\"{&quot;1&quot;:2,&quot;2&quot;:&quot;380V 50Hz 3ph&quot;}\">380V 50Hz trif\u00e1sico<\/td>\n<td data-sheets-value=\"{&quot;1&quot;:2,&quot;2&quot;:&quot;* Or According To Your Requirment&quot;}\">* O seg\u00fan su requisito<\/td>\n<\/tr>\n<tr>\n<td data-sheets-value=\"{&quot;1&quot;:2,&quot;2&quot;:&quot;Machine Color&quot;}\">Color de la m\u00e1quina<\/td>\n<td data-sheets-value=\"{&quot;1&quot;:2,&quot;2&quot;:&quot;Industrial Blue&quot;}\">azul industrial<\/td>\n<td data-sheets-value=\"{&quot;1&quot;:2,&quot;2&quot;:&quot;* Or According To Your Requirment&quot;}\">* O seg\u00fan su requisito<\/td>\n<\/tr>\n<\/tbody>\n<\/table>\n<\/div>","protected":false},"excerpt":{"rendered":"<p>La maquina perfiladora de tubo cuadrado de soldadura l\u00e1ser es para producir diferentes tama\u00f1os de tubos cuadrados que pueden ser utilizados como correas en el sistema de construcci\u00f3n de metal. En comparaci\u00f3n con la l\u00ednea de soldadura de tubos de alta frecuencia, esta m\u00e1quina es barata, ocupa menos espacio y es m\u00e1s f\u00e1cil de operar. Es muy adecuado para el inicio de negocios.<\/p>","protected":false},"featured_media":4008,"comment_status":"closed","ping_status":"closed","template":"","meta":{"_acf_changed":false},"product_brand":[],"product_cat":[52],"product_tag":[],"class_list":{"0":"post-4007","1":"product","2":"type-product","3":"status-publish","4":"has-post-thumbnail","6":"product_cat-steel-structure","8":"first","9":"instock","10":"shipping-taxable","11":"product-type-simple"},"acf":[],"_links":{"self":[{"href":"https:\/\/swforming.com\/es\/wp-json\/wp\/v2\/product\/4007","targetHints":{"allow":["GET"]}}],"collection":[{"href":"https:\/\/swforming.com\/es\/wp-json\/wp\/v2\/product"}],"about":[{"href":"https:\/\/swforming.com\/es\/wp-json\/wp\/v2\/types\/product"}],"replies":[{"embeddable":true,"href":"https:\/\/swforming.com\/es\/wp-json\/wp\/v2\/comments?post=4007"}],"version-history":[{"count":2,"href":"https:\/\/swforming.com\/es\/wp-json\/wp\/v2\/product\/4007\/revisions"}],"predecessor-version":[{"id":4020,"href":"https:\/\/swforming.com\/es\/wp-json\/wp\/v2\/product\/4007\/revisions\/4020"}],"wp:featuredmedia":[{"embeddable":true,"href":"https:\/\/swforming.com\/es\/wp-json\/wp\/v2\/media\/4008"}],"wp:attachment":[{"href":"https:\/\/swforming.com\/es\/wp-json\/wp\/v2\/media?parent=4007"}],"wp:term":[{"taxonomy":"product_brand","embeddable":true,"href":"https:\/\/swforming.com\/es\/wp-json\/wp\/v2\/product_brand?post=4007"},{"taxonomy":"product_cat","embeddable":true,"href":"https:\/\/swforming.com\/es\/wp-json\/wp\/v2\/product_cat?post=4007"},{"taxonomy":"product_tag","embeddable":true,"href":"https:\/\/swforming.com\/es\/wp-json\/wp\/v2\/product_tag?post=4007"}],"curies":[{"name":"wp","href":"https:\/\/api.w.org\/{rel}","templated":true}]}}