{"id":3965,"date":"2023-09-04T08:22:08","date_gmt":"2023-09-04T08:22:08","guid":{"rendered":"https:\/\/swforming.com\/?post_type=product&#038;p=3965"},"modified":"2023-09-04T08:22:09","modified_gmt":"2023-09-04T08:22:09","slug":"barrel-corrugated-roll-forming-machine-2","status":"publish","type":"product","link":"https:\/\/swforming.com\/es\/product\/barrel-corrugated-roll-forming-machine-2\/","title":{"rendered":"M\u00e1quina formadora de rollos corrugados de barril"},"content":{"rendered":"<p><img fetchpriority=\"high\" decoding=\"async\" class=\"alignnone size-full wp-image-3972\" src=\"https:\/\/swforming.com\/wp-content\/uploads\/2023\/09\/H4503885c62e044fca04aec043e72f985r.jpg\" alt=\"\" width=\"750\" height=\"1331\" title=\"\" srcset=\"https:\/\/swforming.com\/wp-content\/uploads\/2023\/09\/H4503885c62e044fca04aec043e72f985r.jpg 750w, https:\/\/swforming.com\/wp-content\/uploads\/2023\/09\/H4503885c62e044fca04aec043e72f985r-600x1065.jpg 600w, https:\/\/swforming.com\/wp-content\/uploads\/2023\/09\/H4503885c62e044fca04aec043e72f985r-169x300.jpg 169w, https:\/\/swforming.com\/wp-content\/uploads\/2023\/09\/H4503885c62e044fca04aec043e72f985r-577x1024.jpg 577w, https:\/\/swforming.com\/wp-content\/uploads\/2023\/09\/H4503885c62e044fca04aec043e72f985r-7x12.jpg 7w\" sizes=\"(max-width: 750px) 100vw, 750px\" \/><\/p>\n<p>La maquina perfiladora de panel corrugado de barril se utiliza para producir paneles de forma de onda sinusoidal. Normalmente el espesor del panel es de 0,12-0,3 mm con acero galvanizado completamente duro, el l\u00edmite el\u00e1stico puede ser de hasta 550Mpa incluso 600Mpa.<\/p>\n<p>La m\u00e1quina formadora de rollos corrugados de barril se compone principalmente de motor de accionamiento, reductor, sistema de transmisi\u00f3n, rodillo formador, rodillo plano, plataforma de alimentaci\u00f3n autom\u00e1tica y armario de control el\u00e9ctrico. La maquina adopta un motor AC de baja velocidad, alto torque y baja inercia con una correa de transmisi\u00f3n en V al reductor endurecido con doble eje de salida, para lograr el prop\u00f3sito de transmisi\u00f3n y desaceleraci\u00f3n. La alimentaci\u00f3n autom\u00e1tica del rodillo de trabajo se realiza siempre por la cadena de sincronizaci\u00f3n y el carril de gu\u00eda lineal\uff0casegurando as\u00ed la estabilidad del producto.<\/p>\n<p>En Industrias de la Construcci\u00f3n, somos capaces de fabricar m\u00e1s m\u00e1quinas como la m\u00e1quina perfiladora de canal principal, m\u00e1quina perfiladora de correa, m\u00e1quina perfiladora de paneles de yeso, m\u00e1quina perfiladora de perno, m\u00e1quina perfiladora de pista, m\u00e1quina perfiladora de sombrero de copa, m\u00e1quina perfiladora de clip, m\u00e1quina perfiladora de cubierta de metal (cubierta de piso), m\u00e1quina perfiladora de panel de techo \/ pared, m\u00e1quina perfiladora de teja de techo, m\u00e1quina perfiladora de corrugado, m\u00e1quina perfiladora de cumbrera, m\u00e1quina perfiladora de bajante, etc.<\/p>\n<p>Realizamos diferentes soluciones seg\u00fan el dibujo, la tolerancia y el presupuesto del cliente, ofreciendo un servicio profesional personalizado, adaptable a todas sus necesidades. Sea cual sea la l\u00ednea que elija, la calidad de SUNWAY Machinery le garantizar\u00e1 la obtenci\u00f3n de perfiles perfectamente funcionales.<\/p>\n<h3>Dibujos de perfil<\/h3>\n<p><img decoding=\"async\" class=\"alignnone size-full wp-image-3973\" src=\"https:\/\/swforming.com\/wp-content\/uploads\/2023\/09\/H53fb3cf4352247ca9159cd168bbdcb5bB.jpg\" alt=\"\" width=\"1748\" height=\"909\" title=\"\" srcset=\"https:\/\/swforming.com\/wp-content\/uploads\/2023\/09\/H53fb3cf4352247ca9159cd168bbdcb5bB.jpg 1748w, https:\/\/swforming.com\/wp-content\/uploads\/2023\/09\/H53fb3cf4352247ca9159cd168bbdcb5bB-600x312.jpg 600w, https:\/\/swforming.com\/wp-content\/uploads\/2023\/09\/H53fb3cf4352247ca9159cd168bbdcb5bB-300x156.jpg 300w, https:\/\/swforming.com\/wp-content\/uploads\/2023\/09\/H53fb3cf4352247ca9159cd168bbdcb5bB-1024x533.jpg 1024w, https:\/\/swforming.com\/wp-content\/uploads\/2023\/09\/H53fb3cf4352247ca9159cd168bbdcb5bB-768x399.jpg 768w, https:\/\/swforming.com\/wp-content\/uploads\/2023\/09\/H53fb3cf4352247ca9159cd168bbdcb5bB-1536x799.jpg 1536w, https:\/\/swforming.com\/wp-content\/uploads\/2023\/09\/H53fb3cf4352247ca9159cd168bbdcb5bB-18x9.jpg 18w\" sizes=\"(max-width: 1748px) 100vw, 1748px\" \/><\/p>\n<p><img decoding=\"async\" class=\"alignnone size-full wp-image-3974\" src=\"https:\/\/swforming.com\/wp-content\/uploads\/2023\/09\/0904161401.png\" alt=\"\" width=\"750\" height=\"374\" title=\"\" srcset=\"https:\/\/swforming.com\/wp-content\/uploads\/2023\/09\/0904161401.png 750w, https:\/\/swforming.com\/wp-content\/uploads\/2023\/09\/0904161401-600x299.png 600w, https:\/\/swforming.com\/wp-content\/uploads\/2023\/09\/0904161401-300x150.png 300w, https:\/\/swforming.com\/wp-content\/uploads\/2023\/09\/0904161401-18x9.png 18w\" sizes=\"(max-width: 750px) 100vw, 750px\" \/><\/p>\n<h3>L\u00ednea de producci\u00f3n<\/h3>\n<p><img loading=\"lazy\" decoding=\"async\" class=\"alignnone size-full wp-image-3975\" src=\"https:\/\/swforming.com\/wp-content\/uploads\/2023\/09\/H0b106165a2b244a5b2141a4752caec464.jpg\" alt=\"\" width=\"1748\" height=\"1629\" title=\"\" srcset=\"https:\/\/swforming.com\/wp-content\/uploads\/2023\/09\/H0b106165a2b244a5b2141a4752caec464.jpg 1748w, https:\/\/swforming.com\/wp-content\/uploads\/2023\/09\/H0b106165a2b244a5b2141a4752caec464-600x559.jpg 600w, https:\/\/swforming.com\/wp-content\/uploads\/2023\/09\/H0b106165a2b244a5b2141a4752caec464-300x280.jpg 300w, https:\/\/swforming.com\/wp-content\/uploads\/2023\/09\/H0b106165a2b244a5b2141a4752caec464-1024x954.jpg 1024w, https:\/\/swforming.com\/wp-content\/uploads\/2023\/09\/H0b106165a2b244a5b2141a4752caec464-768x716.jpg 768w, https:\/\/swforming.com\/wp-content\/uploads\/2023\/09\/H0b106165a2b244a5b2141a4752caec464-1536x1431.jpg 1536w, https:\/\/swforming.com\/wp-content\/uploads\/2023\/09\/H0b106165a2b244a5b2141a4752caec464-13x12.jpg 13w\" sizes=\"(max-width: 1748px) 100vw, 1748px\" \/><\/p>\n<h3>Detalles de producto<\/h3>\n<p><img loading=\"lazy\" decoding=\"async\" class=\"alignnone size-full wp-image-3976\" src=\"https:\/\/swforming.com\/wp-content\/uploads\/2023\/09\/30904161536.png\" alt=\"\" width=\"750\" height=\"625\" title=\"\" srcset=\"https:\/\/swforming.com\/wp-content\/uploads\/2023\/09\/30904161536.png 750w, https:\/\/swforming.com\/wp-content\/uploads\/2023\/09\/30904161536-600x500.png 600w, https:\/\/swforming.com\/wp-content\/uploads\/2023\/09\/30904161536-300x250.png 300w, https:\/\/swforming.com\/wp-content\/uploads\/2023\/09\/30904161536-14x12.png 14w\" sizes=\"(max-width: 750px) 100vw, 750px\" \/><\/p>\n<h3>Parametros del producto<\/h3>\n<div style=\"overflow-x: auto;\">\n<table>\n<tbody>\n<tr>\n<td data-sheets-value=\"{&quot;1&quot;:2,&quot;2&quot;:&quot;Model&quot;}\">Modelo<\/td>\n<td data-sheets-value=\"{&quot;1&quot;:2,&quot;2&quot;:&quot;Effective Length&quot;}\">Longitud efectiva<\/td>\n<td data-sheets-value=\"{&quot;1&quot;:2,&quot;2&quot;:&quot;Motor Power(Kw)&quot;}\">Potencia del motor (Kw)<\/td>\n<td data-sheets-value=\"{&quot;1&quot;:2,&quot;2&quot;:&quot;Size(L*W*H)&quot;}\">Tama\u00f1o (largo*ancho*alto)<\/td>\n<td data-sheets-value=\"{&quot;1&quot;:2,&quot;2&quot;:&quot;Weight(Ton)&quot;}\">Peso (toneladas)<\/td>\n<\/tr>\n<tr>\n<td data-sheets-value=\"{&quot;1&quot;:2,&quot;2&quot;:&quot;SW-26E&quot;}\">SW-26E<\/td>\n<td data-sheets-value=\"{&quot;1&quot;:2,&quot;2&quot;:&quot;2480mm&quot;}\">2480 mm<\/td>\n<td data-sheets-value=\"{&quot;1&quot;:2,&quot;2&quot;:&quot;7.5-8&quot;}\">7.5-8<\/td>\n<td data-sheets-value=\"{&quot;1&quot;:2,&quot;2&quot;:&quot;4308X2230X1500mm&quot;}\">4308X2230X1500mm<\/td>\n<td data-sheets-value=\"{&quot;1&quot;:3,&quot;3&quot;:6.5}\">6.5<\/td>\n<\/tr>\n<tr>\n<td data-sheets-value=\"{&quot;1&quot;:2,&quot;2&quot;:&quot;SW-32E&quot;}\">SW-32E<\/td>\n<td data-sheets-value=\"{&quot;1&quot;:2,&quot;2&quot;:&quot;3050mm&quot;}\">3050 mm<\/td>\n<td data-sheets-value=\"{&quot;1&quot;:2,&quot;2&quot;:&quot;7.5-8&quot;}\">7.5-8<\/td>\n<td data-sheets-value=\"{&quot;1&quot;:2,&quot;2&quot;:&quot;4908X2230X1500mm&quot;}\">4908X2230X1500mm<\/td>\n<td data-sheets-value=\"{&quot;1&quot;:3,&quot;3&quot;:7.2}\">7.2<\/td>\n<\/tr>\n<tr>\n<td data-sheets-value=\"{&quot;1&quot;:2,&quot;2&quot;:&quot;SW-38E&quot;}\">SW-38E<\/td>\n<td data-sheets-value=\"{&quot;1&quot;:2,&quot;2&quot;:&quot;3660mm&quot;}\">3660 mm<\/td>\n<td data-sheets-value=\"{&quot;1&quot;:2,&quot;2&quot;:&quot;11.0-8&quot;}\">11.0-8<\/td>\n<td data-sheets-value=\"{&quot;1&quot;:2,&quot;2&quot;:&quot;5508X2230X1500mm&quot;}\">5508X2230X1500mm<\/td>\n<td data-sheets-value=\"{&quot;1&quot;:3,&quot;3&quot;:7.4}\">7.4<\/td>\n<\/tr>\n<tr>\n<td data-sheets-value=\"{&quot;1&quot;:2,&quot;2&quot;:&quot;SW-40E&quot;}\">SW-40E<\/td>\n<td data-sheets-value=\"{&quot;1&quot;:2,&quot;2&quot;:&quot;3900mm,13feet&quot;}\">3900mm,13 pies<\/td>\n<td data-sheets-value=\"{&quot;1&quot;:2,&quot;2&quot;:&quot;11.0-8&quot;}\">11.0-8<\/td>\n<td data-sheets-value=\"{&quot;1&quot;:2,&quot;2&quot;:&quot;5708X2230X1500mm&quot;}\">5708X2230X1500mm<\/td>\n<td data-sheets-value=\"{&quot;1&quot;:3,&quot;3&quot;:8}\">8<\/td>\n<\/tr>\n<tr>\n<td data-sheets-value=\"{&quot;1&quot;:2,&quot;2&quot;:&quot;SW-43E&quot;}\">SW-43E<\/td>\n<td data-sheets-value=\"{&quot;1&quot;:2,&quot;2&quot;:&quot;4200mm&quot;}\">4200mm<\/td>\n<td data-sheets-value=\"{&quot;1&quot;:2,&quot;2&quot;:&quot;11.0-8&quot;}\">11.0-8<\/td>\n<td data-sheets-value=\"{&quot;1&quot;:2,&quot;2&quot;:&quot;6008X2230X1500mm&quot;}\">6008X2230X1500mm<\/td>\n<td data-sheets-value=\"{&quot;1&quot;:3,&quot;3&quot;:9.5}\">9.5<\/td>\n<\/tr>\n<tr>\n<td colspan=\"5\" rowspan=\"1\" data-sheets-value=\"{&quot;1&quot;:2,&quot;2&quot;:&quot;Profiles: 18-76, 15-63, 9-31.8mm or customized&quot;}\">Perfiles: 18-76, 15-63, 9-31,8 mm o personalizados<\/td>\n<\/tr>\n<tr>\n<td colspan=\"5\" rowspan=\"1\" data-sheets-value=\"{&quot;1&quot;:2,&quot;2&quot;:&quot;Forming Thickness: 0.12-0.20\/0.14-0.3\/0.16-0.4mm&quot;}\">Espesor de conformado: 0,12-0,20\/0,14-0,3\/0,16-0,4 mm<\/td>\n<\/tr>\n<tr>\n<td colspan=\"5\" rowspan=\"1\" data-sheets-value=\"{&quot;1&quot;:2,&quot;2&quot;:&quot;Forming Speed: 9-12 times\/min; 2-4 ton\/hour&quot;}\">Velocidad de conformado: 9-12 veces\/min; 2-4 toneladas\/hora<\/td>\n<\/tr>\n<\/tbody>\n<\/table>\n<\/div>\n<h3>Solicitud<\/h3>\n<p><img loading=\"lazy\" decoding=\"async\" class=\"alignnone size-full wp-image-3977\" src=\"https:\/\/swforming.com\/wp-content\/uploads\/2023\/09\/230904162116.png\" alt=\"\" width=\"676\" height=\"408\" title=\"\" srcset=\"https:\/\/swforming.com\/wp-content\/uploads\/2023\/09\/230904162116.png 676w, https:\/\/swforming.com\/wp-content\/uploads\/2023\/09\/230904162116-600x362.png 600w, https:\/\/swforming.com\/wp-content\/uploads\/2023\/09\/230904162116-300x181.png 300w, https:\/\/swforming.com\/wp-content\/uploads\/2023\/09\/230904162116-18x12.png 18w\" sizes=\"(max-width: 676px) 100vw, 676px\" \/><\/p>","protected":false},"excerpt":{"rendered":"<p>La maquina perfiladora de panel corrugado de barril se utiliza para producir paneles de forma de onda sinusoidal. Normalmente el espesor del panel es de 0,12-0,3 mm con acero galvanizado completamente duro, el l\u00edmite el\u00e1stico puede ser de hasta 550Mpa incluso 600Mpa.<\/p>","protected":false},"featured_media":3966,"comment_status":"closed","ping_status":"closed","template":"","meta":{"_acf_changed":false},"product_brand":[],"product_cat":[45,78],"product_tag":[],"class_list":{"0":"post-3965","1":"product","2":"type-product","3":"status-publish","4":"has-post-thumbnail","6":"product_cat-metal-wall-roofing","7":"product_cat-barrel-corrugated-roll-forming-machine","9":"first","10":"instock","11":"shipping-taxable","12":"product-type-simple"},"acf":[],"_links":{"self":[{"href":"https:\/\/swforming.com\/es\/wp-json\/wp\/v2\/product\/3965","targetHints":{"allow":["GET"]}}],"collection":[{"href":"https:\/\/swforming.com\/es\/wp-json\/wp\/v2\/product"}],"about":[{"href":"https:\/\/swforming.com\/es\/wp-json\/wp\/v2\/types\/product"}],"replies":[{"embeddable":true,"href":"https:\/\/swforming.com\/es\/wp-json\/wp\/v2\/comments?post=3965"}],"version-history":[{"count":2,"href":"https:\/\/swforming.com\/es\/wp-json\/wp\/v2\/product\/3965\/revisions"}],"predecessor-version":[{"id":3979,"href":"https:\/\/swforming.com\/es\/wp-json\/wp\/v2\/product\/3965\/revisions\/3979"}],"wp:featuredmedia":[{"embeddable":true,"href":"https:\/\/swforming.com\/es\/wp-json\/wp\/v2\/media\/3966"}],"wp:attachment":[{"href":"https:\/\/swforming.com\/es\/wp-json\/wp\/v2\/media?parent=3965"}],"wp:term":[{"taxonomy":"product_brand","embeddable":true,"href":"https:\/\/swforming.com\/es\/wp-json\/wp\/v2\/product_brand?post=3965"},{"taxonomy":"product_cat","embeddable":true,"href":"https:\/\/swforming.com\/es\/wp-json\/wp\/v2\/product_cat?post=3965"},{"taxonomy":"product_tag","embeddable":true,"href":"https:\/\/swforming.com\/es\/wp-json\/wp\/v2\/product_tag?post=3965"}],"curies":[{"name":"wp","href":"https:\/\/api.w.org\/{rel}","templated":true}]}}