{"id":3917,"date":"2023-08-28T08:24:40","date_gmt":"2023-08-28T08:24:40","guid":{"rendered":"https:\/\/swforming.com\/?post_type=product&#038;p=3917"},"modified":"2023-08-28T08:28:52","modified_gmt":"2023-08-28T08:28:52","slug":"rolling-shutter-slat-roll-forming-machine","status":"publish","type":"product","link":"https:\/\/swforming.com\/es\/product\/rolling-shutter-slat-roll-forming-machine\/","title":{"rendered":"M\u00e1quina formadora de rollos de listones de persianas enrollables"},"content":{"rendered":"<p><img fetchpriority=\"high\" decoding=\"async\" class=\"alignnone size-full wp-image-3918\" src=\"https:\/\/swforming.com\/wp-content\/uploads\/2023\/08\/H2880edeca6e64b2abf6e025c63c4cc538.jpg\" alt=\"\" width=\"750\" height=\"979\" title=\"\" srcset=\"https:\/\/swforming.com\/wp-content\/uploads\/2023\/08\/H2880edeca6e64b2abf6e025c63c4cc538.jpg 750w, https:\/\/swforming.com\/wp-content\/uploads\/2023\/08\/H2880edeca6e64b2abf6e025c63c4cc538-600x783.jpg 600w, https:\/\/swforming.com\/wp-content\/uploads\/2023\/08\/H2880edeca6e64b2abf6e025c63c4cc538-230x300.jpg 230w, https:\/\/swforming.com\/wp-content\/uploads\/2023\/08\/H2880edeca6e64b2abf6e025c63c4cc538-9x12.jpg 9w\" sizes=\"(max-width: 750px) 100vw, 750px\" \/><\/p>\n<p>La maquina perfiladora de lama de persiana enrollable es para hacer lama de persiana enrollable que se utiliza com\u00fanmente para puertas de garaje, persiana de mostrador comercial, puerta cortafuegos comercial, industrial, oficina p\u00fablica, quioscos, pabellones, ventanas, etc. El material de acero mecanizable puede ser acero galvanizado, acero inoxidable (304 y 316), aluminio, Ral, etc. El rango de espesor del acero puede ser Gauge 16, Gauge 18, Gauge 20, Gauge 22, Gauge 24, que es ampliamente utilizado en Am\u00e9rica, o puede ser 0.6-1.5mm en el mercado internacional.<\/p>\n<p>Esta m\u00e1quina de listones para puertas de persianas enrollables consta de desenrollador, gu\u00eda y alimentaci\u00f3n, secci\u00f3n de perfilado, cortadora hidr\u00e1ulica, mesa de recogida, sistema hidr\u00e1ulico, sistema de control.<\/p>\n<p>SUNWAY podr\u00eda dise\u00f1ar y hacer cualquier tipo de persiana enrollable list\u00f3n m\u00e1quina formadora de rollos de acuerdo a sus dibujos de perfiles y cumplir con sus requisitos de alta precisi\u00f3n, por lo que la superficie bonita y libre de rebabas tambi\u00e9n agujeros de perforaci\u00f3n de alta precisi\u00f3n, especialmente para el list\u00f3n de micro-perforaci\u00f3n, podr\u00edamos hacer 0,3 mm de tolerancia para la distancia de los agujeros con el sistema servo alimentador. En la industria de listones de persianas enrollables, la maquina perfiladora tambien puede producir otros accesorios como: \u2460 Tubo octogonal \u2461 Riel para puerta de lamas \u2462 Canal gu\u00eda \u2463 Barra inferior: Barra de fondo en I, barra de fondo en T y barra de fondo en L.<\/p>\n<p>Realizamos diferentes soluciones seg\u00fan el dibujo, la tolerancia y el presupuesto del cliente, ofreciendo un servicio profesional personalizado, adaptable a todas sus necesidades. Sea cual sea la l\u00ednea que elija, la calidad de SUNWAY Machinery le garantizar\u00e1 la obtenci\u00f3n de perfiles perfectamente funcionales.<\/p>\n<h3>Dibujos de perfil<\/h3>\n<p><img decoding=\"async\" class=\"alignnone size-full wp-image-3919\" src=\"https:\/\/swforming.com\/wp-content\/uploads\/2023\/08\/H4b36725df370429b8f24617f10f98decY.jpg\" alt=\"\" width=\"1748\" height=\"1001\" title=\"\" srcset=\"https:\/\/swforming.com\/wp-content\/uploads\/2023\/08\/H4b36725df370429b8f24617f10f98decY.jpg 1748w, https:\/\/swforming.com\/wp-content\/uploads\/2023\/08\/H4b36725df370429b8f24617f10f98decY-600x344.jpg 600w, https:\/\/swforming.com\/wp-content\/uploads\/2023\/08\/H4b36725df370429b8f24617f10f98decY-300x172.jpg 300w, https:\/\/swforming.com\/wp-content\/uploads\/2023\/08\/H4b36725df370429b8f24617f10f98decY-1024x586.jpg 1024w, https:\/\/swforming.com\/wp-content\/uploads\/2023\/08\/H4b36725df370429b8f24617f10f98decY-768x440.jpg 768w, https:\/\/swforming.com\/wp-content\/uploads\/2023\/08\/H4b36725df370429b8f24617f10f98decY-1536x880.jpg 1536w, https:\/\/swforming.com\/wp-content\/uploads\/2023\/08\/H4b36725df370429b8f24617f10f98decY-18x10.jpg 18w\" sizes=\"(max-width: 1748px) 100vw, 1748px\" \/><img decoding=\"async\" class=\"alignnone size-full wp-image-3920\" src=\"https:\/\/swforming.com\/wp-content\/uploads\/2023\/08\/20230828161641.png\" alt=\"\" width=\"751\" height=\"371\" title=\"\" srcset=\"https:\/\/swforming.com\/wp-content\/uploads\/2023\/08\/20230828161641.png 751w, https:\/\/swforming.com\/wp-content\/uploads\/2023\/08\/20230828161641-600x296.png 600w, https:\/\/swforming.com\/wp-content\/uploads\/2023\/08\/20230828161641-300x148.png 300w, https:\/\/swforming.com\/wp-content\/uploads\/2023\/08\/20230828161641-18x9.png 18w\" sizes=\"(max-width: 751px) 100vw, 751px\" \/><\/p>\n<h3>L\u00ednea de producci\u00f3n<\/h3>\n<p><img loading=\"lazy\" decoding=\"async\" class=\"alignnone size-full wp-image-3921\" src=\"https:\/\/swforming.com\/wp-content\/uploads\/2023\/08\/H9a0e71c8427f41838cf2548ff284e8b3Q.jpg\" alt=\"\" width=\"1748\" height=\"791\" title=\"\" srcset=\"https:\/\/swforming.com\/wp-content\/uploads\/2023\/08\/H9a0e71c8427f41838cf2548ff284e8b3Q.jpg 1748w, https:\/\/swforming.com\/wp-content\/uploads\/2023\/08\/H9a0e71c8427f41838cf2548ff284e8b3Q-600x272.jpg 600w, https:\/\/swforming.com\/wp-content\/uploads\/2023\/08\/H9a0e71c8427f41838cf2548ff284e8b3Q-300x136.jpg 300w, https:\/\/swforming.com\/wp-content\/uploads\/2023\/08\/H9a0e71c8427f41838cf2548ff284e8b3Q-1024x463.jpg 1024w, https:\/\/swforming.com\/wp-content\/uploads\/2023\/08\/H9a0e71c8427f41838cf2548ff284e8b3Q-768x348.jpg 768w, https:\/\/swforming.com\/wp-content\/uploads\/2023\/08\/H9a0e71c8427f41838cf2548ff284e8b3Q-1536x695.jpg 1536w, https:\/\/swforming.com\/wp-content\/uploads\/2023\/08\/H9a0e71c8427f41838cf2548ff284e8b3Q-18x8.jpg 18w\" sizes=\"(max-width: 1748px) 100vw, 1748px\" \/><\/p>\n<h3>Detalles de producto<\/h3>\n<p><img loading=\"lazy\" decoding=\"async\" class=\"alignnone size-full wp-image-3922\" src=\"https:\/\/swforming.com\/wp-content\/uploads\/2023\/08\/Q20230828161824.png\" alt=\"\" width=\"746\" height=\"1258\" title=\"\" srcset=\"https:\/\/swforming.com\/wp-content\/uploads\/2023\/08\/Q20230828161824.png 746w, https:\/\/swforming.com\/wp-content\/uploads\/2023\/08\/Q20230828161824-600x1012.png 600w, https:\/\/swforming.com\/wp-content\/uploads\/2023\/08\/Q20230828161824-178x300.png 178w, https:\/\/swforming.com\/wp-content\/uploads\/2023\/08\/Q20230828161824-607x1024.png 607w, https:\/\/swforming.com\/wp-content\/uploads\/2023\/08\/Q20230828161824-7x12.png 7w\" sizes=\"(max-width: 746px) 100vw, 746px\" \/><\/p>\n<h3>Parametros del producto<\/h3>\n<div style=\"overflow-x: auto;\">\n<table>\n<tbody>\n<tr>\n<td style=\"text-align: center;\" colspan=\"3\" rowspan=\"1\" data-sheets-value=\"{&quot;1&quot;:2,&quot;2&quot;:&quot;Rolling Shutter Slat Roll Forming Machine&quot;}\"><strong>M\u00e1quina formadora de rollos de listones de persianas enrollables<\/strong><\/td>\n<\/tr>\n<tr>\n<td colspan=\"1\" rowspan=\"3\" data-sheets-value=\"{&quot;1&quot;:2,&quot;2&quot;:&quot;Machinable Material&quot;}\">\n<div>Material mecanizable<\/div>\n<\/td>\n<td data-sheets-value=\"{&quot;1&quot;:2,&quot;2&quot;:&quot;A) Galvanized Steel&quot;}\">A) Acero Galvanizado<\/td>\n<td colspan=\"1\" rowspan=\"3\" data-sheets-value=\"{&quot;1&quot;:2,&quot;2&quot;:&quot;Thickness(MM): 0.6-1.5 mm Or According To Customer&quot;}\">\n<div>Grosor (MM): 0,6-1,5 mm o seg\u00fan el cliente<\/div>\n<\/td>\n<\/tr>\n<tr>\n<td data-sheets-value=\"{&quot;1&quot;:2,&quot;2&quot;:&quot;B) PPGI&quot;}\">B) PPGI<\/td>\n<\/tr>\n<tr>\n<td data-sheets-value=\"{&quot;1&quot;:2,&quot;2&quot;:&quot;C) Carbon Steel&quot;}\">c) acero al carbono<\/td>\n<\/tr>\n<tr>\n<td data-sheets-value=\"{&quot;1&quot;:2,&quot;2&quot;:&quot;Yield Strength&quot;}\">L\u00edmite el\u00e1stico<\/td>\n<td colspan=\"2\" rowspan=\"1\" data-sheets-value=\"{&quot;1&quot;:2,&quot;2&quot;:&quot;250 - 550 Mpa&quot;}\">250 \u2013 550 MPa<\/td>\n<\/tr>\n<tr>\n<td data-sheets-value=\"{&quot;1&quot;:2,&quot;2&quot;:&quot;Tensil Stress&quot;}\">Estr\u00e9s de tracci\u00f3n<\/td>\n<td colspan=\"2\" rowspan=\"1\" data-sheets-value=\"{&quot;1&quot;:2,&quot;2&quot;:&quot;G250 Mpa-G550 Mpa&quot;}\">G250 MPa-G550 MPa<\/td>\n<\/tr>\n<tr>\n<td data-sheets-value=\"{&quot;1&quot;:2,&quot;2&quot;:&quot;Slat Type&quot;}\">Tipo de list\u00f3n<\/td>\n<td colspan=\"2\" rowspan=\"1\" data-sheets-value=\"{&quot;1&quot;:2,&quot;2&quot;:&quot;Slat, With Slotted Holes, With Embossing, With PU&quot;}\">Con ranuras, Con relieve, Con PU<\/td>\n<\/tr>\n<tr>\n<td data-sheets-value=\"{&quot;1&quot;:2,&quot;2&quot;:&quot;Decoiler&quot;}\">desbobinador<\/td>\n<td colspan=\"2\" rowspan=\"1\" data-sheets-value=\"{&quot;1&quot;:2,&quot;2&quot;:&quot;Hydraulic Decoiler&quot;}\">Desenrollador hidr\u00e1ulico<\/td>\n<\/tr>\n<tr>\n<td data-sheets-value=\"{&quot;1&quot;:2,&quot;2&quot;:&quot;Punching System&quot;}\">Sistema de punzonado<\/td>\n<td colspan=\"2\" rowspan=\"1\" data-sheets-value=\"{&quot;1&quot;:2,&quot;2&quot;:&quot;Hydraulic Punching Station&quot;}\">Estaci\u00f3n de punzonado hidr\u00e1ulico<\/td>\n<\/tr>\n<tr>\n<td data-sheets-value=\"{&quot;1&quot;:2,&quot;2&quot;:&quot;Forming Station&quot;}\">Estaci\u00f3n de formaci\u00f3n<\/td>\n<td data-sheets-value=\"{&quot;1&quot;:2,&quot;2&quot;:&quot;About 10-16 Stations&quot;}\">Alrededor de 10-16 estaciones<\/td>\n<td data-sheets-value=\"{&quot;1&quot;:2,&quot;2&quot;:&quot;* According To Your Profile Drawings&quot;}\">* Seg\u00fan sus dibujos de perfil<\/td>\n<\/tr>\n<tr>\n<td data-sheets-value=\"{&quot;1&quot;:2,&quot;2&quot;:&quot;Driving System&quot;}\">Sistema de conducci\u00f3n<\/td>\n<td data-sheets-value=\"{&quot;1&quot;:2,&quot;2&quot;:&quot;Gearbox Drive&quot;}\">Unidad de caja de cambios<\/td>\n<td data-sheets-value=\"{&quot;1&quot;:2,&quot;2&quot;:&quot;Chain Drive&quot;}\">Transmisi\u00f3n por cadena<\/td>\n<\/tr>\n<tr>\n<td data-sheets-value=\"{&quot;1&quot;:2,&quot;2&quot;:&quot;Machine Structure&quot;}\">Estructura de la m\u00e1quina<\/td>\n<td data-sheets-value=\"{&quot;1&quot;:2,&quot;2&quot;:&quot;Forged Iron Station&quot;}\">Estaci\u00f3n de hierro forjado<\/td>\n<td data-sheets-value=\"{&quot;1&quot;:2,&quot;2&quot;:&quot;Wall Plated Steel&quot;}\">Acero chapado en pared<\/td>\n<\/tr>\n<tr>\n<td data-sheets-value=\"{&quot;1&quot;:2,&quot;2&quot;:&quot;Forming Speed&quot;}\">Velocidad de formaci\u00f3n<\/td>\n<td data-sheets-value=\"{&quot;1&quot;:2,&quot;2&quot;:&quot;0-20 (M\/MIN)&quot;}\">0-20 (M\/MIN)<\/td>\n<td data-sheets-value=\"{&quot;1&quot;:2,&quot;2&quot;:&quot;Not Including Cutting And Punching&quot;}\">No incluye corte y punzonado<\/td>\n<\/tr>\n<tr>\n<td data-sheets-value=\"{&quot;1&quot;:2,&quot;2&quot;:&quot;Rollers\u2019 Material&quot;}\">Material de los rodillos<\/td>\n<td data-sheets-value=\"{&quot;1&quot;:2,&quot;2&quot;:&quot;GCr 15&quot;}\">GCr 15<\/td>\n<td data-sheets-value=\"{&quot;1&quot;:2,&quot;2&quot;:&quot;* Cr12Mov (Optional)&quot;}\">* Cr12Mov (Opcional)<\/td>\n<\/tr>\n<tr>\n<td data-sheets-value=\"{&quot;1&quot;:2,&quot;2&quot;:&quot;Cutting System&quot;}\">Sistema de Corte<\/td>\n<td data-sheets-value=\"{&quot;1&quot;:2,&quot;2&quot;:&quot;Hydraulic Cutting&quot;}\">Corte hidr\u00e1ulico<\/td>\n<td data-sheets-value=\"{&quot;1&quot;:2,&quot;2&quot;:&quot;* Saw-cutting (Optional)&quot;}\">* Corte con sierra (opcional)<\/td>\n<\/tr>\n<tr>\n<td data-sheets-value=\"{&quot;1&quot;:2,&quot;2&quot;:&quot;Frequency Changer Brand&quot;}\">Marca de cambiador de frecuencia<\/td>\n<td data-sheets-value=\"{&quot;1&quot;:2,&quot;2&quot;:&quot;Yaskawa&quot;}\">Yaskawa<\/td>\n<td data-sheets-value=\"{&quot;1&quot;:2,&quot;2&quot;:&quot;* Siemens (Optional)&quot;}\">* Siemens (Opcional)<\/td>\n<\/tr>\n<tr>\n<td data-sheets-value=\"{&quot;1&quot;:2,&quot;2&quot;:&quot;PLC Brand&quot;}\">Marca PLC<\/td>\n<td data-sheets-value=\"{&quot;1&quot;:2,&quot;2&quot;:&quot;Panasonic&quot;}\">panasonic<\/td>\n<td data-sheets-value=\"{&quot;1&quot;:2,&quot;2&quot;:&quot;* Siemens (Optional)&quot;}\">* Siemens (Opcional)<\/td>\n<\/tr>\n<tr>\n<td data-sheets-value=\"{&quot;1&quot;:2,&quot;2&quot;:&quot;Power Supply&quot;}\">Fuente de alimentaci\u00f3n<\/td>\n<td data-sheets-value=\"{&quot;1&quot;:2,&quot;2&quot;:&quot;380V 50Hz 3ph&quot;}\">380V 50Hz trif\u00e1sico<\/td>\n<td data-sheets-value=\"{&quot;1&quot;:2,&quot;2&quot;:&quot;* Or According To Your Requirment&quot;}\">* O seg\u00fan su requisito<\/td>\n<\/tr>\n<tr>\n<td data-sheets-value=\"{&quot;1&quot;:2,&quot;2&quot;:&quot;Machine Color&quot;}\">Color de la m\u00e1quina<\/td>\n<td data-sheets-value=\"{&quot;1&quot;:2,&quot;2&quot;:&quot;Industrial Blue&quot;}\">azul industrial<\/td>\n<td data-sheets-value=\"{&quot;1&quot;:2,&quot;2&quot;:&quot;* Or According To Your Requirment&quot;}\">* O seg\u00fan su requisito<\/td>\n<\/tr>\n<\/tbody>\n<\/table>\n<\/div>\n<h3>Solicitud<\/h3>\n<p><img loading=\"lazy\" decoding=\"async\" class=\"alignnone size-full wp-image-3923\" src=\"https:\/\/swforming.com\/wp-content\/uploads\/2023\/08\/230828162257.png\" alt=\"\" width=\"749\" height=\"452\" title=\"\" srcset=\"https:\/\/swforming.com\/wp-content\/uploads\/2023\/08\/230828162257.png 749w, https:\/\/swforming.com\/wp-content\/uploads\/2023\/08\/230828162257-600x362.png 600w, https:\/\/swforming.com\/wp-content\/uploads\/2023\/08\/230828162257-300x181.png 300w, https:\/\/swforming.com\/wp-content\/uploads\/2023\/08\/230828162257-18x12.png 18w\" sizes=\"(max-width: 749px) 100vw, 749px\" \/><\/p>","protected":false},"excerpt":{"rendered":"<p>La maquina perfiladora de lama de persiana enrollable es para hacer lama de persiana enrollable que se utiliza com\u00fanmente para puertas de garaje, persiana de mostrador comercial, puerta cortafuegos comercial, industrial, oficina p\u00fablica, quioscos, pabellones, ventanas, etc. El material de acero mecanizable puede ser acero galvanizado, acero inoxidable (304 y 316), aluminio, Ral, etc. El rango de espesor del acero puede ser Gauge 16, Gauge 18, Gauge 20, Gauge 22, Gauge 24, que es ampliamente utilizado en Am\u00e9rica, o puede ser 0.6-1.5mm en el mercado internacional.<\/p>","protected":false},"featured_media":3926,"comment_status":"closed","ping_status":"closed","template":"","meta":{"_acf_changed":false},"product_brand":[],"product_cat":[31,98],"product_tag":[],"class_list":{"0":"post-3917","1":"product","2":"type-product","3":"status-publish","4":"has-post-thumbnail","6":"product_cat-door-windows","7":"product_cat-rolling-shutter-slat-roll-forming-machine","9":"first","10":"instock","11":"shipping-taxable","12":"product-type-simple"},"acf":[],"_links":{"self":[{"href":"https:\/\/swforming.com\/es\/wp-json\/wp\/v2\/product\/3917","targetHints":{"allow":["GET"]}}],"collection":[{"href":"https:\/\/swforming.com\/es\/wp-json\/wp\/v2\/product"}],"about":[{"href":"https:\/\/swforming.com\/es\/wp-json\/wp\/v2\/types\/product"}],"replies":[{"embeddable":true,"href":"https:\/\/swforming.com\/es\/wp-json\/wp\/v2\/comments?post=3917"}],"version-history":[{"count":2,"href":"https:\/\/swforming.com\/es\/wp-json\/wp\/v2\/product\/3917\/revisions"}],"predecessor-version":[{"id":3925,"href":"https:\/\/swforming.com\/es\/wp-json\/wp\/v2\/product\/3917\/revisions\/3925"}],"wp:featuredmedia":[{"embeddable":true,"href":"https:\/\/swforming.com\/es\/wp-json\/wp\/v2\/media\/3926"}],"wp:attachment":[{"href":"https:\/\/swforming.com\/es\/wp-json\/wp\/v2\/media?parent=3917"}],"wp:term":[{"taxonomy":"product_brand","embeddable":true,"href":"https:\/\/swforming.com\/es\/wp-json\/wp\/v2\/product_brand?post=3917"},{"taxonomy":"product_cat","embeddable":true,"href":"https:\/\/swforming.com\/es\/wp-json\/wp\/v2\/product_cat?post=3917"},{"taxonomy":"product_tag","embeddable":true,"href":"https:\/\/swforming.com\/es\/wp-json\/wp\/v2\/product_tag?post=3917"}],"curies":[{"name":"wp","href":"https:\/\/api.w.org\/{rel}","templated":true}]}}