{"id":3888,"date":"2023-08-21T08:05:48","date_gmt":"2023-08-21T08:05:48","guid":{"rendered":"https:\/\/swforming.com\/?post_type=product&#038;p=3888"},"modified":"2023-08-21T08:05:54","modified_gmt":"2023-08-21T08:05:54","slug":"highway-guardrail-end-terminal-forming-machine","status":"publish","type":"product","link":"https:\/\/swforming.com\/es\/product\/highway-guardrail-end-terminal-forming-machine\/","title":{"rendered":"M\u00e1quina para fabricar terminales de barandillas de carretera"},"content":{"rendered":"<p><img fetchpriority=\"high\" decoding=\"async\" class=\"alignnone size-full wp-image-3896\" src=\"https:\/\/swforming.com\/wp-content\/uploads\/2023\/08\/H9497aa20cfb441cf8ace6207841e8b34g.jpg\" alt=\"\" width=\"750\" height=\"979\" title=\"\" srcset=\"https:\/\/swforming.com\/wp-content\/uploads\/2023\/08\/H9497aa20cfb441cf8ace6207841e8b34g.jpg 750w, https:\/\/swforming.com\/wp-content\/uploads\/2023\/08\/H9497aa20cfb441cf8ace6207841e8b34g-600x783.jpg 600w, https:\/\/swforming.com\/wp-content\/uploads\/2023\/08\/H9497aa20cfb441cf8ace6207841e8b34g-230x300.jpg 230w, https:\/\/swforming.com\/wp-content\/uploads\/2023\/08\/H9497aa20cfb441cf8ace6207841e8b34g-9x12.jpg 9w\" sizes=\"(max-width: 750px) 100vw, 750px\" \/><\/p>\n<p><b>L\u00ednea de punzonado de terminales de barandilla de carretera<\/b> Los terminales de los guardarra\u00edles est\u00e1n dise\u00f1ados para reducir los da\u00f1os al veh\u00edculo y proteger la vida de sus ocupantes. Los terminales deben instalarse en cada abertura o al final de un tramo de carretera. De acuerdo con las diferentes direcciones de conducci\u00f3n, el terminal de barandilla tiene dos tipos de extremo de anclaje aguas arriba y extremo redondo aguas abajo.  El extremo de cola de pez es un terminal com\u00fan con el est\u00e1ndar AASHTO M180, es famoso en Oriente Medio, Europa y los pa\u00edses americanos.  El espesor normal es de alrededor de 4 mm. As\u00ed que adoptamos soportes de hierro forjado y caja de cambios de conducci\u00f3n para asegurarse de que esta m\u00e1quina puede trabajar mucho tiempo en una situaci\u00f3n estable en los pr\u00f3ximos 20 a\u00f1os. La velocidad de perforaci\u00f3n puede llegar hasta 70 veces\/minuto.<\/p>\n<p><b>Desenrollador hidr\u00e1ulico-Nivelador-Servoalimentador-Punzonadora-Caja colectora<\/b> El terminal de cola de pez, como su nombre indica, es un tipo de extremo de barandilla con forma de cola de pez, que proporciona una terminaci\u00f3n poco profunda para las vallas de barandilla de acero para carreteras a lo largo del flujo de tr\u00e1fico a baja velocidad. El terminal de cola de pez est\u00e1 disponible tanto para sistemas de barandillas de vigas en W como de vigas en thrie y es ideal para barandillas dobles y pasarelas. Los terminales de cola de pez (tratamiento de los extremos) son f\u00e1ciles de instalar y pueden modificarse para instalaciones personalizadas. Hacemos diferentes soluciones de acuerdo con el dibujo, la tolerancia y el presupuesto de los clientes, ofreciendo un servicio profesional personalizado, adaptable a todas sus necesidades. Sea cual sea la l\u00ednea que elija, la calidad de SUNWAY Machinery le garantizar\u00e1 la obtenci\u00f3n de perfiles perfectamente funcionales.<\/p>\n<h3>Dibujos de perfil<\/h3>\n<p><img decoding=\"async\" class=\"alignnone size-full wp-image-3897\" src=\"https:\/\/swforming.com\/wp-content\/uploads\/2023\/08\/Hd8238265cf83406c8d610c04a0236415e.jpg\" alt=\"\" width=\"1748\" height=\"1782\" title=\"\" srcset=\"https:\/\/swforming.com\/wp-content\/uploads\/2023\/08\/Hd8238265cf83406c8d610c04a0236415e.jpg 1748w, https:\/\/swforming.com\/wp-content\/uploads\/2023\/08\/Hd8238265cf83406c8d610c04a0236415e-600x612.jpg 600w, https:\/\/swforming.com\/wp-content\/uploads\/2023\/08\/Hd8238265cf83406c8d610c04a0236415e-294x300.jpg 294w, https:\/\/swforming.com\/wp-content\/uploads\/2023\/08\/Hd8238265cf83406c8d610c04a0236415e-1004x1024.jpg 1004w, https:\/\/swforming.com\/wp-content\/uploads\/2023\/08\/Hd8238265cf83406c8d610c04a0236415e-768x783.jpg 768w, https:\/\/swforming.com\/wp-content\/uploads\/2023\/08\/Hd8238265cf83406c8d610c04a0236415e-1507x1536.jpg 1507w, https:\/\/swforming.com\/wp-content\/uploads\/2023\/08\/Hd8238265cf83406c8d610c04a0236415e-12x12.jpg 12w\" sizes=\"(max-width: 1748px) 100vw, 1748px\" \/><\/p>\n<h3>L\u00ednea de producci\u00f3n<\/h3>\n<p><img decoding=\"async\" class=\"alignnone size-full wp-image-3898\" src=\"https:\/\/swforming.com\/wp-content\/uploads\/2023\/08\/H71e2fe7da20749c5821f8417a804a51dr.jpg\" alt=\"\" width=\"1748\" height=\"791\" title=\"\" srcset=\"https:\/\/swforming.com\/wp-content\/uploads\/2023\/08\/H71e2fe7da20749c5821f8417a804a51dr.jpg 1748w, https:\/\/swforming.com\/wp-content\/uploads\/2023\/08\/H71e2fe7da20749c5821f8417a804a51dr-600x272.jpg 600w, https:\/\/swforming.com\/wp-content\/uploads\/2023\/08\/H71e2fe7da20749c5821f8417a804a51dr-300x136.jpg 300w, https:\/\/swforming.com\/wp-content\/uploads\/2023\/08\/H71e2fe7da20749c5821f8417a804a51dr-1024x463.jpg 1024w, https:\/\/swforming.com\/wp-content\/uploads\/2023\/08\/H71e2fe7da20749c5821f8417a804a51dr-768x348.jpg 768w, https:\/\/swforming.com\/wp-content\/uploads\/2023\/08\/H71e2fe7da20749c5821f8417a804a51dr-1536x695.jpg 1536w, https:\/\/swforming.com\/wp-content\/uploads\/2023\/08\/H71e2fe7da20749c5821f8417a804a51dr-18x8.jpg 18w\" sizes=\"(max-width: 1748px) 100vw, 1748px\" \/><\/p>\n<h3>Detalles de producto<\/h3>\n<p><img loading=\"lazy\" decoding=\"async\" class=\"alignnone size-full wp-image-3899\" src=\"https:\/\/swforming.com\/wp-content\/uploads\/2023\/08\/30821155655.png\" alt=\"\" width=\"750\" height=\"218\" title=\"\" srcset=\"https:\/\/swforming.com\/wp-content\/uploads\/2023\/08\/30821155655.png 750w, https:\/\/swforming.com\/wp-content\/uploads\/2023\/08\/30821155655-600x174.png 600w, https:\/\/swforming.com\/wp-content\/uploads\/2023\/08\/30821155655-300x87.png 300w, https:\/\/swforming.com\/wp-content\/uploads\/2023\/08\/30821155655-18x5.png 18w\" sizes=\"(max-width: 750px) 100vw, 750px\" \/><\/p>\n<h3>Parametros del producto<\/h3>\n<div style=\"overflow-x: auto;\">\n<table>\n<tbody>\n<tr>\n<td style=\"text-align: center;\" colspan=\"3\" rowspan=\"1\" data-sheets-value=\"{&quot;1&quot;:2,&quot;2&quot;:&quot;Highway Guardrail End Terminals Punching Line&quot;}\"><strong>L\u00ednea de punzonado de terminales de barandilla de carretera<\/strong><\/td>\n<\/tr>\n<tr>\n<td colspan=\"1\" rowspan=\"2\" data-sheets-value=\"{&quot;1&quot;:2,&quot;2&quot;:&quot;Machinable Material&quot;}\">\n<div>Material mecanizable<\/div>\n<\/td>\n<td data-sheets-value=\"{&quot;1&quot;:2,&quot;2&quot;:&quot;A) Galvanized Steel&quot;}\">A) Acero Galvanizado<\/td>\n<td colspan=\"1\" rowspan=\"2\" data-sheets-value=\"{&quot;1&quot;:2,&quot;2&quot;:&quot;Thickness(MM): 3-6 mm Or According To Customer&quot;}\">\n<div>Grosor (MM): 3-6 mm o seg\u00fan el cliente<\/div>\n<\/td>\n<\/tr>\n<tr>\n<td data-sheets-value=\"{&quot;1&quot;:2,&quot;2&quot;:&quot;B) Carbon Steel&quot;}\">B) Acero al carbono<\/td>\n<\/tr>\n<tr>\n<td data-sheets-value=\"{&quot;1&quot;:2,&quot;2&quot;:&quot;Yield Strength&quot;}\">L\u00edmite el\u00e1stico<\/td>\n<td colspan=\"2\" rowspan=\"1\" data-sheets-value=\"{&quot;1&quot;:2,&quot;2&quot;:&quot;250 - 550 Mpa&quot;}\">250 \u2013 550 MPa<\/td>\n<\/tr>\n<tr>\n<td data-sheets-value=\"{&quot;1&quot;:2,&quot;2&quot;:&quot;Tensil Stress&quot;}\">Estr\u00e9s de tracci\u00f3n<\/td>\n<td colspan=\"2\" rowspan=\"1\" data-sheets-value=\"{&quot;1&quot;:2,&quot;2&quot;:&quot;G250 Mpa-G550 Mpa&quot;}\">G250 MPa-G550 MPa<\/td>\n<\/tr>\n<tr>\n<td data-sheets-value=\"{&quot;1&quot;:2,&quot;2&quot;:&quot;Guard Rail Type&quot;}\">Tipo de barandilla<\/td>\n<td colspan=\"2\" rowspan=\"1\" data-sheets-value=\"{&quot;1&quot;:2,&quot;2&quot;:&quot;2 Waves Or 3 Waves&quot;}\">2 Olas O 3 Olas<\/td>\n<\/tr>\n<tr>\n<td data-sheets-value=\"{&quot;1&quot;:2,&quot;2&quot;:&quot;Decoiler&quot;}\">desbobinador<\/td>\n<td colspan=\"2\" rowspan=\"1\" data-sheets-value=\"{&quot;1&quot;:2,&quot;2&quot;:&quot;Hydraulilc Decoiler&quot;}\">Desenrollador hidr\u00e1ulico<\/td>\n<\/tr>\n<tr>\n<td data-sheets-value=\"{&quot;1&quot;:2,&quot;2&quot;:&quot;Leveller&quot;}\">Nivelador<\/td>\n<td colspan=\"2\" rowspan=\"1\" data-sheets-value=\"{&quot;1&quot;:2,&quot;2&quot;:&quot;Levelling Rollers&quot;}\">Rodillos niveladores<\/td>\n<\/tr>\n<tr>\n<td data-sheets-value=\"{&quot;1&quot;:2,&quot;2&quot;:&quot;Feeder&quot;}\">Alimentador<\/td>\n<td colspan=\"2\" rowspan=\"1\" data-sheets-value=\"{&quot;1&quot;:2,&quot;2&quot;:&quot;Servo Feeder&quot;}\">Servoalimentador<\/td>\n<\/tr>\n<tr>\n<td data-sheets-value=\"{&quot;1&quot;:2,&quot;2&quot;:&quot;Punching System&quot;}\">Sistema de punzonado<\/td>\n<td colspan=\"2\" rowspan=\"1\" data-sheets-value=\"{&quot;1&quot;:2,&quot;2&quot;:&quot;Press Machine With Mould&quot;}\">M\u00e1quina de prensado con molde<\/td>\n<\/tr>\n<tr>\n<td data-sheets-value=\"{&quot;1&quot;:2,&quot;2&quot;:&quot;Power Supply&quot;}\">Fuente de alimentaci\u00f3n<\/td>\n<td data-sheets-value=\"{&quot;1&quot;:2,&quot;2&quot;:&quot;380V 50Hz 3ph&quot;}\">380V 50Hz trif\u00e1sico<\/td>\n<td data-sheets-value=\"{&quot;1&quot;:2,&quot;2&quot;:&quot;* Or According To Your Requirment&quot;}\">* O seg\u00fan su requisito<\/td>\n<\/tr>\n<tr>\n<td data-sheets-value=\"{&quot;1&quot;:2,&quot;2&quot;:&quot;Machine Color&quot;}\">Color de la m\u00e1quina<\/td>\n<td data-sheets-value=\"{&quot;1&quot;:2,&quot;2&quot;:&quot;Industrial Blue&quot;}\">azul industrial<\/td>\n<td data-sheets-value=\"{&quot;1&quot;:2,&quot;2&quot;:&quot;* Or According To Your Requirment&quot;}\">* O seg\u00fan su requisito<\/td>\n<\/tr>\n<\/tbody>\n<\/table>\n<\/div>\n<h3>Solicitud<\/h3>\n<p><img loading=\"lazy\" decoding=\"async\" class=\"alignnone size-full wp-image-3902\" src=\"https:\/\/swforming.com\/wp-content\/uploads\/2023\/08\/30821160236.png\" alt=\"\" width=\"750\" height=\"453\" title=\"\" srcset=\"https:\/\/swforming.com\/wp-content\/uploads\/2023\/08\/30821160236.png 750w, https:\/\/swforming.com\/wp-content\/uploads\/2023\/08\/30821160236-600x362.png 600w, https:\/\/swforming.com\/wp-content\/uploads\/2023\/08\/30821160236-300x181.png 300w, https:\/\/swforming.com\/wp-content\/uploads\/2023\/08\/30821160236-18x12.png 18w\" sizes=\"(max-width: 750px) 100vw, 750px\" \/><\/p>","protected":false},"excerpt":{"rendered":"<p>Las m\u00e1quinas perfiladoras de terminales de barandilla de carretera est\u00e1n dise\u00f1adas para reducir los da\u00f1os al veh\u00edculo y proteger la vida de sus ocupantes. Es necesario instalar terminales en cada abertura o al final de un tramo de carretera. Seg\u00fan las diferentes direcciones de conducci\u00f3n, el terminal de barandilla tiene dos tipos de extremo de anclaje aguas arriba y extremo redondo aguas abajo.  El extremo de cola de pez es un terminal com\u00fan con el est\u00e1ndar AASHTO M180, es famoso en Oriente Medio, Europa y los pa\u00edses americanos.  El espesor normal es de alrededor de 4 mm. As\u00ed que adoptamos soportes de hierro forjado y caja de cambios de conducci\u00f3n para asegurarse de que esta m\u00e1quina puede trabajar mucho tiempo en una situaci\u00f3n estable en los pr\u00f3ximos 20 a\u00f1os. La velocidad de perforaci\u00f3n puede llegar hasta 70 veces\/minuto.<\/p>","protected":false},"featured_media":3890,"comment_status":"closed","ping_status":"closed","template":"","meta":{"_acf_changed":false},"product_brand":[],"product_cat":[37,91],"product_tag":[],"class_list":{"0":"post-3888","1":"product","2":"type-product","3":"status-publish","4":"has-post-thumbnail","6":"product_cat-highway-engineering-vehicle","7":"product_cat-highway-guardrail-end-terminal-machine","9":"first","10":"instock","11":"shipping-taxable","12":"product-type-simple"},"acf":[],"_links":{"self":[{"href":"https:\/\/swforming.com\/es\/wp-json\/wp\/v2\/product\/3888","targetHints":{"allow":["GET"]}}],"collection":[{"href":"https:\/\/swforming.com\/es\/wp-json\/wp\/v2\/product"}],"about":[{"href":"https:\/\/swforming.com\/es\/wp-json\/wp\/v2\/types\/product"}],"replies":[{"embeddable":true,"href":"https:\/\/swforming.com\/es\/wp-json\/wp\/v2\/comments?post=3888"}],"version-history":[{"count":1,"href":"https:\/\/swforming.com\/es\/wp-json\/wp\/v2\/product\/3888\/revisions"}],"predecessor-version":[{"id":3903,"href":"https:\/\/swforming.com\/es\/wp-json\/wp\/v2\/product\/3888\/revisions\/3903"}],"wp:featuredmedia":[{"embeddable":true,"href":"https:\/\/swforming.com\/es\/wp-json\/wp\/v2\/media\/3890"}],"wp:attachment":[{"href":"https:\/\/swforming.com\/es\/wp-json\/wp\/v2\/media?parent=3888"}],"wp:term":[{"taxonomy":"product_brand","embeddable":true,"href":"https:\/\/swforming.com\/es\/wp-json\/wp\/v2\/product_brand?post=3888"},{"taxonomy":"product_cat","embeddable":true,"href":"https:\/\/swforming.com\/es\/wp-json\/wp\/v2\/product_cat?post=3888"},{"taxonomy":"product_tag","embeddable":true,"href":"https:\/\/swforming.com\/es\/wp-json\/wp\/v2\/product_tag?post=3888"}],"curies":[{"name":"wp","href":"https:\/\/api.w.org\/{rel}","templated":true}]}}