{"id":3854,"date":"2023-08-14T08:58:08","date_gmt":"2023-08-14T08:58:08","guid":{"rendered":"https:\/\/swforming.com\/?post_type=product&#038;p=3854"},"modified":"2023-11-08T02:47:29","modified_gmt":"2023-11-08T02:47:29","slug":"highway-u-c-post-roll-forming-machine","status":"publish","type":"product","link":"https:\/\/swforming.com\/es\/product\/highway-u-c-post-roll-forming-machine\/","title":{"rendered":"M\u00e1quina Perfiladora de Postes U\/C de Carretera"},"content":{"rendered":"<p><img fetchpriority=\"high\" decoding=\"async\" class=\"alignnone size-full wp-image-3861\" src=\"https:\/\/swforming.com\/wp-content\/uploads\/2023\/08\/Haa342d4cd08f49febed9f24df749b086W.jpg\" alt=\"\" width=\"750\" height=\"979\" title=\"\" srcset=\"https:\/\/swforming.com\/wp-content\/uploads\/2023\/08\/Haa342d4cd08f49febed9f24df749b086W.jpg 750w, https:\/\/swforming.com\/wp-content\/uploads\/2023\/08\/Haa342d4cd08f49febed9f24df749b086W-600x783.jpg 600w, https:\/\/swforming.com\/wp-content\/uploads\/2023\/08\/Haa342d4cd08f49febed9f24df749b086W-230x300.jpg 230w, https:\/\/swforming.com\/wp-content\/uploads\/2023\/08\/Haa342d4cd08f49febed9f24df749b086W-9x12.jpg 9w\" sizes=\"(max-width: 750px) 100vw, 750px\" \/><\/p>\n<p>La M\u00e1quina Perfiladora de Postes U\/C de Carretera se utiliza para producir postes de barrera C o postes U y el espesor normalmente de 3-6mm.<\/p>\n<p>El poste de barrera C o poste U como soporte de la barrera de seguridad de viga y normalmente determina el rendimiento de la barrera de seguridad durante la colisi\u00f3n. Una instalaci\u00f3n adecuada del poste de barrera maximizar\u00e1 el rendimiento de la barrera. El poste de barrera tiene una larga vida \u00fatil y la superficie suele estar galvanizada en caliente o recubierta por pulverizaci\u00f3n para proporcionar resistencia a la oxidaci\u00f3n y la corrosi\u00f3n.<\/p>\n<p>El poste de acero C tanto con y sin bridas, que se diferencian de acuerdo a su aplicaci\u00f3n prevista. Por lo general, los pilares sin bridas se fijan sobre todo al suelo blando mediante los pilares. Pero si desea fijarlo en un pavimento de hormig\u00f3n, el pilar con placa de acero es la mejor opci\u00f3n para su instalaci\u00f3n: s\u00f3lo tiene que utilizar pernos largos para fijar el pilar en la posici\u00f3n que desee.<\/p>\n<p>Las barandillas de carretera proporcionan una barrera visual y f\u00edsica entre el tr\u00e1fico y las zonas de trabajo. Se utilizan para la protecci\u00f3n contra accidentes debidos a carretillas elevadoras u otros equipos m\u00f3viles en zonas de muelles, pasillos, alrededor de equipos especiales. Reducen los costosos da\u00f1os a los equipos y al inventario. Normalmente en el proyecto de barandillas de carretera, habr\u00eda tales m\u00e1quinas: m\u00e1quina perfiladora de barandillas de dos\/tres ondas, m\u00e1quina perfiladora de postes en U o C, l\u00ednea de punzonado de conexiones, l\u00ednea de punzonado de terminales.<\/p>\n<p>Realizamos diferentes soluciones seg\u00fan el dibujo, la tolerancia y el presupuesto del cliente, ofreciendo un servicio profesional personalizado, adaptable a todas sus necesidades. Sea cual sea la l\u00ednea que elija, la calidad de SUNWAY Machinery le garantizar\u00e1 la obtenci\u00f3n de perfiles perfectamente funcionales.<\/p>\n<h3>Dibujos de perfil<\/h3>\n<p><img decoding=\"async\" class=\"alignnone size-full wp-image-3862\" src=\"https:\/\/swforming.com\/wp-content\/uploads\/2023\/08\/H0089c9d680024b9db7985b8b8284272d9.jpg\" alt=\"\" width=\"1748\" height=\"2113\" title=\"\" srcset=\"https:\/\/swforming.com\/wp-content\/uploads\/2023\/08\/H0089c9d680024b9db7985b8b8284272d9.jpg 1748w, https:\/\/swforming.com\/wp-content\/uploads\/2023\/08\/H0089c9d680024b9db7985b8b8284272d9-600x725.jpg 600w, https:\/\/swforming.com\/wp-content\/uploads\/2023\/08\/H0089c9d680024b9db7985b8b8284272d9-248x300.jpg 248w, https:\/\/swforming.com\/wp-content\/uploads\/2023\/08\/H0089c9d680024b9db7985b8b8284272d9-847x1024.jpg 847w, https:\/\/swforming.com\/wp-content\/uploads\/2023\/08\/H0089c9d680024b9db7985b8b8284272d9-768x928.jpg 768w, https:\/\/swforming.com\/wp-content\/uploads\/2023\/08\/H0089c9d680024b9db7985b8b8284272d9-1271x1536.jpg 1271w, https:\/\/swforming.com\/wp-content\/uploads\/2023\/08\/H0089c9d680024b9db7985b8b8284272d9-1694x2048.jpg 1694w, https:\/\/swforming.com\/wp-content\/uploads\/2023\/08\/H0089c9d680024b9db7985b8b8284272d9-10x12.jpg 10w\" sizes=\"(max-width: 1748px) 100vw, 1748px\" \/> <img decoding=\"async\" class=\"alignnone size-full wp-image-3863\" src=\"https:\/\/swforming.com\/wp-content\/uploads\/2023\/08\/20230814164843.png\" alt=\"\" width=\"750\" height=\"181\" title=\"\" srcset=\"https:\/\/swforming.com\/wp-content\/uploads\/2023\/08\/20230814164843.png 750w, https:\/\/swforming.com\/wp-content\/uploads\/2023\/08\/20230814164843-600x145.png 600w, https:\/\/swforming.com\/wp-content\/uploads\/2023\/08\/20230814164843-300x72.png 300w, https:\/\/swforming.com\/wp-content\/uploads\/2023\/08\/20230814164843-18x4.png 18w\" sizes=\"(max-width: 750px) 100vw, 750px\" \/><\/p>\n<h3>L\u00ednea de producci\u00f3n<\/h3>\n<p><img loading=\"lazy\" decoding=\"async\" class=\"alignnone size-full wp-image-3864\" src=\"https:\/\/swforming.com\/wp-content\/uploads\/2023\/08\/Hb57caa24c9954539876697b0f071b0d55-1.jpg\" alt=\"\" width=\"1748\" height=\"1007\" title=\"\" srcset=\"https:\/\/swforming.com\/wp-content\/uploads\/2023\/08\/Hb57caa24c9954539876697b0f071b0d55-1.jpg 1748w, https:\/\/swforming.com\/wp-content\/uploads\/2023\/08\/Hb57caa24c9954539876697b0f071b0d55-1-600x346.jpg 600w, https:\/\/swforming.com\/wp-content\/uploads\/2023\/08\/Hb57caa24c9954539876697b0f071b0d55-1-300x173.jpg 300w, https:\/\/swforming.com\/wp-content\/uploads\/2023\/08\/Hb57caa24c9954539876697b0f071b0d55-1-1024x590.jpg 1024w, https:\/\/swforming.com\/wp-content\/uploads\/2023\/08\/Hb57caa24c9954539876697b0f071b0d55-1-768x442.jpg 768w, https:\/\/swforming.com\/wp-content\/uploads\/2023\/08\/Hb57caa24c9954539876697b0f071b0d55-1-1536x885.jpg 1536w, https:\/\/swforming.com\/wp-content\/uploads\/2023\/08\/Hb57caa24c9954539876697b0f071b0d55-1-18x10.jpg 18w\" sizes=\"(max-width: 1748px) 100vw, 1748px\" \/><\/p>\n<h3>Detalles de producto<\/h3>\n<p><img loading=\"lazy\" decoding=\"async\" class=\"alignnone size-full wp-image-3865\" src=\"https:\/\/swforming.com\/wp-content\/uploads\/2023\/08\/0230814165100.png\" alt=\"\" width=\"750\" height=\"946\" title=\"\" srcset=\"https:\/\/swforming.com\/wp-content\/uploads\/2023\/08\/0230814165100.png 750w, https:\/\/swforming.com\/wp-content\/uploads\/2023\/08\/0230814165100-600x757.png 600w, https:\/\/swforming.com\/wp-content\/uploads\/2023\/08\/0230814165100-238x300.png 238w, https:\/\/swforming.com\/wp-content\/uploads\/2023\/08\/0230814165100-10x12.png 10w\" sizes=\"(max-width: 750px) 100vw, 750px\" \/><\/p>\n<h3>Parametros del producto<\/h3>\n<div style=\"overflow-x: auto;\">\n<table>\n<tbody>\n<tr>\n<td style=\"text-align: center;\" colspan=\"3\" rowspan=\"1\" data-sheets-value=\"{&quot;1&quot;:2,&quot;2&quot;:&quot;Highway U\/C Post Roll Forming Machine&quot;}\"><strong>M\u00e1quina Perfiladora de Postes U\/C de Carretera<\/strong><\/td>\n<\/tr>\n<tr>\n<td colspan=\"1\" rowspan=\"3\" data-sheets-value=\"{&quot;1&quot;:2,&quot;2&quot;:&quot;Machinable Material&quot;}\">\n<div>Material mecanizable<\/div>\n<\/td>\n<td data-sheets-value=\"{&quot;1&quot;:2,&quot;2&quot;:&quot;A) Galvanized Steel&quot;}\">A) Acero Galvanizado<\/td>\n<td colspan=\"1\" rowspan=\"3\" data-sheets-value=\"{&quot;1&quot;:2,&quot;2&quot;:&quot;Thickness(MM): 3.0-6.0 mm Or According To Customer&quot;}\">\n<div>Espesor (MM): 3,0-6,0 mm o seg\u00fan el cliente<\/div>\n<\/td>\n<\/tr>\n<tr>\n<td data-sheets-value=\"{&quot;1&quot;:2,&quot;2&quot;:&quot;B) PPGI&quot;}\">B) PPGI<\/td>\n<\/tr>\n<tr>\n<td data-sheets-value=\"{&quot;1&quot;:2,&quot;2&quot;:&quot;C) Carbon Steel&quot;}\">c) acero al carbono<\/td>\n<\/tr>\n<tr>\n<td data-sheets-value=\"{&quot;1&quot;:2,&quot;2&quot;:&quot;Yield Strength&quot;}\">L\u00edmite el\u00e1stico<\/td>\n<td colspan=\"2\" rowspan=\"1\" data-sheets-value=\"{&quot;1&quot;:2,&quot;2&quot;:&quot;250 - 550 Mpa&quot;}\">250 \u2013 550 MPa<\/td>\n<\/tr>\n<tr>\n<td data-sheets-value=\"{&quot;1&quot;:2,&quot;2&quot;:&quot;Tensil Stress&quot;}\">Estr\u00e9s de tracci\u00f3n<\/td>\n<td colspan=\"2\" rowspan=\"1\" data-sheets-value=\"{&quot;1&quot;:2,&quot;2&quot;:&quot;G250 Mpa-G550 Mpa&quot;}\">G250 MPa-G550 MPa<\/td>\n<\/tr>\n<tr>\n<td data-sheets-value=\"{&quot;1&quot;:2,&quot;2&quot;:&quot;Type&quot;}\">Tipo<\/td>\n<td colspan=\"2\" rowspan=\"1\" data-sheets-value=\"{&quot;1&quot;:2,&quot;2&quot;:&quot;C Post, U post, M Post, Sigma Post, etc&quot;}\">Correo C, Correo U, Correo M, Correo Sigma, etc.<\/td>\n<\/tr>\n<tr>\n<td data-sheets-value=\"{&quot;1&quot;:2,&quot;2&quot;:&quot;Decoiler&quot;}\">desbobinador<\/td>\n<td colspan=\"2\" rowspan=\"1\" data-sheets-value=\"{&quot;1&quot;:2,&quot;2&quot;:&quot;Hydraulilc Decoiler&quot;}\">Desenrollador hidr\u00e1ulico<\/td>\n<\/tr>\n<tr>\n<td data-sheets-value=\"{&quot;1&quot;:2,&quot;2&quot;:&quot;Punching System&quot;}\">Sistema de punzonado<\/td>\n<td colspan=\"2\" rowspan=\"1\" data-sheets-value=\"{&quot;1&quot;:2,&quot;2&quot;:&quot;Hydraulic Punching Station&quot;}\">Estaci\u00f3n de punzonado hidr\u00e1ulico<\/td>\n<\/tr>\n<tr>\n<td data-sheets-value=\"{&quot;1&quot;:2,&quot;2&quot;:&quot;Forming Station&quot;}\">Estaci\u00f3n de formaci\u00f3n<\/td>\n<td data-sheets-value=\"{&quot;1&quot;:2,&quot;2&quot;:&quot;About 12 - 16 Stations&quot;}\">Alrededor de 12 - 16 estaciones<\/td>\n<td data-sheets-value=\"{&quot;1&quot;:2,&quot;2&quot;:&quot;* According To Your Profile Drawings&quot;}\">* Seg\u00fan sus dibujos de perfil<\/td>\n<\/tr>\n<tr>\n<td data-sheets-value=\"{&quot;1&quot;:2,&quot;2&quot;:&quot;Driving System&quot;}\">Sistema de conducci\u00f3n<\/td>\n<td colspan=\"2\" rowspan=\"1\" data-sheets-value=\"{&quot;1&quot;:2,&quot;2&quot;:&quot;Gearbox Drive&quot;}\">Unidad de caja de cambios<\/td>\n<\/tr>\n<tr>\n<td data-sheets-value=\"{&quot;1&quot;:2,&quot;2&quot;:&quot;Machine Structure&quot;}\">Estructura de la m\u00e1quina<\/td>\n<td colspan=\"2\" rowspan=\"1\" data-sheets-value=\"{&quot;1&quot;:2,&quot;2&quot;:&quot;Forged Iron Station&quot;}\">Estaci\u00f3n de hierro forjado<\/td>\n<\/tr>\n<tr>\n<td data-sheets-value=\"{&quot;1&quot;:2,&quot;2&quot;:&quot;Forming Speed&quot;}\">Velocidad de formaci\u00f3n<\/td>\n<td data-sheets-value=\"{&quot;1&quot;:2,&quot;2&quot;:&quot;0-20 (M\/MIN)&quot;}\">0-20 (M\/MIN)<\/td>\n<td data-sheets-value=\"{&quot;1&quot;:2,&quot;2&quot;:&quot;Not Including Cutting And Punching&quot;}\">No incluye corte y punzonado<\/td>\n<\/tr>\n<tr>\n<td data-sheets-value=\"{&quot;1&quot;:2,&quot;2&quot;:&quot;Rollers\u2019 Material&quot;}\">Material de los rodillos<\/td>\n<td data-sheets-value=\"{&quot;1&quot;:2,&quot;2&quot;:&quot;GCr 15&quot;}\">GCr 15<\/td>\n<td data-sheets-value=\"{&quot;1&quot;:2,&quot;2&quot;:&quot;* Cr12Mov (Optional)&quot;}\">* Cr12Mov (Opcional)<\/td>\n<\/tr>\n<tr>\n<td data-sheets-value=\"{&quot;1&quot;:2,&quot;2&quot;:&quot;Cutting System&quot;}\">Sistema de Corte<\/td>\n<td colspan=\"2\" rowspan=\"1\" data-sheets-value=\"{&quot;1&quot;:2,&quot;2&quot;:&quot;Post-cutting&quot;}\">Post-corte<\/td>\n<\/tr>\n<tr>\n<td data-sheets-value=\"{&quot;1&quot;:2,&quot;2&quot;:&quot;Frequency Changer Brand&quot;}\">Marca de cambiador de frecuencia<\/td>\n<td data-sheets-value=\"{&quot;1&quot;:2,&quot;2&quot;:&quot;Yaskawa&quot;}\">Yaskawa<\/td>\n<td data-sheets-value=\"{&quot;1&quot;:2,&quot;2&quot;:&quot;* Siemens (Optional)&quot;}\">* Siemens (Opcional)<\/td>\n<\/tr>\n<tr>\n<td data-sheets-value=\"{&quot;1&quot;:2,&quot;2&quot;:&quot;PLC Brand&quot;}\">Marca PLC<\/td>\n<td data-sheets-value=\"{&quot;1&quot;:2,&quot;2&quot;:&quot;Panasonic&quot;}\">panasonic<\/td>\n<td data-sheets-value=\"{&quot;1&quot;:2,&quot;2&quot;:&quot;* Siemens (Optional)&quot;}\">* Siemens (Opcional)<\/td>\n<\/tr>\n<tr>\n<td data-sheets-value=\"{&quot;1&quot;:2,&quot;2&quot;:&quot;Power Supply&quot;}\">Fuente de alimentaci\u00f3n<\/td>\n<td data-sheets-value=\"{&quot;1&quot;:2,&quot;2&quot;:&quot;380V 50Hz 3ph&quot;}\">380V 50Hz trif\u00e1sico<\/td>\n<td data-sheets-value=\"{&quot;1&quot;:2,&quot;2&quot;:&quot;* Or According To Your Requirment&quot;}\">* O seg\u00fan su requisito<\/td>\n<\/tr>\n<tr>\n<td data-sheets-value=\"{&quot;1&quot;:2,&quot;2&quot;:&quot;Machine Color&quot;}\">Color de la m\u00e1quina<\/td>\n<td data-sheets-value=\"{&quot;1&quot;:2,&quot;2&quot;:&quot;Industrial Blue&quot;}\">azul industrial<\/td>\n<td data-sheets-value=\"{&quot;1&quot;:2,&quot;2&quot;:&quot;* Or According To Your Requirment&quot;}\">* O seg\u00fan su requisito<\/td>\n<\/tr>\n<\/tbody>\n<\/table>\n<\/div>\n<h3>Solicitud<\/h3>\n<p><img loading=\"lazy\" decoding=\"async\" class=\"alignnone size-full wp-image-3866\" src=\"https:\/\/swforming.com\/wp-content\/uploads\/2023\/08\/20230814165601.png\" alt=\"\" width=\"750\" height=\"452\" title=\"\" srcset=\"https:\/\/swforming.com\/wp-content\/uploads\/2023\/08\/20230814165601.png 750w, https:\/\/swforming.com\/wp-content\/uploads\/2023\/08\/20230814165601-600x362.png 600w, https:\/\/swforming.com\/wp-content\/uploads\/2023\/08\/20230814165601-300x181.png 300w, https:\/\/swforming.com\/wp-content\/uploads\/2023\/08\/20230814165601-18x12.png 18w\" sizes=\"(max-width: 750px) 100vw, 750px\" \/><\/p>","protected":false},"excerpt":{"rendered":"<p>La M\u00e1quina Perfiladora de Postes U\/C de Carretera se utiliza para producir postes de barrera C o postes U y el espesor normalmente de 3-6mm.<\/p>\n<p>El poste de barrera C o poste U como soporte de la barrera de seguridad de viga y normalmente determina el rendimiento de la barrera de seguridad durante la colisi\u00f3n. Una instalaci\u00f3n adecuada del poste de barrera maximizar\u00e1 el rendimiento de la barrera. El poste de barrera tiene una larga vida \u00fatil y la superficie suele estar galvanizada en caliente o recubierta por pulverizaci\u00f3n para proporcionar resistencia a la oxidaci\u00f3n y la corrosi\u00f3n.<\/p>\n<div id=\"gtx-trans\" style=\"position: absolute; left: -84px; top: 38px;\">\n<div class=\"gtx-trans-icon\"><\/div>\n<\/div>","protected":false},"featured_media":3855,"comment_status":"closed","ping_status":"closed","template":"","meta":{"_acf_changed":false},"product_brand":[],"product_cat":[37,92],"product_tag":[],"class_list":{"0":"post-3854","1":"product","2":"type-product","3":"status-publish","4":"has-post-thumbnail","6":"product_cat-highway-engineering-vehicle","7":"product_cat-highway-u-post-roll-forming-machine","9":"first","10":"instock","11":"featured","12":"shipping-taxable","13":"product-type-simple"},"acf":[],"_links":{"self":[{"href":"https:\/\/swforming.com\/es\/wp-json\/wp\/v2\/product\/3854","targetHints":{"allow":["GET"]}}],"collection":[{"href":"https:\/\/swforming.com\/es\/wp-json\/wp\/v2\/product"}],"about":[{"href":"https:\/\/swforming.com\/es\/wp-json\/wp\/v2\/types\/product"}],"replies":[{"embeddable":true,"href":"https:\/\/swforming.com\/es\/wp-json\/wp\/v2\/comments?post=3854"}],"version-history":[{"count":2,"href":"https:\/\/swforming.com\/es\/wp-json\/wp\/v2\/product\/3854\/revisions"}],"predecessor-version":[{"id":3868,"href":"https:\/\/swforming.com\/es\/wp-json\/wp\/v2\/product\/3854\/revisions\/3868"}],"wp:featuredmedia":[{"embeddable":true,"href":"https:\/\/swforming.com\/es\/wp-json\/wp\/v2\/media\/3855"}],"wp:attachment":[{"href":"https:\/\/swforming.com\/es\/wp-json\/wp\/v2\/media?parent=3854"}],"wp:term":[{"taxonomy":"product_brand","embeddable":true,"href":"https:\/\/swforming.com\/es\/wp-json\/wp\/v2\/product_brand?post=3854"},{"taxonomy":"product_cat","embeddable":true,"href":"https:\/\/swforming.com\/es\/wp-json\/wp\/v2\/product_cat?post=3854"},{"taxonomy":"product_tag","embeddable":true,"href":"https:\/\/swforming.com\/es\/wp-json\/wp\/v2\/product_tag?post=3854"}],"curies":[{"name":"wp","href":"https:\/\/api.w.org\/{rel}","templated":true}]}}