{"id":3804,"date":"2023-08-08T00:57:06","date_gmt":"2023-08-08T00:57:06","guid":{"rendered":"https:\/\/swforming.com\/?post_type=product&#038;p=3804"},"modified":"2023-08-08T00:57:07","modified_gmt":"2023-08-08T00:57:07","slug":"2-waves-highway-guardrail-roll-forming-machine","status":"publish","type":"product","link":"https:\/\/swforming.com\/es\/product\/2-waves-highway-guardrail-roll-forming-machine\/","title":{"rendered":"M\u00e1quina Perfiladora de Baranda de Carretera de 2 Olas"},"content":{"rendered":"<p><img fetchpriority=\"high\" decoding=\"async\" class=\"alignnone size-full wp-image-3811\" src=\"https:\/\/swforming.com\/wp-content\/uploads\/2023\/08\/H50b105b0788344bab8d0ecf1b4980641a.jpg\" alt=\"\" width=\"750\" height=\"929\" title=\"\" srcset=\"https:\/\/swforming.com\/wp-content\/uploads\/2023\/08\/H50b105b0788344bab8d0ecf1b4980641a.jpg 750w, https:\/\/swforming.com\/wp-content\/uploads\/2023\/08\/H50b105b0788344bab8d0ecf1b4980641a-600x743.jpg 600w, https:\/\/swforming.com\/wp-content\/uploads\/2023\/08\/H50b105b0788344bab8d0ecf1b4980641a-242x300.jpg 242w, https:\/\/swforming.com\/wp-content\/uploads\/2023\/08\/H50b105b0788344bab8d0ecf1b4980641a-10x12.jpg 10w\" sizes=\"(max-width: 750px) 100vw, 750px\" \/><\/p>\n<p>La maquina perfiladora de baranda de carretera de 2 ondas es un tipo de maquina perfiladora de baranda de carretera. M\u00e1quina perfiladora de barandilla de carretera puede hacer barandilla de viga W, barandilla de viga thrie, tambi\u00e9n puede ser dise\u00f1ado como dos olas o tres perfiles de olas en una m\u00e1quina sin estaciones de rodillo de cambio.<\/p>\n<p>Las barandillas de carretera proporcionan una barrera visual y f\u00edsica entre el tr\u00e1fico y las zonas de trabajo. Se utilizan para la protecci\u00f3n contra accidentes debidos a carretillas elevadoras u otros equipos m\u00f3viles en zonas de muelles, pasillos, alrededor de equipos especiales. Reducen los costosos da\u00f1os a los equipos y al inventario. Normalmente en el proyecto de barandillas de carretera, habr\u00eda tales m\u00e1quinas: m\u00e1quina perfiladora de barandillas de dos\/tres ondas, m\u00e1quina perfiladora de postes en U o C, l\u00ednea de punzonado de conexiones, l\u00ednea de punzonado de terminales.<\/p>\n<p>Realizamos diferentes soluciones seg\u00fan el dibujo, la tolerancia y el presupuesto del cliente, ofreciendo un servicio profesional personalizado, adaptable a todas sus necesidades. Sea cual sea la l\u00ednea que elija, la calidad de SUNWAY Machinery le garantizar\u00e1 la obtenci\u00f3n de perfiles perfectamente funcionales.<\/p>\n<h3>Dibujos de perfil<\/h3>\n<p><img decoding=\"async\" class=\"alignnone size-full wp-image-3812\" src=\"https:\/\/swforming.com\/wp-content\/uploads\/2023\/08\/H2a3163eb5f0f4f84b2ad8b9537e922caO.jpg\" alt=\"\" width=\"1748\" height=\"1028\" title=\"\" srcset=\"https:\/\/swforming.com\/wp-content\/uploads\/2023\/08\/H2a3163eb5f0f4f84b2ad8b9537e922caO.jpg 1748w, https:\/\/swforming.com\/wp-content\/uploads\/2023\/08\/H2a3163eb5f0f4f84b2ad8b9537e922caO-600x353.jpg 600w, https:\/\/swforming.com\/wp-content\/uploads\/2023\/08\/H2a3163eb5f0f4f84b2ad8b9537e922caO-300x176.jpg 300w, https:\/\/swforming.com\/wp-content\/uploads\/2023\/08\/H2a3163eb5f0f4f84b2ad8b9537e922caO-1024x602.jpg 1024w, https:\/\/swforming.com\/wp-content\/uploads\/2023\/08\/H2a3163eb5f0f4f84b2ad8b9537e922caO-768x452.jpg 768w, https:\/\/swforming.com\/wp-content\/uploads\/2023\/08\/H2a3163eb5f0f4f84b2ad8b9537e922caO-1536x903.jpg 1536w, https:\/\/swforming.com\/wp-content\/uploads\/2023\/08\/H2a3163eb5f0f4f84b2ad8b9537e922caO-18x12.jpg 18w\" sizes=\"(max-width: 1748px) 100vw, 1748px\" \/><img decoding=\"async\" class=\"alignnone size-full wp-image-3813\" src=\"https:\/\/swforming.com\/wp-content\/uploads\/2023\/08\/0808084657.png\" alt=\"\" width=\"750\" height=\"181\" title=\"\" srcset=\"https:\/\/swforming.com\/wp-content\/uploads\/2023\/08\/0808084657.png 750w, https:\/\/swforming.com\/wp-content\/uploads\/2023\/08\/0808084657-600x145.png 600w, https:\/\/swforming.com\/wp-content\/uploads\/2023\/08\/0808084657-300x72.png 300w, https:\/\/swforming.com\/wp-content\/uploads\/2023\/08\/0808084657-18x4.png 18w\" sizes=\"(max-width: 750px) 100vw, 750px\" \/><\/p>\n<h3>L\u00ednea de producci\u00f3n<\/h3>\n<p><img loading=\"lazy\" decoding=\"async\" class=\"alignnone size-full wp-image-3814\" src=\"https:\/\/swforming.com\/wp-content\/uploads\/2023\/08\/Hb57caa24c9954539876697b0f071b0d55.jpg\" alt=\"\" width=\"1748\" height=\"1007\" title=\"\" srcset=\"https:\/\/swforming.com\/wp-content\/uploads\/2023\/08\/Hb57caa24c9954539876697b0f071b0d55.jpg 1748w, https:\/\/swforming.com\/wp-content\/uploads\/2023\/08\/Hb57caa24c9954539876697b0f071b0d55-600x346.jpg 600w, https:\/\/swforming.com\/wp-content\/uploads\/2023\/08\/Hb57caa24c9954539876697b0f071b0d55-300x173.jpg 300w, https:\/\/swforming.com\/wp-content\/uploads\/2023\/08\/Hb57caa24c9954539876697b0f071b0d55-1024x590.jpg 1024w, https:\/\/swforming.com\/wp-content\/uploads\/2023\/08\/Hb57caa24c9954539876697b0f071b0d55-768x442.jpg 768w, https:\/\/swforming.com\/wp-content\/uploads\/2023\/08\/Hb57caa24c9954539876697b0f071b0d55-1536x885.jpg 1536w, https:\/\/swforming.com\/wp-content\/uploads\/2023\/08\/Hb57caa24c9954539876697b0f071b0d55-18x10.jpg 18w\" sizes=\"(max-width: 1748px) 100vw, 1748px\" \/><\/p>\n<h3>Detalles de producto<\/h3>\n<p><img loading=\"lazy\" decoding=\"async\" class=\"alignnone size-full wp-image-3815\" src=\"https:\/\/swforming.com\/wp-content\/uploads\/2023\/08\/0808084934.png\" alt=\"\" width=\"750\" height=\"1261\" title=\"\" srcset=\"https:\/\/swforming.com\/wp-content\/uploads\/2023\/08\/0808084934.png 750w, https:\/\/swforming.com\/wp-content\/uploads\/2023\/08\/0808084934-600x1009.png 600w, https:\/\/swforming.com\/wp-content\/uploads\/2023\/08\/0808084934-178x300.png 178w, https:\/\/swforming.com\/wp-content\/uploads\/2023\/08\/0808084934-609x1024.png 609w, https:\/\/swforming.com\/wp-content\/uploads\/2023\/08\/0808084934-7x12.png 7w\" sizes=\"(max-width: 750px) 100vw, 750px\" \/><\/p>\n<h3>Parametros del producto<\/h3>\n<div style=\"overflow-x: auto;\">\n<table>\n<tbody>\n<tr>\n<td style=\"text-align: center;\" colspan=\"3\" rowspan=\"1\" data-sheets-value=\"{&quot;1&quot;:2,&quot;2&quot;:&quot;2 Waves Highway Guardrail Roll Forming Machine&quot;}\"><strong>M\u00e1quina Perfiladora de Baranda de Carretera de 2 Olas<\/strong><\/td>\n<\/tr>\n<tr>\n<td colspan=\"1\" rowspan=\"3\" data-sheets-value=\"{&quot;1&quot;:2,&quot;2&quot;:&quot;Machinable Material&quot;}\">\n<div>Material mecanizable<\/div>\n<\/td>\n<td data-sheets-value=\"{&quot;1&quot;:2,&quot;2&quot;:&quot;A) Galvanized Steel&quot;}\">A) Acero Galvanizado<\/td>\n<td colspan=\"1\" rowspan=\"3\" data-sheets-value=\"{&quot;1&quot;:2,&quot;2&quot;:&quot;Thickness(MM): 2.5-3.0 mm Or According To Customer&quot;}\">\n<div>Grosor (MM): 2,5-3,0 mm o seg\u00fan el cliente<\/div>\n<\/td>\n<\/tr>\n<tr>\n<td data-sheets-value=\"{&quot;1&quot;:2,&quot;2&quot;:&quot;B) PPGI&quot;}\">B) PPGI<\/td>\n<\/tr>\n<tr>\n<td data-sheets-value=\"{&quot;1&quot;:2,&quot;2&quot;:&quot;C) Carbon Steel&quot;}\">c) acero al carbono<\/td>\n<\/tr>\n<tr>\n<td data-sheets-value=\"{&quot;1&quot;:2,&quot;2&quot;:&quot;Yield Strength&quot;}\">L\u00edmite el\u00e1stico<\/td>\n<td colspan=\"2\" rowspan=\"1\" data-sheets-value=\"{&quot;1&quot;:2,&quot;2&quot;:&quot;250 - 550 Mpa&quot;}\">250 \u2013 550 MPa<\/td>\n<\/tr>\n<tr>\n<td data-sheets-value=\"{&quot;1&quot;:2,&quot;2&quot;:&quot;Tensil Stress&quot;}\">Estr\u00e9s de tracci\u00f3n<\/td>\n<td colspan=\"2\" rowspan=\"1\" data-sheets-value=\"{&quot;1&quot;:2,&quot;2&quot;:&quot;G250 Mpa-G550 Mpa&quot;}\">G250 MPa-G550 MPa<\/td>\n<\/tr>\n<tr>\n<td data-sheets-value=\"{&quot;1&quot;:2,&quot;2&quot;:&quot;Guard Rail Type&quot;}\">Tipo de barandilla<\/td>\n<td colspan=\"2\" rowspan=\"1\" data-sheets-value=\"{&quot;1&quot;:2,&quot;2&quot;:&quot;2 Waves&quot;}\">2 Olas<\/td>\n<\/tr>\n<tr>\n<td data-sheets-value=\"{&quot;1&quot;:2,&quot;2&quot;:&quot;Decoiler&quot;}\">desbobinador<\/td>\n<td colspan=\"2\" rowspan=\"1\" data-sheets-value=\"{&quot;1&quot;:2,&quot;2&quot;:&quot;Hydraulilc Decoiler&quot;}\">Desenrollador hidr\u00e1ulico<\/td>\n<\/tr>\n<tr>\n<td data-sheets-value=\"{&quot;1&quot;:2,&quot;2&quot;:&quot;Punching System&quot;}\">Sistema de punzonado<\/td>\n<td data-sheets-value=\"{&quot;1&quot;:2,&quot;2&quot;:&quot;Hydraulic Punching Station&quot;}\">Estaci\u00f3n de punzonado hidr\u00e1ulico<\/td>\n<td data-sheets-value=\"{&quot;1&quot;:2,&quot;2&quot;:&quot;* Punching Press (Optional)&quot;}\">* Punzonadora (Opcional)<\/td>\n<\/tr>\n<tr>\n<td data-sheets-value=\"{&quot;1&quot;:2,&quot;2&quot;:&quot;Forming Station&quot;}\">Estaci\u00f3n de formaci\u00f3n<\/td>\n<td data-sheets-value=\"{&quot;1&quot;:2,&quot;2&quot;:&quot;About 12-16 Stations&quot;}\">Alrededor de 12-16 estaciones<\/td>\n<td data-sheets-value=\"{&quot;1&quot;:2,&quot;2&quot;:&quot;* According To Your Profile Drawings&quot;}\">* Seg\u00fan sus dibujos de perfil<\/td>\n<\/tr>\n<tr>\n<td data-sheets-value=\"{&quot;1&quot;:2,&quot;2&quot;:&quot;Driving System&quot;}\">Sistema de conducci\u00f3n<\/td>\n<td data-sheets-value=\"{&quot;1&quot;:2,&quot;2&quot;:&quot;Gearbox Drive&quot;}\">Unidad de caja de cambios<\/td>\n<td data-sheets-value=\"{&quot;1&quot;:2,&quot;2&quot;:&quot;Chain drive (Optional)&quot;}\">Transmisi\u00f3n por cadena (opcional)<\/td>\n<\/tr>\n<tr>\n<td data-sheets-value=\"{&quot;1&quot;:2,&quot;2&quot;:&quot;Machine Structure&quot;}\">Estructura de la m\u00e1quina<\/td>\n<td colspan=\"2\" rowspan=\"1\" data-sheets-value=\"{&quot;1&quot;:2,&quot;2&quot;:&quot;Forged Iron Station&quot;}\">Estaci\u00f3n de hierro forjado<\/td>\n<\/tr>\n<tr>\n<td data-sheets-value=\"{&quot;1&quot;:2,&quot;2&quot;:&quot;Forming Speed&quot;}\">Velocidad de formaci\u00f3n<\/td>\n<td data-sheets-value=\"{&quot;1&quot;:2,&quot;2&quot;:&quot;0-20 (M\/MIN)&quot;}\">0-20 (M\/MIN)<\/td>\n<td data-sheets-value=\"{&quot;1&quot;:2,&quot;2&quot;:&quot;Not Including Cutting And Punching&quot;}\">No incluye corte y punzonado<\/td>\n<\/tr>\n<tr>\n<td data-sheets-value=\"{&quot;1&quot;:2,&quot;2&quot;:&quot;Rollers\u2019 Material&quot;}\">Material de los rodillos<\/td>\n<td data-sheets-value=\"{&quot;1&quot;:2,&quot;2&quot;:&quot;GCr 15&quot;}\">GCr 15<\/td>\n<td data-sheets-value=\"{&quot;1&quot;:2,&quot;2&quot;:&quot;* Cr12Mov (Optional)&quot;}\">* Cr12Mov (Opcional)<\/td>\n<\/tr>\n<tr>\n<td data-sheets-value=\"{&quot;1&quot;:2,&quot;2&quot;:&quot;Cutting System&quot;}\">Sistema de Corte<\/td>\n<td data-sheets-value=\"{&quot;1&quot;:2,&quot;2&quot;:&quot;Post-cutting&quot;}\">Post-corte<\/td>\n<td data-sheets-value=\"{&quot;1&quot;:2,&quot;2&quot;:&quot;* Pre-cutting (Optional)&quot;}\">* Precorte (Opcional)<\/td>\n<\/tr>\n<tr>\n<td data-sheets-value=\"{&quot;1&quot;:2,&quot;2&quot;:&quot;Frequency Changer Brand&quot;}\">Marca de cambiador de frecuencia<\/td>\n<td data-sheets-value=\"{&quot;1&quot;:2,&quot;2&quot;:&quot;Yaskawa&quot;}\">Yaskawa<\/td>\n<td data-sheets-value=\"{&quot;1&quot;:2,&quot;2&quot;:&quot;* Siemens (Optional)&quot;}\">* Siemens (Opcional)<\/td>\n<\/tr>\n<tr>\n<td data-sheets-value=\"{&quot;1&quot;:2,&quot;2&quot;:&quot;PLC Brand&quot;}\">Marca PLC<\/td>\n<td data-sheets-value=\"{&quot;1&quot;:2,&quot;2&quot;:&quot;Panasonic&quot;}\">panasonic<\/td>\n<td data-sheets-value=\"{&quot;1&quot;:2,&quot;2&quot;:&quot;* Siemens (Optional)&quot;}\">* Siemens (Opcional)<\/td>\n<\/tr>\n<tr>\n<td data-sheets-value=\"{&quot;1&quot;:2,&quot;2&quot;:&quot;Power Supply&quot;}\">Fuente de alimentaci\u00f3n<\/td>\n<td data-sheets-value=\"{&quot;1&quot;:2,&quot;2&quot;:&quot;380V 50Hz 3ph&quot;}\">380V 50Hz trif\u00e1sico<\/td>\n<td data-sheets-value=\"{&quot;1&quot;:2,&quot;2&quot;:&quot;* Or According To Your Requirment&quot;}\">* O seg\u00fan su requisito<\/td>\n<\/tr>\n<tr>\n<td data-sheets-value=\"{&quot;1&quot;:2,&quot;2&quot;:&quot;Machine Color&quot;}\">Color de la m\u00e1quina<\/td>\n<td data-sheets-value=\"{&quot;1&quot;:2,&quot;2&quot;:&quot;Industrial Blue&quot;}\">azul industrial<\/td>\n<td data-sheets-value=\"{&quot;1&quot;:2,&quot;2&quot;:&quot;* Or According To Your Requirment&quot;}\">* O seg\u00fan su requisito<\/td>\n<\/tr>\n<\/tbody>\n<\/table>\n<\/div>\n<h3>Solicitud<\/h3>\n<p><img loading=\"lazy\" decoding=\"async\" class=\"alignnone size-full wp-image-3816\" src=\"https:\/\/swforming.com\/wp-content\/uploads\/2023\/08\/0808085529.png\" alt=\"\" width=\"939\" height=\"567\" title=\"\" srcset=\"https:\/\/swforming.com\/wp-content\/uploads\/2023\/08\/0808085529.png 939w, https:\/\/swforming.com\/wp-content\/uploads\/2023\/08\/0808085529-600x362.png 600w, https:\/\/swforming.com\/wp-content\/uploads\/2023\/08\/0808085529-300x181.png 300w, https:\/\/swforming.com\/wp-content\/uploads\/2023\/08\/0808085529-768x464.png 768w, https:\/\/swforming.com\/wp-content\/uploads\/2023\/08\/0808085529-18x12.png 18w\" sizes=\"(max-width: 939px) 100vw, 939px\" \/><\/p>","protected":false},"excerpt":{"rendered":"<p>La maquina perfiladora de baranda de carretera de 2 ondas es un tipo de maquina perfiladora de baranda de carretera. M\u00e1quina perfiladora de barandilla de carretera puede hacer barandilla de viga W, barandilla de viga thrie, tambi\u00e9n puede ser dise\u00f1ado como dos olas o tres perfiles de olas en una m\u00e1quina sin estaciones de rodillo de cambio.<\/p>","protected":false},"featured_media":3805,"comment_status":"closed","ping_status":"closed","template":"","meta":{"_acf_changed":false},"product_brand":[],"product_cat":[37,94],"product_tag":[],"class_list":{"0":"post-3804","1":"product","2":"type-product","3":"status-publish","4":"has-post-thumbnail","6":"product_cat-highway-engineering-vehicle","7":"product_cat-highway-guardrail-roll-forming-machine","9":"first","10":"instock","11":"shipping-taxable","12":"product-type-simple"},"acf":[],"_links":{"self":[{"href":"https:\/\/swforming.com\/es\/wp-json\/wp\/v2\/product\/3804","targetHints":{"allow":["GET"]}}],"collection":[{"href":"https:\/\/swforming.com\/es\/wp-json\/wp\/v2\/product"}],"about":[{"href":"https:\/\/swforming.com\/es\/wp-json\/wp\/v2\/types\/product"}],"replies":[{"embeddable":true,"href":"https:\/\/swforming.com\/es\/wp-json\/wp\/v2\/comments?post=3804"}],"version-history":[{"count":2,"href":"https:\/\/swforming.com\/es\/wp-json\/wp\/v2\/product\/3804\/revisions"}],"predecessor-version":[{"id":3818,"href":"https:\/\/swforming.com\/es\/wp-json\/wp\/v2\/product\/3804\/revisions\/3818"}],"wp:featuredmedia":[{"embeddable":true,"href":"https:\/\/swforming.com\/es\/wp-json\/wp\/v2\/media\/3805"}],"wp:attachment":[{"href":"https:\/\/swforming.com\/es\/wp-json\/wp\/v2\/media?parent=3804"}],"wp:term":[{"taxonomy":"product_brand","embeddable":true,"href":"https:\/\/swforming.com\/es\/wp-json\/wp\/v2\/product_brand?post=3804"},{"taxonomy":"product_cat","embeddable":true,"href":"https:\/\/swforming.com\/es\/wp-json\/wp\/v2\/product_cat?post=3804"},{"taxonomy":"product_tag","embeddable":true,"href":"https:\/\/swforming.com\/es\/wp-json\/wp\/v2\/product_tag?post=3804"}],"curies":[{"name":"wp","href":"https:\/\/api.w.org\/{rel}","templated":true}]}}