{"id":3582,"date":"2023-07-25T03:11:18","date_gmt":"2023-07-25T03:11:18","guid":{"rendered":"https:\/\/swforming.com\/?post_type=product&#038;p=3582"},"modified":"2023-08-02T02:16:46","modified_gmt":"2023-08-02T02:16:46","slug":"hydraulic-roof-sheet-curving-machine","status":"publish","type":"product","link":"https:\/\/swforming.com\/es\/product\/hydraulic-roof-sheet-curving-machine\/","title":{"rendered":"M\u00e1quina curvadora hidr\u00e1ulica de l\u00e1minas para tejados"},"content":{"rendered":"<p><img fetchpriority=\"high\" decoding=\"async\" class=\"alignnone wp-image-3589 size-full\" src=\"https:\/\/swforming.com\/wp-content\/uploads\/2023\/07\/H806f4582721345f4b3f8e8105abda5361.jpg\" alt=\"M\u00e1quina curvadora hidr\u00e1ulica de l\u00e1minas para tejados\" width=\"750\" height=\"1030\" title=\"\" srcset=\"https:\/\/swforming.com\/wp-content\/uploads\/2023\/07\/H806f4582721345f4b3f8e8105abda5361.jpg 750w, https:\/\/swforming.com\/wp-content\/uploads\/2023\/07\/H806f4582721345f4b3f8e8105abda5361-600x824.jpg 600w, https:\/\/swforming.com\/wp-content\/uploads\/2023\/07\/H806f4582721345f4b3f8e8105abda5361-218x300.jpg 218w, https:\/\/swforming.com\/wp-content\/uploads\/2023\/07\/H806f4582721345f4b3f8e8105abda5361-746x1024.jpg 746w, https:\/\/swforming.com\/wp-content\/uploads\/2023\/07\/H806f4582721345f4b3f8e8105abda5361-9x12.jpg 9w\" sizes=\"(max-width: 750px) 100vw, 750px\" \/><\/p>\n<p>La m\u00e1quina curvadora hidr\u00e1ulica de l\u00e1minas de tejado, tambi\u00e9n llamada m\u00e1quina onduladora de paneles de tejado, es un dispositivo auxiliar para una m\u00e1quina perfiladora de paneles de tejado. Se utiliza para curvar la hoja de techo a una forma requerida con diferentes radios. Generalmente, un cliente comprara una maquina perfiladora de laminas de techo con esta maquina de curvado. La maquina onduladora se utiliza para curvar la hoja producida por la maquina formadora de rollos. Normalmente el espesor del panel es de 0.3-0.8mm con acero galvanizado normal o bobina de color.<\/p>\n<p>En Industrias de la Construcci\u00f3n, somos capaces de fabricar m\u00e1s m\u00e1quinas como la m\u00e1quina perfiladora de canal principal, m\u00e1quina perfiladora de correa, m\u00e1quina perfiladora de paneles de yeso, m\u00e1quina perfiladora de perno, m\u00e1quina perfiladora de pista, m\u00e1quina perfiladora de sombrero de copa, m\u00e1quina perfiladora de clip, m\u00e1quina perfiladora de cubierta de metal (cubierta de piso), m\u00e1quina perfiladora de panel de techo \/ pared, m\u00e1quina perfiladora de teja de techo, m\u00e1quina perfiladora de corrugado, m\u00e1quina perfiladora de cumbrera, m\u00e1quina perfiladora de bajante, etc.<\/p>\n<p>Realizamos diferentes soluciones seg\u00fan el dibujo, la tolerancia y el presupuesto del cliente, ofreciendo un servicio profesional personalizado, adaptable a todas sus necesidades. Sea cual sea la l\u00ednea que elija, la calidad de SUNWAY Machinery le garantizar\u00e1 la obtenci\u00f3n de perfiles perfectamente funcionales.<\/p>\n<h3>Dibujos de perfil<\/h3>\n<h3><img decoding=\"async\" class=\"alignnone size-full wp-image-3590\" src=\"https:\/\/swforming.com\/wp-content\/uploads\/2023\/07\/20230725110241.png\" alt=\"\" width=\"750\" height=\"181\" title=\"\" srcset=\"https:\/\/swforming.com\/wp-content\/uploads\/2023\/07\/20230725110241.png 750w, https:\/\/swforming.com\/wp-content\/uploads\/2023\/07\/20230725110241-600x145.png 600w, https:\/\/swforming.com\/wp-content\/uploads\/2023\/07\/20230725110241-300x72.png 300w, https:\/\/swforming.com\/wp-content\/uploads\/2023\/07\/20230725110241-18x4.png 18w\" sizes=\"(max-width: 750px) 100vw, 750px\" \/><\/h3>\n<h3>Detalles de producto<\/h3>\n<p><img decoding=\"async\" class=\"alignnone size-full wp-image-3591\" src=\"https:\/\/swforming.com\/wp-content\/uploads\/2023\/07\/20230725110416.png\" alt=\"\" width=\"750\" height=\"948\" title=\"\" srcset=\"https:\/\/swforming.com\/wp-content\/uploads\/2023\/07\/20230725110416.png 750w, https:\/\/swforming.com\/wp-content\/uploads\/2023\/07\/20230725110416-600x758.png 600w, https:\/\/swforming.com\/wp-content\/uploads\/2023\/07\/20230725110416-237x300.png 237w, https:\/\/swforming.com\/wp-content\/uploads\/2023\/07\/20230725110416-9x12.png 9w\" sizes=\"(max-width: 750px) 100vw, 750px\" \/><\/p>\n<h3>Parametros del producto<\/h3>\n<div style=\"overflow-x: auto;\">\n<table>\n<tbody>\n<tr>\n<td style=\"text-align: center;\" colspan=\"3\" rowspan=\"1\" data-sheets-value=\"{&quot;1&quot;:2,&quot;2&quot;:&quot;Hydraulic Roof Sheet Curving Machine&quot;}\"><strong>M\u00e1quina curvadora hidr\u00e1ulica de l\u00e1minas para tejados<\/strong><\/td>\n<\/tr>\n<tr>\n<td colspan=\"1\" rowspan=\"2\" data-sheets-value=\"{&quot;1&quot;:2,&quot;2&quot;:&quot;Machinable Material&quot;}\">\n<div>Material mecanizable<\/div>\n<\/td>\n<td data-sheets-value=\"{&quot;1&quot;:2,&quot;2&quot;:&quot;A) Galvanized Coil&quot;}\">A) Bobina Galvanizada<\/td>\n<td colspan=\"1\" rowspan=\"2\" data-sheets-value=\"{&quot;1&quot;:2,&quot;2&quot;:&quot;Thickness(MM): 0.3-0.8 According To Your Requirment&quot;}\">\n<div>Grosor (MM): 0,3-0,8 seg\u00fan sus necesidades<\/div>\n<\/td>\n<\/tr>\n<tr>\n<td data-sheets-value=\"{&quot;1&quot;:2,&quot;2&quot;:&quot;B) PPGI, PPGL&quot;}\">B) PPGI, PPGL<\/td>\n<\/tr>\n<tr>\n<td data-sheets-value=\"{&quot;1&quot;:2,&quot;2&quot;:&quot;Yield Strength&quot;}\">L\u00edmite el\u00e1stico<\/td>\n<td colspan=\"2\" rowspan=\"1\" data-sheets-value=\"{&quot;1&quot;:2,&quot;2&quot;:&quot;250 - 350 Mpa \/ 350-550Mpa&quot;}\">250 - 350 Mpa \/ 350-550Mpa<\/td>\n<\/tr>\n<tr>\n<td data-sheets-value=\"{&quot;1&quot;:2,&quot;2&quot;:&quot;Tensil Stress&quot;}\">Estr\u00e9s de tracci\u00f3n<\/td>\n<td colspan=\"2\" rowspan=\"1\" data-sheets-value=\"{&quot;1&quot;:2,&quot;2&quot;:&quot;350 Mpa-550 Mpa&quot;}\">350 Mpa-550 Mpa<\/td>\n<\/tr>\n<tr>\n<td data-sheets-value=\"{&quot;1&quot;:2,&quot;2&quot;:&quot;Panel Width&quot;}\">Anchura del panel<\/td>\n<td colspan=\"2\" rowspan=\"1\" data-sheets-value=\"{&quot;1&quot;:2,&quot;2&quot;:&quot;As Per The Panel With Comes From Roll Forming Machine&quot;}\">Seg\u00fan el panel con viene del rollo que forma la m\u00e1quina<\/td>\n<\/tr>\n<tr>\n<td data-sheets-value=\"{&quot;1&quot;:2,&quot;2&quot;:&quot;Feeding Way&quot;}\">Manera de alimentarse<\/td>\n<td data-sheets-value=\"{&quot;1&quot;:2,&quot;2&quot;:&quot;Servo Feeding&quot;}\">Servoalimentaci\u00f3n<\/td>\n<td data-sheets-value=\"{&quot;1&quot;:2,&quot;2&quot;:&quot;* Step Motor Feeding&quot;}\">* Alimentaci\u00f3n del motor paso a paso<\/td>\n<\/tr>\n<tr>\n<td data-sheets-value=\"{&quot;1&quot;:2,&quot;2&quot;:&quot;Curving System&quot;}\">Sistema de curvas<\/td>\n<td colspan=\"2\" rowspan=\"1\" data-sheets-value=\"{&quot;1&quot;:2,&quot;2&quot;:&quot;Hydraulic&quot;}\">Hidr\u00e1ulico<\/td>\n<\/tr>\n<tr>\n<td data-sheets-value=\"{&quot;1&quot;:2,&quot;2&quot;:&quot;Material Of Punching Mould&quot;}\">Material del molde de punzonado<\/td>\n<td colspan=\"2\" rowspan=\"1\" data-sheets-value=\"{&quot;1&quot;:2,&quot;2&quot;:&quot;40Cr, Surface Quenching And Nitrifying&quot;}\">40Cr, Enfriamiento superficial y nitrificaci\u00f3n<\/td>\n<\/tr>\n<tr>\n<td data-sheets-value=\"{&quot;1&quot;:2,&quot;2&quot;:&quot;Power Supply&quot;}\">Fuente de alimentaci\u00f3n<\/td>\n<td data-sheets-value=\"{&quot;1&quot;:2,&quot;2&quot;:&quot;380V 50Hz 3ph&quot;}\">380V 50Hz trif\u00e1sico<\/td>\n<td data-sheets-value=\"{&quot;1&quot;:2,&quot;2&quot;:&quot;* Or According To Your Requirment&quot;}\">* O seg\u00fan sus necesidades<\/td>\n<\/tr>\n<tr>\n<td data-sheets-value=\"{&quot;1&quot;:2,&quot;2&quot;:&quot;Machine Color&quot;}\">Color de la m\u00e1quina<\/td>\n<td data-sheets-value=\"{&quot;1&quot;:2,&quot;2&quot;:&quot;Industrial Blue&quot;}\">azul industrial<\/td>\n<td data-sheets-value=\"{&quot;1&quot;:2,&quot;2&quot;:&quot;* Or According To Your Requirment&quot;}\">* O seg\u00fan sus necesidades<\/td>\n<\/tr>\n<\/tbody>\n<\/table>\n<\/div>\n<h3>Solicitud<\/h3>\n<p><img loading=\"lazy\" decoding=\"async\" class=\"alignnone size-full wp-image-3595\" src=\"https:\/\/swforming.com\/wp-content\/uploads\/2023\/07\/20230725111138.png\" alt=\"\" width=\"938\" height=\"567\" title=\"\" srcset=\"https:\/\/swforming.com\/wp-content\/uploads\/2023\/07\/20230725111138.png 938w, https:\/\/swforming.com\/wp-content\/uploads\/2023\/07\/20230725111138-600x363.png 600w, https:\/\/swforming.com\/wp-content\/uploads\/2023\/07\/20230725111138-300x181.png 300w, https:\/\/swforming.com\/wp-content\/uploads\/2023\/07\/20230725111138-768x464.png 768w, https:\/\/swforming.com\/wp-content\/uploads\/2023\/07\/20230725111138-18x12.png 18w\" sizes=\"(max-width: 938px) 100vw, 938px\" \/><\/p>","protected":false},"excerpt":{"rendered":"<p>La m\u00e1quina curvadora hidr\u00e1ulica de l\u00e1minas de tejado, tambi\u00e9n llamada m\u00e1quina onduladora de paneles de tejado, es un dispositivo auxiliar para una m\u00e1quina perfiladora de paneles de tejado. Se utiliza para curvar la hoja de techo a una forma requerida con diferentes radios. Generalmente, el cliente comprara una maquina perfiladora de laminas de techo con esta maquina de curvado. La maquina onduladora se utiliza para curvar la hoja producida por la maquina formadora de rollos de l\u00e1minas para techos. Normalmente el espesor del panel es de 0,3-0,8 mm con acero galvanizado normal o bobina de color.<\/p>","protected":false},"featured_media":3583,"comment_status":"closed","ping_status":"closed","template":"","meta":{"_acf_changed":false},"product_brand":[],"product_cat":[45],"product_tag":[],"class_list":{"0":"post-3582","1":"product","2":"type-product","3":"status-publish","4":"has-post-thumbnail","6":"product_cat-metal-wall-roofing","8":"first","9":"instock","10":"shipping-taxable","11":"product-type-simple"},"acf":[],"_links":{"self":[{"href":"https:\/\/swforming.com\/es\/wp-json\/wp\/v2\/product\/3582","targetHints":{"allow":["GET"]}}],"collection":[{"href":"https:\/\/swforming.com\/es\/wp-json\/wp\/v2\/product"}],"about":[{"href":"https:\/\/swforming.com\/es\/wp-json\/wp\/v2\/types\/product"}],"replies":[{"embeddable":true,"href":"https:\/\/swforming.com\/es\/wp-json\/wp\/v2\/comments?post=3582"}],"version-history":[{"count":5,"href":"https:\/\/swforming.com\/es\/wp-json\/wp\/v2\/product\/3582\/revisions"}],"predecessor-version":[{"id":3737,"href":"https:\/\/swforming.com\/es\/wp-json\/wp\/v2\/product\/3582\/revisions\/3737"}],"wp:featuredmedia":[{"embeddable":true,"href":"https:\/\/swforming.com\/es\/wp-json\/wp\/v2\/media\/3583"}],"wp:attachment":[{"href":"https:\/\/swforming.com\/es\/wp-json\/wp\/v2\/media?parent=3582"}],"wp:term":[{"taxonomy":"product_brand","embeddable":true,"href":"https:\/\/swforming.com\/es\/wp-json\/wp\/v2\/product_brand?post=3582"},{"taxonomy":"product_cat","embeddable":true,"href":"https:\/\/swforming.com\/es\/wp-json\/wp\/v2\/product_cat?post=3582"},{"taxonomy":"product_tag","embeddable":true,"href":"https:\/\/swforming.com\/es\/wp-json\/wp\/v2\/product_tag?post=3582"}],"curies":[{"name":"wp","href":"https:\/\/api.w.org\/{rel}","templated":true}]}}