{"id":3494,"date":"2023-07-17T09:08:45","date_gmt":"2023-07-17T09:08:45","guid":{"rendered":"https:\/\/swforming.com\/?post_type=product&#038;p=3494"},"modified":"2023-08-21T07:11:54","modified_gmt":"2023-08-21T07:11:54","slug":"stand-seaming-roof-panel-roll-forming-machine","status":"publish","type":"product","link":"https:\/\/swforming.com\/es\/product\/stand-seaming-roof-panel-roll-forming-machine\/","title":{"rendered":"M\u00e1quina Perfiladora de Panel de Techo con Juntura en Pie"},"content":{"rendered":"<p><img fetchpriority=\"high\" decoding=\"async\" class=\"alignnone wp-image-3501 size-full\" src=\"https:\/\/swforming.com\/wp-content\/uploads\/2023\/07\/H2f1cb8e69170428080dcf9cb244b0bdc6.jpg\" alt=\"M\u00e1quina Perfiladora de Panel de Techo con Juntura en Pie\" width=\"750\" height=\"929\" title=\"\" srcset=\"https:\/\/swforming.com\/wp-content\/uploads\/2023\/07\/H2f1cb8e69170428080dcf9cb244b0bdc6.jpg 750w, https:\/\/swforming.com\/wp-content\/uploads\/2023\/07\/H2f1cb8e69170428080dcf9cb244b0bdc6-600x743.jpg 600w, https:\/\/swforming.com\/wp-content\/uploads\/2023\/07\/H2f1cb8e69170428080dcf9cb244b0bdc6-242x300.jpg 242w, https:\/\/swforming.com\/wp-content\/uploads\/2023\/07\/H2f1cb8e69170428080dcf9cb244b0bdc6-10x12.jpg 10w\" sizes=\"(max-width: 750px) 100vw, 750px\" \/><\/p>\n<p>La maquina perfiladora de paneles de techo se utiliza principalmente para producir paneles de techo. Normalmente el espesor del panel es de 0,3-0,8 mm con acero galvanizado normal o bobina de color. Y la mayor ventaja de este tipo de dise\u00f1o de techo es que no hay necesidad de tornillos o clavos durante la instalaci\u00f3n.<\/p>\n<p>La m\u00e1quina perfiladora de sistema de techado tiene una gran gama de perfiles de chapa met\u00e1lica. Incluye panel trapezoidal, panel corrugado, teja, teja vidriada, cubierta met\u00e1lica, panel de pared, costura de pie, K span y tapa de cumbrera. Sus productos se utilizan ampliamente en sistemas de tejados y paredes en la construcci\u00f3n de talleres y viviendas.<\/p>\n<p>En Industrias de la Construcci\u00f3n, somos capaces de fabricar m\u00e1s m\u00e1quinas como la m\u00e1quina perfiladora de canal principal, m\u00e1quina perfiladora de correa, m\u00e1quina perfiladora de paneles de yeso, m\u00e1quina perfiladora de perno, m\u00e1quina perfiladora de pista, m\u00e1quina perfiladora de sombrero de copa, m\u00e1quina perfiladora de clip, m\u00e1quina perfiladora de cubierta de metal (cubierta de piso), m\u00e1quina perfiladora de panel de techo \/ pared, m\u00e1quina perfiladora de teja de techo, m\u00e1quina perfiladora de corrugado, m\u00e1quina perfiladora de cumbrera, m\u00e1quina perfiladora de bajante, etc.<\/p>\n<p>Realizamos diferentes soluciones seg\u00fan el dibujo, la tolerancia y el presupuesto de los clientes, ofreciendo un servicio profesional personalizado, adaptable a todos sus requisitos. Sea cual sea la l\u00ednea que elija, la calidad de la Maquinaria SUNWAY le garantizar\u00e1 la obtenci\u00f3n de perfiles perfectamente funcionales.<\/p>\n<h3>Dibujos de perfil<\/h3>\n<p><img decoding=\"async\" class=\"alignnone size-full wp-image-3502\" src=\"https:\/\/swforming.com\/wp-content\/uploads\/2023\/07\/H1593245d6b2b4935b942b80fc2c2a339N.jpg\" alt=\"\" width=\"1748\" height=\"1824\" title=\"\" srcset=\"https:\/\/swforming.com\/wp-content\/uploads\/2023\/07\/H1593245d6b2b4935b942b80fc2c2a339N.jpg 1748w, https:\/\/swforming.com\/wp-content\/uploads\/2023\/07\/H1593245d6b2b4935b942b80fc2c2a339N-600x626.jpg 600w, https:\/\/swforming.com\/wp-content\/uploads\/2023\/07\/H1593245d6b2b4935b942b80fc2c2a339N-288x300.jpg 288w, https:\/\/swforming.com\/wp-content\/uploads\/2023\/07\/H1593245d6b2b4935b942b80fc2c2a339N-981x1024.jpg 981w, https:\/\/swforming.com\/wp-content\/uploads\/2023\/07\/H1593245d6b2b4935b942b80fc2c2a339N-768x801.jpg 768w, https:\/\/swforming.com\/wp-content\/uploads\/2023\/07\/H1593245d6b2b4935b942b80fc2c2a339N-1472x1536.jpg 1472w, https:\/\/swforming.com\/wp-content\/uploads\/2023\/07\/H1593245d6b2b4935b942b80fc2c2a339N-12x12.jpg 12w\" sizes=\"(max-width: 1748px) 100vw, 1748px\" \/><\/p>\n<p><img decoding=\"async\" class=\"alignnone size-full wp-image-3503\" src=\"https:\/\/swforming.com\/wp-content\/uploads\/2023\/07\/17164703.png\" alt=\"\" width=\"750\" height=\"180\" title=\"\" srcset=\"https:\/\/swforming.com\/wp-content\/uploads\/2023\/07\/17164703.png 750w, https:\/\/swforming.com\/wp-content\/uploads\/2023\/07\/17164703-600x144.png 600w, https:\/\/swforming.com\/wp-content\/uploads\/2023\/07\/17164703-300x72.png 300w, https:\/\/swforming.com\/wp-content\/uploads\/2023\/07\/17164703-18x4.png 18w\" sizes=\"(max-width: 750px) 100vw, 750px\" \/><\/p>\n<h3>L\u00ednea de producci\u00f3n<\/h3>\n<p><img loading=\"lazy\" decoding=\"async\" class=\"alignnone wp-image-3504 size-full\" src=\"https:\/\/swforming.com\/wp-content\/uploads\/2023\/07\/H023bd4afb4c54fcd83f447514af4e34cp.jpg\" alt=\"L\u00ednea de producci\u00f3n de la m\u00e1quina perfiladora de paneles de techo con costura en pie\" width=\"1748\" height=\"1014\" title=\"\" srcset=\"https:\/\/swforming.com\/wp-content\/uploads\/2023\/07\/H023bd4afb4c54fcd83f447514af4e34cp.jpg 1748w, https:\/\/swforming.com\/wp-content\/uploads\/2023\/07\/H023bd4afb4c54fcd83f447514af4e34cp-600x348.jpg 600w, https:\/\/swforming.com\/wp-content\/uploads\/2023\/07\/H023bd4afb4c54fcd83f447514af4e34cp-300x174.jpg 300w, https:\/\/swforming.com\/wp-content\/uploads\/2023\/07\/H023bd4afb4c54fcd83f447514af4e34cp-1024x594.jpg 1024w, https:\/\/swforming.com\/wp-content\/uploads\/2023\/07\/H023bd4afb4c54fcd83f447514af4e34cp-768x446.jpg 768w, https:\/\/swforming.com\/wp-content\/uploads\/2023\/07\/H023bd4afb4c54fcd83f447514af4e34cp-1536x891.jpg 1536w, https:\/\/swforming.com\/wp-content\/uploads\/2023\/07\/H023bd4afb4c54fcd83f447514af4e34cp-18x10.jpg 18w\" sizes=\"(max-width: 1748px) 100vw, 1748px\" \/><\/p>\n<h3>Detalles de producto<\/h3>\n<p><img loading=\"lazy\" decoding=\"async\" class=\"alignnone size-full wp-image-3507\" src=\"https:\/\/swforming.com\/wp-content\/uploads\/2023\/07\/20230717164847-2.png\" alt=\"\" width=\"750\" height=\"1597\" title=\"\" srcset=\"https:\/\/swforming.com\/wp-content\/uploads\/2023\/07\/20230717164847-2.png 750w, https:\/\/swforming.com\/wp-content\/uploads\/2023\/07\/20230717164847-2-600x1278.png 600w, https:\/\/swforming.com\/wp-content\/uploads\/2023\/07\/20230717164847-2-141x300.png 141w, https:\/\/swforming.com\/wp-content\/uploads\/2023\/07\/20230717164847-2-481x1024.png 481w, https:\/\/swforming.com\/wp-content\/uploads\/2023\/07\/20230717164847-2-721x1536.png 721w, https:\/\/swforming.com\/wp-content\/uploads\/2023\/07\/20230717164847-2-6x12.png 6w\" sizes=\"(max-width: 750px) 100vw, 750px\" \/><\/p>\n<h3>Parametros del producto<\/h3>\n<div style=\"overflow-x: auto;\">\n<table>\n<tbody>\n<tr>\n<td colspan=\"3\" rowspan=\"1\" data-sheets-value=\"{&quot;1&quot;:2,&quot;2&quot;:&quot;Stand Seaming Roof Panel Roll Forming Machine&quot;}\">M\u00e1quina Perfiladora de Panel de Techo con Juntura en Pie<\/td>\n<\/tr>\n<tr>\n<td colspan=\"1\" rowspan=\"2\" data-sheets-value=\"{&quot;1&quot;:2,&quot;2&quot;:&quot;Machinable Material&quot;}\">\n<div>Material mecanizable<\/div>\n<\/td>\n<td data-sheets-value=\"{&quot;1&quot;:2,&quot;2&quot;:&quot;A) Galvanized Coil&quot;}\">A) Bobina Galvanizada<\/td>\n<td colspan=\"1\" rowspan=\"2\" data-sheets-value=\"{&quot;1&quot;:2,&quot;2&quot;:&quot;Thickness(MM): 0.3-0.8 According To Your Requirment&quot;}\">\n<div>Espesor (MM): 0,3-0,8 seg\u00fan sus necesidades<\/div>\n<\/td>\n<\/tr>\n<tr>\n<td data-sheets-value=\"{&quot;1&quot;:2,&quot;2&quot;:&quot;B) PPGI, PPGL&quot;}\">B) PPGI, PPGL<\/td>\n<\/tr>\n<tr>\n<td data-sheets-value=\"{&quot;1&quot;:2,&quot;2&quot;:&quot;Yield Strength&quot;}\">L\u00edmite el\u00e1stico<\/td>\n<td colspan=\"2\" rowspan=\"1\" data-sheets-value=\"{&quot;1&quot;:2,&quot;2&quot;:&quot;250 - 350 Mpa \/ 350-550Mpa&quot;}\">250 - 350 Mpa \/ 350-550Mpa<\/td>\n<\/tr>\n<tr>\n<td data-sheets-value=\"{&quot;1&quot;:2,&quot;2&quot;:&quot;Tensil Stress&quot;}\">Estr\u00e9s de tracci\u00f3n<\/td>\n<td colspan=\"2\" rowspan=\"1\" data-sheets-value=\"{&quot;1&quot;:2,&quot;2&quot;:&quot;350 Mpa-550 Mpa&quot;}\">350 Mpa-550 Mpa<\/td>\n<\/tr>\n<tr>\n<td data-sheets-value=\"{&quot;1&quot;:2,&quot;2&quot;:&quot;Coil Width&quot;}\">Ancho de bobina<\/td>\n<td colspan=\"2\" rowspan=\"1\" data-sheets-value=\"{&quot;1&quot;:2,&quot;2&quot;:&quot;500, 600, 610mm etc&quot;}\">500, 600, 610 mm, etc.<\/td>\n<\/tr>\n<tr>\n<td data-sheets-value=\"{&quot;1&quot;:2,&quot;2&quot;:&quot;Forming Speed&quot;}\">Velocidad de formaci\u00f3n<\/td>\n<td data-sheets-value=\"{&quot;1&quot;:2,&quot;2&quot;:&quot;10-20 (m\/min)&quot;}\">10-20 (m\/min)<\/td>\n<td data-sheets-value=\"{&quot;1&quot;:2,&quot;2&quot;:&quot;* Or According To Your Requirment&quot;}\">* O seg\u00fan su requisito<\/td>\n<\/tr>\n<tr>\n<td data-sheets-value=\"{&quot;1&quot;:2,&quot;2&quot;:&quot;Forming Station&quot;}\">Estaci\u00f3n de formaci\u00f3n<\/td>\n<td data-sheets-value=\"{&quot;1&quot;:2,&quot;2&quot;:&quot;18-24 Stations&quot;}\">18-24 estaciones<\/td>\n<td data-sheets-value=\"{&quot;1&quot;:2,&quot;2&quot;:&quot;* According To Your Profile Drawings&quot;}\">* Seg\u00fan sus dibujos de perfil<\/td>\n<\/tr>\n<tr>\n<td data-sheets-value=\"{&quot;1&quot;:2,&quot;2&quot;:&quot;Decoiler&quot;}\">desbobinador<\/td>\n<td data-sheets-value=\"{&quot;1&quot;:2,&quot;2&quot;:&quot;Manual Decoiler&quot;}\">Desenrollador Manual<\/td>\n<td data-sheets-value=\"{&quot;1&quot;:2,&quot;2&quot;:&quot;* Hydraulic Decoiler (Optional)&quot;}\">* Desenrollador Hidr\u00e1ulico (Opcional)<\/td>\n<\/tr>\n<tr>\n<td data-sheets-value=\"{&quot;1&quot;:2,&quot;2&quot;:&quot;Driving System&quot;}\">Sistema de conducci\u00f3n<\/td>\n<td data-sheets-value=\"{&quot;1&quot;:2,&quot;2&quot;:&quot;Chain Drive&quot;}\">Transmisi\u00f3n por cadena<\/td>\n<td data-sheets-value=\"{&quot;1&quot;:2,&quot;2&quot;:&quot;* Gearbox Drive (Optional)&quot;}\">* Transmisi\u00f3n de caja de cambios (opcional)<\/td>\n<\/tr>\n<tr>\n<td data-sheets-value=\"{&quot;1&quot;:2,&quot;2&quot;:&quot;Machine Structure&quot;}\">Estructura de la m\u00e1quina<\/td>\n<td data-sheets-value=\"{&quot;1&quot;:2,&quot;2&quot;:&quot;Steel Plates Welded&quot;}\">Placas de acero soldadas<\/td>\n<td data-sheets-value=\"{&quot;1&quot;:2,&quot;2&quot;:&quot;* Cast Iron Stands (Optional)&quot;}\">* Soportes de hierro fundido (opcional)<\/td>\n<\/tr>\n<tr>\n<td data-sheets-value=\"{&quot;1&quot;:2,&quot;2&quot;:&quot;Rollers\u2019 Material&quot;}\">Material de los rodillos<\/td>\n<td colspan=\"2\" rowspan=\"1\" data-sheets-value=\"{&quot;1&quot;:2,&quot;2&quot;:&quot;45#&quot;}\">45#<\/td>\n<\/tr>\n<tr>\n<td data-sheets-value=\"{&quot;1&quot;:2,&quot;2&quot;:&quot;Cutting System&quot;}\">Sistema de Corte<\/td>\n<td colspan=\"2\" rowspan=\"1\" data-sheets-value=\"{&quot;1&quot;:2,&quot;2&quot;:&quot;Hydraulic Post Cut&quot;}\">Corte hidr\u00e1ulico de postes<\/td>\n<\/tr>\n<tr>\n<td data-sheets-value=\"{&quot;1&quot;:2,&quot;2&quot;:&quot;Seaming Machine&quot;}\">M\u00e1quina de coser<\/td>\n<td data-sheets-value=\"{&quot;1&quot;:2,&quot;2&quot;:&quot;Hand Clamp&quot;}\">Pinza manual<\/td>\n<td data-sheets-value=\"{&quot;1&quot;:2,&quot;2&quot;:&quot;Auto Seamer&quot;}\">Auto Seamer<\/td>\n<\/tr>\n<tr>\n<td data-sheets-value=\"{&quot;1&quot;:2,&quot;2&quot;:&quot;Output Way&quot;}\">V\u00eda de salida<\/td>\n<td colspan=\"2\" rowspan=\"1\" data-sheets-value=\"{&quot;1&quot;:2,&quot;2&quot;:&quot;Roller Table&quot;}\">Mesa de rodillos<\/td>\n<\/tr>\n<tr>\n<td data-sheets-value=\"{&quot;1&quot;:2,&quot;2&quot;:&quot;Frequency Changer Brand&quot;}\">Marca de cambiador de frecuencia<\/td>\n<td data-sheets-value=\"{&quot;1&quot;:2,&quot;2&quot;:&quot;Yaskawa&quot;}\">Yaskawa<\/td>\n<td data-sheets-value=\"{&quot;1&quot;:2,&quot;2&quot;:&quot;* Siemens (Optional)&quot;}\">* Siemens (Opcional)<\/td>\n<\/tr>\n<tr>\n<td data-sheets-value=\"{&quot;1&quot;:2,&quot;2&quot;:&quot;Power Supply&quot;}\">Fuente de alimentaci\u00f3n<\/td>\n<td data-sheets-value=\"{&quot;1&quot;:2,&quot;2&quot;:&quot;380V 50Hz 3ph&quot;}\">380V 50Hz trif\u00e1sico<\/td>\n<td data-sheets-value=\"{&quot;1&quot;:2,&quot;2&quot;:&quot;* Or According To Your Requirment&quot;}\">* O seg\u00fan su requisito<\/td>\n<\/tr>\n<tr>\n<td data-sheets-value=\"{&quot;1&quot;:2,&quot;2&quot;:&quot;Machine Color&quot;}\">Color de la m\u00e1quina<\/td>\n<td data-sheets-value=\"{&quot;1&quot;:2,&quot;2&quot;:&quot;Industrial Blue&quot;}\">azul industrial<\/td>\n<td data-sheets-value=\"{&quot;1&quot;:2,&quot;2&quot;:&quot;* Or According To Your Requirment&quot;}\">* O seg\u00fan su requisito<\/td>\n<\/tr>\n<\/tbody>\n<\/table>\n<\/div>\n<h3>Solicitud<\/h3>\n<p><img loading=\"lazy\" decoding=\"async\" class=\"alignnone size-full wp-image-3508\" src=\"https:\/\/swforming.com\/wp-content\/uploads\/2023\/07\/20230717170414.png\" alt=\"\" width=\"750\" height=\"454\" title=\"\" srcset=\"https:\/\/swforming.com\/wp-content\/uploads\/2023\/07\/20230717170414.png 750w, https:\/\/swforming.com\/wp-content\/uploads\/2023\/07\/20230717170414-600x363.png 600w, https:\/\/swforming.com\/wp-content\/uploads\/2023\/07\/20230717170414-300x182.png 300w, https:\/\/swforming.com\/wp-content\/uploads\/2023\/07\/20230717170414-18x12.png 18w\" sizes=\"(max-width: 750px) 100vw, 750px\" \/><\/p>","protected":false},"excerpt":{"rendered":"<p>La maquina perfiladora de paneles de techo se utiliza principalmente para producir paneles de techo. Normalmente el espesor del panel es de 0,3-0,8 mm con acero galvanizado normal o bobina de color. Y la mayor ventaja de este tipo de dise\u00f1o de techo es que no hay necesidad de tornillos o clavos durante la instalaci\u00f3n.<\/p>\n<p>La m\u00e1quina perfiladora de sistema de techado tiene una gran gama de perfiles de chapa met\u00e1lica. Incluye panel trapezoidal, panel corrugado, teja, teja vidriada, cubierta met\u00e1lica, panel de pared, costura de pie, K span y tapa de cumbrera. Sus productos se utilizan ampliamente en sistemas de tejados y paredes en la construcci\u00f3n de talleres y viviendas.<\/p>","protected":false},"featured_media":3495,"comment_status":"closed","ping_status":"closed","template":"","meta":{"_acf_changed":false},"product_brand":[],"product_cat":[45,115],"product_tag":[],"class_list":{"0":"post-3494","1":"product","2":"type-product","3":"status-publish","4":"has-post-thumbnail","6":"product_cat-metal-wall-roofing","7":"product_cat-stand-seaming-roof-panel-roll-forming-machine","9":"first","10":"instock","11":"shipping-taxable","12":"product-type-simple"},"acf":[],"_links":{"self":[{"href":"https:\/\/swforming.com\/es\/wp-json\/wp\/v2\/product\/3494","targetHints":{"allow":["GET"]}}],"collection":[{"href":"https:\/\/swforming.com\/es\/wp-json\/wp\/v2\/product"}],"about":[{"href":"https:\/\/swforming.com\/es\/wp-json\/wp\/v2\/types\/product"}],"replies":[{"embeddable":true,"href":"https:\/\/swforming.com\/es\/wp-json\/wp\/v2\/comments?post=3494"}],"version-history":[{"count":4,"href":"https:\/\/swforming.com\/es\/wp-json\/wp\/v2\/product\/3494\/revisions"}],"predecessor-version":[{"id":3739,"href":"https:\/\/swforming.com\/es\/wp-json\/wp\/v2\/product\/3494\/revisions\/3739"}],"wp:featuredmedia":[{"embeddable":true,"href":"https:\/\/swforming.com\/es\/wp-json\/wp\/v2\/media\/3495"}],"wp:attachment":[{"href":"https:\/\/swforming.com\/es\/wp-json\/wp\/v2\/media?parent=3494"}],"wp:term":[{"taxonomy":"product_brand","embeddable":true,"href":"https:\/\/swforming.com\/es\/wp-json\/wp\/v2\/product_brand?post=3494"},{"taxonomy":"product_cat","embeddable":true,"href":"https:\/\/swforming.com\/es\/wp-json\/wp\/v2\/product_cat?post=3494"},{"taxonomy":"product_tag","embeddable":true,"href":"https:\/\/swforming.com\/es\/wp-json\/wp\/v2\/product_tag?post=3494"}],"curies":[{"name":"wp","href":"https:\/\/api.w.org\/{rel}","templated":true}]}}