{"id":3422,"date":"2023-07-10T09:15:48","date_gmt":"2023-07-10T09:15:48","guid":{"rendered":"https:\/\/swforming.com\/?post_type=product&#038;p=3422"},"modified":"2023-08-02T02:19:56","modified_gmt":"2023-08-02T02:19:56","slug":"downspout-pipe-roll-forming-machine","status":"publish","type":"product","link":"https:\/\/swforming.com\/es\/product\/downspout-pipe-roll-forming-machine\/","title":{"rendered":"M\u00e1quina perfiladora de tubos de bajante"},"content":{"rendered":"<p><img fetchpriority=\"high\" decoding=\"async\" class=\"alignnone wp-image-3429 size-full\" src=\"https:\/\/swforming.com\/wp-content\/uploads\/2023\/07\/H174064405f244f1ebe1379a900b987298.jpg\" alt=\"M\u00e1quina perfiladora de tubos de bajante\" width=\"750\" height=\"1045\" title=\"\" srcset=\"https:\/\/swforming.com\/wp-content\/uploads\/2023\/07\/H174064405f244f1ebe1379a900b987298.jpg 750w, https:\/\/swforming.com\/wp-content\/uploads\/2023\/07\/H174064405f244f1ebe1379a900b987298-600x836.jpg 600w, https:\/\/swforming.com\/wp-content\/uploads\/2023\/07\/H174064405f244f1ebe1379a900b987298-215x300.jpg 215w, https:\/\/swforming.com\/wp-content\/uploads\/2023\/07\/H174064405f244f1ebe1379a900b987298-735x1024.jpg 735w, https:\/\/swforming.com\/wp-content\/uploads\/2023\/07\/H174064405f244f1ebe1379a900b987298-9x12.jpg 9w\" sizes=\"(max-width: 750px) 100vw, 750px\" \/><\/p>\n<p>La maquina perfiladora de tubo de bajada de aguas se utiliza para producir bajantes en el sistema de aguas pluviales. Normalmente el espesor de la bajante y canal\u00f3n podr\u00eda ser 0.4mm-0.8mm, 0.8-1.5mm o como usted lo solicite con la materia prima: Aluminio, Acero galvanizado, Acero pintado, Galvalume, Acero inoxidable, etc.<\/p>\n<p>Hay maquina perfiladora de tubo cuadrado (maquina perfiladora de bajantes rectangulares) y maquina perfiladora de tubo redondo (maquina perfiladora de bajantes corrugados redondos) tambi\u00e9n una maquina de codo separada. En el sistema de aguas pluviales, somos capaces de fabricar m\u00e1s m\u00e1quinas como la maquina perfiladora de canal\u00f3n, etc. Nuestra maquina perfiladora de canal\u00f3n consiste principalmente en desenrollador, sistema de perfilado, equipo de corte, sistema hidr\u00e1ulico, sistema de control y mesa de salida. Puede hacer la curva para el tubo de bajada para cumplir con el requisito de proyectos pr\u00e1cticos de ingenier\u00eda.<\/p>\n<p>En Industrias de la Construcci\u00f3n, somos capaces de fabricar m\u00e1s m\u00e1quinas como la m\u00e1quina perfiladora de canal principal, m\u00e1quina perfiladora de correa, m\u00e1quina perfiladora de paneles de yeso, m\u00e1quina perfiladora de perno, m\u00e1quina perfiladora de pista, m\u00e1quina perfiladora de sombrero de copa, m\u00e1quina perfiladora de clip, m\u00e1quina perfiladora de cubierta de metal (cubierta de piso), m\u00e1quina perfiladora de panel de techo \/ pared, m\u00e1quina perfiladora de teja de techo, m\u00e1quina perfiladora de corrugado, m\u00e1quina perfiladora de cumbrera, m\u00e1quina perfiladora de bajante, etc.<\/p>\n<p>Realizamos diferentes soluciones seg\u00fan el dibujo, la tolerancia y el presupuesto de los clientes, ofreciendo un servicio profesional personalizado, adaptable a todos sus requisitos. Sea cual sea la l\u00ednea que elija, la calidad de la Maquinaria SUNWAY le garantizar\u00e1 la obtenci\u00f3n de perfiles perfectamente funcionales.<\/p>\n<h3>Dibujos de perfil<\/h3>\n<h3><img decoding=\"async\" class=\"alignnone size-full wp-image-3430\" src=\"https:\/\/swforming.com\/wp-content\/uploads\/2023\/07\/20230710170659.png\" alt=\"\" width=\"750\" height=\"182\" title=\"\" srcset=\"https:\/\/swforming.com\/wp-content\/uploads\/2023\/07\/20230710170659.png 750w, https:\/\/swforming.com\/wp-content\/uploads\/2023\/07\/20230710170659-600x146.png 600w, https:\/\/swforming.com\/wp-content\/uploads\/2023\/07\/20230710170659-300x73.png 300w, https:\/\/swforming.com\/wp-content\/uploads\/2023\/07\/20230710170659-18x4.png 18w\" sizes=\"(max-width: 750px) 100vw, 750px\" \/><\/h3>\n<p><img decoding=\"async\" class=\"alignnone size-full wp-image-3431\" src=\"https:\/\/swforming.com\/wp-content\/uploads\/2023\/07\/H9f8171dad3b24efe84aa59c0edbb384cJ.jpg\" alt=\"\" width=\"1748\" height=\"1839\" title=\"\" srcset=\"https:\/\/swforming.com\/wp-content\/uploads\/2023\/07\/H9f8171dad3b24efe84aa59c0edbb384cJ.jpg 1748w, https:\/\/swforming.com\/wp-content\/uploads\/2023\/07\/H9f8171dad3b24efe84aa59c0edbb384cJ-600x631.jpg 600w, https:\/\/swforming.com\/wp-content\/uploads\/2023\/07\/H9f8171dad3b24efe84aa59c0edbb384cJ-285x300.jpg 285w, https:\/\/swforming.com\/wp-content\/uploads\/2023\/07\/H9f8171dad3b24efe84aa59c0edbb384cJ-973x1024.jpg 973w, https:\/\/swforming.com\/wp-content\/uploads\/2023\/07\/H9f8171dad3b24efe84aa59c0edbb384cJ-768x808.jpg 768w, https:\/\/swforming.com\/wp-content\/uploads\/2023\/07\/H9f8171dad3b24efe84aa59c0edbb384cJ-1460x1536.jpg 1460w, https:\/\/swforming.com\/wp-content\/uploads\/2023\/07\/H9f8171dad3b24efe84aa59c0edbb384cJ-11x12.jpg 11w\" sizes=\"(max-width: 1748px) 100vw, 1748px\" \/><\/p>\n<h3>L\u00ednea de producci\u00f3n<\/h3>\n<p><img loading=\"lazy\" decoding=\"async\" class=\"alignnone size-full wp-image-3432\" src=\"https:\/\/swforming.com\/wp-content\/uploads\/2023\/07\/H4d9ace28a6c04ac3a0598e3d70cfa4c3d.jpg\" alt=\"\" width=\"1748\" height=\"606\" title=\"\" srcset=\"https:\/\/swforming.com\/wp-content\/uploads\/2023\/07\/H4d9ace28a6c04ac3a0598e3d70cfa4c3d.jpg 1748w, https:\/\/swforming.com\/wp-content\/uploads\/2023\/07\/H4d9ace28a6c04ac3a0598e3d70cfa4c3d-600x208.jpg 600w, https:\/\/swforming.com\/wp-content\/uploads\/2023\/07\/H4d9ace28a6c04ac3a0598e3d70cfa4c3d-300x104.jpg 300w, https:\/\/swforming.com\/wp-content\/uploads\/2023\/07\/H4d9ace28a6c04ac3a0598e3d70cfa4c3d-1024x355.jpg 1024w, https:\/\/swforming.com\/wp-content\/uploads\/2023\/07\/H4d9ace28a6c04ac3a0598e3d70cfa4c3d-768x266.jpg 768w, https:\/\/swforming.com\/wp-content\/uploads\/2023\/07\/H4d9ace28a6c04ac3a0598e3d70cfa4c3d-1536x533.jpg 1536w, https:\/\/swforming.com\/wp-content\/uploads\/2023\/07\/H4d9ace28a6c04ac3a0598e3d70cfa4c3d-18x6.jpg 18w\" sizes=\"(max-width: 1748px) 100vw, 1748px\" \/><\/p>\n<h3>Detalles de producto<\/h3>\n<p><img loading=\"lazy\" decoding=\"async\" class=\"alignnone size-full wp-image-3433\" src=\"https:\/\/swforming.com\/wp-content\/uploads\/2023\/07\/20230710170848.png\" alt=\"\" width=\"750\" height=\"943\" title=\"\" srcset=\"https:\/\/swforming.com\/wp-content\/uploads\/2023\/07\/20230710170848.png 750w, https:\/\/swforming.com\/wp-content\/uploads\/2023\/07\/20230710170848-600x754.png 600w, https:\/\/swforming.com\/wp-content\/uploads\/2023\/07\/20230710170848-239x300.png 239w, https:\/\/swforming.com\/wp-content\/uploads\/2023\/07\/20230710170848-10x12.png 10w\" sizes=\"(max-width: 750px) 100vw, 750px\" \/><\/p>\n<h3>Parametros del producto<\/h3>\n<div style=\"overflow-x: auto;\">\n<table>\n<tbody>\n<tr>\n<td colspan=\"3\" rowspan=\"1\" data-sheets-value=\"{&quot;1&quot;:2,&quot;2&quot;:&quot;Dounspout Roll Forming Machine&quot;}\">M\u00e1quina Perfiladora Dounspout<\/td>\n<\/tr>\n<tr>\n<td colspan=\"1\" rowspan=\"2\" data-sheets-value=\"{&quot;1&quot;:2,&quot;2&quot;:&quot;Machinable Material&quot;}\">\n<div>Material mecanizable<\/div>\n<\/td>\n<td data-sheets-value=\"{&quot;1&quot;:2,&quot;2&quot;:&quot;A) Galvanized Coil&quot;}\">A) Bobina Galvanizada<\/td>\n<td colspan=\"1\" rowspan=\"2\" data-sheets-value=\"{&quot;1&quot;:2,&quot;2&quot;:&quot;Thickness(MM): 0.3-0.8 According To Your Requirment&quot;}\">\n<div>Espesor (MM): 0,3-0,8 seg\u00fan sus necesidades<\/div>\n<\/td>\n<\/tr>\n<tr>\n<td data-sheets-value=\"{&quot;1&quot;:2,&quot;2&quot;:&quot;B) PPGI, PPGL&quot;}\">B) PPGI, PPGL<\/td>\n<\/tr>\n<tr>\n<td data-sheets-value=\"{&quot;1&quot;:2,&quot;2&quot;:&quot;Yield Strength&quot;}\">L\u00edmite el\u00e1stico<\/td>\n<td colspan=\"2\" rowspan=\"1\" data-sheets-value=\"{&quot;1&quot;:2,&quot;2&quot;:&quot;250 - 350 Mpa \/ 350-550Mpa&quot;}\">250 - 350 Mpa \/ 350-550Mpa<\/td>\n<\/tr>\n<tr>\n<td data-sheets-value=\"{&quot;1&quot;:2,&quot;2&quot;:&quot;Tensil Stress&quot;}\">Estr\u00e9s de tracci\u00f3n<\/td>\n<td colspan=\"2\" rowspan=\"1\" data-sheets-value=\"{&quot;1&quot;:2,&quot;2&quot;:&quot;350 Mpa-550 Mpa&quot;}\">350 Mpa-550 Mpa<\/td>\n<\/tr>\n<tr>\n<td data-sheets-value=\"{&quot;1&quot;:2,&quot;2&quot;:&quot;Coil Width&quot;}\">Ancho de bobina<\/td>\n<td colspan=\"2\" rowspan=\"1\" data-sheets-value=\"{&quot;1&quot;:2,&quot;2&quot;:&quot;As Per The Detailed Profile&quot;}\">Seg\u00fan el perfil detallado<\/td>\n<\/tr>\n<tr>\n<td data-sheets-value=\"{&quot;1&quot;:2,&quot;2&quot;:&quot;Forming Speed&quot;}\">Velocidad de formaci\u00f3n<\/td>\n<td data-sheets-value=\"{&quot;1&quot;:2,&quot;2&quot;:&quot;10-15 m\/min&quot;}\">10-15 m\/min<\/td>\n<td data-sheets-value=\"{&quot;1&quot;:2,&quot;2&quot;:&quot;* Or According To Your Requirment&quot;}\">* O seg\u00fan su requisito<\/td>\n<\/tr>\n<tr>\n<td data-sheets-value=\"{&quot;1&quot;:2,&quot;2&quot;:&quot;Forming Station&quot;}\">Estaci\u00f3n de formaci\u00f3n<\/td>\n<td data-sheets-value=\"{&quot;1&quot;:2,&quot;2&quot;:&quot;18-24 Stations&quot;}\">18-24 estaciones<\/td>\n<td data-sheets-value=\"{&quot;1&quot;:2,&quot;2&quot;:&quot;* According To Your Profile Drawings&quot;}\">* Seg\u00fan sus dibujos de perfil<\/td>\n<\/tr>\n<tr>\n<td data-sheets-value=\"{&quot;1&quot;:2,&quot;2&quot;:&quot;Decoiler&quot;}\">desbobinador<\/td>\n<td data-sheets-value=\"{&quot;1&quot;:2,&quot;2&quot;:&quot;Manual Decoiler&quot;}\">Desenrollador Manual<\/td>\n<td data-sheets-value=\"{&quot;1&quot;:2,&quot;2&quot;:&quot;* Hydraulic Decoiler (Optional)&quot;}\">* Desenrollador Hidr\u00e1ulico (Opcional)<\/td>\n<\/tr>\n<tr>\n<td data-sheets-value=\"{&quot;1&quot;:2,&quot;2&quot;:&quot;Driving System&quot;}\">Sistema de conducci\u00f3n<\/td>\n<td data-sheets-value=\"{&quot;1&quot;:2,&quot;2&quot;:&quot;Chain Drive&quot;}\">Transmisi\u00f3n por cadena<\/td>\n<td data-sheets-value=\"{&quot;1&quot;:2,&quot;2&quot;:&quot;* Gearbox Drive (Optional)&quot;}\">* Transmisi\u00f3n de caja de cambios (opcional)<\/td>\n<\/tr>\n<tr>\n<td data-sheets-value=\"{&quot;1&quot;:2,&quot;2&quot;:&quot;Machine Structure&quot;}\">Estructura de la m\u00e1quina<\/td>\n<td data-sheets-value=\"{&quot;1&quot;:2,&quot;2&quot;:&quot;Steel Plates Welded&quot;}\">Placas de acero soldadas<\/td>\n<td data-sheets-value=\"{&quot;1&quot;:2,&quot;2&quot;:&quot;* Individual Station (Optional)&quot;}\">* Estaci\u00f3n individual (opcional)<\/td>\n<\/tr>\n<tr>\n<td data-sheets-value=\"{&quot;1&quot;:2,&quot;2&quot;:&quot;Rollers\u2019 Material&quot;}\">Material de los rodillos<\/td>\n<td colspan=\"2\" rowspan=\"1\" data-sheets-value=\"{&quot;1&quot;:2,&quot;2&quot;:&quot;45#&quot;}\">45#<\/td>\n<\/tr>\n<tr>\n<td data-sheets-value=\"{&quot;1&quot;:2,&quot;2&quot;:&quot;Cutting System&quot;}\">Sistema de Corte<\/td>\n<td data-sheets-value=\"{&quot;1&quot;:2,&quot;2&quot;:&quot;Hydraulic Post Cut&quot;}\">Corte hidr\u00e1ulico de postes<\/td>\n<td data-sheets-value=\"{&quot;1&quot;:2,&quot;2&quot;:&quot;* Hydraulic Servo Tracking Cutter (Optional)&quot;}\">* Servo hidr\u00e1ulico de seguimiento de corte (Opcional)<\/td>\n<\/tr>\n<tr>\n<td data-sheets-value=\"{&quot;1&quot;:2,&quot;2&quot;:&quot;Output Way&quot;}\">V\u00eda de salida<\/td>\n<td colspan=\"2\" rowspan=\"1\" data-sheets-value=\"{&quot;1&quot;:2,&quot;2&quot;:&quot;Roller Table&quot;}\">Mesa de rodillos<\/td>\n<\/tr>\n<tr>\n<td data-sheets-value=\"{&quot;1&quot;:2,&quot;2&quot;:&quot;Frequency Changer Brand&quot;}\">Marca de cambiador de frecuencia<\/td>\n<td data-sheets-value=\"{&quot;1&quot;:2,&quot;2&quot;:&quot;Yaskawa&quot;}\">Yaskawa<\/td>\n<td data-sheets-value=\"{&quot;1&quot;:2,&quot;2&quot;:&quot;* Siemens (Optional)&quot;}\">* Siemens (Opcional)<\/td>\n<\/tr>\n<tr>\n<td data-sheets-value=\"{&quot;1&quot;:2,&quot;2&quot;:&quot;Power Supply&quot;}\">Fuente de alimentaci\u00f3n<\/td>\n<td data-sheets-value=\"{&quot;1&quot;:2,&quot;2&quot;:&quot;380V 50Hz&quot;}\">380V 50Hz<\/td>\n<td data-sheets-value=\"{&quot;1&quot;:2,&quot;2&quot;:&quot;* Or According To Your Requirment&quot;}\">* O seg\u00fan su requisito<\/td>\n<\/tr>\n<tr>\n<td data-sheets-value=\"{&quot;1&quot;:2,&quot;2&quot;:&quot;Machine Color&quot;}\">Color de la m\u00e1quina<\/td>\n<td data-sheets-value=\"{&quot;1&quot;:2,&quot;2&quot;:&quot;Industrial Blue&quot;}\">azul industrial<\/td>\n<td data-sheets-value=\"{&quot;1&quot;:2,&quot;2&quot;:&quot;* Or According To Your Requirment&quot;}\">* O seg\u00fan su requisito<\/td>\n<\/tr>\n<\/tbody>\n<\/table>\n<\/div>\n<h3>Solicitud<\/h3>\n<p><img loading=\"lazy\" decoding=\"async\" class=\"alignnone size-full wp-image-3436\" src=\"https:\/\/swforming.com\/wp-content\/uploads\/2023\/07\/20230710171313.png\" alt=\"\" width=\"750\" height=\"453\" title=\"\" srcset=\"https:\/\/swforming.com\/wp-content\/uploads\/2023\/07\/20230710171313.png 750w, https:\/\/swforming.com\/wp-content\/uploads\/2023\/07\/20230710171313-600x362.png 600w, https:\/\/swforming.com\/wp-content\/uploads\/2023\/07\/20230710171313-300x181.png 300w, https:\/\/swforming.com\/wp-content\/uploads\/2023\/07\/20230710171313-18x12.png 18w\" sizes=\"(max-width: 750px) 100vw, 750px\" \/><\/p>","protected":false},"excerpt":{"rendered":"<p>La maquina perfiladora de tubo de bajada de aguas se utiliza para producir bajantes en el sistema de aguas pluviales. Normalmente el espesor de la bajante y canal\u00f3n podr\u00eda ser 0.4mm-0.8mm, 0.8-1.5mm o como usted lo solicite con la materia prima: Aluminio, Acero galvanizado, Acero pintado, Galvalume, Acero inoxidable, etc.<\/p>\n<p>Hay maquina perfiladora de tubo cuadrado (maquina perfiladora de bajantes rectangulares) y maquina perfiladora de tubo redondo (maquina perfiladora de bajantes corrugados redondos) tambi\u00e9n una maquina de codo separada. En el sistema de aguas pluviales, somos capaces de fabricar m\u00e1s m\u00e1quinas como la maquina perfiladora de canal\u00f3n, etc. Nuestra maquina perfiladora de canal\u00f3n consiste principalmente en desenrollador, sistema de perfilado, equipo de corte, sistema hidr\u00e1ulico, sistema de control y mesa de salida. Puede hacer la curva para el tubo de bajada para cumplir con el requisito de proyectos pr\u00e1cticos de ingenier\u00eda.<\/p>","protected":false},"featured_media":3423,"comment_status":"closed","ping_status":"closed","template":"","meta":{"_acf_changed":false},"product_brand":[],"product_cat":[45,81],"product_tag":[],"class_list":{"0":"post-3422","1":"product","2":"type-product","3":"status-publish","4":"has-post-thumbnail","6":"product_cat-metal-wall-roofing","7":"product_cat-downspout-pipe-roll-forming-machine","9":"first","10":"instock","11":"shipping-taxable","12":"product-type-simple"},"acf":[],"_links":{"self":[{"href":"https:\/\/swforming.com\/es\/wp-json\/wp\/v2\/product\/3422","targetHints":{"allow":["GET"]}}],"collection":[{"href":"https:\/\/swforming.com\/es\/wp-json\/wp\/v2\/product"}],"about":[{"href":"https:\/\/swforming.com\/es\/wp-json\/wp\/v2\/types\/product"}],"replies":[{"embeddable":true,"href":"https:\/\/swforming.com\/es\/wp-json\/wp\/v2\/comments?post=3422"}],"version-history":[{"count":5,"href":"https:\/\/swforming.com\/es\/wp-json\/wp\/v2\/product\/3422\/revisions"}],"predecessor-version":[{"id":3740,"href":"https:\/\/swforming.com\/es\/wp-json\/wp\/v2\/product\/3422\/revisions\/3740"}],"wp:featuredmedia":[{"embeddable":true,"href":"https:\/\/swforming.com\/es\/wp-json\/wp\/v2\/media\/3423"}],"wp:attachment":[{"href":"https:\/\/swforming.com\/es\/wp-json\/wp\/v2\/media?parent=3422"}],"wp:term":[{"taxonomy":"product_brand","embeddable":true,"href":"https:\/\/swforming.com\/es\/wp-json\/wp\/v2\/product_brand?post=3422"},{"taxonomy":"product_cat","embeddable":true,"href":"https:\/\/swforming.com\/es\/wp-json\/wp\/v2\/product_cat?post=3422"},{"taxonomy":"product_tag","embeddable":true,"href":"https:\/\/swforming.com\/es\/wp-json\/wp\/v2\/product_tag?post=3422"}],"curies":[{"name":"wp","href":"https:\/\/api.w.org\/{rel}","templated":true}]}}