{"id":3359,"date":"2023-07-03T09:09:45","date_gmt":"2023-07-03T09:09:45","guid":{"rendered":"https:\/\/swforming.com\/?post_type=product&#038;p=3359"},"modified":"2023-08-02T02:36:01","modified_gmt":"2023-08-02T02:36:01","slug":"gutter-roll-forming-machine-2","status":"publish","type":"product","link":"https:\/\/swforming.com\/es\/product\/gutter-roll-forming-machine-2\/","title":{"rendered":"M\u00e1quina perfiladora de canalones"},"content":{"rendered":"<p><img fetchpriority=\"high\" decoding=\"async\" class=\"alignnone wp-image-3366 size-full\" src=\"https:\/\/swforming.com\/wp-content\/uploads\/2023\/07\/Ha1ce60280f2b4d6abdbd85e6aff2b0aeA.jpg\" alt=\"M\u00e1quina perfiladora de canalones\" width=\"750\" height=\"971\" title=\"\" srcset=\"https:\/\/swforming.com\/wp-content\/uploads\/2023\/07\/Ha1ce60280f2b4d6abdbd85e6aff2b0aeA.jpg 750w, https:\/\/swforming.com\/wp-content\/uploads\/2023\/07\/Ha1ce60280f2b4d6abdbd85e6aff2b0aeA-600x777.jpg 600w, https:\/\/swforming.com\/wp-content\/uploads\/2023\/07\/Ha1ce60280f2b4d6abdbd85e6aff2b0aeA-232x300.jpg 232w, https:\/\/swforming.com\/wp-content\/uploads\/2023\/07\/Ha1ce60280f2b4d6abdbd85e6aff2b0aeA-9x12.jpg 9w\" sizes=\"(max-width: 750px) 100vw, 750px\" \/><\/p>\n<p><span data-spm-anchor-id=\"a2700.details.0.i37.30694150AN8udt\">Una m\u00e1quina perfiladora de canalones se utiliza para producir canalones de lluvia, que se utilizan en el sistema de mercanc\u00edas de agua de lluvia. La m\u00e1quina es totalmente autom\u00e1tica controlada por el sistema de control PLC, con la ventaja de f\u00e1cil operaci\u00f3n y r\u00e1pida eficiencia. Es un sistema de ca\u00edda de agua de metal, que es una zanja de recogida en el lado de los aleros. La maquina perfiladora de canalones de lluvia se fijan a los bordes del tejado y se utilizan para bajar el agua y alejarla de la casa y sus cimientos. La mayor\u00eda de los canalones constan de tramos de canal\u00f3n, salidas de ca\u00edda y bajantes.<\/span><\/p>\n<p>Los canalones pueden fabricarse en aluminio, acero galvanizado, acero pintado, galvanizado, acero inoxidable, etc. El espesor de bajantes y canalones puede ser de 0.4mm-0.8mm, 0.8-1.5mm. En el sistema de aguas pluviales, somos capaces de fabricar mas maquinas como la maquina perfiladora de bajantes o tubos de bajada, etc.<\/p>\n<p>En Industrias de la Construcci\u00f3n, somos capaces de fabricar m\u00e1s m\u00e1quinas como la m\u00e1quina perfiladora de canal principal, m\u00e1quina perfiladora de correa, m\u00e1quina perfiladora de paneles de yeso, m\u00e1quina perfiladora de perno, m\u00e1quina perfiladora de pista, m\u00e1quina perfiladora de sombrero de copa, m\u00e1quina perfiladora de clip, m\u00e1quina perfiladora de cubierta de metal (cubierta de piso), m\u00e1quina perfiladora de panel de techo \/ pared, m\u00e1quina perfiladora de teja de techo, m\u00e1quina perfiladora de corrugado, m\u00e1quina perfiladora de cumbrera, m\u00e1quina perfiladora de bajante, etc.<\/p>\n<div>Realizamos diferentes soluciones seg\u00fan el dibujo, la tolerancia y el presupuesto de los clientes, ofreciendo un servicio profesional personalizado, adaptable a todos sus requisitos. Sea cual sea la l\u00ednea que elija, la calidad de la Maquinaria SUNWAY le garantizar\u00e1 la obtenci\u00f3n de perfiles perfectamente funcionales.<\/div>\n<h3>Dibujos de perfil<\/h3>\n<p><img decoding=\"async\" class=\"alignnone size-full wp-image-3367\" src=\"https:\/\/swforming.com\/wp-content\/uploads\/2023\/07\/703165543.png\" alt=\"\" width=\"750\" height=\"181\" title=\"\" srcset=\"https:\/\/swforming.com\/wp-content\/uploads\/2023\/07\/703165543.png 750w, https:\/\/swforming.com\/wp-content\/uploads\/2023\/07\/703165543-600x145.png 600w, https:\/\/swforming.com\/wp-content\/uploads\/2023\/07\/703165543-300x72.png 300w, https:\/\/swforming.com\/wp-content\/uploads\/2023\/07\/703165543-18x4.png 18w\" sizes=\"(max-width: 750px) 100vw, 750px\" \/><\/p>\n<p><img decoding=\"async\" class=\"alignnone size-full wp-image-3369\" src=\"https:\/\/swforming.com\/wp-content\/uploads\/2023\/07\/Hae41a034d22f48b493a34faa5ec37006Y-1.jpg\" alt=\"\" width=\"1748\" height=\"1660\" title=\"\" srcset=\"https:\/\/swforming.com\/wp-content\/uploads\/2023\/07\/Hae41a034d22f48b493a34faa5ec37006Y-1.jpg 1748w, https:\/\/swforming.com\/wp-content\/uploads\/2023\/07\/Hae41a034d22f48b493a34faa5ec37006Y-1-600x570.jpg 600w, https:\/\/swforming.com\/wp-content\/uploads\/2023\/07\/Hae41a034d22f48b493a34faa5ec37006Y-1-300x285.jpg 300w, https:\/\/swforming.com\/wp-content\/uploads\/2023\/07\/Hae41a034d22f48b493a34faa5ec37006Y-1-1024x972.jpg 1024w, https:\/\/swforming.com\/wp-content\/uploads\/2023\/07\/Hae41a034d22f48b493a34faa5ec37006Y-1-768x729.jpg 768w, https:\/\/swforming.com\/wp-content\/uploads\/2023\/07\/Hae41a034d22f48b493a34faa5ec37006Y-1-1536x1459.jpg 1536w, https:\/\/swforming.com\/wp-content\/uploads\/2023\/07\/Hae41a034d22f48b493a34faa5ec37006Y-1-13x12.jpg 13w\" sizes=\"(max-width: 1748px) 100vw, 1748px\" \/><\/p>\n<h3>L\u00ednea de producci\u00f3n<img loading=\"lazy\" decoding=\"async\" class=\"alignnone size-full wp-image-3370\" src=\"https:\/\/swforming.com\/wp-content\/uploads\/2023\/07\/H0469c2f511c048de83ef6efaa4f7b757G.jpg\" alt=\"\" width=\"1748\" height=\"606\" title=\"\" srcset=\"https:\/\/swforming.com\/wp-content\/uploads\/2023\/07\/H0469c2f511c048de83ef6efaa4f7b757G.jpg 1748w, https:\/\/swforming.com\/wp-content\/uploads\/2023\/07\/H0469c2f511c048de83ef6efaa4f7b757G-600x208.jpg 600w, https:\/\/swforming.com\/wp-content\/uploads\/2023\/07\/H0469c2f511c048de83ef6efaa4f7b757G-300x104.jpg 300w, https:\/\/swforming.com\/wp-content\/uploads\/2023\/07\/H0469c2f511c048de83ef6efaa4f7b757G-1024x355.jpg 1024w, https:\/\/swforming.com\/wp-content\/uploads\/2023\/07\/H0469c2f511c048de83ef6efaa4f7b757G-768x266.jpg 768w, https:\/\/swforming.com\/wp-content\/uploads\/2023\/07\/H0469c2f511c048de83ef6efaa4f7b757G-1536x533.jpg 1536w, https:\/\/swforming.com\/wp-content\/uploads\/2023\/07\/H0469c2f511c048de83ef6efaa4f7b757G-18x6.jpg 18w\" sizes=\"(max-width: 1748px) 100vw, 1748px\" \/><\/h3>\n<h3>Detalles de producto<\/h3>\n<p><img loading=\"lazy\" decoding=\"async\" class=\"alignnone size-full wp-image-3372\" src=\"https:\/\/swforming.com\/wp-content\/uploads\/2023\/07\/20230703165828.png\" alt=\"\" width=\"750\" height=\"965\" title=\"\" srcset=\"https:\/\/swforming.com\/wp-content\/uploads\/2023\/07\/20230703165828.png 750w, https:\/\/swforming.com\/wp-content\/uploads\/2023\/07\/20230703165828-600x772.png 600w, https:\/\/swforming.com\/wp-content\/uploads\/2023\/07\/20230703165828-233x300.png 233w, https:\/\/swforming.com\/wp-content\/uploads\/2023\/07\/20230703165828-9x12.png 9w\" sizes=\"(max-width: 750px) 100vw, 750px\" \/><\/p>\n<h3>Parametros del producto<\/h3>\n<div style=\"overflow-x: auto;\">\n<table>\n<tbody>\n<tr>\n<td style=\"text-align: center;\" colspan=\"3\" rowspan=\"1\" data-sheets-value=\"{&quot;1&quot;:2,&quot;2&quot;:&quot;Gutter Roll Forming Machine&quot;}\"><strong>M\u00e1quina perfiladora de canalones<\/strong><\/td>\n<\/tr>\n<tr>\n<td colspan=\"1\" rowspan=\"2\" data-sheets-value=\"{&quot;1&quot;:2,&quot;2&quot;:&quot;Machinable Material&quot;}\">\n<div>Material mecanizable<\/div>\n<\/td>\n<td data-sheets-value=\"{&quot;1&quot;:2,&quot;2&quot;:&quot;A) Galvanized Coil&quot;}\">A) Bobina Galvanizada<\/td>\n<td colspan=\"1\" rowspan=\"2\" data-sheets-value=\"{&quot;1&quot;:2,&quot;2&quot;:&quot;Thickness(MM): 0.3-0.8 According To Your Requirment&quot;}\">\n<div>Espesor (MM): 0,3-0,8 seg\u00fan sus necesidades<\/div>\n<\/td>\n<\/tr>\n<tr>\n<td data-sheets-value=\"{&quot;1&quot;:2,&quot;2&quot;:&quot;B) PPGI, PPGL&quot;}\">B) PPGI, PPGL<\/td>\n<\/tr>\n<tr>\n<td data-sheets-value=\"{&quot;1&quot;:2,&quot;2&quot;:&quot;Yield Strength&quot;}\">L\u00edmite el\u00e1stico<\/td>\n<td colspan=\"2\" rowspan=\"1\" data-sheets-value=\"{&quot;1&quot;:2,&quot;2&quot;:&quot;250 - 350 Mpa \/ 350-550Mpa&quot;}\">250 - 350 Mpa \/ 350-550Mpa<\/td>\n<\/tr>\n<tr>\n<td data-sheets-value=\"{&quot;1&quot;:2,&quot;2&quot;:&quot;Tensil Stress&quot;}\">Estr\u00e9s de tracci\u00f3n<\/td>\n<td colspan=\"2\" rowspan=\"1\" data-sheets-value=\"{&quot;1&quot;:2,&quot;2&quot;:&quot;350 Mpa-550 Mpa&quot;}\">350 Mpa-550 Mpa<\/td>\n<\/tr>\n<tr>\n<td data-sheets-value=\"{&quot;1&quot;:2,&quot;2&quot;:&quot;Coil Width&quot;}\">Ancho de bobina<\/td>\n<td colspan=\"2\" rowspan=\"1\" data-sheets-value=\"{&quot;1&quot;:2,&quot;2&quot;:&quot;As Per The Detailed Profile&quot;}\">Seg\u00fan el perfil detallado<\/td>\n<\/tr>\n<tr>\n<td data-sheets-value=\"{&quot;1&quot;:2,&quot;2&quot;:&quot;Forming Speed&quot;}\">Velocidad de formaci\u00f3n<\/td>\n<td data-sheets-value=\"{&quot;1&quot;:2,&quot;2&quot;:&quot;10-15 m\/min&quot;}\">10-15 m\/min<\/td>\n<td data-sheets-value=\"{&quot;1&quot;:2,&quot;2&quot;:&quot;* Or According To Your Requirment&quot;}\">* O seg\u00fan su requisito<\/td>\n<\/tr>\n<tr>\n<td data-sheets-value=\"{&quot;1&quot;:2,&quot;2&quot;:&quot;Forming Station&quot;}\">Estaci\u00f3n de formaci\u00f3n<\/td>\n<td data-sheets-value=\"{&quot;1&quot;:2,&quot;2&quot;:&quot;10-20 Stations&quot;}\">10-20 estaciones<\/td>\n<td data-sheets-value=\"{&quot;1&quot;:2,&quot;2&quot;:&quot;* According To Your Profile Drawings&quot;}\">* Seg\u00fan sus dibujos de perfil<\/td>\n<\/tr>\n<tr>\n<td data-sheets-value=\"{&quot;1&quot;:2,&quot;2&quot;:&quot;Decoiler&quot;}\">desbobinador<\/td>\n<td data-sheets-value=\"{&quot;1&quot;:2,&quot;2&quot;:&quot;Manual Decoiler&quot;}\">Desenrollador Manual<\/td>\n<td data-sheets-value=\"{&quot;1&quot;:2,&quot;2&quot;:&quot;* Hydraulic Decoiler (Optional)&quot;}\">* Desenrollador Hidr\u00e1ulico (Opcional)<\/td>\n<\/tr>\n<tr>\n<td data-sheets-value=\"{&quot;1&quot;:2,&quot;2&quot;:&quot;Driving System&quot;}\">Sistema de conducci\u00f3n<\/td>\n<td data-sheets-value=\"{&quot;1&quot;:2,&quot;2&quot;:&quot;Chain Drive&quot;}\">Transmisi\u00f3n por cadena<\/td>\n<td data-sheets-value=\"{&quot;1&quot;:2,&quot;2&quot;:&quot;* Gearbox Drive (Optional)&quot;}\">* Transmisi\u00f3n de caja de cambios (opcional)<\/td>\n<\/tr>\n<tr>\n<td data-sheets-value=\"{&quot;1&quot;:2,&quot;2&quot;:&quot;Machine Structure&quot;}\">Estructura de la m\u00e1quina<\/td>\n<td data-sheets-value=\"{&quot;1&quot;:2,&quot;2&quot;:&quot;Steel Plates Welded&quot;}\">Placas de acero soldadas<\/td>\n<td data-sheets-value=\"{&quot;1&quot;:2,&quot;2&quot;:&quot;* Individual Station (Optional)&quot;}\">* Estaci\u00f3n individual (opcional)<\/td>\n<\/tr>\n<tr>\n<td data-sheets-value=\"{&quot;1&quot;:2,&quot;2&quot;:&quot;Rollers\u2019 Material&quot;}\">Material de los rodillos<\/td>\n<td colspan=\"2\" rowspan=\"1\" data-sheets-value=\"{&quot;1&quot;:2,&quot;2&quot;:&quot;45#&quot;}\">45#<\/td>\n<\/tr>\n<tr>\n<td data-sheets-value=\"{&quot;1&quot;:2,&quot;2&quot;:&quot;Cutting System&quot;}\">Sistema de Corte<\/td>\n<td data-sheets-value=\"{&quot;1&quot;:2,&quot;2&quot;:&quot;Hydraulic Post Cut&quot;}\">Corte hidr\u00e1ulico de postes<\/td>\n<td data-sheets-value=\"{&quot;1&quot;:2,&quot;2&quot;:&quot;* Hydraulic Servo Tracking Cutter (Optional)&quot;}\">* Servo hidr\u00e1ulico de seguimiento de corte (Opcional)<\/td>\n<\/tr>\n<tr>\n<td data-sheets-value=\"{&quot;1&quot;:2,&quot;2&quot;:&quot;Output Way&quot;}\">V\u00eda de salida<\/td>\n<td colspan=\"2\" rowspan=\"1\" data-sheets-value=\"{&quot;1&quot;:2,&quot;2&quot;:&quot;Roller Table&quot;}\">Mesa de rodillos<\/td>\n<\/tr>\n<tr>\n<td data-sheets-value=\"{&quot;1&quot;:2,&quot;2&quot;:&quot;Frequency Changer Brand&quot;}\">Marca de cambiador de frecuencia<\/td>\n<td data-sheets-value=\"{&quot;1&quot;:2,&quot;2&quot;:&quot;Yaskawa&quot;}\">Yaskawa<\/td>\n<td data-sheets-value=\"{&quot;1&quot;:2,&quot;2&quot;:&quot;* Siemens (Optional)&quot;}\">* Siemens (Opcional)<\/td>\n<\/tr>\n<tr>\n<td data-sheets-value=\"{&quot;1&quot;:2,&quot;2&quot;:&quot;Power Supply&quot;}\">Fuente de alimentaci\u00f3n<\/td>\n<td data-sheets-value=\"{&quot;1&quot;:2,&quot;2&quot;:&quot;380V 50Hz&quot;}\">380V 50Hz<\/td>\n<td data-sheets-value=\"{&quot;1&quot;:2,&quot;2&quot;:&quot;* Or According To Your Requirment&quot;}\">* O seg\u00fan su requisito<\/td>\n<\/tr>\n<tr>\n<td data-sheets-value=\"{&quot;1&quot;:2,&quot;2&quot;:&quot;Machine Color&quot;}\">Color de la m\u00e1quina<\/td>\n<td data-sheets-value=\"{&quot;1&quot;:2,&quot;2&quot;:&quot;Industrial Blue&quot;}\">azul industrial<\/td>\n<td data-sheets-value=\"{&quot;1&quot;:2,&quot;2&quot;:&quot;* Or According To Your Requirment&quot;}\">* O seg\u00fan su requisito<\/td>\n<\/tr>\n<\/tbody>\n<\/table>\n<h3>Solicitud<\/h3>\n<p><img loading=\"lazy\" decoding=\"async\" class=\"alignnone size-full wp-image-3373\" src=\"https:\/\/swforming.com\/wp-content\/uploads\/2023\/07\/20230703170456.png\" alt=\"\" width=\"750\" height=\"452\" title=\"\" srcset=\"https:\/\/swforming.com\/wp-content\/uploads\/2023\/07\/20230703170456.png 750w, https:\/\/swforming.com\/wp-content\/uploads\/2023\/07\/20230703170456-600x362.png 600w, https:\/\/swforming.com\/wp-content\/uploads\/2023\/07\/20230703170456-300x181.png 300w, https:\/\/swforming.com\/wp-content\/uploads\/2023\/07\/20230703170456-18x12.png 18w\" sizes=\"(max-width: 750px) 100vw, 750px\" \/><\/p>\n<\/div>","protected":false},"excerpt":{"rendered":"<p><span data-spm-anchor-id=\"a2700.details.0.i37.30694150AN8udt\">Una m\u00e1quina perfiladora de canalones se utiliza para producir canalones de lluvia, que se utilizan en el sistema de mercanc\u00edas de agua de lluvia. La m\u00e1quina es totalmente autom\u00e1tica controlada por el sistema de control PLC, con la ventaja de f\u00e1cil operaci\u00f3n y r\u00e1pida eficiencia. Es un sistema de ca\u00edda de agua de metal, que es una zanja de recogida en el lado de los aleros. La maquina perfiladora de canalones de lluvia se fijan a los bordes del tejado y se utilizan para bajar el agua y alejarla de la casa y sus cimientos. La mayor\u00eda de los canalones constan de tramos de canal\u00f3n, salidas de ca\u00edda y bajantes.<\/span><\/p>","protected":false},"featured_media":3360,"comment_status":"closed","ping_status":"closed","template":"","meta":{"_acf_changed":false},"product_brand":[],"product_cat":[45,82],"product_tag":[],"class_list":{"0":"post-3359","1":"product","2":"type-product","3":"status-publish","4":"has-post-thumbnail","6":"product_cat-metal-wall-roofing","7":"product_cat-gutter-roll-forming-machine","9":"first","10":"instock","11":"shipping-taxable","12":"product-type-simple"},"acf":[],"_links":{"self":[{"href":"https:\/\/swforming.com\/es\/wp-json\/wp\/v2\/product\/3359","targetHints":{"allow":["GET"]}}],"collection":[{"href":"https:\/\/swforming.com\/es\/wp-json\/wp\/v2\/product"}],"about":[{"href":"https:\/\/swforming.com\/es\/wp-json\/wp\/v2\/types\/product"}],"replies":[{"embeddable":true,"href":"https:\/\/swforming.com\/es\/wp-json\/wp\/v2\/comments?post=3359"}],"version-history":[{"count":2,"href":"https:\/\/swforming.com\/es\/wp-json\/wp\/v2\/product\/3359\/revisions"}],"predecessor-version":[{"id":3741,"href":"https:\/\/swforming.com\/es\/wp-json\/wp\/v2\/product\/3359\/revisions\/3741"}],"wp:featuredmedia":[{"embeddable":true,"href":"https:\/\/swforming.com\/es\/wp-json\/wp\/v2\/media\/3360"}],"wp:attachment":[{"href":"https:\/\/swforming.com\/es\/wp-json\/wp\/v2\/media?parent=3359"}],"wp:term":[{"taxonomy":"product_brand","embeddable":true,"href":"https:\/\/swforming.com\/es\/wp-json\/wp\/v2\/product_brand?post=3359"},{"taxonomy":"product_cat","embeddable":true,"href":"https:\/\/swforming.com\/es\/wp-json\/wp\/v2\/product_cat?post=3359"},{"taxonomy":"product_tag","embeddable":true,"href":"https:\/\/swforming.com\/es\/wp-json\/wp\/v2\/product_tag?post=3359"}],"curies":[{"name":"wp","href":"https:\/\/api.w.org\/{rel}","templated":true}]}}