{"id":3318,"date":"2023-06-27T08:54:40","date_gmt":"2023-06-27T08:54:40","guid":{"rendered":"https:\/\/swforming.com\/?post_type=product&#038;p=3318"},"modified":"2023-08-02T02:41:56","modified_gmt":"2023-08-02T02:41:56","slug":"ridge-cap-roll-forming-machine-3","status":"publish","type":"product","link":"https:\/\/swforming.com\/es\/product\/ridge-cap-roll-forming-machine-3\/","title":{"rendered":"M\u00e1quina formadora de rollos de cumbrera"},"content":{"rendered":"<p><img fetchpriority=\"high\" decoding=\"async\" class=\"alignnone wp-image-3325 size-full\" src=\"https:\/\/swforming.com\/wp-content\/uploads\/2023\/06\/Haa9f6f3df5634b21b213a9322681a89e9.jpg\" alt=\"M\u00e1quina formadora de rollos de cumbrera\" width=\"750\" height=\"1034\" title=\"\" srcset=\"https:\/\/swforming.com\/wp-content\/uploads\/2023\/06\/Haa9f6f3df5634b21b213a9322681a89e9.jpg 750w, https:\/\/swforming.com\/wp-content\/uploads\/2023\/06\/Haa9f6f3df5634b21b213a9322681a89e9-600x827.jpg 600w, https:\/\/swforming.com\/wp-content\/uploads\/2023\/06\/Haa9f6f3df5634b21b213a9322681a89e9-218x300.jpg 218w, https:\/\/swforming.com\/wp-content\/uploads\/2023\/06\/Haa9f6f3df5634b21b213a9322681a89e9-743x1024.jpg 743w, https:\/\/swforming.com\/wp-content\/uploads\/2023\/06\/Haa9f6f3df5634b21b213a9322681a89e9-9x12.jpg 9w\" sizes=\"(max-width: 750px) 100vw, 750px\" \/><\/p>\n<p>La maquina perfiladora de cumbreras se utiliza principalmente para producir cumbreras que siempre trabajan con paneles de tejas. Normalmente el espesor del panel es 0.3-0.8mm con acero galvanizado normal o bobina de color.<\/p>\n<p>La m\u00e1quina perfiladora de sistema de techado tiene una gran gama de perfiles de chapa met\u00e1lica. Incluye panel trapezoidal, panel corrugado, teja, teja vidriada, cubierta met\u00e1lica, panel de pared, costura de pie, K span y tapa de cumbrera. Sus productos se utilizan ampliamente en sistemas de tejados y paredes en la construcci\u00f3n de talleres y viviendas.<\/p>\n<p>En Industrias de la Construcci\u00f3n, somos capaces de fabricar m\u00e1s m\u00e1quinas como la m\u00e1quina perfiladora de canal principal, m\u00e1quina perfiladora de correa, m\u00e1quina perfiladora de paneles de yeso, m\u00e1quina perfiladora de perno, m\u00e1quina perfiladora de pista, m\u00e1quina perfiladora de sombrero de copa, m\u00e1quina perfiladora de clip, m\u00e1quina perfiladora de cubierta de metal (cubierta de piso), m\u00e1quina perfiladora de panel de techo \/ pared, m\u00e1quina perfiladora de teja de techo, m\u00e1quina perfiladora de corrugado, m\u00e1quina perfiladora de cumbrera, m\u00e1quina perfiladora de bajante, etc.<\/p>\n<p>Realizamos diferentes soluciones seg\u00fan el dibujo, la tolerancia y el presupuesto del cliente, ofreciendo un servicio profesional personalizado, adaptable a todas sus necesidades. Sea cual sea la l\u00ednea que elija, la calidad de SUNWAY Machinery le garantizar\u00e1 la obtenci\u00f3n de perfiles perfectamente funcionales.<\/p>\n<h3>Dibujos de perfil<\/h3>\n<p><img decoding=\"async\" class=\"alignnone size-full wp-image-3326\" src=\"https:\/\/swforming.com\/wp-content\/uploads\/2023\/06\/20230627164555.png\" alt=\"\" width=\"750\" height=\"181\" title=\"\" srcset=\"https:\/\/swforming.com\/wp-content\/uploads\/2023\/06\/20230627164555.png 750w, https:\/\/swforming.com\/wp-content\/uploads\/2023\/06\/20230627164555-600x145.png 600w, https:\/\/swforming.com\/wp-content\/uploads\/2023\/06\/20230627164555-300x72.png 300w, https:\/\/swforming.com\/wp-content\/uploads\/2023\/06\/20230627164555-18x4.png 18w\" sizes=\"(max-width: 750px) 100vw, 750px\" \/> <img decoding=\"async\" class=\"alignnone size-full wp-image-3327\" src=\"https:\/\/swforming.com\/wp-content\/uploads\/2023\/06\/Hae41a034d22f48b493a34faa5ec37006Y.jpg\" alt=\"\" width=\"1748\" height=\"1660\" title=\"\" srcset=\"https:\/\/swforming.com\/wp-content\/uploads\/2023\/06\/Hae41a034d22f48b493a34faa5ec37006Y.jpg 1748w, https:\/\/swforming.com\/wp-content\/uploads\/2023\/06\/Hae41a034d22f48b493a34faa5ec37006Y-600x570.jpg 600w, https:\/\/swforming.com\/wp-content\/uploads\/2023\/06\/Hae41a034d22f48b493a34faa5ec37006Y-300x285.jpg 300w, https:\/\/swforming.com\/wp-content\/uploads\/2023\/06\/Hae41a034d22f48b493a34faa5ec37006Y-1024x972.jpg 1024w, https:\/\/swforming.com\/wp-content\/uploads\/2023\/06\/Hae41a034d22f48b493a34faa5ec37006Y-768x729.jpg 768w, https:\/\/swforming.com\/wp-content\/uploads\/2023\/06\/Hae41a034d22f48b493a34faa5ec37006Y-1536x1459.jpg 1536w, https:\/\/swforming.com\/wp-content\/uploads\/2023\/06\/Hae41a034d22f48b493a34faa5ec37006Y-13x12.jpg 13w\" sizes=\"(max-width: 1748px) 100vw, 1748px\" \/><\/p>\n<h3>L\u00ednea de producci\u00f3n<\/h3>\n<p><img loading=\"lazy\" decoding=\"async\" class=\"alignnone size-full wp-image-3328\" src=\"https:\/\/swforming.com\/wp-content\/uploads\/2023\/06\/H232bb075ce8d467c8d30ccaa893b1e6cr.jpg\" alt=\"\" width=\"1748\" height=\"1005\" title=\"\" srcset=\"https:\/\/swforming.com\/wp-content\/uploads\/2023\/06\/H232bb075ce8d467c8d30ccaa893b1e6cr.jpg 1748w, https:\/\/swforming.com\/wp-content\/uploads\/2023\/06\/H232bb075ce8d467c8d30ccaa893b1e6cr-600x345.jpg 600w, https:\/\/swforming.com\/wp-content\/uploads\/2023\/06\/H232bb075ce8d467c8d30ccaa893b1e6cr-300x172.jpg 300w, https:\/\/swforming.com\/wp-content\/uploads\/2023\/06\/H232bb075ce8d467c8d30ccaa893b1e6cr-1024x589.jpg 1024w, https:\/\/swforming.com\/wp-content\/uploads\/2023\/06\/H232bb075ce8d467c8d30ccaa893b1e6cr-768x442.jpg 768w, https:\/\/swforming.com\/wp-content\/uploads\/2023\/06\/H232bb075ce8d467c8d30ccaa893b1e6cr-1536x883.jpg 1536w, https:\/\/swforming.com\/wp-content\/uploads\/2023\/06\/H232bb075ce8d467c8d30ccaa893b1e6cr-18x10.jpg 18w\" sizes=\"(max-width: 1748px) 100vw, 1748px\" \/><\/p>\n<h3>Detalles de producto<\/h3>\n<p><img loading=\"lazy\" decoding=\"async\" class=\"alignnone size-full wp-image-3329\" src=\"https:\/\/swforming.com\/wp-content\/uploads\/2023\/06\/20230627164749.png\" alt=\"\" width=\"750\" height=\"946\" title=\"\" srcset=\"https:\/\/swforming.com\/wp-content\/uploads\/2023\/06\/20230627164749.png 750w, https:\/\/swforming.com\/wp-content\/uploads\/2023\/06\/20230627164749-600x757.png 600w, https:\/\/swforming.com\/wp-content\/uploads\/2023\/06\/20230627164749-238x300.png 238w, https:\/\/swforming.com\/wp-content\/uploads\/2023\/06\/20230627164749-10x12.png 10w\" sizes=\"(max-width: 750px) 100vw, 750px\" \/><\/p>\n<h3>Parametros del producto<\/h3>\n<div style=\"overflow-x: auto;\">\n<table>\n<tbody>\n<tr>\n<td style=\"text-align: center;\" colspan=\"3\" rowspan=\"1\" data-sheets-value=\"{&quot;1&quot;:2,&quot;2&quot;:&quot;Ridge Cap Roll Forming Machine&quot;}\">M\u00e1quina formadora de rollos de cumbrera<\/td>\n<\/tr>\n<tr>\n<td colspan=\"1\" rowspan=\"2\" data-sheets-value=\"{&quot;1&quot;:2,&quot;2&quot;:&quot;Machinable Material&quot;}\">\n<div>Material mecanizable<\/div>\n<\/td>\n<td data-sheets-value=\"{&quot;1&quot;:2,&quot;2&quot;:&quot;A) Galvanized Coil&quot;}\">A) Bobina Galvanizada<\/td>\n<td colspan=\"1\" rowspan=\"2\" data-sheets-value=\"{&quot;1&quot;:2,&quot;2&quot;:&quot;Thickness(MM): 0.3-0.8 According To Your Requirment&quot;}\">\n<div>Grosor (MM): 0,3-0,8 seg\u00fan sus necesidades<\/div>\n<\/td>\n<\/tr>\n<tr>\n<td data-sheets-value=\"{&quot;1&quot;:2,&quot;2&quot;:&quot;B) PPGI, PPGL&quot;}\">B) PPGI, PPGL<\/td>\n<\/tr>\n<tr>\n<td data-sheets-value=\"{&quot;1&quot;:2,&quot;2&quot;:&quot;Yield Strength&quot;}\">L\u00edmite el\u00e1stico<\/td>\n<td colspan=\"2\" rowspan=\"1\" data-sheets-value=\"{&quot;1&quot;:2,&quot;2&quot;:&quot;250 - 350 Mpa \/ 350-550Mpa&quot;}\">250 - 350 Mpa \/ 350-550Mpa<\/td>\n<\/tr>\n<tr>\n<td data-sheets-value=\"{&quot;1&quot;:2,&quot;2&quot;:&quot;Tensil Stress&quot;}\">Estr\u00e9s de tracci\u00f3n<\/td>\n<td colspan=\"2\" rowspan=\"1\" data-sheets-value=\"{&quot;1&quot;:2,&quot;2&quot;:&quot;350 Mpa-550 Mpa&quot;}\">350 Mpa-550 Mpa<\/td>\n<\/tr>\n<tr>\n<td data-sheets-value=\"{&quot;1&quot;:2,&quot;2&quot;:&quot;Coil Width&quot;}\">Ancho de bobina<\/td>\n<td colspan=\"2\" rowspan=\"1\" data-sheets-value=\"{&quot;1&quot;:2,&quot;2&quot;:&quot;As Per The Detailed Profile&quot;}\">Seg\u00fan el perfil detallado<\/td>\n<\/tr>\n<tr>\n<td data-sheets-value=\"{&quot;1&quot;:2,&quot;2&quot;:&quot;Forming Speed&quot;}\">Velocidad de formaci\u00f3n<\/td>\n<td data-sheets-value=\"{&quot;1&quot;:2,&quot;2&quot;:&quot;6-10 (m\/min)&quot;}\">6-10 (m\/min)<\/td>\n<td data-sheets-value=\"{&quot;1&quot;:2,&quot;2&quot;:&quot;* Or According To Your Requirment&quot;}\">* O seg\u00fan sus necesidades<\/td>\n<\/tr>\n<tr>\n<td data-sheets-value=\"{&quot;1&quot;:2,&quot;2&quot;:&quot;Forming Station&quot;}\">Estaci\u00f3n de formaci\u00f3n<\/td>\n<td data-sheets-value=\"{&quot;1&quot;:2,&quot;2&quot;:&quot;10-18 Stations&quot;}\">10-18 estaciones<\/td>\n<td data-sheets-value=\"{&quot;1&quot;:2,&quot;2&quot;:&quot;* According To Your Profile Drawings&quot;}\">* Seg\u00fan sus dibujos de perfil<\/td>\n<\/tr>\n<tr>\n<td data-sheets-value=\"{&quot;1&quot;:2,&quot;2&quot;:&quot;Decoiler&quot;}\">desbobinador<\/td>\n<td data-sheets-value=\"{&quot;1&quot;:2,&quot;2&quot;:&quot;Manual Decoiler&quot;}\">Desenrollador Manual<\/td>\n<td data-sheets-value=\"{&quot;1&quot;:2,&quot;2&quot;:&quot;* Hydraulic Decoiler (Optional)&quot;}\">* Desenrollador Hidr\u00e1ulico (Opcional)<\/td>\n<\/tr>\n<tr>\n<td data-sheets-value=\"{&quot;1&quot;:2,&quot;2&quot;:&quot;Driving System&quot;}\">Sistema de conducci\u00f3n<\/td>\n<td data-sheets-value=\"{&quot;1&quot;:2,&quot;2&quot;:&quot;Chain Drive&quot;}\">Transmisi\u00f3n por cadena<\/td>\n<td data-sheets-value=\"{&quot;1&quot;:2,&quot;2&quot;:&quot;* Gearbox Drive (Optional)&quot;}\">* Transmisi\u00f3n de caja de cambios (opcional)<\/td>\n<\/tr>\n<tr>\n<td data-sheets-value=\"{&quot;1&quot;:2,&quot;2&quot;:&quot;Machine Structure&quot;}\">Estructura de la m\u00e1quina<\/td>\n<td data-sheets-value=\"{&quot;1&quot;:2,&quot;2&quot;:&quot;Steel Plates Welded&quot;}\">Placas de acero soldadas<\/td>\n<td data-sheets-value=\"{&quot;1&quot;:2,&quot;2&quot;:&quot;* Individual Station (Optional)&quot;}\">* Estaci\u00f3n individual (opcional)<\/td>\n<\/tr>\n<tr>\n<td data-sheets-value=\"{&quot;1&quot;:2,&quot;2&quot;:&quot;Rollers\u2019 Material&quot;}\">Material de los rodillos<\/td>\n<td colspan=\"2\" rowspan=\"1\" data-sheets-value=\"{&quot;1&quot;:2,&quot;2&quot;:&quot;45#&quot;}\">45#<\/td>\n<\/tr>\n<tr>\n<td data-sheets-value=\"{&quot;1&quot;:2,&quot;2&quot;:&quot;Cutting System&quot;}\">Sistema de Corte<\/td>\n<td data-sheets-value=\"{&quot;1&quot;:2,&quot;2&quot;:&quot;Hydraulic Post Cut&quot;}\">Corte hidr\u00e1ulico de postes<\/td>\n<td data-sheets-value=\"{&quot;1&quot;:2,&quot;2&quot;:&quot;* Hydraulic Servo Tracking Cutter (Optional)&quot;}\">* Servo hidr\u00e1ulico de seguimiento de corte (Opcional)<\/td>\n<\/tr>\n<tr>\n<td data-sheets-value=\"{&quot;1&quot;:2,&quot;2&quot;:&quot;Output Way&quot;}\">V\u00eda de salida<\/td>\n<td data-sheets-value=\"{&quot;1&quot;:2,&quot;2&quot;:&quot;Roller Table&quot;}\">Mesa de rodillos<\/td>\n<td data-sheets-value=\"{&quot;1&quot;:2,&quot;2&quot;:&quot;* Auto Stacker (Optional)&quot;}\">* Apilador autom\u00e1tico (opcional)<\/td>\n<\/tr>\n<tr>\n<td data-sheets-value=\"{&quot;1&quot;:2,&quot;2&quot;:&quot;Frequency Changer Brand&quot;}\">Marca de cambiador de frecuencia<\/td>\n<td data-sheets-value=\"{&quot;1&quot;:2,&quot;2&quot;:&quot;Yaskawa&quot;}\">Yaskawa<\/td>\n<td data-sheets-value=\"{&quot;1&quot;:2,&quot;2&quot;:&quot;* Siemens (Optional)&quot;}\">* Siemens (Opcional)<\/td>\n<\/tr>\n<tr>\n<td data-sheets-value=\"{&quot;1&quot;:2,&quot;2&quot;:&quot;Power Supply&quot;}\">Fuente de alimentaci\u00f3n<\/td>\n<td data-sheets-value=\"{&quot;1&quot;:2,&quot;2&quot;:&quot;380V 50Hz 3ph&quot;}\">380V 50Hz trif\u00e1sico<\/td>\n<td data-sheets-value=\"{&quot;1&quot;:2,&quot;2&quot;:&quot;* Or According To Your Requirment&quot;}\">* O seg\u00fan su requisito<\/td>\n<\/tr>\n<tr>\n<td data-sheets-value=\"{&quot;1&quot;:2,&quot;2&quot;:&quot;Machine Color&quot;}\">Color de la m\u00e1quina<\/td>\n<td data-sheets-value=\"{&quot;1&quot;:2,&quot;2&quot;:&quot;Industrial Blue&quot;}\">azul industrial<\/td>\n<td data-sheets-value=\"{&quot;1&quot;:2,&quot;2&quot;:&quot;* Or According To Your Requirment&quot;}\">* O seg\u00fan su requisito<\/td>\n<\/tr>\n<\/tbody>\n<\/table>\n<\/div>\n<h3>Solicitud<\/h3>\n<p><img loading=\"lazy\" decoding=\"async\" class=\"alignnone size-full wp-image-3330\" src=\"https:\/\/swforming.com\/wp-content\/uploads\/2023\/06\/20230627165326.png\" alt=\"\" width=\"750\" height=\"453\" title=\"\" srcset=\"https:\/\/swforming.com\/wp-content\/uploads\/2023\/06\/20230627165326.png 750w, https:\/\/swforming.com\/wp-content\/uploads\/2023\/06\/20230627165326-600x362.png 600w, https:\/\/swforming.com\/wp-content\/uploads\/2023\/06\/20230627165326-300x181.png 300w, https:\/\/swforming.com\/wp-content\/uploads\/2023\/06\/20230627165326-18x12.png 18w\" sizes=\"(max-width: 750px) 100vw, 750px\" \/><\/p>","protected":false},"excerpt":{"rendered":"<p>La maquina perfiladora de cumbreras se utiliza principalmente para producir cumbreras que siempre trabajan con paneles de tejas. Normalmente el espesor del panel es 0.3-0.8mm con acero galvanizado normal o bobina de color.<\/p>\n<p>La m\u00e1quina perfiladora de sistema de techado tiene una gran gama de perfiles de chapa met\u00e1lica. Incluye panel trapezoidal, panel corrugado, teja, teja vidriada, cubierta met\u00e1lica, panel de pared, costura de pie, K span y tapa de cumbrera. Sus productos se utilizan ampliamente en sistemas de tejados y paredes en la construcci\u00f3n de talleres y viviendas.<\/p>","protected":false},"featured_media":3324,"comment_status":"closed","ping_status":"closed","template":"","meta":{"_acf_changed":false},"product_brand":[],"product_cat":[45,83],"product_tag":[],"class_list":{"0":"post-3318","1":"product","2":"type-product","3":"status-publish","4":"has-post-thumbnail","6":"product_cat-metal-wall-roofing","7":"product_cat-ridge-cap-roll-forming-machine","9":"first","10":"instock","11":"shipping-taxable","12":"product-type-simple"},"acf":[],"_links":{"self":[{"href":"https:\/\/swforming.com\/es\/wp-json\/wp\/v2\/product\/3318","targetHints":{"allow":["GET"]}}],"collection":[{"href":"https:\/\/swforming.com\/es\/wp-json\/wp\/v2\/product"}],"about":[{"href":"https:\/\/swforming.com\/es\/wp-json\/wp\/v2\/types\/product"}],"replies":[{"embeddable":true,"href":"https:\/\/swforming.com\/es\/wp-json\/wp\/v2\/comments?post=3318"}],"version-history":[{"count":3,"href":"https:\/\/swforming.com\/es\/wp-json\/wp\/v2\/product\/3318\/revisions"}],"predecessor-version":[{"id":3744,"href":"https:\/\/swforming.com\/es\/wp-json\/wp\/v2\/product\/3318\/revisions\/3744"}],"wp:featuredmedia":[{"embeddable":true,"href":"https:\/\/swforming.com\/es\/wp-json\/wp\/v2\/media\/3324"}],"wp:attachment":[{"href":"https:\/\/swforming.com\/es\/wp-json\/wp\/v2\/media?parent=3318"}],"wp:term":[{"taxonomy":"product_brand","embeddable":true,"href":"https:\/\/swforming.com\/es\/wp-json\/wp\/v2\/product_brand?post=3318"},{"taxonomy":"product_cat","embeddable":true,"href":"https:\/\/swforming.com\/es\/wp-json\/wp\/v2\/product_cat?post=3318"},{"taxonomy":"product_tag","embeddable":true,"href":"https:\/\/swforming.com\/es\/wp-json\/wp\/v2\/product_tag?post=3318"}],"curies":[{"name":"wp","href":"https:\/\/api.w.org\/{rel}","templated":true}]}}