{"id":3279,"date":"2023-06-20T10:10:32","date_gmt":"2023-06-20T10:10:32","guid":{"rendered":"https:\/\/swforming.com\/?post_type=product&#038;p=3279"},"modified":"2023-08-02T02:43:16","modified_gmt":"2023-08-02T02:43:16","slug":"double-layer-panel-roll-forming-machine","status":"publish","type":"product","link":"https:\/\/swforming.com\/es\/product\/double-layer-panel-roll-forming-machine\/","title":{"rendered":"M\u00e1quina formadora de rollos de panel de doble capa"},"content":{"rendered":"<p><img fetchpriority=\"high\" decoding=\"async\" class=\"alignnone wp-image-3286 size-full\" src=\"https:\/\/swforming.com\/wp-content\/uploads\/2023\/06\/Hc5801928dd204f6686688cb351d60656n.jpg\" alt=\"M\u00e1quina formadora de rollos de panel de doble capa\" width=\"750\" height=\"1034\" title=\"\" srcset=\"https:\/\/swforming.com\/wp-content\/uploads\/2023\/06\/Hc5801928dd204f6686688cb351d60656n.jpg 750w, https:\/\/swforming.com\/wp-content\/uploads\/2023\/06\/Hc5801928dd204f6686688cb351d60656n-600x827.jpg 600w, https:\/\/swforming.com\/wp-content\/uploads\/2023\/06\/Hc5801928dd204f6686688cb351d60656n-218x300.jpg 218w, https:\/\/swforming.com\/wp-content\/uploads\/2023\/06\/Hc5801928dd204f6686688cb351d60656n-743x1024.jpg 743w, https:\/\/swforming.com\/wp-content\/uploads\/2023\/06\/Hc5801928dd204f6686688cb351d60656n-9x12.jpg 9w\" sizes=\"(max-width: 750px) 100vw, 750px\" \/><\/p>\n<p><span data-spm-anchor-id=\"a2700.details.0.i43.60063aa4vfTGZO\"> La maquina perfiladora de doble capa se utiliza principalmente para producir paneles de techo, que tiene dos capas y producir dos perfiles diferentes de techo \/ pared. Normalmente el espesor del panel es 0.3-0.8mm con acero galvanizado normal o bobina de color.<\/span><\/p>\n<p>La m\u00e1quina perfiladora de sistema de techado tiene una gran gama de perfiles de chapa met\u00e1lica. Incluye panel trapezoidal, panel corrugado, teja, teja vidriada, cubierta met\u00e1lica, panel de pared, costura de pie, K span y tapa de cumbrera. Sus productos se utilizan ampliamente en sistemas de tejados y paredes en la construcci\u00f3n de talleres y viviendas.<\/p>\n<div>En Industrias de la Construcci\u00f3n, somos capaces de fabricar m\u00e1s m\u00e1quinas como la m\u00e1quina perfiladora de canal principal, m\u00e1quina perfiladora de correa, m\u00e1quina perfiladora de paneles de yeso, m\u00e1quina perfiladora de perno, m\u00e1quina perfiladora de pista, m\u00e1quina perfiladora de sombrero de copa, m\u00e1quina perfiladora de clip, m\u00e1quina perfiladora de cubierta de metal (cubierta de piso), m\u00e1quina perfiladora de panel de techo \/ pared, m\u00e1quina perfiladora de teja de techo, m\u00e1quina perfiladora de corrugado, m\u00e1quina perfiladora de cumbrera, m\u00e1quina perfiladora de bajante, etc.<\/div>\n<div>Realizamos diferentes soluciones seg\u00fan el dibujo, la tolerancia y el presupuesto de los clientes, ofreciendo un servicio profesional personalizado, adaptable a todos sus requisitos. Sea cual sea la l\u00ednea que elija, la calidad de la Maquinaria SUNWAY le garantizar\u00e1 la obtenci\u00f3n de perfiles perfectamente funcionales.<\/div>\n<h3>Dibujos de perfil<\/h3>\n<p><img decoding=\"async\" class=\"alignnone size-full wp-image-3289\" src=\"https:\/\/swforming.com\/wp-content\/uploads\/2023\/06\/20230620180554.png\" alt=\"\" width=\"750\" height=\"183\" title=\"\" srcset=\"https:\/\/swforming.com\/wp-content\/uploads\/2023\/06\/20230620180554.png 750w, https:\/\/swforming.com\/wp-content\/uploads\/2023\/06\/20230620180554-600x146.png 600w, https:\/\/swforming.com\/wp-content\/uploads\/2023\/06\/20230620180554-300x73.png 300w, https:\/\/swforming.com\/wp-content\/uploads\/2023\/06\/20230620180554-18x4.png 18w\" sizes=\"(max-width: 750px) 100vw, 750px\" \/><\/p>\n<p><img decoding=\"async\" class=\"alignnone size-full wp-image-3287\" src=\"https:\/\/swforming.com\/wp-content\/uploads\/2023\/06\/H0876838e8e9941049b40d7095f908b665-scaled.jpg\" alt=\"\" width=\"1711\" height=\"2560\" title=\"\" srcset=\"https:\/\/swforming.com\/wp-content\/uploads\/2023\/06\/H0876838e8e9941049b40d7095f908b665-scaled.jpg 1711w, https:\/\/swforming.com\/wp-content\/uploads\/2023\/06\/H0876838e8e9941049b40d7095f908b665-scaled-600x898.jpg 600w, https:\/\/swforming.com\/wp-content\/uploads\/2023\/06\/H0876838e8e9941049b40d7095f908b665-201x300.jpg 201w, https:\/\/swforming.com\/wp-content\/uploads\/2023\/06\/H0876838e8e9941049b40d7095f908b665-684x1024.jpg 684w, https:\/\/swforming.com\/wp-content\/uploads\/2023\/06\/H0876838e8e9941049b40d7095f908b665-768x1149.jpg 768w, https:\/\/swforming.com\/wp-content\/uploads\/2023\/06\/H0876838e8e9941049b40d7095f908b665-1027x1536.jpg 1027w, https:\/\/swforming.com\/wp-content\/uploads\/2023\/06\/H0876838e8e9941049b40d7095f908b665-1369x2048.jpg 1369w, https:\/\/swforming.com\/wp-content\/uploads\/2023\/06\/H0876838e8e9941049b40d7095f908b665-8x12.jpg 8w\" sizes=\"(max-width: 1711px) 100vw, 1711px\" \/><\/p>\n<h3>L\u00ednea de producci\u00f3n<\/h3>\n<p><img loading=\"lazy\" decoding=\"async\" class=\"alignnone size-full wp-image-3288\" src=\"https:\/\/swforming.com\/wp-content\/uploads\/2023\/06\/H5adf1e35c1a14b90af88784396ea095fb.jpg\" alt=\"\" width=\"1748\" height=\"588\" title=\"\" srcset=\"https:\/\/swforming.com\/wp-content\/uploads\/2023\/06\/H5adf1e35c1a14b90af88784396ea095fb.jpg 1748w, https:\/\/swforming.com\/wp-content\/uploads\/2023\/06\/H5adf1e35c1a14b90af88784396ea095fb-600x202.jpg 600w, https:\/\/swforming.com\/wp-content\/uploads\/2023\/06\/H5adf1e35c1a14b90af88784396ea095fb-300x101.jpg 300w, https:\/\/swforming.com\/wp-content\/uploads\/2023\/06\/H5adf1e35c1a14b90af88784396ea095fb-1024x344.jpg 1024w, https:\/\/swforming.com\/wp-content\/uploads\/2023\/06\/H5adf1e35c1a14b90af88784396ea095fb-768x258.jpg 768w, https:\/\/swforming.com\/wp-content\/uploads\/2023\/06\/H5adf1e35c1a14b90af88784396ea095fb-1536x517.jpg 1536w, https:\/\/swforming.com\/wp-content\/uploads\/2023\/06\/H5adf1e35c1a14b90af88784396ea095fb-18x6.jpg 18w\" sizes=\"(max-width: 1748px) 100vw, 1748px\" \/><\/p>\n<h3>Detalles de producto<\/h3>\n<div><img loading=\"lazy\" decoding=\"async\" class=\"alignnone size-full wp-image-3290\" src=\"https:\/\/swforming.com\/wp-content\/uploads\/2023\/06\/20230620180725.png\" alt=\"\" width=\"746\" height=\"954\" title=\"\" srcset=\"https:\/\/swforming.com\/wp-content\/uploads\/2023\/06\/20230620180725.png 746w, https:\/\/swforming.com\/wp-content\/uploads\/2023\/06\/20230620180725-600x767.png 600w, https:\/\/swforming.com\/wp-content\/uploads\/2023\/06\/20230620180725-235x300.png 235w, https:\/\/swforming.com\/wp-content\/uploads\/2023\/06\/20230620180725-9x12.png 9w\" sizes=\"(max-width: 746px) 100vw, 746px\" \/><\/div>\n<h3>Parametros del producto<\/h3>\n<div class=\"J_module\">\n<div class=\"ife-detail-decorate-table\">\n<table class=\"all magic-23\">\n<tbody>\n<tr>\n<td colspan=\"3\" rowspan=\"1\">\n<div class=\"magic-24\">\n<div class=\"magic-19\" data-spm-anchor-id=\"a2700.custom-template.0.i23.43973333TZKcM3\"><span class=\"magic-20\"><b data-spm-anchor-id=\"a2700.custom-template.0.i11.33513333YQUFFP\">M\u00e1quina formadora de rollos de panel de doble capa<\/b><\/span><\/div>\n<\/div>\n<\/td>\n<\/tr>\n<tr>\n<td colspan=\"1\" rowspan=\"2\">\n<div class=\"magic-28\">\n<div data-spm-anchor-id=\"a2700.custom-template.0.i53.43973333TZKcM3\"><span class=\"magic-29\">Material mecanizable<\/span><\/div>\n<\/div>\n<\/td>\n<td colspan=\"1\" rowspan=\"1\">\n<div class=\"magic-30\"><span class=\"magic-29\">A) Bobina Galvanizada<\/span><\/div>\n<\/td>\n<td class=\"magic-31\" colspan=\"1\" rowspan=\"2\">\n<div class=\"magic-32\">\n<div data-spm-anchor-id=\"a2700.custom-template.0.i19.24543333jNWSPT\">Espesor (MM): 0,3-0,8 seg\u00fan sus necesidades<\/div>\n<\/div>\n<\/td>\n<\/tr>\n<tr>\n<td colspan=\"1\" rowspan=\"1\">\n<div class=\"magic-34\"><span class=\"magic-29\">B) PPGI, PPGL<\/span><\/div>\n<\/td>\n<\/tr>\n<tr>\n<td colspan=\"1\" rowspan=\"1\">\n<div class=\"magic-33\">L\u00edmite el\u00e1stico<\/div>\n<\/td>\n<td colspan=\"2\" rowspan=\"1\">\n<div class=\"magic-35\">250 - 350 Mpa \/ 350-550Mpa<\/div>\n<\/td>\n<\/tr>\n<tr>\n<td colspan=\"1\" rowspan=\"1\">\n<div class=\"magic-36\">Estr\u00e9s de tracci\u00f3n<\/div>\n<\/td>\n<td colspan=\"2\" rowspan=\"1\">\n<div class=\"magic-35\">\n<div class=\"magic-37\" data-spm-anchor-id=\"a2700.custom-template.0.i221.43973333TZKcM3\">350 Mpa-550 Mpa<\/div>\n<\/div>\n<\/td>\n<\/tr>\n<tr>\n<td colspan=\"1\" rowspan=\"1\">\n<div class=\"magic-36\">Ancho de bobina<\/div>\n<\/td>\n<td colspan=\"2\" rowspan=\"1\">\n<div class=\"magic-39\">914 mm, 1000 mm, 1200 mm, 1220 mm, 1250 mm, etc.<\/div>\n<\/td>\n<\/tr>\n<tr>\n<td colspan=\"1\" rowspan=\"1\">\n<div class=\"magic-36\">Velocidad de formaci\u00f3n<\/div>\n<\/td>\n<td colspan=\"1\" rowspan=\"1\">\n<div class=\"magic-40\">6-10 (m\/min)<\/div>\n<\/td>\n<td colspan=\"1\" rowspan=\"1\">\n<div class=\"magic-41\">* O seg\u00fan su requisito<\/div>\n<\/td>\n<\/tr>\n<tr>\n<td colspan=\"1\" rowspan=\"1\">\n<div class=\"magic-42\"><\/div>\n<\/td>\n<td colspan=\"1\" rowspan=\"1\">\n<div class=\"magic-43\"><\/div>\n<\/td>\n<td colspan=\"1\" rowspan=\"1\">\n<div class=\"magic-44\"><\/div>\n<\/td>\n<\/tr>\n<tr>\n<td colspan=\"1\" rowspan=\"1\">\n<div class=\"magic-45\">Estaci\u00f3n de formaci\u00f3n<\/div>\n<\/td>\n<td colspan=\"1\" rowspan=\"1\">\n<div class=\"magic-40\">Dos capas<br \/>\n16-20 estaciones por cada capa<\/div>\n<\/td>\n<td colspan=\"1\" rowspan=\"1\">\n<div class=\"magic-41\">* Seg\u00fan sus dibujos de perfil<\/div>\n<\/td>\n<\/tr>\n<tr>\n<td colspan=\"1\" rowspan=\"1\">\n<div class=\"magic-45\">desbobinador<\/div>\n<\/td>\n<td colspan=\"1\" rowspan=\"1\">\n<div class=\"magic-46\">Desenrollador Manual<\/div>\n<\/td>\n<td colspan=\"1\" rowspan=\"1\">\n<div class=\"magic-41\">\u00a0* Desenrollador Hidr\u00e1ulico (Opcional)<\/div>\n<\/td>\n<\/tr>\n<tr>\n<td colspan=\"1\" rowspan=\"1\">\n<div class=\"magic-36\">Sistema de conducci\u00f3n<\/div>\n<\/td>\n<td colspan=\"1\" rowspan=\"1\">\n<div class=\"magic-46\">Transmisi\u00f3n por cadena<\/div>\n<\/td>\n<td colspan=\"1\" rowspan=\"1\">\n<div class=\"magic-41\">* Transmisi\u00f3n de caja de cambios (opcional)<\/div>\n<\/td>\n<\/tr>\n<tr>\n<td colspan=\"1\" rowspan=\"1\">\n<div class=\"magic-45\">Estructura de la m\u00e1quina<\/div>\n<\/td>\n<td colspan=\"1\" rowspan=\"1\">\n<div class=\"magic-47\">Placas de acero soldadas<\/div>\n<\/td>\n<td colspan=\"1\" rowspan=\"1\">\n<div class=\"magic-41\">* Estaci\u00f3n individual (opcional)<\/div>\n<\/td>\n<\/tr>\n<tr>\n<td colspan=\"1\" rowspan=\"1\">\n<div class=\"magic-45\">Material de los rodillos<\/div>\n<\/td>\n<td colspan=\"2\" rowspan=\"1\">\n<div class=\"magic-39\">45#<\/div>\n<\/td>\n<\/tr>\n<tr>\n<td colspan=\"1\" rowspan=\"1\">\n<div class=\"magic-45\">Sistema de Corte<\/div>\n<\/td>\n<td colspan=\"1\" rowspan=\"1\">\n<div class=\"magic-47\">Corte hidr\u00e1ulico de postes<\/div>\n<\/td>\n<td colspan=\"1\" rowspan=\"1\">\n<div class=\"magic-41\">* Servo hidr\u00e1ulico de seguimiento de corte (Opcional)<\/div>\n<\/td>\n<\/tr>\n<tr>\n<td colspan=\"1\" rowspan=\"1\">\n<div class=\"magic-33\">V\u00eda de salida<\/div>\n<\/td>\n<td colspan=\"1\" rowspan=\"1\">\n<div class=\"magic-48\">Mesa de rodillos<\/div>\n<\/td>\n<td colspan=\"1\" rowspan=\"1\">\n<div class=\"magic-41\">* Apilador autom\u00e1tico (opcional)<\/div>\n<\/td>\n<\/tr>\n<tr>\n<td colspan=\"1\" rowspan=\"1\">\n<div class=\"magic-45\">Marca de cambiador de frecuencia<\/div>\n<\/td>\n<td colspan=\"1\" rowspan=\"1\">\n<div class=\"magic-49\">Yaskawa<\/div>\n<\/td>\n<td colspan=\"1\" rowspan=\"1\">\n<div class=\"magic-41\">* Siemens (Opcional)<\/div>\n<\/td>\n<\/tr>\n<tr>\n<td colspan=\"1\" rowspan=\"1\">\n<div class=\"magic-45\">Fuente de alimentaci\u00f3n<\/div>\n<\/td>\n<td colspan=\"1\" rowspan=\"1\">\n<div class=\"magic-47\">380V 50Hz trif\u00e1sico<\/div>\n<\/td>\n<td colspan=\"1\" rowspan=\"1\">\n<div class=\"magic-41\">* O seg\u00fan su requisito<\/div>\n<\/td>\n<\/tr>\n<tr>\n<td colspan=\"1\" rowspan=\"1\">\n<div class=\"magic-45\">Color de la m\u00e1quina<\/div>\n<\/td>\n<td colspan=\"1\" rowspan=\"1\">\n<div class=\"magic-47\">azul industrial<\/div>\n<\/td>\n<td colspan=\"1\" rowspan=\"1\">\n<div class=\"magic-41\">* O seg\u00fan su requisito<\/div>\n<\/td>\n<\/tr>\n<\/tbody>\n<\/table>\n<\/div>\n<\/div>\n<div class=\"J_module\">\n<h3 id=\"ali-anchor-AliMagic-13nd4l\" class=\"magic-0\" data-section=\"AliMagic-13nd4l\" data-section-title=\"Application\">Solicitud<\/h3>\n<p><img loading=\"lazy\" decoding=\"async\" class=\"alignnone size-full wp-image-3291\" src=\"https:\/\/swforming.com\/wp-content\/uploads\/2023\/06\/20230620180900.png\" alt=\"\" width=\"751\" height=\"456\" title=\"\" srcset=\"https:\/\/swforming.com\/wp-content\/uploads\/2023\/06\/20230620180900.png 751w, https:\/\/swforming.com\/wp-content\/uploads\/2023\/06\/20230620180900-600x364.png 600w, https:\/\/swforming.com\/wp-content\/uploads\/2023\/06\/20230620180900-300x182.png 300w, https:\/\/swforming.com\/wp-content\/uploads\/2023\/06\/20230620180900-18x12.png 18w\" sizes=\"(max-width: 751px) 100vw, 751px\" \/><\/p>\n<p>&nbsp;<\/p>\n<\/div>","protected":false},"excerpt":{"rendered":"<p><span data-spm-anchor-id=\"a2700.details.0.i43.60063aa4vfTGZO\">La maquina perfiladora de doble capa se utiliza principalmente para producir paneles de techo, que tiene dos capas y producir dos perfiles diferentes de techo \/ pared. Normalmente el espesor del panel es 0.3-0.8mm con acero galvanizado normal o bobina de color.<\/span><\/p>","protected":false},"featured_media":3280,"comment_status":"closed","ping_status":"closed","template":"","meta":{"_acf_changed":false},"product_brand":[],"product_cat":[45,84],"product_tag":[],"class_list":{"0":"post-3279","1":"product","2":"type-product","3":"status-publish","4":"has-post-thumbnail","6":"product_cat-metal-wall-roofing","7":"product_cat-double-layer-panel-roll-forming-machine","9":"first","10":"instock","11":"shipping-taxable","12":"product-type-simple"},"acf":[],"_links":{"self":[{"href":"https:\/\/swforming.com\/es\/wp-json\/wp\/v2\/product\/3279","targetHints":{"allow":["GET"]}}],"collection":[{"href":"https:\/\/swforming.com\/es\/wp-json\/wp\/v2\/product"}],"about":[{"href":"https:\/\/swforming.com\/es\/wp-json\/wp\/v2\/types\/product"}],"replies":[{"embeddable":true,"href":"https:\/\/swforming.com\/es\/wp-json\/wp\/v2\/comments?post=3279"}],"version-history":[{"count":2,"href":"https:\/\/swforming.com\/es\/wp-json\/wp\/v2\/product\/3279\/revisions"}],"predecessor-version":[{"id":3745,"href":"https:\/\/swforming.com\/es\/wp-json\/wp\/v2\/product\/3279\/revisions\/3745"}],"wp:featuredmedia":[{"embeddable":true,"href":"https:\/\/swforming.com\/es\/wp-json\/wp\/v2\/media\/3280"}],"wp:attachment":[{"href":"https:\/\/swforming.com\/es\/wp-json\/wp\/v2\/media?parent=3279"}],"wp:term":[{"taxonomy":"product_brand","embeddable":true,"href":"https:\/\/swforming.com\/es\/wp-json\/wp\/v2\/product_brand?post=3279"},{"taxonomy":"product_cat","embeddable":true,"href":"https:\/\/swforming.com\/es\/wp-json\/wp\/v2\/product_cat?post=3279"},{"taxonomy":"product_tag","embeddable":true,"href":"https:\/\/swforming.com\/es\/wp-json\/wp\/v2\/product_tag?post=3279"}],"curies":[{"name":"wp","href":"https:\/\/api.w.org\/{rel}","templated":true}]}}