{"id":1985,"date":"2023-01-31T01:20:03","date_gmt":"2023-01-31T01:20:03","guid":{"rendered":"https:\/\/swforming.com\/?post_type=product&#038;p=1985"},"modified":"2023-08-02T02:48:58","modified_gmt":"2023-08-02T02:48:58","slug":"scaffolding-plank-roll-forming-machine","status":"publish","type":"product","link":"https:\/\/swforming.com\/es\/product\/scaffolding-plank-roll-forming-machine\/","title":{"rendered":"M\u00e1quina formadora de rollos de tablones de andamios"},"content":{"rendered":"<p><img fetchpriority=\"high\" decoding=\"async\" class=\"alignnone size-full wp-image-1991\" src=\"https:\/\/swforming.com\/wp-content\/uploads\/2023\/01\/Scaffolding-Plank-Roll-Forming-Machine-06.webp\" alt=\"\" width=\"800\" height=\"800\" title=\"\" srcset=\"https:\/\/swforming.com\/wp-content\/uploads\/2023\/01\/Scaffolding-Plank-Roll-Forming-Machine-06.webp 800w, https:\/\/swforming.com\/wp-content\/uploads\/2023\/01\/Scaffolding-Plank-Roll-Forming-Machine-06-300x300.webp 300w, https:\/\/swforming.com\/wp-content\/uploads\/2023\/01\/Scaffolding-Plank-Roll-Forming-Machine-06-150x150.webp 150w, https:\/\/swforming.com\/wp-content\/uploads\/2023\/01\/Scaffolding-Plank-Roll-Forming-Machine-06-768x768.webp 768w, https:\/\/swforming.com\/wp-content\/uploads\/2023\/01\/Scaffolding-Plank-Roll-Forming-Machine-06-12x12.webp 12w, https:\/\/swforming.com\/wp-content\/uploads\/2023\/01\/Scaffolding-Plank-Roll-Forming-Machine-06-400x400.webp 400w, https:\/\/swforming.com\/wp-content\/uploads\/2023\/01\/Scaffolding-Plank-Roll-Forming-Machine-06-600x600.webp 600w, https:\/\/swforming.com\/wp-content\/uploads\/2023\/01\/Scaffolding-Plank-Roll-Forming-Machine-06-100x100.webp 100w\" sizes=\"(max-width: 800px) 100vw, 800px\" \/><\/p>\n<p>M\u00e1quina perfiladora de tablones de andamio tambi\u00e9n llamada m\u00e1quina perfiladora de tablones de andamio que se utiliza para producir tablones o tablas de andamio.<\/p>\n<p>Andamio, tambi\u00e9n llamado andamio o puesta en escena, es una estructura temporal utilizada para apoyar un equipo de trabajo y materiales para ayudar en la construcci\u00f3n, mantenimiento y reparaci\u00f3n de edificios, puentes y todas las dem\u00e1s estructuras hechas por el hombre. Los andamios se utilizan mucho en las obras para acceder a alturas y zonas a las que de otro modo ser\u00eda dif\u00edcil llegar. Los andamios inseguros pueden provocar la muerte o lesiones graves. Los andamios tambi\u00e9n se utilizan en formas adaptadas para encofrados y apuntalamientos, asientos de tribuna, escenarios de conciertos, torres de acceso\/visi\u00f3n, stands de exposiciones, rampas de esqu\u00ed, medias ca\u00f1as y proyectos art\u00edsticos.<\/p>\n<p>Nuestra inteligente maquina perfiladora de tablones de andamio puede hacer diferentes tablones de andamio de acuerdo a su perfil. El proceso de desenrollado, alimentaci\u00f3n servo, perforaci\u00f3n, perfilado, corte, etc. se puede realizar autom\u00e1ticamente en una l\u00ednea.<\/p>\n<p>Realizamos diferentes soluciones seg\u00fan el dibujo, la tolerancia y el presupuesto de los clientes, ofreciendo un servicio profesional personalizado, adaptable a todos sus requisitos. Sea cual sea la l\u00ednea que elija, la calidad de la Maquinaria SUNWAY le garantizar\u00e1 la obtenci\u00f3n de perfiles perfectamente funcionales.<\/p>\n<h3>Dibujos de perfil<\/h3>\n<p><img decoding=\"async\" class=\"alignnone size-full wp-image-1993\" src=\"https:\/\/swforming.com\/wp-content\/uploads\/2023\/01\/H7a9ff83699114b9e86e51016e771a5c2g.webp\" alt=\"\" width=\"1748\" height=\"2529\" title=\"\" srcset=\"https:\/\/swforming.com\/wp-content\/uploads\/2023\/01\/H7a9ff83699114b9e86e51016e771a5c2g.webp 1748w, https:\/\/swforming.com\/wp-content\/uploads\/2023\/01\/H7a9ff83699114b9e86e51016e771a5c2g-207x300.webp 207w, https:\/\/swforming.com\/wp-content\/uploads\/2023\/01\/H7a9ff83699114b9e86e51016e771a5c2g-708x1024.webp 708w, https:\/\/swforming.com\/wp-content\/uploads\/2023\/01\/H7a9ff83699114b9e86e51016e771a5c2g-768x1111.webp 768w, https:\/\/swforming.com\/wp-content\/uploads\/2023\/01\/H7a9ff83699114b9e86e51016e771a5c2g-1062x1536.webp 1062w, https:\/\/swforming.com\/wp-content\/uploads\/2023\/01\/H7a9ff83699114b9e86e51016e771a5c2g-1416x2048.webp 1416w, https:\/\/swforming.com\/wp-content\/uploads\/2023\/01\/H7a9ff83699114b9e86e51016e771a5c2g-8x12.webp 8w, https:\/\/swforming.com\/wp-content\/uploads\/2023\/01\/H7a9ff83699114b9e86e51016e771a5c2g-600x868.webp 600w\" sizes=\"(max-width: 1748px) 100vw, 1748px\" \/><\/p>\n<p><img decoding=\"async\" class=\"alignnone wp-image-1994 size-full\" src=\"https:\/\/swforming.com\/wp-content\/uploads\/2023\/01\/131090328.png\" alt=\"\" width=\"750\" height=\"183\" title=\"\" srcset=\"https:\/\/swforming.com\/wp-content\/uploads\/2023\/01\/131090328.png 750w, https:\/\/swforming.com\/wp-content\/uploads\/2023\/01\/131090328-300x73.png 300w, https:\/\/swforming.com\/wp-content\/uploads\/2023\/01\/131090328-18x4.png 18w, https:\/\/swforming.com\/wp-content\/uploads\/2023\/01\/131090328-600x146.png 600w\" sizes=\"(max-width: 750px) 100vw, 750px\" \/><\/p>\n<h3>L\u00ednea de producci\u00f3n<img loading=\"lazy\" decoding=\"async\" class=\"alignnone size-full wp-image-1995\" src=\"https:\/\/swforming.com\/wp-content\/uploads\/2023\/01\/Hf38bb4bedfec46e1ab9863ac484719a6B.webp\" alt=\"\" width=\"1748\" height=\"1014\" title=\"\" srcset=\"https:\/\/swforming.com\/wp-content\/uploads\/2023\/01\/Hf38bb4bedfec46e1ab9863ac484719a6B.webp 1748w, https:\/\/swforming.com\/wp-content\/uploads\/2023\/01\/Hf38bb4bedfec46e1ab9863ac484719a6B-300x174.webp 300w, https:\/\/swforming.com\/wp-content\/uploads\/2023\/01\/Hf38bb4bedfec46e1ab9863ac484719a6B-1024x594.webp 1024w, https:\/\/swforming.com\/wp-content\/uploads\/2023\/01\/Hf38bb4bedfec46e1ab9863ac484719a6B-768x446.webp 768w, https:\/\/swforming.com\/wp-content\/uploads\/2023\/01\/Hf38bb4bedfec46e1ab9863ac484719a6B-1536x891.webp 1536w, https:\/\/swforming.com\/wp-content\/uploads\/2023\/01\/Hf38bb4bedfec46e1ab9863ac484719a6B-18x10.webp 18w, https:\/\/swforming.com\/wp-content\/uploads\/2023\/01\/Hf38bb4bedfec46e1ab9863ac484719a6B-600x348.webp 600w\" sizes=\"(max-width: 1748px) 100vw, 1748px\" \/><\/h3>\n<h3>Detalles de producto<\/h3>\n<p><img loading=\"lazy\" decoding=\"async\" class=\"alignnone wp-image-1996 size-full\" src=\"https:\/\/swforming.com\/wp-content\/uploads\/2023\/01\/Product-Details-1-e1675127622678.png\" alt=\"\" width=\"749\" height=\"1327\" title=\"\" srcset=\"https:\/\/swforming.com\/wp-content\/uploads\/2023\/01\/Product-Details-1-e1675127622678.png 749w, https:\/\/swforming.com\/wp-content\/uploads\/2023\/01\/Product-Details-1-e1675127622678-169x300.png 169w, https:\/\/swforming.com\/wp-content\/uploads\/2023\/01\/Product-Details-1-e1675127622678-578x1024.png 578w, https:\/\/swforming.com\/wp-content\/uploads\/2023\/01\/Product-Details-1-e1675127622678-7x12.png 7w, https:\/\/swforming.com\/wp-content\/uploads\/2023\/01\/Product-Details-1-e1675127622678-600x1063.png 600w\" sizes=\"(max-width: 749px) 100vw, 749px\" \/><\/p>\n<h3>Parametros del producto<\/h3>\n<div style=\"overflow-x: auto;\">\n<table>\n<tbody>\n<tr>\n<td style=\"text-align: center;\" colspan=\"3\" rowspan=\"1\" data-sheets-value=\"{&quot;1&quot;:2,&quot;2&quot;:&quot;Scaffolding Plank Roll Forming Machine&quot;}\"><strong>M\u00e1quina formadora de rollos de tablones de andamios<\/strong><\/td>\n<\/tr>\n<tr>\n<td colspan=\"1\" rowspan=\"2\" data-sheets-value=\"{&quot;1&quot;:2,&quot;2&quot;:&quot;Machinable Material&quot;}\">\n<div>Material mecanizable<\/div>\n<\/td>\n<td data-sheets-value=\"{&quot;1&quot;:2,&quot;2&quot;:&quot;A) Galvanized Steel&quot;}\">A) Acero Galvanizado<\/td>\n<td colspan=\"1\" rowspan=\"2\" data-sheets-value=\"{&quot;1&quot;:2,&quot;2&quot;:&quot;Thickness(MM): 1.5-2.0, 2.0-2.5, up to 3mm&quot;}\">\n<div>Grosor (MM): 1,5-2,0, 2,0-2,5, hasta 3 mm<\/div>\n<\/td>\n<\/tr>\n<tr>\n<td data-sheets-value=\"{&quot;1&quot;:2,&quot;2&quot;:&quot;B) Mild Steel&quot;}\">B) Acero dulce<\/td>\n<\/tr>\n<tr>\n<td data-sheets-value=\"{&quot;1&quot;:2,&quot;2&quot;:&quot;Yield strength&quot;}\">L\u00edmite el\u00e1stico<\/td>\n<td colspan=\"2\" rowspan=\"1\" data-sheets-value=\"{&quot;1&quot;:2,&quot;2&quot;:&quot;250 - 550 Mpa&quot;}\">250 \u2013 550 MPa<\/td>\n<\/tr>\n<tr>\n<td data-sheets-value=\"{&quot;1&quot;:2,&quot;2&quot;:&quot;Tensil stress&quot;}\">Esfuerzo de tracci\u00f3n<\/td>\n<td colspan=\"2\" rowspan=\"1\" data-sheets-value=\"{&quot;1&quot;:2,&quot;2&quot;:&quot;G250 Mpa-G550 Mpa&quot;}\">G250 MPa-G550 MPa<\/td>\n<\/tr>\n<tr>\n<td data-sheets-value=\"{&quot;1&quot;:2,&quot;2&quot;:&quot;Decoiler&quot;}\">desbobinador<\/td>\n<td data-sheets-value=\"{&quot;1&quot;:2,&quot;2&quot;:&quot;Manual Decoiler&quot;}\">Desenrollador Manual<\/td>\n<td data-sheets-value=\"{&quot;1&quot;:2,&quot;2&quot;:&quot;* Hydraulic Decoiler(Optional)&quot;}\">* Desenrollador Hidr\u00e1ulico (Opcional)<\/td>\n<\/tr>\n<tr>\n<td data-sheets-value=\"{&quot;1&quot;:2,&quot;2&quot;:&quot;Punching System :&quot;}\">Sistema de punzonado:<\/td>\n<td data-sheets-value=\"{&quot;1&quot;:2,&quot;2&quot;:&quot;Hydraulic Punching Station&quot;}\">Estaci\u00f3n de punzonado hidr\u00e1ulico<\/td>\n<td data-sheets-value=\"{&quot;1&quot;:2,&quot;2&quot;:&quot;* Punching Press (Optional)&quot;}\">* Punzonadora (Opcional)<\/td>\n<\/tr>\n<tr>\n<td data-sheets-value=\"{&quot;1&quot;:2,&quot;2&quot;:&quot;Forming Station&quot;}\">Estaci\u00f3n de formaci\u00f3n<\/td>\n<td data-sheets-value=\"{&quot;1&quot;:2,&quot;2&quot;:&quot;About 20 Stands&quot;}\">Unos 20 stands<\/td>\n<td data-sheets-value=\"{&quot;1&quot;:2,&quot;2&quot;:&quot;* According To Your Profile Drawings&quot;}\">* Seg\u00fan sus dibujos de perfil<\/td>\n<\/tr>\n<tr>\n<td data-sheets-value=\"{&quot;1&quot;:2,&quot;2&quot;:&quot;Driving System&quot;}\">Sistema de conducci\u00f3n<\/td>\n<td colspan=\"2\" rowspan=\"1\" data-sheets-value=\"{&quot;1&quot;:2,&quot;2&quot;:&quot;Chain Drive&quot;}\">Transmisi\u00f3n por cadena<\/td>\n<\/tr>\n<tr>\n<td data-sheets-value=\"{&quot;1&quot;:2,&quot;2&quot;:&quot;Machine Structure&quot;}\">Estructura de la m\u00e1quina<\/td>\n<td data-sheets-value=\"{&quot;1&quot;:2,&quot;2&quot;:&quot;Wall Panel Station&quot;}\">Estaci\u00f3n de paneles de pared<\/td>\n<td data-sheets-value=\"{&quot;1&quot;:2,&quot;2&quot;:&quot;* Cast Iron Stands(Optional)&quot;}\">* Soportes de hierro fundido (opcional)<\/td>\n<\/tr>\n<tr>\n<td data-sheets-value=\"{&quot;1&quot;:2,&quot;2&quot;:&quot;Forming Speed&quot;}\">Velocidad de formaci\u00f3n<\/td>\n<td data-sheets-value=\"{&quot;1&quot;:2,&quot;2&quot;:&quot;5-15 (M\/MIN)&quot;}\">5-15 (M\/MIN)<\/td>\n<td data-sheets-value=\"{&quot;1&quot;:2,&quot;2&quot;:&quot;* According To Your Profile Drawings&quot;}\">* Seg\u00fan sus dibujos de perfil<\/td>\n<\/tr>\n<tr>\n<td data-sheets-value=\"{&quot;1&quot;:2,&quot;2&quot;:&quot;Rollers\u2019 Material&quot;}\">Material de los rodillos<\/td>\n<td data-sheets-value=\"{&quot;1&quot;:2,&quot;2&quot;:&quot;GCr15&quot;}\">GCr15<\/td>\n<td data-sheets-value=\"{&quot;1&quot;:2,&quot;2&quot;:&quot;* Cr12 (Optional)&quot;}\">* Cr12 (Opcional)<\/td>\n<\/tr>\n<tr>\n<td data-sheets-value=\"{&quot;1&quot;:2,&quot;2&quot;:&quot;Cutting System&quot;}\">Sistema de Corte<\/td>\n<td data-sheets-value=\"{&quot;1&quot;:2,&quot;2&quot;:&quot;Hydraulic Cutting&quot;}\">Corte hidr\u00e1ulico<\/td>\n<td data-sheets-value=\"{&quot;1&quot;:2,&quot;2&quot;:&quot;* Servo Tracking Cutter (Optional)&quot;}\">* Servo Tracking Cutter (Opcional)<\/td>\n<\/tr>\n<tr>\n<td data-sheets-value=\"{&quot;1&quot;:2,&quot;2&quot;:&quot;Frequency Changer Brand&quot;}\">Marca de cambiador de frecuencia<\/td>\n<td data-sheets-value=\"{&quot;1&quot;:2,&quot;2&quot;:&quot;Yaskawa&quot;}\">Yaskawa<\/td>\n<td data-sheets-value=\"{&quot;1&quot;:2,&quot;2&quot;:&quot;* Siemens (Optional)&quot;}\">* Siemens (Opcional)<\/td>\n<\/tr>\n<tr>\n<td data-sheets-value=\"{&quot;1&quot;:2,&quot;2&quot;:&quot;PLC Brand&quot;}\">Marca PLC<\/td>\n<td data-sheets-value=\"{&quot;1&quot;:2,&quot;2&quot;:&quot;Panasonic&quot;}\">panasonic<\/td>\n<td data-sheets-value=\"{&quot;1&quot;:2,&quot;2&quot;:&quot;* Siemens (Optional)&quot;}\">* Siemens (Opcional)<\/td>\n<\/tr>\n<tr>\n<td data-sheets-value=\"{&quot;1&quot;:2,&quot;2&quot;:&quot;Power Supply&quot;}\">Fuente de alimentaci\u00f3n<\/td>\n<td data-sheets-value=\"{&quot;1&quot;:2,&quot;2&quot;:&quot;380V 50Hz 3ph&quot;}\">380V 50Hz trif\u00e1sico<\/td>\n<td data-sheets-value=\"{&quot;1&quot;:2,&quot;2&quot;:&quot;* Or According To Your Requirment&quot;}\">* O seg\u00fan su requisito<\/td>\n<\/tr>\n<tr>\n<td data-sheets-value=\"{&quot;1&quot;:2,&quot;2&quot;:&quot;Machine Color&quot;}\">Color de la m\u00e1quina<\/td>\n<td data-sheets-value=\"{&quot;1&quot;:2,&quot;2&quot;:&quot;Industrial Blue&quot;}\">azul industrial<\/td>\n<td data-sheets-value=\"{&quot;1&quot;:2,&quot;2&quot;:&quot;* Or According To Your Requirment&quot;}\">* O seg\u00fan su requisito<\/td>\n<\/tr>\n<\/tbody>\n<\/table>\n<\/div>\n<h3>Solicitud<\/h3>\n<p><img loading=\"lazy\" decoding=\"async\" class=\"alignnone size-full wp-image-1997\" src=\"https:\/\/swforming.com\/wp-content\/uploads\/2023\/01\/Application.png\" alt=\"\" width=\"750\" height=\"453\" title=\"\" srcset=\"https:\/\/swforming.com\/wp-content\/uploads\/2023\/01\/Application.png 750w, https:\/\/swforming.com\/wp-content\/uploads\/2023\/01\/Application-300x181.png 300w, https:\/\/swforming.com\/wp-content\/uploads\/2023\/01\/Application-18x12.png 18w, https:\/\/swforming.com\/wp-content\/uploads\/2023\/01\/Application-600x362.png 600w\" sizes=\"(max-width: 750px) 100vw, 750px\" \/><\/p>","protected":false},"excerpt":{"rendered":"<p>M\u00e1quina perfiladora de tablones de andamio tambi\u00e9n llamada m\u00e1quina perfiladora de tablones de andamio que se utiliza para producir tablones o tablas de andamio.<\/p>\n<p>Andamio, tambi\u00e9n llamado andamio o puesta en escena, es una estructura temporal utilizada para apoyar un equipo de trabajo y materiales para ayudar en la construcci\u00f3n, mantenimiento y reparaci\u00f3n de edificios, puentes y todas las dem\u00e1s estructuras hechas por el hombre. Los andamios se utilizan mucho en las obras para acceder a alturas y zonas a las que de otro modo ser\u00eda dif\u00edcil llegar. Los andamios inseguros pueden provocar la muerte o lesiones graves. Los andamios tambi\u00e9n se utilizan en formas adaptadas para encofrados y apuntalamientos, asientos de gradas, escenarios de conciertos, torres de acceso\/visi\u00f3n, stands de exposiciones, rampas de esqu\u00ed, medias ca\u00f1er\u00edas y proyectos art\u00edsticos.<\/p>\n<div id=\"gtx-trans\" style=\"position: absolute; left: -78px; top: -10px;\">\n<div class=\"gtx-trans-icon\"><\/div>\n<\/div>","protected":false},"featured_media":1986,"comment_status":"closed","ping_status":"closed","template":"","meta":{"_acf_changed":false},"product_brand":[],"product_cat":[52,68],"product_tag":[],"class_list":{"0":"post-1985","1":"product","2":"type-product","3":"status-publish","4":"has-post-thumbnail","6":"product_cat-steel-structure","7":"product_cat-scaffolding-plank-roll-forming-machine","9":"first","10":"instock","11":"shipping-taxable","12":"product-type-simple"},"acf":[],"_links":{"self":[{"href":"https:\/\/swforming.com\/es\/wp-json\/wp\/v2\/product\/1985","targetHints":{"allow":["GET"]}}],"collection":[{"href":"https:\/\/swforming.com\/es\/wp-json\/wp\/v2\/product"}],"about":[{"href":"https:\/\/swforming.com\/es\/wp-json\/wp\/v2\/types\/product"}],"replies":[{"embeddable":true,"href":"https:\/\/swforming.com\/es\/wp-json\/wp\/v2\/comments?post=1985"}],"version-history":[{"count":3,"href":"https:\/\/swforming.com\/es\/wp-json\/wp\/v2\/product\/1985\/revisions"}],"predecessor-version":[{"id":3750,"href":"https:\/\/swforming.com\/es\/wp-json\/wp\/v2\/product\/1985\/revisions\/3750"}],"wp:featuredmedia":[{"embeddable":true,"href":"https:\/\/swforming.com\/es\/wp-json\/wp\/v2\/media\/1986"}],"wp:attachment":[{"href":"https:\/\/swforming.com\/es\/wp-json\/wp\/v2\/media?parent=1985"}],"wp:term":[{"taxonomy":"product_brand","embeddable":true,"href":"https:\/\/swforming.com\/es\/wp-json\/wp\/v2\/product_brand?post=1985"},{"taxonomy":"product_cat","embeddable":true,"href":"https:\/\/swforming.com\/es\/wp-json\/wp\/v2\/product_cat?post=1985"},{"taxonomy":"product_tag","embeddable":true,"href":"https:\/\/swforming.com\/es\/wp-json\/wp\/v2\/product_tag?post=1985"}],"curies":[{"name":"wp","href":"https:\/\/api.w.org\/{rel}","templated":true}]}}