{"id":1958,"date":"2023-01-06T01:03:11","date_gmt":"2023-01-06T01:03:11","guid":{"rendered":"https:\/\/swforming.com\/?post_type=product&#038;p=1958"},"modified":"2023-06-12T06:17:29","modified_gmt":"2023-06-12T06:17:29","slug":"maquina-formadora-de-rollos-de-correas-sigma-cambiables-de-tamano-automatico","status":"publish","type":"product","link":"https:\/\/swforming.com\/es\/product\/auto-size-changeable-sigma-purlin-roll-forming-machine\/","title":{"rendered":"M\u00e1quina formadora de rollos Sigma Purlin de tama\u00f1o autom\u00e1tico cambiable"},"content":{"rendered":"<p><img fetchpriority=\"high\" decoding=\"async\" class=\"alignnone size-full wp-image-1965\" src=\"https:\/\/swforming.com\/wp-content\/uploads\/2023\/01\/H75a3f37cb11e4b3aaabd279e2c22181c8.webp\" alt=\"\" width=\"750\" height=\"900\" title=\"\" srcset=\"https:\/\/swforming.com\/wp-content\/uploads\/2023\/01\/H75a3f37cb11e4b3aaabd279e2c22181c8.webp 750w, https:\/\/swforming.com\/wp-content\/uploads\/2023\/01\/H75a3f37cb11e4b3aaabd279e2c22181c8-600x720.webp 600w, https:\/\/swforming.com\/wp-content\/uploads\/2023\/01\/H75a3f37cb11e4b3aaabd279e2c22181c8-250x300.webp 250w, https:\/\/swforming.com\/wp-content\/uploads\/2023\/01\/H75a3f37cb11e4b3aaabd279e2c22181c8-10x12.webp 10w\" sizes=\"(max-width: 750px) 100vw, 750px\" \/><\/p>\n<p><span data-spm-anchor-id=\"a2700.details.0.i21.24163bbaYZpM6v\">Esta m\u00e1quina perfiladora de correas Sigma, tambi\u00e9n denominada m\u00e1quina perfiladora de correas M, se utiliza para producir correas en forma de M de 80-300 mm de ancho, normalmente el grosor del material es de 1,5-3 mm, tambi\u00e9n se puede formar un grosor m\u00e1ximo de 4,0-6,0 mm seg\u00fan el cliente requisito. <\/span><\/p>\n<p><span data-spm-anchor-id=\"a2700.details.0.i21.24163bbaYZpM6v\">SUNWAY dise\u00f1a esta m\u00e1quina para trabajar con cualquier tama\u00f1o de correa, tama\u00f1os ajustables autom\u00e1ticamente por PLC o ajuste manual de la rueda del mango para cambiar el ancho de la hoja para obtener diferentes anchos y alturas. Esto es mucho m\u00e1s f\u00e1cil que ajustar los espaciadores y puede ahorrar m\u00e1s tiempo. Con respecto a la unidad de punzonado, podemos dise\u00f1ar prepunzonado, postpunzonado seg\u00fan sus requisitos. Para la unidad de corte, puede elegir el precorte o el poscorte, que es un corte universal. El sistema de conducci\u00f3n que adoptamos es la cadena y principalmente con card\u00e1n\/caja de cambios para la transmisi\u00f3n si la materia prima es m\u00e1s gruesa que 2,5 mm, esta es una potencia de conducci\u00f3n mucho m\u00e1s fuerte y m\u00e1s estable al formar las correas.<\/span><\/p>\n<p>La m\u00e1quina perfiladora de correas es la m\u00e1s popular y tiene un amplio uso en sistemas de construcci\u00f3n de metal, grandes soluciones para techos, proyectos de construcci\u00f3n y renovaci\u00f3n, etc. Nuestra m\u00e1quina perfiladora de correas puede producir correas en C, correas en U y correas en Z. De acuerdo con su perfil de secci\u00f3n, rango de tama\u00f1o, rango de espesor, podemos ofrecerle diferentes soluciones de m\u00e1quina perfiladora de correas para fabricar una gama completa de correas estructurales (cambio de altura y ancho usando un sistema autom\u00e1tico por motores): Si solo necesita producir algunos tama\u00f1os , tambi\u00e9n sugerimos cambiar manualmente las mangas, es m\u00e1s asequible.<\/p>\n<p>Realizamos diferentes soluciones seg\u00fan el dibujo, la tolerancia y el presupuesto de los clientes, ofreciendo un servicio profesional personalizado, adaptable a todos sus requisitos. Sea cual sea la l\u00ednea que elija, la calidad de la Maquinaria SUNWAY le garantizar\u00e1 la obtenci\u00f3n de perfiles perfectamente funcionales.<\/p>\n<p>Haga clic aqu\u00ed para obtener m\u00e1s informaci\u00f3n sobre el <strong><a href=\"https:\/\/swforming.com\/es\/purlin-roll-forming-machine-all-in-one-2023\/\">m\u00e1quina perfiladora de correas<\/a><\/strong><\/p>\n<h3>Dibujos de perfil<\/h3>\n<p><img decoding=\"async\" class=\"alignnone size-full wp-image-1966\" src=\"https:\/\/swforming.com\/wp-content\/uploads\/2023\/01\/H857a3fc0cbbc401da288142db392df666.webp\" alt=\"\" width=\"1748\" height=\"1078\" title=\"\" srcset=\"https:\/\/swforming.com\/wp-content\/uploads\/2023\/01\/H857a3fc0cbbc401da288142db392df666.webp 1748w, https:\/\/swforming.com\/wp-content\/uploads\/2023\/01\/H857a3fc0cbbc401da288142db392df666-600x370.webp 600w, https:\/\/swforming.com\/wp-content\/uploads\/2023\/01\/H857a3fc0cbbc401da288142db392df666-300x185.webp 300w, https:\/\/swforming.com\/wp-content\/uploads\/2023\/01\/H857a3fc0cbbc401da288142db392df666-1024x632.webp 1024w, https:\/\/swforming.com\/wp-content\/uploads\/2023\/01\/H857a3fc0cbbc401da288142db392df666-768x474.webp 768w, https:\/\/swforming.com\/wp-content\/uploads\/2023\/01\/H857a3fc0cbbc401da288142db392df666-1536x947.webp 1536w, https:\/\/swforming.com\/wp-content\/uploads\/2023\/01\/H857a3fc0cbbc401da288142db392df666-18x12.webp 18w\" sizes=\"(max-width: 1748px) 100vw, 1748px\" \/><\/p>\n<p><img decoding=\"async\" class=\"alignnone size-full wp-image-1967\" src=\"https:\/\/swforming.com\/wp-content\/uploads\/2023\/01\/20230106085127.png\" alt=\"\" width=\"750\" height=\"181\" title=\"\" srcset=\"https:\/\/swforming.com\/wp-content\/uploads\/2023\/01\/20230106085127.png 750w, https:\/\/swforming.com\/wp-content\/uploads\/2023\/01\/20230106085127-600x145.png 600w, https:\/\/swforming.com\/wp-content\/uploads\/2023\/01\/20230106085127-300x72.png 300w, https:\/\/swforming.com\/wp-content\/uploads\/2023\/01\/20230106085127-18x4.png 18w\" sizes=\"(max-width: 750px) 100vw, 750px\" \/><\/p>\n<h3>L\u00ednea de producci\u00f3n<img loading=\"lazy\" decoding=\"async\" class=\"alignnone size-full wp-image-1968\" src=\"https:\/\/swforming.com\/wp-content\/uploads\/2023\/01\/Hcbf4054b977e4ee485ae42a6ed3b8354E.webp\" alt=\"\" width=\"1748\" height=\"586\" title=\"\" srcset=\"https:\/\/swforming.com\/wp-content\/uploads\/2023\/01\/Hcbf4054b977e4ee485ae42a6ed3b8354E.webp 1748w, https:\/\/swforming.com\/wp-content\/uploads\/2023\/01\/Hcbf4054b977e4ee485ae42a6ed3b8354E-600x201.webp 600w, https:\/\/swforming.com\/wp-content\/uploads\/2023\/01\/Hcbf4054b977e4ee485ae42a6ed3b8354E-300x101.webp 300w, https:\/\/swforming.com\/wp-content\/uploads\/2023\/01\/Hcbf4054b977e4ee485ae42a6ed3b8354E-1024x343.webp 1024w, https:\/\/swforming.com\/wp-content\/uploads\/2023\/01\/Hcbf4054b977e4ee485ae42a6ed3b8354E-768x257.webp 768w, https:\/\/swforming.com\/wp-content\/uploads\/2023\/01\/Hcbf4054b977e4ee485ae42a6ed3b8354E-1536x515.webp 1536w, https:\/\/swforming.com\/wp-content\/uploads\/2023\/01\/Hcbf4054b977e4ee485ae42a6ed3b8354E-18x6.webp 18w\" sizes=\"(max-width: 1748px) 100vw, 1748px\" \/><\/h3>\n<h3>Detalles de producto<\/h3>\n<p><img loading=\"lazy\" decoding=\"async\" class=\"alignnone size-full wp-image-1882\" src=\"https:\/\/swforming.com\/wp-content\/uploads\/2022\/12\/Detail.png\" alt=\"\" width=\"1000\" height=\"1721\" title=\"\" srcset=\"https:\/\/swforming.com\/wp-content\/uploads\/2022\/12\/Detail.png 1000w, https:\/\/swforming.com\/wp-content\/uploads\/2022\/12\/Detail-600x1033.png 600w, https:\/\/swforming.com\/wp-content\/uploads\/2022\/12\/Detail-174x300.png 174w, https:\/\/swforming.com\/wp-content\/uploads\/2022\/12\/Detail-595x1024.png 595w, https:\/\/swforming.com\/wp-content\/uploads\/2022\/12\/Detail-768x1322.png 768w, https:\/\/swforming.com\/wp-content\/uploads\/2022\/12\/Detail-893x1536.png 893w, https:\/\/swforming.com\/wp-content\/uploads\/2022\/12\/Detail-7x12.png 7w\" sizes=\"(max-width: 1000px) 100vw, 1000px\" \/> <img loading=\"lazy\" decoding=\"async\" class=\"alignnone size-full wp-image-1969\" src=\"https:\/\/swforming.com\/wp-content\/uploads\/2023\/01\/Product-Details.png\" alt=\"\" width=\"1000\" height=\"1724\" title=\"\" srcset=\"https:\/\/swforming.com\/wp-content\/uploads\/2023\/01\/Product-Details.png 1000w, https:\/\/swforming.com\/wp-content\/uploads\/2023\/01\/Product-Details-600x1034.png 600w, https:\/\/swforming.com\/wp-content\/uploads\/2023\/01\/Product-Details-174x300.png 174w, https:\/\/swforming.com\/wp-content\/uploads\/2023\/01\/Product-Details-594x1024.png 594w, https:\/\/swforming.com\/wp-content\/uploads\/2023\/01\/Product-Details-768x1324.png 768w, https:\/\/swforming.com\/wp-content\/uploads\/2023\/01\/Product-Details-891x1536.png 891w, https:\/\/swforming.com\/wp-content\/uploads\/2023\/01\/Product-Details-7x12.png 7w\" sizes=\"(max-width: 1000px) 100vw, 1000px\" \/><\/p>\n<h3>Parametros del producto<\/h3>\n<div style=\"overflow-x: auto;\">\n<table>\n<tbody>\n<tr>\n<td style=\"text-align: center;\" colspan=\"3\" rowspan=\"1\" data-sheets-value=\"{&quot;1&quot;:2,&quot;2&quot;:&quot;Auto Size Changeable Sigma Purlin Roll Forming Machine&quot;}\"><strong>M\u00e1quina formadora de rollos Sigma Purlin de tama\u00f1o autom\u00e1tico cambiable<\/strong><\/td>\n<\/tr>\n<tr>\n<td colspan=\"1\" rowspan=\"2\" data-sheets-value=\"{&quot;1&quot;:2,&quot;2&quot;:&quot;Machinable Material&quot;}\">\n<div>Material mecanizable<\/div>\n<\/td>\n<td data-sheets-value=\"{&quot;1&quot;:2,&quot;2&quot;:&quot;A) Galvanized Coil&quot;}\">A) Bobina Galvanizada<\/td>\n<td colspan=\"1\" rowspan=\"2\" data-sheets-value=\"{&quot;1&quot;:2,&quot;2&quot;:&quot;Thickness(MM): 1.5-3 or as per customer&quot;}\">\n<div>Espesor (MM): 1.5-3 o seg\u00fan el cliente<\/div>\n<\/td>\n<\/tr>\n<tr>\n<td data-sheets-value=\"{&quot;1&quot;:2,&quot;2&quot;:&quot;B) Carbon Steel Coil&quot;}\">B) Bobina de acero al carbono<\/td>\n<\/tr>\n<tr>\n<td data-sheets-value=\"{&quot;1&quot;:2,&quot;2&quot;:&quot;Yield Strength&quot;}\">L\u00edmite el\u00e1stico<\/td>\n<td colspan=\"2\" rowspan=\"1\" data-sheets-value=\"{&quot;1&quot;:2,&quot;2&quot;:&quot;250 - 550 Mpa&quot;}\">250 \u2013 550 MPa<\/td>\n<\/tr>\n<tr>\n<td data-sheets-value=\"{&quot;1&quot;:2,&quot;2&quot;:&quot;Tensil Stress&quot;}\">Estr\u00e9s de tracci\u00f3n<\/td>\n<td colspan=\"2\" rowspan=\"1\" data-sheets-value=\"{&quot;1&quot;:2,&quot;2&quot;:&quot;G350 Mpa-G550 Mpa&quot;}\">G350 MPa-G550 MPa<\/td>\n<\/tr>\n<tr>\n<td data-sheets-value=\"{&quot;1&quot;:2,&quot;2&quot;:&quot;Decoiler&quot;}\">desbobinador<\/td>\n<td data-sheets-value=\"{&quot;1&quot;:2,&quot;2&quot;:&quot;Manual Decoiler&quot;}\">Desenrollador Manual<\/td>\n<td data-sheets-value=\"{&quot;1&quot;:2,&quot;2&quot;:&quot;* Hydraulic Decoiler (Optional)&quot;}\">* Desenrollador Hidr\u00e1ulico (Opcional)<\/td>\n<\/tr>\n<tr>\n<td data-sheets-value=\"{&quot;1&quot;:2,&quot;2&quot;:&quot;Punching System&quot;}\">Sistema de punzonado<\/td>\n<td data-sheets-value=\"{&quot;1&quot;:2,&quot;2&quot;:&quot;Hydraulic Punching Station&quot;}\">Estaci\u00f3n de punzonado hidr\u00e1ulico<\/td>\n<td data-sheets-value=\"{&quot;1&quot;:2,&quot;2&quot;:&quot;* Pre-punch \/ Post Punch (Optional)&quot;}\">* Perforaci\u00f3n previa \/ Perforaci\u00f3n posterior (Opcional)<\/td>\n<\/tr>\n<tr>\n<td data-sheets-value=\"{&quot;1&quot;:2,&quot;2&quot;:&quot;Forming Station&quot;}\">Estaci\u00f3n de formaci\u00f3n<\/td>\n<td colspan=\"2\" rowspan=\"1\" data-sheets-value=\"{&quot;1&quot;:2,&quot;2&quot;:&quot;About 16 Stations&quot;}\">Cerca de 16 estaciones<\/td>\n<\/tr>\n<tr>\n<td data-sheets-value=\"{&quot;1&quot;:2,&quot;2&quot;:&quot;Driving System&quot;}\">Sistema de conducci\u00f3n<\/td>\n<td data-sheets-value=\"{&quot;1&quot;:2,&quot;2&quot;:&quot;Chain Drive&quot;}\">Transmisi\u00f3n por cadena<\/td>\n<td data-sheets-value=\"{&quot;1&quot;:2,&quot;2&quot;:&quot;* Gearbox Drive (Optional)&quot;}\">* Transmisi\u00f3n de caja de cambios (opcional)<\/td>\n<\/tr>\n<tr>\n<td data-sheets-value=\"{&quot;1&quot;:2,&quot;2&quot;:&quot;Machine Structure&quot;}\">Estructura de la m\u00e1quina<\/td>\n<td data-sheets-value=\"{&quot;1&quot;:2,&quot;2&quot;:&quot;Wall Panel Station&quot;}\">Estaci\u00f3n de paneles de pared<\/td>\n<td data-sheets-value=\"{&quot;1&quot;:2,&quot;2&quot;:&quot;* Forged Iron Station (Optional)&quot;}\">* Estaci\u00f3n de Hierro Forjado (Opcional)<\/td>\n<\/tr>\n<tr>\n<td data-sheets-value=\"{&quot;1&quot;:2,&quot;2&quot;:&quot;Forming Speed&quot;}\">Velocidad de formaci\u00f3n<\/td>\n<td data-sheets-value=\"{&quot;1&quot;:2,&quot;2&quot;:&quot;10-20 (M\/MIN)&quot;}\">10-20 (M\/MIN)<\/td>\n<td data-sheets-value=\"{&quot;1&quot;:2,&quot;2&quot;:&quot;* Or According To Your Requirment&quot;}\">* O seg\u00fan su requisito<\/td>\n<\/tr>\n<tr>\n<td data-sheets-value=\"{&quot;1&quot;:2,&quot;2&quot;:&quot;Rollers\u2019 Material&quot;}\">Material de los rodillos<\/td>\n<td data-sheets-value=\"{&quot;1&quot;:2,&quot;2&quot;:&quot;GCr 15&quot;}\">GCr 15<\/td>\n<td data-sheets-value=\"{&quot;1&quot;:2,&quot;2&quot;:&quot;* Cr12Mov (Optional)&quot;}\">* Cr12Mov (Opcional)<\/td>\n<\/tr>\n<tr>\n<td data-sheets-value=\"{&quot;1&quot;:2,&quot;2&quot;:&quot;Cutting System&quot;}\">Sistema de Corte<\/td>\n<td data-sheets-value=\"{&quot;1&quot;:2,&quot;2&quot;:&quot;Pre-cutting&quot;}\">precorte<\/td>\n<td data-sheets-value=\"{&quot;1&quot;:2,&quot;2&quot;:&quot;* Post- universal Cutting (Optional)&quot;}\">* Post-corte universal (Opcional)<\/td>\n<\/tr>\n<tr>\n<td data-sheets-value=\"{&quot;1&quot;:2,&quot;2&quot;:&quot;Frequency Changer Brand&quot;}\">Marca de cambiador de frecuencia<\/td>\n<td data-sheets-value=\"{&quot;1&quot;:2,&quot;2&quot;:&quot;Yaskawa&quot;}\">Yaskawa<\/td>\n<td data-sheets-value=\"{&quot;1&quot;:2,&quot;2&quot;:&quot;* Siemens (Optional)&quot;}\">* Siemens (Opcional)<\/td>\n<\/tr>\n<tr>\n<td data-sheets-value=\"{&quot;1&quot;:2,&quot;2&quot;:&quot;PLC Brand&quot;}\">Marca PLC<\/td>\n<td data-sheets-value=\"{&quot;1&quot;:2,&quot;2&quot;:&quot;Panasonic&quot;}\">panasonic<\/td>\n<td data-sheets-value=\"{&quot;1&quot;:2,&quot;2&quot;:&quot;* Siemens (Optional)&quot;}\">* Siemens (Opcional)<\/td>\n<\/tr>\n<tr>\n<td data-sheets-value=\"{&quot;1&quot;:2,&quot;2&quot;:&quot;Power Supply&quot;}\">Fuente de alimentaci\u00f3n<\/td>\n<td data-sheets-value=\"{&quot;1&quot;:2,&quot;2&quot;:&quot;380V 50Hz&quot;}\">380V 50Hz<\/td>\n<td data-sheets-value=\"{&quot;1&quot;:2,&quot;2&quot;:&quot;* Or According To Your Requirment&quot;}\">* O seg\u00fan su requisito<\/td>\n<\/tr>\n<tr>\n<td data-sheets-value=\"{&quot;1&quot;:2,&quot;2&quot;:&quot;Machine Color&quot;}\">Color de la m\u00e1quina<\/td>\n<td data-sheets-value=\"{&quot;1&quot;:2,&quot;2&quot;:&quot;Industrial Blue&quot;}\">azul industrial<\/td>\n<td data-sheets-value=\"{&quot;1&quot;:2,&quot;2&quot;:&quot;* Or According To Your Requirment&quot;}\">* O seg\u00fan su requisito<\/td>\n<\/tr>\n<\/tbody>\n<\/table>\n<\/div>\n<h3>Solicitud<\/h3>\n<p><img loading=\"lazy\" decoding=\"async\" class=\"alignnone size-full wp-image-1870\" src=\"https:\/\/swforming.com\/wp-content\/uploads\/2022\/12\/Application20221213150814.png\" alt=\"\" width=\"1000\" height=\"605\" title=\"\" srcset=\"https:\/\/swforming.com\/wp-content\/uploads\/2022\/12\/Application20221213150814.png 1000w, https:\/\/swforming.com\/wp-content\/uploads\/2022\/12\/Application20221213150814-600x363.png 600w, https:\/\/swforming.com\/wp-content\/uploads\/2022\/12\/Application20221213150814-300x182.png 300w, https:\/\/swforming.com\/wp-content\/uploads\/2022\/12\/Application20221213150814-768x465.png 768w, https:\/\/swforming.com\/wp-content\/uploads\/2022\/12\/Application20221213150814-18x12.png 18w\" sizes=\"(max-width: 1000px) 100vw, 1000px\" \/><\/p>\n<h3>\u00bfQu\u00e9 es la perfiladora autom\u00e1tica de correas en C?<\/h3>\n<p>Una perfiladora autom\u00e1tica de correas en C es un equipo especializado utilizado en la industria manufacturera para producir correas en forma de C. Las correas son componentes estructurales utilizados en la construcci\u00f3n de edificios, normalmente para soportar tejados o paredes. Las correas son componentes estructurales utilizados en la construcci\u00f3n de edificios, normalmente para soportar el tejado o las paredes. Las correas en C tienen una secci\u00f3n transversal en forma de C, parecida a la letra \"C\".<\/p>\n<p>La perfiladora est\u00e1 dise\u00f1ada para alimentar, dar forma y cortar autom\u00e1ticamente bobinas de metal en correas en forma de C. Consta de una serie de rodillos y estaciones de herramientas que dan forma gradualmente a la banda met\u00e1lica hasta obtener el perfil deseado. La m\u00e1quina funciona en un proceso continuo, en el que la banda de metal se introduce en la m\u00e1quina y se transforma en una correa en C acabada en el otro extremo.<\/p>\n<p>La naturaleza autom\u00e1tica de la m\u00e1quina significa que requiere una intervenci\u00f3n manual m\u00ednima. Una vez instalada y configurada con los par\u00e1metros deseados, la m\u00e1quina puede producir correas C de forma constante y eficaz. La m\u00e1quina puede programarse para producir correas de diferentes tama\u00f1os y longitudes ajustando los par\u00e1metros.<\/p>\n<p>Las perfiladoras autom\u00e1ticas de correas en C se utilizan ampliamente en la industria de la construcci\u00f3n debido a su capacidad para producir correas con gran precisi\u00f3n y velocidad. Ofrecen ventajas como la reducci\u00f3n de los costes de mano de obra, la mejora de la productividad y la calidad constante del producto.<\/p>\n<h3>ventajas de la perfiladora de correas oem c<\/h3>\n<ol>\n<li>Experiencia y calidad: Los fabricantes OEM se especializan en equipos de perfilado y tienen amplios conocimientos y experiencia en el dise\u00f1o y producci\u00f3n de m\u00e1quinas de alta calidad. Al optar por una m\u00e1quina OEM, puede beneficiarse de su experiencia y asegurarse de que est\u00e1 obteniendo un producto fiable y bien construido.<\/li>\n<li>Personalizaci\u00f3n: Las m\u00e1quinas OEM pueden adaptarse para satisfacer sus requisitos espec\u00edficos. El fabricante OEM colaborar\u00e1 estrechamente con usted para comprender sus necesidades y personalizar la m\u00e1quina en consecuencia. Esto garantiza que la m\u00e1quina est\u00e9 optimizada para su proceso de producci\u00f3n, permiti\u00e9ndole alcanzar el rendimiento y la calidad deseados.<\/li>\n<li>Asistencia y formaci\u00f3n: Los fabricantes de equipos originales suelen ofrecer servicios completos de asistencia y formaci\u00f3n. Pueden ayudarle en la instalaci\u00f3n, configuraci\u00f3n y funcionamiento de la m\u00e1quina. Adem\u00e1s, pueden ofrecer formaci\u00f3n a su personal, asegur\u00e1ndose de que conozcan el funcionamiento y el mantenimiento de la m\u00e1quina. Este apoyo puede ayudar a minimizar el tiempo de inactividad y maximizar la productividad.<\/li>\n<li>Servicio posventa: Los fabricantes de equipos originales suelen ofrecer servicio y asistencia posventa. Esto incluye asistencia para la resoluci\u00f3n de problemas, disponibilidad de piezas de repuesto y servicios de mantenimiento. Contar con un servicio posventa fiable garantiza que cualquier problema o duda que pueda tener con la m\u00e1quina pueda resolverse r\u00e1pidamente, minimizando las interrupciones de la producci\u00f3n.<\/li>\n<li>Oportunidades de marca: Con una m\u00e1quina OEM, tiene la flexibilidad de marcar la m\u00e1quina con el nombre o la etiqueta de su empresa. Esto le permite aumentar la visibilidad de su marca y establecer su identidad en el mercado. Tambi\u00e9n puede comercializar la m\u00e1quina como parte de su l\u00ednea de productos, proporcionando un valor adicional a sus clientes.<\/li>\n<li>Rentabilidad: Colaborar con un fabricante OEM puede ser a menudo una soluci\u00f3n rentable en comparaci\u00f3n con desarrollar el equipo internamente. Puede ahorrarse los gastos asociados a las instalaciones de investigaci\u00f3n y desarrollo, ingenier\u00eda y fabricaci\u00f3n. Adem\u00e1s, al asociarse con un fabricante OEM, puede aprovechar sus econom\u00edas de escala, reduciendo potencialmente el coste total de la m\u00e1quina.<\/li>\n<\/ol>\n<h3>\u00bfc\u00f3mo funciona la perfiladora de correas en u intercambiables?<\/h3>\n<p>Una perfiladora de correas en U cambiable es una perfiladora dise\u00f1ada espec\u00edficamente para producir correas en forma de U con tama\u00f1os cambiables. Las correas en U se utilizan habitualmente en la construcci\u00f3n para proporcionar soporte estructural a tejados, paredes y suelos.<\/p>\n<p>La caracter\u00edstica clave de una perfiladora de correas en U cambiable es su capacidad para producir correas en U de diferentes tama\u00f1os y dimensiones. Esta flexibilidad permite versatilidad en la fabricaci\u00f3n, ya que la m\u00e1quina puede ajustarse f\u00e1cilmente para producir correas en U de distintas anchuras, profundidades y longitudes de ala.<\/p>\n<p>As\u00ed es como suele funcionar una perfiladora de correas en U variable:<\/p>\n<ol>\n<li>Alimentaci\u00f3n del material: La m\u00e1quina comienza alimentando una bobina de fleje met\u00e1lico en la m\u00e1quina. El fleje suele ser de acero galvanizado, acero inoxidable u otros materiales adecuados.<\/li>\n<li>Perfilado: El fleje met\u00e1lico pasa por una serie de rodillos y estaciones de utillaje que le van dando forma de U. Estos rodillos y estaciones son ajustables, lo que permite modificar la anchura y profundidad de la correa. Estos rodillos y estaciones son ajustables, lo que permite modificar la anchura y profundidad de la correa en U que se est\u00e1 fabricando.<\/li>\n<li>Corte y medici\u00f3n de la longitud: Una vez formado el perfil en forma de U, la m\u00e1quina incluye un mecanismo de corte que corta la correa a la longitud deseada. Algunas m\u00e1quinas tambi\u00e9n disponen de un sistema de medici\u00f3n de longitud integrado para garantizar un corte preciso y uniforme.<\/li>\n<li>Apilado o embalaje: Una vez cortadas, las correas en U acabadas suelen apilarse o embalarse para facilitar su manipulaci\u00f3n y transporte.<\/li>\n<\/ol>\n<p>La naturaleza cambiante de la m\u00e1quina permite cambiar r\u00e1pida y eficazmente entre diferentes tama\u00f1os de correas en U. Los ajustes suelen realizarse mediante sencillos controles manuales o automatizados, lo que permite a los operarios ajustar f\u00e1cilmente las dimensiones deseadas.<\/p>","protected":false},"excerpt":{"rendered":"<p><span data-spm-anchor-id=\"a2700.details.0.i21.24163bbaYZpM6v\">Esta m\u00e1quina perfiladora de correas Sigma, tambi\u00e9n denominada m\u00e1quina perfiladora de correas M, se utiliza para producir correas en forma de M de 80-300 mm de ancho, normalmente el grosor del material es de 1,5-3 mm, tambi\u00e9n se puede formar un grosor m\u00e1ximo de 4,0-6,0 mm seg\u00fan el cliente requisito.<\/span><\/p>","protected":false},"featured_media":1959,"comment_status":"closed","ping_status":"closed","template":"","meta":{"_acf_changed":false},"product_brand":[],"product_cat":[52,112,113,73],"product_tag":[],"class_list":{"0":"post-1958","1":"product","2":"type-product","3":"status-publish","4":"has-post-thumbnail","6":"product_cat-steel-structure","7":"product_cat-profile-roll-forming-machine","8":"product_cat-purlin-roll-forming-machine","9":"product_cat-sigma-purlin-roll-forming-machine","11":"first","12":"instock","13":"shipping-taxable","14":"product-type-simple"},"acf":[],"_links":{"self":[{"href":"https:\/\/swforming.com\/es\/wp-json\/wp\/v2\/product\/1958","targetHints":{"allow":["GET"]}}],"collection":[{"href":"https:\/\/swforming.com\/es\/wp-json\/wp\/v2\/product"}],"about":[{"href":"https:\/\/swforming.com\/es\/wp-json\/wp\/v2\/types\/product"}],"replies":[{"embeddable":true,"href":"https:\/\/swforming.com\/es\/wp-json\/wp\/v2\/comments?post=1958"}],"version-history":[{"count":4,"href":"https:\/\/swforming.com\/es\/wp-json\/wp\/v2\/product\/1958\/revisions"}],"predecessor-version":[{"id":3208,"href":"https:\/\/swforming.com\/es\/wp-json\/wp\/v2\/product\/1958\/revisions\/3208"}],"wp:featuredmedia":[{"embeddable":true,"href":"https:\/\/swforming.com\/es\/wp-json\/wp\/v2\/media\/1959"}],"wp:attachment":[{"href":"https:\/\/swforming.com\/es\/wp-json\/wp\/v2\/media?parent=1958"}],"wp:term":[{"taxonomy":"product_brand","embeddable":true,"href":"https:\/\/swforming.com\/es\/wp-json\/wp\/v2\/product_brand?post=1958"},{"taxonomy":"product_cat","embeddable":true,"href":"https:\/\/swforming.com\/es\/wp-json\/wp\/v2\/product_cat?post=1958"},{"taxonomy":"product_tag","embeddable":true,"href":"https:\/\/swforming.com\/es\/wp-json\/wp\/v2\/product_tag?post=1958"}],"curies":[{"name":"wp","href":"https:\/\/api.w.org\/{rel}","templated":true}]}}