{"id":1872,"date":"2022-12-19T06:12:50","date_gmt":"2022-12-19T06:12:50","guid":{"rendered":"https:\/\/swforming.com\/?post_type=product&#038;p=1872"},"modified":"2024-09-05T03:33:13","modified_gmt":"2024-09-05T03:33:13","slug":"auto-size-changeable-c-z-purlin-roll-forming-machine","status":"publish","type":"product","link":"https:\/\/swforming.com\/es\/product\/auto-size-changeable-c-z-purlin-roll-forming-machine\/","title":{"rendered":"M\u00e1quina formadora de rollos CZ Purlin de tama\u00f1o autom\u00e1tico"},"content":{"rendered":"<p><img fetchpriority=\"high\" decoding=\"async\" class=\"alignnone size-full wp-image-1879\" src=\"https:\/\/swforming.com\/wp-content\/uploads\/2022\/12\/H3ac0392a26ca492787a9be112fee2382b.webp\" alt=\"\" width=\"750\" height=\"900\" title=\"\" srcset=\"https:\/\/swforming.com\/wp-content\/uploads\/2022\/12\/H3ac0392a26ca492787a9be112fee2382b.webp 750w, https:\/\/swforming.com\/wp-content\/uploads\/2022\/12\/H3ac0392a26ca492787a9be112fee2382b-600x720.webp 600w, https:\/\/swforming.com\/wp-content\/uploads\/2022\/12\/H3ac0392a26ca492787a9be112fee2382b-250x300.webp 250w, https:\/\/swforming.com\/wp-content\/uploads\/2022\/12\/H3ac0392a26ca492787a9be112fee2382b-10x12.webp 10w\" sizes=\"(max-width: 750px) 100vw, 750px\" \/><\/p>\n<p>Esta m\u00e1quina formadora de rollos de correa CZ cambiable de tama\u00f1o autom\u00e1tico se utiliza para producir correas en forma de C y Z de 100-300 mm de ancho, normalmente el grosor del material es de 1,5-3 mm, tambi\u00e9n se puede formar un grosor m\u00e1ximo de 4,0-6,0 mm seg\u00fan los requisitos del cliente.<\/p>\n<p>SUNWAY dise\u00f1a esta m\u00e1quina perfiladora de correas CZ de tama\u00f1o autom\u00e1tico para trabajar con cualquier tama\u00f1o de correa, tama\u00f1os ajustables autom\u00e1ticamente por PLC. Adem\u00e1s, cambiar el tiempo de C a Z solo necesita 10 minutos. Con respecto a la unidad de punzonado, podemos dise\u00f1ar prepunzonado, postpunzonado seg\u00fan sus requisitos. Para la unidad de corte, puede elegir el precorte o el poscorte, que es un corte universal. El sistema de conducci\u00f3n que adoptamos es la cadena y principalmente con card\u00e1n\/caja de cambios para la transmisi\u00f3n si la materia prima es m\u00e1s gruesa que 2,5 mm, esta es una potencia de conducci\u00f3n mucho m\u00e1s fuerte y m\u00e1s estable al formar las correas.<\/p>\n<p>La m\u00e1quina perfiladora de correas es la m\u00e1s popular y tiene un amplio uso en sistemas de construcci\u00f3n de metal, grandes soluciones para techos, proyectos de construcci\u00f3n y renovaci\u00f3n, etc. :100-300 mm, Altura: 50-100 mm, Grosor: 1,5-3 mm. De acuerdo con su perfil de secci\u00f3n, rango de tama\u00f1o, rango de espesor, podemos ofrecerle diferentes soluciones de m\u00e1quina perfiladora de correas para fabricar una gama completa de correas estructurales (cambio de altura y ancho usando un sistema autom\u00e1tico por motores): Si solo necesita producir algunos tama\u00f1os , tambi\u00e9n sugerimos cambiar manualmente las mangas, es m\u00e1s asequible.<\/p>\n<p>Realizamos diferentes soluciones seg\u00fan el dibujo, la tolerancia y el presupuesto de los clientes, ofreciendo un servicio profesional personalizado, adaptable a todos sus requisitos. Sea cual sea la l\u00ednea que elija, la calidad de la Maquinaria SUNWAY le garantizar\u00e1 la obtenci\u00f3n de perfiles perfectamente funcionales.<\/p>\n<p>Haga clic aqu\u00ed para obtener m\u00e1s informaci\u00f3n sobre el <a href=\"https:\/\/swforming.com\/es\/purlin-roll-forming-machine-all-in-one-2023\/\"><strong>m\u00e1quina perfiladora de correas<\/strong><\/a><\/p>\n<p>&nbsp;<\/p>\n<h3>Dibujos de perfil<\/h3>\n<p><img decoding=\"async\" class=\"alignnone wp-image-4990 size-full\" src=\"https:\/\/swforming.com\/wp-content\/uploads\/2022\/12\/3112-e1725507178550.jpg\" alt=\"\" width=\"1748\" height=\"1628\" title=\"\" srcset=\"https:\/\/swforming.com\/wp-content\/uploads\/2022\/12\/3112-e1725507178550.jpg 1748w, https:\/\/swforming.com\/wp-content\/uploads\/2022\/12\/3112-e1725507178550-300x279.jpg 300w, https:\/\/swforming.com\/wp-content\/uploads\/2022\/12\/3112-e1725507178550-1024x954.jpg 1024w, https:\/\/swforming.com\/wp-content\/uploads\/2022\/12\/3112-e1725507178550-768x715.jpg 768w, https:\/\/swforming.com\/wp-content\/uploads\/2022\/12\/3112-e1725507178550-1536x1431.jpg 1536w, https:\/\/swforming.com\/wp-content\/uploads\/2022\/12\/3112-e1725507178550-13x12.jpg 13w, https:\/\/swforming.com\/wp-content\/uploads\/2022\/12\/3112-e1725507178550-600x559.jpg 600w\" sizes=\"(max-width: 1748px) 100vw, 1748px\" \/><\/p>\n<p><img decoding=\"async\" class=\"alignnone wp-image-1880 size-full\" src=\"https:\/\/swforming.com\/wp-content\/uploads\/2022\/12\/He01e5dc90f274a47a11a34bbb3a7fb16l-scaled-e1725507005801.webp\" alt=\"\" width=\"1534\" height=\"1169\" title=\"\" srcset=\"https:\/\/swforming.com\/wp-content\/uploads\/2022\/12\/He01e5dc90f274a47a11a34bbb3a7fb16l-scaled-e1725507005801.webp 1534w, https:\/\/swforming.com\/wp-content\/uploads\/2022\/12\/He01e5dc90f274a47a11a34bbb3a7fb16l-scaled-e1725507005801-600x457.webp 600w, https:\/\/swforming.com\/wp-content\/uploads\/2022\/12\/He01e5dc90f274a47a11a34bbb3a7fb16l-scaled-e1725507005801-300x229.webp 300w, https:\/\/swforming.com\/wp-content\/uploads\/2022\/12\/He01e5dc90f274a47a11a34bbb3a7fb16l-scaled-e1725507005801-1024x780.webp 1024w, https:\/\/swforming.com\/wp-content\/uploads\/2022\/12\/He01e5dc90f274a47a11a34bbb3a7fb16l-scaled-e1725507005801-768x585.webp 768w, https:\/\/swforming.com\/wp-content\/uploads\/2022\/12\/He01e5dc90f274a47a11a34bbb3a7fb16l-scaled-e1725507005801-16x12.webp 16w\" sizes=\"(max-width: 1534px) 100vw, 1534px\" \/><\/p>\n<p><img loading=\"lazy\" decoding=\"async\" class=\"alignnone wp-image-1730\" src=\"https:\/\/swforming.com\/wp-content\/uploads\/2022\/11\/H878d37d716804e6cb906c27834c1cde8Q.webp\" alt=\"\" width=\"250\" height=\"184\" title=\"\" srcset=\"https:\/\/swforming.com\/wp-content\/uploads\/2022\/11\/H878d37d716804e6cb906c27834c1cde8Q.webp 600w, https:\/\/swforming.com\/wp-content\/uploads\/2022\/11\/H878d37d716804e6cb906c27834c1cde8Q-300x221.webp 300w, https:\/\/swforming.com\/wp-content\/uploads\/2022\/11\/H878d37d716804e6cb906c27834c1cde8Q-16x12.webp 16w\" sizes=\"(max-width: 250px) 100vw, 250px\" \/> <img loading=\"lazy\" decoding=\"async\" class=\"alignnone wp-image-1731\" src=\"https:\/\/swforming.com\/wp-content\/uploads\/2022\/11\/H969823f935f2428998d910b115eb815bW.webp\" alt=\"\" width=\"250\" height=\"184\" title=\"\" srcset=\"https:\/\/swforming.com\/wp-content\/uploads\/2022\/11\/H969823f935f2428998d910b115eb815bW.webp 600w, https:\/\/swforming.com\/wp-content\/uploads\/2022\/11\/H969823f935f2428998d910b115eb815bW-300x221.webp 300w, https:\/\/swforming.com\/wp-content\/uploads\/2022\/11\/H969823f935f2428998d910b115eb815bW-16x12.webp 16w\" sizes=\"(max-width: 250px) 100vw, 250px\" \/> <img loading=\"lazy\" decoding=\"async\" class=\"alignnone wp-image-1732\" src=\"https:\/\/swforming.com\/wp-content\/uploads\/2022\/11\/H907e749ae78a460fbf1455ae3e4abea8Z.webp\" alt=\"\" width=\"250\" height=\"184\" title=\"\" srcset=\"https:\/\/swforming.com\/wp-content\/uploads\/2022\/11\/H907e749ae78a460fbf1455ae3e4abea8Z.webp 600w, https:\/\/swforming.com\/wp-content\/uploads\/2022\/11\/H907e749ae78a460fbf1455ae3e4abea8Z-300x221.webp 300w, https:\/\/swforming.com\/wp-content\/uploads\/2022\/11\/H907e749ae78a460fbf1455ae3e4abea8Z-16x12.webp 16w\" sizes=\"(max-width: 250px) 100vw, 250px\" \/> <img loading=\"lazy\" decoding=\"async\" class=\"alignnone wp-image-1866\" src=\"https:\/\/swforming.com\/wp-content\/uploads\/2022\/12\/213150330.png\" alt=\"\" width=\"760\" height=\"183\" title=\"\" srcset=\"https:\/\/swforming.com\/wp-content\/uploads\/2022\/12\/213150330.png 750w, https:\/\/swforming.com\/wp-content\/uploads\/2022\/12\/213150330-600x145.png 600w, https:\/\/swforming.com\/wp-content\/uploads\/2022\/12\/213150330-300x72.png 300w, https:\/\/swforming.com\/wp-content\/uploads\/2022\/12\/213150330-18x4.png 18w\" sizes=\"(max-width: 760px) 100vw, 760px\" \/><\/p>\n<h3>L\u00ednea de producci\u00f3n de m\u00e1quina formadora de rollos CZ Purlin<\/h3>\n<p><img loading=\"lazy\" decoding=\"async\" class=\"alignnone size-full wp-image-1881\" src=\"https:\/\/swforming.com\/wp-content\/uploads\/2022\/12\/Hb7ee0d4392d5410abe900a7a821970159.webp\" alt=\"\" width=\"1748\" height=\"2366\" title=\"\" srcset=\"https:\/\/swforming.com\/wp-content\/uploads\/2022\/12\/Hb7ee0d4392d5410abe900a7a821970159.webp 1748w, https:\/\/swforming.com\/wp-content\/uploads\/2022\/12\/Hb7ee0d4392d5410abe900a7a821970159-600x812.webp 600w, https:\/\/swforming.com\/wp-content\/uploads\/2022\/12\/Hb7ee0d4392d5410abe900a7a821970159-222x300.webp 222w, https:\/\/swforming.com\/wp-content\/uploads\/2022\/12\/Hb7ee0d4392d5410abe900a7a821970159-757x1024.webp 757w, https:\/\/swforming.com\/wp-content\/uploads\/2022\/12\/Hb7ee0d4392d5410abe900a7a821970159-768x1040.webp 768w, https:\/\/swforming.com\/wp-content\/uploads\/2022\/12\/Hb7ee0d4392d5410abe900a7a821970159-1135x1536.webp 1135w, https:\/\/swforming.com\/wp-content\/uploads\/2022\/12\/Hb7ee0d4392d5410abe900a7a821970159-1513x2048.webp 1513w, https:\/\/swforming.com\/wp-content\/uploads\/2022\/12\/Hb7ee0d4392d5410abe900a7a821970159-9x12.webp 9w\" sizes=\"(max-width: 1748px) 100vw, 1748px\" \/><\/p>\n<h3>Detalles de producto<\/h3>\n<p><img loading=\"lazy\" decoding=\"async\" class=\"alignnone size-full wp-image-1882\" src=\"https:\/\/swforming.com\/wp-content\/uploads\/2022\/12\/Detail.png\" alt=\"\" width=\"1000\" height=\"1721\" title=\"\" srcset=\"https:\/\/swforming.com\/wp-content\/uploads\/2022\/12\/Detail.png 1000w, https:\/\/swforming.com\/wp-content\/uploads\/2022\/12\/Detail-600x1033.png 600w, https:\/\/swforming.com\/wp-content\/uploads\/2022\/12\/Detail-174x300.png 174w, https:\/\/swforming.com\/wp-content\/uploads\/2022\/12\/Detail-595x1024.png 595w, https:\/\/swforming.com\/wp-content\/uploads\/2022\/12\/Detail-768x1322.png 768w, https:\/\/swforming.com\/wp-content\/uploads\/2022\/12\/Detail-893x1536.png 893w, https:\/\/swforming.com\/wp-content\/uploads\/2022\/12\/Detail-7x12.png 7w\" sizes=\"(max-width: 1000px) 100vw, 1000px\" \/><\/p>\n<h3>Par\u00e1metros de la m\u00e1quina perfiladora de correas CZ<\/h3>\n<div style=\"overflow-x: auto;\">\n<table>\n<tbody>\n<tr>\n<td style=\"text-align: center;\" colspan=\"3\" rowspan=\"1\" data-sheets-value=\"{&quot;1&quot;:2,&quot;2&quot;:&quot;Auto Size Changeable C\/Z Purlin Roll Forming Machine&quot;}\"><strong>M\u00e1quina perfiladora de correas C\/Z de tama\u00f1o autom\u00e1tico cambiable<\/strong><\/td>\n<\/tr>\n<tr>\n<td colspan=\"1\" rowspan=\"2\" data-sheets-value=\"{&quot;1&quot;:2,&quot;2&quot;:&quot;Machinable Material&quot;}\">\n<div>Material mecanizable<\/div>\n<\/td>\n<td data-sheets-value=\"{&quot;1&quot;:2,&quot;2&quot;:&quot;A) Galvanized Coil&quot;}\">A) Bobina Galvanizada<\/td>\n<td colspan=\"1\" rowspan=\"2\" data-sheets-value=\"{&quot;1&quot;:2,&quot;2&quot;:&quot;Thickness(MM): 1.5-3 or as per customer&quot;}\">\n<div>Espesor (MM): 1.5-3 o seg\u00fan el cliente<\/div>\n<\/td>\n<\/tr>\n<tr>\n<td data-sheets-value=\"{&quot;1&quot;:2,&quot;2&quot;:&quot;B) Carbon Steel Coil&quot;}\">B) Bobina de acero al carbono<\/td>\n<\/tr>\n<tr>\n<td data-sheets-value=\"{&quot;1&quot;:2,&quot;2&quot;:&quot;Yield Strength&quot;}\">L\u00edmite el\u00e1stico<\/td>\n<td colspan=\"2\" rowspan=\"1\" data-sheets-value=\"{&quot;1&quot;:2,&quot;2&quot;:&quot;250 - 550 Mpa&quot;}\">250 \u2013 550 MPa<\/td>\n<\/tr>\n<tr>\n<td data-sheets-value=\"{&quot;1&quot;:2,&quot;2&quot;:&quot;Tensil Stress&quot;}\">Estr\u00e9s de tracci\u00f3n<\/td>\n<td colspan=\"2\" rowspan=\"1\" data-sheets-value=\"{&quot;1&quot;:2,&quot;2&quot;:&quot;G350 Mpa-G550 Mpa&quot;}\">G350 MPa-G550 MPa<\/td>\n<\/tr>\n<tr>\n<td data-sheets-value=\"{&quot;1&quot;:2,&quot;2&quot;:&quot;Decoiler&quot;}\">desbobinador<\/td>\n<td data-sheets-value=\"{&quot;1&quot;:2,&quot;2&quot;:&quot;Manual Decoiler&quot;}\">Desenrollador Manual<\/td>\n<td data-sheets-value=\"{&quot;1&quot;:2,&quot;2&quot;:&quot;* Hydraulic Decoiler (Optional)&quot;}\">* Desenrollador Hidr\u00e1ulico (Opcional)<\/td>\n<\/tr>\n<tr>\n<td data-sheets-value=\"{&quot;1&quot;:2,&quot;2&quot;:&quot;Punching System&quot;}\">Sistema de punzonado<\/td>\n<td data-sheets-value=\"{&quot;1&quot;:2,&quot;2&quot;:&quot;Hydraulic Punching Station&quot;}\">Estaci\u00f3n de punzonado hidr\u00e1ulico<\/td>\n<td data-sheets-value=\"{&quot;1&quot;:2,&quot;2&quot;:&quot;* Pre-punch \/ Post Punch (Optional)&quot;}\">* Perforaci\u00f3n previa \/ Perforaci\u00f3n posterior (Opcional)<\/td>\n<\/tr>\n<tr>\n<td data-sheets-value=\"{&quot;1&quot;:2,&quot;2&quot;:&quot;Forming Station&quot;}\">Estaci\u00f3n de formaci\u00f3n<\/td>\n<td colspan=\"2\" rowspan=\"1\" data-sheets-value=\"{&quot;1&quot;:2,&quot;2&quot;:&quot;16-18 Stations&quot;}\">16-18 estaciones<\/td>\n<\/tr>\n<tr>\n<td data-sheets-value=\"{&quot;1&quot;:2,&quot;2&quot;:&quot;Driving System&quot;}\">Sistema de conducci\u00f3n<\/td>\n<td data-sheets-value=\"{&quot;1&quot;:2,&quot;2&quot;:&quot;Chain Drive&quot;}\">Transmisi\u00f3n por cadena<\/td>\n<td data-sheets-value=\"{&quot;1&quot;:2,&quot;2&quot;:&quot;* Gearbox Drive (Optional)&quot;}\">* Transmisi\u00f3n de caja de cambios (opcional)<\/td>\n<\/tr>\n<tr>\n<td data-sheets-value=\"{&quot;1&quot;:2,&quot;2&quot;:&quot;Machine Structure&quot;}\">Estructura de la m\u00e1quina<\/td>\n<td data-sheets-value=\"{&quot;1&quot;:2,&quot;2&quot;:&quot;Wall Panel Station&quot;}\">Estaci\u00f3n de paneles de pared<\/td>\n<td data-sheets-value=\"{&quot;1&quot;:2,&quot;2&quot;:&quot;* Forged Iron Station (Optional)&quot;}\">* Estaci\u00f3n de Hierro Forjado (Opcional)<\/td>\n<\/tr>\n<tr>\n<td data-sheets-value=\"{&quot;1&quot;:2,&quot;2&quot;:&quot;Forming Speed&quot;}\">Velocidad de formaci\u00f3n<\/td>\n<td data-sheets-value=\"{&quot;1&quot;:2,&quot;2&quot;:&quot;10-20 (M\/MIN)&quot;}\">10-20 (M\/MIN)<\/td>\n<td data-sheets-value=\"{&quot;1&quot;:2,&quot;2&quot;:&quot;* Or According To Your Requirment&quot;}\">* O seg\u00fan su requisito<\/td>\n<\/tr>\n<tr>\n<td data-sheets-value=\"{&quot;1&quot;:2,&quot;2&quot;:&quot;Rollers\u2019 Material&quot;}\">Material de los rodillos<\/td>\n<td data-sheets-value=\"{&quot;1&quot;:2,&quot;2&quot;:&quot;GCr 15&quot;}\">GCr 15<\/td>\n<td data-sheets-value=\"{&quot;1&quot;:2,&quot;2&quot;:&quot;* Cr12Mov (Optional)&quot;}\">* Cr12Mov (Opcional)<\/td>\n<\/tr>\n<tr>\n<td data-sheets-value=\"{&quot;1&quot;:2,&quot;2&quot;:&quot;Cutting System&quot;}\">Sistema de Corte<\/td>\n<td data-sheets-value=\"{&quot;1&quot;:2,&quot;2&quot;:&quot;Pre-cutting&quot;}\">precorte<\/td>\n<td data-sheets-value=\"{&quot;1&quot;:2,&quot;2&quot;:&quot;* Post- universal Cutting (Optional)&quot;}\">* Post-corte universal (Opcional)<\/td>\n<\/tr>\n<tr>\n<td data-sheets-value=\"{&quot;1&quot;:2,&quot;2&quot;:&quot;Frequency Changer Brand&quot;}\">Marca de cambiador de frecuencia<\/td>\n<td data-sheets-value=\"{&quot;1&quot;:2,&quot;2&quot;:&quot;Yaskawa&quot;}\">Yaskawa<\/td>\n<td data-sheets-value=\"{&quot;1&quot;:2,&quot;2&quot;:&quot;* Siemens (Optional)&quot;}\">* Siemens (Opcional)<\/td>\n<\/tr>\n<tr>\n<td data-sheets-value=\"{&quot;1&quot;:2,&quot;2&quot;:&quot;PLC Brand&quot;}\">Marca PLC<\/td>\n<td data-sheets-value=\"{&quot;1&quot;:2,&quot;2&quot;:&quot;Panasonic&quot;}\">panasonic<\/td>\n<td data-sheets-value=\"{&quot;1&quot;:2,&quot;2&quot;:&quot;* Siemens (Optional)&quot;}\">* Siemens (Opcional)<\/td>\n<\/tr>\n<tr>\n<td data-sheets-value=\"{&quot;1&quot;:2,&quot;2&quot;:&quot;Power Supply&quot;}\">Fuente de alimentaci\u00f3n<\/td>\n<td data-sheets-value=\"{&quot;1&quot;:2,&quot;2&quot;:&quot;380V 50Hz&quot;}\">380V 50Hz<\/td>\n<td data-sheets-value=\"{&quot;1&quot;:2,&quot;2&quot;:&quot;* Or According To Your Requirment&quot;}\">* O seg\u00fan su requisito<\/td>\n<\/tr>\n<tr>\n<td data-sheets-value=\"{&quot;1&quot;:2,&quot;2&quot;:&quot;Machine Color&quot;}\">Color de la m\u00e1quina<\/td>\n<td data-sheets-value=\"{&quot;1&quot;:2,&quot;2&quot;:&quot;Industrial Blue&quot;}\">azul industrial<\/td>\n<td data-sheets-value=\"{&quot;1&quot;:2,&quot;2&quot;:&quot;* Or According To Your Requirment&quot;}\">* O seg\u00fan su requisito<\/td>\n<\/tr>\n<\/tbody>\n<\/table>\n<\/div>\n<h3>Solicitud<\/h3>\n<p><img loading=\"lazy\" decoding=\"async\" class=\"alignnone size-full wp-image-1738\" src=\"https:\/\/swforming.com\/wp-content\/uploads\/2022\/11\/20221129092245.png\" alt=\"\" width=\"1000\" height=\"605\" title=\"\" srcset=\"https:\/\/swforming.com\/wp-content\/uploads\/2022\/11\/20221129092245.png 1000w, https:\/\/swforming.com\/wp-content\/uploads\/2022\/11\/20221129092245-600x363.png 600w, https:\/\/swforming.com\/wp-content\/uploads\/2022\/11\/20221129092245-300x182.png 300w, https:\/\/swforming.com\/wp-content\/uploads\/2022\/11\/20221129092245-768x465.png 768w, https:\/\/swforming.com\/wp-content\/uploads\/2022\/11\/20221129092245-18x12.png 18w\" sizes=\"(max-width: 1000px) 100vw, 1000px\" \/><\/p>\n<h3>\u00bfQu\u00e9 es la m\u00e1quina formadora de rollos c purlin?<\/h3>\n<p>La m\u00e1quina perfiladora de correas AC es una m\u00e1quina industrial que se utiliza para producir correas en forma de C, que son elementos estructurales utilizados en la construcci\u00f3n. La m\u00e1quina da forma a bobinas planas de metal en el perfil C utilizando rodillos y herramientas. Incluye componentes como desbobinadores, unidades de nivelaci\u00f3n, unidades de punzonado y unidades de corte. La m\u00e1quina funciona autom\u00e1ticamente, lo que garantiza una alta precisi\u00f3n. Las correas C se utilizan para soportar techos, paredes y otras estructuras de edificios.<\/p>\n<p>La m\u00e1quina perfiladora de correas C generalmente incluye componentes como desbobinadores para sujetar y alimentar la bobina, unidades de nivelaci\u00f3n para enderezar la tira, unidades de perforaci\u00f3n para crear orificios o ranuras si es necesario, y unidades de corte para cortar las correas a la longitud deseada. La m\u00e1quina opera autom\u00e1ticamente, accionada por motores y controlada por un sistema computarizado, asegurando alta precisi\u00f3n y eficiencia en el proceso de producci\u00f3n.<\/p>\n<h3>\u00bfQu\u00e9 es la m\u00e1quina perfiladora de correas z?<\/h3>\n<p>La m\u00e1quina perfiladora de correas AZ es una m\u00e1quina industrial que se utiliza para producir correas en forma de Z, que son elementos estructurales utilizados en la construcci\u00f3n. La m\u00e1quina da forma a bobinas planas de metal en el perfil Z utilizando rodillos y herramientas. Incluye componentes para alimentaci\u00f3n, conformado, punzonado y corte de correas. La m\u00e1quina funciona autom\u00e1ticamente y es accionada por motores. Las correas Z se utilizan para soportar techos, paredes y otros componentes de construcci\u00f3n.<\/p>\n<p>Similar a la m\u00e1quina perfiladora de correas en C, la m\u00e1quina perfiladora de correas en Z a menudo incluye componentes tales como desbobinadores, unidades de nivelaci\u00f3n, unidades de punzonado y unidades de corte. Estos componentes trabajan juntos para alimentar la bobina, enderezar la tira, crear agujeros o ranuras si es necesario y cortar las correas a la longitud deseada.<\/p>\n<h3>\u00bfQu\u00e9 pasa con la m\u00e1quina perfiladora de correas oem?<\/h3>\n<p>La m\u00e1quina perfiladora de correas OEM se refiere a una m\u00e1quina perfiladora de correas fabricada por un fabricante de equipos originales (OEM). Los OEM son empresas que dise\u00f1an, fabrican y suministran maquinaria o equipos para ser utilizados por otras empresas en sus propios productos o procesos.<\/p>\n<p>La m\u00e1quina perfiladora de correas OEM generalmente incluye los componentes y caracter\u00edsticas necesarios para dar forma a bobinas planas de metal en correas de varios perfiles, como correas en C, correas en Z u otros dise\u00f1os personalizados. Puede tener diferentes configuraciones, como un n\u00famero variable de juegos de rodillos, capacidades de perforaci\u00f3n, unidades de corte y funciones de automatizaci\u00f3n, seg\u00fan las necesidades espec\u00edficas del cliente.<\/p>\n<p>La ventaja de utilizar una m\u00e1quina perfiladora de correas OEM es que se adapta a los requisitos del cliente y se integra a la perfecci\u00f3n en sus procesos de producci\u00f3n. Los fabricantes OEM tienen experiencia en el dise\u00f1o y la producci\u00f3n de m\u00e1quinas perfiladoras, lo que garantiza alta calidad, precisi\u00f3n y confiabilidad en los equipos que suministran.<\/p>","protected":false},"excerpt":{"rendered":"<p>Esta m\u00e1quina perfiladora de correas CZ cambiables de tama\u00f1o autom\u00e1tico se utiliza para producir correas en forma de C&amp;Z de 100-300 mm de ancho, normalmente el grosor del material es de 1,5-3 mm, tambi\u00e9n se puede formar un grosor m\u00e1ximo de 4,0-6,0 mm seg\u00fan los requisitos del cliente.<\/p>","protected":false},"featured_media":1873,"comment_status":"closed","ping_status":"closed","template":"","meta":{"_acf_changed":false},"product_brand":[],"product_cat":[74,113,52],"product_tag":[],"class_list":{"0":"post-1872","1":"product","2":"type-product","3":"status-publish","4":"has-post-thumbnail","6":"product_cat-cz-purlin-roll-forming-machine","7":"product_cat-purlin-roll-forming-machine","8":"product_cat-steel-structure","10":"first","11":"instock","12":"shipping-taxable","13":"product-type-simple"},"acf":[],"_links":{"self":[{"href":"https:\/\/swforming.com\/es\/wp-json\/wp\/v2\/product\/1872","targetHints":{"allow":["GET"]}}],"collection":[{"href":"https:\/\/swforming.com\/es\/wp-json\/wp\/v2\/product"}],"about":[{"href":"https:\/\/swforming.com\/es\/wp-json\/wp\/v2\/types\/product"}],"replies":[{"embeddable":true,"href":"https:\/\/swforming.com\/es\/wp-json\/wp\/v2\/comments?post=1872"}],"version-history":[{"count":5,"href":"https:\/\/swforming.com\/es\/wp-json\/wp\/v2\/product\/1872\/revisions"}],"predecessor-version":[{"id":4991,"href":"https:\/\/swforming.com\/es\/wp-json\/wp\/v2\/product\/1872\/revisions\/4991"}],"wp:featuredmedia":[{"embeddable":true,"href":"https:\/\/swforming.com\/es\/wp-json\/wp\/v2\/media\/1873"}],"wp:attachment":[{"href":"https:\/\/swforming.com\/es\/wp-json\/wp\/v2\/media?parent=1872"}],"wp:term":[{"taxonomy":"product_brand","embeddable":true,"href":"https:\/\/swforming.com\/es\/wp-json\/wp\/v2\/product_brand?post=1872"},{"taxonomy":"product_cat","embeddable":true,"href":"https:\/\/swforming.com\/es\/wp-json\/wp\/v2\/product_cat?post=1872"},{"taxonomy":"product_tag","embeddable":true,"href":"https:\/\/swforming.com\/es\/wp-json\/wp\/v2\/product_tag?post=1872"}],"curies":[{"name":"wp","href":"https:\/\/api.w.org\/{rel}","templated":true}]}}