{"id":1857,"date":"2022-12-13T07:13:27","date_gmt":"2022-12-13T07:13:27","guid":{"rendered":"https:\/\/swforming.com\/?post_type=product&#038;p=1857"},"modified":"2023-06-13T07:12:06","modified_gmt":"2023-06-13T07:12:06","slug":"auto-size-changeable-z-purlin-roll-forming-machine","status":"publish","type":"product","link":"https:\/\/swforming.com\/es\/product\/auto-size-changeable-z-purlin-roll-forming-machine\/","title":{"rendered":"M\u00e1quina formadora de rollos de correa Z cambiable de tama\u00f1o autom\u00e1tico"},"content":{"rendered":"<p><img fetchpriority=\"high\" decoding=\"async\" class=\"alignnone size-full wp-image-1864\" src=\"https:\/\/swforming.com\/wp-content\/uploads\/2022\/12\/H02256cf02bbe42fcb9459a09e83c05b3T.webp\" alt=\"\" width=\"750\" height=\"900\" title=\"\" srcset=\"https:\/\/swforming.com\/wp-content\/uploads\/2022\/12\/H02256cf02bbe42fcb9459a09e83c05b3T.webp 750w, https:\/\/swforming.com\/wp-content\/uploads\/2022\/12\/H02256cf02bbe42fcb9459a09e83c05b3T-600x720.webp 600w, https:\/\/swforming.com\/wp-content\/uploads\/2022\/12\/H02256cf02bbe42fcb9459a09e83c05b3T-250x300.webp 250w, https:\/\/swforming.com\/wp-content\/uploads\/2022\/12\/H02256cf02bbe42fcb9459a09e83c05b3T-10x12.webp 10w\" sizes=\"(max-width: 750px) 100vw, 750px\" \/><\/p>\n<p><span class=\"magic-8\"> Esta maquina perfiladora de correas en forma de Z es utilizada para producir correas en forma de Z de 100-300mm de ancho, normalmente su espesor de material es de1.5-3mm, tambien el espesor maximo puede ser formado en 4.0-6.0mm de acuerdo a los requerimientos del cliente.<\/span><\/p>\n<p>SUNWAY dise\u00f1a esta m\u00e1quina para trabajar con cualquier tama\u00f1o de correa, tama\u00f1os ajustables autom\u00e1ticamente por PLC o ajuste manual de la rueda del mango para cambiar el ancho de la hoja para obtener diferentes anchos y alturas. Esto es mucho m\u00e1s f\u00e1cil que ajustar los espaciadores y puede ahorrar m\u00e1s tiempo. Con respecto a la unidad de punzonado, podemos dise\u00f1ar prepunzonado, postpunzonado seg\u00fan sus requisitos. Para la unidad de corte, puede elegir el precorte o el poscorte, que es un corte universal. El sistema de conducci\u00f3n que adoptamos es la cadena y principalmente con card\u00e1n\/caja de cambios para la transmisi\u00f3n si la materia prima es m\u00e1s gruesa que 2,5 mm, esta es una potencia de conducci\u00f3n mucho m\u00e1s fuerte y m\u00e1s estable al formar las correas.<\/p>\n<p>La maquina perfiladora de correas es la mas popular y tiene un uso extensivo en Sistemas de Construcci\u00f3n Met\u00e1lica, Soluciones de Techos Enormes, Proyectos de Construcci\u00f3n y Renovaci\u00f3n, etc. Nuestra maquina perfiladora de correas puede producir correas C, correas U, correas Z, el rango de tama\u00f1o maquinable es el siguiente: Ancho:100-300mm, Altura: 50-100mm, Espesor:1.5-3mm. De acuerdo a su perfil de secci\u00f3n, rango de tama\u00f1o, rango de espesor podr\u00edamos proporcionarle diferentes soluciones de la m\u00e1quina perfiladora de correas para fabricar una gama completa de correas estructurales (cambio de altura y anchura utilizando el sistema autom\u00e1tico por motores): Si s\u00f3lo necesita producir unos pocos tama\u00f1os, tambi\u00e9n sugerimos cambiar manualmente los manguitos, es m\u00e1s asequible.<\/p>\n<p>Realizamos diferentes soluciones seg\u00fan el dibujo, la tolerancia y el presupuesto de los clientes, ofreciendo un servicio profesional personalizado, adaptable a todos sus requisitos. Sea cual sea la l\u00ednea que elija, la calidad de la Maquinaria SUNWAY le garantizar\u00e1 la obtenci\u00f3n de perfiles perfectamente funcionales.<\/p>\n<p>&nbsp;<\/p>\n<p>Haga clic aqu\u00ed para obtener m\u00e1s informaci\u00f3n sobre el <a href=\"https:\/\/swforming.com\/es\/purlin-roll-forming-machine-all-in-one-2023\/\"><strong>m\u00e1quina perfiladora de correas<\/strong><\/a><\/p>\n<p>&nbsp;<\/p>\n<h3>Dibujos de perfil<img decoding=\"async\" class=\"alignnone size-full wp-image-1865\" src=\"https:\/\/swforming.com\/wp-content\/uploads\/2022\/12\/He05106397b174f45a2f4592fa30c5b92N.webp\" alt=\"\" width=\"1748\" height=\"2540\" title=\"\" srcset=\"https:\/\/swforming.com\/wp-content\/uploads\/2022\/12\/He05106397b174f45a2f4592fa30c5b92N.webp 1748w, https:\/\/swforming.com\/wp-content\/uploads\/2022\/12\/He05106397b174f45a2f4592fa30c5b92N-600x872.webp 600w, https:\/\/swforming.com\/wp-content\/uploads\/2022\/12\/He05106397b174f45a2f4592fa30c5b92N-206x300.webp 206w, https:\/\/swforming.com\/wp-content\/uploads\/2022\/12\/He05106397b174f45a2f4592fa30c5b92N-705x1024.webp 705w, https:\/\/swforming.com\/wp-content\/uploads\/2022\/12\/He05106397b174f45a2f4592fa30c5b92N-768x1116.webp 768w, https:\/\/swforming.com\/wp-content\/uploads\/2022\/12\/He05106397b174f45a2f4592fa30c5b92N-1057x1536.webp 1057w, https:\/\/swforming.com\/wp-content\/uploads\/2022\/12\/He05106397b174f45a2f4592fa30c5b92N-1409x2048.webp 1409w, https:\/\/swforming.com\/wp-content\/uploads\/2022\/12\/He05106397b174f45a2f4592fa30c5b92N-8x12.webp 8w\" sizes=\"(max-width: 1748px) 100vw, 1748px\" \/><\/h3>\n<p><img decoding=\"async\" class=\"alignnone size-full wp-image-1866\" src=\"https:\/\/swforming.com\/wp-content\/uploads\/2022\/12\/213150330.png\" alt=\"\" width=\"750\" height=\"181\" title=\"\" srcset=\"https:\/\/swforming.com\/wp-content\/uploads\/2022\/12\/213150330.png 750w, https:\/\/swforming.com\/wp-content\/uploads\/2022\/12\/213150330-600x145.png 600w, https:\/\/swforming.com\/wp-content\/uploads\/2022\/12\/213150330-300x72.png 300w, https:\/\/swforming.com\/wp-content\/uploads\/2022\/12\/213150330-18x4.png 18w\" sizes=\"(max-width: 750px) 100vw, 750px\" \/><\/p>\n<h3>L\u00ednea de producci\u00f3n de perfiladora de correa Z<img loading=\"lazy\" decoding=\"async\" class=\"alignnone size-full wp-image-1867\" src=\"https:\/\/swforming.com\/wp-content\/uploads\/2022\/12\/H8288111f49064cc1bcccd2fb4d7814c5G.webp\" alt=\"\" width=\"1748\" height=\"586\" title=\"\" srcset=\"https:\/\/swforming.com\/wp-content\/uploads\/2022\/12\/H8288111f49064cc1bcccd2fb4d7814c5G.webp 1748w, https:\/\/swforming.com\/wp-content\/uploads\/2022\/12\/H8288111f49064cc1bcccd2fb4d7814c5G-600x201.webp 600w, https:\/\/swforming.com\/wp-content\/uploads\/2022\/12\/H8288111f49064cc1bcccd2fb4d7814c5G-300x101.webp 300w, https:\/\/swforming.com\/wp-content\/uploads\/2022\/12\/H8288111f49064cc1bcccd2fb4d7814c5G-1024x343.webp 1024w, https:\/\/swforming.com\/wp-content\/uploads\/2022\/12\/H8288111f49064cc1bcccd2fb4d7814c5G-768x257.webp 768w, https:\/\/swforming.com\/wp-content\/uploads\/2022\/12\/H8288111f49064cc1bcccd2fb4d7814c5G-1536x515.webp 1536w, https:\/\/swforming.com\/wp-content\/uploads\/2022\/12\/H8288111f49064cc1bcccd2fb4d7814c5G-18x6.webp 18w\" sizes=\"(max-width: 1748px) 100vw, 1748px\" \/><\/h3>\n<h3>Detalles de producto<\/h3>\n<p><img loading=\"lazy\" decoding=\"async\" class=\"alignnone size-full wp-image-1869\" src=\"https:\/\/swforming.com\/wp-content\/uploads\/2022\/12\/213150448-1.png\" alt=\"\" width=\"1000\" height=\"1702\" title=\"\" srcset=\"https:\/\/swforming.com\/wp-content\/uploads\/2022\/12\/213150448-1.png 1000w, https:\/\/swforming.com\/wp-content\/uploads\/2022\/12\/213150448-1-600x1021.png 600w, https:\/\/swforming.com\/wp-content\/uploads\/2022\/12\/213150448-1-176x300.png 176w, https:\/\/swforming.com\/wp-content\/uploads\/2022\/12\/213150448-1-602x1024.png 602w, https:\/\/swforming.com\/wp-content\/uploads\/2022\/12\/213150448-1-768x1307.png 768w, https:\/\/swforming.com\/wp-content\/uploads\/2022\/12\/213150448-1-902x1536.png 902w, https:\/\/swforming.com\/wp-content\/uploads\/2022\/12\/213150448-1-7x12.png 7w\" sizes=\"(max-width: 1000px) 100vw, 1000px\" \/><\/p>\n<h3>M\u00e1quina Perfiladora de Purlin Z Par\u00e1metros del Producto<\/h3>\n<div style=\"overflow-x: auto;\">\n<table>\n<tbody>\n<tr>\n<td style=\"text-align: center;\" colspan=\"3\" rowspan=\"1\" data-sheets-value=\"{&quot;1&quot;:2,&quot;2&quot;:&quot;Auto Size Changeable Z Purlin Roll Forming Machine&quot;}\"><strong>M\u00e1quina formadora de rollos de correa Z cambiable de tama\u00f1o autom\u00e1tico<\/strong><\/td>\n<\/tr>\n<tr>\n<td colspan=\"1\" rowspan=\"2\" data-sheets-value=\"{&quot;1&quot;:2,&quot;2&quot;:&quot;Machinable Material&quot;}\">\n<div>Material mecanizable<\/div>\n<\/td>\n<td data-sheets-value=\"{&quot;1&quot;:2,&quot;2&quot;:&quot;A) Galvanized Coil&quot;}\">A) Bobina Galvanizada<\/td>\n<td colspan=\"1\" rowspan=\"2\" data-sheets-value=\"{&quot;1&quot;:2,&quot;2&quot;:&quot;Thickness(MM): 1.5-3 or as per customer&quot;}\">\n<div>Espesor (MM): 1.5-3 o seg\u00fan el cliente<\/div>\n<\/td>\n<\/tr>\n<tr>\n<td data-sheets-value=\"{&quot;1&quot;:2,&quot;2&quot;:&quot;B) Carbon Steel Coil&quot;}\">B) Bobina de acero al carbono<\/td>\n<\/tr>\n<tr>\n<td data-sheets-value=\"{&quot;1&quot;:2,&quot;2&quot;:&quot;Yield Strength&quot;}\">L\u00edmite el\u00e1stico<\/td>\n<td colspan=\"2\" rowspan=\"1\" data-sheets-value=\"{&quot;1&quot;:2,&quot;2&quot;:&quot;250 - 550 Mpa&quot;}\">250 \u2013 550 MPa<\/td>\n<\/tr>\n<tr>\n<td data-sheets-value=\"{&quot;1&quot;:2,&quot;2&quot;:&quot;Tensil Stress&quot;}\">Estr\u00e9s de tracci\u00f3n<\/td>\n<td colspan=\"2\" rowspan=\"1\" data-sheets-value=\"{&quot;1&quot;:2,&quot;2&quot;:&quot;G350 Mpa-G550 Mpa&quot;}\">G350 MPa-G550 MPa<\/td>\n<\/tr>\n<tr>\n<td data-sheets-value=\"{&quot;1&quot;:2,&quot;2&quot;:&quot;Decoiler&quot;}\">desbobinador<\/td>\n<td data-sheets-value=\"{&quot;1&quot;:2,&quot;2&quot;:&quot;Manual Decoiler&quot;}\">Desenrollador Manual<\/td>\n<td data-sheets-value=\"{&quot;1&quot;:2,&quot;2&quot;:&quot;* Hydraulic Decoiler (Optional)&quot;}\">* Desenrollador Hidr\u00e1ulico (Opcional)<\/td>\n<\/tr>\n<tr>\n<td data-sheets-value=\"{&quot;1&quot;:2,&quot;2&quot;:&quot;Punching System&quot;}\">Sistema de punzonado<\/td>\n<td data-sheets-value=\"{&quot;1&quot;:2,&quot;2&quot;:&quot;Hydraulic Punching Station&quot;}\">Estaci\u00f3n de punzonado hidr\u00e1ulico<\/td>\n<td data-sheets-value=\"{&quot;1&quot;:2,&quot;2&quot;:&quot;* Pre-punch \/ Post Punch (Optional)&quot;}\">* Perforaci\u00f3n previa \/ Perforaci\u00f3n posterior (Opcional)<\/td>\n<\/tr>\n<tr>\n<td data-sheets-value=\"{&quot;1&quot;:2,&quot;2&quot;:&quot;Forming Station&quot;}\">Estaci\u00f3n de formaci\u00f3n<\/td>\n<td colspan=\"2\" rowspan=\"1\" data-sheets-value=\"{&quot;1&quot;:2,&quot;2&quot;:&quot;16-18 Stations&quot;}\">16-18 estaciones<\/td>\n<\/tr>\n<tr>\n<td data-sheets-value=\"{&quot;1&quot;:2,&quot;2&quot;:&quot;Driving System&quot;}\">Sistema de conducci\u00f3n<\/td>\n<td data-sheets-value=\"{&quot;1&quot;:2,&quot;2&quot;:&quot;Chain Drive&quot;}\">Transmisi\u00f3n por cadena<\/td>\n<td data-sheets-value=\"{&quot;1&quot;:2,&quot;2&quot;:&quot;* Gearbox Drive (Optional)&quot;}\">* Transmisi\u00f3n de caja de cambios (opcional)<\/td>\n<\/tr>\n<tr>\n<td data-sheets-value=\"{&quot;1&quot;:2,&quot;2&quot;:&quot;Machine Structure&quot;}\">Estructura de la m\u00e1quina<\/td>\n<td data-sheets-value=\"{&quot;1&quot;:2,&quot;2&quot;:&quot;Wall Panel Station&quot;}\">Estaci\u00f3n de paneles de pared<\/td>\n<td data-sheets-value=\"{&quot;1&quot;:2,&quot;2&quot;:&quot;* Forged Iron Station (Optional)&quot;}\">* Estaci\u00f3n de Hierro Forjado (Opcional)<\/td>\n<\/tr>\n<tr>\n<td data-sheets-value=\"{&quot;1&quot;:2,&quot;2&quot;:&quot;Forming Speed&quot;}\">Velocidad de formaci\u00f3n<\/td>\n<td data-sheets-value=\"{&quot;1&quot;:2,&quot;2&quot;:&quot;10-20 (M\/MIN)&quot;}\">10-20 (M\/MIN)<\/td>\n<td data-sheets-value=\"{&quot;1&quot;:2,&quot;2&quot;:&quot;* Or According To Your Requirment&quot;}\">* O seg\u00fan sus necesidades<\/td>\n<\/tr>\n<tr>\n<td data-sheets-value=\"{&quot;1&quot;:2,&quot;2&quot;:&quot;Rollers\u2019 Material&quot;}\">Material de los rodillos<\/td>\n<td data-sheets-value=\"{&quot;1&quot;:2,&quot;2&quot;:&quot;GCr 15&quot;}\">GCr 15<\/td>\n<td data-sheets-value=\"{&quot;1&quot;:2,&quot;2&quot;:&quot;* Cr12Mov (Optional)&quot;}\">* Cr12Mov (Opcional)<\/td>\n<\/tr>\n<tr>\n<td data-sheets-value=\"{&quot;1&quot;:2,&quot;2&quot;:&quot;Cutting System&quot;}\">Sistema de Corte<\/td>\n<td data-sheets-value=\"{&quot;1&quot;:2,&quot;2&quot;:&quot;Pre-cutting&quot;}\">precorte<\/td>\n<td data-sheets-value=\"{&quot;1&quot;:2,&quot;2&quot;:&quot;* Post- universal Cutting (Optional)&quot;}\">* Post-corte universal (Opcional)<\/td>\n<\/tr>\n<tr>\n<td data-sheets-value=\"{&quot;1&quot;:2,&quot;2&quot;:&quot;Frequency Changer Brand&quot;}\">Marca de cambiador de frecuencia<\/td>\n<td data-sheets-value=\"{&quot;1&quot;:2,&quot;2&quot;:&quot;Yaskawa&quot;}\">Yaskawa<\/td>\n<td data-sheets-value=\"{&quot;1&quot;:2,&quot;2&quot;:&quot;* Siemens (Optional)&quot;}\">* Siemens (Opcional)<\/td>\n<\/tr>\n<tr>\n<td data-sheets-value=\"{&quot;1&quot;:2,&quot;2&quot;:&quot;PLC Brand&quot;}\">Marca PLC<\/td>\n<td data-sheets-value=\"{&quot;1&quot;:2,&quot;2&quot;:&quot;Panasonic&quot;}\">panasonic<\/td>\n<td data-sheets-value=\"{&quot;1&quot;:2,&quot;2&quot;:&quot;* Siemens (Optional)&quot;}\">* Siemens (Opcional)<\/td>\n<\/tr>\n<tr>\n<td data-sheets-value=\"{&quot;1&quot;:2,&quot;2&quot;:&quot;Power Supply&quot;}\">Fuente de alimentaci\u00f3n<\/td>\n<td data-sheets-value=\"{&quot;1&quot;:2,&quot;2&quot;:&quot;380V 50Hz&quot;}\">380V 50Hz<\/td>\n<td data-sheets-value=\"{&quot;1&quot;:2,&quot;2&quot;:&quot;* Or According To Your Requirment&quot;}\">* O seg\u00fan sus necesidades<\/td>\n<\/tr>\n<tr>\n<td data-sheets-value=\"{&quot;1&quot;:2,&quot;2&quot;:&quot;Machine Color&quot;}\">Color de la m\u00e1quina<\/td>\n<td data-sheets-value=\"{&quot;1&quot;:2,&quot;2&quot;:&quot;Industrial Blue&quot;}\">azul industrial<\/td>\n<td data-sheets-value=\"{&quot;1&quot;:2,&quot;2&quot;:&quot;* Or According To Your Requirment&quot;}\">* O seg\u00fan sus necesidades<\/td>\n<\/tr>\n<\/tbody>\n<\/table>\n<\/div>\n<h3>Solicitud<\/h3>\n<p><img loading=\"lazy\" decoding=\"async\" class=\"alignnone size-full wp-image-1870\" src=\"https:\/\/swforming.com\/wp-content\/uploads\/2022\/12\/Application20221213150814.png\" alt=\"\" width=\"1000\" height=\"605\" title=\"\" srcset=\"https:\/\/swforming.com\/wp-content\/uploads\/2022\/12\/Application20221213150814.png 1000w, https:\/\/swforming.com\/wp-content\/uploads\/2022\/12\/Application20221213150814-600x363.png 600w, https:\/\/swforming.com\/wp-content\/uploads\/2022\/12\/Application20221213150814-300x182.png 300w, https:\/\/swforming.com\/wp-content\/uploads\/2022\/12\/Application20221213150814-768x465.png 768w, https:\/\/swforming.com\/wp-content\/uploads\/2022\/12\/Application20221213150814-18x12.png 18w\" sizes=\"(max-width: 1000px) 100vw, 1000px\" \/><\/p>\n<h3>\u00bfQu\u00e9 es la perfiladora de correas en Z?<\/h3>\n<p>Una perfiladora de correas en Z es un equipo especializado que se utiliza en la fabricaci\u00f3n de correas en forma de Z. Las correas son elementos estructurales utilizados habitualmente en la industria de la construcci\u00f3n para proporcionar soporte a los paneles de tejados y paredes. Suelen ser de acero y tienen varias formas, como C, Z y U.<\/p>\n<p>La perfiladora est\u00e1 dise\u00f1ada para dar forma a bobinas o chapas met\u00e1licas planas en el perfil de correa en forma de Z deseado. Consta de una serie de rodillos y estaciones de conformado que doblan progresivamente el metal hasta darle la forma deseada. La m\u00e1quina suele incluir un desenrollador para sujetar y alimentar la bobina de metal, un sistema de nivelaci\u00f3n para garantizar la planitud del material y varias estaciones de perfilado para dar forma a la correa.<\/p>\n<p>Durante el proceso de perfilado, la bobina met\u00e1lica pasa por la m\u00e1quina y cada estaci\u00f3n de rodillos realiza una operaci\u00f3n espec\u00edfica de doblado o conformado. Los rodillos est\u00e1n cuidadosamente dise\u00f1ados para doblar gradualmente el metal, dando forma de Z y consiguiendo unas dimensiones uniformes en toda la longitud de la correa. Una vez moldeado el metal, las correas pueden cortarse a la longitud deseada y apilarse para su posterior uso en proyectos de construcci\u00f3n.<\/p>\n<p>Las perfiladoras de correas Z son eficaces y precisas, y permiten producir correas a alta velocidad con una calidad constante. Suelen utilizarse en plantas de fabricaci\u00f3n de acero o de materiales de construcci\u00f3n. Las correas en forma de Z resultantes son ligeras, resistentes y f\u00e1ciles de instalar, por lo que son muy populares en una amplia gama de aplicaciones de construcci\u00f3n.<\/p>\n<h3>top 5 fabricantes de perfiladoras de correas c z<\/h3>\n<ol>\n<li>WUXI SUNWAY MACHINERY CO., LTD es un fabricante y exportador profesional que se ocupa del dise\u00f1o, desarrollo y producci\u00f3n de m\u00e1quinas perfiladoras en fr\u00edo. Todos los productos cumplen con los est\u00e1ndares internacionales de calidad y son muy apreciados en una variedad de mercados diferentes en todo el mundo, como Asia, \u00c1frica, Europa, Am\u00e9rica del Sur y Australia, entre otros. Ha ganado una red de ventas global.<\/li>\n<li>Grupo Bradbury: El Grupo Bradbury es un fabricante de renombre de equipos de perfilado, incluidas las m\u00e1quinas de perfilado de correas en C y Z. Ofrecen una gama de soluciones para diversas aplicaciones de conformado de metales.<\/li>\n<li>Maquinaria Samco: Maquinaria Samco es un l\u00edder global en tecnolog\u00eda de perfilado. Se especializan en el dise\u00f1o y fabricaci\u00f3n de equipos de perfilado, incluyendo m\u00e1quinas para la producci\u00f3n de correas C y Z.<\/li>\n<li>Grupo Formtek: El Grupo Formtek es una empresa bien establecida que ofrece una amplia gama de equipos de conformado de metales. Proporcionan m\u00e1quinas de perfilado para diversas aplicaciones, incluida la producci\u00f3n de correas en C y Z.<\/li>\n<li>F\u00e1brica de Maquinaria Zhongyuan: Zhongyuan Machinery Factory es un fabricante chino con una fuerte presencia en la industria de perfilado. Ofrecen una amplia gama de perfiladoras, incluidas las destinadas a la fabricaci\u00f3n de correas en C y Z.<\/li>\n<\/ol>\n<h3>aplicaci\u00f3n de la perfiladora de correas en u intercambiable<\/h3>\n<p>Una perfiladora de correas en U cambiable es un equipo especializado que se utiliza para fabricar correas en forma de U con la capacidad de cambiar las dimensiones o tama\u00f1os de las correas que se producen. Estas m\u00e1quinas son vers\u00e1tiles y pueden utilizarse en diversas aplicaciones dentro de las industrias de la construcci\u00f3n y la fabricaci\u00f3n. A continuaci\u00f3n se indican algunas aplicaciones comunes de una perfiladora de correas en U cambiable:<\/p>\n<ol>\n<li>Sistemas de cubiertas y revestimientos: Las correas en forma de U se utilizan habitualmente en sistemas de tejados y revestimientos para proporcionar soporte estructural a los paneles de tejados y paredes. La naturaleza modificable de la perfiladora permite producir correas de distintos tama\u00f1os y perfiles para adaptarse a los requisitos espec\u00edficos de cada proyecto.<\/li>\n<li>Naves y almacenes industriales: Las correas en U se utilizan ampliamente en la construcci\u00f3n de naves industriales y almacenes por su resistencia y capacidad de carga. La perfiladora permite producir de forma eficiente correas en forma de U de distintas dimensiones, que pueden adaptarse al dise\u00f1o espec\u00edfico y a los requisitos de carga de la estructura.<\/li>\n<li>Sistemas de estructuras de acero: Las perfiladoras de correas en U intercambiables tambi\u00e9n se utilizan en la fabricaci\u00f3n de sistemas de entramado de acero. Las correas en U son un componente integral de las estructuras de acero, ya que proporcionan soporte para paredes, suelos y techos. La m\u00e1quina permite fabricar correas de distintos tama\u00f1os y grosores para satisfacer las necesidades espec\u00edficas del sistema de entramado.<\/li>\n<li>Edificios agr\u00edcolas: Las correas U se utilizan ampliamente en edificios agr\u00edcolas como graneros, refugios para el ganado e instalaciones de almacenamiento. Estas estructuras requieren correas robustas y duraderas para soportar diversas condiciones ambientales. Una perfiladora de correas en U variable puede producir correas de diferentes dimensiones, adapt\u00e1ndose a los requisitos espec\u00edficos de los proyectos de construcci\u00f3n agr\u00edcola.<\/li>\n<li>Construcci\u00f3n residencial: En la construcci\u00f3n residencial, las correas en U se utilizan para diversas aplicaciones, como cerchas de tejado, viguetas de forjado y muros de carga. La posibilidad de modificar las dimensiones de las correas mediante la perfiladora permite una mayor flexibilidad para adaptarse a diferentes dise\u00f1os arquitect\u00f3nicos y requisitos estructurales.<\/li>\n<\/ol>","protected":false},"excerpt":{"rendered":"<p><span class=\"magic-8\">Esta maquina perfiladora de correas en forma de Z es utilizada para producir correas en forma de Z de 100-300mm de ancho, normalmente su espesor de material es de1.5-3mm, tambien el espesor maximo puede ser formado en 4.0-6.0mm de acuerdo a los requerimientos del cliente.<\/span><\/p>","protected":false},"featured_media":1858,"comment_status":"closed","ping_status":"closed","template":"","meta":{"_acf_changed":false},"product_brand":[],"product_cat":[52,113,75],"product_tag":[],"class_list":{"0":"post-1857","1":"product","2":"type-product","3":"status-publish","4":"has-post-thumbnail","6":"product_cat-steel-structure","7":"product_cat-purlin-roll-forming-machine","8":"product_cat-z-purlin-roll-forming-machine","10":"first","11":"instock","12":"shipping-taxable","13":"product-type-simple"},"acf":[],"_links":{"self":[{"href":"https:\/\/swforming.com\/es\/wp-json\/wp\/v2\/product\/1857","targetHints":{"allow":["GET"]}}],"collection":[{"href":"https:\/\/swforming.com\/es\/wp-json\/wp\/v2\/product"}],"about":[{"href":"https:\/\/swforming.com\/es\/wp-json\/wp\/v2\/types\/product"}],"replies":[{"embeddable":true,"href":"https:\/\/swforming.com\/es\/wp-json\/wp\/v2\/comments?post=1857"}],"version-history":[{"count":4,"href":"https:\/\/swforming.com\/es\/wp-json\/wp\/v2\/product\/1857\/revisions"}],"predecessor-version":[{"id":3216,"href":"https:\/\/swforming.com\/es\/wp-json\/wp\/v2\/product\/1857\/revisions\/3216"}],"wp:featuredmedia":[{"embeddable":true,"href":"https:\/\/swforming.com\/es\/wp-json\/wp\/v2\/media\/1858"}],"wp:attachment":[{"href":"https:\/\/swforming.com\/es\/wp-json\/wp\/v2\/media?parent=1857"}],"wp:term":[{"taxonomy":"product_brand","embeddable":true,"href":"https:\/\/swforming.com\/es\/wp-json\/wp\/v2\/product_brand?post=1857"},{"taxonomy":"product_cat","embeddable":true,"href":"https:\/\/swforming.com\/es\/wp-json\/wp\/v2\/product_cat?post=1857"},{"taxonomy":"product_tag","embeddable":true,"href":"https:\/\/swforming.com\/es\/wp-json\/wp\/v2\/product_tag?post=1857"}],"curies":[{"name":"wp","href":"https:\/\/api.w.org\/{rel}","templated":true}]}}