{"id":1571,"date":"2022-11-14T08:48:09","date_gmt":"2022-11-14T08:48:09","guid":{"rendered":"https:\/\/swforming.com\/?post_type=product&#038;p=1571"},"modified":"2023-06-09T06:23:31","modified_gmt":"2023-06-09T06:23:31","slug":"c-bracing-section-roll-forming-machine","status":"publish","type":"product","link":"https:\/\/swforming.com\/es\/product\/c-bracing-section-roll-forming-machine\/","title":{"rendered":"M\u00e1quina formadora de rollos de poste vertical para rack de almacenamiento Omega con refuerzo de secci\u00f3n C"},"content":{"rendered":"<p><img fetchpriority=\"high\" decoding=\"async\" class=\"alignnone size-full wp-image-1578\" src=\"https:\/\/swforming.com\/wp-content\/uploads\/2022\/11\/H5316ddce00004806b6b982ecc0dbb6aad.webp\" alt=\"\" width=\"750\" height=\"900\" title=\"\" srcset=\"https:\/\/swforming.com\/wp-content\/uploads\/2022\/11\/H5316ddce00004806b6b982ecc0dbb6aad.webp 750w, https:\/\/swforming.com\/wp-content\/uploads\/2022\/11\/H5316ddce00004806b6b982ecc0dbb6aad-600x720.webp 600w, https:\/\/swforming.com\/wp-content\/uploads\/2022\/11\/H5316ddce00004806b6b982ecc0dbb6aad-250x300.webp 250w, https:\/\/swforming.com\/wp-content\/uploads\/2022\/11\/H5316ddce00004806b6b982ecc0dbb6aad-10x12.webp 10w\" sizes=\"(max-width: 750px) 100vw, 750px\" \/><\/p>\n<p>La M\u00e1quina Perfiladora de Secci\u00f3n de Arriostramiento C tambi\u00e9n llamada M\u00e1quina Perfiladora de Viga C es desarrollada para producir viga C la cual es para soportar los montantes del estante y paneles de estanter\u00eda en el lado de todo el sistema de almacenamiento de paletas con tachuelas.<\/p>\n<p>Nuestra M\u00e1quina Perfiladora Inteligente de Secci\u00f3n de Arriostramiento C puede hacer varios tama\u00f1os de viga C de acuerdo a los requerimientos del sistema de estanter\u00eda y grosor, normalmente 1.5-1.8mm. Los procesos de desenrollado, alimentaci\u00f3n, perfilado, punzonado, corte, etc. pueden ser realizados autom\u00e1ticamente en una l\u00ednea. Mientras tanto, tenemos la m\u00e1quina formadora de rollos para hacer viga escalonada, estante vertical, viga de caja y panel de estante. Todos estos son componentes del sistema de estanter\u00edas de paletizaci\u00f3n.<\/p>\n<p>En el sistema de estanter\u00eda de paletas de almac\u00e9n, somos capaces de fabricar m\u00e1s m\u00e1quinas como la m\u00e1quina perfiladora de viga escalonada, m\u00e1quina perfiladora de estanter\u00eda vertical y m\u00e1quina perfiladora de viga de caja, etc.<\/p>\n<p>Realizamos diferentes soluciones seg\u00fan el dibujo, la tolerancia y el presupuesto de los clientes, ofreciendo un servicio profesional personalizado, adaptable a todos sus requisitos. Sea cual sea la l\u00ednea que elija, la calidad de la Maquinaria SUNWAY le garantizar\u00e1 la obtenci\u00f3n de perfiles perfectamente funcionales.<\/p>\n<h3>Dibujos de perfil<\/h3>\n<p>&nbsp;<\/p>\n<p><img decoding=\"async\" class=\"alignnone size-full wp-image-1579\" src=\"https:\/\/swforming.com\/wp-content\/uploads\/2022\/11\/H2f8f33970aee4d9cb92ae17a3fedc412X.webp\" alt=\"\" width=\"1748\" height=\"2156\" title=\"\" srcset=\"https:\/\/swforming.com\/wp-content\/uploads\/2022\/11\/H2f8f33970aee4d9cb92ae17a3fedc412X.webp 1748w, https:\/\/swforming.com\/wp-content\/uploads\/2022\/11\/H2f8f33970aee4d9cb92ae17a3fedc412X-600x740.webp 600w, https:\/\/swforming.com\/wp-content\/uploads\/2022\/11\/H2f8f33970aee4d9cb92ae17a3fedc412X-243x300.webp 243w, https:\/\/swforming.com\/wp-content\/uploads\/2022\/11\/H2f8f33970aee4d9cb92ae17a3fedc412X-830x1024.webp 830w, https:\/\/swforming.com\/wp-content\/uploads\/2022\/11\/H2f8f33970aee4d9cb92ae17a3fedc412X-768x947.webp 768w, https:\/\/swforming.com\/wp-content\/uploads\/2022\/11\/H2f8f33970aee4d9cb92ae17a3fedc412X-1245x1536.webp 1245w, https:\/\/swforming.com\/wp-content\/uploads\/2022\/11\/H2f8f33970aee4d9cb92ae17a3fedc412X-1660x2048.webp 1660w, https:\/\/swforming.com\/wp-content\/uploads\/2022\/11\/H2f8f33970aee4d9cb92ae17a3fedc412X-10x12.webp 10w\" sizes=\"(max-width: 1748px) 100vw, 1748px\" \/><\/p>\n<div class=\"magic-13\"><img decoding=\"async\" class=\"magic-14\" src=\"https:\/\/s.alicdn.com\/@sc04\/kf\/Haecfe59938e04d149a4825c875ef87170\/205991625\/Haecfe59938e04d149a4825c875ef87170.jpg?quality=close\" width=\"245\" height=\"180\" data-src=\"https:\/\/s.alicdn.com\/@sc04\/kf\/Haecfe59938e04d149a4825c875ef87170\/205991625\/Haecfe59938e04d149a4825c875ef87170.jpg?quality=close\" data-spm-anchor-id=\"a2700.details.0.i25.46e8d44epZRThV\" alt=\"\" title=\"\"> \u00a0<img loading=\"lazy\" decoding=\"async\" class=\"magic-14\" src=\"https:\/\/s.alicdn.com\/@sc04\/kf\/H63b096dfb2044abcabd711f1c569a6e4A\/205991625\/H63b096dfb2044abcabd711f1c569a6e4A.jpg?quality=close\" width=\"245\" height=\"180\" data-src=\"https:\/\/s.alicdn.com\/@sc04\/kf\/H63b096dfb2044abcabd711f1c569a6e4A\/205991625\/H63b096dfb2044abcabd711f1c569a6e4A.jpg?quality=close\" alt=\"\" title=\"\"> \u00a0<img loading=\"lazy\" decoding=\"async\" class=\"magic-14\" src=\"https:\/\/s.alicdn.com\/@sc04\/kf\/He0a03b77929e493e93f1978323c7072dd\/205991625\/He0a03b77929e493e93f1978323c7072dd.jpg?quality=close\" width=\"245\" height=\"180\" data-src=\"https:\/\/s.alicdn.com\/@sc04\/kf\/He0a03b77929e493e93f1978323c7072dd\/205991625\/He0a03b77929e493e93f1978323c7072dd.jpg?quality=close\" alt=\"\" title=\"\"><\/div>\n<h3>L\u00ednea de producci\u00f3n<img loading=\"lazy\" decoding=\"async\" class=\"alignnone size-full wp-image-1581\" src=\"https:\/\/swforming.com\/wp-content\/uploads\/2022\/11\/H56eac29a93fe41ffb446a17f383b41b1O.webp\" alt=\"\" width=\"1748\" height=\"859\" title=\"\" srcset=\"https:\/\/swforming.com\/wp-content\/uploads\/2022\/11\/H56eac29a93fe41ffb446a17f383b41b1O.webp 1748w, https:\/\/swforming.com\/wp-content\/uploads\/2022\/11\/H56eac29a93fe41ffb446a17f383b41b1O-600x295.webp 600w, https:\/\/swforming.com\/wp-content\/uploads\/2022\/11\/H56eac29a93fe41ffb446a17f383b41b1O-300x147.webp 300w, https:\/\/swforming.com\/wp-content\/uploads\/2022\/11\/H56eac29a93fe41ffb446a17f383b41b1O-1024x503.webp 1024w, https:\/\/swforming.com\/wp-content\/uploads\/2022\/11\/H56eac29a93fe41ffb446a17f383b41b1O-768x377.webp 768w, https:\/\/swforming.com\/wp-content\/uploads\/2022\/11\/H56eac29a93fe41ffb446a17f383b41b1O-1536x755.webp 1536w, https:\/\/swforming.com\/wp-content\/uploads\/2022\/11\/H56eac29a93fe41ffb446a17f383b41b1O-18x9.webp 18w\" sizes=\"(max-width: 1748px) 100vw, 1748px\" \/><\/h3>\n<h3>Detalles de producto<\/h3>\n<p><img loading=\"lazy\" decoding=\"async\" class=\"alignnone size-full wp-image-1584\" src=\"https:\/\/swforming.com\/wp-content\/uploads\/2022\/11\/114163902.png\" alt=\"\" width=\"750\" height=\"948\" title=\"\" srcset=\"https:\/\/swforming.com\/wp-content\/uploads\/2022\/11\/114163902.png 750w, https:\/\/swforming.com\/wp-content\/uploads\/2022\/11\/114163902-600x758.png 600w, https:\/\/swforming.com\/wp-content\/uploads\/2022\/11\/114163902-237x300.png 237w, https:\/\/swforming.com\/wp-content\/uploads\/2022\/11\/114163902-9x12.png 9w\" sizes=\"(max-width: 750px) 100vw, 750px\" \/><\/p>\n<h3>Parametros del producto<\/h3>\n<div style=\"overflow-x: auto;\">\n<table>\n<tbody>\n<tr>\n<td style=\"text-align: center;\" colspan=\"3\" rowspan=\"1\" data-sheets-value=\"{&quot;1&quot;:2,&quot;2&quot;:&quot;C Bracing Section Roll Forming Machine&quot;}\"><strong>M\u00e1quina formadora de rollos de secci\u00f3n de arriostramiento C<\/strong><\/td>\n<\/tr>\n<tr>\n<td colspan=\"1\" rowspan=\"4\" data-sheets-value=\"{&quot;1&quot;:2,&quot;2&quot;:&quot;Machinable Material&quot;}\">\n<div>Material mecanizable<\/div>\n<\/td>\n<td data-sheets-value=\"{&quot;1&quot;:2,&quot;2&quot;:&quot;A) Galvanized Coil&quot;}\">A) Bobina Galvanizada<\/td>\n<td colspan=\"1\" rowspan=\"4\" data-sheets-value=\"{&quot;1&quot;:2,&quot;2&quot;:&quot;Thickness(MM): 1.5-1.8 as per customer&quot;}\">\n<div>Espesor (MM): 1,5-1,8 seg\u00fan cliente<\/div>\n<\/td>\n<\/tr>\n<tr>\n<td data-sheets-value=\"{&quot;1&quot;:2,&quot;2&quot;:&quot;B) PPGI, PPGL&quot;}\">B) PPGI, PPGL<\/td>\n<\/tr>\n<tr>\n<td data-sheets-value=\"{&quot;1&quot;:2,&quot;2&quot;:&quot;C) Cold-rolled Steel&quot;}\">C) Acero laminado en fr\u00edo<\/td>\n<\/tr>\n<tr>\n<td data-sheets-value=\"{&quot;1&quot;:2,&quot;2&quot;:&quot;D) Carbon Steel&quot;}\">D) acero al carbono<\/td>\n<\/tr>\n<tr>\n<td data-sheets-value=\"{&quot;1&quot;:2,&quot;2&quot;:&quot;Yield Strength&quot;}\">L\u00edmite el\u00e1stico<\/td>\n<td colspan=\"2\" rowspan=\"1\" data-sheets-value=\"{&quot;1&quot;:2,&quot;2&quot;:&quot;250 - 350 Mpa&quot;}\">250 \u2013 350 MPa<\/td>\n<\/tr>\n<tr>\n<td data-sheets-value=\"{&quot;1&quot;:2,&quot;2&quot;:&quot;Tensil Stress&quot;}\">Estr\u00e9s de tracci\u00f3n<\/td>\n<td colspan=\"2\" rowspan=\"1\" data-sheets-value=\"{&quot;1&quot;:2,&quot;2&quot;:&quot;350 Mpa-500 Mpa&quot;}\">350 MPa-500 MPa<\/td>\n<\/tr>\n<tr>\n<td data-sheets-value=\"{&quot;1&quot;:2,&quot;2&quot;:&quot;Nominal Forming Speed(M\/Min)&quot;}\">Velocidad de formaci\u00f3n nominal (M\/Min)<\/td>\n<td data-sheets-value=\"{&quot;1&quot;:3,&quot;3&quot;:44849}\" data-sheets-numberformat=\"{&quot;1&quot;:5,&quot;2&quot;:&quot;m-d&quot;,&quot;3&quot;:1}\">10-15<\/td>\n<td data-sheets-value=\"{&quot;1&quot;:2,&quot;2&quot;:&quot;* Or According To Your Requirment&quot;}\">* O seg\u00fan su requisito<\/td>\n<\/tr>\n<tr>\n<td data-sheets-value=\"{&quot;1&quot;:2,&quot;2&quot;:&quot;Forming Station&quot;}\">Estaci\u00f3n de formaci\u00f3n<\/td>\n<td data-sheets-value=\"{&quot;1&quot;:2,&quot;2&quot;:&quot;About 14&quot;}\">Alrededor de 14<\/td>\n<td data-sheets-value=\"{&quot;1&quot;:2,&quot;2&quot;:&quot;* According To Your Profile Drawings&quot;}\">* Seg\u00fan sus dibujos de perfil<\/td>\n<\/tr>\n<tr>\n<td data-sheets-value=\"{&quot;1&quot;:2,&quot;2&quot;:&quot;Decoiler&quot;}\">desbobinador<\/td>\n<td data-sheets-value=\"{&quot;1&quot;:2,&quot;2&quot;:&quot;Manual Decoiler&quot;}\">Desenrollador Manual<\/td>\n<td data-sheets-value=\"{&quot;1&quot;:2,&quot;2&quot;:&quot;* Hydraulic Decoiler (Optional)&quot;}\">* Desenrollador Hidr\u00e1ulico (Opcional)<\/td>\n<\/tr>\n<tr>\n<td data-sheets-value=\"{&quot;1&quot;:2,&quot;2&quot;:&quot;Driving System&quot;}\">Sistema de conducci\u00f3n<\/td>\n<td data-sheets-value=\"{&quot;1&quot;:2,&quot;2&quot;:&quot;Chain Drive&quot;}\">Transmisi\u00f3n por cadena<\/td>\n<td data-sheets-value=\"{&quot;1&quot;:2,&quot;2&quot;:&quot;* Gearbox Drive (Optional)&quot;}\">* Transmisi\u00f3n de caja de cambios (opcional)<\/td>\n<\/tr>\n<tr>\n<td data-sheets-value=\"{&quot;1&quot;:2,&quot;2&quot;:&quot;Machine Structure&quot;}\">Estructura de la m\u00e1quina<\/td>\n<td data-sheets-value=\"{&quot;1&quot;:2,&quot;2&quot;:&quot;Steel Plates Welded&quot;}\">Placas de acero soldadas<\/td>\n<td data-sheets-value=\"{&quot;1&quot;:2,&quot;2&quot;:&quot;* Cast Iron Stands (Optional)&quot;}\">* Soportes de hierro fundido (opcional)<\/td>\n<\/tr>\n<tr>\n<td data-sheets-value=\"{&quot;1&quot;:2,&quot;2&quot;:&quot;Rollers\u2019 Material&quot;}\">Material de los rodillos<\/td>\n<td data-sheets-value=\"{&quot;1&quot;:2,&quot;2&quot;:&quot;GCr 15&quot;}\">GCr 15<\/td>\n<td data-sheets-value=\"{&quot;1&quot;:2,&quot;2&quot;:&quot;* Cr12Mov (Optional)&quot;}\">* Cr12Mov (Opcional)<\/td>\n<\/tr>\n<tr>\n<td data-sheets-value=\"{&quot;1&quot;:2,&quot;2&quot;:&quot;Cutting System&quot;}\">Sistema de Corte<\/td>\n<td colspan=\"2\" rowspan=\"1\" data-sheets-value=\"{&quot;1&quot;:2,&quot;2&quot;:&quot;Hydraulic Pre-cut&quot;}\">Precorte hidr\u00e1ulico<\/td>\n<\/tr>\n<tr>\n<td data-sheets-value=\"{&quot;1&quot;:2,&quot;2&quot;:&quot;Punching System&quot;}\">Sistema de punzonado<\/td>\n<td colspan=\"2\" rowspan=\"1\" data-sheets-value=\"{&quot;1&quot;:2,&quot;2&quot;:&quot;Hydraulic Punching&quot;}\">Punzonado hidr\u00e1ulico<\/td>\n<\/tr>\n<tr>\n<td data-sheets-value=\"{&quot;1&quot;:2,&quot;2&quot;:&quot;Frequency Changer Brand&quot;}\">Marca de cambiador de frecuencia<\/td>\n<td data-sheets-value=\"{&quot;1&quot;:2,&quot;2&quot;:&quot;Yaskawa&quot;}\">Yaskawa<\/td>\n<td data-sheets-value=\"{&quot;1&quot;:2,&quot;2&quot;:&quot;* Siemens (Optional)&quot;}\">* Siemens (Opcional)<\/td>\n<\/tr>\n<tr>\n<td data-sheets-value=\"{&quot;1&quot;:2,&quot;2&quot;:&quot;Power Supply&quot;}\">Fuente de alimentaci\u00f3n<\/td>\n<td data-sheets-value=\"{&quot;1&quot;:2,&quot;2&quot;:&quot;380V 50Hz&quot;}\">380V 50Hz<\/td>\n<td data-sheets-value=\"{&quot;1&quot;:2,&quot;2&quot;:&quot;* Or According To Your Requirment&quot;}\">* O seg\u00fan su requisito<\/td>\n<\/tr>\n<tr>\n<td data-sheets-value=\"{&quot;1&quot;:2,&quot;2&quot;:&quot;Machine Color&quot;}\">Color de la m\u00e1quina<\/td>\n<td data-sheets-value=\"{&quot;1&quot;:2,&quot;2&quot;:&quot;Industrial Blue&quot;}\">azul industrial<\/td>\n<td data-sheets-value=\"{&quot;1&quot;:2,&quot;2&quot;:&quot;* Or According To Your Requirment&quot;}\">* O seg\u00fan su requisito<\/td>\n<\/tr>\n<\/tbody>\n<\/table>\n<\/div>\n<h3>Solicitud<\/h3>\n<p><img loading=\"lazy\" decoding=\"async\" class=\"alignnone size-full wp-image-1331\" src=\"https:\/\/swforming.com\/wp-content\/uploads\/2022\/10\/9461bce0-3c2b-40c9-85d1-f9de38d6c4a3-1.png\" alt=\"\" width=\"750\" height=\"455\" title=\"\" srcset=\"https:\/\/swforming.com\/wp-content\/uploads\/2022\/10\/9461bce0-3c2b-40c9-85d1-f9de38d6c4a3-1.png 750w, https:\/\/swforming.com\/wp-content\/uploads\/2022\/10\/9461bce0-3c2b-40c9-85d1-f9de38d6c4a3-1-600x364.png 600w, https:\/\/swforming.com\/wp-content\/uploads\/2022\/10\/9461bce0-3c2b-40c9-85d1-f9de38d6c4a3-1-300x182.png 300w, https:\/\/swforming.com\/wp-content\/uploads\/2022\/10\/9461bce0-3c2b-40c9-85d1-f9de38d6c4a3-1-18x12.png 18w\" sizes=\"(max-width: 750px) 100vw, 750px\" \/><\/p>\n<h3>\u00bfqu\u00e9 es la perfiladora de cremallera?<\/h3>\n<p>Una perfiladora de estanter\u00edas es un tipo de maquinaria industrial utilizada en el proceso de fabricaci\u00f3n de estanter\u00edas, estantes o sistemas de almacenamiento. Est\u00e1 dise\u00f1ada para dar forma a l\u00e1minas o bobinas de metal en perfiles espec\u00edficos que se utilizan para construir los componentes estructurales de las estanter\u00edas.<\/p>\n<p>El proceso de perfilado consiste en hacer pasar una tira continua de metal a trav\u00e9s de una serie de matrices de rodillos, que moldean progresivamente el metal hasta darle el perfil de cremallera deseado. Los rodillos aplican una combinaci\u00f3n de acciones de doblado, estirado y conformado para transformar gradualmente la chapa met\u00e1lica plana en la forma final.<\/p>\n<p>Las perfiladoras de cremallera suelen constar de un sistema de alimentaci\u00f3n, una serie de estaciones de perfilado y un sistema de corte. El sistema de alimentaci\u00f3n introduce la banda de metal en la m\u00e1quina, mientras que las estaciones de perfilado alojan las matrices de rodillos que dan forma al metal. El sistema de corte se utiliza para cortar los perfiles formados a las longitudes deseadas.<\/p>\n<p>Estas m\u00e1quinas son altamente personalizables y pueden producir estanter\u00edas de diferentes tama\u00f1os, formas y configuraciones. Suelen utilizarse en sectores como el almacenamiento, la log\u00edstica, el comercio minorista y la fabricaci\u00f3n, donde se necesitan sistemas de almacenamiento para organizar y guardar mercanc\u00edas de forma eficiente.<\/p>\n<p>Mediante la utilizaci\u00f3n de m\u00e1quinas de perfilado de estanter\u00edas, los fabricantes pueden conseguir altos \u00edndices de producci\u00f3n, una calidad constante y una precisi\u00f3n dimensional exacta en sus procesos de fabricaci\u00f3n de estanter\u00edas.<\/p>\n<h3>\u00bfqu\u00e9 diferencia hay entre la perfiladora de estanter\u00edas y la perfiladora de estantes?<\/h3>\n<p>La maquina perfiladora de estanter\u00eda y la maquina perfiladora de estanter\u00eda est\u00e1n estrechamente relacionadas pero tienen ligeras diferencias en sus aplicaciones.<\/p>\n<p>Una perfiladora de estanter\u00edas es un t\u00e9rmino general utilizado para describir una perfiladora que est\u00e1 espec\u00edficamente dise\u00f1ada para producir varios tipos de estanter\u00edas, incluyendo estanter\u00edas. Puede utilizarse para fabricar diferentes componentes de estanter\u00edas, como montantes, vigas, refuerzos y otros elementos estructurales.<\/p>\n<p>Por otro lado, una perfiladora de estanter\u00edas se refiere a una perfiladora dise\u00f1ada espec\u00edficamente para producir estanter\u00edas, que son las plataformas o superficies horizontales utilizadas para almacenar art\u00edculos en una estanter\u00eda. Las estanter\u00edas son normalmente planas y tienen dimensiones y caracter\u00edsticas espec\u00edficas para acomodar diferentes tipos de productos.<\/p>\n<h3>\u00bfqu\u00e9 es la perfiladora de perfiles en c?<\/h3>\n<p>La perfiladora de perfiles en C, tambi\u00e9n conocida como perfiladora de correas en C, es un tipo de maquinaria industrial utilizada en el proceso de fabricaci\u00f3n de perfiles de acero en forma de C denominados correas en C. Las correas en C se utilizan ampliamente en la industria de la construcci\u00f3n como componentes estructurales en edificios, especialmente en sistemas de techos y paredes.<\/p>\n<p>La perfiladora en C est\u00e1 dise\u00f1ada para moldear y dar forma a bobinas de metal, normalmente de acero galvanizado u otros tipos de acero, en el perfil en C deseado. La m\u00e1quina utiliza una serie de estaciones de perfilado que doblan, moldean y dan forma gradualmente a la tira de metal hasta conseguir la forma final de la correa en C.<\/p>\n<p>El proceso consiste en introducir la bobina met\u00e1lica en la m\u00e1quina, donde pasa por una serie de rodillos que le van dando forma progresivamente. Estos rodillos aplican acciones espec\u00edficas de doblado y conformado para conseguir las dimensiones y el perfil deseados de la correa. La m\u00e1quina tambi\u00e9n puede tener estaciones adicionales para perforar agujeros o a\u00f1adir otras caracter\u00edsticas a la correa.<\/p>\n<p>Las correas en C producidas por la perfiladora de secci\u00f3n en C se utilizan habitualmente como elementos estructurales en sistemas de tejados y revestimientos, proporcionando soporte y estabilidad a los paneles de tejados y paredes. Son ligeras, duraderas y f\u00e1ciles de instalar, lo que las convierte en una opci\u00f3n popular en la construcci\u00f3n de edificios industriales, almacenes y estructuras comerciales.<\/p>\n<p>La perfiladora de secci\u00f3n en C permite obtener altos \u00edndices de producci\u00f3n, una precisi\u00f3n dimensional exacta y una calidad constante, lo que la convierte en una soluci\u00f3n eficaz y rentable para fabricar correas en C utilizadas en diversas aplicaciones de construcci\u00f3n.<\/p>","protected":false},"excerpt":{"rendered":"<p>La M\u00e1quina Perfiladora de Secci\u00f3n de Arriostramiento C tambi\u00e9n llamada M\u00e1quina Perfiladora de Viga C es desarrollada para producir viga C la cual es para soportar los montantes del estante y paneles de estanter\u00eda en el lado de todo el sistema de almacenamiento de paletas con tachuelas.<\/p>\n<p>Nuestra M\u00e1quina Perfiladora Inteligente de Secci\u00f3n de Arriostramiento C puede hacer varios tama\u00f1os de viga C de acuerdo a los requerimientos del sistema de estanter\u00eda y grosor, normalmente 1.5-1.8mm. Los procesos de desenrollado, alimentaci\u00f3n, perfilado, punzonado, corte, etc. pueden ser realizados autom\u00e1ticamente en una l\u00ednea. Mientras tanto, tenemos la m\u00e1quina formadora de rollos para hacer viga escalonada, estante vertical, viga de caja y panel de estante. Todos estos son componentes del sistema de estanter\u00edas de paletizaci\u00f3n.<\/p>\n<div id=\"gtx-trans\" style=\"position: absolute; left: -91px; top: -10px;\">\n<div class=\"gtx-trans-icon\"><\/div>\n<\/div>","protected":false},"featured_media":1572,"comment_status":"closed","ping_status":"closed","template":"","meta":{"_acf_changed":false},"product_brand":[],"product_cat":[46,63],"product_tag":[],"class_list":{"0":"post-1571","1":"product","2":"type-product","3":"status-publish","4":"has-post-thumbnail","6":"product_cat-racking-shelving","7":"product_cat-elevator-guide-rail-roll-forming-machine","9":"first","10":"instock","11":"shipping-taxable","12":"product-type-simple"},"acf":[],"_links":{"self":[{"href":"https:\/\/swforming.com\/es\/wp-json\/wp\/v2\/product\/1571","targetHints":{"allow":["GET"]}}],"collection":[{"href":"https:\/\/swforming.com\/es\/wp-json\/wp\/v2\/product"}],"about":[{"href":"https:\/\/swforming.com\/es\/wp-json\/wp\/v2\/types\/product"}],"replies":[{"embeddable":true,"href":"https:\/\/swforming.com\/es\/wp-json\/wp\/v2\/comments?post=1571"}],"version-history":[{"count":3,"href":"https:\/\/swforming.com\/es\/wp-json\/wp\/v2\/product\/1571\/revisions"}],"predecessor-version":[{"id":3197,"href":"https:\/\/swforming.com\/es\/wp-json\/wp\/v2\/product\/1571\/revisions\/3197"}],"wp:featuredmedia":[{"embeddable":true,"href":"https:\/\/swforming.com\/es\/wp-json\/wp\/v2\/media\/1572"}],"wp:attachment":[{"href":"https:\/\/swforming.com\/es\/wp-json\/wp\/v2\/media?parent=1571"}],"wp:term":[{"taxonomy":"product_brand","embeddable":true,"href":"https:\/\/swforming.com\/es\/wp-json\/wp\/v2\/product_brand?post=1571"},{"taxonomy":"product_cat","embeddable":true,"href":"https:\/\/swforming.com\/es\/wp-json\/wp\/v2\/product_cat?post=1571"},{"taxonomy":"product_tag","embeddable":true,"href":"https:\/\/swforming.com\/es\/wp-json\/wp\/v2\/product_tag?post=1571"}],"curies":[{"name":"wp","href":"https:\/\/api.w.org\/{rel}","templated":true}]}}