{"id":1318,"date":"2022-10-14T08:07:44","date_gmt":"2022-10-14T08:07:44","guid":{"rendered":"https:\/\/swforming.com\/?post_type=product&#038;p=1318"},"modified":"2024-03-25T02:34:12","modified_gmt":"2024-03-25T02:34:12","slug":"warehouse-shelf-upright-roll-forming-machine","status":"publish","type":"product","link":"https:\/\/swforming.com\/es\/product\/warehouse-shelf-upright-roll-forming-machine\/","title":{"rendered":"M\u00e1quina formadora de rollos verticales para estantes de almac\u00e9n"},"content":{"rendered":"<p><img fetchpriority=\"high\" decoding=\"async\" class=\"alignnone wp-image-1325 size-full\" src=\"https:\/\/swforming.com\/wp-content\/uploads\/2022\/10\/ed965f11-9362-4bb8-849f-dc2570a41f2d.jpg\" alt=\"M\u00e1quina formadora de rollos verticales para estantes de almac\u00e9n\" width=\"750\" height=\"900\" title=\"\" srcset=\"https:\/\/swforming.com\/wp-content\/uploads\/2022\/10\/ed965f11-9362-4bb8-849f-dc2570a41f2d.jpg 750w, https:\/\/swforming.com\/wp-content\/uploads\/2022\/10\/ed965f11-9362-4bb8-849f-dc2570a41f2d-600x720.jpg 600w, https:\/\/swforming.com\/wp-content\/uploads\/2022\/10\/ed965f11-9362-4bb8-849f-dc2570a41f2d-250x300.jpg 250w, https:\/\/swforming.com\/wp-content\/uploads\/2022\/10\/ed965f11-9362-4bb8-849f-dc2570a41f2d-10x12.jpg 10w\" sizes=\"(max-width: 750px) 100vw, 750px\" \/><\/p>\n<div class=\"magic-8\" data-spm-anchor-id=\"a2700.details.0.i22.204b70b23fWCaM\"><span class=\"magic-9\"><span class=\"magic-10\"><span data-spm-anchor-id=\"a2700.details.0.i23.204b70b23fWCaM\"> La maquina perfiladora de estanter\u00eda vertical de almac\u00e9n tambi\u00e9n llamada maquina perfiladora de estanter\u00eda de paleta (s) es desarrollada para producir bastidor vertical \/ estanter\u00eda vertical. <\/span><\/span><\/span><\/div>\n<div class=\"magic-8\" data-spm-anchor-id=\"a2700.details.0.i22.204b70b23fWCaM\"><span class=\"magic-9\"><span class=\"magic-10\"><span data-spm-anchor-id=\"a2700.details.0.i23.204b70b23fWCaM\">Nuestra maquina perfiladora inteligente puede hacer varios tama\u00f1os de montantes con espesor de 1.5-3.0mm. Desenrollar, servo alimentaci\u00f3n, perforaci\u00f3n, perfilado, corte, etc proceso se puede realizar de forma autom\u00e1tica en una l\u00ednea. Mientras tanto, tenemos el rollo que forma la m\u00e1quina para hacer la viga de la caja, la viga del paso y los paneles del estante. Todos estos son componentes del sistema de estanter\u00edas de paletizaci\u00f3n. <\/span><\/span><\/span><\/div>\n<div class=\"magic-8\" data-spm-anchor-id=\"a2700.details.0.i22.204b70b23fWCaM\"><span class=\"magic-9\"><span class=\"magic-10\"><span data-spm-anchor-id=\"a2700.details.0.i23.204b70b23fWCaM\">Las estanter\u00edas de paletizaci\u00f3n son una soluci\u00f3n rentable para almacenar mercanc\u00edas paletizadas. Las estanter\u00edas para pal\u00e9s, que constan de bastidores y largueros independientes disponibles en una amplia gama de tama\u00f1os y fijados con pasadores de bloqueo, se configuran f\u00e1cilmente seg\u00fan sus necesidades, ya sea por el tama\u00f1o del pal\u00e9 o por el tipo de carretilla elevadora. <\/span><\/span><\/span><\/div>\n<div class=\"magic-8\" data-spm-anchor-id=\"a2700.details.0.i22.204b70b23fWCaM\"><span class=\"magic-9\"><span class=\"magic-10\"><span data-spm-anchor-id=\"a2700.details.0.i23.204b70b23fWCaM\">En el sistema de estanter\u00eda de paletas de almac\u00e9n, somos capaces de fabricar m\u00e1s m\u00e1quinas como la m\u00e1quina perfiladora de viga de caja, m\u00e1quina perfiladora de viga escalonada y m\u00e1quina perfiladora de panel de estanter\u00eda (placa de caja), etc.<\/span><\/span><\/span><\/div>\n<div class=\"magic-8\" data-spm-anchor-id=\"a2700.details.0.i22.204b70b23fWCaM\">Realizamos diferentes soluciones seg\u00fan el dibujo, la tolerancia y el presupuesto del cliente, ofreciendo un servicio profesional personalizado, adaptable a todas sus necesidades. Sea cual sea la l\u00ednea que elija, la calidad de SUNWAY Machinery le garantizar\u00e1 la obtenci\u00f3n de perfiles perfectamente funcionales.<\/div>\n<h3 data-spm-anchor-id=\"a2700.details.0.i22.204b70b23fWCaM\">Dibujos de perfil<\/h3>\n<p><img decoding=\"async\" class=\"alignnone size-full wp-image-1326\" src=\"https:\/\/swforming.com\/wp-content\/uploads\/2022\/10\/a9638363-69d2-43d7-8d02-7d3eba65f23d.jpg\" alt=\"\" width=\"750\" height=\"925\" title=\"\" srcset=\"https:\/\/swforming.com\/wp-content\/uploads\/2022\/10\/a9638363-69d2-43d7-8d02-7d3eba65f23d.jpg 750w, https:\/\/swforming.com\/wp-content\/uploads\/2022\/10\/a9638363-69d2-43d7-8d02-7d3eba65f23d-600x740.jpg 600w, https:\/\/swforming.com\/wp-content\/uploads\/2022\/10\/a9638363-69d2-43d7-8d02-7d3eba65f23d-243x300.jpg 243w, https:\/\/swforming.com\/wp-content\/uploads\/2022\/10\/a9638363-69d2-43d7-8d02-7d3eba65f23d-10x12.jpg 10w\" sizes=\"(max-width: 750px) 100vw, 750px\" \/><\/p>\n<p><img decoding=\"async\" class=\"alignnone size-full wp-image-1327\" src=\"https:\/\/swforming.com\/wp-content\/uploads\/2022\/10\/4bd2d985-6b9c-4ab2-864a-470665df977c.png\" alt=\"\" width=\"750\" height=\"373\" title=\"\" srcset=\"https:\/\/swforming.com\/wp-content\/uploads\/2022\/10\/4bd2d985-6b9c-4ab2-864a-470665df977c.png 750w, https:\/\/swforming.com\/wp-content\/uploads\/2022\/10\/4bd2d985-6b9c-4ab2-864a-470665df977c-600x298.png 600w, https:\/\/swforming.com\/wp-content\/uploads\/2022\/10\/4bd2d985-6b9c-4ab2-864a-470665df977c-300x149.png 300w, https:\/\/swforming.com\/wp-content\/uploads\/2022\/10\/4bd2d985-6b9c-4ab2-864a-470665df977c-18x9.png 18w\" sizes=\"(max-width: 750px) 100vw, 750px\" \/><\/p>\n<h3>L\u00ednea de producci\u00f3n<\/h3>\n<p><img loading=\"lazy\" decoding=\"async\" class=\"alignnone size-full wp-image-1328\" src=\"https:\/\/swforming.com\/wp-content\/uploads\/2022\/10\/Hda2f6f97f13a4b7abc5acb968fd9615cv.jpg\" alt=\"\" width=\"750\" height=\"467\" title=\"\" srcset=\"https:\/\/swforming.com\/wp-content\/uploads\/2022\/10\/Hda2f6f97f13a4b7abc5acb968fd9615cv.jpg 750w, https:\/\/swforming.com\/wp-content\/uploads\/2022\/10\/Hda2f6f97f13a4b7abc5acb968fd9615cv-600x374.jpg 600w, https:\/\/swforming.com\/wp-content\/uploads\/2022\/10\/Hda2f6f97f13a4b7abc5acb968fd9615cv-300x187.jpg 300w, https:\/\/swforming.com\/wp-content\/uploads\/2022\/10\/Hda2f6f97f13a4b7abc5acb968fd9615cv-18x12.jpg 18w\" sizes=\"(max-width: 750px) 100vw, 750px\" \/><\/p>\n<h3>Detalles de producto<\/h3>\n<p><img loading=\"lazy\" decoding=\"async\" class=\"alignnone wp-image-1330 size-full\" src=\"https:\/\/swforming.com\/wp-content\/uploads\/2022\/10\/160214-e1665734668584.png\" alt=\"\" width=\"748\" height=\"1270\" title=\"\" srcset=\"https:\/\/swforming.com\/wp-content\/uploads\/2022\/10\/160214-e1665734668584.png 748w, https:\/\/swforming.com\/wp-content\/uploads\/2022\/10\/160214-e1665734668584-600x1019.png 600w, https:\/\/swforming.com\/wp-content\/uploads\/2022\/10\/160214-e1665734668584-177x300.png 177w, https:\/\/swforming.com\/wp-content\/uploads\/2022\/10\/160214-e1665734668584-603x1024.png 603w, https:\/\/swforming.com\/wp-content\/uploads\/2022\/10\/160214-e1665734668584-7x12.png 7w\" sizes=\"(max-width: 748px) 100vw, 748px\" \/><\/p>\n<h3>Par\u00e1metros de la m\u00e1quina perfiladora de estanter\u00eda vertical de almac\u00e9n<\/h3>\n<div style=\"overflow-x: auto;\">\n<table>\n<tbody>\n<tr>\n<td style=\"text-align: center;\" colspan=\"3\" rowspan=\"1\" data-sheets-value=\"{&quot;1&quot;:2,&quot;2&quot;:&quot;Warehouse Shelf Upright Roll Forming Machine&quot;}\"><strong>M\u00e1quina formadora de rollos verticales para estantes de almac\u00e9n<\/strong><\/td>\n<\/tr>\n<tr>\n<td colspan=\"1\" rowspan=\"2\" data-sheets-value=\"{&quot;1&quot;:2,&quot;2&quot;:&quot;Machinable Material&quot;}\">\n<div>Material mecanizable<\/div>\n<\/td>\n<td data-sheets-value=\"{&quot;1&quot;:2,&quot;2&quot;:&quot;A) Galvanized Steel&quot;}\">A) Acero Galvanizado<\/td>\n<td colspan=\"1\" rowspan=\"2\" data-sheets-value=\"{&quot;1&quot;:2,&quot;2&quot;:&quot;Thickness(MM): 1.5-3.0 as per customer&quot;}\">\n<div>Espesor (MM): 1.5-3.0 seg\u00fan el cliente<\/div>\n<\/td>\n<\/tr>\n<tr>\n<td data-sheets-value=\"{&quot;1&quot;:2,&quot;2&quot;:&quot;B) Stainless Steel&quot;}\">B) Acero inoxidable<\/td>\n<\/tr>\n<tr>\n<td data-sheets-value=\"{&quot;1&quot;:2,&quot;2&quot;:&quot;Yield Strength&quot;}\">L\u00edmite el\u00e1stico<\/td>\n<td colspan=\"2\" rowspan=\"1\" data-sheets-value=\"{&quot;1&quot;:2,&quot;2&quot;:&quot;250 - 550 Mpa&quot;}\">250 \u2013 550 MPa<\/td>\n<\/tr>\n<tr>\n<td data-sheets-value=\"{&quot;1&quot;:2,&quot;2&quot;:&quot;Tensil Stress&quot;}\">Estr\u00e9s de tracci\u00f3n<\/td>\n<td colspan=\"2\" rowspan=\"1\" data-sheets-value=\"{&quot;1&quot;:2,&quot;2&quot;:&quot;G250 Mpa-G550 Mpa&quot;}\">G250 MPa-G550 MPa<\/td>\n<\/tr>\n<tr>\n<td data-sheets-value=\"{&quot;1&quot;:2,&quot;2&quot;:&quot;Decoiler&quot;}\">desbobinador<\/td>\n<td data-sheets-value=\"{&quot;1&quot;:2,&quot;2&quot;:&quot;Manual Decoiler&quot;}\">Desenrollador Manual<\/td>\n<td data-sheets-value=\"{&quot;1&quot;:2,&quot;2&quot;:&quot;* Hydraulic Decoiler (Optional)&quot;}\">* Desenrollador Hidr\u00e1ulico (Opcional)<\/td>\n<\/tr>\n<tr>\n<td data-sheets-value=\"{&quot;1&quot;:2,&quot;2&quot;:&quot;Punching System&quot;}\">Sistema de punzonado<\/td>\n<td data-sheets-value=\"{&quot;1&quot;:2,&quot;2&quot;:&quot;Hydraulic Punching Station&quot;}\">Estaci\u00f3n de punzonado hidr\u00e1ulico<\/td>\n<td data-sheets-value=\"{&quot;1&quot;:2,&quot;2&quot;:&quot;* Punching Press (Optional)&quot;}\">* Punzonadora (Opcional)<\/td>\n<\/tr>\n<tr>\n<td data-sheets-value=\"{&quot;1&quot;:2,&quot;2&quot;:&quot;Forming Station&quot;}\">Estaci\u00f3n de formaci\u00f3n<\/td>\n<td data-sheets-value=\"{&quot;1&quot;:2,&quot;2&quot;:&quot;About 25 Stands&quot;}\">Acerca de 25 Stands<\/td>\n<td data-sheets-value=\"{&quot;1&quot;:2,&quot;2&quot;:&quot;* According To Your Profile Drawings&quot;}\">* Seg\u00fan sus dibujos de perfil<\/td>\n<\/tr>\n<tr>\n<td data-sheets-value=\"{&quot;1&quot;:2,&quot;2&quot;:&quot;Driving System&quot;}\">Sistema de conducci\u00f3n<\/td>\n<td data-sheets-value=\"{&quot;1&quot;:2,&quot;2&quot;:&quot;Chain Drive&quot;}\">Transmisi\u00f3n por cadena<\/td>\n<td data-sheets-value=\"{&quot;1&quot;:2,&quot;2&quot;:&quot;* Gearbox Drive (Optional)&quot;}\">* Transmisi\u00f3n de caja de cambios (opcional)<\/td>\n<\/tr>\n<tr>\n<td data-sheets-value=\"{&quot;1&quot;:2,&quot;2&quot;:&quot;Machine Structure&quot;}\">Estructura de la m\u00e1quina<\/td>\n<td data-sheets-value=\"{&quot;1&quot;:2,&quot;2&quot;:&quot;Wall Panel Station&quot;}\">Estaci\u00f3n de paneles de pared<\/td>\n<td data-sheets-value=\"{&quot;1&quot;:2,&quot;2&quot;:&quot;* Cast Iron Stands (Optional)&quot;}\">* Soportes de hierro fundido (opcional)<\/td>\n<\/tr>\n<tr>\n<td data-sheets-value=\"{&quot;1&quot;:2,&quot;2&quot;:&quot;Forming Speed&quot;}\">Velocidad de formaci\u00f3n<\/td>\n<td data-sheets-value=\"{&quot;1&quot;:2,&quot;2&quot;:&quot;5-15 (M\/MIN)&quot;}\">5-15 (M\/MIN)<\/td>\n<td data-sheets-value=\"{&quot;1&quot;:2,&quot;2&quot;:&quot;* Or According To Your Profile Drawings&quot;}\">* O seg\u00fan sus dibujos de perfil<\/td>\n<\/tr>\n<tr>\n<td data-sheets-value=\"{&quot;1&quot;:2,&quot;2&quot;:&quot;Rollers\u2019 Material&quot;}\">Material de los rodillos<\/td>\n<td data-sheets-value=\"{&quot;1&quot;:2,&quot;2&quot;:&quot;GCr 15&quot;}\">GCr 15<\/td>\n<td data-sheets-value=\"{&quot;1&quot;:2,&quot;2&quot;:&quot;* Cr12 (Optional)&quot;}\">* Cr12 (Opcional)<\/td>\n<\/tr>\n<tr>\n<td data-sheets-value=\"{&quot;1&quot;:2,&quot;2&quot;:&quot;Cutting System&quot;}\">Sistema de Corte<\/td>\n<td data-sheets-value=\"{&quot;1&quot;:2,&quot;2&quot;:&quot;Hydraulic Cutting&quot;}\">Corte hidr\u00e1ulico<\/td>\n<td data-sheets-value=\"{&quot;1&quot;:2,&quot;2&quot;:&quot;* Saw Cutting (Optional)&quot;}\">* Corte con sierra (opcional)<\/td>\n<\/tr>\n<tr>\n<td data-sheets-value=\"{&quot;1&quot;:2,&quot;2&quot;:&quot;Frequency Changer Brand&quot;}\">Marca de cambiador de frecuencia<\/td>\n<td data-sheets-value=\"{&quot;1&quot;:2,&quot;2&quot;:&quot;Yaskawa&quot;}\">Yaskawa<\/td>\n<td data-sheets-value=\"{&quot;1&quot;:2,&quot;2&quot;:&quot;* Siemens (Optional)&quot;}\">* Siemens (Opcional)<\/td>\n<\/tr>\n<tr>\n<td data-sheets-value=\"{&quot;1&quot;:2,&quot;2&quot;:&quot;PLC Brand&quot;}\">Marca PLC<\/td>\n<td data-sheets-value=\"{&quot;1&quot;:2,&quot;2&quot;:&quot;Panasonic&quot;}\">panasonic<\/td>\n<td data-sheets-value=\"{&quot;1&quot;:2,&quot;2&quot;:&quot;* Siemens (Optional)&quot;}\">* Siemens (Opcional)<\/td>\n<\/tr>\n<tr>\n<td data-sheets-value=\"{&quot;1&quot;:2,&quot;2&quot;:&quot;Power Supply&quot;}\">Fuente de alimentaci\u00f3n<\/td>\n<td data-sheets-value=\"{&quot;1&quot;:2,&quot;2&quot;:&quot;380V 50Hz 3ph&quot;}\">380V 50Hz trif\u00e1sico<\/td>\n<td data-sheets-value=\"{&quot;1&quot;:2,&quot;2&quot;:&quot;* Or According To Your Requirment&quot;}\">* O seg\u00fan su requisito<\/td>\n<\/tr>\n<tr>\n<td data-sheets-value=\"{&quot;1&quot;:2,&quot;2&quot;:&quot;Machine Color&quot;}\">Color de la m\u00e1quina<\/td>\n<td data-sheets-value=\"{&quot;1&quot;:2,&quot;2&quot;:&quot;Industrial Blue&quot;}\">azul industrial<\/td>\n<td data-sheets-value=\"{&quot;1&quot;:2,&quot;2&quot;:&quot;* Or According To Your Requirment&quot;}\">* O seg\u00fan su requisito<\/td>\n<\/tr>\n<\/tbody>\n<\/table>\n<\/div>\n<h3>Solicitud<\/h3>\n<p><img loading=\"lazy\" decoding=\"async\" class=\"alignnone size-full wp-image-1331\" src=\"https:\/\/swforming.com\/wp-content\/uploads\/2022\/10\/9461bce0-3c2b-40c9-85d1-f9de38d6c4a3-1.png\" alt=\"\" width=\"750\" height=\"455\" title=\"\" srcset=\"https:\/\/swforming.com\/wp-content\/uploads\/2022\/10\/9461bce0-3c2b-40c9-85d1-f9de38d6c4a3-1.png 750w, https:\/\/swforming.com\/wp-content\/uploads\/2022\/10\/9461bce0-3c2b-40c9-85d1-f9de38d6c4a3-1-600x364.png 600w, https:\/\/swforming.com\/wp-content\/uploads\/2022\/10\/9461bce0-3c2b-40c9-85d1-f9de38d6c4a3-1-300x182.png 300w, https:\/\/swforming.com\/wp-content\/uploads\/2022\/10\/9461bce0-3c2b-40c9-85d1-f9de38d6c4a3-1-18x12.png 18w\" sizes=\"(max-width: 750px) 100vw, 750px\" \/><\/p>\n<h3>\u00bfqu\u00e9 es la perfiladora vertical?<\/h3>\n<p>Una perfiladora vertical es un tipo de maquinaria industrial utilizada en la industria metal\u00fargica para dar forma y conformar tiras continuas de metal en los perfiles deseados. Se suele utilizar para producir componentes estructurales con una secci\u00f3n transversal uniforme, como vigas, canales y paneles.<\/p>\n<p>La m\u00e1quina funciona haciendo pasar la banda met\u00e1lica por una serie de rodillos ajustables dispuestos verticalmente. Cada juego de rodillos est\u00e1 dise\u00f1ado para dar forma gradualmente a la banda dobl\u00e1ndola con un contorno espec\u00edfico. Los rodillos se colocan en orden secuencial, y cada juego realiza una operaci\u00f3n espec\u00edfica de doblado o conformado. A medida que la banda met\u00e1lica pasa por la m\u00e1quina, se somete a un proceso de conformado continuo hasta alcanzar el perfil deseado.<\/p>\n<p>Las perfiladoras verticales son conocidas por su eficacia, precisi\u00f3n y altos \u00edndices de producci\u00f3n. Son capaces de manejar varios tipos de metales, incluyendo acero, aluminio y acero inoxidable, con diferentes espesores y anchos. Estas m\u00e1quinas se utilizan ampliamente en industrias como la construcci\u00f3n, la automoci\u00f3n, la aeroespacial y la fabricaci\u00f3n, donde se requieren perfiles met\u00e1licos precisos y consistentes para diferentes aplicaciones.<\/p>\n<h3>\u00bfc\u00f3mo funciona la perfiladora de estanter\u00edas?<\/h3>\n<p>Una maquina perfiladora de estanter\u00eda es un tipo especializado de maquina perfiladora utilizada para producir sistemas de estanter\u00eda, que se utilizan com\u00fanmente para fines de almacenamiento en almacenes, tiendas minoristas y entornos industriales. A continuaci\u00f3n se muestra una visi\u00f3n general de c\u00f3mo funciona normalmente una m\u00e1quina perfiladora de estanter\u00edas:<\/p>\n<ol>\n<li>Carga del material: El proceso comienza cargando una bobina de chapa met\u00e1lica en un desenrollador, que sujeta la bobina y la introduce en la m\u00e1quina. La chapa suele ser de acero o aluminio.<\/li>\n<li>Enderezado y alimentaci\u00f3n: A continuaci\u00f3n, la chapa met\u00e1lica pasa por una unidad de enderezado que elimina cualquier deformaci\u00f3n o curvatura de la bobina, garantizando una banda plana y uniforme. A continuaci\u00f3n, la banda enderezada se introduce en la perfiladora.<\/li>\n<li>Perfiladora: La perfiladora consta de una serie de estaciones de perfilado, normalmente dispuestas en l\u00ednea. Cada estaci\u00f3n dispone de un conjunto de rodillos que moldean gradualmente la banda met\u00e1lica para darle el perfil deseado. Los rodillos est\u00e1n colocados con precisi\u00f3n y dise\u00f1ados para doblar y dar forma a la tira de metal de acuerdo con el perfil de la estanter\u00eda. La banda se gu\u00eda a trav\u00e9s de la m\u00e1quina, y cada estaci\u00f3n contribuye a la forma final del perfil.<\/li>\n<li>Corte: Una vez formada la longitud deseada del perfil de la estanter\u00eda, se activa un mecanismo de corte. Puede ser un cortador volante, una cizalla hidr\u00e1ulica u otro m\u00e9todo de corte, que corta el perfil formado a la longitud deseada.<\/li>\n<li>Apilado y salida: A continuaci\u00f3n, los perfiles de estanter\u00eda cortados suelen apilarse o transportarse a una zona de salida para su posterior procesamiento o envasado. La m\u00e1quina puede incluir mecanismos de apilado o paletizado para facilitar la manipulaci\u00f3n eficiente de los perfiles acabados.<\/li>\n<\/ol>\n<p>Todo el proceso suele estar automatizado, con la m\u00e1quina controlada por un sistema informatizado que controla con precisi\u00f3n la velocidad, el posicionamiento y el funcionamiento de los rodillos y el mecanismo de corte. Esta automatizaci\u00f3n permite obtener altos \u00edndices de producci\u00f3n y una calidad constante de los perfiles de las estanter\u00edas.<\/p>\n<p>Es importante tener en cuenta que el funcionamiento y las caracter\u00edsticas espec\u00edficas de una perfiladora de estanter\u00edas pueden variar en funci\u00f3n del fabricante y de los requisitos de la aplicaci\u00f3n.<\/p>","protected":false},"excerpt":{"rendered":"<p>La maquina perfiladora de estantes verticales de almac\u00e9n tambi\u00e9n llamada maquina perfiladora de estanter\u00eda de paleta (s) es desarrollada para producir bastidor vertical \/ estanter\u00eda vertical. Nuestra maquina perfiladora inteligente puede hacer varios tama\u00f1os de montantes con grosor de 1.5-3.0mm. El proceso de desenrollado, servo alimentaci\u00f3n, punzonado, perfilado, corte, etc. puede ser realizado autom\u00e1ticamente en una l\u00ednea. Mientras tanto, tenemos el rollo que forma la m\u00e1quina para hacer la viga de la caja, la viga del paso y los paneles del estante. Todos estos son componentes del sistema de estanter\u00edas de paletizaci\u00f3n.<\/p>","protected":false},"featured_media":1319,"comment_status":"closed","ping_status":"closed","template":"","meta":{"_acf_changed":false},"product_brand":[],"product_cat":[46,67],"product_tag":[],"class_list":{"0":"post-1318","1":"product","2":"type-product","3":"status-publish","4":"has-post-thumbnail","6":"product_cat-racking-shelving","7":"product_cat-warehouse-shelf-upright-rack-roll-forming-machine","9":"first","10":"instock","11":"shipping-taxable","12":"product-type-simple"},"acf":[],"_links":{"self":[{"href":"https:\/\/swforming.com\/es\/wp-json\/wp\/v2\/product\/1318","targetHints":{"allow":["GET"]}}],"collection":[{"href":"https:\/\/swforming.com\/es\/wp-json\/wp\/v2\/product"}],"about":[{"href":"https:\/\/swforming.com\/es\/wp-json\/wp\/v2\/types\/product"}],"replies":[{"embeddable":true,"href":"https:\/\/swforming.com\/es\/wp-json\/wp\/v2\/comments?post=1318"}],"version-history":[{"count":3,"href":"https:\/\/swforming.com\/es\/wp-json\/wp\/v2\/product\/1318\/revisions"}],"predecessor-version":[{"id":3356,"href":"https:\/\/swforming.com\/es\/wp-json\/wp\/v2\/product\/1318\/revisions\/3356"}],"wp:featuredmedia":[{"embeddable":true,"href":"https:\/\/swforming.com\/es\/wp-json\/wp\/v2\/media\/1319"}],"wp:attachment":[{"href":"https:\/\/swforming.com\/es\/wp-json\/wp\/v2\/media?parent=1318"}],"wp:term":[{"taxonomy":"product_brand","embeddable":true,"href":"https:\/\/swforming.com\/es\/wp-json\/wp\/v2\/product_brand?post=1318"},{"taxonomy":"product_cat","embeddable":true,"href":"https:\/\/swforming.com\/es\/wp-json\/wp\/v2\/product_cat?post=1318"},{"taxonomy":"product_tag","embeddable":true,"href":"https:\/\/swforming.com\/es\/wp-json\/wp\/v2\/product_tag?post=1318"}],"curies":[{"name":"wp","href":"https:\/\/api.w.org\/{rel}","templated":true}]}}