{"id":1306,"date":"2022-10-14T07:51:38","date_gmt":"2022-10-14T07:51:38","guid":{"rendered":"https:\/\/swforming.com\/?post_type=product&#038;p=1306"},"modified":"2023-06-14T07:21:31","modified_gmt":"2023-06-14T07:21:31","slug":"electrical-cabinet-frame-roll-forming-machine","status":"publish","type":"product","link":"https:\/\/swforming.com\/es\/product\/electrical-cabinet-frame-roll-forming-machine\/","title":{"rendered":"M\u00e1quina formadora de rollos de marco de gabinete el\u00e9ctrico"},"content":{"rendered":"<p><img fetchpriority=\"high\" decoding=\"async\" class=\"alignnone wp-image-1313 size-full\" src=\"https:\/\/swforming.com\/wp-content\/uploads\/2022\/10\/6a423455-9876-49b8-a72c-3f48a6aad993.jpg\" alt=\"M\u00e1quina formadora de rollos de marco de gabinete el\u00e9ctrico\" width=\"750\" height=\"900\" title=\"\" srcset=\"https:\/\/swforming.com\/wp-content\/uploads\/2022\/10\/6a423455-9876-49b8-a72c-3f48a6aad993.jpg 750w, https:\/\/swforming.com\/wp-content\/uploads\/2022\/10\/6a423455-9876-49b8-a72c-3f48a6aad993-600x720.jpg 600w, https:\/\/swforming.com\/wp-content\/uploads\/2022\/10\/6a423455-9876-49b8-a72c-3f48a6aad993-250x300.jpg 250w, https:\/\/swforming.com\/wp-content\/uploads\/2022\/10\/6a423455-9876-49b8-a72c-3f48a6aad993-10x12.jpg 10w\" sizes=\"(max-width: 750px) 100vw, 750px\" \/><\/p>\n<p>La m\u00e1quina perfiladora de marco de armario el\u00e9ctrico se utiliza para producir varios bastidores para el armario el\u00e9ctrico, tales como 17 perfiles laterales, perfiles laterales, nueve perfiles plegables, 9 13 16-Perfil met\u00e1lico plegable rittal baying recinto, etc. Es una columna y provista de al menos una ranura de sellado. El conector angular est\u00e1 dise\u00f1ado en forma de coordenadas tridimensionales. La ranura coincide con la columna y la ranura de sellado en la viga. Las ventajas son una mayor resistencia estructural y una mejor protecci\u00f3n del armario, que mejoran la sustituci\u00f3n de los productos el\u00e9ctricos y la seguridad de los operarios.<\/p>\n<p>La f\u00e1brica el\u00e9ctrica autom\u00e1tica usando el rollo del marco del gabinete que forma la m\u00e1quina con la soldadura para el estante el\u00e9ctrico del gabinete, el polo electr\u00f3nico de la caja, el marco del caso del metal que usando en el sistema del interruptor, el edificio del panel de la baja tensi\u00f3n, los instrumentos el\u00e9ctricos etc. del gabinete de control.<\/p>\n<p>En las industrias el\u00e9ctricas y de energ\u00eda, somos capaces de fabricar m\u00e1s m\u00e1quinas relacionadas como la m\u00e1quina perfiladora de canal de puntal solar, la m\u00e1quina perfiladora de carril DIN y la m\u00e1quina perfiladora de caja de caja el\u00e9ctrica, etc.<\/p>\n<p>Realizamos diferentes soluciones seg\u00fan el dibujo, la tolerancia y el presupuesto del cliente, ofreciendo un servicio profesional personalizado, adaptable a todas sus necesidades. Sea cual sea la l\u00ednea que elija, la calidad de SUNWAY Machinery le garantizar\u00e1 la obtenci\u00f3n de perfiles perfectamente funcionales.<\/p>\n<h3>Dibujos de perfil<\/h3>\n<p><img decoding=\"async\" class=\"alignnone size-full wp-image-1314\" src=\"https:\/\/swforming.com\/wp-content\/uploads\/2022\/10\/9e09a369-22b1-4f7c-9fd8-656456aa427b.jpg\" alt=\"\" width=\"750\" height=\"708\" title=\"\" srcset=\"https:\/\/swforming.com\/wp-content\/uploads\/2022\/10\/9e09a369-22b1-4f7c-9fd8-656456aa427b.jpg 750w, https:\/\/swforming.com\/wp-content\/uploads\/2022\/10\/9e09a369-22b1-4f7c-9fd8-656456aa427b-600x566.jpg 600w, https:\/\/swforming.com\/wp-content\/uploads\/2022\/10\/9e09a369-22b1-4f7c-9fd8-656456aa427b-300x283.jpg 300w, https:\/\/swforming.com\/wp-content\/uploads\/2022\/10\/9e09a369-22b1-4f7c-9fd8-656456aa427b-13x12.jpg 13w\" sizes=\"(max-width: 750px) 100vw, 750px\" \/><\/p>\n<p><img decoding=\"async\" class=\"alignnone size-full wp-image-1315\" src=\"https:\/\/swforming.com\/wp-content\/uploads\/2022\/10\/eefb7495-b5a3-43a3-af38-9037b5cf6565.png\" alt=\"\" width=\"750\" height=\"372\" title=\"\" srcset=\"https:\/\/swforming.com\/wp-content\/uploads\/2022\/10\/eefb7495-b5a3-43a3-af38-9037b5cf6565.png 750w, https:\/\/swforming.com\/wp-content\/uploads\/2022\/10\/eefb7495-b5a3-43a3-af38-9037b5cf6565-600x298.png 600w, https:\/\/swforming.com\/wp-content\/uploads\/2022\/10\/eefb7495-b5a3-43a3-af38-9037b5cf6565-300x149.png 300w, https:\/\/swforming.com\/wp-content\/uploads\/2022\/10\/eefb7495-b5a3-43a3-af38-9037b5cf6565-18x9.png 18w\" sizes=\"(max-width: 750px) 100vw, 750px\" \/><\/p>\n<h3>L\u00ednea de producci\u00f3n<\/h3>\n<p><img loading=\"lazy\" decoding=\"async\" class=\"alignnone size-full wp-image-1300\" src=\"https:\/\/swforming.com\/wp-content\/uploads\/2022\/10\/H15987165261e40ce88b47bd20de3f01cp.webp\" alt=\"\" width=\"1748\" height=\"1228\" title=\"\" srcset=\"https:\/\/swforming.com\/wp-content\/uploads\/2022\/10\/H15987165261e40ce88b47bd20de3f01cp.webp 1748w, https:\/\/swforming.com\/wp-content\/uploads\/2022\/10\/H15987165261e40ce88b47bd20de3f01cp-600x422.webp 600w, https:\/\/swforming.com\/wp-content\/uploads\/2022\/10\/H15987165261e40ce88b47bd20de3f01cp-300x211.webp 300w, https:\/\/swforming.com\/wp-content\/uploads\/2022\/10\/H15987165261e40ce88b47bd20de3f01cp-1024x719.webp 1024w, https:\/\/swforming.com\/wp-content\/uploads\/2022\/10\/H15987165261e40ce88b47bd20de3f01cp-768x540.webp 768w, https:\/\/swforming.com\/wp-content\/uploads\/2022\/10\/H15987165261e40ce88b47bd20de3f01cp-1536x1079.webp 1536w, https:\/\/swforming.com\/wp-content\/uploads\/2022\/10\/H15987165261e40ce88b47bd20de3f01cp-18x12.webp 18w\" sizes=\"(max-width: 1748px) 100vw, 1748px\" \/><\/p>\n<h3>Detalles de la m\u00e1quina perfiladora de armarios el\u00e9ctricos<\/h3>\n<p><img loading=\"lazy\" decoding=\"async\" class=\"alignnone size-full wp-image-1316\" src=\"https:\/\/swforming.com\/wp-content\/uploads\/2022\/10\/154709.png\" alt=\"\" width=\"750\" height=\"959\" title=\"\" srcset=\"https:\/\/swforming.com\/wp-content\/uploads\/2022\/10\/154709.png 750w, https:\/\/swforming.com\/wp-content\/uploads\/2022\/10\/154709-600x767.png 600w, https:\/\/swforming.com\/wp-content\/uploads\/2022\/10\/154709-235x300.png 235w, https:\/\/swforming.com\/wp-content\/uploads\/2022\/10\/154709-9x12.png 9w\" sizes=\"(max-width: 750px) 100vw, 750px\" \/><\/p>\n<h3>Par\u00e1metros de la m\u00e1quina perfiladora de armarios el\u00e9ctricos<\/h3>\n<div style=\"overflow-x: auto;\">\n<table>\n<tbody>\n<tr>\n<td style=\"text-align: center;\" colspan=\"3\" rowspan=\"1\" data-sheets-value=\"{&quot;1&quot;:2,&quot;2&quot;:&quot;Electrical Cabinet Frame Roll Forming Machine&quot;}\"><strong>M\u00e1quina formadora de rollos de marco de gabinete el\u00e9ctrico<\/strong><\/td>\n<\/tr>\n<tr>\n<td colspan=\"1\" rowspan=\"2\" data-sheets-value=\"{&quot;1&quot;:2,&quot;2&quot;:&quot;Machinable Material&quot;}\">\n<div>Material mecanizable<\/div>\n<\/td>\n<td data-sheets-value=\"{&quot;1&quot;:2,&quot;2&quot;:&quot;A) Galvanized Steel&quot;}\">A) Acero Galvanizado<\/td>\n<td colspan=\"1\" rowspan=\"2\" data-sheets-value=\"{&quot;1&quot;:2,&quot;2&quot;:&quot;Thickness(MM): 1.0-2.0 or as per customer&quot;}\">\n<div>Espesor (MM): 1,0-2,0 o seg\u00fan cliente<\/div>\n<\/td>\n<\/tr>\n<tr>\n<td data-sheets-value=\"{&quot;1&quot;:2,&quot;2&quot;:&quot;B) Stainless Steel&quot;}\">B) Acero inoxidable<\/td>\n<\/tr>\n<tr>\n<td data-sheets-value=\"{&quot;1&quot;:2,&quot;2&quot;:&quot;Yield Strength&quot;}\">L\u00edmite el\u00e1stico<\/td>\n<td colspan=\"2\" rowspan=\"1\" data-sheets-value=\"{&quot;1&quot;:2,&quot;2&quot;:&quot;250 - 550 Mpa&quot;}\">250 \u2013 550 MPa<\/td>\n<\/tr>\n<tr>\n<td data-sheets-value=\"{&quot;1&quot;:2,&quot;2&quot;:&quot;Tensil Stress&quot;}\">Estr\u00e9s de tracci\u00f3n<\/td>\n<td colspan=\"2\" rowspan=\"1\" data-sheets-value=\"{&quot;1&quot;:2,&quot;2&quot;:&quot;G250 Mpa-G550 Mpa&quot;}\">G250 MPa-G550 MPa<\/td>\n<\/tr>\n<tr>\n<td data-sheets-value=\"{&quot;1&quot;:2,&quot;2&quot;:&quot;Decoiler&quot;}\">desbobinador<\/td>\n<td data-sheets-value=\"{&quot;1&quot;:2,&quot;2&quot;:&quot;Manual Decoiler&quot;}\">Desenrollador Manual<\/td>\n<td data-sheets-value=\"{&quot;1&quot;:2,&quot;2&quot;:&quot;* Hydraulic Decoiler (Optional)&quot;}\">* Desenrollador Hidr\u00e1ulico (Opcional)<\/td>\n<\/tr>\n<tr>\n<td data-sheets-value=\"{&quot;1&quot;:2,&quot;2&quot;:&quot;Punching System&quot;}\">Sistema de punzonado<\/td>\n<td data-sheets-value=\"{&quot;1&quot;:2,&quot;2&quot;:&quot;Hydraulic Punching Station&quot;}\">Estaci\u00f3n de punzonado hidr\u00e1ulico<\/td>\n<td data-sheets-value=\"{&quot;1&quot;:2,&quot;2&quot;:&quot;* Punching Press (Optional)&quot;}\">* Punzonadora (Opcional)<\/td>\n<\/tr>\n<tr>\n<td data-sheets-value=\"{&quot;1&quot;:2,&quot;2&quot;:&quot;Forming Station&quot;}\">Estaci\u00f3n de formaci\u00f3n<\/td>\n<td data-sheets-value=\"{&quot;1&quot;:2,&quot;2&quot;:&quot;More than 30 Stands&quot;}\">M\u00e1s de 30 stands<\/td>\n<td data-sheets-value=\"{&quot;1&quot;:2,&quot;2&quot;:&quot;* According To Your Profile Drawings&quot;}\">* Seg\u00fan sus dibujos de perfil<\/td>\n<\/tr>\n<tr>\n<td data-sheets-value=\"{&quot;1&quot;:2,&quot;2&quot;:&quot;Driving System&quot;}\">Sistema de conducci\u00f3n<\/td>\n<td data-sheets-value=\"{&quot;1&quot;:2,&quot;2&quot;:&quot;Chain Drive&quot;}\">Transmisi\u00f3n por cadena<\/td>\n<td data-sheets-value=\"{&quot;1&quot;:2,&quot;2&quot;:&quot;* Gearbox Drive (Optional)&quot;}\">* Transmisi\u00f3n de caja de cambios (opcional)<\/td>\n<\/tr>\n<tr>\n<td data-sheets-value=\"{&quot;1&quot;:2,&quot;2&quot;:&quot;Machine Structure&quot;}\">Estructura de la m\u00e1quina<\/td>\n<td data-sheets-value=\"{&quot;1&quot;:2,&quot;2&quot;:&quot;Wall Panel Station&quot;}\">Estaci\u00f3n de paneles de pared<\/td>\n<td data-sheets-value=\"{&quot;1&quot;:2,&quot;2&quot;:&quot;* Cast Iron (Optional)&quot;}\">* Hierro fundido (opcional)<\/td>\n<\/tr>\n<tr>\n<td data-sheets-value=\"{&quot;1&quot;:2,&quot;2&quot;:&quot;Forming Speed&quot;}\">Velocidad de formaci\u00f3n<\/td>\n<td data-sheets-value=\"{&quot;1&quot;:2,&quot;2&quot;:&quot;5-15 (M\/MIN)&quot;}\">5-15 (M\/MIN)<\/td>\n<td data-sheets-value=\"{&quot;1&quot;:2,&quot;2&quot;:&quot;* Or According To Your Profile Drawings&quot;}\">* O seg\u00fan sus dibujos de perfil<\/td>\n<\/tr>\n<tr>\n<td data-sheets-value=\"{&quot;1&quot;:2,&quot;2&quot;:&quot;Rollers\u2019 Material&quot;}\">Material de los rodillos<\/td>\n<td data-sheets-value=\"{&quot;1&quot;:2,&quot;2&quot;:&quot;GCr 15&quot;}\">GCr 15<\/td>\n<td data-sheets-value=\"{&quot;1&quot;:2,&quot;2&quot;:&quot;* Cr12 (Optional)&quot;}\">* Cr12 (Opcional)<\/td>\n<\/tr>\n<tr>\n<td data-sheets-value=\"{&quot;1&quot;:2,&quot;2&quot;:&quot;Cutting System&quot;}\">Sistema de Corte<\/td>\n<td data-sheets-value=\"{&quot;1&quot;:2,&quot;2&quot;:&quot;Hydraulic Cutting&quot;}\">Corte hidr\u00e1ulico<\/td>\n<td data-sheets-value=\"{&quot;1&quot;:2,&quot;2&quot;:&quot;* Saw Cutting (Optional)&quot;}\">* Corte con sierra (opcional)<\/td>\n<\/tr>\n<tr>\n<td data-sheets-value=\"{&quot;1&quot;:2,&quot;2&quot;:&quot;Frequency Changer Brand&quot;}\">Marca de cambiador de frecuencia<\/td>\n<td data-sheets-value=\"{&quot;1&quot;:2,&quot;2&quot;:&quot;Yaskawa&quot;}\">Yaskawa<\/td>\n<td data-sheets-value=\"{&quot;1&quot;:2,&quot;2&quot;:&quot;* Siemens (Optional)&quot;}\">* Siemens (Opcional)<\/td>\n<\/tr>\n<tr>\n<td data-sheets-value=\"{&quot;1&quot;:2,&quot;2&quot;:&quot;PLC Brand&quot;}\">Marca PLC<\/td>\n<td data-sheets-value=\"{&quot;1&quot;:2,&quot;2&quot;:&quot;Panasonic&quot;}\">panasonic<\/td>\n<td data-sheets-value=\"{&quot;1&quot;:2,&quot;2&quot;:&quot;* Siemens (Optional)&quot;}\">* Siemens (Opcional)<\/td>\n<\/tr>\n<tr>\n<td data-sheets-value=\"{&quot;1&quot;:2,&quot;2&quot;:&quot;Power Supply&quot;}\">Fuente de alimentaci\u00f3n<\/td>\n<td data-sheets-value=\"{&quot;1&quot;:2,&quot;2&quot;:&quot;380V 50Hz 3ph&quot;}\">380V 50Hz trif\u00e1sico<\/td>\n<td data-sheets-value=\"{&quot;1&quot;:2,&quot;2&quot;:&quot;* Or According To Your Requirment&quot;}\">* O seg\u00fan su requisito<\/td>\n<\/tr>\n<tr>\n<td data-sheets-value=\"{&quot;1&quot;:2,&quot;2&quot;:&quot;Machine Color&quot;}\">Color de la m\u00e1quina<\/td>\n<td data-sheets-value=\"{&quot;1&quot;:2,&quot;2&quot;:&quot;Industrial Blue&quot;}\">azul industrial<\/td>\n<td data-sheets-value=\"{&quot;1&quot;:2,&quot;2&quot;:&quot;* Or According To Your Requirment&quot;}\">* O seg\u00fan su requisito<\/td>\n<\/tr>\n<\/tbody>\n<\/table>\n<\/div>\n<h3>Solicitud<\/h3>\n<p><img loading=\"lazy\" decoding=\"async\" class=\"alignnone size-full wp-image-1317\" src=\"https:\/\/swforming.com\/wp-content\/uploads\/2022\/10\/e49e0137-6060-4ed3-acf4-54db26e8d82d.png\" alt=\"\" width=\"750\" height=\"300\" title=\"\" srcset=\"https:\/\/swforming.com\/wp-content\/uploads\/2022\/10\/e49e0137-6060-4ed3-acf4-54db26e8d82d.png 750w, https:\/\/swforming.com\/wp-content\/uploads\/2022\/10\/e49e0137-6060-4ed3-acf4-54db26e8d82d-600x240.png 600w, https:\/\/swforming.com\/wp-content\/uploads\/2022\/10\/e49e0137-6060-4ed3-acf4-54db26e8d82d-300x120.png 300w, https:\/\/swforming.com\/wp-content\/uploads\/2022\/10\/e49e0137-6060-4ed3-acf4-54db26e8d82d-18x7.png 18w\" sizes=\"(max-width: 750px) 100vw, 750px\" \/><\/p>\n<h3>\u00bfQu\u00e9 es la perfiladora de marcos de puertas?<\/h3>\n<p>Una perfiladora de marcos de puertas es un tipo de maquinaria industrial utilizada para fabricar marcos de puertas mediante un proceso denominado perfilado. El perfilado es una operaci\u00f3n de doblado continuo en la que una tira larga de metal, normalmente acero o aluminio, se hace pasar por una serie de rodillos para darle gradualmente la forma deseada.<\/p>\n<p>La m\u00e1quina perfiladora de marcos de puertas consta de varios componentes, entre los que se incluyen:<\/p>\n<ol>\n<li>Desbobinador: Este componente sujeta la bobina met\u00e1lica y la introduce en la m\u00e1quina.<\/li>\n<li>Nivelador: Endereza la banda met\u00e1lica para garantizar una alimentaci\u00f3n uniforme en el proceso de perfilado.<\/li>\n<li>Rodillos: Son los componentes principales de la m\u00e1quina. Est\u00e1n dise\u00f1ados con contornos y patrones espec\u00edficos para doblar y dar forma gradualmente a la tira de metal en el perfil de marco de puerta deseado. Los rodillos suelen estar dispuestos en serie y cada uno realiza una operaci\u00f3n de doblado espec\u00edfica.<\/li>\n<li>Sistema de corte: Una vez que la banda met\u00e1lica se ha conformado con la forma del marco de la puerta, se utiliza el sistema de corte para cortar el perfil en las longitudes deseadas.<\/li>\n<li>Sistema de control: Este componente incluye controles electr\u00f3nicos, sensores y software para regular la velocidad, la longitud y otros par\u00e1metros del proceso de perfilado.<\/li>\n<\/ol>\n<p>Las perfiladoras de marcos de puertas pueden producir marcos de puertas de varios tama\u00f1os, perfiles y dise\u00f1os, dependiendo de los requisitos espec\u00edficos. Se utilizan ampliamente en la industria manufacturera para producir marcos de puertas para aplicaciones residenciales, comerciales e industriales. El proceso de perfilado ofrece una alta eficiencia, precisi\u00f3n y rentabilidad en la producci\u00f3n de marcos de puertas consistentes y de alta calidad.<\/p>\n<h3>aplicaci\u00f3n m\u00e1quina perfiladora de marcos de puertas met\u00e1licas?<\/h3>\n<p>Una m\u00e1quina perfiladora de marcos de puertas met\u00e1licas se utiliza para la producci\u00f3n de marcos de puertas met\u00e1licas, que son componentes esenciales de edificios y estructuras. Estas son algunas aplicaciones comunes de los marcos de puertas met\u00e1licas y c\u00f3mo la perfiladora contribuye a su producci\u00f3n:<\/p>\n<ol>\n<li>Edificios residenciales: Los marcos de puertas met\u00e1licas se utilizan ampliamente en edificios residenciales como casas, apartamentos y condominios. La perfiladora permite fabricar con eficacia y precisi\u00f3n marcos de puertas de distintos tama\u00f1os y dise\u00f1os para adaptarse a diferentes estilos y preferencias arquitect\u00f3nicas.<\/li>\n<li>Edificios comerciales: Los marcos met\u00e1licos para puertas se encuentran habitualmente en edificios comerciales como oficinas, tiendas, hoteles y hospitales. Estos marcos proporcionan durabilidad, seguridad y atractivo est\u00e9tico. La perfiladora permite la producci\u00f3n en serie de marcos de puertas con una calidad y precisi\u00f3n dimensional constantes, lo que satisface las exigencias de los proyectos de construcci\u00f3n comercial.<\/li>\n<li>Instalaciones industriales: Los edificios industriales, almacenes, f\u00e1bricas y otras instalaciones industriales a menudo requieren marcos de puertas met\u00e1licas robustos y resistentes. La perfiladora puede trabajar con metales m\u00e1s gruesos y resistentes, lo que permite fabricar marcos de puertas capaces de soportar entornos hostiles y un uso intensivo.<\/li>\n<li>Edificios institucionales: Los marcos met\u00e1licos para puertas tambi\u00e9n se utilizan en edificios institucionales como escuelas, universidades, oficinas gubernamentales e instalaciones sanitarias. Estos marcos proporcionan estabilidad, resistencia al fuego y seguridad. La perfiladora garantiza la fabricaci\u00f3n eficiente de marcos de puertas que cumplan los requisitos y normativas espec\u00edficos de estas instituciones.<\/li>\n<li>Proyectos de renovaci\u00f3n y modernizaci\u00f3n: Los marcos de puertas met\u00e1licos se utilizan a menudo en proyectos de renovaci\u00f3n y adaptaci\u00f3n para sustituir marcos de puertas viejos o da\u00f1ados. La perfiladora permite fabricar marcos de puerta personalizados que se adaptan a los dise\u00f1os arquitect\u00f3nicos existentes, garantizando una integraci\u00f3n perfecta con la est\u00e9tica general del edificio.<\/li>\n<\/ol>\n<p>En general, la m\u00e1quina perfiladora de marcos de puertas met\u00e1licas desempe\u00f1a un papel crucial en la industria de la construcci\u00f3n al permitir la producci\u00f3n en masa de marcos de puertas de alta calidad, precisos y duraderos para una amplia gama de aplicaciones.<\/p>\n<h3>\u00bfC\u00f3mo funciona la perfiladora de marcos de puertas de acero?<\/h3>\n<p>Una perfiladora de marcos de puertas de acero sigue una serie de pasos para transformar una bobina de acero en un marco de puerta de acero acabado. A continuaci\u00f3n se ofrece una descripci\u00f3n general del funcionamiento de la m\u00e1quina:<\/p>\n<ol>\n<li>Carga de bobinas: La m\u00e1quina comienza cargando una bobina de acero en el desenrollador, que mantiene la bobina en su sitio. La bobina suele ser de acero galvanizado o laminado en fr\u00edo y sirve como materia prima para el marco de la puerta.<\/li>\n<li>Enderezado del material: La banda de acero de la bobina pasa por un proceso de nivelaci\u00f3n y enderezamiento. Esto garantiza que el fleje est\u00e9 plano y sin deformaciones ni dobleces, lo que permite una alimentaci\u00f3n uniforme a la secci\u00f3n de perfilado.<\/li>\n<li>Perfilado: El fleje de acero enderezado se introduce en la secci\u00f3n de perfilado, que consta de una serie de rodillos. Cada rodillo se dise\u00f1a cuidadosamente con contornos y patrones espec\u00edficos para doblar y dar forma gradualmente al fleje en el perfil de marco de puerta deseado. El fleje es guiado a trav\u00e9s de los rodillos, y cada rodillo realiza una operaci\u00f3n de doblado espec\u00edfica.<\/li>\n<li>Corte y medici\u00f3n de la longitud: Una vez que el fleje de acero se ha conformado en la forma del marco de la puerta, se emplea un sistema de corte para cortar el perfil continuo en longitudes individuales de marco de puerta. El sistema de corte puede ser una cizalla o una sierra de corte volante, dependiendo del dise\u00f1o y las capacidades de la m\u00e1quina. Al mismo tiempo, un sistema de medici\u00f3n de longitudes garantiza un corte preciso y uniforme de las secciones del marco de la puerta.<\/li>\n<li>Salida y apilado: Tras el proceso de corte, las secciones acabadas del marco de acero de la puerta se descargan de la m\u00e1quina. Pueden recogerse y apilarse en una cinta transportadora o en una zona designada para su posterior procesamiento, embalaje o transporte.<\/li>\n<li>Sistema de Control: A lo largo de todo el proceso, la m\u00e1quina perfiladora de marcos de puertas de acero est\u00e1 controlada por un sistema de control integrado. Este sistema regula la velocidad de la m\u00e1quina, controla los movimientos de los rodillos, supervisa la alimentaci\u00f3n y el corte del material y garantiza la precisi\u00f3n y exactitud generales del proceso de fabricaci\u00f3n.<\/li>\n<\/ol>\n<p>Es importante tener en cuenta que el dise\u00f1o y la configuraci\u00f3n espec\u00edficos de una perfiladora de marcos de puertas de acero pueden variar en funci\u00f3n del fabricante y del perfil de marco de puerta deseado. Sin embargo, los principios fundamentales de alimentaci\u00f3n de material, perfilado, corte y control siguen siendo los mismos.<\/p>","protected":false},"excerpt":{"rendered":"<p>La m\u00e1quina perfiladora de marco de armario el\u00e9ctrico se utiliza para producir varios bastidores para el armario el\u00e9ctrico, tales como 17 perfiles laterales, perfiles laterales, nueve perfiles plegables, 9 13 16-Perfil met\u00e1lico plegable rittal baying recinto, etc. Es una columna y provista de al menos una ranura de sellado. El conector angular est\u00e1 dise\u00f1ado en forma de coordenadas tridimensionales. La ranura coincide con la columna y la ranura de sellado en la viga. Las ventajas son una mayor resistencia estructural y una mejor protecci\u00f3n del armario, que mejoran la sustituci\u00f3n de los productos el\u00e9ctricos y la seguridad de los operarios.<\/p>","protected":false},"featured_media":1307,"comment_status":"closed","ping_status":"closed","template":"","meta":{"_acf_changed":false},"product_brand":[],"product_cat":[18,58],"product_tag":[],"class_list":{"0":"post-1306","1":"product","2":"type-product","3":"status-publish","4":"has-post-thumbnail","6":"product_cat-electric-energy","7":"product_cat-electric-cabinet-frame-roll-forming-machine","9":"first","10":"instock","11":"shipping-taxable","12":"product-type-simple"},"acf":[],"_links":{"self":[{"href":"https:\/\/swforming.com\/es\/wp-json\/wp\/v2\/product\/1306","targetHints":{"allow":["GET"]}}],"collection":[{"href":"https:\/\/swforming.com\/es\/wp-json\/wp\/v2\/product"}],"about":[{"href":"https:\/\/swforming.com\/es\/wp-json\/wp\/v2\/types\/product"}],"replies":[{"embeddable":true,"href":"https:\/\/swforming.com\/es\/wp-json\/wp\/v2\/comments?post=1306"}],"version-history":[{"count":3,"href":"https:\/\/swforming.com\/es\/wp-json\/wp\/v2\/product\/1306\/revisions"}],"predecessor-version":[{"id":3232,"href":"https:\/\/swforming.com\/es\/wp-json\/wp\/v2\/product\/1306\/revisions\/3232"}],"wp:featuredmedia":[{"embeddable":true,"href":"https:\/\/swforming.com\/es\/wp-json\/wp\/v2\/media\/1307"}],"wp:attachment":[{"href":"https:\/\/swforming.com\/es\/wp-json\/wp\/v2\/media?parent=1306"}],"wp:term":[{"taxonomy":"product_brand","embeddable":true,"href":"https:\/\/swforming.com\/es\/wp-json\/wp\/v2\/product_brand?post=1306"},{"taxonomy":"product_cat","embeddable":true,"href":"https:\/\/swforming.com\/es\/wp-json\/wp\/v2\/product_cat?post=1306"},{"taxonomy":"product_tag","embeddable":true,"href":"https:\/\/swforming.com\/es\/wp-json\/wp\/v2\/product_tag?post=1306"}],"curies":[{"name":"wp","href":"https:\/\/api.w.org\/{rel}","templated":true}]}}