{"id":1105,"date":"2022-09-29T09:31:29","date_gmt":"2022-09-29T09:31:29","guid":{"rendered":"https:\/\/swforming.com\/?post_type=product&#038;p=1105"},"modified":"2026-03-12T00:40:49","modified_gmt":"2026-03-12T00:40:49","slug":"full-automatic-quick-change-z-purlin-roll-forming-machine","status":"publish","type":"product","link":"https:\/\/swforming.com\/es\/product\/full-automatic-quick-change-z-purlin-roll-forming-machine\/","title":{"rendered":"M\u00e1quina perfiladora de correas CZ de cambio r\u00e1pido completamente autom\u00e1tica"},"content":{"rendered":"<h3>M\u00e1quina perfiladora de correas C Z Caracter\u00edsticas<\/h3>\n<p>La perfiladora intercambiable de correas C\/Z puede producir perfiles C, Z. Produce la correa C y Z intercambiando un lado del rodillo hacia arriba y hacia abajo, s\u00f3lo necesita alrededor de media hora. Esta m\u00e1quina tambi\u00e9n puede ajustar la distancia horizontal del rodillo para lograr correas C o Z del ancho con alta precisi\u00f3n autom\u00e1tica. Y tambi\u00e9n ahorrar tiempo y aumentar la producci\u00f3n.<\/p>\n<h3>M\u00e1quina perfiladora de correas C Z Aplicaciones<\/h3>\n<p>Los productos terminados son ampliamente utilizados como soporte de techos y paredes en construcciones a gran y mediana escala, como f\u00e1bricas, almacenes, garajes, centros de exposiciones, cines, teatros, jardines, etc.<\/p>\n<h3>M\u00e1quina perfiladora de correas C Z Flujo del proceso<\/h3>\n<p>Desenrollador \u2014 Alimentaci\u00f3n \u2014 Enderezado \u2014 Perforaci\u00f3n previa \u2014 Corte previo \u2014 Formaci\u00f3n de rollos \u2014 Rejilla de salida<\/p>\n<h3>Configuraciones de la m\u00e1quina<\/h3>\n<div>\n<table>\n<tbody>\n<tr>\n<td data-sheets-value=\"{&quot;1&quot;:2,&quot;2&quot;:&quot;1. Hydraulic Uncoiler&quot;}\">1. Desenrollador hidr\u00e1ulico<\/td>\n<td data-sheets-value=\"{&quot;1&quot;:2,&quot;2&quot;:&quot;2. Feeding Device&quot;}\">\n<div>\n<div>2. Dispositivo de alimentaci\u00f3n<\/div>\n<\/div>\n<\/td>\n<\/tr>\n<tr>\n<td data-sheets-value=\"{&quot;1&quot;:2,&quot;2&quot;:&quot;3. Straightening&quot;}\">3. Alisado<\/td>\n<td data-sheets-value=\"{&quot;1&quot;:2,&quot;2&quot;:&quot;4. Roll Forming Machine&quot;}\">\n<div>\n<div>4. M\u00e1quina formadora de rollos<\/div>\n<\/div>\n<\/td>\n<\/tr>\n<tr>\n<td data-sheets-value=\"{&quot;1&quot;:2,&quot;2&quot;:&quot;5. Post Punching&quot;}\">5. Perforaci\u00f3n de postes<\/td>\n<td data-sheets-value=\"{&quot;1&quot;:2,&quot;2&quot;:&quot;6. Post Cutting&quot;}\">6. Posterior al corte<\/td>\n<\/tr>\n<tr>\n<td data-sheets-value=\"{&quot;1&quot;:2,&quot;2&quot;:&quot;7. PLC Control System&quot;}\">7. Sistema de Control PLC<\/td>\n<td data-sheets-value=\"{&quot;1&quot;:2,&quot;2&quot;:&quot;8. Exit Rack&quot;}\">8. Rejilla de salida<\/td>\n<\/tr>\n<\/tbody>\n<\/table>\n<h3>Dibujos de perfil para referencia<\/h3>\n<p><img fetchpriority=\"high\" decoding=\"async\" class=\"alignnone wp-image-1020 size-full\" src=\"https:\/\/swforming.com\/wp-content\/uploads\/2022\/09\/477b6a83-7ba2-4950-a407-cdc17bf75ae9.jpg\" alt=\"M\u00e1quina perfiladora de correas CZ\" width=\"800\" height=\"355\" title=\"\" srcset=\"https:\/\/swforming.com\/wp-content\/uploads\/2022\/09\/477b6a83-7ba2-4950-a407-cdc17bf75ae9.jpg 800w, https:\/\/swforming.com\/wp-content\/uploads\/2022\/09\/477b6a83-7ba2-4950-a407-cdc17bf75ae9-600x266.jpg 600w, https:\/\/swforming.com\/wp-content\/uploads\/2022\/09\/477b6a83-7ba2-4950-a407-cdc17bf75ae9-300x133.jpg 300w, https:\/\/swforming.com\/wp-content\/uploads\/2022\/09\/477b6a83-7ba2-4950-a407-cdc17bf75ae9-768x341.jpg 768w\" sizes=\"(max-width: 800px) 100vw, 800px\" \/><\/p>\n<div>\n<table>\n<tbody>\n<tr>\n<td><\/td>\n<td colspan=\"6\" rowspan=\"1\" data-sheets-value=\"{&quot;1&quot;:2,&quot;2&quot;:&quot;C Purlin Section Size&quot;}\">Tama\u00f1o de la secci\u00f3n de la correa C<\/td>\n<td><\/td>\n<\/tr>\n<tr>\n<td colspan=\"1\" rowspan=\"2\" data-sheets-value=\"{&quot;1&quot;:2,&quot;2&quot;:&quot;Model&quot;}\">\n<div>Modelo<\/div>\n<\/td>\n<td colspan=\"5\" rowspan=\"1\" data-sheets-value=\"{&quot;1&quot;:2,&quot;2&quot;:&quot;Section Size (mm)&quot;}\">Tama\u00f1o de la secci\u00f3n (mm)<\/td>\n<td data-sheets-value=\"{&quot;1&quot;:2,&quot;2&quot;:&quot;Hole Distance&quot;}\">Distancia del agujero<\/td>\n<td colspan=\"1\" rowspan=\"2\" data-sheets-value=\"{&quot;1&quot;:2,&quot;2&quot;:&quot;Remark&quot;}\">\n<div>Observaci\u00f3n<\/div>\n<\/td>\n<\/tr>\n<tr>\n<td data-sheets-value=\"{&quot;1&quot;:2,&quot;2&quot;:&quot;H&quot;}\">H<\/td>\n<td data-sheets-value=\"{&quot;1&quot;:2,&quot;2&quot;:&quot;B&quot;}\">B<\/td>\n<td data-sheets-value=\"{&quot;1&quot;:2,&quot;2&quot;:&quot;B&quot;}\">B<\/td>\n<td data-sheets-value=\"{&quot;1&quot;:2,&quot;2&quot;:&quot;C&quot;}\">C<\/td>\n<td data-sheets-value=\"{&quot;1&quot;:2,&quot;2&quot;:&quot;t&quot;}\">t<\/td>\n<td data-sheets-value=\"{&quot;1&quot;:2,&quot;2&quot;:&quot;h&quot;}\">h<\/td>\n<\/tr>\n<tr>\n<td data-sheets-value=\"{&quot;1&quot;:2,&quot;2&quot;:&quot;C100&quot;}\">C100<\/td>\n<td data-sheets-value=\"{&quot;1&quot;:3,&quot;3&quot;:100}\">100<\/td>\n<td data-sheets-value=\"{&quot;1&quot;:3,&quot;3&quot;:40}\">40<\/td>\n<td data-sheets-value=\"{&quot;1&quot;:3,&quot;3&quot;:40}\">40<\/td>\n<td data-sheets-value=\"{&quot;1&quot;:3,&quot;3&quot;:15}\">15<\/td>\n<td data-sheets-value=\"{&quot;1&quot;:2,&quot;2&quot;:&quot;2.0.3.0&quot;}\">2.0~3.0<\/td>\n<td data-sheets-value=\"{&quot;1&quot;:2,&quot;2&quot;:&quot;No Punching&quot;}\">sin perforar<\/td>\n<td colspan=\"1\" rowspan=\"9\" data-sheets-value=\"{&quot;1&quot;:2,&quot;2&quot;:&quot;We Can Design the Machine According to Customer's Requests (with Middle Hole Punching).&quot;}\">\n<div>Podemos dise\u00f1ar la m\u00e1quina de acuerdo con las solicitudes del cliente (con punzonado en el medio).<\/div>\n<\/td>\n<\/tr>\n<tr>\n<td data-sheets-value=\"{&quot;1&quot;:2,&quot;2&quot;:&quot;C120&quot;}\">C120<\/td>\n<td data-sheets-value=\"{&quot;1&quot;:3,&quot;3&quot;:120}\">120<\/td>\n<td data-sheets-value=\"{&quot;1&quot;:3,&quot;3&quot;:50}\">50<\/td>\n<td data-sheets-value=\"{&quot;1&quot;:3,&quot;3&quot;:50}\">50<\/td>\n<td data-sheets-value=\"{&quot;1&quot;:3,&quot;3&quot;:20}\">20<\/td>\n<td data-sheets-value=\"{&quot;1&quot;:2,&quot;2&quot;:&quot;2.0-3.0&quot;}\">2.0-3.0<\/td>\n<td data-sheets-value=\"{&quot;1&quot;:3,&quot;3&quot;:40}\">40<\/td>\n<\/tr>\n<tr>\n<td data-sheets-value=\"{&quot;1&quot;:2,&quot;2&quot;:&quot;C140&quot;}\">C140<\/td>\n<td data-sheets-value=\"{&quot;1&quot;:3,&quot;3&quot;:140}\">140<\/td>\n<td data-sheets-value=\"{&quot;1&quot;:3,&quot;3&quot;:50}\">50<\/td>\n<td data-sheets-value=\"{&quot;1&quot;:3,&quot;3&quot;:50}\">50<\/td>\n<td data-sheets-value=\"{&quot;1&quot;:3,&quot;3&quot;:20}\">20<\/td>\n<td data-sheets-value=\"{&quot;1&quot;:2,&quot;2&quot;:&quot;2.0-3.0&quot;}\">2.0-3.0<\/td>\n<td colspan=\"1\" rowspan=\"7\" data-sheets-value=\"{&quot;1&quot;:2,&quot;2&quot;:&quot;Adjustable Hole Distance&quot;}\">\n<div>Distancia de orificio ajustable<\/div>\n<\/td>\n<\/tr>\n<tr>\n<td data-sheets-value=\"{&quot;1&quot;:2,&quot;2&quot;:&quot;C160&quot;}\">C160<\/td>\n<td data-sheets-value=\"{&quot;1&quot;:3,&quot;3&quot;:160}\">160<\/td>\n<td data-sheets-value=\"{&quot;1&quot;:3,&quot;3&quot;:60}\">60<\/td>\n<td data-sheets-value=\"{&quot;1&quot;:3,&quot;3&quot;:60}\">60<\/td>\n<td data-sheets-value=\"{&quot;1&quot;:3,&quot;3&quot;:20}\">20<\/td>\n<td data-sheets-value=\"{&quot;1&quot;:2,&quot;2&quot;:&quot;2.0-3.0&quot;}\">2.0-3.0<\/td>\n<\/tr>\n<tr>\n<td data-sheets-value=\"{&quot;1&quot;:2,&quot;2&quot;:&quot;C180&quot;}\">C180<\/td>\n<td data-sheets-value=\"{&quot;1&quot;:3,&quot;3&quot;:180}\">180<\/td>\n<td data-sheets-value=\"{&quot;1&quot;:3,&quot;3&quot;:60}\">60<\/td>\n<td data-sheets-value=\"{&quot;1&quot;:3,&quot;3&quot;:60}\">60<\/td>\n<td data-sheets-value=\"{&quot;1&quot;:3,&quot;3&quot;:20}\">20<\/td>\n<td data-sheets-value=\"{&quot;1&quot;:2,&quot;2&quot;:&quot;2.0-3.0&quot;}\">2.0-3.0<\/td>\n<\/tr>\n<tr>\n<td data-sheets-value=\"{&quot;1&quot;:2,&quot;2&quot;:&quot;C200&quot;}\">C200<\/td>\n<td data-sheets-value=\"{&quot;1&quot;:3,&quot;3&quot;:200}\">200<\/td>\n<td data-sheets-value=\"{&quot;1&quot;:3,&quot;3&quot;:60}\">60<\/td>\n<td data-sheets-value=\"{&quot;1&quot;:3,&quot;3&quot;:60}\">60<\/td>\n<td data-sheets-value=\"{&quot;1&quot;:3,&quot;3&quot;:20}\">20<\/td>\n<td data-sheets-value=\"{&quot;1&quot;:2,&quot;2&quot;:&quot;2.0-3.0&quot;}\">2.0-3.0<\/td>\n<\/tr>\n<tr>\n<td data-sheets-value=\"{&quot;1&quot;:2,&quot;2&quot;:&quot;C220&quot;}\">C220<\/td>\n<td data-sheets-value=\"{&quot;1&quot;:3,&quot;3&quot;:220}\">220<\/td>\n<td data-sheets-value=\"{&quot;1&quot;:3,&quot;3&quot;:70}\">70<\/td>\n<td data-sheets-value=\"{&quot;1&quot;:3,&quot;3&quot;:70}\">70<\/td>\n<td data-sheets-value=\"{&quot;1&quot;:3,&quot;3&quot;:20}\">20<\/td>\n<td data-sheets-value=\"{&quot;1&quot;:2,&quot;2&quot;:&quot;2.0-3.0&quot;}\">2.0-3.0<\/td>\n<\/tr>\n<tr>\n<td data-sheets-value=\"{&quot;1&quot;:2,&quot;2&quot;:&quot;C250&quot;}\">C250<\/td>\n<td data-sheets-value=\"{&quot;1&quot;:3,&quot;3&quot;:250}\">250<\/td>\n<td data-sheets-value=\"{&quot;1&quot;:3,&quot;3&quot;:70}\">70<\/td>\n<td data-sheets-value=\"{&quot;1&quot;:3,&quot;3&quot;:70}\">70<\/td>\n<td data-sheets-value=\"{&quot;1&quot;:3,&quot;3&quot;:20}\">20<\/td>\n<td data-sheets-value=\"{&quot;1&quot;:2,&quot;2&quot;:&quot;2.0-3.0&quot;}\">2.0-3.0<\/td>\n<\/tr>\n<tr>\n<td data-sheets-value=\"{&quot;1&quot;:2,&quot;2&quot;:&quot;C300&quot;}\">C300<\/td>\n<td data-sheets-value=\"{&quot;1&quot;:3,&quot;3&quot;:300}\">300<\/td>\n<td data-sheets-value=\"{&quot;1&quot;:3,&quot;3&quot;:80}\">80<\/td>\n<td data-sheets-value=\"{&quot;1&quot;:3,&quot;3&quot;:80}\">80<\/td>\n<td data-sheets-value=\"{&quot;1&quot;:3,&quot;3&quot;:20}\">20<\/td>\n<td data-sheets-value=\"{&quot;1&quot;:2,&quot;2&quot;:&quot;2.0-3.0&quot;}\">2.0-3.0<\/td>\n<\/tr>\n<tr>\n<td><\/td>\n<td colspan=\"6\" rowspan=\"1\" data-sheets-value=\"{&quot;1&quot;:2,&quot;2&quot;:&quot;Z Purlin Section Size&quot;}\">Tama\u00f1o de la secci\u00f3n de la correa Z<\/td>\n<td><\/td>\n<\/tr>\n<tr>\n<td colspan=\"1\" rowspan=\"2\" data-sheets-value=\"{&quot;1&quot;:2,&quot;2&quot;:&quot;Model&quot;}\">\n<div>Modelo<\/div>\n<\/td>\n<td colspan=\"5\" rowspan=\"1\" data-sheets-value=\"{&quot;1&quot;:2,&quot;2&quot;:&quot;Section Size (mm)&quot;}\">Tama\u00f1o de la secci\u00f3n (mm)<\/td>\n<td data-sheets-value=\"{&quot;1&quot;:2,&quot;2&quot;:&quot;Hole Distance&quot;}\">Distancia del agujero<\/td>\n<td colspan=\"1\" rowspan=\"2\" data-sheets-value=\"{&quot;1&quot;:2,&quot;2&quot;:&quot;Remark&quot;}\">\n<div>Observaci\u00f3n<\/div>\n<\/td>\n<\/tr>\n<tr>\n<td data-sheets-value=\"{&quot;1&quot;:2,&quot;2&quot;:&quot;H&quot;}\">H<\/td>\n<td data-sheets-value=\"{&quot;1&quot;:2,&quot;2&quot;:&quot;B&quot;}\">B<\/td>\n<td data-sheets-value=\"{&quot;1&quot;:2,&quot;2&quot;:&quot;b&quot;}\">b<\/td>\n<td data-sheets-value=\"{&quot;1&quot;:2,&quot;2&quot;:&quot;C&quot;}\">C<\/td>\n<td data-sheets-value=\"{&quot;1&quot;:2,&quot;2&quot;:&quot;t&quot;}\">t<\/td>\n<td data-sheets-value=\"{&quot;1&quot;:2,&quot;2&quot;:&quot;h&quot;}\">h<\/td>\n<\/tr>\n<tr>\n<td data-sheets-value=\"{&quot;1&quot;:2,&quot;2&quot;:&quot;Z100&quot;}\">Z100<\/td>\n<td data-sheets-value=\"{&quot;1&quot;:3,&quot;3&quot;:100}\">100<\/td>\n<td data-sheets-value=\"{&quot;1&quot;:3,&quot;3&quot;:55}\">55<\/td>\n<td data-sheets-value=\"{&quot;1&quot;:3,&quot;3&quot;:50}\">50<\/td>\n<td data-sheets-value=\"{&quot;1&quot;:3,&quot;3&quot;:20}\">20<\/td>\n<td data-sheets-value=\"{&quot;1&quot;:2,&quot;2&quot;:&quot;2.0-3.0&quot;}\">2.0-3.0<\/td>\n<td data-sheets-value=\"{&quot;1&quot;:3,&quot;3&quot;:40}\">40<\/td>\n<td colspan=\"1\" rowspan=\"10\" data-sheets-value=\"{&quot;1&quot;:2,&quot;2&quot;:&quot;We Can Design the Machine According to Customer's Requests (with Middle Hole Punching or Flange Punching).&quot;}\">\n<div>Podemos dise\u00f1ar la m\u00e1quina de acuerdo con las solicitudes del cliente (con punzonado de orificio medio o punzonado de brida).<\/div>\n<\/td>\n<\/tr>\n<tr>\n<td data-sheets-value=\"{&quot;1&quot;:2,&quot;2&quot;:&quot;Z120&quot;}\">Z120<\/td>\n<td data-sheets-value=\"{&quot;1&quot;:3,&quot;3&quot;:120}\">120<\/td>\n<td data-sheets-value=\"{&quot;1&quot;:3,&quot;3&quot;:55}\">55<\/td>\n<td data-sheets-value=\"{&quot;1&quot;:3,&quot;3&quot;:50}\">50<\/td>\n<td data-sheets-value=\"{&quot;1&quot;:3,&quot;3&quot;:20}\">20<\/td>\n<td data-sheets-value=\"{&quot;1&quot;:2,&quot;2&quot;:&quot;2.0-3.0&quot;}\">2.0-3.0<\/td>\n<td colspan=\"1\" rowspan=\"9\" data-sheets-value=\"{&quot;1&quot;:2,&quot;2&quot;:&quot;Adjustable Hole Distance&quot;}\">\n<div>Distancia de orificio ajustable<\/div>\n<\/td>\n<\/tr>\n<tr>\n<td data-sheets-value=\"{&quot;1&quot;:2,&quot;2&quot;:&quot;Z140&quot;}\">Z140<\/td>\n<td data-sheets-value=\"{&quot;1&quot;:3,&quot;3&quot;:140}\">140<\/td>\n<td data-sheets-value=\"{&quot;1&quot;:3,&quot;3&quot;:55}\">55<\/td>\n<td data-sheets-value=\"{&quot;1&quot;:3,&quot;3&quot;:50}\">50<\/td>\n<td data-sheets-value=\"{&quot;1&quot;:3,&quot;3&quot;:20}\">20<\/td>\n<td data-sheets-value=\"{&quot;1&quot;:2,&quot;2&quot;:&quot;2.0-3.0&quot;}\">2.0-3.0<\/td>\n<\/tr>\n<tr>\n<td data-sheets-value=\"{&quot;1&quot;:3,&quot;3&quot;:2150}\">2150<\/td>\n<td data-sheets-value=\"{&quot;1&quot;:3,&quot;3&quot;:160}\">160<\/td>\n<td data-sheets-value=\"{&quot;1&quot;:3,&quot;3&quot;:67}\">67<\/td>\n<td data-sheets-value=\"{&quot;1&quot;:3,&quot;3&quot;:61}\">61<\/td>\n<td data-sheets-value=\"{&quot;1&quot;:3,&quot;3&quot;:20}\">20<\/td>\n<td data-sheets-value=\"{&quot;1&quot;:2,&quot;2&quot;:&quot;2.0-3.0&quot;}\">2.0-3.0<\/td>\n<\/tr>\n<tr>\n<td data-sheets-value=\"{&quot;1&quot;:2,&quot;2&quot;:&quot;Z160&quot;}\">Z160<\/td>\n<td data-sheets-value=\"{&quot;1&quot;:3,&quot;3&quot;:180}\">180<\/td>\n<td data-sheets-value=\"{&quot;1&quot;:3,&quot;3&quot;:67}\">67<\/td>\n<td data-sheets-value=\"{&quot;1&quot;:3,&quot;3&quot;:61}\">61<\/td>\n<td data-sheets-value=\"{&quot;1&quot;:3,&quot;3&quot;:20}\">20<\/td>\n<td data-sheets-value=\"{&quot;1&quot;:2,&quot;2&quot;:&quot;2.0-3.0&quot;}\">2.0-3.0<\/td>\n<\/tr>\n<tr>\n<td data-sheets-value=\"{&quot;1&quot;:3,&quot;3&quot;:2180}\">2180<\/td>\n<td data-sheets-value=\"{&quot;1&quot;:3,&quot;3&quot;:200}\">200<\/td>\n<td data-sheets-value=\"{&quot;1&quot;:3,&quot;3&quot;:67}\">67<\/td>\n<td data-sheets-value=\"{&quot;1&quot;:3,&quot;3&quot;:61}\">61<\/td>\n<td data-sheets-value=\"{&quot;1&quot;:3,&quot;3&quot;:20}\">20<\/td>\n<td data-sheets-value=\"{&quot;1&quot;:2,&quot;2&quot;:&quot;2.0-3.0&quot;}\">2.0-3.0<\/td>\n<\/tr>\n<tr>\n<td data-sheets-value=\"{&quot;1&quot;:3,&quot;3&quot;:2200}\">2200<\/td>\n<td data-sheets-value=\"{&quot;1&quot;:3,&quot;3&quot;:220}\">220<\/td>\n<td data-sheets-value=\"{&quot;1&quot;:3,&quot;3&quot;:67}\">67<\/td>\n<td data-sheets-value=\"{&quot;1&quot;:3,&quot;3&quot;:61}\">61<\/td>\n<td data-sheets-value=\"{&quot;1&quot;:3,&quot;3&quot;:20}\">20<\/td>\n<td data-sheets-value=\"{&quot;1&quot;:2,&quot;2&quot;:&quot;2.0-3.0&quot;}\">2.0-3.0<\/td>\n<\/tr>\n<tr>\n<td data-sheets-value=\"{&quot;1&quot;:2,&quot;2&quot;:&quot;Z250&quot;}\">Z250<\/td>\n<td data-sheets-value=\"{&quot;1&quot;:3,&quot;3&quot;:250}\">250<\/td>\n<td data-sheets-value=\"{&quot;1&quot;:3,&quot;3&quot;:78}\">78<\/td>\n<td data-sheets-value=\"{&quot;1&quot;:3,&quot;3&quot;:72}\">72<\/td>\n<td data-sheets-value=\"{&quot;1&quot;:3,&quot;3&quot;:20}\">20<\/td>\n<td data-sheets-value=\"{&quot;1&quot;:2,&quot;2&quot;:&quot;2.0.3.0&quot;}\">2.0.3.0<\/td>\n<\/tr>\n<tr>\n<td data-sheets-value=\"{&quot;1&quot;:2,&quot;2&quot;:&quot;Z280&quot;}\">Z280<\/td>\n<td data-sheets-value=\"{&quot;1&quot;:3,&quot;3&quot;:280}\">280<\/td>\n<td data-sheets-value=\"{&quot;1&quot;:3,&quot;3&quot;:78}\">78<\/td>\n<td data-sheets-value=\"{&quot;1&quot;:3,&quot;3&quot;:72}\">72<\/td>\n<td data-sheets-value=\"{&quot;1&quot;:3,&quot;3&quot;:20}\">20<\/td>\n<td data-sheets-value=\"{&quot;1&quot;:2,&quot;2&quot;:&quot;2.0-3.0&quot;}\">2.0-3.0<\/td>\n<\/tr>\n<tr>\n<td data-sheets-value=\"{&quot;1&quot;:3,&quot;3&quot;:2300}\">2300<\/td>\n<td data-sheets-value=\"{&quot;1&quot;:3,&quot;3&quot;:300}\">300<\/td>\n<td data-sheets-value=\"{&quot;1&quot;:3,&quot;3&quot;:78}\">78<\/td>\n<td data-sheets-value=\"{&quot;1&quot;:3,&quot;3&quot;:72}\">72<\/td>\n<td data-sheets-value=\"{&quot;1&quot;:3,&quot;3&quot;:20}\">20<\/td>\n<td data-sheets-value=\"{&quot;1&quot;:2,&quot;2&quot;:&quot;2.0-3.0&quot;}\">2.0-3.0<\/td>\n<\/tr>\n<\/tbody>\n<\/table>\n<h3>\u00bfCu\u00e1les son los \u00e1mbitos de aplicaci\u00f3n de la perfiladora?<\/h3>\n<p>La m\u00e1quina perfiladora de correas C se utiliza en varios campos, incluyendo:<\/p>\n<ol>\n<li>Ingenier\u00eda de la construcci\u00f3n: Las correas C son ampliamente utilizadas como componentes estructurales en edificios residenciales, comerciales e industriales. La m\u00e1quina perfiladora puede fabricar correas C de diferentes tama\u00f1os y especificaciones para satisfacer los requisitos de diferentes proyectos de construcci\u00f3n.<\/li>\n<li>Fabricaci\u00f3n de estructuras de acero: La m\u00e1quina perfiladora tambi\u00e9n se utiliza en la producci\u00f3n de estructuras de acero como casas de acero, puentes de acero y marcos de acero. Las correas C, como materiales de soporte estructural, ofrecen ventajas tales como ligereza, alta resistencia y f\u00e1cil instalaci\u00f3n, lo que las hace ampliamente utilizadas en la fabricaci\u00f3n de estructuras de acero.<\/li>\n<li>Sistemas de montaje de paneles solares: Los sistemas de energ\u00eda solar requieren estructuras de montaje resistentes para soportar los paneles solares. La perfiladora de correas en C puede producir correas en C adecuadas para sistemas de montaje de paneles solares, proporcionando estructuras de soporte estables.<\/li>\n<li>Construcci\u00f3n agr\u00edcola: La m\u00e1quina tambi\u00e9n se aplica en la construcci\u00f3n agr\u00edcola, como la fabricaci\u00f3n de materiales estructurales para invernaderos agr\u00edcolas. Las correas C poseen resistencia a la corrosi\u00f3n y estabilidad, lo que las hace adecuadas para su uso en entornos agr\u00edcolas.<\/li>\n<\/ol>\n<h3>top 5 c z purlin rollo formando equipo fabricantes en China<\/h3>\n<ol>\n<li>WUXI SUNWAY MACHINERY CO., LTD es un fabricante y exportador profesional que se ocupa del dise\u00f1o, desarrollo y producci\u00f3n de m\u00e1quinas perfiladoras en fr\u00edo. Todos los productos cumplen con los est\u00e1ndares internacionales de calidad y son muy apreciados en una variedad de mercados diferentes en todo el mundo, como Asia, \u00c1frica, Europa, Am\u00e9rica del Sur y Australia, entre otros. Ha ganado una red de ventas global.<\/li>\n<li>F\u00e1brica de Maquinaria Zhongyuan: Zhongyuan Machinery es un fabricante reconocido de maquinas perfiladoras, incluyendo maquinas perfiladoras de correas C\/Z. Tienen una amplia gama de modelos y proporcionan soluciones personalizadas para satisfacer las necesidades espec\u00edficas de los clientes.<\/li>\n<li>Liming Stamping Form Machine Co., Ltd.: Liming Stamping Form Machine es un fabricante l\u00edder de m\u00e1quinas perfiladoras en China. Se especializan en la producci\u00f3n de maquinas perfiladoras de correas C\/Z con tecnolog\u00eda avanzada y componentes de alta calidad.<\/li>\n<li>Maquinaria Xiamen Bogong: Xiamen Bogong Machinery es un fabricante de renombre de maquinas perfiladoras, incluyendo maquinas perfiladoras de correas C\/Z. Tienen un fuerte enfoque en la innovaci\u00f3n de productos y la satisfacci\u00f3n del cliente.<\/li>\n<li>Hangzhou Roll Forming Machinery: Hangzhou Roll Forming Machinery es un fabricante bien establecido de maquinas perfiladoras, ofreciendo una amplia gama de soluciones para diversas industrias. Proporcionan m\u00e1quinas perfiladoras de correas C\/Z fiables con un excelente rendimiento.<\/li>\n<\/ol>\n<\/div>\n<\/div>","protected":false},"excerpt":{"rendered":"<p>M\u00e1quina formadora de rollos de correas Z de cambio r\u00e1pido completamente autom\u00e1tica Nombre: M\u00e1quina de cambio autom\u00e1tico de tama\u00f1o C Modelo: Serie YX La m\u00e1quina formadora de rollos de cambio autom\u00e1tico de tama\u00f1o C para perfil de correas C est\u00e1 dise\u00f1ada con el prop\u00f3sito de cambio de tama\u00f1o autom\u00e1tico a trav\u00e9s de ambos marcos que son libremente ajustables. Tambi\u00e9n podemos suministrar las m\u00e1quinas personalizadas.<\/p>","protected":false},"featured_media":1107,"comment_status":"open","ping_status":"closed","template":"","meta":{"_acf_changed":false},"product_brand":[],"product_cat":[52,75],"product_tag":[],"class_list":{"0":"post-1105","1":"product","2":"type-product","3":"status-publish","4":"has-post-thumbnail","6":"product_cat-steel-structure","7":"product_cat-z-purlin-roll-forming-machine","9":"first","10":"instock","11":"shipping-taxable","12":"product-type-simple"},"acf":[],"_links":{"self":[{"href":"https:\/\/swforming.com\/es\/wp-json\/wp\/v2\/product\/1105","targetHints":{"allow":["GET"]}}],"collection":[{"href":"https:\/\/swforming.com\/es\/wp-json\/wp\/v2\/product"}],"about":[{"href":"https:\/\/swforming.com\/es\/wp-json\/wp\/v2\/types\/product"}],"replies":[{"embeddable":true,"href":"https:\/\/swforming.com\/es\/wp-json\/wp\/v2\/comments?post=1105"}],"version-history":[{"count":3,"href":"https:\/\/swforming.com\/es\/wp-json\/wp\/v2\/product\/1105\/revisions"}],"predecessor-version":[{"id":3247,"href":"https:\/\/swforming.com\/es\/wp-json\/wp\/v2\/product\/1105\/revisions\/3247"}],"wp:featuredmedia":[{"embeddable":true,"href":"https:\/\/swforming.com\/es\/wp-json\/wp\/v2\/media\/1107"}],"wp:attachment":[{"href":"https:\/\/swforming.com\/es\/wp-json\/wp\/v2\/media?parent=1105"}],"wp:term":[{"taxonomy":"product_brand","embeddable":true,"href":"https:\/\/swforming.com\/es\/wp-json\/wp\/v2\/product_brand?post=1105"},{"taxonomy":"product_cat","embeddable":true,"href":"https:\/\/swforming.com\/es\/wp-json\/wp\/v2\/product_cat?post=1105"},{"taxonomy":"product_tag","embeddable":true,"href":"https:\/\/swforming.com\/es\/wp-json\/wp\/v2\/product_tag?post=1105"}],"curies":[{"name":"wp","href":"https:\/\/api.w.org\/{rel}","templated":true}]}}