{"id":1099,"date":"2022-09-29T09:25:32","date_gmt":"2022-09-29T09:25:32","guid":{"rendered":"https:\/\/swforming.com\/?post_type=product&#038;p=1099"},"modified":"2022-10-12T09:17:12","modified_gmt":"2022-10-12T09:17:12","slug":"vinedos-post-roll-forming-machine","status":"publish","type":"product","link":"https:\/\/swforming.com\/es\/product\/vineyards-post-roll-forming-machine\/","title":{"rendered":"M\u00e1quina perfiladora de postes de vi\u00f1edos"},"content":{"rendered":"<h3>Caracter\u00edsticas<\/h3>\n<p>Podemos suministrar diferentes tipos de postes de vi\u00f1edos con varios perfiles. Tambi\u00e9n podemos suministrar las m\u00e1quinas personalizadas.<\/p>\n<h3>Aplicaciones<\/h3>\n<p>Los productos terminados son ampliamente utilizados como soporte del enrejado de uva.<\/p>\n<h3>Flujo del proceso<\/h3>\n<p>Desenrollador \u2014 Alimentaci\u00f3n \u2014 Enderezado \u2014 Preperforado \u2014 Perfilado \u2014 Corte \u2014 Rejilla de salida<\/p>\n<h3>Configuraciones de la m\u00e1quina<\/h3>\n<div>\n<table>\n<tbody>\n<tr>\n<td>1. Desenrollador hidr\u00e1ulico 3T \u00d7 500 mm<\/td>\n<td>2. Dispositivo de alimentaci\u00f3n<\/td>\n<\/tr>\n<tr>\n<td>3. Alisado<\/td>\n<td>4. Dispositivo de perforaci\u00f3n previa<\/td>\n<\/tr>\n<tr>\n<td>5. M\u00e1quina formadora de rollos<\/td>\n<td>6. M\u00e1quina de corte hidr\u00e1ulica<\/td>\n<\/tr>\n<tr>\n<td>7. Sistema de Control PLC<\/td>\n<td>8. Rejilla de salida<\/td>\n<\/tr>\n<\/tbody>\n<\/table>\n<\/div>","protected":false},"excerpt":{"rendered":"<p>M\u00e1quina perfiladora de postes para vi\u00f1edos Nombre: M\u00e1quina perfiladora de postes para vi\u00f1edos Modelo: Serie YX Podemos suministrar diferentes tipos de postes para vi\u00f1edos con varios perfiles. Tambi\u00e9n podemos suministrar las m\u00e1quinas personalizadas.<\/p>","protected":false},"featured_media":1100,"comment_status":"open","ping_status":"closed","template":"","meta":{"_acf_changed":false},"product_brand":[],"product_cat":[52,69],"product_tag":[],"class_list":{"0":"post-1099","1":"product","2":"type-product","3":"status-publish","4":"has-post-thumbnail","6":"product_cat-steel-structure","7":"product_cat-vineyard-post-roll-forming-machine","9":"first","10":"instock","11":"shipping-taxable","12":"product-type-simple"},"acf":[],"_links":{"self":[{"href":"https:\/\/swforming.com\/es\/wp-json\/wp\/v2\/product\/1099","targetHints":{"allow":["GET"]}}],"collection":[{"href":"https:\/\/swforming.com\/es\/wp-json\/wp\/v2\/product"}],"about":[{"href":"https:\/\/swforming.com\/es\/wp-json\/wp\/v2\/types\/product"}],"replies":[{"embeddable":true,"href":"https:\/\/swforming.com\/es\/wp-json\/wp\/v2\/comments?post=1099"}],"version-history":[{"count":0,"href":"https:\/\/swforming.com\/es\/wp-json\/wp\/v2\/product\/1099\/revisions"}],"wp:featuredmedia":[{"embeddable":true,"href":"https:\/\/swforming.com\/es\/wp-json\/wp\/v2\/media\/1100"}],"wp:attachment":[{"href":"https:\/\/swforming.com\/es\/wp-json\/wp\/v2\/media?parent=1099"}],"wp:term":[{"taxonomy":"product_brand","embeddable":true,"href":"https:\/\/swforming.com\/es\/wp-json\/wp\/v2\/product_brand?post=1099"},{"taxonomy":"product_cat","embeddable":true,"href":"https:\/\/swforming.com\/es\/wp-json\/wp\/v2\/product_cat?post=1099"},{"taxonomy":"product_tag","embeddable":true,"href":"https:\/\/swforming.com\/es\/wp-json\/wp\/v2\/product_tag?post=1099"}],"curies":[{"name":"wp","href":"https:\/\/api.w.org\/{rel}","templated":true}]}}