{"id":1092,"date":"2022-09-29T09:22:17","date_gmt":"2022-09-29T09:22:17","guid":{"rendered":"https:\/\/swforming.com\/?post_type=product&#038;p=1092"},"modified":"2023-06-21T06:52:35","modified_gmt":"2023-06-21T06:52:35","slug":"ridge-cap-roll-forming-machine-2","status":"publish","type":"product","link":"https:\/\/swforming.com\/es\/product\/ridge-cap-roll-forming-machine-2\/","title":{"rendered":"M\u00e1quina formadora de rollos Ridge Cap"},"content":{"rendered":"<h3>Perfil del panel<\/h3>\n<p><img fetchpriority=\"high\" decoding=\"async\" class=\"alignnone wp-image-901 size-full\" src=\"https:\/\/swforming.com\/wp-content\/uploads\/2022\/09\/Panel-profile.jpg\" alt=\"M\u00e1quina formadora de rollos Ridge Cap\" width=\"800\" height=\"600\" title=\"\" srcset=\"https:\/\/swforming.com\/wp-content\/uploads\/2022\/09\/Panel-profile.jpg 800w, https:\/\/swforming.com\/wp-content\/uploads\/2022\/09\/Panel-profile-600x450.jpg 600w, https:\/\/swforming.com\/wp-content\/uploads\/2022\/09\/Panel-profile-300x225.jpg 300w, https:\/\/swforming.com\/wp-content\/uploads\/2022\/09\/Panel-profile-768x576.jpg 768w\" sizes=\"(max-width: 800px) 100vw, 800px\" \/><\/p>\n<h3>Par\u00e1metro t\u00e9cnico de la m\u00e1quina formadora de rollos Ridge Cap<\/h3>\n<ol>\n<li>Metaldecoiler: expansi\u00f3n manual, desenrollado pasivo, di\u00e1metro interior. 508 mm<\/li>\n<li>capacidad de peso del desbobinador: 3T<\/li>\n<li>soporte de la m\u00e1quina: acero soldado en forma de &quot;\u5de5&quot;<\/li>\n<li>tipo de m\u00e1quina formadora: tipo panel con transmisi\u00f3n por cadena<\/li>\n<li>di\u00e1metro del eje: \uffe075\u339c<\/li>\n<li>cadena: 16A<\/li>\n<li>potencia del motor de la m\u00e1quina formadora: 5 KW<\/li>\n<li>motor de la estaci\u00f3n hidr\u00e1ulica: 3KW<\/li>\n<li>velocidad de formaci\u00f3n: 10-15 m \/ min<\/li>\n<li>estaci\u00f3n de rollo: 13 estaciones<\/li>\n<li>material del rodillo: acero de alta calidad 45\uff03<\/li>\n<li>superficie del rodillo recubierta de cromo de 0,05 mm de espesor<\/li>\n<li>tipo de corte: corte hidr\u00e1ulico<\/li>\n<li>material de la cuchilla de corte: acero Cr12mould<\/li>\n<li>tratamiento t\u00e9rmico de la hoja de corte:HRC58\u00b0-60\u00b0<\/li>\n<li>espesor de la bobina de acero: 3-0,8 mm<\/li>\n<li>tolerancia de longitud: 10 \u00b1 2 mm<\/li>\n<li>transductor: Jap\u00f3n YASKAWA<\/li>\n<li>computadora adopta Panasonic PLC<\/li>\n<li>el tablero operativo de la computadora adopta la pantalla t\u00e1ctil<\/li>\n<li>Voltaje: 380V 3 fases 50HZ o a requerimiento del comprador<\/li>\n<\/ol>\n<h3>Proceso t\u00e9cnico de la m\u00e1quina formadora de rollos Ridge Cap<\/h3>\n<p>Desenrollador manual\u2192 alimentaci\u00f3n con gu\u00eda\u2192 perfilado\u2192 corte con longitud fija\u2192 salida con mesa<\/p>\n<p><strong>diagrama de flujo<\/strong><\/p>\n<p><img decoding=\"async\" class=\"alignnone size-full wp-image-903\" src=\"https:\/\/swforming.com\/wp-content\/uploads\/2022\/09\/0b402198-b876-4f86-a6b6-a24aeff4f3c4.jpg\" alt=\"\" width=\"800\" height=\"173\" title=\"\" srcset=\"https:\/\/swforming.com\/wp-content\/uploads\/2022\/09\/0b402198-b876-4f86-a6b6-a24aeff4f3c4.jpg 800w, https:\/\/swforming.com\/wp-content\/uploads\/2022\/09\/0b402198-b876-4f86-a6b6-a24aeff4f3c4-600x130.jpg 600w, https:\/\/swforming.com\/wp-content\/uploads\/2022\/09\/0b402198-b876-4f86-a6b6-a24aeff4f3c4-300x65.jpg 300w, https:\/\/swforming.com\/wp-content\/uploads\/2022\/09\/0b402198-b876-4f86-a6b6-a24aeff4f3c4-768x166.jpg 768w\" sizes=\"(max-width: 800px) 100vw, 800px\" \/><\/p>\n<p><img decoding=\"async\" class=\"alignnone wp-image-904 size-full\" src=\"https:\/\/swforming.com\/wp-content\/uploads\/2022\/09\/f5da1f78-3154-47aa-a4bc-bb1aa01602ab.jpg\" alt=\"M\u00e1quina formadora de rollos Ridge Cap\" width=\"800\" height=\"450\" title=\"\" srcset=\"https:\/\/swforming.com\/wp-content\/uploads\/2022\/09\/f5da1f78-3154-47aa-a4bc-bb1aa01602ab.jpg 800w, https:\/\/swforming.com\/wp-content\/uploads\/2022\/09\/f5da1f78-3154-47aa-a4bc-bb1aa01602ab-600x338.jpg 600w, https:\/\/swforming.com\/wp-content\/uploads\/2022\/09\/f5da1f78-3154-47aa-a4bc-bb1aa01602ab-300x169.jpg 300w, https:\/\/swforming.com\/wp-content\/uploads\/2022\/09\/f5da1f78-3154-47aa-a4bc-bb1aa01602ab-768x432.jpg 768w\" sizes=\"(max-width: 800px) 100vw, 800px\" \/><\/p>\n<h3>Equipo<\/h3>\n<p>Desbobinador manual, m\u00e1quina formadora principal, dispositivo de corte hidr\u00e1ulico, estaci\u00f3n hidr\u00e1ulica, control de computadora PLC, mesa de salida<\/p>\n<p><strong>El tiempo de producci\u00f3n:\u00a0<\/strong>30-35 d\u00edas despu\u00e9s del dep\u00f3sito<\/p>\n<h3>\u00bfqu\u00e9 es la perfiladora de cumbreras?<\/h3>\n<p>Una perfiladora de cumbreras es un equipo especializado utilizado en la industria de la construcci\u00f3n para la fabricaci\u00f3n de cumbreras. Las tejas de remate de cumbrera se utilizan normalmente en sistemas de techado para cubrir la cumbrera o el pico de un tejado donde se unen dos lados inclinados.<\/p>\n<p>La perfiladora est\u00e1 dise\u00f1ada para producir cumbreras en un proceso continuo. Suele constar de una serie de rodillos y herramientas que moldean el metal u otro material para darle el perfil deseado. La m\u00e1quina toma l\u00e1minas planas o bobinas de material y las hace pasar a trav\u00e9s de una serie de estaciones de rodillos, donde el material se moldea gradualmente en la forma de la cumbrera.<\/p>\n<p>El proceso de perfilado consiste en doblar el material a lo largo de una serie de rodillos de forma progresiva, que transforman gradualmente el material plano en el perfil final de la cumbrera. La m\u00e1quina tambi\u00e9n puede incorporar operaciones adicionales, como corte, punzonado y estampado, para crear caracter\u00edsticas o dise\u00f1os espec\u00edficos en las cumbreras.<\/p>\n<p>La perfiladora de cumbreras es muy eficiente y permite la producci\u00f3n r\u00e1pida y precisa de cumbreras en grandes cantidades. Los fabricantes de materiales para tejados o los contratistas suelen utilizarla para producir cumbreras para diversos proyectos de construcci\u00f3n.<\/p>\n<h3>aplicaci\u00f3n de la perfiladora de cumbreras<\/h3>\n<p>La perfiladora de cumbreras se utiliza principalmente para la fabricaci\u00f3n de cumbreras, que desempe\u00f1an una funci\u00f3n esencial en los sistemas de techado. Las tejas de cumbrera se instalan a lo largo de las crestas o picos de un techo para proporcionar una cubierta protectora y para mejorar el atractivo est\u00e9tico de la estructura. Estas son algunas de las aplicaciones de la perfiladora de cumbreras:<\/p>\n<ol>\n<li>Tejados residenciales: La m\u00e1quina se utiliza ampliamente en la producci\u00f3n de cumbreras para edificios residenciales, como casas, apartamentos y condominios. Permite fabricar cumbreras que encajan con el estilo y el dise\u00f1o del sistema de techado, proporcionando un aspecto acabado al tejado.<\/li>\n<li>Cubiertas comerciales e industriales: La perfiladora tambi\u00e9n se utiliza en la producci\u00f3n de cumbreras para edificios comerciales e industriales, como oficinas, f\u00e1bricas, almacenes y centros comerciales. Estas estructuras suelen requerir tejas de cumbrera personalizadas para satisfacer requisitos de dise\u00f1o espec\u00edficos.<\/li>\n<li>Fabricaci\u00f3n de material para tejados: Los fabricantes de materiales para tejados utilizan la perfiladora de cumbreras para producir tejas de cumbrera como parte de su l\u00ednea de productos. Pueden ofrecer una amplia gama de perfiles, materiales y acabados de cumbreras para satisfacer las diversas necesidades del mercado.<\/li>\n<li>Contratistas de tejados: Los contratistas de tejados emplean la m\u00e1quina para fabricar cumbreras para sus proyectos de instalaci\u00f3n. Les permite fabricar las cumbreras in situ o adquirirlas a los fabricantes, lo que garantiza un ajuste preciso y una calidad uniforme del sistema de techado.<\/li>\n<li>Renovaci\u00f3n y reparaci\u00f3n de tejados: Durante las renovaciones o reparaciones de tejados, la perfiladora de cumbreras puede utilizarse para fabricar cumbreras de repuesto iguales a las existentes. Esto ayuda a mantener la armon\u00eda visual general del tejado al tiempo que garantiza una protecci\u00f3n adecuada contra los elementos meteorol\u00f3gicos.<\/li>\n<\/ol>\n<p>En general, la m\u00e1quina perfiladora de cumbreras de tejado encuentra aplicaci\u00f3n tanto en las etapas de fabricaci\u00f3n como de instalaci\u00f3n de proyectos de techado, permitiendo la producci\u00f3n eficiente, la personalizaci\u00f3n y el mantenimiento de las tejas de cumbrera para varios tipos de edificios.<\/p>\n<p>&nbsp;<\/p>","protected":false},"excerpt":{"rendered":"<p>Panel Profile Ridge Cap roll forming machine Technical Parameter Metaldecoiler\uff1amanual\u00a0expanding\uff0cpassive\u00a0uncoil, inner Dia. 508mm weight capacity of decoiler:3T machine stand: welded \u201c\u5de5\u201d shape steel type of forming machine\uff1awallboard type with chain transmission diameter of shaft: \uffe075\u339c chain:16A motor power of forming machine\uff1a5 KW motor of hydraulic station\uff1a3KW forming speed\uff1a10-15 m\/min roll station\uff1a13stations material of roller\uff1a high-grade [&hellip;]<\/p>\n","protected":false},"featured_media":1095,"comment_status":"open","ping_status":"closed","template":"","meta":{"_acf_changed":false},"product_brand":[],"product_cat":[45,83],"product_tag":[],"class_list":{"0":"post-1092","1":"product","2":"type-product","3":"status-publish","4":"has-post-thumbnail","6":"product_cat-metal-wall-roofing","7":"product_cat-ridge-cap-roll-forming-machine","9":"first","10":"instock","11":"shipping-taxable","12":"product-type-simple"},"acf":[],"_links":{"self":[{"href":"https:\/\/swforming.com\/es\/wp-json\/wp\/v2\/product\/1092","targetHints":{"allow":["GET"]}}],"collection":[{"href":"https:\/\/swforming.com\/es\/wp-json\/wp\/v2\/product"}],"about":[{"href":"https:\/\/swforming.com\/es\/wp-json\/wp\/v2\/types\/product"}],"replies":[{"embeddable":true,"href":"https:\/\/swforming.com\/es\/wp-json\/wp\/v2\/comments?post=1092"}],"version-history":[{"count":3,"href":"https:\/\/swforming.com\/es\/wp-json\/wp\/v2\/product\/1092\/revisions"}],"predecessor-version":[{"id":3296,"href":"https:\/\/swforming.com\/es\/wp-json\/wp\/v2\/product\/1092\/revisions\/3296"}],"wp:featuredmedia":[{"embeddable":true,"href":"https:\/\/swforming.com\/es\/wp-json\/wp\/v2\/media\/1095"}],"wp:attachment":[{"href":"https:\/\/swforming.com\/es\/wp-json\/wp\/v2\/media?parent=1092"}],"wp:term":[{"taxonomy":"product_brand","embeddable":true,"href":"https:\/\/swforming.com\/es\/wp-json\/wp\/v2\/product_brand?post=1092"},{"taxonomy":"product_cat","embeddable":true,"href":"https:\/\/swforming.com\/es\/wp-json\/wp\/v2\/product_cat?post=1092"},{"taxonomy":"product_tag","embeddable":true,"href":"https:\/\/swforming.com\/es\/wp-json\/wp\/v2\/product_tag?post=1092"}],"curies":[{"name":"wp","href":"https:\/\/api.w.org\/{rel}","templated":true}]}}