{"id":1086,"date":"2022-09-29T09:17:36","date_gmt":"2022-09-29T09:17:36","guid":{"rendered":"https:\/\/swforming.com\/?post_type=product&#038;p=1086"},"modified":"2023-06-20T06:59:45","modified_gmt":"2023-06-20T06:59:45","slug":"omega-purlin-roll-forming-machine","status":"publish","type":"product","link":"https:\/\/swforming.com\/es\/product\/omega-purlin-roll-forming-machine\/","title":{"rendered":"M\u00e1quina perfiladora de correas Omega"},"content":{"rendered":"<h3>Caracter\u00edsticas de la m\u00e1quina<\/h3>\n<p>Tambi\u00e9n podemos suministrar la m\u00e1quina perfiladora de perfil de secci\u00f3n M (tambi\u00e9n llamada Omega) y otras como el perfil E.<\/p>\n<h3>Aplicaciones de la m\u00e1quina formadora de rollos Omega Purlin<\/h3>\n<p>Los productos terminados son ampliamente utilizados como soporte de techos y paredes en construcciones a gran y mediana escala, como f\u00e1bricas, almacenes, garajes, centros de exposiciones, cines, teatros, jardines, etc.<\/p>\n<h3>Flujo del proceso<\/h3>\n<p>Desenrollador \u2014 Alimentaci\u00f3n \u2014 Enderezado \u2014 Preperforado \u2014 Perfilado \u2014 Corte \u2014 Rejilla de salida<\/p>\n<h3>Configuraciones de la m\u00e1quina<\/h3>\n<div>\n<table>\n<tbody>\n<tr>\n<td data-sheets-value=\"{&quot;1&quot;:2,&quot;2&quot;:&quot;1. 3T \u00d7 500mm Hydraulic Uncoiler&quot;}\">1. Desenrollador hidr\u00e1ulico 3T \u00d7 500 mm<\/td>\n<td data-sheets-value=\"{&quot;1&quot;:2,&quot;2&quot;:&quot;2. Feeding Device&quot;}\">\n<div>\n<div>2. Dispositivo de alimentaci\u00f3n<\/div>\n<\/div>\n<\/td>\n<\/tr>\n<tr>\n<td data-sheets-value=\"{&quot;1&quot;:2,&quot;2&quot;:&quot;3. Straightening&quot;}\">3. Alisado<\/td>\n<td data-sheets-value=\"{&quot;1&quot;:2,&quot;2&quot;:&quot;4. Pre-punching Device&quot;}\">\n<div>\n<div>4. Dispositivo de perforaci\u00f3n previa<\/div>\n<\/div>\n<\/td>\n<\/tr>\n<tr>\n<td data-sheets-value=\"{&quot;1&quot;:2,&quot;2&quot;:&quot;5. Roll Forming Machine&quot;}\">5. M\u00e1quina formadora de rollos<\/td>\n<td data-sheets-value=\"{&quot;1&quot;:2,&quot;2&quot;:&quot;6. Hydraulic Cutting Machine&quot;}\">6. M\u00e1quina de corte hidr\u00e1ulica<\/td>\n<\/tr>\n<tr>\n<td data-sheets-value=\"{&quot;1&quot;:2,&quot;2&quot;:&quot;7. PLC Control System&quot;}\">7. Sistema de Control PLC<\/td>\n<td data-sheets-value=\"{&quot;1&quot;:2,&quot;2&quot;:&quot;8. Exit Rack&quot;}\">8. Rejilla de salida<\/td>\n<\/tr>\n<\/tbody>\n<\/table>\n<h3>\u00bfQu\u00e9 es la perfiladora omega?<\/h3>\n<p>Una perfiladora omega es un equipo industrial especializado utilizado para la producci\u00f3n de perfiles omega mediante un proceso denominado perfilado. Los perfiles omega, tambi\u00e9n conocidos como canales omega o secciones omega, se utilizan com\u00fanmente en diversas industrias, como la construcci\u00f3n, la automoci\u00f3n y los sistemas de estanter\u00edas.<\/p>\n<p>El proceso de perfilado consiste en alimentar una tira continua de metal (normalmente acero o aluminio) a trav\u00e9s de una serie de rodillos que dan forma gradualmente al material hasta obtener el perfil omega deseado. La m\u00e1quina suele constar de una serie de rodillos ajustables, mecanismos de corte y sistemas de control.<\/p>\n<p>La perfiladora de perfiles omega puede personalizarse para producir perfiles omega de diferentes tama\u00f1os, dimensiones y configuraciones en funci\u00f3n de los requisitos espec\u00edficos de la aplicaci\u00f3n. La m\u00e1quina permite una producci\u00f3n eficiente y de gran volumen de perfiles omega con una calidad y precisi\u00f3n constantes.<\/p>\n<p>Los perfiles omega se utilizan a menudo para aplicaciones estructurales en las que la resistencia, la rigidez y la capacidad de carga son cruciales. Est\u00e1n dise\u00f1ados con una caracter\u00edstica forma de \"omega\" o \"U\", con pesta\u00f1as a ambos lados y un alma central que conecta las pesta\u00f1as. Estos perfiles proporcionan un excelente soporte, estabilidad y resistencia a la flexi\u00f3n o la deformaci\u00f3n.<\/p>\n<p>En resumen, una perfiladora omega es un equipo de fabricaci\u00f3n especializado utilizado para la producci\u00f3n eficiente y precisa de perfiles omega, que son ampliamente utilizados en diversas industrias por sus propiedades estructurales y versatilidad.<\/p>\n<h3>top 5 fabricante de m\u00e1quina perfiladora de correas en China<\/h3>\n<ol>\n<li>Hangzhou Roll Forming Technology Co., Ltd.<\/li>\n<li>Cangzhou Zhongde Machinery Co.<\/li>\n<li>Liming Stamping Form Machine Co., Ltd.<\/li>\n<li>Xiamen Bogong Machinery Manufacturing Co.<\/li>\n<li>Shanghai Zhanzhi Industrial Group Co., Ltd.<\/li>\n<\/ol>\n<h3>precio de la perfiladora de correas<\/h3>\n<p>Como modelo de lenguaje AI, no tengo informaci\u00f3n en tiempo real sobre los precios de productos espec\u00edficos, ya que pueden variar en funci\u00f3n de diversos factores como la ubicaci\u00f3n, el fabricante, las especificaciones y las condiciones del mercado. Sin embargo, puedo proporcionarle informaci\u00f3n general sobre las perfiladoras de correas.<\/p>\n<p>Las perfiladoras de correas se utilizan para producir correas, que son componentes estructurales utilizados normalmente en la construcci\u00f3n de tejados y muros. El precio de una perfiladora de correas puede depender de factores como su tama\u00f1o, capacidad, caracter\u00edsticas y el fabricante o proveedor.<\/p>\n<p>Para obtener un precio exacto para una m\u00e1quina de perfilado de correas, yo recomendar\u00eda ponerse en contacto con los fabricantes locales, proveedores o distribuidores que se especializan en maquinaria de perfilado. Ellos le pueden proporcionar la informaci\u00f3n de precios m\u00e1s actualizada en funci\u00f3n de sus necesidades espec\u00edficas.<\/p>\n<p>Tambi\u00e9n puede buscar en mercados de maquinaria industrial online o consultar con profesionales del sector para hacerse una idea del rango de precios de las perfiladoras de correas. Adem\u00e1s, tenga en cuenta factores como la garant\u00eda, el servicio posventa y las opiniones de los clientes a la hora de tomar una decisi\u00f3n de compra.<\/p>\n<p>Recuerde que los precios pueden variar significativamente, por lo que es mejor obtener presupuestos directamente de los proveedores para obtener la informaci\u00f3n m\u00e1s precisa y actualizada.<\/p>\n<\/div>","protected":false},"excerpt":{"rendered":"<p>M\u00e1quina perfiladora de correas Omega Nombre:M\u00e1quina perfiladora de correas Omega Modelo:Serie YX Podemos suministrar la m\u00e1quina perfiladora de perfil de secci\u00f3n M (tambi\u00e9n llamada Omega) y otras como el perfil E como trabajo de correa. Tambi\u00e9n podemos suministrar las m\u00e1quinas personalizadas.<\/p>","protected":false},"featured_media":1088,"comment_status":"open","ping_status":"closed","template":"","meta":{"_acf_changed":false},"product_brand":[],"product_cat":[114,73,52],"product_tag":[],"class_list":{"0":"post-1086","1":"product","2":"type-product","3":"status-publish","4":"has-post-thumbnail","6":"product_cat-roll-former","7":"product_cat-sigma-purlin-roll-forming-machine","8":"product_cat-steel-structure","10":"first","11":"instock","12":"shipping-taxable","13":"product-type-simple"},"acf":[],"_links":{"self":[{"href":"https:\/\/swforming.com\/es\/wp-json\/wp\/v2\/product\/1086","targetHints":{"allow":["GET"]}}],"collection":[{"href":"https:\/\/swforming.com\/es\/wp-json\/wp\/v2\/product"}],"about":[{"href":"https:\/\/swforming.com\/es\/wp-json\/wp\/v2\/types\/product"}],"replies":[{"embeddable":true,"href":"https:\/\/swforming.com\/es\/wp-json\/wp\/v2\/comments?post=1086"}],"version-history":[{"count":3,"href":"https:\/\/swforming.com\/es\/wp-json\/wp\/v2\/product\/1086\/revisions"}],"predecessor-version":[{"id":3274,"href":"https:\/\/swforming.com\/es\/wp-json\/wp\/v2\/product\/1086\/revisions\/3274"}],"wp:featuredmedia":[{"embeddable":true,"href":"https:\/\/swforming.com\/es\/wp-json\/wp\/v2\/media\/1088"}],"wp:attachment":[{"href":"https:\/\/swforming.com\/es\/wp-json\/wp\/v2\/media?parent=1086"}],"wp:term":[{"taxonomy":"product_brand","embeddable":true,"href":"https:\/\/swforming.com\/es\/wp-json\/wp\/v2\/product_brand?post=1086"},{"taxonomy":"product_cat","embeddable":true,"href":"https:\/\/swforming.com\/es\/wp-json\/wp\/v2\/product_cat?post=1086"},{"taxonomy":"product_tag","embeddable":true,"href":"https:\/\/swforming.com\/es\/wp-json\/wp\/v2\/product_tag?post=1086"}],"curies":[{"name":"wp","href":"https:\/\/api.w.org\/{rel}","templated":true}]}}