{"id":1082,"date":"2022-09-29T09:10:15","date_gmt":"2022-09-29T09:10:15","guid":{"rendered":"https:\/\/swforming.com\/?post_type=product&#038;p=1082"},"modified":"2023-06-16T06:21:23","modified_gmt":"2023-06-16T06:21:23","slug":"keel-steel-roll-forming-machine","status":"publish","type":"product","link":"https:\/\/swforming.com\/es\/product\/keel-steel-roll-forming-machine\/","title":{"rendered":"M\u00e1quina formadora de rollos de acero de quilla"},"content":{"rendered":"<h3>M\u00e1quina formadora de rollos de acero de quilla<\/h3>\n<p>M\u00e1quina Perfiladora de Acero de Quilla\/Bragueros Nombre:M\u00e1quina Perfiladora de Acero de Quilla\/Bragueros Modelo:Serie YX M\u00e1quina perfiladora de acero de quilla\/bragueros con una dimensi\u00f3n peque\u00f1a, f\u00e1cil de transportar. La velocidad puede ser de hasta 60m\/min.transmisi\u00f3n, por lo que el trabajo ser\u00e1 m\u00e1s estable. Tambi\u00e9n podemos suministrar las m\u00e1quinas personalizadas.<\/p>\n<p>Tambi\u00e9n podemos suministrar las m\u00e1quinas personalizadas.<\/p>\n<h3>Caracter\u00edsticas de la m\u00e1quina perfiladora de quilla de acero<\/h3>\n<p>M\u00e1quina perfiladora de quilla\/cercha de acero de peque\u00f1as dimensiones, f\u00e1cil de transportar. La velocidad puede ser de hasta 60m\/min.<\/p>\n<h3>Aplicaciones<\/h3>\n<p>Los productos acabados se utilizan ampliamente en decoraci\u00f3n, decoraci\u00f3n de interiores, etc.<\/p>\n<h3>Flujo del proceso<\/h3>\n<p>Desenrollador -- Alimentaci\u00f3n - Nivelaci\u00f3n - Punzonado - Perfilado - Corte de carriles - Mesa de salida<\/p>\n<h3>Configuraciones de la m\u00e1quina<\/h3>\n<div>\n<table>\n<tbody>\n<tr>\n<td data-sheets-value=\"{&quot;1&quot;:2,&quot;2&quot;:&quot;1. 3T Hydraulic Decoiler&quot;}\">1. Decoiler hidr\u00e1ulico 3T<\/td>\n<td data-sheets-value=\"{&quot;1&quot;:2,&quot;2&quot;:&quot;2. Feeding Device&quot;}\">\n<div>\n<div>2. Dispositivo de alimentaci\u00f3n<\/div>\n<\/div>\n<\/td>\n<\/tr>\n<tr>\n<td data-sheets-value=\"{&quot;1&quot;:2,&quot;2&quot;:&quot;3. Servo Feeding and Punching Machine&quot;}\">3. M\u00e1quina servoalimentada y punzonadora<\/td>\n<td data-sheets-value=\"{&quot;1&quot;:2,&quot;2&quot;:&quot;4. Roll Forming Machine&quot;}\">\n<div>\n<div>4. M\u00e1quina formadora de rollos<\/div>\n<\/div>\n<\/td>\n<\/tr>\n<tr>\n<td data-sheets-value=\"{&quot;1&quot;:2,&quot;2&quot;:&quot;5. Track Cutting System&quot;}\">5. Sistema de corte de orugas<\/td>\n<td data-sheets-value=\"{&quot;1&quot;:2,&quot;2&quot;:&quot;6. Control Panel&quot;}\">6. 6. Panel de control<\/td>\n<\/tr>\n<tr>\n<td data-sheets-value=\"{&quot;1&quot;:2,&quot;2&quot;:&quot;7. Hydraulic Station&quot;}\">7. Estaci\u00f3n hidr\u00e1ulica<\/td>\n<td data-sheets-value=\"{&quot;1&quot;:2,&quot;2&quot;:&quot;8. Run Out Table&quot;}\">8. Tabla de Run Out<\/td>\n<\/tr>\n<\/tbody>\n<\/table>\n<h3>\u00bfQu\u00e9 es la perfiladora de quilla de acero ligero?<\/h3>\n<p>Una m\u00e1quina perfiladora de quillas de acero ligero es un equipo especializado utilizado en la industria de la construcci\u00f3n para fabricar quillas o montantes de acero de calibre ligero. Las quillas de acero ligero, tambi\u00e9n conocidas como marcos de acero de calibre ligero o montantes met\u00e1licos, son componentes estructurales ligeros hechos de l\u00e1minas de acero galvanizado. Se suelen utilizar en tabiques interiores sin carga, falsos techos y otras aplicaciones en la construcci\u00f3n residencial y comercial.<\/p>\n<p>La perfiladora est\u00e1 dise\u00f1ada para producir quillas de acero ligero de forma continua y eficaz. Suele constar de una serie de estaciones de laminado por las que pasa la banda de acero. Cada estaci\u00f3n de rodillos realiza una operaci\u00f3n espec\u00edfica de moldeado o conformado de la banda de acero, transform\u00e1ndola gradualmente en la forma deseada del perfil de la quilla. La m\u00e1quina utiliza una combinaci\u00f3n de rodillos, punzones y mecanismos de corte para conseguir las dimensiones y caracter\u00edsticas requeridas de la quilla.<\/p>\n<p>La banda de acero se introduce en la perfiladora y, a medida que pasa por cada estaci\u00f3n, se somete a diversas acciones de doblado, plegado y corte. Los rodillos de la m\u00e1quina est\u00e1n configurados con precisi\u00f3n para dar forma gradualmente a la banda de acero en el perfil deseado, garantizando unas dimensiones exactas y una calidad constante. El producto final es una longitud continua de quilla de acero ligero, que puede cortarse en las longitudes deseadas para su transporte e instalaci\u00f3n in situ.<\/p>\n<p>Las m\u00e1quinas perfiladoras de quilla de acero ligero est\u00e1n altamente automatizadas y pueden ser controladas por sistemas computarizados. Ofrecen alta capacidad de producci\u00f3n, precisi\u00f3n y repetibilidad, lo que las hace adecuadas para la fabricaci\u00f3n a gran escala. Estas m\u00e1quinas pueden producir diferentes tipos de perfiles de quilla, como montantes en forma de C, rieles en forma de U y otras formas personalizadas, dependiendo de los requisitos de construcci\u00f3n.<\/p>\n<p>En general, las m\u00e1quinas perfiladoras de quillas de acero ligero desempe\u00f1an un papel crucial en la producci\u00f3n eficiente de componentes de entramado de acero de calibre ligero, permitiendo procesos de construcci\u00f3n m\u00e1s r\u00e1pidos y rentables.<\/p>\n<h3>Ventajas de la m\u00e1quina perfiladora de quilla ligera de China<\/h3>\n<p>Hay varias ventajas de utilizar m\u00e1quinas perfiladoras de quilla de acero ligero de China. \u00c9stos son algunos de los principales beneficios:<\/p>\n<ol>\n<li>Rentable: China es conocida por su competitiva industria manufacturera, y las m\u00e1quinas perfiladoras de quilla de acero ligero de China son a menudo m\u00e1s asequibles en comparaci\u00f3n con las m\u00e1quinas de otros pa\u00edses. Esta ventaja de costes puede reducir significativamente la inversi\u00f3n inicial para las empresas que buscan establecer sus l\u00edneas de producci\u00f3n.<\/li>\n<li>Calidad y fiabilidad: Los fabricantes chinos se han ganado la reputaci\u00f3n de producir maquinaria de alta calidad. Muchos fabricantes chinos de m\u00e1quinas perfiladoras de quilla de acero ligero utilizan t\u00e9cnicas de producci\u00f3n avanzadas y procesos de control de calidad para garantizar m\u00e1quinas fiables y duraderas. Adem\u00e1s, los fabricantes chinos suelen seguir normas y certificaciones internacionales, lo que garantiza el rendimiento de la m\u00e1quina.<\/li>\n<li>Opciones de personalizaci\u00f3n: China ofrece una amplia gama de m\u00e1quinas perfiladoras de quilla de acero ligero con diversas especificaciones y capacidades. A menudo, los fabricantes pueden personalizar las m\u00e1quinas en funci\u00f3n de requisitos espec\u00edficos, como las dimensiones del perfil de la quilla, el grosor del material y la velocidad de producci\u00f3n. Esta flexibilidad permite a las empresas adaptar la m\u00e1quina a sus necesidades espec\u00edficas de producci\u00f3n.<\/li>\n<li>Avances tecnol\u00f3gicos: Los fabricantes chinos han hecho avances significativos en la tecnolog\u00eda de perfilado a lo largo de los a\u00f1os. Muchas m\u00e1quinas perfiladoras de quilla de acero ligero de China incorporan caracter\u00edsticas avanzadas, tales como sistemas de control computarizados, interfaces de pantalla t\u00e1ctil y mecanismos de ajuste autom\u00e1tico. Estos avances tecnol\u00f3gicos mejoran la eficiencia, la productividad y la facilidad de uso de la m\u00e1quina.<\/li>\n<li>Asistencia y servicio posventa: Los fabricantes chinos suelen proporcionar una asistencia y un servicio posventa completos para sus m\u00e1quinas. Ofrecen asistencia t\u00e9cnica, disponibilidad de piezas de repuesto y orientaci\u00f3n para la resoluci\u00f3n de problemas. Adem\u00e1s, muchos fabricantes chinos tienen presencia mundial y prestan asistencia a clientes de todo el mundo.<\/li>\n<li>Presencia mundial: China tiene una fuerte presencia en el mercado internacional de m\u00e1quinas de perfilado. Muchos fabricantes chinos han establecido asociaciones y redes de distribuci\u00f3n en varios pa\u00edses, lo que facilita a las empresas de todo el mundo el acceso y la compra de sus m\u00e1quinas. Este alcance global garantiza la disponibilidad y la asistencia a los clientes independientemente de su ubicaci\u00f3n.<\/li>\n<\/ol>\n<p>Es importante se\u00f1alar que, aunque los fabricantes chinos ofrecen muchas ventajas, es esencial realizar una investigaci\u00f3n exhaustiva, evaluar a los distintos proveedores y tener en cuenta factores como la reputaci\u00f3n, las opiniones de los clientes y las certificaciones de calidad antes de tomar una decisi\u00f3n de compra.<\/p>\n<h3>top 5 quilla ligera rollo formando equipo proveedor en China<\/h3>\n<ol>\n<li>WUXI SUNWAY MACHINERY CO., LTD es un fabricante y exportador profesional que se ocupa del dise\u00f1o, desarrollo y producci\u00f3n de m\u00e1quinas perfiladoras en fr\u00edo. Todos los productos cumplen con los est\u00e1ndares internacionales de calidad y son muy apreciados en una variedad de mercados diferentes en todo el mundo, como Asia, \u00c1frica, Europa, Am\u00e9rica del Sur y Australia, entre otros. Ha ganado una red de ventas global.<\/li>\n<li>Hangzhou Zhongyuan F\u00e1brica de Maquinaria: Hangzhou Zhongyuan Machinery Factory ha estado fabricando maquinas perfiladoras por mas de 20 a\u00f1os. Se especializan en varios tipos de maquinas perfiladoras, incluyendo maquinas perfiladoras de quilla ligera. Sus m\u00e1quinas son conocidas por su precisi\u00f3n, durabilidad y caracter\u00edsticas avanzadas.<\/li>\n<li>Tianjin Haixing Imp &amp; Exp Co., Ltd: Tianjin Haixing Imp &amp; Exp Co., Ltd es un proveedor l\u00edder de m\u00e1quinas perfiladoras, incluyendo m\u00e1quinas perfiladoras de quilla ligera. Tienen una amplia gama de m\u00e1quinas disponibles y son conocidos por su fabricaci\u00f3n de alta calidad y excelente servicio al cliente.<\/li>\n<li>Shanghai Sihua Precision Machinery Co., Ltd: Shanghai Sihua Precision Machinery Co., Ltd es un fabricante de renombre de maquinas perfiladoras, incluyendo maquinas perfiladoras de quilla ligera. Se centran en proporcionar soluciones personalizadas y tienen un fuerte \u00e9nfasis en los avances tecnol\u00f3gicos y la calidad del producto.<\/li>\n<li>Cangzhou Zhongtuo International Trade Co., Ltd: Cangzhou Zhongtuo International Trade Co., Ltd es un proveedor bien establecido de m\u00e1quinas perfiladoras, que atienden a diversas industrias. Ofrecen una amplia gama de m\u00e1quinas, incluyendo m\u00e1quinas perfiladoras de quilla ligera, y son conocidos por sus precios competitivos y servicio post-venta confiable.<\/li>\n<\/ol>\n<blockquote class=\"wp-embedded-content\" data-secret=\"RJFzEIeXHQ\"><p><a href=\"https:\/\/swforming.com\/es\/maquina-laminadora-de-acero-una-herramienta-importante-para-proyectos-de-construccion\/\">M\u00e1quina formadora de rollos de acero: una herramienta importante para proyectos de construcci\u00f3n<\/a><\/p><\/blockquote>\n<p><iframe class=\"wp-embedded-content\" sandbox=\"allow-scripts\" security=\"restricted\" style=\"position: absolute; clip: rect(1px, 1px, 1px, 1px);\" title=\"&quot;M\u00e1quina Perfiladora de Acero: Una herramienta importante para los proyectos de construcci\u00f3n&quot; - SUNWAY Machine\" src=\"https:\/\/swforming.com\/steel-roll-forming-machine-an-important-tool-for-construction-projects\/embed\/#?secret=DwfUiDlYBS#?secret=RJFzEIeXHQ\" data-secret=\"RJFzEIeXHQ\" width=\"600\" height=\"338\" frameborder=\"0\" marginwidth=\"0\" marginheight=\"0\" scrolling=\"no\"><\/iframe><\/p>\n<\/div>","protected":false},"excerpt":{"rendered":"<p>M\u00e1quina Perfiladora de Acero de Quilla\/Bragueros Nombre:M\u00e1quina Perfiladora de Acero de Quilla\/Bragueros Modelo:Serie YX M\u00e1quina perfiladora de acero de quilla\/bragueros con una dimensi\u00f3n peque\u00f1a, f\u00e1cil de transportar. La velocidad puede ser de hasta 60m\/min.transmisi\u00f3n, por lo que el trabajo ser\u00e1 m\u00e1s estable. Tambi\u00e9n podemos suministrar las m\u00e1quinas personalizadas.<\/p>\n<p>Tambi\u00e9n podemos suministrar las m\u00e1quinas personalizadas.<\/p>","protected":false},"featured_media":1083,"comment_status":"open","ping_status":"closed","template":"","meta":{"_acf_changed":false},"product_brand":[],"product_cat":[71,52],"product_tag":[],"class_list":{"0":"post-1082","1":"product","2":"type-product","3":"status-publish","4":"has-post-thumbnail","6":"product_cat-light-gauge-steel-roll-forming-machine","7":"product_cat-steel-structure","9":"first","10":"instock","11":"shipping-taxable","12":"product-type-simple"},"acf":[],"_links":{"self":[{"href":"https:\/\/swforming.com\/es\/wp-json\/wp\/v2\/product\/1082","targetHints":{"allow":["GET"]}}],"collection":[{"href":"https:\/\/swforming.com\/es\/wp-json\/wp\/v2\/product"}],"about":[{"href":"https:\/\/swforming.com\/es\/wp-json\/wp\/v2\/types\/product"}],"replies":[{"embeddable":true,"href":"https:\/\/swforming.com\/es\/wp-json\/wp\/v2\/comments?post=1082"}],"version-history":[{"count":3,"href":"https:\/\/swforming.com\/es\/wp-json\/wp\/v2\/product\/1082\/revisions"}],"predecessor-version":[{"id":3257,"href":"https:\/\/swforming.com\/es\/wp-json\/wp\/v2\/product\/1082\/revisions\/3257"}],"wp:featuredmedia":[{"embeddable":true,"href":"https:\/\/swforming.com\/es\/wp-json\/wp\/v2\/media\/1083"}],"wp:attachment":[{"href":"https:\/\/swforming.com\/es\/wp-json\/wp\/v2\/media?parent=1082"}],"wp:term":[{"taxonomy":"product_brand","embeddable":true,"href":"https:\/\/swforming.com\/es\/wp-json\/wp\/v2\/product_brand?post=1082"},{"taxonomy":"product_cat","embeddable":true,"href":"https:\/\/swforming.com\/es\/wp-json\/wp\/v2\/product_cat?post=1082"},{"taxonomy":"product_tag","embeddable":true,"href":"https:\/\/swforming.com\/es\/wp-json\/wp\/v2\/product_tag?post=1082"}],"curies":[{"name":"wp","href":"https:\/\/api.w.org\/{rel}","templated":true}]}}