{"id":1005,"date":"2022-09-29T07:44:37","date_gmt":"2022-09-29T07:44:37","guid":{"rendered":"https:\/\/swforming.com\/?post_type=product&#038;p=1005"},"modified":"2026-02-25T19:23:55","modified_gmt":"2026-02-25T19:23:55","slug":"maquina-perfiladora-de-correas-en-c-completamente-automatica","status":"publish","type":"product","link":"https:\/\/swforming.com\/es\/product\/full-automatic-c-purlin-roll-forming-machine\/","title":{"rendered":"M\u00e1quina perfiladora de correas en C totalmente autom\u00e1tica de cambio r\u00e1pido"},"content":{"rendered":"<h3>Caracter\u00edsticas<\/h3>\n<ul>\n<li>La m\u00e1quina perfiladora de correas en C completamente autom\u00e1tica est\u00e1 dise\u00f1ada con el prop\u00f3sito de cambiar autom\u00e1ticamente el tama\u00f1o a trav\u00e9s de ambos marcos que se pueden ajustar libremente.<\/li>\n<li>El sistema de control PLC con Simatic Panel Touch, a trav\u00e9s del ajuste es completamente motorizado.<\/li>\n<li>Cuando sea necesario, el dispositivo de punzonado y corte puede estar disponible.<\/li>\n<li>Auto C presenta alta eficiencia, f\u00e1cil manejo, cambio r\u00e1pido de tama\u00f1o y seguridad.<\/li>\n<\/ul>\n<p><strong>Par\u00e1metros del perfil de la m\u00e1quina formadora de rollos de correas en C completamente autom\u00e1tica:<\/strong><\/p>\n<ul>\n<li>Grosor: 1,5-3,0 mm<\/li>\n<li>El ancho de la banda oscila entre 80 y 300 mm<\/li>\n<li>La altura de la brida oscila entre 40 y 80 mm<\/li>\n<\/ul>\n<h3>M\u00e1quina perfiladora de correas en C completamente autom\u00e1tica Aplicaci\u00f3n:<\/h3>\n<p>Los productos terminados son ampliamente utilizados como soporte de techos y paredes en construcciones a gran y mediana escala, como f\u00e1bricas, almacenes, garajes, centros de exposiciones, cines, teatros, jardines, etc.<\/p>\n<h3>Flujo del proceso:<\/h3>\n<p>Desenrollador \u2014 Alimentaci\u00f3n \u2014 Enderezado \u2014 Preperforado \u2014 Perfilado \u2014 Corte \u2014 Rejilla de salida<\/p>\n<h3>Configuraciones de la m\u00e1quina<\/h3>\n<div>\n<table>\n<tbody>\n<tr>\n<td data-sheets-value=\"{&quot;1&quot;:2,&quot;2&quot;:&quot;1. Hydraulic Uncoiler&quot;}\">1. Desenrollador hidr\u00e1ulico<\/td>\n<td data-sheets-value=\"{&quot;1&quot;:2,&quot;2&quot;:&quot;2. Feeding Device&quot;}\">\n<div>\n<div>2. Dispositivo de alimentaci\u00f3n<\/div>\n<\/div>\n<\/td>\n<\/tr>\n<tr>\n<td data-sheets-value=\"{&quot;1&quot;:2,&quot;2&quot;:&quot;3. Straightening&quot;}\">3. Alisado<\/td>\n<td data-sheets-value=\"{&quot;1&quot;:2,&quot;2&quot;:&quot;4. Pre-punching&quot;}\">\n<div>\n<div>4. Pretroquelado<\/div>\n<\/div>\n<\/td>\n<\/tr>\n<tr>\n<td data-sheets-value=\"{&quot;1&quot;:2,&quot;2&quot;:&quot;5. Roll Forming Machine&quot;}\">5. M\u00e1quina formadora de rollos<\/td>\n<td data-sheets-value=\"{&quot;1&quot;:2,&quot;2&quot;:&quot;6. Post Cutting&quot;}\">\n<div>\n<div>6. Posterior al corte<\/div>\n<\/div>\n<\/td>\n<\/tr>\n<tr>\n<td data-sheets-value=\"{&quot;1&quot;:2,&quot;2&quot;:&quot;7. PLC Control System&quot;}\">7. Sistema de Control PLC<\/td>\n<td data-sheets-value=\"{&quot;1&quot;:2,&quot;2&quot;:&quot;8. Exit Rack&quot;}\">8. Rejilla de salida<\/td>\n<\/tr>\n<\/tbody>\n<\/table>\n<\/div>\n<h3>Dibujos de perfil para referencia<\/h3>\n<p><img fetchpriority=\"high\" decoding=\"async\" class=\"alignnone size-full wp-image-1007\" src=\"https:\/\/swforming.com\/wp-content\/uploads\/2022\/09\/7a3ab46e-effa-45b7-83f1-8efbed2e5555.jpg\" alt=\"\" width=\"800\" height=\"355\" title=\"\" srcset=\"https:\/\/swforming.com\/wp-content\/uploads\/2022\/09\/7a3ab46e-effa-45b7-83f1-8efbed2e5555.jpg 800w, https:\/\/swforming.com\/wp-content\/uploads\/2022\/09\/7a3ab46e-effa-45b7-83f1-8efbed2e5555-600x266.jpg 600w, https:\/\/swforming.com\/wp-content\/uploads\/2022\/09\/7a3ab46e-effa-45b7-83f1-8efbed2e5555-300x133.jpg 300w, https:\/\/swforming.com\/wp-content\/uploads\/2022\/09\/7a3ab46e-effa-45b7-83f1-8efbed2e5555-768x341.jpg 768w\" sizes=\"(max-width: 800px) 100vw, 800px\" \/><\/p>\n<div>\n<table>\n<tbody>\n<tr>\n<td><\/td>\n<td colspan=\"6\" rowspan=\"1\" data-sheets-value=\"{&quot;1&quot;:2,&quot;2&quot;:&quot;C Purlin Section Size&quot;}\">Tama\u00f1o de la secci\u00f3n de la correa C<\/td>\n<td><\/td>\n<\/tr>\n<tr>\n<td colspan=\"1\" rowspan=\"2\" data-sheets-value=\"{&quot;1&quot;:2,&quot;2&quot;:&quot;Model&quot;}\">\n<div>Modelo<\/div>\n<\/td>\n<td colspan=\"5\" rowspan=\"1\" data-sheets-value=\"{&quot;1&quot;:2,&quot;2&quot;:&quot;Section Size (mm)&quot;}\">Tama\u00f1o de la secci\u00f3n (mm)<\/td>\n<td data-sheets-value=\"{&quot;1&quot;:2,&quot;2&quot;:&quot;Hole Distance&quot;}\">Distancia del agujero<\/td>\n<td colspan=\"1\" rowspan=\"2\" data-sheets-value=\"{&quot;1&quot;:2,&quot;2&quot;:&quot;Remark&quot;}\">\n<div>Observaci\u00f3n<\/div>\n<\/td>\n<\/tr>\n<tr>\n<td data-sheets-value=\"{&quot;1&quot;:2,&quot;2&quot;:&quot;H&quot;}\">H<\/td>\n<td data-sheets-value=\"{&quot;1&quot;:2,&quot;2&quot;:&quot;B&quot;}\">B<\/td>\n<td data-sheets-value=\"{&quot;1&quot;:2,&quot;2&quot;:&quot;B&quot;}\">B<\/td>\n<td data-sheets-value=\"{&quot;1&quot;:2,&quot;2&quot;:&quot;C&quot;}\">C<\/td>\n<td data-sheets-value=\"{&quot;1&quot;:2,&quot;2&quot;:&quot;t&quot;}\">t<\/td>\n<td data-sheets-value=\"{&quot;1&quot;:2,&quot;2&quot;:&quot;h&quot;}\">h<\/td>\n<\/tr>\n<tr>\n<td data-sheets-value=\"{&quot;1&quot;:2,&quot;2&quot;:&quot;C100&quot;}\">C100<\/td>\n<td data-sheets-value=\"{&quot;1&quot;:3,&quot;3&quot;:100}\">100<\/td>\n<td data-sheets-value=\"{&quot;1&quot;:3,&quot;3&quot;:40}\">40<\/td>\n<td data-sheets-value=\"{&quot;1&quot;:3,&quot;3&quot;:40}\">40<\/td>\n<td data-sheets-value=\"{&quot;1&quot;:3,&quot;3&quot;:15}\">15<\/td>\n<td data-sheets-value=\"{&quot;1&quot;:2,&quot;2&quot;:&quot;2.0.3.0&quot;}\">2.0~3.0<\/td>\n<td data-sheets-value=\"{&quot;1&quot;:2,&quot;2&quot;:&quot;No Punching&quot;}\">sin perforar<\/td>\n<td colspan=\"1\" rowspan=\"9\" data-sheets-value=\"{&quot;1&quot;:2,&quot;2&quot;:&quot;We Can Design the Machine According to Customer's Requests (with Middle Hole Punching).&quot;}\">\n<div>Podemos dise\u00f1ar la m\u00e1quina de acuerdo con las solicitudes del cliente (con punzonado en el medio).<\/div>\n<\/td>\n<\/tr>\n<tr>\n<td data-sheets-value=\"{&quot;1&quot;:2,&quot;2&quot;:&quot;C120&quot;}\">C120<\/td>\n<td data-sheets-value=\"{&quot;1&quot;:3,&quot;3&quot;:120}\">120<\/td>\n<td data-sheets-value=\"{&quot;1&quot;:3,&quot;3&quot;:50}\">50<\/td>\n<td data-sheets-value=\"{&quot;1&quot;:3,&quot;3&quot;:50}\">50<\/td>\n<td data-sheets-value=\"{&quot;1&quot;:3,&quot;3&quot;:20}\">20<\/td>\n<td data-sheets-value=\"{&quot;1&quot;:2,&quot;2&quot;:&quot;2.0-3.0&quot;}\">2.0-3.0<\/td>\n<td data-sheets-value=\"{&quot;1&quot;:3,&quot;3&quot;:40}\">40<\/td>\n<\/tr>\n<tr>\n<td data-sheets-value=\"{&quot;1&quot;:2,&quot;2&quot;:&quot;C140&quot;}\">C140<\/td>\n<td data-sheets-value=\"{&quot;1&quot;:3,&quot;3&quot;:140}\">140<\/td>\n<td data-sheets-value=\"{&quot;1&quot;:3,&quot;3&quot;:50}\">50<\/td>\n<td data-sheets-value=\"{&quot;1&quot;:3,&quot;3&quot;:50}\">50<\/td>\n<td data-sheets-value=\"{&quot;1&quot;:3,&quot;3&quot;:20}\">20<\/td>\n<td data-sheets-value=\"{&quot;1&quot;:2,&quot;2&quot;:&quot;2.0-3.0&quot;}\">2.0-3.0<\/td>\n<td colspan=\"1\" rowspan=\"7\" data-sheets-value=\"{&quot;1&quot;:2,&quot;2&quot;:&quot;Adjustable Hole Distance&quot;}\">\n<div>Distancia de orificio ajustable<\/div>\n<\/td>\n<\/tr>\n<tr>\n<td data-sheets-value=\"{&quot;1&quot;:2,&quot;2&quot;:&quot;C160&quot;}\">C160<\/td>\n<td data-sheets-value=\"{&quot;1&quot;:3,&quot;3&quot;:160}\">160<\/td>\n<td data-sheets-value=\"{&quot;1&quot;:3,&quot;3&quot;:60}\">60<\/td>\n<td data-sheets-value=\"{&quot;1&quot;:3,&quot;3&quot;:60}\">60<\/td>\n<td data-sheets-value=\"{&quot;1&quot;:3,&quot;3&quot;:20}\">20<\/td>\n<td data-sheets-value=\"{&quot;1&quot;:2,&quot;2&quot;:&quot;2.0-3.0&quot;}\">2.0-3.0<\/td>\n<\/tr>\n<tr>\n<td data-sheets-value=\"{&quot;1&quot;:2,&quot;2&quot;:&quot;C180&quot;}\">C180<\/td>\n<td data-sheets-value=\"{&quot;1&quot;:3,&quot;3&quot;:180}\">180<\/td>\n<td data-sheets-value=\"{&quot;1&quot;:3,&quot;3&quot;:60}\">60<\/td>\n<td data-sheets-value=\"{&quot;1&quot;:3,&quot;3&quot;:60}\">60<\/td>\n<td data-sheets-value=\"{&quot;1&quot;:3,&quot;3&quot;:20}\">20<\/td>\n<td data-sheets-value=\"{&quot;1&quot;:2,&quot;2&quot;:&quot;2.0-3.0&quot;}\">2.0-3.0<\/td>\n<\/tr>\n<tr>\n<td data-sheets-value=\"{&quot;1&quot;:2,&quot;2&quot;:&quot;C200&quot;}\">C200<\/td>\n<td data-sheets-value=\"{&quot;1&quot;:3,&quot;3&quot;:200}\">200<\/td>\n<td data-sheets-value=\"{&quot;1&quot;:3,&quot;3&quot;:60}\">60<\/td>\n<td data-sheets-value=\"{&quot;1&quot;:3,&quot;3&quot;:60}\">60<\/td>\n<td data-sheets-value=\"{&quot;1&quot;:3,&quot;3&quot;:20}\">20<\/td>\n<td data-sheets-value=\"{&quot;1&quot;:2,&quot;2&quot;:&quot;2.0-3.0&quot;}\">2.0-3.0<\/td>\n<\/tr>\n<tr>\n<td data-sheets-value=\"{&quot;1&quot;:2,&quot;2&quot;:&quot;C220&quot;}\">C220<\/td>\n<td data-sheets-value=\"{&quot;1&quot;:3,&quot;3&quot;:220}\">220<\/td>\n<td data-sheets-value=\"{&quot;1&quot;:3,&quot;3&quot;:70}\">70<\/td>\n<td data-sheets-value=\"{&quot;1&quot;:3,&quot;3&quot;:70}\">70<\/td>\n<td data-sheets-value=\"{&quot;1&quot;:3,&quot;3&quot;:20}\">20<\/td>\n<td data-sheets-value=\"{&quot;1&quot;:2,&quot;2&quot;:&quot;2.0-3.0&quot;}\">2.0-3.0<\/td>\n<\/tr>\n<tr>\n<td data-sheets-value=\"{&quot;1&quot;:2,&quot;2&quot;:&quot;C250&quot;}\">C250<\/td>\n<td data-sheets-value=\"{&quot;1&quot;:3,&quot;3&quot;:250}\">250<\/td>\n<td data-sheets-value=\"{&quot;1&quot;:3,&quot;3&quot;:70}\">70<\/td>\n<td data-sheets-value=\"{&quot;1&quot;:3,&quot;3&quot;:70}\">70<\/td>\n<td data-sheets-value=\"{&quot;1&quot;:3,&quot;3&quot;:20}\">20<\/td>\n<td data-sheets-value=\"{&quot;1&quot;:2,&quot;2&quot;:&quot;2.0-3.0&quot;}\">2.0-3.0<\/td>\n<\/tr>\n<tr>\n<td data-sheets-value=\"{&quot;1&quot;:2,&quot;2&quot;:&quot;C300&quot;}\">C300<\/td>\n<td data-sheets-value=\"{&quot;1&quot;:3,&quot;3&quot;:300}\">300<\/td>\n<td data-sheets-value=\"{&quot;1&quot;:3,&quot;3&quot;:80}\">80<\/td>\n<td data-sheets-value=\"{&quot;1&quot;:3,&quot;3&quot;:80}\">80<\/td>\n<td data-sheets-value=\"{&quot;1&quot;:3,&quot;3&quot;:20}\">20<\/td>\n<td data-sheets-value=\"{&quot;1&quot;:2,&quot;2&quot;:&quot;2.0-3.0&quot;}\">2.0-3.0<\/td>\n<\/tr>\n<tr>\n<td><\/td>\n<td colspan=\"6\" rowspan=\"1\" data-sheets-value=\"{&quot;1&quot;:2,&quot;2&quot;:&quot;Z Purlin Section Size&quot;}\">Tama\u00f1o de la secci\u00f3n de la correa Z<\/td>\n<td><\/td>\n<\/tr>\n<tr>\n<td colspan=\"1\" rowspan=\"2\" data-sheets-value=\"{&quot;1&quot;:2,&quot;2&quot;:&quot;Model&quot;}\">\n<div>Modelo<\/div>\n<\/td>\n<td colspan=\"5\" rowspan=\"1\" data-sheets-value=\"{&quot;1&quot;:2,&quot;2&quot;:&quot;Section Size (mm)&quot;}\">Tama\u00f1o de la secci\u00f3n (mm)<\/td>\n<td data-sheets-value=\"{&quot;1&quot;:2,&quot;2&quot;:&quot;Hole Distance&quot;}\">Distancia del agujero<\/td>\n<td colspan=\"1\" rowspan=\"2\" data-sheets-value=\"{&quot;1&quot;:2,&quot;2&quot;:&quot;Remark&quot;}\">\n<div>Observaci\u00f3n<\/div>\n<\/td>\n<\/tr>\n<tr>\n<td data-sheets-value=\"{&quot;1&quot;:2,&quot;2&quot;:&quot;H&quot;}\">H<\/td>\n<td data-sheets-value=\"{&quot;1&quot;:2,&quot;2&quot;:&quot;B&quot;}\">B<\/td>\n<td data-sheets-value=\"{&quot;1&quot;:2,&quot;2&quot;:&quot;b&quot;}\">b<\/td>\n<td data-sheets-value=\"{&quot;1&quot;:2,&quot;2&quot;:&quot;C&quot;}\">C<\/td>\n<td data-sheets-value=\"{&quot;1&quot;:2,&quot;2&quot;:&quot;t&quot;}\">t<\/td>\n<td data-sheets-value=\"{&quot;1&quot;:2,&quot;2&quot;:&quot;h&quot;}\">h<\/td>\n<\/tr>\n<tr>\n<td data-sheets-value=\"{&quot;1&quot;:2,&quot;2&quot;:&quot;Z100&quot;}\">Z100<\/td>\n<td data-sheets-value=\"{&quot;1&quot;:3,&quot;3&quot;:100}\">100<\/td>\n<td data-sheets-value=\"{&quot;1&quot;:3,&quot;3&quot;:55}\">55<\/td>\n<td data-sheets-value=\"{&quot;1&quot;:3,&quot;3&quot;:50}\">50<\/td>\n<td data-sheets-value=\"{&quot;1&quot;:3,&quot;3&quot;:20}\">20<\/td>\n<td data-sheets-value=\"{&quot;1&quot;:2,&quot;2&quot;:&quot;2.0-3.0&quot;}\">2.0-3.0<\/td>\n<td data-sheets-value=\"{&quot;1&quot;:3,&quot;3&quot;:40}\">40<\/td>\n<td colspan=\"1\" rowspan=\"10\" data-sheets-value=\"{&quot;1&quot;:2,&quot;2&quot;:&quot;We Can Design the Machine According to Customer's Requests (with Middle Hole Punching or Flange Punching).&quot;}\">\n<div>Podemos dise\u00f1ar la m\u00e1quina de acuerdo con las solicitudes del cliente (con punzonado de orificio medio o punzonado de brida).<\/div>\n<\/td>\n<\/tr>\n<tr>\n<td data-sheets-value=\"{&quot;1&quot;:2,&quot;2&quot;:&quot;Z120&quot;}\">Z120<\/td>\n<td data-sheets-value=\"{&quot;1&quot;:3,&quot;3&quot;:120}\">120<\/td>\n<td data-sheets-value=\"{&quot;1&quot;:3,&quot;3&quot;:55}\">55<\/td>\n<td data-sheets-value=\"{&quot;1&quot;:3,&quot;3&quot;:50}\">50<\/td>\n<td data-sheets-value=\"{&quot;1&quot;:3,&quot;3&quot;:20}\">20<\/td>\n<td data-sheets-value=\"{&quot;1&quot;:2,&quot;2&quot;:&quot;2.0-3.0&quot;}\">2.0-3.0<\/td>\n<td colspan=\"1\" rowspan=\"9\" data-sheets-value=\"{&quot;1&quot;:2,&quot;2&quot;:&quot;Adjustable Hole Distance&quot;}\">\n<div>Distancia de orificio ajustable<\/div>\n<\/td>\n<\/tr>\n<tr>\n<td data-sheets-value=\"{&quot;1&quot;:2,&quot;2&quot;:&quot;Z140&quot;}\">Z140<\/td>\n<td data-sheets-value=\"{&quot;1&quot;:3,&quot;3&quot;:140}\">140<\/td>\n<td data-sheets-value=\"{&quot;1&quot;:3,&quot;3&quot;:55}\">55<\/td>\n<td data-sheets-value=\"{&quot;1&quot;:3,&quot;3&quot;:50}\">50<\/td>\n<td data-sheets-value=\"{&quot;1&quot;:3,&quot;3&quot;:20}\">20<\/td>\n<td data-sheets-value=\"{&quot;1&quot;:2,&quot;2&quot;:&quot;2.0-3.0&quot;}\">2.0-3.0<\/td>\n<\/tr>\n<tr>\n<td data-sheets-value=\"{&quot;1&quot;:3,&quot;3&quot;:2150}\">2150<\/td>\n<td data-sheets-value=\"{&quot;1&quot;:3,&quot;3&quot;:160}\">160<\/td>\n<td data-sheets-value=\"{&quot;1&quot;:3,&quot;3&quot;:67}\">67<\/td>\n<td data-sheets-value=\"{&quot;1&quot;:3,&quot;3&quot;:61}\">61<\/td>\n<td data-sheets-value=\"{&quot;1&quot;:3,&quot;3&quot;:20}\">20<\/td>\n<td data-sheets-value=\"{&quot;1&quot;:2,&quot;2&quot;:&quot;2.0-3.0&quot;}\">2.0-3.0<\/td>\n<\/tr>\n<tr>\n<td data-sheets-value=\"{&quot;1&quot;:2,&quot;2&quot;:&quot;Z160&quot;}\">Z160<\/td>\n<td data-sheets-value=\"{&quot;1&quot;:3,&quot;3&quot;:180}\">180<\/td>\n<td data-sheets-value=\"{&quot;1&quot;:3,&quot;3&quot;:67}\">67<\/td>\n<td data-sheets-value=\"{&quot;1&quot;:3,&quot;3&quot;:61}\">61<\/td>\n<td data-sheets-value=\"{&quot;1&quot;:3,&quot;3&quot;:20}\">20<\/td>\n<td data-sheets-value=\"{&quot;1&quot;:2,&quot;2&quot;:&quot;2.0-3.0&quot;}\">2.0-3.0<\/td>\n<\/tr>\n<tr>\n<td data-sheets-value=\"{&quot;1&quot;:3,&quot;3&quot;:2180}\">2180<\/td>\n<td data-sheets-value=\"{&quot;1&quot;:3,&quot;3&quot;:200}\">200<\/td>\n<td data-sheets-value=\"{&quot;1&quot;:3,&quot;3&quot;:67}\">67<\/td>\n<td data-sheets-value=\"{&quot;1&quot;:3,&quot;3&quot;:61}\">61<\/td>\n<td data-sheets-value=\"{&quot;1&quot;:3,&quot;3&quot;:20}\">20<\/td>\n<td data-sheets-value=\"{&quot;1&quot;:2,&quot;2&quot;:&quot;2.0-3.0&quot;}\">2.0-3.0<\/td>\n<\/tr>\n<tr>\n<td data-sheets-value=\"{&quot;1&quot;:3,&quot;3&quot;:2200}\">2200<\/td>\n<td data-sheets-value=\"{&quot;1&quot;:3,&quot;3&quot;:220}\">220<\/td>\n<td data-sheets-value=\"{&quot;1&quot;:3,&quot;3&quot;:67}\">67<\/td>\n<td data-sheets-value=\"{&quot;1&quot;:3,&quot;3&quot;:61}\">61<\/td>\n<td data-sheets-value=\"{&quot;1&quot;:3,&quot;3&quot;:20}\">20<\/td>\n<td data-sheets-value=\"{&quot;1&quot;:2,&quot;2&quot;:&quot;2.0-3.0&quot;}\">2.0-3.0<\/td>\n<\/tr>\n<tr>\n<td data-sheets-value=\"{&quot;1&quot;:2,&quot;2&quot;:&quot;Z250&quot;}\">Z250<\/td>\n<td data-sheets-value=\"{&quot;1&quot;:3,&quot;3&quot;:250}\">250<\/td>\n<td data-sheets-value=\"{&quot;1&quot;:3,&quot;3&quot;:78}\">78<\/td>\n<td data-sheets-value=\"{&quot;1&quot;:3,&quot;3&quot;:72}\">72<\/td>\n<td data-sheets-value=\"{&quot;1&quot;:3,&quot;3&quot;:20}\">20<\/td>\n<td data-sheets-value=\"{&quot;1&quot;:2,&quot;2&quot;:&quot;2.0.3.0&quot;}\">2.0.3.0<\/td>\n<\/tr>\n<tr>\n<td data-sheets-value=\"{&quot;1&quot;:2,&quot;2&quot;:&quot;Z280&quot;}\">Z280<\/td>\n<td data-sheets-value=\"{&quot;1&quot;:3,&quot;3&quot;:280}\">280<\/td>\n<td data-sheets-value=\"{&quot;1&quot;:3,&quot;3&quot;:78}\">78<\/td>\n<td data-sheets-value=\"{&quot;1&quot;:3,&quot;3&quot;:72}\">72<\/td>\n<td data-sheets-value=\"{&quot;1&quot;:3,&quot;3&quot;:20}\">20<\/td>\n<td data-sheets-value=\"{&quot;1&quot;:2,&quot;2&quot;:&quot;2.0-3.0&quot;}\">2.0-3.0<\/td>\n<\/tr>\n<tr>\n<td data-sheets-value=\"{&quot;1&quot;:3,&quot;3&quot;:2300}\">2300<\/td>\n<td data-sheets-value=\"{&quot;1&quot;:3,&quot;3&quot;:300}\">300<\/td>\n<td data-sheets-value=\"{&quot;1&quot;:3,&quot;3&quot;:78}\">78<\/td>\n<td data-sheets-value=\"{&quot;1&quot;:3,&quot;3&quot;:72}\">72<\/td>\n<td data-sheets-value=\"{&quot;1&quot;:3,&quot;3&quot;:20}\">20<\/td>\n<td data-sheets-value=\"{&quot;1&quot;:2,&quot;2&quot;:&quot;2.0-3.0&quot;}\">2.0-3.0<\/td>\n<\/tr>\n<\/tbody>\n<\/table>\n<h3>\u00bfC\u00f3mo se consigue la automatizaci\u00f3n de una perfiladora totalmente autom\u00e1tica?<\/h3>\n<p>La automatizaci\u00f3n de una perfiladora totalmente automatizada se consigue mediante la integraci\u00f3n de varios componentes y tecnolog\u00edas que trabajan juntos para automatizar el proceso de producci\u00f3n. Estos son los elementos clave que contribuyen a la automatizaci\u00f3n:<\/p>\n<ol>\n<li>Sistema de control: Un sofisticado sistema de control es el n\u00facleo de la automatizaci\u00f3n. Incluye controladores l\u00f3gicos programables (PLC) o sistemas de control num\u00e9rico por ordenador (CNC) que gestionan y coordinan las operaciones de la m\u00e1quina. El sistema de control recibe la informaci\u00f3n de los sensores y da instrucciones a los distintos componentes para que funcionen de forma automatizada.<\/li>\n<li>Sensores: Los sensores se utilizan para detectar y medir diversos par\u00e1metros, como la posici\u00f3n del material, las dimensiones, la velocidad y la alineaci\u00f3n. Proporcionan informaci\u00f3n en tiempo real al sistema de control, lo que le permite realizar ajustes y controlar las operaciones de la m\u00e1quina en consecuencia.<\/li>\n<li>Sistema de alimentaci\u00f3n autom\u00e1tica: Un sistema de alimentaci\u00f3n autom\u00e1tico, a menudo equipado con desenrolladores motorizados o hidr\u00e1ulicos, se encarga de desenrollar y alimentar la materia prima (bobina de metal) en la l\u00ednea de perfilado sin intervenci\u00f3n manual. Puede incluir sensores para garantizar la tensi\u00f3n y alineaci\u00f3n adecuadas del material.<\/li>\n<li>Estaciones de perfilado: Las estaciones de perfilado constan de varios conjuntos de rodillos y herramientas de perfilado. Est\u00e1n dise\u00f1adas para conformar gradualmente la materia prima en el perfil deseado. Los mecanismos de ajuste automatizados, accionados por motores o actuadores, controlan la posici\u00f3n y los ajustes de los rodillos para lograr un conformado preciso.<\/li>\n<li>Mecanismo de corte: Se emplea un mecanismo de corte automatizado para cortar los perfiles conformados a las longitudes deseadas. Puede ser un sistema de corte volante que corta los perfiles sin detener la l\u00ednea de producci\u00f3n. La operaci\u00f3n de corte se sincroniza con el sistema de control para obtener un corte preciso y uniforme.<\/li>\n<li>Medici\u00f3n y control de la longitud: Los dispositivos de medici\u00f3n de longitud, como codificadores o sensores l\u00e1ser, se utilizan para medir con precisi\u00f3n la longitud de los perfiles formados. El sistema de control utiliza esta informaci\u00f3n para controlar el mecanismo de corte y garantizar que los perfiles se cortan a las longitudes deseadas.<\/li>\n<li>Sistemas de apilado o descarga: Se emplean sistemas automatizados de apilado o descarga para manipular los perfiles acabados. Pueden incluir sistemas transportadores, brazos rob\u00f3ticos u otros dispositivos mec\u00e1nicos que recogen, apilan y organizan los perfiles para su posterior procesamiento o envasado.<\/li>\n<\/ol>\n<p>Mediante la integraci\u00f3n de estos componentes y tecnolog\u00edas, una perfiladora totalmente automatizada consigue una coordinaci\u00f3n, un control y un ajuste perfectos de las distintas fases del proceso de producci\u00f3n. La automatizaci\u00f3n reduce al m\u00ednimo la intervenci\u00f3n manual, aumenta la eficiencia de la producci\u00f3n, mejora la precisi\u00f3n y garantiza un resultado de calidad constante.<\/p>\n<h3>ventajas de la perfiladora de correas oem c<\/h3>\n<ol>\n<li>Personalizaci\u00f3n: Como m\u00e1quina OEM, puede personalizarse para satisfacer requisitos espec\u00edficos y especificaciones de dise\u00f1o del cliente. Esto permite flexibilidad en la producci\u00f3n de correas C de diferentes tama\u00f1os, formas y dimensiones.<\/li>\n<li>Calidad y precisi\u00f3n: Las m\u00e1quinas OEM suelen estar dise\u00f1adas y construidas con materiales de alta calidad y tecnolog\u00eda avanzada. Ofrecen una excelente precisi\u00f3n en el proceso de perfilado, lo que garantiza una producci\u00f3n precisa y uniforme de correas C.<\/li>\n<li>Eficacia y productividad: Las perfiladoras C Purlin est\u00e1n dise\u00f1adas para la producci\u00f3n a alta velocidad, lo que permite procesos de fabricaci\u00f3n eficientes. Las funciones de automatizaci\u00f3n y los controles avanzados de la m\u00e1quina OEM mejoran la productividad y reducen las necesidades de mano de obra.<\/li>\n<li>Ahorro de costes: Al invertir en una m\u00e1quina OEM, los fabricantes pueden conseguir un ahorro de costes a largo plazo. La producci\u00f3n a alta velocidad, la reducci\u00f3n de los residuos de material y el uso eficiente de los recursos contribuyen a reducir los costes generales y a mejorar la rentabilidad.<\/li>\n<li>Fiabilidad y durabilidad: Las m\u00e1quinas OEM se construyen pensando en la durabilidad, utilizando componentes de alta calidad y una construcci\u00f3n robusta. Esto garantiza un funcionamiento fiable y continuo, minimizando el tiempo de inactividad y los costes de mantenimiento.<\/li>\n<li>Asistencia t\u00e9cnica: Los fabricantes de equipos originales suelen ofrecer un completo servicio de asistencia t\u00e9cnica y posventa. Esto incluye asistencia en la instalaci\u00f3n, formaci\u00f3n, resoluci\u00f3n de problemas y disponibilidad de piezas de repuesto. Contar con un soporte t\u00e9cnico fiable puede ayudar a los fabricantes a maximizar el rendimiento y la vida \u00fatil de la m\u00e1quina.<\/li>\n<li>Ventaja competitiva: La utilizaci\u00f3n de una perfiladora de correas en C OEM puede proporcionar una ventaja competitiva en el mercado. La capacidad de producir correas C de alta calidad de forma eficiente y eficaz puede diferenciar a un fabricante de sus competidores, lo que aumenta la cuota de mercado y la satisfacci\u00f3n del cliente.<\/li>\n<\/ol>\n<p>&nbsp;<\/p>\n<blockquote class=\"wp-embedded-content\" data-secret=\"rpwgi03DTc\"><p><a href=\"https:\/\/swforming.com\/es\/a-roll-forming-machine-for-c-purlin-what-it-is-and-how-it-works%ef%bc%9f\/\">Una m\u00e1quina perfiladora de correas C: \u00bfQu\u00e9 es y c\u00f3mo funciona?<\/a><\/p><\/blockquote>\n<p><iframe class=\"wp-embedded-content\" sandbox=\"allow-scripts\" security=\"restricted\" style=\"position: absolute; clip: rect(1px, 1px, 1px, 1px);\" title=\"\u201cUna m\u00e1quina perfiladora de perfiles en C: \u00bfQu\u00e9 es y c\u00f3mo funciona?\u201d \u2014 M\u00e1quina SUNWAY\" src=\"https:\/\/swforming.com\/a-roll-forming-machine-for-c-purlin-what-it-is-and-how-it-works%ef%bc%9f\/embed\/#?secret=skFRJ4SI3S#?secret=rpwgi03DTc\" data-secret=\"rpwgi03DTc\" width=\"600\" height=\"338\" frameborder=\"0\" marginwidth=\"0\" marginheight=\"0\" scrolling=\"no\"><\/iframe><\/p>\n<blockquote class=\"wp-embedded-content\" data-secret=\"7gr24wSmPp\"><p><a href=\"https:\/\/swforming.com\/es\/top-6-c-purlin-roll-forming-machine-used-in-construction-projects\/\">M\u00e1quina formadora de rollos Top 6 C Purlin utilizada en proyectos de construcci\u00f3n<\/a><\/p><\/blockquote>\n<p><iframe class=\"wp-embedded-content\" sandbox=\"allow-scripts\" security=\"restricted\" style=\"position: absolute; clip: rect(1px, 1px, 1px, 1px);\" title=\"\u201cLas 6 mejores m\u00e1quinas perfiladoras de correas C utilizadas en proyectos de construcci\u00f3n\u201d \u2014 M\u00e1quina SUNWAY\" src=\"https:\/\/swforming.com\/top-6-c-purlin-roll-forming-machine-used-in-construction-projects\/embed\/#?secret=C4uMmZJJ6J#?secret=7gr24wSmPp\" data-secret=\"7gr24wSmPp\" width=\"600\" height=\"338\" frameborder=\"0\" marginwidth=\"0\" marginheight=\"0\" scrolling=\"no\"><\/iframe><\/p>\n<blockquote class=\"wp-embedded-content\" data-secret=\"FKRWa6i3hY\"><p><a href=\"https:\/\/swforming.com\/es\/how-a-c-purlin-roll-forming-machine-can-help-your-business-run-smoothly\/\">\u00bfC\u00f3mo la m\u00e1quina formadora de rollos AC Purlin puede ayudar a que su negocio funcione sin problemas?<\/a><\/p><\/blockquote>\n<p><iframe class=\"wp-embedded-content\" sandbox=\"allow-scripts\" security=\"restricted\" style=\"position: absolute; clip: rect(1px, 1px, 1px, 1px);\" title=\"\u201c\u00bfC\u00f3mo la m\u00e1quina formadora de rollos AC Purlin puede ayudar a que su negocio funcione sin problemas?\u201d \u2014 M\u00e1quina SUNWAY\" src=\"https:\/\/swforming.com\/how-a-c-purlin-roll-forming-machine-can-help-your-business-run-smoothly\/embed\/#?secret=Br4G04Kq0q#?secret=FKRWa6i3hY\" data-secret=\"FKRWa6i3hY\" width=\"600\" height=\"338\" frameborder=\"0\" marginwidth=\"0\" marginheight=\"0\" scrolling=\"no\"><\/iframe><\/p>\n<\/div>","protected":false},"excerpt":{"rendered":"<p>M\u00e1quina formadora de rollos de correa C de cambio r\u00e1pido completamente autom\u00e1tica Nombre: M\u00e1quina de cambio autom\u00e1tico de tama\u00f1o C Modelo: Serie YX La m\u00e1quina perfiladora de cambio autom\u00e1tico de tama\u00f1o C para perfil de correa C est\u00e1 dise\u00f1ada con el prop\u00f3sito de cambiar el tama\u00f1o autom\u00e1ticamente a trav\u00e9s de ambos marcos que se pueden ajustar libremente. Tambi\u00e9n podemos suministrar las m\u00e1quinas personalizadas.<\/p>\n<p>Tambi\u00e9n podemos suministrar las m\u00e1quinas personalizadas.<\/p>","protected":false},"featured_media":1004,"comment_status":"open","ping_status":"closed","template":"","meta":{"_acf_changed":false},"product_brand":[],"product_cat":[76,114,52],"product_tag":[],"class_list":{"0":"post-1005","1":"product","2":"type-product","3":"status-publish","4":"has-post-thumbnail","6":"product_cat-c-purlin-roll-forming-machine","7":"product_cat-roll-former","8":"product_cat-steel-structure","10":"first","11":"instock","12":"shipping-taxable","13":"product-type-simple"},"acf":[],"_links":{"self":[{"href":"https:\/\/swforming.com\/es\/wp-json\/wp\/v2\/product\/1005","targetHints":{"allow":["GET"]}}],"collection":[{"href":"https:\/\/swforming.com\/es\/wp-json\/wp\/v2\/product"}],"about":[{"href":"https:\/\/swforming.com\/es\/wp-json\/wp\/v2\/types\/product"}],"replies":[{"embeddable":true,"href":"https:\/\/swforming.com\/es\/wp-json\/wp\/v2\/comments?post=1005"}],"version-history":[{"count":3,"href":"https:\/\/swforming.com\/es\/wp-json\/wp\/v2\/product\/1005\/revisions"}],"predecessor-version":[{"id":3240,"href":"https:\/\/swforming.com\/es\/wp-json\/wp\/v2\/product\/1005\/revisions\/3240"}],"wp:featuredmedia":[{"embeddable":true,"href":"https:\/\/swforming.com\/es\/wp-json\/wp\/v2\/media\/1004"}],"wp:attachment":[{"href":"https:\/\/swforming.com\/es\/wp-json\/wp\/v2\/media?parent=1005"}],"wp:term":[{"taxonomy":"product_brand","embeddable":true,"href":"https:\/\/swforming.com\/es\/wp-json\/wp\/v2\/product_brand?post=1005"},{"taxonomy":"product_cat","embeddable":true,"href":"https:\/\/swforming.com\/es\/wp-json\/wp\/v2\/product_cat?post=1005"},{"taxonomy":"product_tag","embeddable":true,"href":"https:\/\/swforming.com\/es\/wp-json\/wp\/v2\/product_tag?post=1005"}],"curies":[{"name":"wp","href":"https:\/\/api.w.org\/{rel}","templated":true}]}}