{"id":214,"date":"2022-09-01T05:42:29","date_gmt":"2022-09-01T05:42:29","guid":{"rendered":"https:\/\/swforming.com\/?page_id=214"},"modified":"2022-09-02T08:18:24","modified_gmt":"2022-09-02T08:18:24","slug":"fabrica","status":"publish","type":"page","link":"https:\/\/swforming.com\/es\/factory\/","title":{"rendered":"F\u00e1brica"},"content":{"rendered":"<div data-elementor-type=\"wp-page\" data-elementor-id=\"214\" class=\"elementor elementor-214\" data-elementor-post-type=\"page\">\n\t\t\t\t\t\t<section data-particle_enable=\"false\" data-particle-mobile-disabled=\"false\" class=\"elementor-section elementor-top-section elementor-element elementor-element-37db29b ct-section-stretched elementor-section-height-min-height elementor-section-boxed elementor-section-height-default elementor-section-items-middle\" data-id=\"37db29b\" data-element_type=\"section\" data-e-type=\"section\" data-settings=\"{&quot;background_background&quot;:&quot;classic&quot;}\">\n\t\t\t\t\t\t\t<div class=\"elementor-background-overlay\"><\/div>\n\t\t\t\t\t\t\t<div class=\"elementor-container elementor-column-gap-default\">\n\t\t\t\t\t<div class=\"elementor-column elementor-col-100 elementor-top-column elementor-element elementor-element-ed51630\" data-id=\"ed51630\" data-element_type=\"column\" data-e-type=\"column\">\n\t\t\t<div class=\"elementor-widget-wrap elementor-element-populated\">\n\t\t\t\t\t\t<div class=\"elementor-element elementor-element-e6dd4a7 elementor-widget elementor-widget-heading\" data-id=\"e6dd4a7\" data-element_type=\"widget\" data-e-type=\"widget\" data-widget_type=\"heading.default\">\n\t\t\t\t<div class=\"elementor-widget-container\">\n\t\t\t\t\t<h1 class=\"elementor-heading-title elementor-size-default\">Nuestra f\u00e1brica<\/h1>\t\t\t\t<\/div>\n\t\t\t\t<\/div>\n\t\t\t\t\t<\/div>\n\t\t<\/div>\n\t\t\t\t\t<\/div>\n\t\t<\/section>\n\t\t\t\t<section data-particle_enable=\"false\" data-particle-mobile-disabled=\"false\" class=\"elementor-section elementor-top-section elementor-element elementor-element-8ad7d98 elementor-section-boxed elementor-section-height-default elementor-section-height-default\" data-id=\"8ad7d98\" data-element_type=\"section\" data-e-type=\"section\">\n\t\t\t\t\t\t<div class=\"elementor-container elementor-column-gap-custom\">\n\t\t\t\t\t<div class=\"elementor-column elementor-col-50 elementor-top-column elementor-element elementor-element-ea58ef3\" data-id=\"ea58ef3\" data-element_type=\"column\" data-e-type=\"column\">\n\t\t\t<div class=\"elementor-widget-wrap elementor-element-populated\">\n\t\t\t\t\t\t<div class=\"elementor-element elementor-element-6b57d6f elementor-widget elementor-widget-heading\" data-id=\"6b57d6f\" data-element_type=\"widget\" data-e-type=\"widget\" data-widget_type=\"heading.default\">\n\t\t\t\t<div class=\"elementor-widget-container\">\n\t\t\t\t\t<h5 class=\"elementor-heading-title elementor-size-default\">fabricaci\u00f3n de calidad<\/h5>\t\t\t\t<\/div>\n\t\t\t\t<\/div>\n\t\t\t\t<div class=\"elementor-element elementor-element-6799cfc elementor-widget elementor-widget-heading\" data-id=\"6799cfc\" data-element_type=\"widget\" data-e-type=\"widget\" data-widget_type=\"heading.default\">\n\t\t\t\t<div class=\"elementor-widget-container\">\n\t\t\t\t\t<h2 class=\"elementor-heading-title elementor-size-default\">La f\u00e1brica l\u00edder de m\u00e1quinas formadoras de rollos en China<\/h2>\t\t\t\t<\/div>\n\t\t\t\t<\/div>\n\t\t\t\t<div class=\"elementor-element elementor-element-b435b37 elementor-widget elementor-widget-text-editor\" data-id=\"b435b37\" data-element_type=\"widget\" data-e-type=\"widget\" data-widget_type=\"text-editor.default\">\n\t\t\t\t<div class=\"elementor-widget-container\">\n\t\t\t\t\t\t\t\t\t<p>Nuestra f\u00e1brica de m\u00e1quinas perfiladoras se ha establecido durante m\u00e1s de 20 a\u00f1os, que es la empresa que fabrica profesionalmente m\u00e1quinas perfiladoras en fr\u00edo. Sunway tiene un conjunto completo de sistemas de producci\u00f3n de investigaci\u00f3n y desarrollo, compra de materiales, producci\u00f3n, inspecci\u00f3n, embalaje y exportaci\u00f3n.<\/p><p>Todos nuestros trabajadores calificados y experimentados, un estricto sistema de control de calidad, un excelente equipo de administraci\u00f3n y mano de obra, y un profundo conocimiento de esta industria est\u00e1n dise\u00f1ados para garantizar que nuestros productos cumplan con los est\u00e1ndares y necesidades internacionales.<\/p>\t\t\t\t\t\t\t\t<\/div>\n\t\t\t\t<\/div>\n\t\t\t\t<div class=\"elementor-element elementor-element-cfe889e elementor-mobile-align-center elementor-align-left elementor-widget elementor-widget-button\" data-id=\"cfe889e\" data-element_type=\"widget\" data-e-type=\"widget\" data-widget_type=\"button.default\">\n\t\t\t\t<div class=\"elementor-widget-container\">\n\t\t\t\t\t\t\t\t\t<div class=\"elementor-button-wrapper\">\n\t\t\t\t\t<a class=\"elementor-button elementor-button-link elementor-size-md\" href=\"#elementor-action%3Aaction%3Dpopup%3Aopen%26settings%3DeyJpZCI6IjMwNiIsInRvZ2dsZSI6ZmFsc2V9\">\n\t\t\t\t\t\t<span class=\"elementor-button-content-wrapper\">\n\t\t\t\t\t\t\t\t\t<span class=\"elementor-button-text\">CONT\u00c1CTENOS<\/span>\n\t\t\t\t\t<\/span>\n\t\t\t\t\t<\/a>\n\t\t\t\t<\/div>\n\t\t\t\t\t\t\t\t<\/div>\n\t\t\t\t<\/div>\n\t\t\t\t\t<\/div>\n\t\t<\/div>\n\t\t\t\t<div class=\"elementor-column elementor-col-50 elementor-top-column elementor-element elementor-element-8e18fd6\" data-id=\"8e18fd6\" data-element_type=\"column\" data-e-type=\"column\">\n\t\t\t<div class=\"elementor-widget-wrap elementor-element-populated\">\n\t\t\t\t\t\t<div class=\"elementor-element elementor-element-4747ead elementor-widget elementor-widget-image\" data-id=\"4747ead\" data-element_type=\"widget\" data-e-type=\"widget\" data-widget_type=\"image.default\">\n\t\t\t\t<div class=\"elementor-widget-container\">\n\t\t\t\t\t\t\t\t\t\t\t\t\t\t\t<img fetchpriority=\"high\" decoding=\"async\" width=\"612\" height=\"408\" src=\"https:\/\/swforming.com\/wp-content\/uploads\/2022\/09\/362523446.jpg\" class=\"attachment-large size-large wp-image-223\" alt=\"\" srcset=\"https:\/\/swforming.com\/wp-content\/uploads\/2022\/09\/362523446.jpg 612w, https:\/\/swforming.com\/wp-content\/uploads\/2022\/09\/362523446-600x400.jpg 600w, https:\/\/swforming.com\/wp-content\/uploads\/2022\/09\/362523446-300x200.jpg 300w\" sizes=\"(max-width: 612px) 100vw, 612px\" title=\"\">\t\t\t\t\t\t\t\t\t\t\t\t\t\t\t<\/div>\n\t\t\t\t<\/div>\n\t\t\t\t\t<\/div>\n\t\t<\/div>\n\t\t\t\t\t<\/div>\n\t\t<\/section>\n\t\t\t\t<section data-particle_enable=\"false\" data-particle-mobile-disabled=\"false\" class=\"elementor-section elementor-top-section elementor-element elementor-element-3f7bc04 elementor-section-boxed elementor-section-height-default elementor-section-height-default\" data-id=\"3f7bc04\" data-element_type=\"section\" data-e-type=\"section\">\n\t\t\t\t\t\t<div class=\"elementor-container elementor-column-gap-default\">\n\t\t\t\t\t<div class=\"elementor-column elementor-col-100 elementor-top-column elementor-element elementor-element-49f3627\" data-id=\"49f3627\" data-element_type=\"column\" data-e-type=\"column\">\n\t\t\t<div class=\"elementor-widget-wrap elementor-element-populated\">\n\t\t\t\t\t\t<div class=\"elementor-element elementor-element-39f1cfe elementor-widget elementor-widget-heading\" data-id=\"39f1cfe\" data-element_type=\"widget\" data-e-type=\"widget\" data-widget_type=\"heading.default\">\n\t\t\t\t<div class=\"elementor-widget-container\">\n\t\t\t\t\t<h5 class=\"elementor-heading-title elementor-size-default\">GALER\u00cdA<\/h5>\t\t\t\t<\/div>\n\t\t\t\t<\/div>\n\t\t\t\t<div class=\"elementor-element elementor-element-ed5af52 elementor-widget elementor-widget-heading\" data-id=\"ed5af52\" data-element_type=\"widget\" data-e-type=\"widget\" data-widget_type=\"heading.default\">\n\t\t\t\t<div class=\"elementor-widget-container\">\n\t\t\t\t\t<h2 class=\"elementor-heading-title elementor-size-default\">Eche un vistazo a nuestra f\u00e1brica<\/h2>\t\t\t\t<\/div>\n\t\t\t\t<\/div>\n\t\t\t\t<div class=\"elementor-element elementor-element-571a853 gallery-spacing-custom elementor-widget elementor-widget-image-gallery\" data-id=\"571a853\" data-element_type=\"widget\" data-e-type=\"widget\" data-widget_type=\"image-gallery.default\">\n\t\t\t\t<div class=\"elementor-widget-container\">\n\t\t\t\t\t\t\t<div class=\"elementor-image-gallery\">\n\t\t\t<div id='gallery-1' class='gallery galleryid-214 gallery-columns-4 gallery-size-full'><figure class='gallery-item'>\n\t\t\t<div class='gallery-icon landscape'>\n\t\t\t\t<a data-elementor-open-lightbox=\"no\" href='https:\/\/swforming.com\/wp-content\/uploads\/2022\/09\/IMG_2147.jpg'><img decoding=\"async\" width=\"500\" height=\"375\" src=\"https:\/\/swforming.com\/wp-content\/uploads\/2022\/09\/IMG_2147.jpg\" class=\"attachment-full size-full\" alt=\"M\u00e1quinas perfiladoras para parques infantiles\" srcset=\"https:\/\/swforming.com\/wp-content\/uploads\/2022\/09\/IMG_2147.jpg 500w, https:\/\/swforming.com\/wp-content\/uploads\/2022\/09\/IMG_2147-300x225.jpg 300w\" sizes=\"(max-width: 500px) 100vw, 500px\" title=\"\"><\/a>\n\t\t\t<\/div><\/figure><figure class='gallery-item'>\n\t\t\t<div class='gallery-icon landscape'>\n\t\t\t\t<a data-elementor-open-lightbox=\"no\" href='https:\/\/swforming.com\/wp-content\/uploads\/2022\/09\/IMG_2186.jpg'><img decoding=\"async\" width=\"500\" height=\"375\" src=\"https:\/\/swforming.com\/wp-content\/uploads\/2022\/09\/IMG_2186.jpg\" class=\"attachment-full size-full\" alt=\"M\u00e1quinas perfiladoras para parques infantiles\" srcset=\"https:\/\/swforming.com\/wp-content\/uploads\/2022\/09\/IMG_2186.jpg 500w, https:\/\/swforming.com\/wp-content\/uploads\/2022\/09\/IMG_2186-300x225.jpg 300w\" sizes=\"(max-width: 500px) 100vw, 500px\" title=\"\"><\/a>\n\t\t\t<\/div><\/figure><figure class='gallery-item'>\n\t\t\t<div class='gallery-icon landscape'>\n\t\t\t\t<a data-elementor-open-lightbox=\"no\" href='https:\/\/swforming.com\/wp-content\/uploads\/2022\/09\/IMG_2172.jpg'><img loading=\"lazy\" decoding=\"async\" width=\"500\" height=\"375\" src=\"https:\/\/swforming.com\/wp-content\/uploads\/2022\/09\/IMG_2172.jpg\" class=\"attachment-full size-full\" alt=\"M\u00e1quinas perfiladoras de estanter\u00edas para medicamentos\" srcset=\"https:\/\/swforming.com\/wp-content\/uploads\/2022\/09\/IMG_2172.jpg 500w, https:\/\/swforming.com\/wp-content\/uploads\/2022\/09\/IMG_2172-300x225.jpg 300w\" sizes=\"(max-width: 500px) 100vw, 500px\" title=\"\"><\/a>\n\t\t\t<\/div><\/figure><figure class='gallery-item'>\n\t\t\t<div class='gallery-icon landscape'>\n\t\t\t\t<a data-elementor-open-lightbox=\"no\" href='https:\/\/swforming.com\/wp-content\/uploads\/2022\/09\/IMG_2149.jpg'><img loading=\"lazy\" decoding=\"async\" width=\"500\" height=\"375\" src=\"https:\/\/swforming.com\/wp-content\/uploads\/2022\/09\/IMG_2149.jpg\" class=\"attachment-full size-full\" alt=\"M\u00e1quinas perfiladoras de estanter\u00edas para medicamentos\" srcset=\"https:\/\/swforming.com\/wp-content\/uploads\/2022\/09\/IMG_2149.jpg 500w, https:\/\/swforming.com\/wp-content\/uploads\/2022\/09\/IMG_2149-300x225.jpg 300w\" sizes=\"(max-width: 500px) 100vw, 500px\" title=\"\"><\/a>\n\t\t\t<\/div><\/figure>\n\t\t<\/div>\n\t\t<\/div>\n\t\t\t\t\t\t<\/div>\n\t\t\t\t<\/div>\n\t\t\t\t\t<\/div>\n\t\t<\/div>\n\t\t\t\t\t<\/div>\n\t\t<\/section>\n\t\t\t\t<section data-particle_enable=\"false\" data-particle-mobile-disabled=\"false\" class=\"elementor-section elementor-top-section elementor-element elementor-element-dfe3648 ct-section-stretched elementor-section-height-min-height elementor-section-boxed elementor-section-height-default elementor-section-items-middle\" data-id=\"dfe3648\" data-element_type=\"section\" data-e-type=\"section\" data-settings=\"{&quot;background_background&quot;:&quot;classic&quot;}\">\n\t\t\t\t\t\t\t<div class=\"elementor-background-overlay\"><\/div>\n\t\t\t\t\t\t\t<div class=\"elementor-container elementor-column-gap-default\">\n\t\t\t\t\t<div class=\"elementor-column elementor-col-100 elementor-top-column elementor-element elementor-element-d86d2a4\" data-id=\"d86d2a4\" data-element_type=\"column\" data-e-type=\"column\">\n\t\t\t<div class=\"elementor-widget-wrap elementor-element-populated\">\n\t\t\t\t\t\t<div class=\"elementor-element elementor-element-6a1e50a elementor-widget elementor-widget-heading\" data-id=\"6a1e50a\" data-element_type=\"widget\" data-e-type=\"widget\" data-widget_type=\"heading.default\">\n\t\t\t\t<div class=\"elementor-widget-container\">\n\t\t\t\t\t<h5 class=\"elementor-heading-title elementor-size-default\">ALGUNOS DETALLES DE NUESTRA FABRICA<\/h5>\t\t\t\t<\/div>\n\t\t\t\t<\/div>\n\t\t\t\t<div class=\"elementor-element elementor-element-6edaa29 elementor-widget elementor-widget-heading\" data-id=\"6edaa29\" data-element_type=\"widget\" data-e-type=\"widget\" data-widget_type=\"heading.default\">\n\t\t\t\t<div class=\"elementor-widget-container\">\n\t\t\t\t\t<h2 class=\"elementor-heading-title elementor-size-default\">Le invitamos a visitarnos en China<\/h2>\t\t\t\t<\/div>\n\t\t\t\t<\/div>\n\t\t\t\t\t<\/div>\n\t\t<\/div>\n\t\t\t\t\t<\/div>\n\t\t<\/section>\n\t\t\t\t<section data-particle_enable=\"false\" data-particle-mobile-disabled=\"false\" class=\"elementor-section elementor-top-section elementor-element elementor-element-ab2c0d6 elementor-section-boxed elementor-section-height-default elementor-section-height-default\" data-id=\"ab2c0d6\" data-element_type=\"section\" data-e-type=\"section\" data-settings=\"{&quot;background_background&quot;:&quot;classic&quot;}\">\n\t\t\t\t\t\t<div class=\"elementor-container elementor-column-gap-default\">\n\t\t\t\t\t<div class=\"elementor-column elementor-col-33 elementor-top-column elementor-element elementor-element-6db54dd\" data-id=\"6db54dd\" data-element_type=\"column\" data-e-type=\"column\">\n\t\t\t<div class=\"elementor-widget-wrap elementor-element-populated\">\n\t\t\t\t\t\t<div class=\"elementor-element elementor-element-04335d8 elementor-position-top elementor-widget elementor-widget-image-box\" data-id=\"04335d8\" data-element_type=\"widget\" data-e-type=\"widget\" data-widget_type=\"image-box.default\">\n\t\t\t\t<div class=\"elementor-widget-container\">\n\t\t\t\t\t<div class=\"elementor-image-box-wrapper\"><figure class=\"elementor-image-box-img\"><img loading=\"lazy\" decoding=\"async\" width=\"500\" height=\"375\" src=\"https:\/\/swforming.com\/wp-content\/uploads\/2022\/09\/7bbd6c5075aa79723439c6119610f8d.jpg\" class=\"attachment-full size-full wp-image-236\" alt=\"M\u00e1quinas perfiladoras para plataformas petrol\u00edferas\" title=\"\" srcset=\"https:\/\/swforming.com\/wp-content\/uploads\/2022\/09\/7bbd6c5075aa79723439c6119610f8d.jpg 500w, https:\/\/swforming.com\/wp-content\/uploads\/2022\/09\/7bbd6c5075aa79723439c6119610f8d-300x225.jpg 300w\" sizes=\"(max-width: 500px) 100vw, 500px\" \/><\/figure><div class=\"elementor-image-box-content\"><h3 class=\"elementor-image-box-title\">L\u00ednea de producci\u00f3n ajustada<\/h3><p class=\"elementor-image-box-description\">Nuestra planta de fabricaci\u00f3n cuenta con una cantidad de empleados calificados y una gama de equipos avanzados que se pueden utilizar para fabricar y modificar una amplia gama de m\u00e1quinas perfiladoras en fr\u00edo. Nuestra f\u00e1brica se ha establecido con una serie de \u00e1reas dedicadas, como el \u00e1rea de clasificaci\u00f3n de piezas, el \u00e1rea de ensamblaje, el \u00e1rea de empaque, etc.<\/p><\/div><\/div>\t\t\t\t<\/div>\n\t\t\t\t<\/div>\n\t\t\t\t\t<\/div>\n\t\t<\/div>\n\t\t\t\t<div class=\"elementor-column elementor-col-33 elementor-top-column elementor-element elementor-element-05da81a\" data-id=\"05da81a\" data-element_type=\"column\" data-e-type=\"column\">\n\t\t\t<div class=\"elementor-widget-wrap elementor-element-populated\">\n\t\t\t\t\t\t<div class=\"elementor-element elementor-element-8a9f8b9 elementor-position-top elementor-widget elementor-widget-image-box\" data-id=\"8a9f8b9\" data-element_type=\"widget\" data-e-type=\"widget\" data-widget_type=\"image-box.default\">\n\t\t\t\t<div class=\"elementor-widget-container\">\n\t\t\t\t\t<div class=\"elementor-image-box-wrapper\"><figure class=\"elementor-image-box-img\"><img loading=\"lazy\" decoding=\"async\" width=\"500\" height=\"375\" src=\"https:\/\/swforming.com\/wp-content\/uploads\/2022\/09\/IMG_1799.jpg\" class=\"attachment-full size-full wp-image-238\" alt=\"\" title=\"\" srcset=\"https:\/\/swforming.com\/wp-content\/uploads\/2022\/09\/IMG_1799.jpg 500w, https:\/\/swforming.com\/wp-content\/uploads\/2022\/09\/IMG_1799-300x225.jpg 300w\" sizes=\"(max-width: 500px) 100vw, 500px\" \/><\/figure><div class=\"elementor-image-box-content\"><h3 class=\"elementor-image-box-title\">Orientado a la Calidad<\/h3><p class=\"elementor-image-box-description\">En Sunway, nos tomamos muy en serio la garant\u00eda y el control de calidad. Como fabricante de larga data de m\u00e1quinas perfiladoras en fr\u00edo, bajo estrictos procesos de control de calidad y control de calidad, hemos demostrado a\u00f1os de trayectoria ayudando a las empresas a dise\u00f1ar, desarrollar, fabricar y lanzar sus excelentes m\u00e1quinas perfiladoras en mercados nacionales e internacionales.<\/p><\/div><\/div>\t\t\t\t<\/div>\n\t\t\t\t<\/div>\n\t\t\t\t\t<\/div>\n\t\t<\/div>\n\t\t\t\t<div class=\"elementor-column elementor-col-33 elementor-top-column elementor-element elementor-element-f6a38e0\" data-id=\"f6a38e0\" data-element_type=\"column\" data-e-type=\"column\">\n\t\t\t<div class=\"elementor-widget-wrap elementor-element-populated\">\n\t\t\t\t\t\t<div class=\"elementor-element elementor-element-77c1ae8 elementor-position-top elementor-widget elementor-widget-image-box\" data-id=\"77c1ae8\" data-element_type=\"widget\" data-e-type=\"widget\" data-widget_type=\"image-box.default\">\n\t\t\t\t<div class=\"elementor-widget-container\">\n\t\t\t\t\t<div class=\"elementor-image-box-wrapper\"><figure class=\"elementor-image-box-img\"><img loading=\"lazy\" decoding=\"async\" width=\"500\" height=\"375\" src=\"https:\/\/swforming.com\/wp-content\/uploads\/2022\/09\/e9310fbd41f64ec6183033f84d8c4a3.jpg\" class=\"attachment-full size-full wp-image-237\" alt=\"\" title=\"\" srcset=\"https:\/\/swforming.com\/wp-content\/uploads\/2022\/09\/e9310fbd41f64ec6183033f84d8c4a3.jpg 500w, https:\/\/swforming.com\/wp-content\/uploads\/2022\/09\/e9310fbd41f64ec6183033f84d8c4a3-300x225.jpg 300w\" sizes=\"(max-width: 500px) 100vw, 500px\" \/><\/figure><div class=\"elementor-image-box-content\"><h3 class=\"elementor-image-box-title\">Felicidad de los empleados<\/h3><p class=\"elementor-image-box-description\">Como f\u00e1brica responsable de m\u00e1quinas perfiladoras en fr\u00edo, nuestros productos son de primera calidad, al igual que la vida de nuestros empleados. Tenemos una excelente oportunidad de hacer una diferencia en la vida de nuestros empleados. Sunway ofrece a los empleados suficiente espacio, materiales correctos y un ambiente c\u00f3modo y agradable para trabajar. Nuestra gente trabaja feliz en la f\u00e1brica.<\/p><\/div><\/div>\t\t\t\t<\/div>\n\t\t\t\t<\/div>\n\t\t\t\t\t<\/div>\n\t\t<\/div>\n\t\t\t\t\t<\/div>\n\t\t<\/section>\n\t\t\t\t<\/div>","protected":false},"excerpt":{"rendered":"<p>Our Factory quality manufacturing The Leading Roll forming machine Factory In China Our roll forming machine factory has been established for more than 20 years, which is the enterprise professionally manufacturing cold forming machine. Sunway has a full set of production system from researching &amp; developing, materials purchasing, producing, inspection, packaging and exporting. All our [&hellip;]<\/p>\n","protected":false},"author":1,"featured_media":0,"parent":0,"menu_order":0,"comment_status":"closed","ping_status":"closed","template":"","meta":{"_acf_changed":false,"footnotes":""},"class_list":["post-214","page","type-page","status-publish","hentry"],"blocksy_meta":{"styles_descriptor":{"styles":{"desktop":"","tablet":"","mobile":""},"google_fonts":[],"version":6}},"acf":[],"_links":{"self":[{"href":"https:\/\/swforming.com\/es\/wp-json\/wp\/v2\/pages\/214","targetHints":{"allow":["GET"]}}],"collection":[{"href":"https:\/\/swforming.com\/es\/wp-json\/wp\/v2\/pages"}],"about":[{"href":"https:\/\/swforming.com\/es\/wp-json\/wp\/v2\/types\/page"}],"author":[{"embeddable":true,"href":"https:\/\/swforming.com\/es\/wp-json\/wp\/v2\/users\/1"}],"replies":[{"embeddable":true,"href":"https:\/\/swforming.com\/es\/wp-json\/wp\/v2\/comments?post=214"}],"version-history":[{"count":25,"href":"https:\/\/swforming.com\/es\/wp-json\/wp\/v2\/pages\/214\/revisions"}],"predecessor-version":[{"id":580,"href":"https:\/\/swforming.com\/es\/wp-json\/wp\/v2\/pages\/214\/revisions\/580"}],"wp:attachment":[{"href":"https:\/\/swforming.com\/es\/wp-json\/wp\/v2\/media?parent=214"}],"curies":[{"name":"wp","href":"https:\/\/api.w.org\/{rel}","templated":true}]}}