{"id":155,"date":"2022-08-31T05:59:32","date_gmt":"2022-08-31T05:59:32","guid":{"rendered":"https:\/\/swforming.com\/?page_id=155"},"modified":"2025-03-04T03:49:51","modified_gmt":"2025-03-04T03:49:51","slug":"contacto","status":"publish","type":"page","link":"https:\/\/swforming.com\/es\/contact\/","title":{"rendered":"Contacto"},"content":{"rendered":"<div data-elementor-type=\"wp-page\" data-elementor-id=\"155\" class=\"elementor elementor-155\" data-elementor-post-type=\"page\">\n\t\t\t\t\t\t<section data-particle_enable=\"false\" data-particle-mobile-disabled=\"false\" class=\"elementor-section elementor-top-section elementor-element elementor-element-b36e830 ct-section-stretched elementor-section-height-min-height elementor-section-boxed elementor-section-height-default elementor-section-items-middle\" data-id=\"b36e830\" data-element_type=\"section\" data-e-type=\"section\" data-settings=\"{&quot;background_background&quot;:&quot;classic&quot;}\">\n\t\t\t\t\t\t\t<div class=\"elementor-background-overlay\"><\/div>\n\t\t\t\t\t\t\t<div class=\"elementor-container elementor-column-gap-default\">\n\t\t\t\t\t<div class=\"elementor-column elementor-col-100 elementor-top-column elementor-element elementor-element-2d9da42\" data-id=\"2d9da42\" data-element_type=\"column\" data-e-type=\"column\">\n\t\t\t<div class=\"elementor-widget-wrap elementor-element-populated\">\n\t\t\t\t\t\t<div class=\"elementor-element elementor-element-64effff elementor-widget elementor-widget-heading\" data-id=\"64effff\" data-element_type=\"widget\" data-e-type=\"widget\" data-widget_type=\"heading.default\">\n\t\t\t\t<div class=\"elementor-widget-container\">\n\t\t\t\t\t<h1 class=\"elementor-heading-title elementor-size-default\">Contacto<\/h1>\t\t\t\t<\/div>\n\t\t\t\t<\/div>\n\t\t\t\t\t<\/div>\n\t\t<\/div>\n\t\t\t\t\t<\/div>\n\t\t<\/section>\n\t\t\t\t<section data-particle_enable=\"false\" data-particle-mobile-disabled=\"false\" class=\"elementor-section elementor-top-section elementor-element elementor-element-12252aaf ct-section-stretched elementor-section-boxed elementor-section-height-default elementor-section-height-default\" data-id=\"12252aaf\" data-element_type=\"section\" data-e-type=\"section\" data-settings=\"{&quot;background_background&quot;:&quot;classic&quot;}\">\n\t\t\t\t\t\t<div class=\"elementor-container elementor-column-gap-no\">\n\t\t\t\t\t<div class=\"elementor-column elementor-col-25 elementor-top-column elementor-element elementor-element-50f351f7\" data-id=\"50f351f7\" data-element_type=\"column\" data-e-type=\"column\" data-settings=\"{&quot;background_background&quot;:&quot;classic&quot;}\">\n\t\t\t<div class=\"elementor-widget-wrap elementor-element-populated\">\n\t\t\t\t\t\t<div class=\"elementor-element elementor-element-28f2505c elementor-view-stacked elementor-shape-circle elementor-position-block-start elementor-mobile-position-block-start elementor-widget elementor-widget-icon-box\" data-id=\"28f2505c\" data-element_type=\"widget\" data-e-type=\"widget\" data-widget_type=\"icon-box.default\">\n\t\t\t\t<div class=\"elementor-widget-container\">\n\t\t\t\t\t\t\t<div class=\"elementor-icon-box-wrapper\">\n\n\t\t\t\t\t\t<div class=\"elementor-icon-box-icon\">\n\t\t\t\t<span  class=\"elementor-icon\">\n\t\t\t\t<svg xmlns=\"http:\/\/www.w3.org\/2000\/svg\" xmlns:xlink=\"http:\/\/www.w3.org\/1999\/xlink\" class=\"icon\" viewbox=\"0 0 1034 1024\" width=\"64.625\" height=\"64\"><path d=\"M10.343434 0h992.969697v992.969697H10.343434z\" fill=\"#ffffff\" fill-opacity=\"0\"><\/path><path d=\"M583.369697 146.876768h-6.206061c-16.549495 0-33.09899 10.343434-37.236363 26.892929-2.068687 8.274747 0 16.549495 4.137373 24.824242 6.206061 8.274747 12.412121 12.412121 22.755556 14.480808 74.472727 14.480808 140.670707 53.785859 182.044444 113.777778 41.373737 59.991919 57.923232 130.327273 41.373738 198.59394-2.068687 8.274747 0 16.549495 4.137374 24.824242 6.206061 8.274747 12.412121 12.412121 22.755555 14.480808h6.206061c8.274747 0 14.480808-2.068687 20.686868-6.20606 8.274747-4.137374 14.480808-12.412121 14.480809-20.686869 43.442424-177.907071-80.678788-353.745455-275.135354-390.981818z m76.541414 531.652525c2.068687 0 51.717172 22.755556 93.090909 51.717172 14.480808 10.343434 41.373737 28.961616 43.442424 55.854545 2.068687 16.549495-6.206061 35.167677-24.824242 55.854546-4.137374 6.206061-45.511111 51.717172-122.052525 59.991919-20.686869 2.068687-41.373737 2.068687-64.129293-2.068687s-47.579798-10.343434-70.335354-20.686869c-93.090909-37.236364-167.563636-88.953535-244.10505-171.70101C142.739394 568.888889 124.121212 436.492929 122.052525 411.668687c-14.480808-115.846465 84.816162-173.769697 95.159596-179.975758 14.480808-8.274747 28.961616-14.480808 43.442424-16.549495h18.618182c12.412121 2.068687 28.961616 8.274747 41.373738 28.961617 18.618182 26.892929 37.236364 66.19798 51.717171 109.640404 14.480808 43.442424-10.343434 59.991919-35.167676 76.541414h-2.068687s-45.511111 24.824242-51.717172 28.961616c-8.274747 4.137374-10.343434 12.412121-6.206061 20.686869 24.824242 49.648485 62.060606 101.365657 103.434344 148.945454 41.373737 45.511111 88.953535 86.884848 136.533333 117.915152 4.137374 2.068687 8.274747 4.137374 12.412121 2.068686h2.068687c4.137374 0 8.274747-4.137374 10.343435-8.274747 6.206061-10.343434 16.549495-22.755556 26.892929-35.167677 18.618182-22.755556 37.236364-33.09899 57.923232-35.167677h14.480808c2.068687 2.068687 10.343434 4.137374 18.618182 8.274748z m-165.494949-260.654546c-8.274747-2.068687-16.549495-6.206061-22.755556-14.480808-6.206061-8.274747-6.206061-16.549495-4.137374-24.824242 4.137374-16.549495 18.618182-26.892929 37.236364-26.892929h6.206061c82.747475 16.549495 136.533333 91.022222 119.983838 167.563636-2.068687 8.274747-8.274747 16.549495-14.480808 20.686869-6.206061 4.137374-14.480808 6.206061-20.686869 6.20606h-6.20606c-8.274747-2.068687-16.549495-6.206061-22.755556-14.480808-8.274747-8.274747-10.343434-16.549495-8.274747-24.824242 4.137374-20.686869 0-39.305051-12.412122-55.854546-10.343434-18.618182-28.961616-31.030303-51.717171-33.09899z m37.236363-103.434343c-18.618182-4.137374-31.030303-20.686869-26.892929-39.30505 4.137374-16.549495 18.618182-26.892929 37.236364-26.89293h6.20606c66.19798 12.412121 124.121212 49.648485 161.357576 101.365657 37.236364 53.785859 51.717172 115.846465 37.236364 177.907071-2.068687 8.274747-8.274747 16.549495-14.480808 20.686868-6.206061 4.137374-14.480808 6.206061-20.686869 6.206061h-6.206061c-18.618182-4.137374-31.030303-20.686869-26.892929-39.305051 10.343434-45.511111 0-91.022222-26.892929-128.258586-28.961616-37.236364-70.335354-64.129293-119.983839-72.40404z\" fill=\"#ffffff\"><\/path><\/svg>\t\t\t\t<\/span>\n\t\t\t<\/div>\n\t\t\t\n\t\t\t\t\t\t<div class=\"elementor-icon-box-content\">\n\n\t\t\t\t\t\t\t\t\t<h3 class=\"elementor-icon-box-title\">\n\t\t\t\t\t\t<span  >\n\t\t\t\t\t\t\tTel\u00e9fono\t\t\t\t\t\t<\/span>\n\t\t\t\t\t<\/h3>\n\t\t\t\t\n\t\t\t\t\t\t\t\t\t<p class=\"elementor-icon-box-description\">\n\t\t\t\t\t\t+86-13616182007\t\t\t\t\t<\/p>\n\t\t\t\t\n\t\t\t<\/div>\n\t\t\t\n\t\t<\/div>\n\t\t\t\t\t\t<\/div>\n\t\t\t\t<\/div>\n\t\t\t\t\t<\/div>\n\t\t<\/div>\n\t\t\t\t<div class=\"elementor-column elementor-col-25 elementor-top-column elementor-element elementor-element-7472dc88\" data-id=\"7472dc88\" data-element_type=\"column\" data-e-type=\"column\" data-settings=\"{&quot;background_background&quot;:&quot;classic&quot;}\">\n\t\t\t<div class=\"elementor-widget-wrap elementor-element-populated\">\n\t\t\t\t\t\t<div class=\"elementor-element elementor-element-20e25936 elementor-view-stacked elementor-shape-circle elementor-position-block-start elementor-mobile-position-block-start elementor-widget elementor-widget-icon-box\" data-id=\"20e25936\" data-element_type=\"widget\" data-e-type=\"widget\" data-widget_type=\"icon-box.default\">\n\t\t\t\t<div class=\"elementor-widget-container\">\n\t\t\t\t\t\t\t<div class=\"elementor-icon-box-wrapper\">\n\n\t\t\t\t\t\t<div class=\"elementor-icon-box-icon\">\n\t\t\t\t<a href=\"mailto:sales@wuxisunway.com\" class=\"elementor-icon\" tabindex=\"-1\" aria-label=\"Correo electr\u00f3nico\">\n\t\t\t\t<svg xmlns=\"http:\/\/www.w3.org\/2000\/svg\" xmlns:xlink=\"http:\/\/www.w3.org\/1999\/xlink\" class=\"icon\" viewbox=\"0 0 1024 1024\" width=\"48\" height=\"48\"><defs><style type=\"text\/css\">@font-face { font-family: feedback-iconfont; src: url(\"\/\/at.alicdn.com\/t\/font_1031158_u69w8yhxdu.woff2?t=1630033759944\") format(\"woff2\"), url(\"\/\/at.alicdn.com\/t\/font_1031158_u69w8yhxdu.woff?t=1630033759944\") format(\"woff\"), url(\"\/\/at.alicdn.com\/t\/font_1031158_u69w8yhxdu.ttf?t=1630033759944\") format(\"truetype\"); }<\/style><\/defs><path d=\"M513 583.8l448.5-448.5c-11.6-4.7-24.3-7.3-37.5-7.3H100c-12.7 0-24.9 2.4-36.1 6.7L513 583.8z\" fill=\"#ffffff\"><\/path><path d=\"M513 674.3L14.6 175.9C5.3 191.1 0 208.9 0 228v568c0 55.2 44.8 100 100 100h824c55.2 0 100-44.8 100-100V228c0-18.5-5.1-35.9-13.9-50.8L513 674.3z\" fill=\"#ffffff\"><\/path><\/svg>\t\t\t\t<\/a>\n\t\t\t<\/div>\n\t\t\t\n\t\t\t\t\t\t<div class=\"elementor-icon-box-content\">\n\n\t\t\t\t\t\t\t\t\t<h3 class=\"elementor-icon-box-title\">\n\t\t\t\t\t\t<a href=\"mailto:sales@wuxisunway.com\" >\n\t\t\t\t\t\t\tCorreo electr\u00f3nico\t\t\t\t\t\t<\/a>\n\t\t\t\t\t<\/h3>\n\t\t\t\t\n\t\t\t\t\t\t\t\t\t<p class=\"elementor-icon-box-description\">\n\t\t\t\t\t\tsales@wuxisunway.com\t\t\t\t\t<\/p>\n\t\t\t\t\n\t\t\t<\/div>\n\t\t\t\n\t\t<\/div>\n\t\t\t\t\t\t<\/div>\n\t\t\t\t<\/div>\n\t\t\t\t\t<\/div>\n\t\t<\/div>\n\t\t\t\t<div class=\"elementor-column elementor-col-25 elementor-top-column elementor-element elementor-element-99cb971\" data-id=\"99cb971\" data-element_type=\"column\" data-e-type=\"column\" data-settings=\"{&quot;background_background&quot;:&quot;classic&quot;}\">\n\t\t\t<div class=\"elementor-widget-wrap elementor-element-populated\">\n\t\t\t\t\t\t<div class=\"elementor-element elementor-element-4e884454 elementor-view-stacked elementor-shape-circle elementor-position-block-start elementor-mobile-position-block-start elementor-widget elementor-widget-icon-box\" data-id=\"4e884454\" data-element_type=\"widget\" data-e-type=\"widget\" data-widget_type=\"icon-box.default\">\n\t\t\t\t<div class=\"elementor-widget-container\">\n\t\t\t\t\t\t\t<div class=\"elementor-icon-box-wrapper\">\n\n\t\t\t\t\t\t<div class=\"elementor-icon-box-icon\">\n\t\t\t\t<span  class=\"elementor-icon\">\n\t\t\t\t<svg xmlns=\"http:\/\/www.w3.org\/2000\/svg\" xmlns:xlink=\"http:\/\/www.w3.org\/1999\/xlink\" class=\"icon\" viewbox=\"0 0 1024 1024\" width=\"48\" height=\"48\"><defs><style type=\"text\/css\">@font-face { font-family: feedback-iconfont; src: url(\"\/\/at.alicdn.com\/t\/font_1031158_u69w8yhxdu.woff2?t=1630033759944\") format(\"woff2\"), url(\"\/\/at.alicdn.com\/t\/font_1031158_u69w8yhxdu.woff?t=1630033759944\") format(\"woff\"), url(\"\/\/at.alicdn.com\/t\/font_1031158_u69w8yhxdu.ttf?t=1630033759944\") format(\"truetype\"); }<\/style><\/defs><path d=\"M938.666667 279.466667a538.026667 538.026667 0 0 0-4.266667-55.04 183.04 183.04 0 0 0-15.786667-46.08 156.16 156.16 0 0 0-30.293333-42.666667 166.826667 166.826667 0 0 0-42.666667-30.293333 182.613333 182.613333 0 0 0-46.08-15.36A435.626667 435.626667 0 0 0 744.96 85.333333H279.466667a538.026667 538.026667 0 0 0-55.04 4.266667 183.04 183.04 0 0 0-46.08 15.786667 156.16 156.16 0 0 0-42.666667 30.293333 166.826667 166.826667 0 0 0-30.293333 42.666667 182.613333 182.613333 0 0 0-15.36 46.08A435.626667 435.626667 0 0 0 85.333333 279.04V744.533333a538.026667 538.026667 0 0 0 4.266667 55.04 183.04 183.04 0 0 0 15.786667 46.08 156.16 156.16 0 0 0 30.293333 42.666667 166.826667 166.826667 0 0 0 42.666667 30.293333 182.613333 182.613333 0 0 0 46.08 15.36 435.626667 435.626667 0 0 0 54.613333 4.693334h465.493333a538.026667 538.026667 0 0 0 55.04-4.266667 183.04 183.04 0 0 0 46.08-15.786667 156.16 156.16 0 0 0 42.666667-30.293333 166.826667 166.826667 0 0 0 30.293333-42.666667 182.613333 182.613333 0 0 0 15.36-46.08 435.626667 435.626667 0 0 0 4.693334-54.613333V302.08v-22.613333zM521.813333 810.666667a303.786667 303.786667 0 0 1-146.346666-38.4l-162.133334 42.666666 42.666667-158.72a303.36 303.36 0 0 1-42.666667-152.746666 306.346667 306.346667 0 1 1 308.48 307.2z m0-560.213334A256 256 0 0 0 306.346667 640l5.973333 9.813333-25.6 93.44L384 716.8l9.386667 5.546667a256 256 0 0 0 128 35.413333 256 256 0 0 0 256-256 256 256 0 0 0-256-256z m149.333334 363.52a77.653333 77.653333 0 0 1-51.626667 36.266667 99.413333 99.413333 0 0 1-47.786667-2.986667 379.733333 379.733333 0 0 1-42.666666-16.213333 341.333333 341.333333 0 0 1-130.56-115.2 148.48 148.48 0 0 1-31.146667-78.933333 85.333333 85.333333 0 0 1 26.88-64 27.733333 27.733333 0 0 1 20.48-9.386667H426.666667c4.693333 0 11.093333 0 17.066666 13.226667s21.76 52.906667 23.893334 56.746666a14.506667 14.506667 0 0 1 0 13.226667 48.64 48.64 0 0 1-7.68 12.8c-3.84 4.693333-8.106667 10.24-11.52 13.653333s-7.68 7.68-3.413334 15.36a237.226667 237.226667 0 0 0 42.666667 52.906667 213.333333 213.333333 0 0 0 61.44 37.973333c7.68 3.84 12.373333 3.413333 16.64 0s19.2-22.186667 24.32-29.866666 10.24-6.4 17.066667-3.84 44.8 20.906667 52.48 24.746666 12.373333 5.546667 14.506666 8.96a66.56 66.56 0 0 1-2.986666 33.28z\" fill=\"#ffffff\"><\/path><\/svg>\t\t\t\t<\/span>\n\t\t\t<\/div>\n\t\t\t\n\t\t\t\t\t\t<div class=\"elementor-icon-box-content\">\n\n\t\t\t\t\t\t\t\t\t<h3 class=\"elementor-icon-box-title\">\n\t\t\t\t\t\t<span  >\n\t\t\t\t\t\t\tWhatsApp\t\t\t\t\t\t<\/span>\n\t\t\t\t\t<\/h3>\n\t\t\t\t\n\t\t\t\t\t\t\t\t\t<p class=\"elementor-icon-box-description\">\n\t\t\t\t\t\t+86-13616182007\t\t\t\t\t<\/p>\n\t\t\t\t\n\t\t\t<\/div>\n\t\t\t\n\t\t<\/div>\n\t\t\t\t\t\t<\/div>\n\t\t\t\t<\/div>\n\t\t\t\t\t<\/div>\n\t\t<\/div>\n\t\t\t\t<div class=\"elementor-column elementor-col-25 elementor-top-column elementor-element elementor-element-6364daa2\" data-id=\"6364daa2\" data-element_type=\"column\" data-e-type=\"column\" data-settings=\"{&quot;background_background&quot;:&quot;classic&quot;}\">\n\t\t\t<div class=\"elementor-widget-wrap elementor-element-populated\">\n\t\t\t\t\t\t<div class=\"elementor-element elementor-element-179cef8f elementor-view-stacked elementor-shape-circle elementor-position-block-start elementor-mobile-position-block-start elementor-widget elementor-widget-icon-box\" data-id=\"179cef8f\" data-element_type=\"widget\" data-e-type=\"widget\" data-widget_type=\"icon-box.default\">\n\t\t\t\t<div class=\"elementor-widget-container\">\n\t\t\t\t\t\t\t<div class=\"elementor-icon-box-wrapper\">\n\n\t\t\t\t\t\t<div class=\"elementor-icon-box-icon\">\n\t\t\t\t<span  class=\"elementor-icon\">\n\t\t\t\t<svg xmlns=\"http:\/\/www.w3.org\/2000\/svg\" xmlns:xlink=\"http:\/\/www.w3.org\/1999\/xlink\" class=\"icon\" viewbox=\"0 0 1024 1024\" width=\"48\" height=\"48\"><defs><style type=\"text\/css\">@font-face { font-family: feedback-iconfont; src: url(\"\/\/at.alicdn.com\/t\/font_1031158_u69w8yhxdu.woff2?t=1630033759944\") format(\"woff2\"), url(\"\/\/at.alicdn.com\/t\/font_1031158_u69w8yhxdu.woff?t=1630033759944\") format(\"woff\"), url(\"\/\/at.alicdn.com\/t\/font_1031158_u69w8yhxdu.ttf?t=1630033759944\") format(\"truetype\"); }<\/style><\/defs><path d=\"M497.117867 0C279.074133 0 102.4 177.152 102.4 395.605333 102.4 697.344 421.888 1024 498.346667 1024c76.526933 0 393.4208-326.724267 393.4208-628.394667C891.767467 177.152 714.9568 0 497.117867 0zm0 578.9696a181.6576 181.6576 0 0 1-181.521067-181.8624 181.6576 181.6576 0 0 1 181.521067-181.930667A181.6576 181.6576 0 0 1 678.570667 397.1072 181.6576 181.6576 0 0 1 497.117867 578.901333z\" fill=\"#ffffff\"><\/path><\/svg>\t\t\t\t<\/span>\n\t\t\t<\/div>\n\t\t\t\n\t\t\t\t\t\t<div class=\"elementor-icon-box-content\">\n\n\t\t\t\t\t\t\t\t\t<h3 class=\"elementor-icon-box-title\">\n\t\t\t\t\t\t<span  >\n\t\t\t\t\t\t\tDirecci\u00f3n\t\t\t\t\t\t<\/span>\n\t\t\t\t\t<\/h3>\n\t\t\t\t\n\t\t\t\t\t\t\t\t\t<p class=\"elementor-icon-box-description\">\n\t\t\t\t\t\tCiudad de Wuxi, provincia de Jiangsu, China\t\t\t\t\t<\/p>\n\t\t\t\t\n\t\t\t<\/div>\n\t\t\t\n\t\t<\/div>\n\t\t\t\t\t\t<\/div>\n\t\t\t\t<\/div>\n\t\t\t\t\t<\/div>\n\t\t<\/div>\n\t\t\t\t\t<\/div>\n\t\t<\/section>\n\t\t\t\t<section data-particle_enable=\"false\" data-particle-mobile-disabled=\"false\" class=\"elementor-section elementor-top-section elementor-element elementor-element-1229abea elementor-section-boxed elementor-section-height-default elementor-section-height-default\" data-id=\"1229abea\" data-element_type=\"section\" data-e-type=\"section\">\n\t\t\t\t\t\t<div class=\"elementor-container elementor-column-gap-custom\">\n\t\t\t\t\t<div class=\"elementor-column elementor-col-50 elementor-top-column elementor-element elementor-element-419cbdca\" data-id=\"419cbdca\" data-element_type=\"column\" data-e-type=\"column\">\n\t\t\t<div class=\"elementor-widget-wrap elementor-element-populated\">\n\t\t\t\t\t\t<div class=\"elementor-element elementor-element-8bb3fac elementor-widget elementor-widget-heading\" data-id=\"8bb3fac\" data-element_type=\"widget\" data-e-type=\"widget\" data-widget_type=\"heading.default\">\n\t\t\t\t<div class=\"elementor-widget-container\">\n\t\t\t\t\t<h5 class=\"elementor-heading-title elementor-size-default\">Ponerse en contacto<\/h5>\t\t\t\t<\/div>\n\t\t\t\t<\/div>\n\t\t\t\t<div class=\"elementor-element elementor-element-23c73440 elementor-widget elementor-widget-heading\" data-id=\"23c73440\" data-element_type=\"widget\" data-e-type=\"widget\" data-widget_type=\"heading.default\">\n\t\t\t\t<div class=\"elementor-widget-container\">\n\t\t\t\t\t<h2 class=\"elementor-heading-title elementor-size-default\">Obtener presupuesto &amp; <br>d\u00e9janos un mensaje\n<\/h2>\t\t\t\t<\/div>\n\t\t\t\t<\/div>\n\t\t\t\t<div class=\"elementor-element elementor-element-69695640 elementor-widget elementor-widget-text-editor\" data-id=\"69695640\" data-element_type=\"widget\" data-e-type=\"widget\" data-widget_type=\"text-editor.default\">\n\t\t\t\t<div class=\"elementor-widget-container\">\n\t\t\t\t\t\t\t\t\t<p>\u00bfTiene alguna pregunta, desea obtener la cotizaci\u00f3n m\u00e1s reciente o cualquier otro problema? D\u00e9janos un mensaje y te responderemos en un plazo de 12 a 48 horas.<\/p>\t\t\t\t\t\t\t\t<\/div>\n\t\t\t\t<\/div>\n\t\t\t\t<div class=\"elementor-element elementor-element-8b9d47a elementor-widget elementor-widget-html\" data-id=\"8b9d47a\" data-element_type=\"widget\" data-e-type=\"widget\" data-widget_type=\"html.default\">\n\t\t\t\t<div class=\"elementor-widget-container\">\n\t\t\t\t\t<iframe aria-label='Formulario de contacto de Sunway' frameborder=\"0\" allow=\"geolocation;\" style=\"height:500px;width:99%;border:none;\" src='https:\/\/formscn.zohopublic.com.cn\/easyceotech\/form\/SunwayContactForm\/formperma\/pzNRX0a0vTLnd9POzzlI5FD2DQm4WX5_ZfrCo5BuWow'><\/iframe>\t\t\t\t<\/div>\n\t\t\t\t<\/div>\n\t\t\t\t\t<\/div>\n\t\t<\/div>\n\t\t\t\t<div class=\"elementor-column elementor-col-50 elementor-top-column elementor-element elementor-element-5502d658\" data-id=\"5502d658\" data-element_type=\"column\" data-e-type=\"column\">\n\t\t\t<div class=\"elementor-widget-wrap elementor-element-populated\">\n\t\t\t\t\t\t<div class=\"elementor-element elementor-element-410a6628 elementor-widget elementor-widget-google_maps\" data-id=\"410a6628\" data-element_type=\"widget\" data-e-type=\"widget\" data-widget_type=\"google_maps.default\">\n\t\t\t\t<div class=\"elementor-widget-container\">\n\t\t\t\t\t\t\t<div class=\"elementor-custom-embed\">\n\t\t\t<iframe loading=\"lazy\"\n\t\t\t\t\tsrc=\"https:\/\/maps.google.com\/maps?q=Wuxi%20City%2C%20Jiangsu%20Province%2C%20China&#038;t=m&#038;z=10&#038;output=embed&#038;iwloc=near\"\n\t\t\t\t\ttitle=\"Ciudad de Wuxi, provincia de Jiangsu, China\"\n\t\t\t\t\taria-label=\"Ciudad de Wuxi, provincia de Jiangsu, China\"\n\t\t\t><\/iframe>\n\t\t<\/div>\n\t\t\t\t\t\t<\/div>\n\t\t\t\t<\/div>\n\t\t\t\t\t<\/div>\n\t\t<\/div>\n\t\t\t\t\t<\/div>\n\t\t<\/section>\n\t\t\t\t<\/div>","protected":false},"excerpt":{"rendered":"<p>Contacto Tel +86-13616182007 Correo electr\u00f3nico sales@wuxisunway.com WhatsApp +86-13616182007 Direcci\u00f3n Ciudad de Wuxi, provincia de Jiangsu, China P\u00f3ngase en contacto Obtenga un presupuesto y d\u00e9jenos un mensaje \u00bfTiene alguna pregunta, desea obtener el presupuesto m\u00e1s reciente o cualquier otra cuesti\u00f3n? D\u00e9jenos un mensaje, y le responderemos dentro de 12-48h.<\/p>","protected":false},"author":1,"featured_media":0,"parent":0,"menu_order":0,"comment_status":"closed","ping_status":"closed","template":"","meta":{"_acf_changed":false,"footnotes":""},"class_list":["post-155","page","type-page","status-publish","hentry"],"blocksy_meta":{"styles_descriptor":{"styles":{"desktop":"","tablet":"","mobile":""},"google_fonts":[],"version":6}},"acf":[],"_links":{"self":[{"href":"https:\/\/swforming.com\/es\/wp-json\/wp\/v2\/pages\/155","targetHints":{"allow":["GET"]}}],"collection":[{"href":"https:\/\/swforming.com\/es\/wp-json\/wp\/v2\/pages"}],"about":[{"href":"https:\/\/swforming.com\/es\/wp-json\/wp\/v2\/types\/page"}],"author":[{"embeddable":true,"href":"https:\/\/swforming.com\/es\/wp-json\/wp\/v2\/users\/1"}],"replies":[{"embeddable":true,"href":"https:\/\/swforming.com\/es\/wp-json\/wp\/v2\/comments?post=155"}],"version-history":[{"count":34,"href":"https:\/\/swforming.com\/es\/wp-json\/wp\/v2\/pages\/155\/revisions"}],"predecessor-version":[{"id":5723,"href":"https:\/\/swforming.com\/es\/wp-json\/wp\/v2\/pages\/155\/revisions\/5723"}],"wp:attachment":[{"href":"https:\/\/swforming.com\/es\/wp-json\/wp\/v2\/media?parent=155"}],"curies":[{"name":"wp","href":"https:\/\/api.w.org\/{rel}","templated":true}]}}